{"id":6548,"date":"2025-03-11T06:29:39","date_gmt":"2025-03-11T06:29:39","guid":{"rendered":"https:\/\/fmp-components.com\/product\/manufacturer-supplier-20-ton-hydraulic-telescopic-cylinder-for-sale"},"modified":"2025-03-12T06:24:11","modified_gmt":"2025-03-12T06:24:11","slug":"manufacturer-supplier-20-ton-hydraulic-telescopic-cylinder-for-sale","status":"publish","type":"product","link":"https:\/\/fmp-components.com\/es\/product\/manufacturer-supplier-20-ton-hydraulic-telescopic-cylinder-for-sale\/","title":{"rendered":"Cilindro telesc\u00f3pico hidr\u00e1ulico de 20 toneladas a la venta"},"content":{"rendered":"<h2>Cilindro telesc\u00f3pico hidr\u00e1ulico de 20 toneladas a la venta<\/h2>\n<p>Experimente la potencia y eficiencia de nuestro cilindro telesc\u00f3pico hidr\u00e1ulico de 20 toneladas, un producto de primera calidad de FMP. Este cilindro hidr\u00e1ulico multietapa es nuevo y est\u00e1 fabricado seg\u00fan las normas, lo que garantiza un rendimiento fiable y robusto para todas sus necesidades de trabajo pesado.<\/p>\n<p><img loading=\"lazy\" decoding=\"async\" class=\"alignnone  wp-image-6661\" src=\"https:\/\/fmp-components.com\/wp-content\/uploads\/2025\/03\/telescopic-hydraulic-cylinder-10.webp\" alt=\"cilindro hidr\u00e1ulico telesc\u00f3pico\" width=\"888\" height=\"888\" title=\"\" srcset=\"https:\/\/fmp-components.com\/wp-content\/uploads\/2025\/03\/telescopic-hydraulic-cylinder-10.webp 888w, https:\/\/fmp-components.com\/wp-content\/uploads\/2025\/03\/telescopic-hydraulic-cylinder-10-480x480.webp 480w\" sizes=\"(min-width: 0px) and (max-width: 480px) 480px, (min-width: 481px) 888px, 100vw\" \/><\/p>\n<h3>Caracter\u00edsticas y funcionalidad<\/h3>\n<p>El cilindro telesc\u00f3pico hidr\u00e1ulico ofrece un empuje m\u00e1ximo de 3000 toneladas y una fuerza de tiro m\u00e1xima de 20 toneladas. Est\u00e1 fabricado en acero resistente y funciona hidr\u00e1ulicamente. Es adecuado para diversas industrias, como talleres de reparaci\u00f3n de maquinaria, granjas, energ\u00eda y miner\u00eda, fabricaci\u00f3n de maquinaria y f\u00e1bricas de maquinaria.<\/p>\n<h3>Especificaciones del producto<\/h3>\n<table style=\"width: 100.077%;\" border=\"\">\n<tbody>\n<tr>\n<td style=\"width: 42.9379%;\"><i>Tama\u00f1o del orificio<\/i><\/td>\n<td style=\"width: 474.576%;\">2-6 pulgadas<\/td>\n<\/tr>\n<tr>\n<td style=\"width: 42.9379%;\"><i>Tama\u00f1o de la varilla<\/i><\/td>\n<td style=\"width: 474.576%;\">1,125-4 pulgadas<\/td>\n<\/tr>\n<tr>\n<td style=\"width: 42.9379%;\"><i>Tama\u00f1o del trazo<\/i><\/td>\n<td style=\"width: 474.576%;\">4-100 pulgadas<\/td>\n<\/tr>\n<tr>\n<td style=\"width: 42.9379%;\"><i>Tama\u00f1o del pin<\/i><\/td>\n<td style=\"width: 474.576%;\">0,5-2 pulgadas<\/td>\n<\/tr>\n<tr>\n<td style=\"width: 42.9379%;\"><i>Puertos<\/i><\/td>\n<td style=\"width: 474.576%;\">G\/SAE\/NPT\/M<\/td>\n<\/tr>\n<\/tbody>\n<\/table>\n<h3>Beneficios clave<\/h3>\n<ul>\n<li>Eficiencia energ\u00e9tica: El cilindro hidr\u00e1ulico funciona de manera eficiente, garantizando la m\u00e1xima productividad con el m\u00ednimo consumo de energ\u00eda.<\/li>\n<li>Alto rendimiento: con un empuje m\u00e1ximo de 3000 y una tracci\u00f3n de 20 toneladas, este cilindro est\u00e1 dise\u00f1ado para tareas de alto rendimiento.<\/li>\n<li>Seguridad: Dise\u00f1ado teniendo en cuenta la seguridad, el cilindro hidr\u00e1ulico est\u00e1 construido con materiales duraderos que pueden soportar alta presi\u00f3n.<\/li>\n<\/ul>\n<h2>Sistema hidr\u00e1ulico y principio de funcionamiento<\/h2>\n<p>El cilindro telesc\u00f3pico hidr\u00e1ulico funciona convirtiendo eficazmente la energ\u00eda hidr\u00e1ulica en movimiento mec\u00e1nico. El proceso comienza cuando una bomba presuriza el fluido hidr\u00e1ulico, lo que genera una fuerza considerable. Este fluido presurizado se dirige al cilindro telesc\u00f3pico, donde act\u00faa sobre el pist\u00f3n o pistones internos. Al entrar en el cilindro, genera presi\u00f3n que extiende sus secciones internas, permitiendo un movimiento lineal considerable. Este dise\u00f1o \u00fanico permite que el cilindro hidr\u00e1ulico alcance impresionantes longitudes de extensi\u00f3n, manteniendo un tama\u00f1o compacto cuando est\u00e1 retra\u00eddo.<\/p>\n<p>La capacidad de convertir la energ\u00eda hidr\u00e1ulica en movimiento mec\u00e1nico hace que los cilindros telesc\u00f3picos sean indispensables en diversas aplicaciones. La fuerza generada por el fluido presurizado se puede controlar con precisi\u00f3n, lo que permite a los operadores lograr movimientos suaves y precisos. Esta capacidad es crucial en entornos donde se requiere un posicionamiento preciso y una elevaci\u00f3n potente, lo que convierte a los cilindros telesc\u00f3picos hidr\u00e1ulicos en un componente vital de la maquinaria y los equipos modernos.<\/p>\n<h3>Aplicaci\u00f3n del cilindro hidr\u00e1ulico<\/h3>\n<p>El cilindro hidr\u00e1ulico se utiliza ampliamente en diversas industrias, como la fabricaci\u00f3n y reparaci\u00f3n de maquinaria, la agricultura, la energ\u00eda y la miner\u00eda. En este sector, facilita la elevaci\u00f3n y el posicionamiento de equipos pesados, agilizando las tareas de mantenimiento y mejorando la eficiencia operativa general. Su robusta construcci\u00f3n garantiza su resistencia a las exigentes condiciones t\u00edpicas de estos entornos.<\/p>\n<p>En el sector agr\u00edcola, los cilindros hidr\u00e1ulicos son esenciales para operar diversos tipos de maquinaria, como tractores y cargadoras. Permiten acciones como levantar, inclinar y descargar materiales, mejorando significativamente la productividad y la eficiencia en las explotaciones agr\u00edcolas. La capacidad de realizar estas tareas con precisi\u00f3n es vital para optimizar las operaciones agr\u00edcolas y garantizar la finalizaci\u00f3n puntual de las tareas.<\/p>\n<p>En las industrias energ\u00e9tica y minera, los cilindros hidr\u00e1ulicos desempe\u00f1an un papel crucial en aplicaciones como perforaci\u00f3n, excavaci\u00f3n y manipulaci\u00f3n de materiales. Su capacidad para generar una fuerza considerable los hace id\u00f3neos para las rigurosas exigencias de estos sectores, donde la fiabilidad y el rendimiento son primordiales. Ya sea para elevar cargas pesadas o controlar maquinaria, los cilindros hidr\u00e1ulicos proporcionan la potencia y la precisi\u00f3n necesarias para afrontar los retos de la industria.<\/p>\n<h2>Cilindros hidr\u00e1ulicos y unidades de potencia<\/h2>\n<p>Los cilindros hidr\u00e1ulicos y las unidades de potencia son componentes integrales de los sistemas hidr\u00e1ulicos y trabajan conjuntamente para garantizar la aplicaci\u00f3n eficaz de la tecnolog\u00eda hidr\u00e1ulica en entornos industriales. El cilindro hidr\u00e1ulico act\u00faa como actuador, convirtiendo la energ\u00eda hidr\u00e1ulica en movimiento mec\u00e1nico, mientras que la unidad de potencia act\u00faa como fuente de energ\u00eda, generando la presi\u00f3n y el caudal necesarios para el funcionamiento del sistema.<\/p>\n<p>Esta funci\u00f3n colaborativa es esencial para proporcionar un soporte de potencia y control fiable para diversos equipos de ingenier\u00eda y mec\u00e1nicos. La unidad de potencia suele constar de una bomba hidr\u00e1ulica, un motor, un dep\u00f3sito y v\u00e1lvulas de control, que trabajan en sinton\u00eda para mantener una presi\u00f3n y un caudal \u00f3ptimos. Al garantizar que los cilindros hidr\u00e1ulicos reciban la cantidad adecuada de fluido presurizado, la unidad de potencia mejora el rendimiento y la eficiencia general del sistema hidr\u00e1ulico.<\/p>\n<p>En FMP, reconocemos la importancia de esta sinergia y ofrecemos una amplia gama de unidades de potencia. Nuestras soluciones est\u00e1n dise\u00f1adas para satisfacer todas las necesidades de su sistema hidr\u00e1ulico, permiti\u00e9ndole lograr un rendimiento \u00f3ptimo en sus aplicaciones. Con un compromiso con la calidad y la fiabilidad, garantizamos que nuestros cilindros hidr\u00e1ulicos y unidades de potencia funcionen a la perfecci\u00f3n para ofrecer el rendimiento y la eficiencia que necesita en sus operaciones.<\/p>\n<p><img loading=\"lazy\" decoding=\"async\" class=\"alignnone  wp-image-6662\" src=\"https:\/\/fmp-components.com\/wp-content\/uploads\/2025\/03\/telescopic-hydraulic-cylinder-4.webp\" alt=\"cilindro hidr\u00e1ulico telesc\u00f3pico\" width=\"999\" height=\"999\" title=\"\" srcset=\"https:\/\/fmp-components.com\/wp-content\/uploads\/2025\/03\/telescopic-hydraulic-cylinder-4.webp 999w, https:\/\/fmp-components.com\/wp-content\/uploads\/2025\/03\/telescopic-hydraulic-cylinder-4-480x480.webp 480w\" sizes=\"(min-width: 0px) and (max-width: 480px) 480px, (min-width: 481px) 999px, 100vw\" \/><\/p>\n<h2>Preguntas frecuentes<\/h2>\n<p><span>P: \u00bfEs usted una empresa comercial o un fabricante?<\/span><br \/>\n<span>A: Somos un fabricante.<\/span><br \/>\n<span>P: \u00bfCu\u00e1nto tiempo dura el env\u00edo?<\/span><br \/>\n<span>R: Generalmente son entre 25 y 35 d\u00edas.<\/span><br \/>\n<span>P: \u00bfOfrecen muestras? \u00bfSon gratuitas o tienen un costo adicional?<\/span><br \/>\n<span>R: S\u00ed, podr\u00edamos ofrecer la muestra, pero no es gratis.<\/span>&#8221;<\/p>\n<h3>Acerca de FMP<\/h3>\n<p>FMP es un fabricante italiano de primer nivel, reconocido por el dise\u00f1o, desarrollo y producci\u00f3n de cilindros hidr\u00e1ulicos de alta calidad. Con d\u00e9cadas de experiencia, combinamos la artesan\u00eda tradicional italiana con tecnolog\u00eda avanzada para ofrecer soluciones hidr\u00e1ulicas excepcionales, adaptadas a las diversas necesidades de nuestra clientela global. Ubicada en Italia, un centro de excelencia en ingenier\u00eda, FMP se ha consolidado como una marca de confianza en la industria hidr\u00e1ulica, dedicada a proporcionar productos fiables, duraderos e innovadores que impulsan a empresas de todo el mundo.<\/p>\n<p>Combinamos lo mejor de la fabricaci\u00f3n avanzada con un enfoque vanguardista. Gracias a nuestra amplia experiencia en sistemas hidr\u00e1ulicos, FMP se ha transformado en una empresa moderna que destaca en investigaci\u00f3n, dise\u00f1o y producci\u00f3n. Nos especializamos en una amplia gama de cilindros hidr\u00e1ulicos, como cilindros de doble efecto, cilindros de elevaci\u00f3n para automoci\u00f3n, cilindros para maquinaria agr\u00edcola y soluciones personalizadas para diversas aplicaciones industriales. Dise\u00f1ados para funcionar en las condiciones m\u00e1s exigentes, nuestros cilindros hidr\u00e1ulicos garantizan seguridad, eficiencia y durabilidad en sectores como la construcci\u00f3n, las instalaciones industriales, la agricultura y la maquinaria pesada.<\/p>\n<p>En FMP, nos enorgullecemos de nuestras instalaciones de producci\u00f3n de vanguardia, equipadas con maquinaria de precisi\u00f3n y sistemas de prueba avanzados. Nuestros procesos de fabricaci\u00f3n cumplen con rigurosos est\u00e1ndares nacionales e internacionales, garantizando que cada cilindro hidr\u00e1ulico que sale de nuestra f\u00e1brica cumpla con los m\u00e1s altos est\u00e1ndares de calidad y fiabilidad. Nuestro equipo t\u00e9cnico cualificado, junto con equipos de vanguardia, nos permite mantener un riguroso control de calidad en cada etapa de la producci\u00f3n, desde la selecci\u00f3n de la materia prima hasta la inspecci\u00f3n final. Este compromiso con la excelencia nos ha valido certificaciones y reconocimientos de las autoridades del sector, lo que refuerza nuestra reputaci\u00f3n como socio confiable.<\/p>\n<p><img loading=\"lazy\" decoding=\"async\" class=\"alignnone size-full wp-image-6720\" src=\"https:\/\/fmp-components.com\/wp-content\/uploads\/2025\/03\/hydraulic-cylinder-8.webp\" alt=\"Cilindros hidr\u00e1ulicos telesc\u00f3picos\" width=\"933\" height=\"526\" title=\"\" srcset=\"https:\/\/fmp-components.com\/wp-content\/uploads\/2025\/03\/hydraulic-cylinder-8.webp 933w, https:\/\/fmp-components.com\/wp-content\/uploads\/2025\/03\/hydraulic-cylinder-8-480x271.webp 480w\" sizes=\"(min-width: 0px) and (max-width: 480px) 480px, (min-width: 481px) 933px, 100vw\" \/><\/p>\n<p>Nuestra misi\u00f3n es simple y ambiciosa: proporcionar cilindros hidr\u00e1ulicos que superen las expectativas en rendimiento, durabilidad y valor. Guiados por principios de profesionalismo, integridad y orientaci\u00f3n al cliente, fomentamos una cultura de innovaci\u00f3n y precisi\u00f3n, perfeccionando continuamente nuestros productos para mantenernos a la vanguardia en un mercado competitivo. Con una amplia gama de productos y la capacidad de ofrecer soluciones a medida, somos la opci\u00f3n preferida de las empresas que buscan cilindros hidr\u00e1ulicos de alto rendimiento.<\/p>\n<p>FMP es m\u00e1s que un simple fabricante; somos un socio clave para su \u00e9xito. Reconocemos que nuestros clientes conf\u00edan en nosotros para ofrecerles herramientas que mejoren su productividad y seguridad. Por ello, nos comprometemos a ofrecer no solo productos de primera calidad, sino tambi\u00e9n un servicio excepcional. Desde la consulta inicial hasta el soporte posventa, colaboramos estrechamente con nuestros clientes para garantizar que sus necesidades se satisfagan con profesionalismo y esmero. Nuestros precios competitivos, combinados con nuestro firme compromiso con la calidad, hacen de FMP la opci\u00f3n inteligente para las empresas que buscan invertir en soluciones hidr\u00e1ulicas confiables.<\/p>","protected":false},"excerpt":{"rendered":"<p>Manufacturer Supplier 20 Ton Hydraulic Telescopic Cylinder for Sale Experience the power and efficiency of our 20 Ton Hydraulic Telescopic Cylinder, a top-notch product From FMP. This multistage hydraulic cylinder is new and built to standard, ensuring reliable and robust performance for all your heavy-duty needs. Features and Functionality The hydraulic telescopic cylinder boasts of [&hellip;]<\/p>","protected":false},"featured_media":6740,"comment_status":"closed","ping_status":"closed","template":"","meta":{"_et_pb_use_builder":"","_et_pb_old_content":"","_et_gb_content_width":""},"product_brand":[],"product_cat":[103],"product_tag":[34,105],"class_list":{"0":"post-6548","1":"product","2":"type-product","3":"status-publish","4":"has-post-thumbnail","6":"product_cat-telescopic-hydraulic-cylinders","7":"product_tag-hydraulic-cylinder","8":"product_tag-telescopic-hydraulic-cylinders","10":"first","11":"instock","12":"product-type-simple"},"_links":{"self":[{"href":"https:\/\/fmp-components.com\/es\/wp-json\/wp\/v2\/product\/6548","targetHints":{"allow":["GET"]}}],"collection":[{"href":"https:\/\/fmp-components.com\/es\/wp-json\/wp\/v2\/product"}],"about":[{"href":"https:\/\/fmp-components.com\/es\/wp-json\/wp\/v2\/types\/product"}],"replies":[{"embeddable":true,"href":"https:\/\/fmp-components.com\/es\/wp-json\/wp\/v2\/comments?post=6548"}],"wp:featuredmedia":[{"embeddable":true,"href":"https:\/\/fmp-components.com\/es\/wp-json\/wp\/v2\/media\/6740"}],"wp:attachment":[{"href":"https:\/\/fmp-components.com\/es\/wp-json\/wp\/v2\/media?parent=6548"}],"wp:term":[{"taxonomy":"product_brand","embeddable":true,"href":"https:\/\/fmp-components.com\/es\/wp-json\/wp\/v2\/product_brand?post=6548"},{"taxonomy":"product_cat","embeddable":true,"href":"https:\/\/fmp-components.com\/es\/wp-json\/wp\/v2\/product_cat?post=6548"},{"taxonomy":"product_tag","embeddable":true,"href":"https:\/\/fmp-components.com\/es\/wp-json\/wp\/v2\/product_tag?post=6548"}],"curies":[{"name":"gracias","href":"https:\/\/api.w.org\/{rel}","templated":true}]}}