{"id":6545,"date":"2025-03-11T06:28:19","date_gmt":"2025-03-11T06:28:19","guid":{"rendered":"https:\/\/fmp-components.com\/product\/chinese-factory-dump-truck-hydraulic-cylinders-multistage-hydraulic-cylinder-for-sale"},"modified":"2025-03-18T02:11:48","modified_gmt":"2025-03-18T02:11:48","slug":"italian-factory-dump-truck-hydraulic-cylinders-multistage-hydraulic-cylinder-for-sale","status":"publish","type":"product","link":"https:\/\/fmp-components.com\/es\/product\/italian-factory-dump-truck-hydraulic-cylinders-multistage-hydraulic-cylinder-for-sale\/","title":{"rendered":"Cilindros hidr\u00e1ulicos multietapa para camiones volquete de f\u00e1brica italiana en venta"},"content":{"rendered":"<h2>Cilindros hidr\u00e1ulicos multietapa para camiones volquete de f\u00e1brica italiana en venta<\/h2>\n<p>Le presentamos nuestros cilindros hidr\u00e1ulicos multietapa de alta gama para camiones volquete, fabricados en Italia. Dise\u00f1ados por expertos y vers\u00e1tiles, nuestros cilindros hidr\u00e1ulicos est\u00e1n dise\u00f1ados para satisfacer las exigencias de servicio pesado de diversas industrias.<\/p>\n<h3>Caracter\u00edsticas y funciones<\/h3>\n<p>Nuestro cilindro hidr\u00e1ulico multietapa es indispensable en talleres de reparaci\u00f3n de maquinaria, granjas, sectores energ\u00e9tico y minero, fabricaci\u00f3n de maquinaria y f\u00e1bricas de maquinaria. Es un cilindro de \u00e9mbolo est\u00e1ndar accionado hidr\u00e1ulicamente, lo que garantiza un funcionamiento suave y eficiente.<\/p>\n<p><img loading=\"lazy\" decoding=\"async\" class=\"alignnone wp-image-6658\" src=\"https:\/\/fmp-components.com\/wp-content\/uploads\/2025\/03\/telescopic-hydraulic-cylinder-6.webp\" alt=\"cilindro hidr\u00e1ulico telesc\u00f3pico\" width=\"929\" height=\"929\" title=\"\" srcset=\"https:\/\/fmp-components.com\/wp-content\/uploads\/2025\/03\/telescopic-hydraulic-cylinder-6.webp 929w, https:\/\/fmp-components.com\/wp-content\/uploads\/2025\/03\/telescopic-hydraulic-cylinder-6-480x480.webp 480w\" sizes=\"(min-width: 0px) and (max-width: 480px) 480px, (min-width: 481px) 929px, 100vw\" \/><\/p>\n<h3>Especificaciones t\u00e9cnicas<\/h3>\n<p>Nuestro cilindro hidr\u00e1ulico cuenta con las siguientes caracter\u00edsticas:<\/p>\n<table style=\"width: 101.731%; height: 112px;\" border=\"\">\n<tbody>\n<tr>\n<td colspan=\"\" rowspan=\"\"><i>Tama\u00f1o del orificio<\/i><\/td>\n<td colspan=\"\" rowspan=\"\">2-6 pulgadas<\/td>\n<\/tr>\n<tr>\n<td colspan=\"\" rowspan=\"\"><i>Tama\u00f1o de la varilla<\/i><\/td>\n<td colspan=\"\" rowspan=\"\">1,125-4 pulgadas<\/td>\n<\/tr>\n<tr>\n<td colspan=\"\" rowspan=\"\"><i>Tama\u00f1o del trazo<\/i><\/td>\n<td colspan=\"\" rowspan=\"\">4-100 pulgadas<\/td>\n<\/tr>\n<tr>\n<td colspan=\"\" rowspan=\"\"><i>Tama\u00f1o del pin<\/i><\/td>\n<td colspan=\"\" rowspan=\"\">0,5-2 pulgadas<\/td>\n<\/tr>\n<tr>\n<td colspan=\"\" rowspan=\"\"><i>Puertos<\/i><\/td>\n<td colspan=\"\" rowspan=\"\">G\/SAE\/NPT\/M<\/td>\n<\/tr>\n<\/tbody>\n<\/table>\n<h2>Ventajas \u00fanicas<\/h2>\n<h3>Eficiente energ\u00e9ticamente<\/h3>\n<p>Nuestros cilindros hidr\u00e1ulicos est\u00e1n dise\u00f1ados pensando en la eficiencia energ\u00e9tica. Maximizan el uso del fluido hidr\u00e1ulico para generar una fuerza significativa y minimizan el consumo de energ\u00eda. Esto no solo reduce los costos operativos, sino que tambi\u00e9n contribuye a la sostenibilidad ambiental al disminuir la huella de carbono asociada a las operaciones industriales. Al optimizar el uso de energ\u00eda, nuestros cilindros garantizan que las empresas puedan alcanzar sus objetivos operativos sin desperdicios innecesarios.<\/p>\n<h3>Altamente eficiente<\/h3>\n<p>Adem\u00e1s de ser energ\u00e9ticamente eficientes, nuestros cilindros hidr\u00e1ulicos est\u00e1n dise\u00f1ados para un alto rendimiento. Ofrecen tiempos de respuesta r\u00e1pidos y un control preciso, lo que permite un funcionamiento fluido y eficaz en una amplia gama de aplicaciones. Esta eficiencia se traduce en una mayor productividad, ya que las tareas se pueden completar con mayor rapidez y precisi\u00f3n. Nuestros cilindros hidr\u00e1ulicos est\u00e1n dise\u00f1ados para soportar condiciones exigentes, garantizando un rendimiento fiable incluso en los entornos m\u00e1s exigentes.<\/p>\n<h3>Seguro y confiable<\/h3>\n<p>La seguridad y la fiabilidad son fundamentales en las aplicaciones industriales, y nuestros cilindros hidr\u00e1ulicos est\u00e1n dise\u00f1ados para cumplir con estos est\u00e1ndares cr\u00edticos. Se fabrican con materiales de alta calidad y t\u00e9cnicas de ingenier\u00eda avanzadas, lo que garantiza su durabilidad y longevidad. Adem\u00e1s, cada cilindro se somete a rigurosas pruebas para garantizar su resistencia a altas presiones y cargas pesadas sin fallos. Este compromiso con la seguridad significa que nuestros clientes pueden operar su maquinaria con confianza, sabiendo que nuestras soluciones hidr\u00e1ulicas funcionar\u00e1n de forma fiable.<\/p>\n<p><img loading=\"lazy\" decoding=\"async\" class=\"alignnone wp-image-6657\" src=\"https:\/\/fmp-components.com\/wp-content\/uploads\/2025\/03\/telescopic-hydraulic-cylinder-3.webp\" alt=\"cilindro hidr\u00e1ulico telesc\u00f3pico\" width=\"904\" height=\"904\" title=\"\" srcset=\"https:\/\/fmp-components.com\/wp-content\/uploads\/2025\/03\/telescopic-hydraulic-cylinder-3.webp 904w, https:\/\/fmp-components.com\/wp-content\/uploads\/2025\/03\/telescopic-hydraulic-cylinder-3-480x480.webp 480w\" sizes=\"(min-width: 0px) and (max-width: 480px) 480px, (min-width: 481px) 904px, 100vw\" \/><\/p>\n<h2>Sistema hidr\u00e1ulico y principio de funcionamiento<\/h2>\n<p>Nuestro cilindro hidr\u00e1ulico funciona seg\u00fan el principio de la ley de Pascal, que afirma que cualquier cambio de presi\u00f3n en un punto de un fluido incompresible confinado se transmite uniformemente a todo el fluido. Este principio fundamental permite que el cilindro hidr\u00e1ulico genere movimiento lineal y fuerza de forma eficaz. Cuando el fluido hidr\u00e1ulico se presuriza, crea una fuerza que mueve el pist\u00f3n dentro del cilindro, convirtiendo la energ\u00eda hidr\u00e1ulica en movimiento mec\u00e1nico. Esta eficiente conversi\u00f3n permite potentes acciones de elevaci\u00f3n y empuje, lo que hace que los sistemas hidr\u00e1ulicos sean ampliamente aplicables en diversas industrias.<\/p>\n<h2>Cilindros hidr\u00e1ulicos y unidades de potencia<\/h2>\n<p>Los cilindros hidr\u00e1ulicos y las unidades de potencia son componentes integrales de cualquier sistema hidr\u00e1ulico. Su sinergia es esencial para la aplicaci\u00f3n generalizada de la tecnolog\u00eda hidr\u00e1ulica en el sector industrial, proporcionando potencia y control fiables para diversos equipos de ingenier\u00eda y mec\u00e1nicos.<\/p>\n<p>El cilindro hidr\u00e1ulico act\u00faa como actuador, responsable de convertir la energ\u00eda hidr\u00e1ulica en movimiento mec\u00e1nico. Est\u00e1 dise\u00f1ado para realizar diversas tareas, desde levantar cargas pesadas hasta movimientos precisos de maquinaria. Por otro lado, la unidad de potencia es el coraz\u00f3n del sistema hidr\u00e1ulico, generando la energ\u00eda necesaria para impulsar el fluido hidr\u00e1ulico y garantizar el funcionamiento eficiente del sistema.<\/p>\n<p>En FMP, reconocemos la importancia de estos componentes y nos enorgullece ofrecer unidades de potencia de alta calidad. Al proporcionar tanto cilindros hidr\u00e1ulicos como unidades de potencia, permitimos a nuestros clientes crear sistemas hidr\u00e1ulicos totalmente integrados que optimizan las capacidades operativas. Este enfoque integral permite a las empresas aprovechar las ventajas de la tecnolog\u00eda hidr\u00e1ulica, garantizando la eficiencia, la seguridad y el rendimiento de sus operaciones.<\/p>\n<p><img loading=\"lazy\" decoding=\"async\" class=\"alignnone wp-image-6656\" src=\"https:\/\/fmp-components.com\/wp-content\/uploads\/2025\/03\/telescopic-hydraulic-cylinder-5.webp\" alt=\"cilindro hidr\u00e1ulico telesc\u00f3pico\" width=\"895\" height=\"895\" title=\"\" srcset=\"https:\/\/fmp-components.com\/wp-content\/uploads\/2025\/03\/telescopic-hydraulic-cylinder-5.webp 895w, https:\/\/fmp-components.com\/wp-content\/uploads\/2025\/03\/telescopic-hydraulic-cylinder-5-480x480.webp 480w\" sizes=\"(min-width: 0px) and (max-width: 480px) 480px, (min-width: 481px) 895px, 100vw\" \/><\/p>\n<h2>Preguntas frecuentes<\/h2>\n<p>P: \u00bfEs usted una empresa comercial o un fabricante?<br \/>\nA: Somos un fabricante.<br \/>\n<img alt=\"\" \/><br \/>\nP: \u00bfCu\u00e1l es su tiempo de entrega?<br \/>\nR: Generalmente son entre 25 y 35 d\u00edas.<br \/>\nP: \u00bfOfrecen muestras? \u00bfSon gratuitas o tienen un costo adicional?<br \/>\nR: S\u00ed, ofrecemos muestras, pero no son gratuitas.<\/p>\n<h3>Acerca de FMP<\/h3>\n<p>FMP es un fabricante italiano de primer nivel especializado en el dise\u00f1o, desarrollo y producci\u00f3n de cilindros hidr\u00e1ulicos de alta calidad. Con d\u00e9cadas de experiencia, combinamos a la perfecci\u00f3n la artesan\u00eda italiana con tecnolog\u00eda de vanguardia, ofreciendo soluciones hidr\u00e1ulicas excepcionales adaptadas a las diversas necesidades de nuestra clientela global. Ubicada en Italia, epicentro de la excelencia en ingenier\u00eda, FMP se ha consolidado como una marca de confianza en la industria hidr\u00e1ulica, dedicada a proporcionar productos fiables, duraderos e innovadores que impulsan a empresas de todo el mundo.<\/p>\n<p>Nuestra empresa integra una tradici\u00f3n de fabricaci\u00f3n avanzada con un enfoque innovador. Gracias a nuestra amplia experiencia en sistemas hidr\u00e1ulicos, FMP se ha transformado en una empresa moderna que destaca en investigaci\u00f3n, dise\u00f1o y producci\u00f3n. Ofrecemos una amplia gama de cilindros hidr\u00e1ulicos, incluyendo cilindros de doble efecto, cilindros de elevaci\u00f3n para automoci\u00f3n, cilindros para maquinaria agr\u00edcola y soluciones personalizadas para diversas aplicaciones industriales. Independientemente del sector \u2014ya sea construcci\u00f3n, instalaciones industriales, agricultura o maquinaria pesada\u2014, nuestros cilindros hidr\u00e1ulicos est\u00e1n dise\u00f1ados para funcionar en las condiciones m\u00e1s exigentes, garantizando seguridad, eficiencia y durabilidad.<\/p>\n<p><img loading=\"lazy\" decoding=\"async\" class=\"alignnone size-full wp-image-6720\" src=\"https:\/\/fmp-components.com\/wp-content\/uploads\/2025\/03\/hydraulic-cylinder-8.webp\" alt=\"Cilindros hidr\u00e1ulicos telesc\u00f3picos\" width=\"933\" height=\"526\" title=\"\" srcset=\"https:\/\/fmp-components.com\/wp-content\/uploads\/2025\/03\/hydraulic-cylinder-8.webp 933w, https:\/\/fmp-components.com\/wp-content\/uploads\/2025\/03\/hydraulic-cylinder-8-480x271.webp 480w\" sizes=\"(min-width: 0px) and (max-width: 480px) 480px, (min-width: 481px) 933px, 100vw\" \/><\/p>\n<p>En FMP, nos enorgullecemos de nuestras instalaciones de producci\u00f3n de vanguardia, equipadas con maquinaria de precisi\u00f3n y sistemas de prueba avanzados. Nuestros procesos de fabricaci\u00f3n cumplen rigurosos est\u00e1ndares nacionales e internacionales, lo que garantiza que cada cilindro hidr\u00e1ulico producido sea de la m\u00e1s alta calidad y fiabilidad. Nuestro equipo t\u00e9cnico cualificado, junto con equipos de vanguardia, nos permite mantener un riguroso control de calidad en cada etapa de la producci\u00f3n, desde la selecci\u00f3n de la materia prima hasta la inspecci\u00f3n final. Este compromiso con la excelencia nos ha valido certificaciones y el reconocimiento de las autoridades del sector, consolidando a\u00fan m\u00e1s nuestra reputaci\u00f3n como socio confiable.<\/p>\n<p>Nuestra misi\u00f3n es clara y ambiciosa: ofrecer a nuestros clientes cilindros hidr\u00e1ulicos que superen sus expectativas en rendimiento, durabilidad y valor. Operamos bajo principios fundamentales de profesionalismo, integridad y orientaci\u00f3n al cliente. Fomentando una cultura de innovaci\u00f3n y precisi\u00f3n, perfeccionamos continuamente nuestros productos para mantenernos a la vanguardia en un mercado competitivo. Nuestra amplia gama de productos y nuestra capacidad para ofrecer soluciones a medida nos convierten en la opci\u00f3n preferida de las empresas que buscan cilindros hidr\u00e1ulicos de alto rendimiento.<\/p>\n<p>FMP es m\u00e1s que un simple fabricante; somos un socio clave para su \u00e9xito. Entendemos que nuestros clientes dependen de nosotros para proporcionarles herramientas que mejoran su productividad y seguridad. Por eso, nos comprometemos no solo a ofrecer productos de primera calidad, sino tambi\u00e9n a ofrecer un servicio excepcional. Desde la consulta inicial hasta el soporte posventa, trabajamos estrechamente con nuestros clientes para garantizar que sus necesidades se satisfagan con profesionalismo y atenci\u00f3n. Nuestros precios competitivos, combinados con nuestro firme compromiso con la calidad, hacen de FMP la opci\u00f3n inteligente para las empresas que buscan invertir en soluciones hidr\u00e1ulicas confiables.<\/p>","protected":false},"excerpt":{"rendered":"<p>Italian Factory Dump Truck Hydraulic Cylinders Multistage Hydraulic Cylinder For Sale We present to you our top-of-the-line, Italian Factory Dump Truck Hydraulic Cylinders Multistage Hydraulic Cylinder. Expertly engineered and versatile, our hydraulic cylinder is designed to meet the heavy-duty demands of various industries. Features and Functions Our multistage hydraulic cylinder plays an indispensable role in [&hellip;]<\/p>","protected":false},"featured_media":6699,"comment_status":"closed","ping_status":"closed","template":"","meta":{"_et_pb_use_builder":"","_et_pb_old_content":"","_et_gb_content_width":""},"product_brand":[],"product_cat":[103],"product_tag":[34,105],"class_list":{"0":"post-6545","1":"product","2":"type-product","3":"status-publish","4":"has-post-thumbnail","6":"product_cat-telescopic-hydraulic-cylinders","7":"product_tag-hydraulic-cylinder","8":"product_tag-telescopic-hydraulic-cylinders","10":"first","11":"instock","12":"product-type-simple"},"_links":{"self":[{"href":"https:\/\/fmp-components.com\/es\/wp-json\/wp\/v2\/product\/6545","targetHints":{"allow":["GET"]}}],"collection":[{"href":"https:\/\/fmp-components.com\/es\/wp-json\/wp\/v2\/product"}],"about":[{"href":"https:\/\/fmp-components.com\/es\/wp-json\/wp\/v2\/types\/product"}],"replies":[{"embeddable":true,"href":"https:\/\/fmp-components.com\/es\/wp-json\/wp\/v2\/comments?post=6545"}],"wp:featuredmedia":[{"embeddable":true,"href":"https:\/\/fmp-components.com\/es\/wp-json\/wp\/v2\/media\/6699"}],"wp:attachment":[{"href":"https:\/\/fmp-components.com\/es\/wp-json\/wp\/v2\/media?parent=6545"}],"wp:term":[{"taxonomy":"product_brand","embeddable":true,"href":"https:\/\/fmp-components.com\/es\/wp-json\/wp\/v2\/product_brand?post=6545"},{"taxonomy":"product_cat","embeddable":true,"href":"https:\/\/fmp-components.com\/es\/wp-json\/wp\/v2\/product_cat?post=6545"},{"taxonomy":"product_tag","embeddable":true,"href":"https:\/\/fmp-components.com\/es\/wp-json\/wp\/v2\/product_tag?post=6545"}],"curies":[{"name":"gracias","href":"https:\/\/api.w.org\/{rel}","templated":true}]}}