{"id":6538,"date":"2025-03-11T06:28:19","date_gmt":"2025-03-11T06:28:19","guid":{"rendered":"https:\/\/fmp-components.com\/product\/high-quality-telescopic-hydraulic-cylinder-dump-truck-4-stage-hydraulic-cylinder"},"modified":"2025-10-16T06:03:21","modified_gmt":"2025-10-16T06:03:21","slug":"high-quality-telescopic-hydraulic-cylinder-dump-truck-4-stage-hydraulic-cylinder","status":"publish","type":"product","link":"https:\/\/fmp-components.com\/es\/product\/high-quality-telescopic-hydraulic-cylinder-dump-truck-4-stage-hydraulic-cylinder\/","title":{"rendered":"Cami\u00f3n volquete con cilindro hidr\u00e1ulico telesc\u00f3pico de alta calidad, cilindro hidr\u00e1ulico de 4 etapas"},"content":{"rendered":"<h2>Cami\u00f3n volquete con cilindro hidr\u00e1ulico telesc\u00f3pico de 4 etapas<\/h2>\n<p>Presentamos nuestro cilindro hidr\u00e1ulico telesc\u00f3pico de primera calidad para camiones volquete, un nuevo producto de 2025 que garantiza alta eficiencia y un rendimiento confiable. Este robusto cilindro hidr\u00e1ulico multietapa est\u00e1 dise\u00f1ado en tama\u00f1os est\u00e1ndar y construido para ofrecer una potencia considerable. Fabricado con un cuerpo de acero de alta calidad, este cilindro hidr\u00e1ulico proporciona un empuje m\u00e1ximo de 3000 y una tracci\u00f3n m\u00e1xima de 20 toneladas.<\/p>\n<h3>Especificaciones t\u00e9cnicas<\/h3>\n<table style=\"width: 95.7264%;\" border=\"\">\n<tbody>\n<tr>\n<td style=\"width: 41.5179%;\">Nombre del producto<\/td>\n<td style=\"width: 353.571%;\">Cilindro telesc\u00f3pico<\/td>\n<\/tr>\n<tr>\n<td style=\"width: 41.5179%;\">Proceso de dar un t\u00edtulo<\/td>\n<td style=\"width: 353.571%;\">ISO9001:2000<\/td>\n<\/tr>\n<tr>\n<td style=\"width: 41.5179%;\">Tama\u00f1o del orificio<\/td>\n<td style=\"width: 353.571%;\">2-6 pulgadas<\/td>\n<\/tr>\n<tr>\n<td style=\"width: 41.5179%;\">Tama\u00f1o de la varilla<\/td>\n<td style=\"width: 353.571%;\">1,125-4 pulgadas<\/td>\n<\/tr>\n<tr>\n<td style=\"width: 41.5179%;\">Tama\u00f1o del trazo<\/td>\n<td style=\"width: 353.571%;\">4-100 pulgadas<\/td>\n<\/tr>\n<tr>\n<td style=\"width: 41.5179%;\">Tama\u00f1o del pin<\/td>\n<td style=\"width: 353.571%;\">0,5-2 pulgadas<\/td>\n<\/tr>\n<tr>\n<td style=\"width: 41.5179%;\">Puertos<\/td>\n<td style=\"width: 353.571%;\">G\/SAE\/NPT\/M<\/td>\n<\/tr>\n<\/tbody>\n<\/table>\n<h3>Caracter\u00edsticas y beneficios \u00fanicos<\/h3>\n<ul>\n<li>Eficiencia energ\u00e9tica<\/li>\n<li>Rendimiento alto<\/li>\n<li>Seguridad garantizada<\/li>\n<\/ul>\n<h2>Sistemas hidr\u00e1ulicos y principio de funcionamiento<\/h2>\n<p>Los cilindros hidr\u00e1ulicos y las unidades de potencia son componentes integrales de los sistemas hidr\u00e1ulicos. Trabajan en estrecha colaboraci\u00f3n para garantizar la amplia aplicaci\u00f3n de la tecnolog\u00eda hidr\u00e1ulica en diversas industrias, ofreciendo un soporte fiable de potencia y control para todo tipo de equipos de ingenier\u00eda y mec\u00e1nicos. El cilindro hidr\u00e1ulico, como actuador, se encarga de convertir la energ\u00eda hidr\u00e1ulica en movimiento mec\u00e1nico, transformando la presi\u00f3n en fuerza. Por su parte, la unidad de potencia act\u00faa como el n\u00facleo que suministra la energ\u00eda y las se\u00f1ales de control que requiere el sistema hidr\u00e1ulico. Su funcionamiento coordinado permite el normal funcionamiento del sistema hidr\u00e1ulico.<\/p>\n<p><img loading=\"lazy\" decoding=\"async\" class=\"alignnone wp-image-6717\" src=\"https:\/\/fmp-components.com\/wp-content\/uploads\/2025\/03\/hydraulic-cylinder-211.webp\" alt=\"Cilindros hidr\u00e1ulicos\" width=\"897\" height=\"899\" title=\"\" srcset=\"https:\/\/fmp-components.com\/wp-content\/uploads\/2025\/03\/hydraulic-cylinder-211.webp 897w, https:\/\/fmp-components.com\/wp-content\/uploads\/2025\/03\/hydraulic-cylinder-211-480x481.webp 480w\" sizes=\"(min-width: 0px) and (max-width: 480px) 480px, (min-width: 481px) 897px, 100vw\" \/><\/p>\n<h2>Aplicaciones de nuestro cilindro hidr\u00e1ulico<\/h2>\n<p>Nuestro cilindro hidr\u00e1ulico encuentra amplias aplicaciones en talleres de reparaci\u00f3n de maquinaria, granjas, sectores de energ\u00eda y miner\u00eda, fabricaci\u00f3n de maquinaria y f\u00e1bricas de maquinaria.<\/p>\n<h2>Cilindros hidr\u00e1ulicos y unidades de potencia<\/h2>\n<p>En FMP, comprendemos la inquebrantable conexi\u00f3n entre los cilindros hidr\u00e1ulicos y las unidades de potencia. Tambi\u00e9n vendemos unidades de potencia, lo que le garantiza todo lo necesario para sus sistemas hidr\u00e1ulicos.<\/p>\n<h2>Preguntas frecuentes<\/h2>\n<p><strong>P: \u00bfEs usted una empresa comercial o un fabricante?<\/strong><br \/>\nA: Somos una f\u00e1brica.<\/p>\n<p><strong>P: \u00bfCu\u00e1nto tiempo dura el env\u00edo?<\/strong><br \/>\nR: Generalmente son entre 25 y 35 d\u00edas.<\/p>\n<p><strong>P: \u00bfOfrecen muestras? \u00bfSon gratuitas o tienen un costo adicional?<\/strong><br \/>\nR: S\u00ed, podr\u00edamos ofrecer la muestra, pero no es gratis.<\/p>\n<h3>Acerca de FMP<\/h3>\n<p>FMP es un fabricante italiano de primer nivel especializado en el dise\u00f1o, desarrollo y producci\u00f3n de cilindros hidr\u00e1ulicos de alta calidad. Con d\u00e9cadas de experiencia, combinamos la artesan\u00eda tradicional italiana con tecnolog\u00eda de vanguardia para ofrecer soluciones hidr\u00e1ulicas excepcionales que satisfacen las diversas necesidades de nuestros clientes globales. Con sede en Italia, un centro de excelencia en ingenier\u00eda, FMP se ha consolidado como una marca de confianza en la industria hidr\u00e1ulica, dedicada a ofrecer productos fiables, duraderos e innovadores que impulsan a empresas de todo el mundo.<\/p>\n<p>Nuestra empresa combina la tradici\u00f3n de fabricaci\u00f3n avanzada con un enfoque innovador. Gracias a a\u00f1os de experiencia en sistemas hidr\u00e1ulicos, FMP se ha transformado en una empresa moderna que destaca en investigaci\u00f3n, dise\u00f1o y producci\u00f3n. Ofrecemos una amplia gama de cilindros hidr\u00e1ulicos, incluyendo cilindros de doble efecto, cilindros de elevaci\u00f3n para autom\u00f3viles, cilindros para maquinaria agr\u00edcola y soluciones personalizadas para diversas aplicaciones industriales. Ya sea para construcci\u00f3n, instalaciones industriales, agricultura o maquinaria pesada, nuestros cilindros hidr\u00e1ulicos est\u00e1n dise\u00f1ados para funcionar en las condiciones m\u00e1s exigentes, garantizando seguridad, eficiencia y durabilidad.<\/p>\n<p><img loading=\"lazy\" decoding=\"async\" class=\"alignnone size-full wp-image-6720\" src=\"https:\/\/fmp-components.com\/wp-content\/uploads\/2025\/03\/hydraulic-cylinder-8.webp\" alt=\"Cilindros hidr\u00e1ulicos telesc\u00f3picos\" width=\"933\" height=\"526\" title=\"\" srcset=\"https:\/\/fmp-components.com\/wp-content\/uploads\/2025\/03\/hydraulic-cylinder-8.webp 933w, https:\/\/fmp-components.com\/wp-content\/uploads\/2025\/03\/hydraulic-cylinder-8-480x271.webp 480w\" sizes=\"(min-width: 0px) and (max-width: 480px) 480px, (min-width: 481px) 933px, 100vw\" \/><\/p>\n<p>En FMP, nos enorgullecemos de nuestras instalaciones de producci\u00f3n de vanguardia, equipadas con maquinaria de precisi\u00f3n y sistemas de prueba avanzados. Nuestros procesos de fabricaci\u00f3n cumplen con rigurosas normas nacionales e internacionales, garantizando que cada cilindro hidr\u00e1ulico producido cumpla con los m\u00e1s altos est\u00e1ndares de calidad y fiabilidad. Nuestro equipo t\u00e9cnico cualificado, junto con equipos de vanguardia, nos permite mantener un estricto control de calidad en cada etapa de la producci\u00f3n, desde la selecci\u00f3n de la materia prima hasta la inspecci\u00f3n final. Este compromiso con la excelencia nos ha valido certificaciones y el reconocimiento de las autoridades del sector, consolidando nuestra reputaci\u00f3n como un socio confiable.<\/p>\n<p>Nuestra misi\u00f3n es simple y ambiciosa: ofrecer a nuestros clientes cilindros hidr\u00e1ulicos que superen sus expectativas en rendimiento, durabilidad y valor. Operamos bajo los principios de profesionalismo, integridad y orientaci\u00f3n al cliente. Fomentando una cultura de innovaci\u00f3n y precisi\u00f3n, perfeccionamos continuamente nuestros productos para mantenernos a la vanguardia en un mercado competitivo. Nuestra amplia gama de productos y nuestra capacidad para ofrecer soluciones a medida nos convierten en la opci\u00f3n preferida de las empresas que buscan cilindros hidr\u00e1ulicos de alto rendimiento.<\/p>\n<p>FMP es m\u00e1s que un simple fabricante; somos un socio clave para su \u00e9xito. Entendemos que nuestros clientes dependen de nosotros para ofrecerles herramientas que mejoren su productividad y seguridad. Por eso, nos dedicamos a ofrecer no solo productos de primera calidad, sino tambi\u00e9n un servicio excepcional. Desde la consulta inicial hasta el soporte posventa, colaboramos estrechamente con nuestros clientes para garantizar que sus necesidades se satisfagan con profesionalismo y atenci\u00f3n. Nuestros precios competitivos, junto con un compromiso inquebrantable con la calidad, hacen de FMP la opci\u00f3n inteligente para las empresas que buscan invertir en soluciones hidr\u00e1ulicas confiables.<\/p>","protected":false},"excerpt":{"rendered":"<p>FMP produce el cilindro hidr\u00e1ulico telesc\u00f3pico de 4 etapas para camiones volquete, dise\u00f1ado para ofrecer elevaci\u00f3n y durabilidad en aplicaciones pesadas. Como f\u00e1brica y fabricante en China, ofrecemos este producto a un precio competitivo. Ofrece un rendimiento confiable y una mayor vida \u00fatil para camiones en construcci\u00f3n y miner\u00eda. Su dise\u00f1o compacto permite una mayor carga \u00fatil y requiere menos mantenimiento.<\/p>","protected":false},"featured_media":6750,"comment_status":"closed","ping_status":"closed","template":"","meta":{"_et_pb_use_builder":"","_et_pb_old_content":"","_et_gb_content_width":""},"product_brand":[],"product_cat":[103],"product_tag":[34,105],"class_list":{"0":"post-6538","1":"product","2":"type-product","3":"status-publish","4":"has-post-thumbnail","6":"product_cat-telescopic-hydraulic-cylinders","7":"product_tag-hydraulic-cylinder","8":"product_tag-telescopic-hydraulic-cylinders","10":"first","11":"instock","12":"product-type-simple"},"_links":{"self":[{"href":"https:\/\/fmp-components.com\/es\/wp-json\/wp\/v2\/product\/6538","targetHints":{"allow":["GET"]}}],"collection":[{"href":"https:\/\/fmp-components.com\/es\/wp-json\/wp\/v2\/product"}],"about":[{"href":"https:\/\/fmp-components.com\/es\/wp-json\/wp\/v2\/types\/product"}],"replies":[{"embeddable":true,"href":"https:\/\/fmp-components.com\/es\/wp-json\/wp\/v2\/comments?post=6538"}],"wp:featuredmedia":[{"embeddable":true,"href":"https:\/\/fmp-components.com\/es\/wp-json\/wp\/v2\/media\/6750"}],"wp:attachment":[{"href":"https:\/\/fmp-components.com\/es\/wp-json\/wp\/v2\/media?parent=6538"}],"wp:term":[{"taxonomy":"product_brand","embeddable":true,"href":"https:\/\/fmp-components.com\/es\/wp-json\/wp\/v2\/product_brand?post=6538"},{"taxonomy":"product_cat","embeddable":true,"href":"https:\/\/fmp-components.com\/es\/wp-json\/wp\/v2\/product_cat?post=6538"},{"taxonomy":"product_tag","embeddable":true,"href":"https:\/\/fmp-components.com\/es\/wp-json\/wp\/v2\/product_tag?post=6538"}],"curies":[{"name":"gracias","href":"https:\/\/api.w.org\/{rel}","templated":true}]}}