{"id":6537,"date":"2025-03-11T06:28:19","date_gmt":"2025-03-11T06:28:19","guid":{"rendered":"https:\/\/fmp-components.com\/product\/professional-20-ton-telescopic-hydraulic-cylinder-small-dump-truck-hydraulic-cylinder"},"modified":"2025-03-17T08:56:05","modified_gmt":"2025-03-17T08:56:05","slug":"professional-20-ton-telescopic-hydraulic-cylinder-small-dump-truck-hydraulic-cylinder","status":"publish","type":"product","link":"https:\/\/fmp-components.com\/es\/product\/professional-20-ton-telescopic-hydraulic-cylinder-small-dump-truck-hydraulic-cylinder\/","title":{"rendered":"Cilindro hidr\u00e1ulico telesc\u00f3pico profesional de 20 toneladas para cami\u00f3n volquete peque\u00f1o."},"content":{"rendered":"<h2>Cilindro hidr\u00e1ulico telesc\u00f3pico profesional de 20 toneladas para cami\u00f3n volquete peque\u00f1o.<\/h2>\n<p>El cilindro hidr\u00e1ulico telesc\u00f3pico profesional de 20 toneladas para camiones volquete peque\u00f1os es un dispositivo hidr\u00e1ulico altamente eficiente y confiable. Estos cilindros est\u00e1n dise\u00f1ados para aplicaciones de servicio pesado como talleres de reparaci\u00f3n de maquinaria, granjas, industrias energ\u00e9ticas y mineras, fabricaci\u00f3n de maquinaria y f\u00e1bricas. El producto cuenta con la certificaci\u00f3n ISO 9001:2000, lo que garantiza su calidad y confiabilidad.<\/p>\n<h3>Especificaciones del producto<\/h3>\n<table style=\"width: 98.9593%;\" border=\"\">\n<tbody>\n<tr>\n<td style=\"width: 41.8182%;\"><i>Nombre del producto<\/i><\/td>\n<td style=\"width: 242.273%;\">Cilindro telesc\u00f3pico<\/td>\n<\/tr>\n<tr>\n<td style=\"width: 41.8182%;\"><i>Proceso de dar un t\u00edtulo<\/i><\/td>\n<td style=\"width: 242.273%;\">ISO9001:2000<\/td>\n<\/tr>\n<tr>\n<td style=\"width: 41.8182%;\"><i>Tama\u00f1o del orificio<\/i><\/td>\n<td style=\"width: 242.273%;\">2-6 pulgadas<\/td>\n<\/tr>\n<tr>\n<td style=\"width: 41.8182%;\"><i>Tama\u00f1o de la varilla<\/i><\/td>\n<td style=\"width: 242.273%;\">1,125-4 pulgadas<\/td>\n<\/tr>\n<tr>\n<td style=\"width: 41.8182%;\"><i>Tama\u00f1o del trazo<\/i><\/td>\n<td style=\"width: 242.273%;\">4-100 pulgadas<\/td>\n<\/tr>\n<tr>\n<td style=\"width: 41.8182%;\"><i>Tama\u00f1o del pin<\/i><\/td>\n<td style=\"width: 242.273%;\">0,5-2 pulgadas<\/td>\n<\/tr>\n<tr>\n<td style=\"width: 41.8182%;\"><i>Puertos<\/i><\/td>\n<td style=\"width: 242.273%;\">G\/SAE\/NPT\/M<\/td>\n<\/tr>\n<\/tbody>\n<\/table>\n<h3>Caracter\u00edsticas y beneficios clave<\/h3>\n<ul>\n<li>Eficiencia energ\u00e9tica<\/li>\n<li>Rendimiento alto<\/li>\n<li>Seguro y confiable<\/li>\n<\/ul>\n<h2>Sistema hidr\u00e1ulico y principio de funcionamiento<\/h2>\n<p>El cilindro hidr\u00e1ulico funciona seg\u00fan el principio de convertir la energ\u00eda hidr\u00e1ulica en movimiento mec\u00e1nico. Esto se logra mediante la presi\u00f3n que act\u00faa sobre la superficie del fluido hidr\u00e1ulico dentro del cilindro, creando una fuerza que mueve el pist\u00f3n.<\/p>\n<h2>Aplicaciones<\/h2>\n<p>Estos cilindros hidr\u00e1ulicos son ampliamente utilizados en talleres de reparaci\u00f3n de maquinaria, granjas, industrias energ\u00e9ticas y mineras, fabricaci\u00f3n de maquinaria y f\u00e1bricas.<\/p>\n<h2>Preguntas frecuentes<\/h2>\n<ol>\n<li><b>P: \u00bfCu\u00e1nto tiempo dura el env\u00edo?<\/b><br \/>\nR: Generalmente son entre 25 y 35 d\u00edas.<\/li>\n<li><b>P: \u00bfOfrecen muestras? \u00bfSon gratuitas o tienen un costo adicional?<\/b><br \/>\nR: S\u00ed, podr\u00edamos ofrecer la muestra, pero no es gratis.<\/li>\n<li><b>P: \u00bfPueden producir seg\u00fan las muestras?<\/b><br \/>\nR: S\u00ed, podemos fabricarlo seg\u00fan sus muestras o planos t\u00e9cnicos. Fabricamos los moldes y accesorios.<\/li>\n<\/ol>\n<h3>Acerca de FMP<\/h3>\n<p class=\"break-words\">FMP es un fabricante italiano l\u00edder especializado en el dise\u00f1o, desarrollo y producci\u00f3n de cilindros hidr\u00e1ulicos de alta calidad. Con una rica tradici\u00f3n arraigada en d\u00e9cadas de experiencia, combinamos con orgullo la artesan\u00eda italiana con tecnolog\u00eda de vanguardia para ofrecer soluciones hidr\u00e1ulicas excepcionales, adaptadas a las diversas necesidades de nuestra clientela global. Con sede en Italia, un centro de excelencia en ingenier\u00eda, FMP se erige como una marca de confianza en la industria hidr\u00e1ulica, comprometida con el suministro de productos fiables, duraderos e innovadores que impulsan a empresas de todo el mundo.<\/p>\n<p class=\"break-words\">Nuestra empresa integra lo mejor de la fabricaci\u00f3n avanzada con un enfoque innovador. Gracias a a\u00f1os de experiencia en sistemas hidr\u00e1ulicos, FMP se ha convertido en una empresa moderna que destaca en investigaci\u00f3n, dise\u00f1o y producci\u00f3n. Nos especializamos en una amplia gama de cilindros hidr\u00e1ulicos, incluyendo cilindros de doble efecto, cilindros de elevaci\u00f3n para autom\u00f3viles, cilindros para maquinaria agr\u00edcola y soluciones de ingenier\u00eda personalizada para diversas aplicaciones industriales. Ya sea para construcci\u00f3n, instalaciones industriales, agricultura o maquinaria pesada, nuestros cilindros hidr\u00e1ulicos est\u00e1n dise\u00f1ados para funcionar en las condiciones m\u00e1s exigentes, garantizando seguridad, eficiencia y durabilidad.<\/p>\n<p><img loading=\"lazy\" decoding=\"async\" class=\"alignnone size-full wp-image-6720\" src=\"https:\/\/fmp-components.com\/wp-content\/uploads\/2025\/03\/hydraulic-cylinder-8.webp\" alt=\"Cilindros hidr\u00e1ulicos telesc\u00f3picos\" width=\"933\" height=\"526\" title=\"\" srcset=\"https:\/\/fmp-components.com\/wp-content\/uploads\/2025\/03\/hydraulic-cylinder-8.webp 933w, https:\/\/fmp-components.com\/wp-content\/uploads\/2025\/03\/hydraulic-cylinder-8-480x271.webp 480w\" sizes=\"(min-width: 0px) and (max-width: 480px) 480px, (min-width: 481px) 933px, 100vw\" \/><\/p>\n<p class=\"break-words\">En FMP, nos enorgullecemos de nuestras instalaciones de producci\u00f3n de vanguardia, equipadas con maquinaria de precisi\u00f3n y sistemas de prueba avanzados. Nuestros procesos de fabricaci\u00f3n cumplen rigurosos est\u00e1ndares nacionales e internacionales, lo que garantiza que cada cilindro hidr\u00e1ulico que sale de nuestra f\u00e1brica sea de la m\u00e1s alta calidad y fiabilidad. Nuestro equipo t\u00e9cnico cualificado, junto con equipos de vanguardia, nos permite mantener un estricto control de calidad en cada etapa de la producci\u00f3n, desde la selecci\u00f3n de la materia prima hasta la inspecci\u00f3n final. Esta dedicaci\u00f3n a la excelencia nos ha valido certificaciones y el reconocimiento de las autoridades del sector, consolidando a\u00fan m\u00e1s nuestra reputaci\u00f3n como socio confiable.<\/p>\n<p class=\"break-words\">Nuestra misi\u00f3n es simple pero ambiciosa: ofrecer a nuestros clientes cilindros hidr\u00e1ulicos que superen sus expectativas en rendimiento, durabilidad y valor. Nos guiamos por los principios de profesionalismo, integridad y orientaci\u00f3n al cliente. Fomentando una cultura de innovaci\u00f3n y precisi\u00f3n, perfeccionamos continuamente nuestros productos para mantenernos a la vanguardia en un mercado competitivo. Nuestra amplia gama de productos y nuestra capacidad para ofrecer soluciones a medida nos convierten en la opci\u00f3n predilecta para las empresas que buscan cilindros hidr\u00e1ulicos de alto rendimiento.<\/p>\n<p class=\"break-words\">FMP es m\u00e1s que un simple fabricante: somos un socio clave para su \u00e9xito. Entendemos que nuestros clientes conf\u00edan en nosotros para ofrecerles herramientas que mejoran su productividad y seguridad. Por eso, nos comprometemos a ofrecer no solo productos de primera calidad, sino tambi\u00e9n un servicio excepcional. Desde la consulta inicial hasta el soporte posventa, trabajamos estrechamente con nuestros clientes para garantizar que sus necesidades se satisfagan con profesionalismo y atenci\u00f3n. Nuestros precios competitivos, junto con nuestro firme compromiso con la calidad, hacen de FMP la opci\u00f3n inteligente para las empresas que buscan invertir en soluciones hidr\u00e1ulicas de confianza.<\/p>","protected":false},"excerpt":{"rendered":"<p>Professional 20 Ton Telescopic Hydraulic Cylinder Small Dump Truck Hydraulic Cylinder The Professional 20 Ton Telescopic hydraulic cylinder Small Dump Truck Hydraulic Cylinder is a highly efficient and reliable hydraulic device. These cylinders are designed for heavy-duty applications such as machinery repair shops, farms, energy and mining industries, machinery manufacturing and factories. The product is [&hellip;]<\/p>","protected":false},"featured_media":6774,"comment_status":"closed","ping_status":"closed","template":"","meta":{"_et_pb_use_builder":"","_et_pb_old_content":"","_et_gb_content_width":""},"product_brand":[],"product_cat":[103],"product_tag":[34,105],"class_list":{"0":"post-6537","1":"product","2":"type-product","3":"status-publish","4":"has-post-thumbnail","6":"product_cat-telescopic-hydraulic-cylinders","7":"product_tag-hydraulic-cylinder","8":"product_tag-telescopic-hydraulic-cylinders","10":"first","11":"instock","12":"product-type-simple"},"_links":{"self":[{"href":"https:\/\/fmp-components.com\/es\/wp-json\/wp\/v2\/product\/6537","targetHints":{"allow":["GET"]}}],"collection":[{"href":"https:\/\/fmp-components.com\/es\/wp-json\/wp\/v2\/product"}],"about":[{"href":"https:\/\/fmp-components.com\/es\/wp-json\/wp\/v2\/types\/product"}],"replies":[{"embeddable":true,"href":"https:\/\/fmp-components.com\/es\/wp-json\/wp\/v2\/comments?post=6537"}],"wp:featuredmedia":[{"embeddable":true,"href":"https:\/\/fmp-components.com\/es\/wp-json\/wp\/v2\/media\/6774"}],"wp:attachment":[{"href":"https:\/\/fmp-components.com\/es\/wp-json\/wp\/v2\/media?parent=6537"}],"wp:term":[{"taxonomy":"product_brand","embeddable":true,"href":"https:\/\/fmp-components.com\/es\/wp-json\/wp\/v2\/product_brand?post=6537"},{"taxonomy":"product_cat","embeddable":true,"href":"https:\/\/fmp-components.com\/es\/wp-json\/wp\/v2\/product_cat?post=6537"},{"taxonomy":"product_tag","embeddable":true,"href":"https:\/\/fmp-components.com\/es\/wp-json\/wp\/v2\/product_tag?post=6537"}],"curies":[{"name":"gracias","href":"https:\/\/api.w.org\/{rel}","templated":true}]}}