{"id":6536,"date":"2025-03-11T06:28:19","date_gmt":"2025-03-11T06:28:19","guid":{"rendered":"https:\/\/fmp-components.com\/product\/telescopic-hydraulic-cylinder-20-ton-hydraulic-cylinders-for-dump-truck"},"modified":"2025-03-14T02:58:01","modified_gmt":"2025-03-14T02:58:01","slug":"telescopic-hydraulic-cylinder-20-ton-hydraulic-cylinders-for-dump-truck","status":"publish","type":"product","link":"https:\/\/fmp-components.com\/es\/product\/telescopic-hydraulic-cylinder-20-ton-hydraulic-cylinders-for-dump-truck\/","title":{"rendered":"Cilindro hidr\u00e1ulico telesc\u00f3pico de 20 toneladas para cami\u00f3n volquete"},"content":{"rendered":"<h2>Cilindro hidr\u00e1ulico telesc\u00f3pico de 20 toneladas para cami\u00f3n volquete<\/h2>\n<p>Nuestro cilindro hidr\u00e1ulico telesc\u00f3pico premium es un componente potente y de alta capacidad, ideal para aplicaciones de servicio pesado como camiones volquete. Con una fuerza de tiro m\u00e1xima de 20 toneladas y un impresionante empuje m\u00e1ximo de 3000, ofrece un rendimiento superior y una fiabilidad excepcional.<\/p>\n<h3>Caracter\u00edsticas y funcionalidad<\/h3>\n<p>Este cilindro hidr\u00e1ulico cuenta con una estructura de \u00e9mbolo est\u00e1ndar accionado por energ\u00eda hidr\u00e1ulica. El cuerpo est\u00e1 hecho de acero robusto, lo que garantiza su durabilidad y longevidad. El di\u00e1metro interior var\u00eda de 2 a 6 pulgadas, el v\u00e1stago de 1,125 a 4 pulgadas y la carrera de 4 a 100 pulgadas. El tama\u00f1o del pasador var\u00eda de 0,5 a 2 pulgadas y cuenta con puertos G\/SAE\/NPT\/M.<\/p>\n<h3>Especificaciones del producto<\/h3>\n<table style=\"width: 95.3977%;\" border=\"\">\n<tbody>\n<tr>\n<th style=\"width: 34.1463%;\">Nombre del producto<\/th>\n<td style=\"width: 232.404%;\">Cilindro hidr\u00e1ulico telesc\u00f3pico<\/td>\n<\/tr>\n<tr>\n<th style=\"width: 34.1463%;\">Proceso de dar un t\u00edtulo<\/th>\n<td style=\"width: 232.404%;\">ISO9001:2000<\/td>\n<\/tr>\n<tr>\n<th style=\"width: 34.1463%;\">Tama\u00f1o del orificio<\/th>\n<td style=\"width: 232.404%;\">2-6 pulgadas<\/td>\n<\/tr>\n<tr>\n<th style=\"width: 34.1463%;\">Tama\u00f1o de la varilla<\/th>\n<td style=\"width: 232.404%;\">1,125-4 pulgadas<\/td>\n<\/tr>\n<tr>\n<th style=\"width: 34.1463%;\">Tama\u00f1o del trazo<\/th>\n<td style=\"width: 232.404%;\">4-100 pulgadas<\/td>\n<\/tr>\n<tr>\n<th style=\"width: 34.1463%;\">Tama\u00f1o del pin<\/th>\n<td style=\"width: 232.404%;\">0,5-2 pulgadas<\/td>\n<\/tr>\n<tr>\n<th style=\"width: 34.1463%;\">Puertos<\/th>\n<td style=\"width: 232.404%;\">G\/SAE\/NPT\/M<\/td>\n<\/tr>\n<\/tbody>\n<\/table>\n<h2>Ventajas \u00fanicas<\/h2>\n<ul>\n<li>Eficiencia energ\u00e9tica: optimiza el uso de la energ\u00eda hidr\u00e1ulica para lograr la m\u00e1xima eficiencia.<\/li>\n<li>Altamente eficiente: ofrece un alto rendimiento con menos consumo de energ\u00eda.<\/li>\n<li>Seguridad: garantiza un funcionamiento seguro incluso en aplicaciones de trabajo pesado.<\/li>\n<\/ul>\n<h3>Sistema hidr\u00e1ulico y principio de funcionamiento<\/h3>\n<p>El sistema hidr\u00e1ulico de este cilindro funciona seg\u00fan el principio de presi\u00f3n de fluido. El fluido hidr\u00e1ulico se presuriza y se transmite por todo el sistema para generar fuerza o movimiento. Esta fuerza se utiliza para accionar el cilindro hidr\u00e1ulico, convirtiendo la energ\u00eda hidr\u00e1ulica en energ\u00eda mec\u00e1nica.<\/p>\n<p><img loading=\"lazy\" decoding=\"async\" class=\"alignnone wp-image-6662\" src=\"https:\/\/fmp-components.com\/wp-content\/uploads\/2025\/03\/telescopic-hydraulic-cylinder-4.webp\" alt=\"cilindro hidr\u00e1ulico telesc\u00f3pico\" width=\"792\" height=\"792\" title=\"\" srcset=\"https:\/\/fmp-components.com\/wp-content\/uploads\/2025\/03\/telescopic-hydraulic-cylinder-4.webp 792w, https:\/\/fmp-components.com\/wp-content\/uploads\/2025\/03\/telescopic-hydraulic-cylinder-4-480x480.webp 480w\" sizes=\"(min-width: 0px) and (max-width: 480px) 480px, (min-width: 481px) 792px, 100vw\" \/><\/p>\n<h2>Escenario de aplicaci\u00f3n<\/h2>\n<p>Este cilindro hidr\u00e1ulico se utiliza principalmente en camiones volquete, pero tambi\u00e9n es aplicable en diversas industrias, como talleres de reparaci\u00f3n de maquinaria, granjas, energ\u00eda y miner\u00eda, fabricaci\u00f3n de maquinaria y f\u00e1bricas de maquinaria.<\/p>\n<h2>Cilindros hidr\u00e1ulicos y unidades de potencia<\/h2>\n<p>La sinergia entre los cilindros hidr\u00e1ulicos y las unidades de potencia es crucial para el funcionamiento de los sistemas hidr\u00e1ulicos. Los cilindros hidr\u00e1ulicos, como actuadores, convierten la energ\u00eda hidr\u00e1ulica en movimiento mec\u00e1nico. Las unidades de potencia, por su parte, proporcionan la energ\u00eda y las se\u00f1ales de control necesarias. Juntas, garantizan el correcto funcionamiento de los sistemas hidr\u00e1ulicos.<\/p>\n<h2>Preguntas frecuentes<\/h2>\n<p>P: \u00bfEs usted una empresa comercial o un fabricante?<br \/>\nA: Somos un fabricante.<br \/>\nP: \u00bfCu\u00e1nto tiempo dura el env\u00edo?<br \/>\nR: Generalmente, nuestro tiempo de entrega es de 25 a 35 d\u00edas.<br \/>\nP: \u00bfOfrecen muestras? \u00bfSon gratuitas o tienen un costo adicional?<br \/>\nR: S\u00ed, proporcionamos muestras, pero no son gratuitas.<\/p>\n<h3>Acerca de FMP<\/h3>\n<p class=\"break-words\">FMP es un fabricante italiano l\u00edder especializado en el dise\u00f1o, desarrollo y producci\u00f3n de cilindros hidr\u00e1ulicos de alta calidad. Con una rica tradici\u00f3n arraigada en d\u00e9cadas de experiencia, combinamos con orgullo la artesan\u00eda italiana con tecnolog\u00eda de vanguardia para ofrecer soluciones hidr\u00e1ulicas excepcionales, adaptadas a las diversas necesidades de nuestra clientela global. Con sede en Italia, un centro de excelencia en ingenier\u00eda, FMP se erige como una marca de confianza en la industria hidr\u00e1ulica, comprometida con el suministro de productos fiables, duraderos e innovadores que impulsan a empresas de todo el mundo.<\/p>\n<p class=\"break-words\">Nuestra empresa integra lo mejor de la fabricaci\u00f3n avanzada con un enfoque innovador. Gracias a a\u00f1os de experiencia en sistemas hidr\u00e1ulicos, FMP se ha convertido en una empresa moderna que destaca en investigaci\u00f3n, dise\u00f1o y producci\u00f3n. Nos especializamos en una amplia gama de cilindros hidr\u00e1ulicos, incluyendo cilindros de doble efecto, cilindros de elevaci\u00f3n para autom\u00f3viles, cilindros para maquinaria agr\u00edcola y soluciones de ingenier\u00eda personalizada para diversas aplicaciones industriales. Ya sea para construcci\u00f3n, instalaciones industriales, agricultura o maquinaria pesada, nuestros cilindros hidr\u00e1ulicos est\u00e1n dise\u00f1ados para funcionar en las condiciones m\u00e1s exigentes, garantizando seguridad, eficiencia y durabilidad.<\/p>\n<p><img loading=\"lazy\" decoding=\"async\" class=\"alignnone size-full wp-image-6720\" src=\"https:\/\/fmp-components.com\/wp-content\/uploads\/2025\/03\/hydraulic-cylinder-8.webp\" alt=\"Cilindros hidr\u00e1ulicos telesc\u00f3picos\" width=\"933\" height=\"526\" title=\"\" srcset=\"https:\/\/fmp-components.com\/wp-content\/uploads\/2025\/03\/hydraulic-cylinder-8.webp 933w, https:\/\/fmp-components.com\/wp-content\/uploads\/2025\/03\/hydraulic-cylinder-8-480x271.webp 480w\" sizes=\"(min-width: 0px) and (max-width: 480px) 480px, (min-width: 481px) 933px, 100vw\" \/><\/p>\n<p class=\"break-words\">En FMP, nos enorgullecemos de nuestras instalaciones de producci\u00f3n de vanguardia, equipadas con maquinaria de precisi\u00f3n y sistemas de prueba avanzados. Nuestros procesos de fabricaci\u00f3n cumplen rigurosos est\u00e1ndares nacionales e internacionales, lo que garantiza que cada cilindro hidr\u00e1ulico que sale de nuestra f\u00e1brica sea de la m\u00e1s alta calidad y fiabilidad. Nuestro equipo t\u00e9cnico cualificado, junto con equipos de vanguardia, nos permite mantener un estricto control de calidad en cada etapa de la producci\u00f3n, desde la selecci\u00f3n de la materia prima hasta la inspecci\u00f3n final. Esta dedicaci\u00f3n a la excelencia nos ha valido certificaciones y el reconocimiento de las autoridades del sector, consolidando a\u00fan m\u00e1s nuestra reputaci\u00f3n como socio confiable.<\/p>\n<p class=\"break-words\">Nuestra misi\u00f3n es simple pero ambiciosa: ofrecer a nuestros clientes cilindros hidr\u00e1ulicos que superen sus expectativas en rendimiento, durabilidad y valor. Nos guiamos por los principios de profesionalismo, integridad y orientaci\u00f3n al cliente. Fomentando una cultura de innovaci\u00f3n y precisi\u00f3n, perfeccionamos continuamente nuestros productos para mantenernos a la vanguardia en un mercado competitivo. Nuestra amplia gama de productos y nuestra capacidad para ofrecer soluciones a medida nos convierten en la opci\u00f3n predilecta para las empresas que buscan cilindros hidr\u00e1ulicos de alto rendimiento.<\/p>\n<p class=\"break-words\">FMP es m\u00e1s que un simple fabricante: somos un socio clave para su \u00e9xito. Entendemos que nuestros clientes conf\u00edan en nosotros para ofrecerles herramientas que mejoran su productividad y seguridad. Por eso, nos comprometemos a ofrecer no solo productos de primera calidad, sino tambi\u00e9n un servicio excepcional. Desde la consulta inicial hasta el soporte posventa, trabajamos estrechamente con nuestros clientes para garantizar que sus necesidades se satisfagan con profesionalismo y atenci\u00f3n. Nuestros precios competitivos, junto con nuestro firme compromiso con la calidad, hacen de FMP la opci\u00f3n inteligente para las empresas que buscan invertir en soluciones hidr\u00e1ulicas de confianza.<\/p>","protected":false},"excerpt":{"rendered":"<p>Telescopic Hydraulic Cylinder 20 Ton Hydraulic Cylinders For Dump Truck Our premium Telescopic hydraulic cylinder is a powerful, high-capacity hydraulic system component that is ideal for heavy-duty applications such as dump trucks. With a maximum pull of 20 tons and an impressive max thrust of 3000, it offers superior performance and exceptional reliability. Features and [&hellip;]<\/p>","protected":false},"featured_media":6801,"comment_status":"closed","ping_status":"closed","template":"","meta":{"_et_pb_use_builder":"","_et_pb_old_content":"","_et_gb_content_width":""},"product_brand":[],"product_cat":[103],"product_tag":[34,105],"class_list":{"0":"post-6536","1":"product","2":"type-product","3":"status-publish","4":"has-post-thumbnail","6":"product_cat-telescopic-hydraulic-cylinders","7":"product_tag-hydraulic-cylinder","8":"product_tag-telescopic-hydraulic-cylinders","10":"first","11":"instock","12":"product-type-simple"},"_links":{"self":[{"href":"https:\/\/fmp-components.com\/es\/wp-json\/wp\/v2\/product\/6536","targetHints":{"allow":["GET"]}}],"collection":[{"href":"https:\/\/fmp-components.com\/es\/wp-json\/wp\/v2\/product"}],"about":[{"href":"https:\/\/fmp-components.com\/es\/wp-json\/wp\/v2\/types\/product"}],"replies":[{"embeddable":true,"href":"https:\/\/fmp-components.com\/es\/wp-json\/wp\/v2\/comments?post=6536"}],"wp:featuredmedia":[{"embeddable":true,"href":"https:\/\/fmp-components.com\/es\/wp-json\/wp\/v2\/media\/6801"}],"wp:attachment":[{"href":"https:\/\/fmp-components.com\/es\/wp-json\/wp\/v2\/media?parent=6536"}],"wp:term":[{"taxonomy":"product_brand","embeddable":true,"href":"https:\/\/fmp-components.com\/es\/wp-json\/wp\/v2\/product_brand?post=6536"},{"taxonomy":"product_cat","embeddable":true,"href":"https:\/\/fmp-components.com\/es\/wp-json\/wp\/v2\/product_cat?post=6536"},{"taxonomy":"product_tag","embeddable":true,"href":"https:\/\/fmp-components.com\/es\/wp-json\/wp\/v2\/product_tag?post=6536"}],"curies":[{"name":"gracias","href":"https:\/\/api.w.org\/{rel}","templated":true}]}}