{"id":6534,"date":"2025-03-11T06:28:19","date_gmt":"2025-03-11T06:28:19","guid":{"rendered":"https:\/\/fmp-components.com\/product\/professional-craftsmanship-20-ton-dump-truck-4-stage-hydraulic-cylinder"},"modified":"2025-03-14T03:02:11","modified_gmt":"2025-03-14T03:02:11","slug":"professional-craftsmanship-20-ton-dump-truck-4-stage-hydraulic-cylinder","status":"publish","type":"product","link":"https:\/\/fmp-components.com\/es\/product\/professional-craftsmanship-20-ton-dump-truck-4-stage-hydraulic-cylinder\/","title":{"rendered":"Cami\u00f3n volquete de 20 toneladas con cilindro hidr\u00e1ulico de 4 etapas de Professional Craftsmanship"},"content":{"rendered":"<h2>Cami\u00f3n volquete de 20 toneladas con cilindro hidr\u00e1ulico de 4 etapas de Professional Craftsmanship<\/h2>\n<p>El cilindro hidr\u00e1ulico de 4 etapas para camiones volquete de 20 toneladas de FMP es un testimonio de la profesionalidad de su fabricaci\u00f3n. Este producto, utilizado principalmente en talleres de reparaci\u00f3n de maquinaria, granjas, sectores de energ\u00eda y miner\u00eda, fabricaci\u00f3n de maquinaria y f\u00e1bricas, est\u00e1 dise\u00f1ado con acero de alta calidad y accionado por tecnolog\u00eda hidr\u00e1ulica. El cilindro hidr\u00e1ulico multietapa tiene una capacidad de tracci\u00f3n m\u00e1xima de 20 toneladas y cuenta con la certificaci\u00f3n ISO 9001:2000.<\/p>\n<h3>Caracter\u00edsticas y funciones principales<\/h3>\n<ul>\n<li><strong>Estructura est\u00e1ndar:<\/strong> Dise\u00f1ado con una estructura de cilindro de \u00e9mbolo est\u00e1ndar, este cilindro hidr\u00e1ulico puede integrarse perfectamente en diversas maquinarias y equipos.<\/li>\n<li><strong>Energ\u00eda alta:<\/strong> Con un empuje m\u00e1ximo de 3000 y una tracci\u00f3n m\u00e1xima de 20 toneladas, garantiza un rendimiento excepcional.<\/li>\n<li><strong>Material robusto:<\/strong> El cuerpo del cilindro est\u00e1 hecho de acero de alta calidad, lo que garantiza durabilidad y una larga vida \u00fatil.<\/li>\n<\/ul>\n<h3>Especificaciones t\u00e9cnicas<\/h3>\n<table style=\"width: 95.5718%;\" border=\"\">\n<tbody>\n<tr>\n<td style=\"width: 41.704%;\">Nombre del producto<\/td>\n<td style=\"width: 296.861%;\">Cilindro telesc\u00f3pico<\/td>\n<\/tr>\n<tr>\n<td style=\"width: 41.704%;\">Proceso de dar un t\u00edtulo<\/td>\n<td style=\"width: 296.861%;\">ISO9001:2000<\/td>\n<\/tr>\n<tr>\n<td style=\"width: 41.704%;\">Tama\u00f1o del orificio<\/td>\n<td style=\"width: 296.861%;\">2-6 pulgadas<\/td>\n<\/tr>\n<tr>\n<td style=\"width: 41.704%;\">Tama\u00f1o de la varilla<\/td>\n<td style=\"width: 296.861%;\">1,125-4 pulgadas<\/td>\n<\/tr>\n<tr>\n<td style=\"width: 41.704%;\">Tama\u00f1o del trazo<\/td>\n<td style=\"width: 296.861%;\">4-100 pulgadas<\/td>\n<\/tr>\n<tr>\n<td style=\"width: 41.704%;\">Tama\u00f1o del pin<\/td>\n<td style=\"width: 296.861%;\">0,5-2 pulgadas<\/td>\n<\/tr>\n<tr>\n<td style=\"width: 41.704%;\">Puertos<\/td>\n<td style=\"width: 296.861%;\">G\/SAE\/NPT\/M<\/td>\n<\/tr>\n<\/tbody>\n<\/table>\n<h2>Ventajas \u00fanicas<\/h2>\n<p>El cilindro hidr\u00e1ulico de 4 etapas para cami\u00f3n volquete de 20 toneladas de FMP destaca por su eficiencia energ\u00e9tica, alto rendimiento y caracter\u00edsticas de seguridad. Es adecuado para una amplia gama de aplicaciones, como talleres de reparaci\u00f3n de maquinaria, granjas, energ\u00eda y miner\u00eda, fabricaci\u00f3n de maquinaria y f\u00e1bricas.<\/p>\n<p><img loading=\"lazy\" decoding=\"async\" class=\"alignnone  wp-image-6661\" src=\"https:\/\/fmp-components.com\/wp-content\/uploads\/2025\/03\/telescopic-hydraulic-cylinder-10.webp\" alt=\"cilindro hidr\u00e1ulico telesc\u00f3pico\" width=\"808\" height=\"808\" title=\"\" srcset=\"https:\/\/fmp-components.com\/wp-content\/uploads\/2025\/03\/telescopic-hydraulic-cylinder-10.webp 808w, https:\/\/fmp-components.com\/wp-content\/uploads\/2025\/03\/telescopic-hydraulic-cylinder-10-480x480.webp 480w\" sizes=\"(min-width: 0px) and (max-width: 480px) 480px, (min-width: 481px) 808px, 100vw\" \/><\/p>\n<h2>Sistema hidr\u00e1ulico y principio de funcionamiento<\/h2>\n<p>El cilindro hidr\u00e1ulico es parte integral del sistema hidr\u00e1ulico, convirtiendo la energ\u00eda hidr\u00e1ulica en movimiento mec\u00e1nico y transformando la presi\u00f3n en fuerza. La unidad de potencia, por su parte, act\u00faa como el coraz\u00f3n del sistema, proporcionando la energ\u00eda y las se\u00f1ales de control necesarias.<\/p>\n<h2>Escenarios de aplicaci\u00f3n<\/h2>\n<p>Los cilindros hidr\u00e1ulicos de FMP se utilizan ampliamente en diversos sectores industriales gracias a su alta fiabilidad y rendimiento superior. Son esenciales para el funcionamiento de camiones volquete, maquinaria de movimiento de tierras, equipos agr\u00edcolas y m\u00e1s.<\/p>\n<h2>Cilindros hidr\u00e1ulicos y unidades de potencia<\/h2>\n<p>Los cilindros hidr\u00e1ulicos y las unidades de potencia son parte indispensable de los sistemas hidr\u00e1ulicos. Su funcionamiento coordinado garantiza la amplia aplicaci\u00f3n de la tecnolog\u00eda hidr\u00e1ulica en el sector industrial, proporcionando potencia y control fiables para diversos equipos de ingenier\u00eda y mec\u00e1nicos. FMP tambi\u00e9n ofrece unidades de potencia a la venta.<\/p>\n<h2>Preguntas frecuentes<\/h2>\n<dl>\n<dt>P: \u00bfEs usted una empresa comercial o un fabricante?<\/dt>\n<dd>A: Somos una f\u00e1brica.<\/dd>\n<dt>P: \u00bfCu\u00e1nto tiempo dura el env\u00edo?<\/dt>\n<dd>R: Generalmente son entre 25 y 35 d\u00edas.<\/dd>\n<dt>P: \u00bfOfrecen muestras? \u00bfSon gratuitas o tienen un costo adicional?<\/dt>\n<dd>R: S\u00ed, podr\u00edamos ofrecer la muestra, pero no es gratis.<\/dd>\n<\/dl>\n<h3>Acerca de FMP<\/h3>\n<p class=\"break-words\">FMP es un fabricante italiano l\u00edder especializado en el dise\u00f1o, desarrollo y producci\u00f3n de cilindros hidr\u00e1ulicos de alta calidad. Con una rica tradici\u00f3n arraigada en d\u00e9cadas de experiencia, combinamos con orgullo la artesan\u00eda italiana con tecnolog\u00eda de vanguardia para ofrecer soluciones hidr\u00e1ulicas excepcionales, adaptadas a las diversas necesidades de nuestra clientela global. Con sede en Italia, un centro de excelencia en ingenier\u00eda, FMP se erige como una marca de confianza en la industria hidr\u00e1ulica, comprometida con el suministro de productos fiables, duraderos e innovadores que impulsan a empresas de todo el mundo.<\/p>\n<p class=\"break-words\">Nuestra empresa integra lo mejor de la fabricaci\u00f3n avanzada con un enfoque innovador. Gracias a a\u00f1os de experiencia en sistemas hidr\u00e1ulicos, FMP se ha convertido en una empresa moderna que destaca en investigaci\u00f3n, dise\u00f1o y producci\u00f3n. Nos especializamos en una amplia gama de cilindros hidr\u00e1ulicos, incluyendo cilindros de doble efecto, cilindros de elevaci\u00f3n para autom\u00f3viles, cilindros para maquinaria agr\u00edcola y soluciones de ingenier\u00eda personalizada para diversas aplicaciones industriales. Ya sea para construcci\u00f3n, instalaciones industriales, agricultura o maquinaria pesada, nuestros cilindros hidr\u00e1ulicos est\u00e1n dise\u00f1ados para funcionar en las condiciones m\u00e1s exigentes, garantizando seguridad, eficiencia y durabilidad.<\/p>\n<p><img loading=\"lazy\" decoding=\"async\" class=\"alignnone size-full wp-image-6720\" src=\"https:\/\/fmp-components.com\/wp-content\/uploads\/2025\/03\/hydraulic-cylinder-8.webp\" alt=\"Cilindros hidr\u00e1ulicos telesc\u00f3picos\" width=\"933\" height=\"526\" title=\"\" srcset=\"https:\/\/fmp-components.com\/wp-content\/uploads\/2025\/03\/hydraulic-cylinder-8.webp 933w, https:\/\/fmp-components.com\/wp-content\/uploads\/2025\/03\/hydraulic-cylinder-8-480x271.webp 480w\" sizes=\"(min-width: 0px) and (max-width: 480px) 480px, (min-width: 481px) 933px, 100vw\" \/><\/p>\n<p class=\"break-words\">En FMP, nos enorgullecemos de nuestras instalaciones de producci\u00f3n de vanguardia, equipadas con maquinaria de precisi\u00f3n y sistemas de prueba avanzados. Nuestros procesos de fabricaci\u00f3n cumplen rigurosos est\u00e1ndares nacionales e internacionales, lo que garantiza que cada cilindro hidr\u00e1ulico que sale de nuestra f\u00e1brica sea de la m\u00e1s alta calidad y fiabilidad. Nuestro equipo t\u00e9cnico cualificado, junto con equipos de vanguardia, nos permite mantener un estricto control de calidad en cada etapa de la producci\u00f3n, desde la selecci\u00f3n de la materia prima hasta la inspecci\u00f3n final. Esta dedicaci\u00f3n a la excelencia nos ha valido certificaciones y el reconocimiento de las autoridades del sector, consolidando a\u00fan m\u00e1s nuestra reputaci\u00f3n como socio confiable.<\/p>\n<p class=\"break-words\">Nuestra misi\u00f3n es simple pero ambiciosa: ofrecer a nuestros clientes cilindros hidr\u00e1ulicos que superen sus expectativas en rendimiento, durabilidad y valor. Nos guiamos por los principios de profesionalismo, integridad y orientaci\u00f3n al cliente. Fomentando una cultura de innovaci\u00f3n y precisi\u00f3n, perfeccionamos continuamente nuestros productos para mantenernos a la vanguardia en un mercado competitivo. Nuestra amplia gama de productos y nuestra capacidad para ofrecer soluciones a medida nos convierten en la opci\u00f3n predilecta para las empresas que buscan cilindros hidr\u00e1ulicos de alto rendimiento.<\/p>\n<p class=\"break-words\">FMP es m\u00e1s que un simple fabricante: somos un socio clave para su \u00e9xito. Entendemos que nuestros clientes conf\u00edan en nosotros para ofrecerles herramientas que mejoran su productividad y seguridad. Por eso, nos comprometemos a ofrecer no solo productos de primera calidad, sino tambi\u00e9n un servicio excepcional. Desde la consulta inicial hasta el soporte posventa, trabajamos estrechamente con nuestros clientes para garantizar que sus necesidades se satisfagan con profesionalismo y atenci\u00f3n. Nuestros precios competitivos, junto con nuestro firme compromiso con la calidad, hacen de FMP la opci\u00f3n inteligente para las empresas que buscan invertir en soluciones hidr\u00e1ulicas de confianza.<\/p>","protected":false},"excerpt":{"rendered":"<p>Professional Craftsmanship 20 Ton Dump Truck 4 Stage Hydraulic Cylinder FMP&#8217;s 20 Ton Dump Truck 4 Stage hydraulic cylinder is a testament to professional craftsmanship. This product, mainly used in machinery repair shops, farms, energy &amp; mining, machinery manufacturing, and factories, is designed with high-grade steel and powered by hydraulic technology. The multistage hydraulic cylinder [&hellip;]<\/p>","protected":false},"featured_media":6795,"comment_status":"closed","ping_status":"closed","template":"","meta":{"_et_pb_use_builder":"","_et_pb_old_content":"","_et_gb_content_width":""},"product_brand":[],"product_cat":[103],"product_tag":[34,105],"class_list":{"0":"post-6534","1":"product","2":"type-product","3":"status-publish","4":"has-post-thumbnail","6":"product_cat-telescopic-hydraulic-cylinders","7":"product_tag-hydraulic-cylinder","8":"product_tag-telescopic-hydraulic-cylinders","10":"first","11":"instock","12":"product-type-simple"},"_links":{"self":[{"href":"https:\/\/fmp-components.com\/es\/wp-json\/wp\/v2\/product\/6534","targetHints":{"allow":["GET"]}}],"collection":[{"href":"https:\/\/fmp-components.com\/es\/wp-json\/wp\/v2\/product"}],"about":[{"href":"https:\/\/fmp-components.com\/es\/wp-json\/wp\/v2\/types\/product"}],"replies":[{"embeddable":true,"href":"https:\/\/fmp-components.com\/es\/wp-json\/wp\/v2\/comments?post=6534"}],"wp:featuredmedia":[{"embeddable":true,"href":"https:\/\/fmp-components.com\/es\/wp-json\/wp\/v2\/media\/6795"}],"wp:attachment":[{"href":"https:\/\/fmp-components.com\/es\/wp-json\/wp\/v2\/media?parent=6534"}],"wp:term":[{"taxonomy":"product_brand","embeddable":true,"href":"https:\/\/fmp-components.com\/es\/wp-json\/wp\/v2\/product_brand?post=6534"},{"taxonomy":"product_cat","embeddable":true,"href":"https:\/\/fmp-components.com\/es\/wp-json\/wp\/v2\/product_cat?post=6534"},{"taxonomy":"product_tag","embeddable":true,"href":"https:\/\/fmp-components.com\/es\/wp-json\/wp\/v2\/product_tag?post=6534"}],"curies":[{"name":"gracias","href":"https:\/\/api.w.org\/{rel}","templated":true}]}}