{"id":6531,"date":"2025-03-11T06:28:19","date_gmt":"2025-03-11T06:28:19","guid":{"rendered":"https:\/\/fmp-components.com\/product\/quality-assurance-dump-truck-hydraulic-hoist-cylinder-4-stage-small-dump-truck-hydraulic-cylinder"},"modified":"2025-03-18T01:06:05","modified_gmt":"2025-03-18T01:06:05","slug":"quality-assurance-dump-truck-hydraulic-hoist-cylinder-4-stage-small-dump-truck-hydraulic-cylinder","status":"publish","type":"product","link":"https:\/\/fmp-components.com\/es\/product\/quality-assurance-dump-truck-hydraulic-hoist-cylinder-4-stage-small-dump-truck-hydraulic-cylinder\/","title":{"rendered":"Cilindro hidr\u00e1ulico de elevaci\u00f3n para cami\u00f3n volquete de 4 etapas con garant\u00eda de calidad. Cilindro hidr\u00e1ulico para cami\u00f3n volquete peque\u00f1o."},"content":{"rendered":"<h2>Cilindro hidr\u00e1ulico de elevaci\u00f3n para cami\u00f3n volquete de 4 etapas con garant\u00eda de calidad. Cilindro hidr\u00e1ulico para cami\u00f3n volquete peque\u00f1o.<\/h2>\n<p>Nuestro cilindro hidr\u00e1ulico de 4 etapas para camiones volquete peque\u00f1os es un producto de calidad garantizada que garantiza un rendimiento \u00f3ptimo. Es un producto nuevo, lanzado en 2025, con 1 a\u00f1o de garant\u00eda. Este cilindro hidr\u00e1ulico est\u00e1 dise\u00f1ado para su uso en talleres de reparaci\u00f3n de maquinaria, granjas, industrias energ\u00e9ticas y mineras, y en la fabricaci\u00f3n de maquinaria y f\u00e1bricas de maquinaria.<\/p>\n<h3>Caracter\u00edsticas y beneficios<\/h3>\n<ul>\n<li>Tiene una estructura est\u00e1ndar de un cilindro de \u00e9mbolo con potencia hidr\u00e1ulica.<\/li>\n<li>Est\u00e1 fabricado en acero lo que mejora su durabilidad.<\/li>\n<li>Tiene un empuje m\u00e1ximo de 3000 y una tracci\u00f3n m\u00e1xima de 20 toneladas.<\/li>\n<li>Es un cilindro hidr\u00e1ulico multietapa con puertos G\/SAE\/NPT\/M.<\/li>\n<li>Cuenta con certificaci\u00f3n ISO9001:2000 de garant\u00eda de calidad.<\/li>\n<li>El tama\u00f1o del orificio es de 2 a 6 pulgadas, el tama\u00f1o de la varilla es de 1,125 a 4 pulgadas y el tama\u00f1o de la carrera es de 4 a 100 pulgadas.<\/li>\n<\/ul>\n<h2>Especificaciones t\u00e9cnicas<\/h2>\n<table style=\"width: 100.336%;\" border=\"\">\n<tbody>\n<tr>\n<th style=\"width: 42.9185%;\">Nombre del producto<\/th>\n<td style=\"width: 348.498%;\">Cilindro telesc\u00f3pico<\/td>\n<\/tr>\n<tr>\n<th style=\"width: 42.9185%;\">Proceso de dar un t\u00edtulo<\/th>\n<td style=\"width: 348.498%;\">ISO9001:2000<\/td>\n<\/tr>\n<tr>\n<th style=\"width: 42.9185%;\">Tama\u00f1o del orificio<\/th>\n<td style=\"width: 348.498%;\">2-6 pulgadas<\/td>\n<\/tr>\n<tr>\n<th style=\"width: 42.9185%;\">Tama\u00f1o de la varilla<\/th>\n<td style=\"width: 348.498%;\">1,125-4 pulgadas<\/td>\n<\/tr>\n<tr>\n<th style=\"width: 42.9185%;\">Tama\u00f1o del trazo<\/th>\n<td style=\"width: 348.498%;\">4-100 pulgadas<\/td>\n<\/tr>\n<tr>\n<th style=\"width: 42.9185%;\">Tama\u00f1o del pin<\/th>\n<td style=\"width: 348.498%;\">0,5-2 pulgadas<\/td>\n<\/tr>\n<tr>\n<th style=\"width: 42.9185%;\">Puertos<\/th>\n<td style=\"width: 348.498%;\">G\/SAE\/NPT\/M<\/td>\n<\/tr>\n<\/tbody>\n<\/table>\n<h2>Caracter\u00edsticas y ventajas \u00fanicas<\/h2>\n<p>Nuestro cilindro hidr\u00e1ulico destaca por su eficiencia energ\u00e9tica, alto rendimiento y seguridad. Adem\u00e1s, ofrece una amplia gama de aplicaciones, lo que lo convierte en una opci\u00f3n vers\u00e1til para diversas industrias.<\/p>\n<h2>Sistemas hidr\u00e1ulicos y principios de funcionamiento<\/h2>\n<p>Nuestro cilindro hidr\u00e1ulico funciona seg\u00fan el principio fundamental de la potencia del fluido presurizado, esencial para generar fuerza y \u200b\u200bfacilitar el movimiento. Este principio se basa en el concepto de que los l\u00edquidos, al estar presurizados, pueden transmitir fuerza de forma eficaz y eficiente. En nuestro cilindro hidr\u00e1ulico, el fluido hidr\u00e1ulico presurizado se introduce en una c\u00e1mara cerrada, donde act\u00faa sobre un pist\u00f3n. Esta interacci\u00f3n genera una fuerza considerable, lo que permite al cilindro realizar diversas tareas.<\/p>\n<p>Como componente integral del sistema hidr\u00e1ulico, el cilindro hidr\u00e1ulico desempe\u00f1a un papel crucial en la conversi\u00f3n de energ\u00eda hidr\u00e1ulica en energ\u00eda mec\u00e1nica. Al bombear fluido hidr\u00e1ulico al cilindro, se crea una presi\u00f3n que empuja el pist\u00f3n linealmente. Este movimiento se traduce en fuerza mec\u00e1nica, lo que permite al cilindro levantar, empujar o tirar de cargas pesadas con notable precisi\u00f3n y control. La capacidad de aprovechar la energ\u00eda hidr\u00e1ulica de esta manera convierte a los cilindros hidr\u00e1ulicos en una herramienta indispensable en numerosas aplicaciones industriales.<\/p>\n<p><img loading=\"lazy\" decoding=\"async\" class=\"alignnone wp-image-6664\" src=\"https:\/\/fmp-components.com\/wp-content\/uploads\/2025\/03\/telescopic-hydraulic-cylinder-8.webp\" alt=\"cilindro hidr\u00e1ulico telesc\u00f3pico\" width=\"928\" height=\"928\" title=\"\" srcset=\"https:\/\/fmp-components.com\/wp-content\/uploads\/2025\/03\/telescopic-hydraulic-cylinder-8.webp 928w, https:\/\/fmp-components.com\/wp-content\/uploads\/2025\/03\/telescopic-hydraulic-cylinder-8-480x480.webp 480w\" sizes=\"(min-width: 0px) and (max-width: 480px) 480px, (min-width: 481px) 928px, 100vw\" \/><\/p>\n<p>La eficiencia de nuestro cilindro hidr\u00e1ulico se debe a su dise\u00f1o, que maximiza la transferencia de energ\u00eda del fluido al movimiento mec\u00e1nico. Al utilizar fluidos incompresibles, el sistema garantiza que incluso peque\u00f1os cambios de presi\u00f3n puedan generar un movimiento significativo, lo que proporciona una gran ventaja en tareas que requieren gran fuerza con un m\u00ednimo esfuerzo. Esta eficiencia no solo mejora el rendimiento, sino que tambi\u00e9n contribuye a la longevidad del sistema hidr\u00e1ulico, ya que reduce el desgaste de los componentes.<\/p>\n<p>En resumen, nuestro cilindro hidr\u00e1ulico ejemplifica la aplicaci\u00f3n eficaz de la potencia de un fluido presurizado para generar fuerza y \u200b\u200bcrear movimiento. Su funci\u00f3n dentro del sistema hidr\u00e1ulico destaca su importancia en la conversi\u00f3n de energ\u00eda hidr\u00e1ulica en energ\u00eda mec\u00e1nica, lo que le permite realizar una amplia gama de tareas en diversas industrias. Los principios que rigen su funcionamiento garantizan un rendimiento fiable, lo que los convierte en una opci\u00f3n esencial para cualquier aplicaci\u00f3n que requiera resistencia y eficiencia.<\/p>\n<p><img loading=\"lazy\" decoding=\"async\" class=\"alignnone wp-image-6663\" src=\"https:\/\/fmp-components.com\/wp-content\/uploads\/2025\/03\/telescopic-hydraulic-cylinder-11.webp\" alt=\"cilindro hidr\u00e1ulico telesc\u00f3pico\" width=\"923\" height=\"923\" title=\"\" srcset=\"https:\/\/fmp-components.com\/wp-content\/uploads\/2025\/03\/telescopic-hydraulic-cylinder-11.webp 923w, https:\/\/fmp-components.com\/wp-content\/uploads\/2025\/03\/telescopic-hydraulic-cylinder-11-480x480.webp 480w\" sizes=\"(min-width: 0px) and (max-width: 480px) 480px, (min-width: 481px) 923px, 100vw\" \/><\/p>\n<h2>Preguntas frecuentes<\/h2>\n<p><strong>P: \u00bfCu\u00e1nto tiempo es el tiempo de entrega? <\/strong><br \/>\nA: El tiempo de entrega general es de 25 a 35 d\u00edas.<\/p>\n<p><strong>P: \u00bfProporcionan muestras? <\/strong><br \/>\nR: S\u00ed, proporcionamos muestras, pero no son gratuitas.<\/p>\n<p><strong>P: \u00bfPueden producir seg\u00fan las muestras? <\/strong><br \/>\nR: S\u00ed, podemos fabricarlo seg\u00fan sus muestras o planos t\u00e9cnicos. Fabricamos los moldes y accesorios.<\/p>\n<h3>Acerca de FMP<\/h3>\n<p>FMP es un fabricante italiano de primer nivel especializado en el dise\u00f1o, desarrollo y producci\u00f3n de cilindros hidr\u00e1ulicos de alta calidad. Con d\u00e9cadas de experiencia, combinamos a la perfecci\u00f3n la artesan\u00eda italiana con tecnolog\u00eda de vanguardia, ofreciendo soluciones hidr\u00e1ulicas excepcionales adaptadas a las diversas necesidades de nuestra clientela global. Ubicada en Italia, epicentro de la excelencia en ingenier\u00eda, FMP se ha consolidado como una marca de confianza en la industria hidr\u00e1ulica, dedicada a proporcionar productos fiables, duraderos e innovadores que impulsan a empresas de todo el mundo.<\/p>\n<p>Nuestra empresa integra una tradici\u00f3n de fabricaci\u00f3n avanzada con un enfoque innovador. Gracias a nuestra amplia experiencia en sistemas hidr\u00e1ulicos, FMP se ha transformado en una empresa moderna que destaca en investigaci\u00f3n, dise\u00f1o y producci\u00f3n. Ofrecemos una amplia gama de cilindros hidr\u00e1ulicos, incluyendo cilindros de doble efecto, cilindros de elevaci\u00f3n para automoci\u00f3n, cilindros para maquinaria agr\u00edcola y soluciones personalizadas para diversas aplicaciones industriales. Independientemente del sector \u2014ya sea construcci\u00f3n, instalaciones industriales, agricultura o maquinaria pesada\u2014, nuestros cilindros hidr\u00e1ulicos est\u00e1n dise\u00f1ados para funcionar en las condiciones m\u00e1s exigentes, garantizando seguridad, eficiencia y durabilidad.<\/p>\n<p><img loading=\"lazy\" decoding=\"async\" class=\"alignnone size-full wp-image-6720\" src=\"https:\/\/fmp-components.com\/wp-content\/uploads\/2025\/03\/hydraulic-cylinder-8.webp\" alt=\"Cilindros hidr\u00e1ulicos telesc\u00f3picos\" width=\"933\" height=\"526\" title=\"\" srcset=\"https:\/\/fmp-components.com\/wp-content\/uploads\/2025\/03\/hydraulic-cylinder-8.webp 933w, https:\/\/fmp-components.com\/wp-content\/uploads\/2025\/03\/hydraulic-cylinder-8-480x271.webp 480w\" sizes=\"(min-width: 0px) and (max-width: 480px) 480px, (min-width: 481px) 933px, 100vw\" \/><\/p>\n<p>En FMP, nos enorgullecemos de nuestras instalaciones de producci\u00f3n de vanguardia, equipadas con maquinaria de precisi\u00f3n y sistemas de prueba avanzados. Nuestros procesos de fabricaci\u00f3n cumplen rigurosos est\u00e1ndares nacionales e internacionales, lo que garantiza que cada cilindro hidr\u00e1ulico producido sea de la m\u00e1s alta calidad y fiabilidad. Nuestro equipo t\u00e9cnico cualificado, junto con equipos de vanguardia, nos permite mantener un riguroso control de calidad en cada etapa de la producci\u00f3n, desde la selecci\u00f3n de la materia prima hasta la inspecci\u00f3n final. Este compromiso con la excelencia nos ha valido certificaciones y el reconocimiento de las autoridades del sector, consolidando a\u00fan m\u00e1s nuestra reputaci\u00f3n como socio confiable.<\/p>\n<p>Nuestra misi\u00f3n es clara y ambiciosa: ofrecer a nuestros clientes cilindros hidr\u00e1ulicos que superen sus expectativas en rendimiento, durabilidad y valor. Operamos bajo principios fundamentales de profesionalismo, integridad y orientaci\u00f3n al cliente. Fomentando una cultura de innovaci\u00f3n y precisi\u00f3n, perfeccionamos continuamente nuestros productos para mantenernos a la vanguardia en un mercado competitivo. Nuestra amplia gama de productos y nuestra capacidad para ofrecer soluciones a medida nos convierten en la opci\u00f3n preferida de las empresas que buscan cilindros hidr\u00e1ulicos de alto rendimiento.<\/p>\n<p>FMP es m\u00e1s que un simple fabricante; somos un socio clave para su \u00e9xito. Entendemos que nuestros clientes dependen de nosotros para proporcionarles herramientas que mejoran su productividad y seguridad. Por eso, nos comprometemos no solo a ofrecer productos de primera calidad, sino tambi\u00e9n a ofrecer un servicio excepcional. Desde la consulta inicial hasta el soporte posventa, trabajamos estrechamente con nuestros clientes para garantizar que sus necesidades se satisfagan con profesionalismo y atenci\u00f3n. Nuestros precios competitivos, combinados con nuestro firme compromiso con la calidad, hacen de FMP la opci\u00f3n inteligente para las empresas que buscan invertir en soluciones hidr\u00e1ulicas confiables.<\/p>","protected":false},"excerpt":{"rendered":"<p>Quality Assurance Dump Truck Hydraulic Hoist Cylinder 4 Stage Small Dump Truck Hydraulic Cylinder Our 4 Stage Small Dump Truck hydraulic cylinder is a quality assured product that ensures optimal performance. It is a new product, launching in 2025, with a 1-year warranty. This hydraulic cylinder is designed for use in machinery repair shops, farms, [&hellip;]<\/p>","protected":false},"featured_media":6696,"comment_status":"closed","ping_status":"closed","template":"","meta":{"_et_pb_use_builder":"","_et_pb_old_content":"","_et_gb_content_width":""},"product_brand":[],"product_cat":[103],"product_tag":[34,105],"class_list":{"0":"post-6531","1":"product","2":"type-product","3":"status-publish","4":"has-post-thumbnail","6":"product_cat-telescopic-hydraulic-cylinders","7":"product_tag-hydraulic-cylinder","8":"product_tag-telescopic-hydraulic-cylinders","10":"first","11":"instock","12":"product-type-simple"},"_links":{"self":[{"href":"https:\/\/fmp-components.com\/es\/wp-json\/wp\/v2\/product\/6531","targetHints":{"allow":["GET"]}}],"collection":[{"href":"https:\/\/fmp-components.com\/es\/wp-json\/wp\/v2\/product"}],"about":[{"href":"https:\/\/fmp-components.com\/es\/wp-json\/wp\/v2\/types\/product"}],"replies":[{"embeddable":true,"href":"https:\/\/fmp-components.com\/es\/wp-json\/wp\/v2\/comments?post=6531"}],"wp:featuredmedia":[{"embeddable":true,"href":"https:\/\/fmp-components.com\/es\/wp-json\/wp\/v2\/media\/6696"}],"wp:attachment":[{"href":"https:\/\/fmp-components.com\/es\/wp-json\/wp\/v2\/media?parent=6531"}],"wp:term":[{"taxonomy":"product_brand","embeddable":true,"href":"https:\/\/fmp-components.com\/es\/wp-json\/wp\/v2\/product_brand?post=6531"},{"taxonomy":"product_cat","embeddable":true,"href":"https:\/\/fmp-components.com\/es\/wp-json\/wp\/v2\/product_cat?post=6531"},{"taxonomy":"product_tag","embeddable":true,"href":"https:\/\/fmp-components.com\/es\/wp-json\/wp\/v2\/product_tag?post=6531"}],"curies":[{"name":"gracias","href":"https:\/\/api.w.org\/{rel}","templated":true}]}}