{"id":6530,"date":"2025-03-11T06:28:19","date_gmt":"2025-03-11T06:28:19","guid":{"rendered":"https:\/\/fmp-components.com\/product\/professional-multi-stage-hydraulic-cylinder-telescopic-hydraulic-cylinder-for-dump-truck"},"modified":"2025-03-12T02:03:40","modified_gmt":"2025-03-12T02:03:40","slug":"professional-multi-stage-hydraulic-cylinder-telescopic-hydraulic-cylinder-for-dump-truck","status":"publish","type":"product","link":"https:\/\/fmp-components.com\/es\/product\/professional-multi-stage-hydraulic-cylinder-telescopic-hydraulic-cylinder-for-dump-truck\/","title":{"rendered":"Cilindro hidr\u00e1ulico telesc\u00f3pico multietapa profesional para cami\u00f3n volquete"},"content":{"rendered":"<h2>Cilindro hidr\u00e1ulico telesc\u00f3pico multietapa profesional para cami\u00f3n volquete<\/h2>\n<p>El cilindro hidr\u00e1ulico multietapa profesional es una herramienta vers\u00e1til especialmente dise\u00f1ada para camiones volquete. Fabricado por FMP, una marca l\u00edder en la industria que representa calidad y confiabilidad, este cilindro hidr\u00e1ulico es reconocido por su alta eficiencia, seguridad y ahorro de energ\u00eda. Su uso principal es convertir la energ\u00eda hidr\u00e1ulica en energ\u00eda mec\u00e1nica para proporcionar la fuerza necesaria a los camiones volquete para elevar cargas pesadas.<\/p>\n<h2>Especificaciones del producto<\/h2>\n<table style=\"width: 101.319%;\" border=\"\">\n<tbody>\n<tr>\n<td style=\"width: 42.9185%;\"><strong>Nombre del producto<\/strong><\/td>\n<td style=\"width: 352.361%;\">Cilindro telesc\u00f3pico<\/td>\n<\/tr>\n<tr>\n<td style=\"width: 42.9185%;\"><strong>Proceso de dar un t\u00edtulo<\/strong><\/td>\n<td style=\"width: 352.361%;\">ISO9001:2000<\/td>\n<\/tr>\n<tr>\n<td style=\"width: 42.9185%;\"><strong>Tama\u00f1o del orificio<\/strong><\/td>\n<td style=\"width: 352.361%;\">2-6 pulgadas<\/td>\n<\/tr>\n<tr>\n<td style=\"width: 42.9185%;\"><strong>Tama\u00f1o de la varilla<\/strong><\/td>\n<td style=\"width: 352.361%;\">1,125-4 pulgadas<\/td>\n<\/tr>\n<tr>\n<td style=\"width: 42.9185%;\"><strong>Tama\u00f1o del trazo<\/strong><\/td>\n<td style=\"width: 352.361%;\">4-100 pulgadas<\/td>\n<\/tr>\n<tr>\n<td style=\"width: 42.9185%;\"><strong>Tama\u00f1o del pin<\/strong><\/td>\n<td style=\"width: 352.361%;\">0,5-2 pulgadas<\/td>\n<\/tr>\n<tr>\n<td style=\"width: 42.9185%;\"><strong>Puertos<\/strong><\/td>\n<td style=\"width: 352.361%;\">G\/SAE\/NPT\/M<\/td>\n<\/tr>\n<\/tbody>\n<\/table>\n<h2>Caracter\u00edsticas y ventajas \u00fanicas<\/h2>\n<p>El cilindro hidr\u00e1ulico multietapa de FMP no solo es de tama\u00f1o est\u00e1ndar, sino que tambi\u00e9n cuenta con un robusto cuerpo de acero. Tiene un empuje m\u00e1ximo de 3000 y una asombrosa capacidad de tracci\u00f3n m\u00e1xima de 20 toneladas. Este cilindro hidr\u00e1ulico est\u00e1 dise\u00f1ado para ahorrar energ\u00eda, trabajar eficientemente y garantizar la seguridad.<\/p>\n<h2>Sistema hidr\u00e1ulico y principio de funcionamiento<\/h2>\n<p>Los sistemas hidr\u00e1ulicos funcionan seg\u00fan el principio de la potencia fluida, donde la presi\u00f3n se convierte en movimiento mec\u00e1nico. El cilindro hidr\u00e1ulico, como componente esencial, transforma la energ\u00eda hidr\u00e1ulica en movimiento lineal y fuerza, lo que permite el funcionamiento de maquinaria pesada como camiones volquete.<\/p>\n<p><img loading=\"lazy\" decoding=\"async\" class=\"alignnone size-full wp-image-6660\" src=\"https:\/\/fmp-components.com\/wp-content\/uploads\/2025\/03\/hydraulic-cylinder-workshop-4.webp\" alt=\"cilindro hidr\u00e1ulico telesc\u00f3pico\" width=\"914\" height=\"733\" title=\"\" srcset=\"https:\/\/fmp-components.com\/wp-content\/uploads\/2025\/03\/hydraulic-cylinder-workshop-4.webp 914w, https:\/\/fmp-components.com\/wp-content\/uploads\/2025\/03\/hydraulic-cylinder-workshop-4-480x385.webp 480w\" sizes=\"(min-width: 0px) and (max-width: 480px) 480px, (min-width: 481px) 914px, 100vw\" \/><\/p>\n<h2>Aplicaci\u00f3n del cilindro hidr\u00e1ulico<\/h2>\n<p>El cilindro hidr\u00e1ulico se utiliza ampliamente en diversas industrias, como talleres de reparaci\u00f3n de maquinaria, granjas, energ\u00eda y miner\u00eda, fabricaci\u00f3n de maquinaria y f\u00e1bricas de maquinaria. Es esencial para el funcionamiento de equipos pesados, como camiones volquete, que requieren una fuerza considerable para levantar y mover cargas pesadas.<\/p>\n<h2>Cilindros hidr\u00e1ulicos y unidades de potencia<\/h2>\n<p>El cilindro hidr\u00e1ulico y la unidad de potencia son dos componentes integrales de un sistema hidr\u00e1ulico. Su funcionamiento combinado garantiza la amplia aplicaci\u00f3n de la tecnolog\u00eda hidr\u00e1ulica en el sector industrial, proporcionando potencia y control fiables para diversos equipos de ingenier\u00eda y mec\u00e1nicos. El cilindro hidr\u00e1ulico, como elemento de accionamiento, se encarga de convertir la energ\u00eda hidr\u00e1ulica en movimiento mec\u00e1nico, convirtiendo la presi\u00f3n en fuerza. La unidad de potencia, por su parte, es el n\u00facleo que proporciona la energ\u00eda y las se\u00f1ales de control que requiere el sistema hidr\u00e1ulico. La operaci\u00f3n coordinada de ambos garantiza el correcto funcionamiento del sistema hidr\u00e1ulico. En FMP, tambi\u00e9n vendemos unidades de potencia.<\/p>\n<p><img loading=\"lazy\" decoding=\"async\" class=\"alignnone  wp-image-6659\" src=\"https:\/\/fmp-components.com\/wp-content\/uploads\/2025\/03\/telescopic-hydraulic-cylinder-12.webp\" alt=\"cilindro hidr\u00e1ulico telesc\u00f3pico\" width=\"972\" height=\"972\" title=\"\" srcset=\"https:\/\/fmp-components.com\/wp-content\/uploads\/2025\/03\/telescopic-hydraulic-cylinder-12.webp 972w, https:\/\/fmp-components.com\/wp-content\/uploads\/2025\/03\/telescopic-hydraulic-cylinder-12-480x480.webp 480w\" sizes=\"(min-width: 0px) and (max-width: 480px) 480px, (min-width: 481px) 972px, 100vw\" \/><\/p>\n<h2>Preguntas frecuentes<\/h2>\n<h3>P: \u00bfEs usted una empresa comercial o un fabricante?<\/h3>\n<p>A: Somos una f\u00e1brica.<\/p>\n<h3>P: \u00bfCu\u00e1nto tiempo dura el env\u00edo?<\/h3>\n<p>R: Generalmente son entre 25 y 35 d\u00edas.<\/p>\n<h3>P: \u00bfOfrecen muestras? \u00bfSon gratuitas o tienen un costo adicional?<\/h3>\n<p>R: S\u00ed, podr\u00edamos ofrecer la muestra, pero no es gratis.<\/p>\n<h3>Acerca de FMP<\/h3>\n<p>FMP es un fabricante italiano de primer nivel especializado en el dise\u00f1o, desarrollo y producci\u00f3n de cilindros hidr\u00e1ulicos de alta calidad. Con d\u00e9cadas de experiencia, combinamos a la perfecci\u00f3n la artesan\u00eda italiana con tecnolog\u00eda de vanguardia, ofreciendo soluciones hidr\u00e1ulicas excepcionales adaptadas a las diversas necesidades de nuestra clientela global. Ubicada en Italia, epicentro de la excelencia en ingenier\u00eda, FMP se ha consolidado como una marca de confianza en la industria hidr\u00e1ulica, dedicada a proporcionar productos fiables, duraderos e innovadores que impulsan a empresas de todo el mundo.<\/p>\n<p>Nuestra empresa integra una tradici\u00f3n de fabricaci\u00f3n avanzada con un enfoque innovador. Gracias a nuestra amplia experiencia en sistemas hidr\u00e1ulicos, FMP se ha transformado en una empresa moderna que destaca en investigaci\u00f3n, dise\u00f1o y producci\u00f3n. Ofrecemos una amplia gama de cilindros hidr\u00e1ulicos, incluyendo cilindros de doble efecto, cilindros de elevaci\u00f3n para automoci\u00f3n, cilindros para maquinaria agr\u00edcola y soluciones personalizadas para diversas aplicaciones industriales. Independientemente del sector \u2014ya sea construcci\u00f3n, instalaciones industriales, agricultura o maquinaria pesada\u2014, nuestros cilindros hidr\u00e1ulicos est\u00e1n dise\u00f1ados para funcionar en las condiciones m\u00e1s exigentes, garantizando seguridad, eficiencia y durabilidad.<\/p>\n<p><img loading=\"lazy\" decoding=\"async\" class=\"alignnone size-full wp-image-6720\" src=\"https:\/\/fmp-components.com\/wp-content\/uploads\/2025\/03\/hydraulic-cylinder-8.webp\" alt=\"Cilindros hidr\u00e1ulicos telesc\u00f3picos\" width=\"933\" height=\"526\" title=\"\" srcset=\"https:\/\/fmp-components.com\/wp-content\/uploads\/2025\/03\/hydraulic-cylinder-8.webp 933w, https:\/\/fmp-components.com\/wp-content\/uploads\/2025\/03\/hydraulic-cylinder-8-480x271.webp 480w\" sizes=\"(min-width: 0px) and (max-width: 480px) 480px, (min-width: 481px) 933px, 100vw\" \/><\/p>\n<p>En FMP, nos enorgullecemos de nuestras instalaciones de producci\u00f3n de vanguardia, equipadas con maquinaria de precisi\u00f3n y sistemas de prueba avanzados. Nuestros procesos de fabricaci\u00f3n cumplen rigurosos est\u00e1ndares nacionales e internacionales, lo que garantiza que cada cilindro hidr\u00e1ulico producido sea de la m\u00e1s alta calidad y fiabilidad. Nuestro equipo t\u00e9cnico cualificado, junto con equipos de vanguardia, nos permite mantener un riguroso control de calidad en cada etapa de la producci\u00f3n, desde la selecci\u00f3n de la materia prima hasta la inspecci\u00f3n final. Este compromiso con la excelencia nos ha valido certificaciones y el reconocimiento de las autoridades del sector, consolidando a\u00fan m\u00e1s nuestra reputaci\u00f3n como socio confiable.<\/p>\n<p>Nuestra misi\u00f3n es clara y ambiciosa: ofrecer a nuestros clientes cilindros hidr\u00e1ulicos que superen sus expectativas en rendimiento, durabilidad y valor. Operamos bajo principios fundamentales de profesionalismo, integridad y orientaci\u00f3n al cliente. Fomentando una cultura de innovaci\u00f3n y precisi\u00f3n, perfeccionamos continuamente nuestros productos para mantenernos a la vanguardia en un mercado competitivo. Nuestra amplia gama de productos y nuestra capacidad para ofrecer soluciones a medida nos convierten en la opci\u00f3n preferida de las empresas que buscan cilindros hidr\u00e1ulicos de alto rendimiento.<\/p>\n<p>FMP es m\u00e1s que un simple fabricante; somos un socio clave para su \u00e9xito. Entendemos que nuestros clientes dependen de nosotros para proporcionarles herramientas que mejoran su productividad y seguridad. Por eso, nos comprometemos no solo a ofrecer productos de primera calidad, sino tambi\u00e9n a ofrecer un servicio excepcional. Desde la consulta inicial hasta el soporte posventa, trabajamos estrechamente con nuestros clientes para garantizar que sus necesidades se satisfagan con profesionalismo y atenci\u00f3n. Nuestros precios competitivos, combinados con nuestro firme compromiso con la calidad, hacen de FMP la opci\u00f3n inteligente para las empresas que buscan invertir en soluciones hidr\u00e1ulicas confiables.<\/p>","protected":false},"excerpt":{"rendered":"<p>Professional Multi Stage Hydraulic Cylinder Telescopic Hydraulic Cylinder For Dump Truck The professional multi-stage hydraulic cylinder is a versatile tool specially designed for dump trucks. Manufactured by FMP, an industry-leading brand that stands for quality and reliability, this hydraulic cylinder is known for its high efficiency, safety, and energy-saving capabilities. Its primary use is to [&hellip;]<\/p>","protected":false},"featured_media":6698,"comment_status":"closed","ping_status":"closed","template":"","meta":{"_et_pb_use_builder":"","_et_pb_old_content":"","_et_gb_content_width":""},"product_brand":[],"product_cat":[103],"product_tag":[34,105],"class_list":{"0":"post-6530","1":"product","2":"type-product","3":"status-publish","4":"has-post-thumbnail","6":"product_cat-telescopic-hydraulic-cylinders","7":"product_tag-hydraulic-cylinder","8":"product_tag-telescopic-hydraulic-cylinders","10":"first","11":"instock","12":"product-type-simple"},"_links":{"self":[{"href":"https:\/\/fmp-components.com\/es\/wp-json\/wp\/v2\/product\/6530","targetHints":{"allow":["GET"]}}],"collection":[{"href":"https:\/\/fmp-components.com\/es\/wp-json\/wp\/v2\/product"}],"about":[{"href":"https:\/\/fmp-components.com\/es\/wp-json\/wp\/v2\/types\/product"}],"replies":[{"embeddable":true,"href":"https:\/\/fmp-components.com\/es\/wp-json\/wp\/v2\/comments?post=6530"}],"wp:featuredmedia":[{"embeddable":true,"href":"https:\/\/fmp-components.com\/es\/wp-json\/wp\/v2\/media\/6698"}],"wp:attachment":[{"href":"https:\/\/fmp-components.com\/es\/wp-json\/wp\/v2\/media?parent=6530"}],"wp:term":[{"taxonomy":"product_brand","embeddable":true,"href":"https:\/\/fmp-components.com\/es\/wp-json\/wp\/v2\/product_brand?post=6530"},{"taxonomy":"product_cat","embeddable":true,"href":"https:\/\/fmp-components.com\/es\/wp-json\/wp\/v2\/product_cat?post=6530"},{"taxonomy":"product_tag","embeddable":true,"href":"https:\/\/fmp-components.com\/es\/wp-json\/wp\/v2\/product_tag?post=6530"}],"curies":[{"name":"gracias","href":"https:\/\/api.w.org\/{rel}","templated":true}]}}