{"id":6527,"date":"2025-03-11T06:28:19","date_gmt":"2025-03-11T06:28:19","guid":{"rendered":"https:\/\/fmp-components.com\/product\/excellent-quality-small-dump-truck-hydraulic-cylinder-multistage-hydraulic-cylinder"},"modified":"2025-03-18T01:59:01","modified_gmt":"2025-03-18T01:59:01","slug":"excellent-quality-small-dump-truck-hydraulic-cylinder-multistage-hydraulic-cylinder","status":"publish","type":"product","link":"https:\/\/fmp-components.com\/es\/product\/excellent-quality-small-dump-truck-hydraulic-cylinder-multistage-hydraulic-cylinder\/","title":{"rendered":"Cilindro hidr\u00e1ulico multietapa para cami\u00f3n volquete peque\u00f1o de excelente calidad"},"content":{"rendered":"<h2>Cilindro hidr\u00e1ulico multietapa para cami\u00f3n volquete peque\u00f1o de excelente calidad<\/h2>\n<p>FMP presenta el cilindro hidr\u00e1ulico multietapa de gama alta para camiones volquete peque\u00f1os, un producto de calidad superior dise\u00f1ado para un rendimiento \u00f3ptimo. Este cilindro hidr\u00e1ulico es un componente crucial en diversas industrias, como talleres de reparaci\u00f3n de maquinaria, explotaciones agr\u00edcolas, energ\u00eda y miner\u00eda, fabricaci\u00f3n de maquinaria y f\u00e1bricas de maquinaria.<\/p>\n<h3>Especificaciones del producto<\/h3>\n<p>Nuestro cilindro hidr\u00e1ulico cuenta con una robusta carcasa de acero, estructura est\u00e1ndar y un sistema hidr\u00e1ulico de alta potencia. Este cilindro hidr\u00e1ulico multietapa ofrece un empuje m\u00e1ximo de 3000, una fuerza de tracci\u00f3n m\u00e1xima de 20 toneladas y un elegante acabado en color negro.<\/p>\n<table style=\"width: 93.1612%;\" border=\"\">\n<tbody>\n<tr>\n<td style=\"width: 42.9379%;\"><i>Tama\u00f1o del orificio<\/i><\/td>\n<td style=\"width: 438.589%;\">2-6 pulgadas<\/td>\n<\/tr>\n<tr>\n<td style=\"width: 42.9379%;\"><i>Tama\u00f1o de la varilla<\/i><\/td>\n<td style=\"width: 438.589%;\">1,125-4 pulgadas<\/td>\n<\/tr>\n<tr>\n<td style=\"width: 42.9379%;\"><i>Tama\u00f1o del trazo<\/i><\/td>\n<td style=\"width: 438.589%;\">4-100 pulgadas<\/td>\n<\/tr>\n<tr>\n<td style=\"width: 42.9379%;\"><i>Tama\u00f1o del pin<\/i><\/td>\n<td style=\"width: 438.589%;\">0,5-2 pulgadas<\/td>\n<\/tr>\n<tr>\n<td style=\"width: 42.9379%;\"><i>Puertos<\/i><\/td>\n<td style=\"width: 438.589%;\">G\/SAE\/NPT\/M<\/td>\n<\/tr>\n<\/tbody>\n<\/table>\n<h2>Caracter\u00edsticas y ventajas \u00fanicas<\/h2>\n<ul>\n<li>Eficiencia energ\u00e9tica<\/li>\n<li>Rendimiento alto<\/li>\n<li>Seguro y confiable<\/li>\n<\/ul>\n<h2>Principio de funcionamiento y aplicaciones de los sistemas hidr\u00e1ulicos<\/h2>\n<p>Los sistemas hidr\u00e1ulicos funcionan seg\u00fan los principios fundamentales de la presi\u00f3n y el flujo de fluidos para realizar trabajo. Mediante el uso de fluido hidr\u00e1ulico incompresible, estos sistemas pueden transmitir fuerza de manera eficiente de un punto a otro. Cuando se aplica presi\u00f3n al fluido, este se mueve a trav\u00e9s de tuber\u00edas y cilindros, generando movimiento en la maquinaria. Este principio hace que los sistemas hidr\u00e1ulicos sean indispensables en una amplia gama de aplicaciones, entre las que se incluyen:<\/p>\n<ul>\n<li><strong>Maquinaria de construcci\u00f3n:<\/strong> Los sistemas hidr\u00e1ulicos son cruciales en excavadoras, bulldozers y gr\u00faas, ya que permiten una gran capacidad de elevaci\u00f3n y excavaci\u00f3n.<\/li>\n<li><strong>Equipos industriales:<\/strong> En la fabricaci\u00f3n, los sistemas hidr\u00e1ulicos accionan prensas, cintas transportadoras y brazos rob\u00f3ticos, mejorando la eficiencia y la precisi\u00f3n de la producci\u00f3n.<\/li>\n<li><strong>Maquinaria agr\u00edcola:<\/strong> Los sistemas hidr\u00e1ulicos permiten que los tractores y las cosechadoras realicen tareas como levantar, arar y transportar con facilidad, mejorando as\u00ed la productividad agr\u00edcola general.<\/li>\n<\/ul>\n<h2>Cilindros hidr\u00e1ulicos y unidades de potencia<\/h2>\n<p>Los cilindros hidr\u00e1ulicos y las unidades de potencia son componentes esenciales de un sistema hidr\u00e1ulico, que trabajan conjuntamente para facilitar el uso eficaz de la tecnolog\u00eda hidr\u00e1ulica en diversas industrias. El cilindro hidr\u00e1ulico act\u00faa como actuador, convirtiendo la energ\u00eda hidr\u00e1ulica en movimiento mec\u00e1nico, mientras que la unidad de potencia genera y regula la presi\u00f3n hidr\u00e1ulica necesaria para su funcionamiento.<\/p>\n<p>Su acci\u00f3n conjunta garantiza la amplia aplicaci\u00f3n de la tecnolog\u00eda hidr\u00e1ulica en el sector industrial, proporcionando una alimentaci\u00f3n y un control fiables para una gran variedad de equipos de ingenier\u00eda y mec\u00e1nica. FMP tambi\u00e9n ofrece una gama de unidades de potencia de alta calidad, dise\u00f1adas para complementar nuestros cilindros hidr\u00e1ulicos y optimizar el rendimiento del sistema. Este enfoque integral asegura que nuestros clientes tengan acceso a las herramientas necesarias para lograr una eficiencia y productividad \u00f3ptimas en sus operaciones.<\/p>\n<h2>Preguntas frecuentes<\/h2>\n<p><strong>P: \u00bfEs usted una empresa comercial o un fabricante?<\/strong><br \/>\nA: Somos un fabricante.<\/p>\n<p><strong>P: \u00bfCu\u00e1nto tiempo dura el env\u00edo?<\/strong><br \/>\nR: Generalmente son entre 25 y 35 d\u00edas.<\/p>\n<p><strong>P: \u00bfOfrecen muestras? \u00bfSon gratuitas o tienen un coste adicional?<\/strong><br \/>\nR: S\u00ed, podr\u00edamos ofrecer la muestra, pero no es gratis.<\/p>\n<h3>Acerca de FMP<\/h3>\n<p>FMP es un fabricante italiano de primer nivel especializado en el dise\u00f1o, desarrollo y producci\u00f3n de cilindros hidr\u00e1ulicos de alta calidad. Con d\u00e9cadas de experiencia, combinamos la artesan\u00eda tradicional italiana con tecnolog\u00eda de vanguardia para ofrecer soluciones hidr\u00e1ulicas excepcionales que satisfacen las diversas necesidades de nuestros clientes globales. Con sede en Italia, un centro de excelencia en ingenier\u00eda, FMP se ha consolidado como una marca de confianza en la industria hidr\u00e1ulica, dedicada a ofrecer productos fiables, duraderos e innovadores que impulsan a empresas de todo el mundo.<\/p>\n<p>Nuestra empresa combina la tradici\u00f3n de fabricaci\u00f3n avanzada con un enfoque innovador. Gracias a a\u00f1os de experiencia en sistemas hidr\u00e1ulicos, FMP se ha transformado en una empresa moderna que destaca en investigaci\u00f3n, dise\u00f1o y producci\u00f3n. Ofrecemos una amplia gama de cilindros hidr\u00e1ulicos, incluyendo cilindros de doble efecto, cilindros de elevaci\u00f3n para autom\u00f3viles, cilindros para maquinaria agr\u00edcola y soluciones personalizadas para diversas aplicaciones industriales. Ya sea para construcci\u00f3n, instalaciones industriales, agricultura o maquinaria pesada, nuestros cilindros hidr\u00e1ulicos est\u00e1n dise\u00f1ados para funcionar en las condiciones m\u00e1s exigentes, garantizando seguridad, eficiencia y durabilidad.<\/p>\n<p><img loading=\"lazy\" decoding=\"async\" class=\"alignnone size-full wp-image-6720\" src=\"https:\/\/fmp-components.com\/wp-content\/uploads\/2025\/03\/hydraulic-cylinder-8.webp\" alt=\"Cilindros hidr\u00e1ulicos telesc\u00f3picos\" width=\"933\" height=\"526\" title=\"\" srcset=\"https:\/\/fmp-components.com\/wp-content\/uploads\/2025\/03\/hydraulic-cylinder-8.webp 933w, https:\/\/fmp-components.com\/wp-content\/uploads\/2025\/03\/hydraulic-cylinder-8-480x271.webp 480w\" sizes=\"(min-width: 0px) and (max-width: 480px) 480px, (min-width: 481px) 933px, 100vw\" \/><\/p>\n<p>En FMP, nos enorgullecemos de nuestras instalaciones de producci\u00f3n de vanguardia, equipadas con maquinaria de precisi\u00f3n y sistemas de prueba avanzados. Nuestros procesos de fabricaci\u00f3n cumplen con rigurosas normas nacionales e internacionales, garantizando que cada cilindro hidr\u00e1ulico producido cumpla con los m\u00e1s altos est\u00e1ndares de calidad y fiabilidad. Nuestro equipo t\u00e9cnico cualificado, junto con equipos de vanguardia, nos permite mantener un estricto control de calidad en cada etapa de la producci\u00f3n, desde la selecci\u00f3n de la materia prima hasta la inspecci\u00f3n final. Este compromiso con la excelencia nos ha valido certificaciones y el reconocimiento de las autoridades del sector, consolidando nuestra reputaci\u00f3n como un socio confiable.<\/p>\n<p>Nuestra misi\u00f3n es simple y ambiciosa: ofrecer a nuestros clientes cilindros hidr\u00e1ulicos que superen sus expectativas en rendimiento, durabilidad y valor. Operamos bajo los principios de profesionalismo, integridad y orientaci\u00f3n al cliente. Fomentando una cultura de innovaci\u00f3n y precisi\u00f3n, perfeccionamos continuamente nuestros productos para mantenernos a la vanguardia en un mercado competitivo. Nuestra amplia gama de productos y nuestra capacidad para ofrecer soluciones a medida nos convierten en la opci\u00f3n preferida de las empresas que buscan cilindros hidr\u00e1ulicos de alto rendimiento.<\/p>\n<p>FMP es m\u00e1s que un simple fabricante; somos un socio clave para su \u00e9xito. Entendemos que nuestros clientes dependen de nosotros para ofrecerles herramientas que mejoren su productividad y seguridad. Por eso, nos dedicamos a ofrecer no solo productos de primera calidad, sino tambi\u00e9n un servicio excepcional. Desde la consulta inicial hasta el soporte posventa, colaboramos estrechamente con nuestros clientes para garantizar que sus necesidades se satisfagan con profesionalismo y atenci\u00f3n. Nuestros precios competitivos, junto con un compromiso inquebrantable con la calidad, hacen de FMP la opci\u00f3n inteligente para las empresas que buscan invertir en soluciones hidr\u00e1ulicas confiables.<\/p>","protected":false},"excerpt":{"rendered":"<p>Excellent Quality Small Dump Truck Hydraulic Cylinder Multistage Hydraulic Cylinder FMP presents the top-of-the-line small dump truck hydraulic cylinder multistage hydraulic cylinder, a product of superior quality designed for optimum performance. This hydraulic cylinder is a crucial component in various industries such as machinery repair shops, farms, energy &amp; mining, machinery manufacturing, and machinery factories. [&hellip;]<\/p>","protected":false},"featured_media":6755,"comment_status":"closed","ping_status":"closed","template":"","meta":{"_et_pb_use_builder":"","_et_pb_old_content":"","_et_gb_content_width":""},"product_brand":[],"product_cat":[103],"product_tag":[34,105],"class_list":{"0":"post-6527","1":"product","2":"type-product","3":"status-publish","4":"has-post-thumbnail","6":"product_cat-telescopic-hydraulic-cylinders","7":"product_tag-hydraulic-cylinder","8":"product_tag-telescopic-hydraulic-cylinders","10":"first","11":"instock","12":"product-type-simple"},"_links":{"self":[{"href":"https:\/\/fmp-components.com\/es\/wp-json\/wp\/v2\/product\/6527","targetHints":{"allow":["GET"]}}],"collection":[{"href":"https:\/\/fmp-components.com\/es\/wp-json\/wp\/v2\/product"}],"about":[{"href":"https:\/\/fmp-components.com\/es\/wp-json\/wp\/v2\/types\/product"}],"replies":[{"embeddable":true,"href":"https:\/\/fmp-components.com\/es\/wp-json\/wp\/v2\/comments?post=6527"}],"wp:featuredmedia":[{"embeddable":true,"href":"https:\/\/fmp-components.com\/es\/wp-json\/wp\/v2\/media\/6755"}],"wp:attachment":[{"href":"https:\/\/fmp-components.com\/es\/wp-json\/wp\/v2\/media?parent=6527"}],"wp:term":[{"taxonomy":"product_brand","embeddable":true,"href":"https:\/\/fmp-components.com\/es\/wp-json\/wp\/v2\/product_brand?post=6527"},{"taxonomy":"product_cat","embeddable":true,"href":"https:\/\/fmp-components.com\/es\/wp-json\/wp\/v2\/product_cat?post=6527"},{"taxonomy":"product_tag","embeddable":true,"href":"https:\/\/fmp-components.com\/es\/wp-json\/wp\/v2\/product_tag?post=6527"}],"curies":[{"name":"gracias","href":"https:\/\/api.w.org\/{rel}","templated":true}]}}