{"id":6522,"date":"2025-03-11T06:26:57","date_gmt":"2025-03-11T06:26:57","guid":{"rendered":"https:\/\/fmp-components.com\/product\/factory-customized-2-stage-hydraulic-cylinder-small-dump-truck-multistage-hydraulic-cylinder"},"modified":"2025-03-12T01:10:20","modified_gmt":"2025-03-12T01:10:20","slug":"factory-customized-2-stage-hydraulic-cylinder-small-dump-truck-multistage-hydraulic-cylinder","status":"publish","type":"product","link":"https:\/\/fmp-components.com\/es\/product\/factory-customized-2-stage-hydraulic-cylinder-small-dump-truck-multistage-hydraulic-cylinder\/","title":{"rendered":"Cilindro hidr\u00e1ulico de dos etapas personalizado de f\u00e1brica para cami\u00f3n volquete peque\u00f1o, cilindro hidr\u00e1ulico multietapa."},"content":{"rendered":"<h2>Cilindro hidr\u00e1ulico de dos etapas personalizado de f\u00e1brica para cami\u00f3n volquete peque\u00f1o, cilindro hidr\u00e1ulico multietapa.<\/h2>\n<p>Descubra la extraordinaria eficiencia y durabilidad de nuestro cilindro hidr\u00e1ulico de dos etapas, personalizado en f\u00e1brica. Dise\u00f1ado espec\u00edficamente para volquetes peque\u00f1os y otra maquinaria, este cilindro hidr\u00e1ulico multietapa ofrece un rendimiento y una fiabilidad inigualables. Ya sea que trabaje en reparaci\u00f3n de maquinaria, agricultura, energ\u00eda y miner\u00eda, o fabricaci\u00f3n de maquinaria, nuestro cilindro hidr\u00e1ulico superar\u00e1 sus expectativas.<\/p>\n<h2>Especificaciones del producto<\/h2>\n<p>Dedicamos mucha atenci\u00f3n al dise\u00f1o y la fabricaci\u00f3n de nuestros cilindros hidr\u00e1ulicos. Estos son los par\u00e1metros clave:<\/p>\n<table style=\"width: 100.555%;\" border=\"\">\n<tbody>\n<tr>\n<td style=\"width: 43.5028%;\"><i>Tama\u00f1o del orificio:<\/i><\/td>\n<td style=\"width: 488.136%;\">2-6 pulgadas<\/td>\n<\/tr>\n<tr>\n<td style=\"width: 43.5028%;\"><i>Tama\u00f1o de la varilla:<\/i><\/td>\n<td style=\"width: 488.136%;\">1,125-4 pulgadas<\/td>\n<\/tr>\n<tr>\n<td style=\"width: 43.5028%;\"><i>Tama\u00f1o del trazo:<\/i><\/td>\n<td style=\"width: 488.136%;\">4-100 pulgadas<\/td>\n<\/tr>\n<tr>\n<td style=\"width: 43.5028%;\"><i>Tama\u00f1o del pin:<\/i><\/td>\n<td style=\"width: 488.136%;\">0,5-2 pulgadas<\/td>\n<\/tr>\n<tr>\n<td style=\"width: 43.5028%;\"><i>Puertos:<\/i><\/td>\n<td style=\"width: 488.136%;\">G\/SAE\/NPT\/M<\/td>\n<\/tr>\n<\/tbody>\n<\/table>\n<h2>Caracter\u00edsticas y beneficios \u00fanicos<\/h2>\n<p>Nuestros cilindros hidr\u00e1ulicos est\u00e1n dise\u00f1ados con una gama de caracter\u00edsticas \u00fanicas que los distinguen en el mercado. Una de sus caracter\u00edsticas m\u00e1s destacadas es su eficiencia energ\u00e9tica, que garantiza un m\u00ednimo desperdicio de energ\u00eda durante su funcionamiento, lo que se traduce en menores costos operativos y un menor impacto ambiental. Adem\u00e1s, estos cilindros est\u00e1n dise\u00f1ados para un alto rendimiento, proporcionando la fuerza y \u200b\u200bla velocidad necesarias para realizar con precisi\u00f3n incluso las tareas m\u00e1s exigentes. La seguridad tambi\u00e9n es nuestra m\u00e1xima prioridad; nuestros cilindros hidr\u00e1ulicos est\u00e1n equipados con mecanismos de seguridad avanzados que evitan la sobrepresi\u00f3n y garantizan un funcionamiento fiable en diversas condiciones.<\/p>\n<p>Estos cilindros est\u00e1n dise\u00f1ados para soportar los entornos m\u00e1s exigentes, con materiales duraderos y una construcci\u00f3n robusta que optimiza su longevidad y rendimiento. Ya sea que se enfrenten a temperaturas extremas, cargas pesadas o condiciones de trabajo rigurosas, nuestros cilindros hidr\u00e1ulicos est\u00e1n dise\u00f1ados para durar, ofreciendo resultados consistentes y minimizando el tiempo de inactividad. Esta combinaci\u00f3n de eficiencia energ\u00e9tica, alto rendimiento y seguridad convierte a nuestros cilindros hidr\u00e1ulicos en una valiosa inversi\u00f3n para cualquier industria.<\/p>\n<p><img loading=\"lazy\" decoding=\"async\" class=\"alignnone  wp-image-6665\" src=\"https:\/\/fmp-components.com\/wp-content\/uploads\/2025\/03\/telescopic-hydraulic-cylinder-9.webp\" alt=\"cilindro hidr\u00e1ulico telesc\u00f3pico\" width=\"916\" height=\"916\" title=\"\" srcset=\"https:\/\/fmp-components.com\/wp-content\/uploads\/2025\/03\/telescopic-hydraulic-cylinder-9.webp 916w, https:\/\/fmp-components.com\/wp-content\/uploads\/2025\/03\/telescopic-hydraulic-cylinder-9-480x480.webp 480w\" sizes=\"(min-width: 0px) and (max-width: 480px) 480px, (min-width: 481px) 916px, 100vw\" \/><\/p>\n<h3>Sistemas hidr\u00e1ulicos y principios de funcionamiento<\/h3>\n<p>Los sistemas hidr\u00e1ulicos funcionan seg\u00fan el principio fundamental de aprovechar la fuerza de la presi\u00f3n del l\u00edquido. Dentro de nuestros cilindros hidr\u00e1ulicos, un pist\u00f3n se acciona mediante la presi\u00f3n del fluido hidr\u00e1ulico que se bombea al cilindro. Al entrar, el fluido ejerce presi\u00f3n sobre el pist\u00f3n, provoc\u00e1ndolo su movimiento. Este movimiento se transfiere eficazmente a la maquinaria conectada, proporcionando la potencia necesaria para realizar una amplia variedad de tareas. Al aprovechar la presi\u00f3n del l\u00edquido, los sistemas hidr\u00e1ulicos pueden generar una fuerza significativa y facilitar un movimiento suave y controlado, lo que los hace esenciales en aplicaciones que abarcan desde equipos de construcci\u00f3n hasta procesos de fabricaci\u00f3n.<\/p>\n<h2>Cilindros hidr\u00e1ulicos y unidades de potencia<\/h2>\n<p>Los cilindros hidr\u00e1ulicos y las unidades de potencia son componentes integrales de los sistemas hidr\u00e1ulicos y trabajan en armon\u00eda para garantizar la aplicaci\u00f3n eficaz de la tecnolog\u00eda hidr\u00e1ulica en diversas industrias. El cilindro hidr\u00e1ulico act\u00faa como actuador, convirtiendo la energ\u00eda hidr\u00e1ulica en movimiento mec\u00e1nico, mientras que la unidad de potencia es el n\u00facleo del sistema, suministrando el fluido presurizado que impulsa el funcionamiento del cilindro. Juntos, proporcionan potencia y control fiables para una amplia gama de equipos de ingenier\u00eda y mec\u00e1nicos.<\/p>\n<p>En FMP, reconocemos la importancia crucial de estos componentes para mejorar la eficiencia operativa. Por eso, tambi\u00e9n ofrecemos una selecci\u00f3n de unidades de potencia, lo que garantiza una soluci\u00f3n integral para todas sus necesidades de sistemas hidr\u00e1ulicos. Nuestro compromiso con la calidad y el rendimiento le permite confiar en que nuestros productos le brindar\u00e1n la fiabilidad y la eficacia necesarias para sus operaciones, independientemente del sector o la aplicaci\u00f3n.<\/p>\n<h2>Preguntas frecuentes<\/h2>\n<p><b>P: \u00bfEs usted una empresa comercial o un fabricante?<\/b><br \/>\nA: Somos una f\u00e1brica.<\/p>\n<p><b>P: \u00bfCu\u00e1nto tiempo dura el env\u00edo?<\/b><br \/>\nR: Generalmente son entre 25 y 35 d\u00edas.<\/p>\n<p><b>P: \u00bfOfrecen muestras? \u00bfSon gratuitas o tienen un costo adicional?<\/b><br \/>\nR: S\u00ed, podr\u00edamos ofrecer la muestra, pero no es gratis.<\/p>\n<p><img loading=\"lazy\" decoding=\"async\" class=\"alignnone  wp-image-6717\" src=\"https:\/\/fmp-components.com\/wp-content\/uploads\/2025\/03\/hydraulic-cylinder-211.webp\" alt=\"Cilindros hidr\u00e1ulicos\" width=\"910\" height=\"912\" title=\"\" srcset=\"https:\/\/fmp-components.com\/wp-content\/uploads\/2025\/03\/hydraulic-cylinder-211.webp 910w, https:\/\/fmp-components.com\/wp-content\/uploads\/2025\/03\/hydraulic-cylinder-211-480x481.webp 480w\" sizes=\"(min-width: 0px) and (max-width: 480px) 480px, (min-width: 481px) 910px, 100vw\" \/><\/p>\n<h3>Acerca de FMP<\/h3>\n<p>FMP es un fabricante italiano de primer nivel, reconocido por su experiencia en el dise\u00f1o, desarrollo y producci\u00f3n de cilindros hidr\u00e1ulicos de alta calidad. Con un rico legado de d\u00e9cadas, combinamos la artesan\u00eda tradicional italiana con tecnolog\u00eda de vanguardia para crear soluciones hidr\u00e1ulicas excepcionales que satisfacen las diversas necesidades de nuestros clientes globales. Con sede en Italia, un centro de excelencia en ingenier\u00eda, FMP se ha consolidado como una marca de confianza en la industria hidr\u00e1ulica, dedicada a ofrecer productos fiables, duraderos e innovadores que impulsan a empresas de todo el mundo.<\/p>\n<p>Nuestra empresa fusiona la tradici\u00f3n de fabricaci\u00f3n avanzada con una mentalidad progresista. Gracias a nuestra amplia experiencia en sistemas hidr\u00e1ulicos, FMP se ha transformado en una empresa moderna que destaca en investigaci\u00f3n, dise\u00f1o y producci\u00f3n. Ofrecemos una amplia gama de cilindros hidr\u00e1ulicos, incluyendo cilindros de doble efecto, cilindros de elevaci\u00f3n para automoci\u00f3n, cilindros para maquinaria agr\u00edcola y soluciones de ingenier\u00eda personalizadas para diversas aplicaciones industriales. Ya sea para construcci\u00f3n, instalaciones industriales, agricultura o maquinaria pesada, nuestros cilindros hidr\u00e1ulicos est\u00e1n dise\u00f1ados para funcionar en las condiciones m\u00e1s exigentes, garantizando seguridad, eficiencia y durabilidad.<\/p>\n<p>En FMP, nos enorgullecemos de nuestras instalaciones de producci\u00f3n de vanguardia, equipadas con maquinaria de precisi\u00f3n y sistemas de prueba avanzados. Nuestros procesos de fabricaci\u00f3n cumplen con rigurosas normas nacionales e internacionales, lo que garantiza que cada cilindro hidr\u00e1ulico producido cumpla con los m\u00e1s altos est\u00e1ndares de calidad y fiabilidad. Nuestro equipo t\u00e9cnico cualificado, junto con equipos de \u00faltima generaci\u00f3n, nos permite mantener un estricto control de calidad en cada etapa de la producci\u00f3n, desde la selecci\u00f3n de la materia prima hasta la inspecci\u00f3n final. Este compromiso con la excelencia nos ha valido certificaciones y reconocimientos de las autoridades del sector, lo que refuerza nuestra reputaci\u00f3n como socio confiable.<\/p>\n<p><img loading=\"lazy\" decoding=\"async\" class=\"alignnone size-full wp-image-6720\" src=\"https:\/\/fmp-components.com\/wp-content\/uploads\/2025\/03\/hydraulic-cylinder-8.webp\" alt=\"Cilindros hidr\u00e1ulicos telesc\u00f3picos\" width=\"933\" height=\"526\" title=\"\" srcset=\"https:\/\/fmp-components.com\/wp-content\/uploads\/2025\/03\/hydraulic-cylinder-8.webp 933w, https:\/\/fmp-components.com\/wp-content\/uploads\/2025\/03\/hydraulic-cylinder-8-480x271.webp 480w\" sizes=\"(min-width: 0px) and (max-width: 480px) 480px, (min-width: 481px) 933px, 100vw\" \/><\/p>\n<p>Nuestra misi\u00f3n es sencilla pero ambiciosa: ofrecer a nuestros clientes cilindros hidr\u00e1ulicos que superen sus expectativas en rendimiento, durabilidad y valor. Trabajamos con profesionalismo, integridad y orientaci\u00f3n al cliente. Fomentando una cultura de innovaci\u00f3n y precisi\u00f3n, mejoramos continuamente nuestros productos para mantener una ventaja competitiva en el mercado. Nuestra amplia gama de productos y nuestra capacidad para ofrecer soluciones a medida nos convierten en la opci\u00f3n preferida de las empresas que buscan cilindros hidr\u00e1ulicos de alto rendimiento.<\/p>\n<p>FMP es m\u00e1s que un simple fabricante; somos un socio clave para su \u00e9xito. Reconocemos que nuestros clientes conf\u00edan en nosotros para ofrecerles herramientas que mejoren su productividad y seguridad. Por ello, nos comprometemos a ofrecer no solo productos de alta calidad, sino tambi\u00e9n un servicio excepcional. Desde la consulta inicial hasta el soporte posventa, colaboramos estrechamente con nuestros clientes para garantizar que sus necesidades se satisfagan con profesionalismo y esmero. Nuestros precios competitivos, combinados con nuestro firme compromiso con la calidad, posicionan a FMP como la opci\u00f3n inteligente para las empresas que buscan invertir en soluciones hidr\u00e1ulicas de confianza.<\/p>","protected":false},"excerpt":{"rendered":"<p>Factory Customized 2 Stage Hydraulic Cylinder Small Dump Truck Multistage Hydraulic Cylinder Discover the remarkable efficiency and durability of our Factory Customized 2 Stage Hydraulic Cylinder. Designed specifically for small dump trucks and other machinery, this multistage hydraulic cylinder offers unmatched performance and reliability. Whether you work in machinery repair, farming, energy &amp; mining, or [&hellip;]<\/p>","protected":false},"featured_media":6690,"comment_status":"closed","ping_status":"closed","template":"","meta":{"_et_pb_use_builder":"","_et_pb_old_content":"","_et_gb_content_width":""},"product_brand":[],"product_cat":[103],"product_tag":[34,105],"class_list":{"0":"post-6522","1":"product","2":"type-product","3":"status-publish","4":"has-post-thumbnail","6":"product_cat-telescopic-hydraulic-cylinders","7":"product_tag-hydraulic-cylinder","8":"product_tag-telescopic-hydraulic-cylinders","10":"first","11":"instock","12":"product-type-simple"},"_links":{"self":[{"href":"https:\/\/fmp-components.com\/es\/wp-json\/wp\/v2\/product\/6522","targetHints":{"allow":["GET"]}}],"collection":[{"href":"https:\/\/fmp-components.com\/es\/wp-json\/wp\/v2\/product"}],"about":[{"href":"https:\/\/fmp-components.com\/es\/wp-json\/wp\/v2\/types\/product"}],"replies":[{"embeddable":true,"href":"https:\/\/fmp-components.com\/es\/wp-json\/wp\/v2\/comments?post=6522"}],"wp:featuredmedia":[{"embeddable":true,"href":"https:\/\/fmp-components.com\/es\/wp-json\/wp\/v2\/media\/6690"}],"wp:attachment":[{"href":"https:\/\/fmp-components.com\/es\/wp-json\/wp\/v2\/media?parent=6522"}],"wp:term":[{"taxonomy":"product_brand","embeddable":true,"href":"https:\/\/fmp-components.com\/es\/wp-json\/wp\/v2\/product_brand?post=6522"},{"taxonomy":"product_cat","embeddable":true,"href":"https:\/\/fmp-components.com\/es\/wp-json\/wp\/v2\/product_cat?post=6522"},{"taxonomy":"product_tag","embeddable":true,"href":"https:\/\/fmp-components.com\/es\/wp-json\/wp\/v2\/product_tag?post=6522"}],"curies":[{"name":"gracias","href":"https:\/\/api.w.org\/{rel}","templated":true}]}}