{"id":6520,"date":"2025-03-11T06:26:57","date_gmt":"2025-03-11T06:26:57","guid":{"rendered":"https:\/\/fmp-components.com\/product\/durable-hydraulic-cylinders-5-stage-telescopic-hydraulic-cylinder-for-sale"},"modified":"2025-03-12T01:16:29","modified_gmt":"2025-03-12T01:16:29","slug":"durable-hydraulic-cylinders-5-stage-telescopic-hydraulic-cylinder-for-sale","status":"publish","type":"product","link":"https:\/\/fmp-components.com\/es\/product\/durable-hydraulic-cylinders-5-stage-telescopic-hydraulic-cylinder-for-sale\/","title":{"rendered":"Cilindros hidr\u00e1ulicos duraderos. Cilindro hidr\u00e1ulico telesc\u00f3pico de 5 etapas en venta."},"content":{"rendered":"<h2>Cilindros hidr\u00e1ulicos duraderos. Cilindro hidr\u00e1ulico telesc\u00f3pico de 5 etapas en venta.<\/h2>\n<p>Descubra la potencia de nuestros duraderos cilindros hidr\u00e1ulicos, un cilindro hidr\u00e1ulico telesc\u00f3pico de 5 etapas, ya disponible para la venta. Esta nueva unidad est\u00e1 dise\u00f1ada para optimizar el rendimiento en diversas industrias, como talleres de reparaci\u00f3n de maquinaria, granjas, energ\u00eda y miner\u00eda, fabricaci\u00f3n de maquinaria y f\u00e1bricas de maquinaria.<\/p>\n<h2>Caracter\u00edsticas y funcionalidad del producto<\/h2>\n<p>Nuestro cilindro hidr\u00e1ulico cuenta con una estructura est\u00e1ndar con cuerpo de acero, lo que garantiza su durabilidad y un uso prolongado. El cilindro hidr\u00e1ulico multietapa tiene un empuje m\u00e1ximo de 3000 y una tracci\u00f3n m\u00e1xima de 20 toneladas, lo que demuestra su alta eficiencia y fiabilidad. Esta impresionante unidad cuenta con la certificaci\u00f3n ISO9001:2000, lo que garantiza sus est\u00e1ndares de calidad y seguridad.<\/p>\n<h3>Especificaciones t\u00e9cnicas<\/h3>\n<p>Nuestro cilindro hidr\u00e1ulico tiene un di\u00e1metro interior de 2-6 pulgadas, un v\u00e1stago de 1,125-4 pulgadas, una carrera de 4-100 pulgadas y un pasador de 0,5-2 pulgadas. Est\u00e1 disponible en un elegante color negro y pesa aproximadamente 42 kg.<\/p>\n<table style=\"width: 98.2317%;\" border=\"\">\n<tbody>\n<tr>\n<td style=\"width: 42.9379%;\"><i>Tama\u00f1o del orificio<\/i><\/td>\n<td style=\"width: 464.972%;\">2-6 pulgadas<\/td>\n<\/tr>\n<tr>\n<td style=\"width: 42.9379%;\"><i>Tama\u00f1o de la varilla<\/i><\/td>\n<td style=\"width: 464.972%;\">1,125-4 pulgadas<\/td>\n<\/tr>\n<tr>\n<td style=\"width: 42.9379%;\"><i>Tama\u00f1o del trazo<\/i><\/td>\n<td style=\"width: 464.972%;\">4-100 pulgadas<\/td>\n<\/tr>\n<tr>\n<td style=\"width: 42.9379%;\"><i>Tama\u00f1o del pin<\/i><\/td>\n<td style=\"width: 464.972%;\">0,5-2 pulgadas<\/td>\n<\/tr>\n<tr>\n<td style=\"width: 42.9379%;\"><i>Puertos<\/i><\/td>\n<td style=\"width: 464.972%;\">G\/SAE\/NPT\/M<\/td>\n<\/tr>\n<\/tbody>\n<\/table>\n<h3>Puntos de venta \u00fanicos<\/h3>\n<ul>\n<li>Eficiencia energ\u00e9tica: Nuestro cilindro hidr\u00e1ulico est\u00e1 dise\u00f1ado para reducir el consumo de energ\u00eda, lo que lo convierte en una opci\u00f3n sustentable para las necesidades de su maquinaria.<\/li>\n<li>Alta Eficiencia: Con su alta capacidad de empuje y tracci\u00f3n, este cilindro hidr\u00e1ulico asegura m\u00e1xima productividad y eficiencia en sus operaciones.<\/li>\n<li>Seguridad: Nuestro cilindro hidr\u00e1ulico cuenta con certificaci\u00f3n ISO9001:2000, lo que garantiza los m\u00e1s altos est\u00e1ndares de seguridad en su desempe\u00f1o.<\/li>\n<\/ul>\n<p><img loading=\"lazy\" decoding=\"async\" class=\"alignnone  wp-image-6658\" src=\"https:\/\/fmp-components.com\/wp-content\/uploads\/2025\/03\/telescopic-hydraulic-cylinder-6.webp\" alt=\"cilindro hidr\u00e1ulico telesc\u00f3pico\" width=\"935\" height=\"935\" title=\"\" srcset=\"https:\/\/fmp-components.com\/wp-content\/uploads\/2025\/03\/telescopic-hydraulic-cylinder-6.webp 935w, https:\/\/fmp-components.com\/wp-content\/uploads\/2025\/03\/telescopic-hydraulic-cylinder-6-480x480.webp 480w\" sizes=\"(min-width: 0px) and (max-width: 480px) 480px, (min-width: 481px) 935px, 100vw\" \/><\/p>\n<h2>Comprensi\u00f3n de los sistemas hidr\u00e1ulicos y su principio de funcionamiento<\/h2>\n<p>Los sistemas hidr\u00e1ulicos desempe\u00f1an un papel crucial en diversas industrias debido a su capacidad para generar grandes cantidades de potencia y controlar la maquinaria. Los cilindros hidr\u00e1ulicos, como los nuestros, convierten la energ\u00eda hidr\u00e1ulica en energ\u00eda mec\u00e1nica, lo que resulta en un movimiento potente y controlado.<\/p>\n<h2>Cilindros hidr\u00e1ulicos y unidades de potencia<\/h2>\n<p>El cilindro hidr\u00e1ulico y la unidad de potencia son componentes indispensables en un sistema hidr\u00e1ulico. Trabajan juntos para garantizar la amplia aplicaci\u00f3n de la tecnolog\u00eda hidr\u00e1ulica en el \u00e1mbito industrial. El cilindro hidr\u00e1ulico, como actuador, se encarga de convertir la energ\u00eda hidr\u00e1ulica en movimiento mec\u00e1nico, transformando la presi\u00f3n en fuerza. La unidad de potencia es el n\u00facleo que proporciona la energ\u00eda y las se\u00f1ales de control que requiere el sistema hidr\u00e1ulico. La cooperaci\u00f3n coordinada entre ambos permite el funcionamiento normal del sistema hidr\u00e1ulico. FMP tambi\u00e9n ofrece unidades de potencia para la venta.<\/p>\n<p><img loading=\"lazy\" decoding=\"async\" class=\"alignnone  wp-image-6659\" src=\"https:\/\/fmp-components.com\/wp-content\/uploads\/2025\/03\/telescopic-hydraulic-cylinder-12.webp\" alt=\"cilindro hidr\u00e1ulico telesc\u00f3pico\" width=\"921\" height=\"921\" title=\"\" srcset=\"https:\/\/fmp-components.com\/wp-content\/uploads\/2025\/03\/telescopic-hydraulic-cylinder-12.webp 921w, https:\/\/fmp-components.com\/wp-content\/uploads\/2025\/03\/telescopic-hydraulic-cylinder-12-480x480.webp 480w\" sizes=\"(min-width: 0px) and (max-width: 480px) 480px, (min-width: 481px) 921px, 100vw\" \/><\/p>\n<h2>Preguntas frecuentes<\/h2>\n<p>P: \u00bfEs usted una empresa comercial o un fabricante?<br \/>\nA: Somos una f\u00e1brica.<br \/>\nP: \u00bfCu\u00e1nto tiempo dura el env\u00edo?<br \/>\nR: Generalmente son entre 25 y 35 d\u00edas.<br \/>\nP: \u00bfOfrecen muestras? \u00bfSon gratuitas o tienen un costo adicional?<br \/>\nR: S\u00ed, podr\u00edamos ofrecer la muestra, pero no es gratis.<\/p>\n<h3>Acerca de FMP<\/h3>\n<p>FMP es un fabricante italiano de primer nivel, reconocido por su experiencia en el dise\u00f1o, desarrollo y producci\u00f3n de cilindros hidr\u00e1ulicos de alta calidad. Con un rico legado de d\u00e9cadas, combinamos la artesan\u00eda tradicional italiana con tecnolog\u00eda de vanguardia para crear soluciones hidr\u00e1ulicas excepcionales que satisfacen las diversas necesidades de nuestros clientes globales. Con sede en Italia, un centro de excelencia en ingenier\u00eda, FMP se ha consolidado como una marca de confianza en la industria hidr\u00e1ulica, dedicada a ofrecer productos fiables, duraderos e innovadores que impulsan a empresas de todo el mundo.<\/p>\n<p>Nuestra empresa fusiona la tradici\u00f3n de fabricaci\u00f3n avanzada con una mentalidad progresista. Gracias a nuestra amplia experiencia en sistemas hidr\u00e1ulicos, FMP se ha transformado en una empresa moderna que destaca en investigaci\u00f3n, dise\u00f1o y producci\u00f3n. Ofrecemos una amplia gama de cilindros hidr\u00e1ulicos, incluyendo cilindros de doble efecto, cilindros de elevaci\u00f3n para automoci\u00f3n, cilindros para maquinaria agr\u00edcola y soluciones de ingenier\u00eda personalizadas para diversas aplicaciones industriales. Ya sea para construcci\u00f3n, instalaciones industriales, agricultura o maquinaria pesada, nuestros cilindros hidr\u00e1ulicos est\u00e1n dise\u00f1ados para funcionar en las condiciones m\u00e1s exigentes, garantizando seguridad, eficiencia y durabilidad.<\/p>\n<p>En FMP, nos enorgullecemos de nuestras instalaciones de producci\u00f3n de vanguardia, equipadas con maquinaria de precisi\u00f3n y sistemas de prueba avanzados. Nuestros procesos de fabricaci\u00f3n cumplen con rigurosas normas nacionales e internacionales, lo que garantiza que cada cilindro hidr\u00e1ulico producido cumpla con los m\u00e1s altos est\u00e1ndares de calidad y fiabilidad. Nuestro equipo t\u00e9cnico cualificado, junto con equipos de \u00faltima generaci\u00f3n, nos permite mantener un estricto control de calidad en cada etapa de la producci\u00f3n, desde la selecci\u00f3n de la materia prima hasta la inspecci\u00f3n final. Este compromiso con la excelencia nos ha valido certificaciones y reconocimientos de las autoridades del sector, lo que refuerza nuestra reputaci\u00f3n como socio confiable.<\/p>\n<p><img loading=\"lazy\" decoding=\"async\" class=\"alignnone size-full wp-image-6720\" src=\"https:\/\/fmp-components.com\/wp-content\/uploads\/2025\/03\/hydraulic-cylinder-8.webp\" alt=\"Cilindros hidr\u00e1ulicos telesc\u00f3picos\" width=\"933\" height=\"526\" title=\"\" srcset=\"https:\/\/fmp-components.com\/wp-content\/uploads\/2025\/03\/hydraulic-cylinder-8.webp 933w, https:\/\/fmp-components.com\/wp-content\/uploads\/2025\/03\/hydraulic-cylinder-8-480x271.webp 480w\" sizes=\"(min-width: 0px) and (max-width: 480px) 480px, (min-width: 481px) 933px, 100vw\" \/><\/p>\n<p>Nuestra misi\u00f3n es sencilla pero ambiciosa: ofrecer a nuestros clientes cilindros hidr\u00e1ulicos que superen sus expectativas en rendimiento, durabilidad y valor. Trabajamos con profesionalismo, integridad y orientaci\u00f3n al cliente. Fomentando una cultura de innovaci\u00f3n y precisi\u00f3n, mejoramos continuamente nuestros productos para mantener una ventaja competitiva en el mercado. Nuestra amplia gama de productos y nuestra capacidad para ofrecer soluciones a medida nos convierten en la opci\u00f3n preferida de las empresas que buscan cilindros hidr\u00e1ulicos de alto rendimiento.<\/p>\n<p>FMP es m\u00e1s que un simple fabricante; somos un socio clave para su \u00e9xito. Reconocemos que nuestros clientes conf\u00edan en nosotros para ofrecerles herramientas que mejoren su productividad y seguridad. Por ello, nos comprometemos a ofrecer no solo productos de alta calidad, sino tambi\u00e9n un servicio excepcional. Desde la consulta inicial hasta el soporte posventa, colaboramos estrechamente con nuestros clientes para garantizar que sus necesidades se satisfagan con profesionalismo y esmero. Nuestros precios competitivos, combinados con nuestro firme compromiso con la calidad, posicionan a FMP como la opci\u00f3n inteligente para las empresas que buscan invertir en soluciones hidr\u00e1ulicas de confianza.<\/p>","protected":false},"excerpt":{"rendered":"<p>Durable Hydraulic Cylinders 5 Stage Telescopic Hydraulic Cylinder For Sale Discover the power of our Durable Hydraulic Cylinders, a 5 Stage Telescopic Hydraulic Cylinder, now available for sale. This brand-new unit is designed to enhance performance across a variety of industries, including machinery repair shops, farms, energy and mining, machinery manufacturing, and machinery factories. Product [&hellip;]<\/p>","protected":false},"featured_media":6691,"comment_status":"closed","ping_status":"closed","template":"","meta":{"_et_pb_use_builder":"","_et_pb_old_content":"","_et_gb_content_width":""},"product_brand":[],"product_cat":[103],"product_tag":[34,105],"class_list":{"0":"post-6520","1":"product","2":"type-product","3":"status-publish","4":"has-post-thumbnail","6":"product_cat-telescopic-hydraulic-cylinders","7":"product_tag-hydraulic-cylinder","8":"product_tag-telescopic-hydraulic-cylinders","10":"first","11":"instock","12":"product-type-simple"},"_links":{"self":[{"href":"https:\/\/fmp-components.com\/es\/wp-json\/wp\/v2\/product\/6520","targetHints":{"allow":["GET"]}}],"collection":[{"href":"https:\/\/fmp-components.com\/es\/wp-json\/wp\/v2\/product"}],"about":[{"href":"https:\/\/fmp-components.com\/es\/wp-json\/wp\/v2\/types\/product"}],"replies":[{"embeddable":true,"href":"https:\/\/fmp-components.com\/es\/wp-json\/wp\/v2\/comments?post=6520"}],"wp:featuredmedia":[{"embeddable":true,"href":"https:\/\/fmp-components.com\/es\/wp-json\/wp\/v2\/media\/6691"}],"wp:attachment":[{"href":"https:\/\/fmp-components.com\/es\/wp-json\/wp\/v2\/media?parent=6520"}],"wp:term":[{"taxonomy":"product_brand","embeddable":true,"href":"https:\/\/fmp-components.com\/es\/wp-json\/wp\/v2\/product_brand?post=6520"},{"taxonomy":"product_cat","embeddable":true,"href":"https:\/\/fmp-components.com\/es\/wp-json\/wp\/v2\/product_cat?post=6520"},{"taxonomy":"product_tag","embeddable":true,"href":"https:\/\/fmp-components.com\/es\/wp-json\/wp\/v2\/product_tag?post=6520"}],"curies":[{"name":"gracias","href":"https:\/\/api.w.org\/{rel}","templated":true}]}}