{"id":6506,"date":"2025-03-11T06:25:30","date_gmt":"2025-03-11T06:25:30","guid":{"rendered":"https:\/\/fmp-components.com\/product\/factory-direct-sale-double-acting-small-dump-truck-telescopic-hydraulic-cylinder"},"modified":"2025-03-18T02:00:07","modified_gmt":"2025-03-18T02:00:07","slug":"factory-direct-sale-double-acting-small-dump-truck-telescopic-hydraulic-cylinder","status":"publish","type":"product","link":"https:\/\/fmp-components.com\/es\/product\/factory-direct-sale-double-acting-small-dump-truck-telescopic-hydraulic-cylinder\/","title":{"rendered":"Cilindro hidr\u00e1ulico telesc\u00f3pico de doble efecto para camiones volquete peque\u00f1os, venta directa de f\u00e1brica"},"content":{"rendered":"<h2>Cilindro hidr\u00e1ulico telesc\u00f3pico de doble efecto para camiones volquete peque\u00f1os, venta directa de f\u00e1brica<\/h2>\n<p>Nuestro cilindro hidr\u00e1ulico telesc\u00f3pico de doble efecto para camiones volquete peque\u00f1os, de venta directa de f\u00e1brica, es una soluci\u00f3n robusta, eficiente y fiable para talleres de reparaci\u00f3n de maquinaria, granjas, industrias energ\u00e9ticas y mineras, y f\u00e1bricas de maquinaria. Este cilindro hidr\u00e1ulico, con certificaci\u00f3n ISO9001:2000, est\u00e1 dise\u00f1ado y fabricado por FMP, un prestigioso fabricante con sede en Italia.<\/p>\n<h3>Funcionalidad e importancia<\/h3>\n<p>El cilindro hidr\u00e1ulico telesc\u00f3pico proporciona la potencia necesaria para la mayor\u00eda de las aplicaciones en diversas industrias. Est\u00e1 dise\u00f1ado para soportar un empuje m\u00e1ximo de 3000 toneladas y una tracci\u00f3n m\u00e1xima de 20 toneladas, lo que proporciona un rendimiento s\u00f3lido y confiable. Con una estructura de cilindro de \u00e9mbolo est\u00e1ndar, es vers\u00e1til y adaptable para satisfacer sus diversas necesidades.<\/p>\n<h3>Especificaciones del producto<\/h3>\n<p>Este cilindro hidr\u00e1ulico est\u00e1 fabricado con acero de alta calidad, lo que garantiza su durabilidad y longevidad. Especificaciones clave:<\/p>\n<table style=\"width: 93.2692%;\" border=\"\">\n<tbody>\n<tr>\n<th style=\"width: 43.4286%;\">Tama\u00f1o del orificio<\/th>\n<td style=\"width: 385.714%;\">2-6 pulgadas<\/td>\n<\/tr>\n<tr>\n<th style=\"width: 43.4286%;\">Tama\u00f1o de la varilla<\/th>\n<td style=\"width: 385.714%;\">1,125-4 pulgadas<\/td>\n<\/tr>\n<tr>\n<th style=\"width: 43.4286%;\">Tama\u00f1o del trazo<\/th>\n<td style=\"width: 385.714%;\">4-100 pulgadas<\/td>\n<\/tr>\n<tr>\n<th style=\"width: 43.4286%;\">Tama\u00f1o del pin<\/th>\n<td style=\"width: 385.714%;\">0,5-2 pulgadas<\/td>\n<\/tr>\n<tr>\n<th style=\"width: 43.4286%;\">Puertos<\/th>\n<td style=\"width: 385.714%;\">G\/SAE\/NPT\/M<\/td>\n<\/tr>\n<\/tbody>\n<\/table>\n<h2>Caracter\u00edsticas y ventajas \u00fanicas<\/h2>\n<ul>\n<li style=\"list-style-type: none;\">\n<ul>\n<li>Eficiencia energ\u00e9tica: Dise\u00f1o \u00f3ptimo para reducir el consumo energ\u00e9tico.<\/li>\n<li>Alto rendimiento: garantiza un empuje m\u00e1ximo de 3000 y una tracci\u00f3n m\u00e1xima de 20 toneladas.<\/li>\n<li>Seguridad: Fabricado siguiendo estrictos est\u00e1ndares de seguridad.<\/li>\n<\/ul>\n<\/li>\n<\/ul>\n<p><img loading=\"lazy\" decoding=\"async\" class=\"alignnone size-full wp-image-6757\" src=\"https:\/\/fmp-components.com\/wp-content\/uploads\/2025\/03\/Telescopic-Hydraulic-Cylinders-114.webp\" alt=\"Cilindros hidr\u00e1ulicos telesc\u00f3picos\" width=\"2160\" height=\"2160\" title=\"\" srcset=\"https:\/\/fmp-components.com\/wp-content\/uploads\/2025\/03\/Telescopic-Hydraulic-Cylinders-114.webp 2160w, https:\/\/fmp-components.com\/wp-content\/uploads\/2025\/03\/Telescopic-Hydraulic-Cylinders-114-1280x1280.webp 1280w, https:\/\/fmp-components.com\/wp-content\/uploads\/2025\/03\/Telescopic-Hydraulic-Cylinders-114-980x980.webp 980w, https:\/\/fmp-components.com\/wp-content\/uploads\/2025\/03\/Telescopic-Hydraulic-Cylinders-114-480x480.webp 480w\" sizes=\"(min-width: 0px) and (max-width: 480px) 480px, (min-width: 481px) and (max-width: 980px) 980px, (min-width: 981px) and (max-width: 1280px) 1280px, (min-width: 1281px) 2160px, 100vw\" \/><\/p>\n<h2>Sistema hidr\u00e1ulico y principio de funcionamiento<\/h2>\n<p>Los cilindros hidr\u00e1ulicos funcionan seg\u00fan el principio de multiplicaci\u00f3n de fuerza mediante la presi\u00f3n del fluido. La fuerza generada mueve el pist\u00f3n del cilindro, lo que a su vez produce un movimiento mec\u00e1nico.<\/p>\n<h2>Escenarios de aplicaci\u00f3n<\/h2>\n<p>Nuestro cilindro hidr\u00e1ulico se utiliza ampliamente en talleres de reparaci\u00f3n de maquinaria, granjas, industrias energ\u00e9ticas y mineras, fabricaci\u00f3n de maquinaria y f\u00e1bricas de maquinaria. Es adecuado para camiones volquete peque\u00f1os y otra maquinaria pesada.<\/p>\n<h2>Cilindros hidr\u00e1ulicos y unidades de potencia<\/h2>\n<p>El cilindro hidr\u00e1ulico y la unidad de potencia son componentes indispensables del sistema hidr\u00e1ulico. Su funcionamiento sin\u00e9rgico garantiza la amplia aplicaci\u00f3n de la tecnolog\u00eda hidr\u00e1ulica en el sector industrial, proporcionando potencia y control fiables para diversos equipos de ingenier\u00eda y mec\u00e1nicos. FMP tambi\u00e9n ofrece unidades de potencia a la venta.<\/p>\n<h2>Preguntas frecuentes<\/h2>\n<p><strong>P: \u00bfEs usted una empresa comercial o un fabricante?<\/strong><\/p>\n<p>A: Somos un fabricante.<\/p>\n<p><strong>P: \u00bfCu\u00e1l es su tiempo de entrega?<\/strong><\/p>\n<p>R: Generalmente son entre 25 y 35 d\u00edas.<\/p>\n<p><strong>P: \u00bfOfrecen muestras? De ser as\u00ed, \u00bfson gratuitas?<\/strong><\/p>\n<p>R: S\u00ed, proporcionamos muestras, pero no son gratuitas.<\/p>\n<h3>Acerca de FMP<\/h3>\n<p class=\"break-words\">FMP es un fabricante italiano l\u00edder especializado en el dise\u00f1o, desarrollo y producci\u00f3n de cilindros hidr\u00e1ulicos de alta calidad. Con una rica tradici\u00f3n arraigada en d\u00e9cadas de experiencia, combinamos con orgullo la artesan\u00eda italiana con tecnolog\u00eda de vanguardia para ofrecer soluciones hidr\u00e1ulicas excepcionales, adaptadas a las diversas necesidades de nuestra clientela global. Con sede en Italia, un centro de excelencia en ingenier\u00eda, FMP se erige como una marca de confianza en la industria hidr\u00e1ulica, comprometida con el suministro de productos fiables, duraderos e innovadores que impulsan a empresas de todo el mundo.<\/p>\n<p class=\"break-words\">Nuestra empresa integra lo mejor de la fabricaci\u00f3n avanzada con un enfoque innovador. Gracias a a\u00f1os de experiencia en sistemas hidr\u00e1ulicos, FMP se ha convertido en una empresa moderna que destaca en investigaci\u00f3n, dise\u00f1o y producci\u00f3n. Nos especializamos en una amplia gama de cilindros hidr\u00e1ulicos, incluyendo cilindros de doble efecto, cilindros de elevaci\u00f3n para autom\u00f3viles, cilindros para maquinaria agr\u00edcola y soluciones de ingenier\u00eda personalizada para diversas aplicaciones industriales. Ya sea para construcci\u00f3n, instalaciones industriales, agricultura o maquinaria pesada, nuestros cilindros hidr\u00e1ulicos est\u00e1n dise\u00f1ados para funcionar en las condiciones m\u00e1s exigentes, garantizando seguridad, eficiencia y durabilidad.<\/p>\n<p><img loading=\"lazy\" decoding=\"async\" class=\"alignnone size-full wp-image-6720\" src=\"https:\/\/fmp-components.com\/wp-content\/uploads\/2025\/03\/hydraulic-cylinder-8.webp\" alt=\"Cilindros hidr\u00e1ulicos telesc\u00f3picos\" width=\"933\" height=\"526\" title=\"\" srcset=\"https:\/\/fmp-components.com\/wp-content\/uploads\/2025\/03\/hydraulic-cylinder-8.webp 933w, https:\/\/fmp-components.com\/wp-content\/uploads\/2025\/03\/hydraulic-cylinder-8-480x271.webp 480w\" sizes=\"(min-width: 0px) and (max-width: 480px) 480px, (min-width: 481px) 933px, 100vw\" \/><\/p>\n<p class=\"break-words\">En FMP, nos enorgullecemos de nuestras instalaciones de producci\u00f3n de vanguardia, equipadas con maquinaria de precisi\u00f3n y sistemas de prueba avanzados. Nuestros procesos de fabricaci\u00f3n cumplen rigurosos est\u00e1ndares nacionales e internacionales, lo que garantiza que cada cilindro hidr\u00e1ulico que sale de nuestra f\u00e1brica sea de la m\u00e1s alta calidad y fiabilidad. Nuestro equipo t\u00e9cnico cualificado, junto con equipos de vanguardia, nos permite mantener un estricto control de calidad en cada etapa de la producci\u00f3n, desde la selecci\u00f3n de la materia prima hasta la inspecci\u00f3n final. Esta dedicaci\u00f3n a la excelencia nos ha valido certificaciones y el reconocimiento de las autoridades del sector, consolidando a\u00fan m\u00e1s nuestra reputaci\u00f3n como socio confiable.<\/p>\n<p class=\"break-words\">Nuestra misi\u00f3n es simple pero ambiciosa: ofrecer a nuestros clientes cilindros hidr\u00e1ulicos que superen sus expectativas en rendimiento, durabilidad y valor. Nos guiamos por los principios de profesionalismo, integridad y orientaci\u00f3n al cliente. Fomentando una cultura de innovaci\u00f3n y precisi\u00f3n, perfeccionamos continuamente nuestros productos para mantenernos a la vanguardia en un mercado competitivo. Nuestra amplia gama de productos y nuestra capacidad para ofrecer soluciones a medida nos convierten en la opci\u00f3n predilecta para las empresas que buscan cilindros hidr\u00e1ulicos de alto rendimiento.<\/p>\n<p class=\"break-words\">FMP es m\u00e1s que un simple fabricante: somos un socio clave para su \u00e9xito. Entendemos que nuestros clientes conf\u00edan en nosotros para ofrecerles herramientas que mejoran su productividad y seguridad. Por eso, nos comprometemos a ofrecer no solo productos de primera calidad, sino tambi\u00e9n un servicio excepcional. Desde la consulta inicial hasta el soporte posventa, trabajamos estrechamente con nuestros clientes para garantizar que sus necesidades se satisfagan con profesionalismo y atenci\u00f3n. Nuestros precios competitivos, junto con nuestro firme compromiso con la calidad, hacen de FMP la opci\u00f3n inteligente para las empresas que buscan invertir en soluciones hidr\u00e1ulicas de confianza.<\/p>","protected":false},"excerpt":{"rendered":"<p>Factory Direct Sale Double Acting Small Dump Truck Telescopic Hydraulic Cylinder Our Factory Direct Sale Double Acting Small Dump Truck Telescopic Hydraulic Cylinder is a robust, efficient, and reliable solution for machinery repair shops, farms, energy &amp; mining industries, machinery manufacturing, and machinery factories. This ISO9001:2000 certified hydraulic cylinder is designed and manufactured by FMP, [&hellip;]<\/p>","protected":false},"featured_media":6777,"comment_status":"closed","ping_status":"closed","template":"","meta":{"_et_pb_use_builder":"","_et_pb_old_content":"","_et_gb_content_width":""},"product_brand":[],"product_cat":[103],"product_tag":[34,105],"class_list":{"0":"post-6506","1":"product","2":"type-product","3":"status-publish","4":"has-post-thumbnail","6":"product_cat-telescopic-hydraulic-cylinders","7":"product_tag-hydraulic-cylinder","8":"product_tag-telescopic-hydraulic-cylinders","10":"first","11":"instock","12":"product-type-simple"},"_links":{"self":[{"href":"https:\/\/fmp-components.com\/es\/wp-json\/wp\/v2\/product\/6506","targetHints":{"allow":["GET"]}}],"collection":[{"href":"https:\/\/fmp-components.com\/es\/wp-json\/wp\/v2\/product"}],"about":[{"href":"https:\/\/fmp-components.com\/es\/wp-json\/wp\/v2\/types\/product"}],"replies":[{"embeddable":true,"href":"https:\/\/fmp-components.com\/es\/wp-json\/wp\/v2\/comments?post=6506"}],"wp:featuredmedia":[{"embeddable":true,"href":"https:\/\/fmp-components.com\/es\/wp-json\/wp\/v2\/media\/6777"}],"wp:attachment":[{"href":"https:\/\/fmp-components.com\/es\/wp-json\/wp\/v2\/media?parent=6506"}],"wp:term":[{"taxonomy":"product_brand","embeddable":true,"href":"https:\/\/fmp-components.com\/es\/wp-json\/wp\/v2\/product_brand?post=6506"},{"taxonomy":"product_cat","embeddable":true,"href":"https:\/\/fmp-components.com\/es\/wp-json\/wp\/v2\/product_cat?post=6506"},{"taxonomy":"product_tag","embeddable":true,"href":"https:\/\/fmp-components.com\/es\/wp-json\/wp\/v2\/product_tag?post=6506"}],"curies":[{"name":"gracias","href":"https:\/\/api.w.org\/{rel}","templated":true}]}}