{"id":6504,"date":"2025-03-11T06:25:30","date_gmt":"2025-03-11T06:25:30","guid":{"rendered":"https:\/\/fmp-components.com\/product\/manufacturer-supplier-double-acting-telescopic-hydraulic-cylinder-for-dump-truck"},"modified":"2025-03-18T02:00:27","modified_gmt":"2025-03-18T02:00:27","slug":"manufacturer-supplier-double-acting-telescopic-hydraulic-cylinder-for-dump-truck","status":"publish","type":"product","link":"https:\/\/fmp-components.com\/es\/product\/manufacturer-supplier-double-acting-telescopic-hydraulic-cylinder-for-dump-truck\/","title":{"rendered":"Cilindro hidr\u00e1ulico telesc\u00f3pico de doble efecto para cami\u00f3n volquete."},"content":{"rendered":"<h2>Cilindro hidr\u00e1ulico telesc\u00f3pico de doble efecto para cami\u00f3n volquete.<\/h2>\n<p>Presentamos el cilindro hidr\u00e1ulico telesc\u00f3pico de doble efecto para volquetes, un producto de vanguardia de FMP, fabricante y proveedor reconocido por sus cilindros hidr\u00e1ulicos de alta calidad. Este producto est\u00e1 dise\u00f1ado para m\u00e1xima eficiencia y durabilidad, ofreciendo una excelente relaci\u00f3n calidad-precio para talleres de reparaci\u00f3n de maquinaria, granjas, sectores de energ\u00eda y miner\u00eda, fabricaci\u00f3n de maquinaria y f\u00e1bricas de maquinaria.<\/p>\n<h3>Caracter\u00edsticas y especificaciones del producto<\/h3>\n<p>Nuestro cilindro hidr\u00e1ulico telesc\u00f3pico de doble efecto est\u00e1 dise\u00f1ado para ser robusto y confiable, con un cuerpo de acero. Ofrece un empuje m\u00e1ximo de 3000 y una fuerza de tiro m\u00e1xima de 20 toneladas. El di\u00e1metro interior var\u00eda de 2 a 6 pulgadas, el v\u00e1stago de 1,125 a 4 pulgadas y la carrera de 4 a 100 pulgadas. El di\u00e1metro del pasador var\u00eda de 0,5 a 2 pulgadas y est\u00e1 disponible en un elegante color negro. Gracias a su funcionalidad multietapa, este cilindro hidr\u00e1ulico cuenta con la certificaci\u00f3n ISO9001:2000, lo que garantiza su alta calidad y est\u00e1ndares.<\/p>\n<table style=\"width: 98.2317%;\" border=\"\">\n<tbody>\n<tr>\n<td style=\"width: 42.9379%;\"><i>Tama\u00f1o del orificio<\/i><\/td>\n<td style=\"width: 464.972%;\">2-6 pulgadas<\/td>\n<\/tr>\n<tr>\n<td style=\"width: 42.9379%;\"><i>Tama\u00f1o de la varilla<\/i><\/td>\n<td style=\"width: 464.972%;\">1,125-4 pulgadas<\/td>\n<\/tr>\n<tr>\n<td style=\"width: 42.9379%;\"><i>Tama\u00f1o del trazo<\/i><\/td>\n<td style=\"width: 464.972%;\">4-100 pulgadas<\/td>\n<\/tr>\n<tr>\n<td style=\"width: 42.9379%;\"><i>Tama\u00f1o del pin<\/i><\/td>\n<td style=\"width: 464.972%;\">0,5-2 pulgadas<\/td>\n<\/tr>\n<tr>\n<td style=\"width: 42.9379%;\"><i>Puertos<\/i><\/td>\n<td style=\"width: 464.972%;\">G\/SAE\/NPT\/M<\/td>\n<\/tr>\n<\/tbody>\n<\/table>\n<h3>Ventajas \u00fanicas<\/h3>\n<p>Nuestro cilindro hidr\u00e1ulico se distingue en el mercado por su excepcional eficiencia energ\u00e9tica, alto rendimiento y robustas caracter\u00edsticas de seguridad. Dise\u00f1ado para funcionar eficazmente bajo alta presi\u00f3n, garantiza una transmisi\u00f3n fluida y estable de la energ\u00eda hidr\u00e1ulica, minimizando las fluctuaciones que podr\u00edan afectar el rendimiento. Su construcci\u00f3n duradera no solo garantiza un uso prolongado, sino que tambi\u00e9n reduce significativamente los costos de mantenimiento, lo que lo convierte en una soluci\u00f3n rentable para las empresas. Esta combinaci\u00f3n de confiabilidad y eficiencia permite a los usuarios maximizar la productividad y minimizar el tiempo de inactividad y los gastos operativos.<\/p>\n<h3>Comprensi\u00f3n del sistema hidr\u00e1ulico<\/h3>\n<p>El sistema hidr\u00e1ulico funciona como un potente m\u00e9todo de transmisi\u00f3n de energ\u00eda, utilizando l\u00edquido presurizado para transferir fuerza y \u200b\u200bmovimiento. Dentro de este sistema, el cilindro hidr\u00e1ulico act\u00faa como actuador, convirtiendo la energ\u00eda hidr\u00e1ulica en movimiento mec\u00e1nico. Esta conversi\u00f3n es esencial para una amplia variedad de aplicaciones en m\u00faltiples industrias, ya que proporciona la potencia y el soporte de control necesarios para maquinaria y equipos. Al aprovechar los principios de la hidr\u00e1ulica, los operadores pueden lograr movimientos precisos y una manipulaci\u00f3n eficaz de cargas pesadas, lo que hace que los sistemas hidr\u00e1ulicos sean cruciales para tareas que requieren precisi\u00f3n y resistencia.<\/p>\n<h3>Aplicaciones<\/h3>\n<p>El cilindro hidr\u00e1ulico telesc\u00f3pico de doble efecto se utiliza ampliamente en camiones volquete, donde desempe\u00f1a un papel fundamental en la elevaci\u00f3n eficiente y segura de materiales pesados. Su dise\u00f1o permite una gran extensi\u00f3n y retracci\u00f3n, lo que lo hace ideal para aplicaciones que requieren una alta capacidad de elevaci\u00f3n. Adem\u00e1s de los camiones volquete, este cilindro hidr\u00e1ulico se aplica a una amplia gama de maquinaria pesada en diversos sectores, como la construcci\u00f3n, la agricultura y la log\u00edstica. Su versatilidad garantiza que pueda satisfacer las demandas de diferentes entornos, ofreciendo un rendimiento fiable dondequiera que se utilice.<\/p>\n<h3>Cilindros hidr\u00e1ulicos y unidades de potencia<\/h3>\n<p>Los cilindros hidr\u00e1ulicos y las unidades de potencia son componentes esenciales de los sistemas hidr\u00e1ulicos, que trabajan en conjunto para garantizar un funcionamiento eficaz. La sinergia entre estos componentes facilita la aplicaci\u00f3n generalizada de la tecnolog\u00eda hidr\u00e1ulica en entornos industriales, garantizando un suministro fiable de energ\u00eda y control para diversos equipos de ingenier\u00eda y mec\u00e1nicos. El cilindro hidr\u00e1ulico act\u00faa como actuador, transformando la energ\u00eda hidr\u00e1ulica en movimiento mec\u00e1nico y generando fuerza a partir de la presi\u00f3n. Por su parte, la unidad de potencia act\u00faa como el coraz\u00f3n del sistema, suministrando la energ\u00eda y las se\u00f1ales de control necesarias para su funcionamiento. Esta interacci\u00f3n coordinada es vital para el correcto funcionamiento de los sistemas hidr\u00e1ulicos. En FMP, tambi\u00e9n ofrecemos una gama de unidades de potencia que complementan nuestros cilindros hidr\u00e1ulicos para ofrecer soluciones integrales a sus necesidades hidr\u00e1ulicas.<\/p>\n<p><img loading=\"lazy\" decoding=\"async\" class=\"alignnone wp-image-6659\" src=\"https:\/\/fmp-components.com\/wp-content\/uploads\/2025\/03\/telescopic-hydraulic-cylinder-12.webp\" alt=\"cilindro hidr\u00e1ulico telesc\u00f3pico\" width=\"917\" height=\"917\" title=\"\" srcset=\"https:\/\/fmp-components.com\/wp-content\/uploads\/2025\/03\/telescopic-hydraulic-cylinder-12.webp 917w, https:\/\/fmp-components.com\/wp-content\/uploads\/2025\/03\/telescopic-hydraulic-cylinder-12-480x480.webp 480w\" sizes=\"(min-width: 0px) and (max-width: 480px) 480px, (min-width: 481px) 917px, 100vw\" \/><\/p>\n<h3>Acerca de FMP<\/h3>\n<p class=\"break-words\">FMP es un fabricante italiano l\u00edder especializado en el dise\u00f1o, desarrollo y producci\u00f3n de cilindros hidr\u00e1ulicos de alta calidad. Con una rica tradici\u00f3n arraigada en d\u00e9cadas de experiencia, combinamos con orgullo la artesan\u00eda italiana con tecnolog\u00eda de vanguardia para ofrecer soluciones hidr\u00e1ulicas excepcionales, adaptadas a las diversas necesidades de nuestra clientela global. Con sede en Italia, un centro de excelencia en ingenier\u00eda, FMP se erige como una marca de confianza en la industria hidr\u00e1ulica, comprometida con el suministro de productos fiables, duraderos e innovadores que impulsan a empresas de todo el mundo.<\/p>\n<p class=\"break-words\">Nuestra empresa integra lo mejor de la fabricaci\u00f3n avanzada con un enfoque innovador. Gracias a a\u00f1os de experiencia en sistemas hidr\u00e1ulicos, FMP se ha convertido en una empresa moderna que destaca en investigaci\u00f3n, dise\u00f1o y producci\u00f3n. Nos especializamos en una amplia gama de cilindros hidr\u00e1ulicos, incluyendo cilindros de doble efecto, cilindros de elevaci\u00f3n para autom\u00f3viles, cilindros para maquinaria agr\u00edcola y soluciones de ingenier\u00eda personalizada para diversas aplicaciones industriales. Ya sea para construcci\u00f3n, instalaciones industriales, agricultura o maquinaria pesada, nuestros cilindros hidr\u00e1ulicos est\u00e1n dise\u00f1ados para funcionar en las condiciones m\u00e1s exigentes, garantizando seguridad, eficiencia y durabilidad.<\/p>\n<p><img loading=\"lazy\" decoding=\"async\" class=\"alignnone size-full wp-image-6720\" src=\"https:\/\/fmp-components.com\/wp-content\/uploads\/2025\/03\/hydraulic-cylinder-8.webp\" alt=\"Cilindros hidr\u00e1ulicos telesc\u00f3picos\" width=\"933\" height=\"526\" title=\"\" srcset=\"https:\/\/fmp-components.com\/wp-content\/uploads\/2025\/03\/hydraulic-cylinder-8.webp 933w, https:\/\/fmp-components.com\/wp-content\/uploads\/2025\/03\/hydraulic-cylinder-8-480x271.webp 480w\" sizes=\"(min-width: 0px) and (max-width: 480px) 480px, (min-width: 481px) 933px, 100vw\" \/><\/p>\n<p class=\"break-words\">En FMP, nos enorgullecemos de nuestras instalaciones de producci\u00f3n de vanguardia, equipadas con maquinaria de precisi\u00f3n y sistemas de prueba avanzados. Nuestros procesos de fabricaci\u00f3n cumplen rigurosos est\u00e1ndares nacionales e internacionales, lo que garantiza que cada cilindro hidr\u00e1ulico que sale de nuestra f\u00e1brica sea de la m\u00e1s alta calidad y fiabilidad. Nuestro equipo t\u00e9cnico cualificado, junto con equipos de vanguardia, nos permite mantener un estricto control de calidad en cada etapa de la producci\u00f3n, desde la selecci\u00f3n de la materia prima hasta la inspecci\u00f3n final. Esta dedicaci\u00f3n a la excelencia nos ha valido certificaciones y el reconocimiento de las autoridades del sector, consolidando a\u00fan m\u00e1s nuestra reputaci\u00f3n como socio confiable.<\/p>\n<p class=\"break-words\">Nuestra misi\u00f3n es simple pero ambiciosa: ofrecer a nuestros clientes cilindros hidr\u00e1ulicos que superen sus expectativas en rendimiento, durabilidad y valor. Nos guiamos por los principios de profesionalismo, integridad y orientaci\u00f3n al cliente. Fomentando una cultura de innovaci\u00f3n y precisi\u00f3n, perfeccionamos continuamente nuestros productos para mantenernos a la vanguardia en un mercado competitivo. Nuestra amplia gama de productos y nuestra capacidad para ofrecer soluciones a medida nos convierten en la opci\u00f3n predilecta para las empresas que buscan cilindros hidr\u00e1ulicos de alto rendimiento.<\/p>\n<p class=\"break-words\">FMP es m\u00e1s que un simple fabricante: somos un socio clave para su \u00e9xito. Entendemos que nuestros clientes conf\u00edan en nosotros para ofrecerles herramientas que mejoran su productividad y seguridad. Por eso, nos comprometemos a ofrecer no solo productos de primera calidad, sino tambi\u00e9n un servicio excepcional. Desde la consulta inicial hasta el soporte posventa, trabajamos estrechamente con nuestros clientes para garantizar que sus necesidades se satisfagan con profesionalismo y atenci\u00f3n. Nuestros precios competitivos, junto con nuestro firme compromiso con la calidad, hacen de FMP la opci\u00f3n inteligente para las empresas que buscan invertir en soluciones hidr\u00e1ulicas de confianza.<\/p>\n<h2>Preguntas frecuentes<\/h2>\n<p><b>P: \u00bfCu\u00e1nto tiempo dura el env\u00edo?<\/b><br \/>\nR: Generalmente son entre 25 y 35 d\u00edas.<\/p>\n<p><b>P: \u00bfOfrecen muestras? \u00bfSon gratuitas o tienen un coste adicional?<\/b><br \/>\nR: S\u00ed, ofrecemos muestras, pero no son gratuitas.<\/p>\n<p><b>P: \u00bfPueden producir seg\u00fan las muestras?<\/b><br \/>\nR: S\u00ed, podemos fabricarlo seg\u00fan sus muestras o planos t\u00e9cnicos. Fabricamos los moldes y accesorios.<\/p>\n<p>Descubra el cilindro hidr\u00e1ulico telesc\u00f3pico de doble efecto FMP para camiones volquete y experimente una potencia y un control inigualables. Cont\u00e1ctenos hoy mismo para realizar su compra y optimizar el rendimiento de su maquinaria.<\/p>\n<p><img loading=\"lazy\" decoding=\"async\" class=\"alignnone size-full wp-image-6660\" src=\"https:\/\/fmp-components.com\/wp-content\/uploads\/2025\/03\/hydraulic-cylinder-workshop-4.webp\" alt=\"cilindro hidr\u00e1ulico telesc\u00f3pico\" width=\"914\" height=\"733\" title=\"\" srcset=\"https:\/\/fmp-components.com\/wp-content\/uploads\/2025\/03\/hydraulic-cylinder-workshop-4.webp 914w, https:\/\/fmp-components.com\/wp-content\/uploads\/2025\/03\/hydraulic-cylinder-workshop-4-480x385.webp 480w\" sizes=\"(min-width: 0px) and (max-width: 480px) 480px, (min-width: 481px) 914px, 100vw\" \/><\/p>","protected":false},"excerpt":{"rendered":"<p>Manufacturer Supplier Double Acting Telescopic Hydraulic Cylinder For Dump Truck Introducing the Double Acting Telescopic Hydraulic Cylinder for Dump Trucks, a state-of-the-art product from FMP, a manufacturer and supplier renowned for its high-quality hydraulic cylinders. This product is designed for maximum efficiency and durability, providing excellent value for machinery repair shops, farms, energy &amp; mining [&hellip;]<\/p>","protected":false},"featured_media":6671,"comment_status":"closed","ping_status":"closed","template":"","meta":{"_et_pb_use_builder":"","_et_pb_old_content":"","_et_gb_content_width":""},"product_brand":[],"product_cat":[103],"product_tag":[34,105],"class_list":{"0":"post-6504","1":"product","2":"type-product","3":"status-publish","4":"has-post-thumbnail","6":"product_cat-telescopic-hydraulic-cylinders","7":"product_tag-hydraulic-cylinder","8":"product_tag-telescopic-hydraulic-cylinders","10":"first","11":"instock","12":"product-type-simple"},"_links":{"self":[{"href":"https:\/\/fmp-components.com\/es\/wp-json\/wp\/v2\/product\/6504","targetHints":{"allow":["GET"]}}],"collection":[{"href":"https:\/\/fmp-components.com\/es\/wp-json\/wp\/v2\/product"}],"about":[{"href":"https:\/\/fmp-components.com\/es\/wp-json\/wp\/v2\/types\/product"}],"replies":[{"embeddable":true,"href":"https:\/\/fmp-components.com\/es\/wp-json\/wp\/v2\/comments?post=6504"}],"wp:featuredmedia":[{"embeddable":true,"href":"https:\/\/fmp-components.com\/es\/wp-json\/wp\/v2\/media\/6671"}],"wp:attachment":[{"href":"https:\/\/fmp-components.com\/es\/wp-json\/wp\/v2\/media?parent=6504"}],"wp:term":[{"taxonomy":"product_brand","embeddable":true,"href":"https:\/\/fmp-components.com\/es\/wp-json\/wp\/v2\/product_brand?post=6504"},{"taxonomy":"product_cat","embeddable":true,"href":"https:\/\/fmp-components.com\/es\/wp-json\/wp\/v2\/product_cat?post=6504"},{"taxonomy":"product_tag","embeddable":true,"href":"https:\/\/fmp-components.com\/es\/wp-json\/wp\/v2\/product_tag?post=6504"}],"curies":[{"name":"gracias","href":"https:\/\/api.w.org\/{rel}","templated":true}]}}