{"id":6503,"date":"2025-03-11T06:25:30","date_gmt":"2025-03-11T06:25:30","guid":{"rendered":"https:\/\/fmp-components.com\/product\/hot-sale-double-acting-small-dump-truck-telescopic-hydraulic-cylinder"},"modified":"2025-03-18T01:08:36","modified_gmt":"2025-03-18T01:08:36","slug":"hot-sale-double-acting-small-dump-truck-telescopic-hydraulic-cylinder","status":"publish","type":"product","link":"https:\/\/fmp-components.com\/es\/product\/hot-sale-double-acting-small-dump-truck-telescopic-hydraulic-cylinder\/","title":{"rendered":"Cilindro hidr\u00e1ulico telesc\u00f3pico de doble efecto para cami\u00f3n volquete peque\u00f1o."},"content":{"rendered":"<h2>Cilindro hidr\u00e1ulico telesc\u00f3pico de doble efecto para cami\u00f3n volquete peque\u00f1o.<\/h2>\n<p>Este cilindro hidr\u00e1ulico telesc\u00f3pico de doble efecto para volquetes peque\u00f1os, un producto de gran \u00e9xito en ventas, es un producto reci\u00e9n lanzado en 2025. Est\u00e1 dise\u00f1ado para su uso en diversas industrias, como talleres de reparaci\u00f3n de maquinaria, granjas, energ\u00eda y miner\u00eda, fabricaci\u00f3n de maquinaria y f\u00e1bricas de maquinaria. Con su cuerpo de acero y dise\u00f1o est\u00e1ndar, ofrece alta potencia, operaciones hidr\u00e1ulicas y un empuje m\u00e1ximo de 3000. Este cilindro hidr\u00e1ulico multietapa cuenta con un a\u00f1o de garant\u00eda y certificaci\u00f3n ISO9001:2000 de calidad.<\/p>\n<h3>Caracter\u00edsticas y beneficios especiales<\/h3>\n<p>Nuestro cilindro hidr\u00e1ulico cuenta con un dise\u00f1o de eficiencia energ\u00e9tica que mejora significativamente la rentabilidad para los usuarios. Al minimizar el consumo de energ\u00eda y ofrecer un rendimiento \u00f3ptimo, permite a las empresas reducir los costos operativos y mejorar sus resultados. La alta eficiencia de nuestro cilindro hidr\u00e1ulico contribuye a una mayor productividad, permitiendo que la maquinaria funcione a plena capacidad con menos tiempos de inactividad. Adem\u00e1s, la seguridad es nuestra m\u00e1xima prioridad; nuestro dise\u00f1o garantiza un funcionamiento seguro, protegiendo a los trabajadores y minimizando el riesgo de accidentes laborales. Esta combinaci\u00f3n de eficiencia energ\u00e9tica, mejora de la productividad y seguridad convierte a nuestro cilindro hidr\u00e1ulico en un recurso invaluable para cualquier operaci\u00f3n.<\/p>\n<p><img loading=\"lazy\" decoding=\"async\" class=\"alignnone wp-image-6661\" src=\"https:\/\/fmp-components.com\/wp-content\/uploads\/2025\/03\/telescopic-hydraulic-cylinder-10.webp\" alt=\"cilindro hidr\u00e1ulico telesc\u00f3pico\" width=\"904\" height=\"904\" title=\"\" srcset=\"https:\/\/fmp-components.com\/wp-content\/uploads\/2025\/03\/telescopic-hydraulic-cylinder-10.webp 904w, https:\/\/fmp-components.com\/wp-content\/uploads\/2025\/03\/telescopic-hydraulic-cylinder-10-480x480.webp 480w\" sizes=\"(min-width: 0px) and (max-width: 480px) 480px, (min-width: 481px) 904px, 100vw\" \/><\/p>\n<h3>Sistemas hidr\u00e1ulicos y principio de funcionamiento<\/h3>\n<p>Como componente crucial de los sistemas hidr\u00e1ulicos, el cilindro hidr\u00e1ulico desempe\u00f1a un papel fundamental en la conversi\u00f3n de energ\u00eda hidr\u00e1ulica en movimiento mec\u00e1nico. Esta transformaci\u00f3n es esencial para generar la fuerza necesaria para mover y controlar diversos tipos de maquinaria. Al utilizar fluido hidr\u00e1ulico presurizado, el cilindro produce movimientos potentes y efectivos, vitales para una amplia gama de aplicaciones en el sector industrial. El funcionamiento de los cilindros hidr\u00e1ulicos se basa en los principios de la din\u00e1mica de fluidos, lo que permite un control preciso y gran adaptabilidad en entornos exigentes. Esta funcionalidad los hace indispensables en maquinaria que requiere capacidades fiables de elevaci\u00f3n, empuje o tracci\u00f3n.<\/p>\n<h3>Escenarios de aplicaci\u00f3n espec\u00edficos<\/h3>\n<p>La versatilidad de nuestro cilindro hidr\u00e1ulico telesc\u00f3pico de doble efecto para camiones volquete peque\u00f1os le permite destacar en una variedad de aplicaciones. Es especialmente eficaz en talleres de reparaci\u00f3n de maquinaria, donde se puede utilizar para elevar y maniobrar componentes pesados \u200b\u200bcon precisi\u00f3n. En entornos agr\u00edcolas, este cilindro hidr\u00e1ulico facilita el funcionamiento eficiente de equipos como remolques volquete y otra maquinaria, mejorando la productividad en las explotaciones agr\u00edcolas. Adem\u00e1s, las industrias energ\u00e9tica y minera se benefician de su robusto rendimiento, ya que puede soportar las exigentes condiciones que suelen encontrarse en estos sectores. Ya sea en la construcci\u00f3n, la agricultura o la extracci\u00f3n de recursos, nuestro cilindro hidr\u00e1ulico est\u00e1 dise\u00f1ado para un rendimiento fiable en diversas condiciones de trabajo, lo que lo convierte en la opci\u00f3n preferida por profesionales de diversos sectores.<\/p>\n<p><img loading=\"lazy\" decoding=\"async\" class=\"alignnone size-full wp-image-6660\" src=\"https:\/\/fmp-components.com\/wp-content\/uploads\/2025\/03\/hydraulic-cylinder-workshop-4.webp\" alt=\"cilindro hidr\u00e1ulico telesc\u00f3pico\" width=\"914\" height=\"733\" title=\"\" srcset=\"https:\/\/fmp-components.com\/wp-content\/uploads\/2025\/03\/hydraulic-cylinder-workshop-4.webp 914w, https:\/\/fmp-components.com\/wp-content\/uploads\/2025\/03\/hydraulic-cylinder-workshop-4-480x385.webp 480w\" sizes=\"(min-width: 0px) and (max-width: 480px) 480px, (min-width: 481px) 914px, 100vw\" \/><\/p>\n<h3>Acerca de FMP<\/h3>\n<p>FMP es un fabricante italiano de primer nivel, reconocido por su experiencia en el dise\u00f1o, desarrollo y producci\u00f3n de cilindros hidr\u00e1ulicos de alta calidad. Con un rico legado de d\u00e9cadas, combinamos a la perfecci\u00f3n la artesan\u00eda italiana con tecnolog\u00eda de vanguardia para ofrecer soluciones hidr\u00e1ulicas excepcionales, adaptadas a las diversas necesidades de nuestros clientes globales. Ubicada en Italia, un centro de excelencia en ingenier\u00eda, FMP se ha consolidado como un l\u00edder de confianza en la industria hidr\u00e1ulica, dedicado a proporcionar productos fiables, duraderos e innovadores que impulsan a empresas de todo el mundo.<\/p>\n<p>Combinamos una tradici\u00f3n de fabricaci\u00f3n avanzada con una visi\u00f3n progresista. Gracias a a\u00f1os de experiencia en sistemas hidr\u00e1ulicos, FMP se ha transformado en una empresa moderna que destaca en investigaci\u00f3n, dise\u00f1o y producci\u00f3n. Nuestra especializaci\u00f3n abarca una amplia gama de cilindros hidr\u00e1ulicos, incluyendo cilindros de doble efecto, cilindros de elevaci\u00f3n para autom\u00f3viles, cilindros para maquinaria agr\u00edcola y soluciones personalizadas para diversas aplicaciones industriales. Ya sea para construcci\u00f3n, instalaciones industriales, agricultura o maquinaria pesada, nuestros cilindros hidr\u00e1ulicos est\u00e1n dise\u00f1ados para funcionar en las condiciones m\u00e1s exigentes, garantizando seguridad, eficiencia y durabilidad.<\/p>\n<p><img loading=\"lazy\" decoding=\"async\" class=\"alignnone size-full wp-image-6720\" src=\"https:\/\/fmp-components.com\/wp-content\/uploads\/2025\/03\/hydraulic-cylinder-8.webp\" alt=\"Cilindros hidr\u00e1ulicos telesc\u00f3picos\" width=\"933\" height=\"526\" title=\"\" srcset=\"https:\/\/fmp-components.com\/wp-content\/uploads\/2025\/03\/hydraulic-cylinder-8.webp 933w, https:\/\/fmp-components.com\/wp-content\/uploads\/2025\/03\/hydraulic-cylinder-8-480x271.webp 480w\" sizes=\"(min-width: 0px) and (max-width: 480px) 480px, (min-width: 481px) 933px, 100vw\" \/><\/p>\n<p>En FMP, nos enorgullecemos de nuestras instalaciones de producci\u00f3n de vanguardia, equipadas con maquinaria de precisi\u00f3n y sistemas de prueba avanzados. Nuestros procesos de fabricaci\u00f3n cumplen con rigurosas normas nacionales e internacionales, lo que garantiza que cada cilindro hidr\u00e1ulico producido sea de la m\u00e1s alta calidad y fiabilidad. Nuestro equipo t\u00e9cnico cualificado, junto con equipos de \u00faltima generaci\u00f3n, nos permite mantener un riguroso control de calidad en cada etapa de la producci\u00f3n, desde la selecci\u00f3n de la materia prima hasta la inspecci\u00f3n final. Este compromiso con la excelencia nos ha valido certificaciones y el reconocimiento de las autoridades del sector, consolidando a\u00fan m\u00e1s nuestra reputaci\u00f3n como socio confiable.<\/p>\n<p>Nuestra misi\u00f3n es sencilla pero ambiciosa: proporcionar cilindros hidr\u00e1ulicos que superen las expectativas en rendimiento, durabilidad y valor. Nos adherimos a los principios de profesionalismo, integridad y orientaci\u00f3n al cliente. Fomentando una cultura de innovaci\u00f3n y precisi\u00f3n, perfeccionamos continuamente nuestros productos para mantenernos competitivos en el mercado. Nuestra amplia gama de productos y nuestra capacidad para ofrecer soluciones personalizadas nos posicionan como la opci\u00f3n preferida para las empresas que necesitan cilindros hidr\u00e1ulicos de alto rendimiento.<\/p>\n<p>FMP es m\u00e1s que un simple fabricante; somos un socio clave para su \u00e9xito. Reconocemos que nuestros clientes conf\u00edan en nosotros para obtener herramientas que mejoran su productividad y seguridad. Por lo tanto, nos comprometemos a ofrecer no solo productos de alta calidad, sino tambi\u00e9n un servicio excepcional. Desde la consulta inicial hasta el soporte posventa, colaboramos estrechamente con nuestros clientes para garantizar que sus necesidades se satisfagan con profesionalismo y esmero. Nuestros precios competitivos, combinados con nuestro firme compromiso con la calidad, hacen de FMP la opci\u00f3n inteligente para las empresas que buscan soluciones hidr\u00e1ulicas confiables.<\/p>","protected":false},"excerpt":{"rendered":"<p>Hot Sale Double Acting Small Dump Truck Telescopic Hydraulic Cylinder This hot-selling, double-acting small dump truck telescopic hydraulic cylinder is a newly released product of 2025. It is designed for use in various industries including machinery repair shops, farms, energy and mining, machinery manufacturing, and machinery factories. With its steel body and standard design, it [&hellip;]<\/p>","protected":false},"featured_media":6673,"comment_status":"closed","ping_status":"closed","template":"","meta":{"_et_pb_use_builder":"","_et_pb_old_content":"","_et_gb_content_width":""},"product_brand":[],"product_cat":[103],"product_tag":[34,105],"class_list":{"0":"post-6503","1":"product","2":"type-product","3":"status-publish","4":"has-post-thumbnail","6":"product_cat-telescopic-hydraulic-cylinders","7":"product_tag-hydraulic-cylinder","8":"product_tag-telescopic-hydraulic-cylinders","10":"first","11":"instock","12":"product-type-simple"},"_links":{"self":[{"href":"https:\/\/fmp-components.com\/es\/wp-json\/wp\/v2\/product\/6503","targetHints":{"allow":["GET"]}}],"collection":[{"href":"https:\/\/fmp-components.com\/es\/wp-json\/wp\/v2\/product"}],"about":[{"href":"https:\/\/fmp-components.com\/es\/wp-json\/wp\/v2\/types\/product"}],"replies":[{"embeddable":true,"href":"https:\/\/fmp-components.com\/es\/wp-json\/wp\/v2\/comments?post=6503"}],"wp:featuredmedia":[{"embeddable":true,"href":"https:\/\/fmp-components.com\/es\/wp-json\/wp\/v2\/media\/6673"}],"wp:attachment":[{"href":"https:\/\/fmp-components.com\/es\/wp-json\/wp\/v2\/media?parent=6503"}],"wp:term":[{"taxonomy":"product_brand","embeddable":true,"href":"https:\/\/fmp-components.com\/es\/wp-json\/wp\/v2\/product_brand?post=6503"},{"taxonomy":"product_cat","embeddable":true,"href":"https:\/\/fmp-components.com\/es\/wp-json\/wp\/v2\/product_cat?post=6503"},{"taxonomy":"product_tag","embeddable":true,"href":"https:\/\/fmp-components.com\/es\/wp-json\/wp\/v2\/product_tag?post=6503"}],"curies":[{"name":"gracias","href":"https:\/\/api.w.org\/{rel}","templated":true}]}}