{"id":6502,"date":"2025-03-11T06:25:30","date_gmt":"2025-03-11T06:25:30","guid":{"rendered":"https:\/\/fmp-components.com\/product\/high-quality-small-dump-truck-double-acting-multistage-hydraulic-cylinder"},"modified":"2025-03-18T02:00:39","modified_gmt":"2025-03-18T02:00:39","slug":"high-quality-small-dump-truck-double-acting-multistage-hydraulic-cylinder","status":"publish","type":"product","link":"https:\/\/fmp-components.com\/es\/product\/high-quality-small-dump-truck-double-acting-multistage-hydraulic-cylinder\/","title":{"rendered":"Cilindro hidr\u00e1ulico multietapa de doble efecto para volquetes peque\u00f1os de alta calidad"},"content":{"rendered":"<h2>Cilindro hidr\u00e1ulico multietapa de doble efecto para volquetes peque\u00f1os de alta calidad<\/h2>\n<p>Presentamos el cilindro hidr\u00e1ulico multietapa de doble efecto de alta calidad para camiones volquete peque\u00f1os, una herramienta confiable y eficiente que optimiza el rendimiento de su maquinaria. Este cilindro hidr\u00e1ulico est\u00e1 dise\u00f1ado para soportar operaciones rigurosas y ofrece soluciones \u00f3ptimas para diversas industrias, como talleres de reparaci\u00f3n de maquinaria, granjas, energ\u00eda y miner\u00eda, fabricaci\u00f3n de maquinaria y f\u00e1bricas de maquinaria.<\/p>\n<h2>Especificaciones del producto<\/h2>\n<p>Dise\u00f1ado para cumplir con los requisitos est\u00e1ndar, el cilindro hidr\u00e1ulico cuenta con una estructura de \u00e9mbolo y funciona mediante potencia hidr\u00e1ulica. El cuerpo est\u00e1 hecho de acero robusto para garantizar su durabilidad y fiabilidad. Este cilindro hidr\u00e1ulico multietapa cuenta con la certificaci\u00f3n ISO9001:2000, lo que confirma su calidad y rendimiento.<\/p>\n<table style=\"width: 100.343%;\" border=\"\">\n<tbody>\n<tr>\n<th style=\"width: 43.5028%;\">Tama\u00f1o del orificio<\/th>\n<td style=\"width: 487.006%;\">2-6 pulgadas<\/td>\n<\/tr>\n<tr>\n<th style=\"width: 43.5028%;\">Tama\u00f1o de la varilla<\/th>\n<td style=\"width: 487.006%;\">1,125-4 pulgadas<\/td>\n<\/tr>\n<tr>\n<th style=\"width: 43.5028%;\">Tama\u00f1o del trazo<\/th>\n<td style=\"width: 487.006%;\">4-100 pulgadas<\/td>\n<\/tr>\n<tr>\n<th style=\"width: 43.5028%;\">Tama\u00f1o del pin<\/th>\n<td style=\"width: 487.006%;\">0,5-2 pulgadas<\/td>\n<\/tr>\n<tr>\n<th style=\"width: 43.5028%;\">Puertos<\/th>\n<td style=\"width: 487.006%;\">G\/SAE\/NPT\/M<\/td>\n<\/tr>\n<\/tbody>\n<\/table>\n<h2>Caracter\u00edsticas y ventajas clave<\/h2>\n<ul>\n<li>Eficiencia energ\u00e9tica<\/li>\n<li>Rendimiento alto<\/li>\n<li>Seguro y confiable<\/li>\n<\/ul>\n<h2>Sistemas hidr\u00e1ulicos y principio de funcionamiento<\/h2>\n<p>Nuestro cilindro hidr\u00e1ulico funciona convirtiendo la presi\u00f3n del fluido en fuerza mec\u00e1nica, lo que proporciona una relaci\u00f3n potencia-peso y un tama\u00f1o inigualables. Esta tecnolog\u00eda superior garantiza el rendimiento constante de su maquinaria.<\/p>\n<p><img loading=\"lazy\" decoding=\"async\" class=\"alignnone wp-image-6659\" src=\"https:\/\/fmp-components.com\/wp-content\/uploads\/2025\/03\/telescopic-hydraulic-cylinder-12.webp\" alt=\"cilindro hidr\u00e1ulico telesc\u00f3pico\" width=\"965\" height=\"965\" title=\"\" srcset=\"https:\/\/fmp-components.com\/wp-content\/uploads\/2025\/03\/telescopic-hydraulic-cylinder-12.webp 965w, https:\/\/fmp-components.com\/wp-content\/uploads\/2025\/03\/telescopic-hydraulic-cylinder-12-480x480.webp 480w\" sizes=\"(min-width: 0px) and (max-width: 480px) 480px, (min-width: 481px) 965px, 100vw\" \/><\/p>\n<h2>Cilindros hidr\u00e1ulicos y unidades de potencia<\/h2>\n<p>Los cilindros hidr\u00e1ulicos y las unidades de potencia son componentes indispensables de los sistemas hidr\u00e1ulicos. Su funci\u00f3n combinada garantiza la amplia aplicaci\u00f3n de la tecnolog\u00eda hidr\u00e1ulica en diversas industrias, proporcionando potencia y control fiables para distintos tipos de maquinaria. En FMP, tambi\u00e9n ofrecemos unidades de potencia junto con nuestros cilindros hidr\u00e1ulicos.<\/p>\n<h2>Preguntas frecuentes<\/h2>\n<p><b>P: \u00bfEs usted una empresa comercial o un fabricante?<\/b><br \/>\nA: Somos un fabricante.<\/p>\n<p><b>P: \u00bfCu\u00e1nto tiempo dura el env\u00edo?<\/b><br \/>\nR: Generalmente, nuestro tiempo de entrega es entre 25 y 35 d\u00edas.<\/p>\n<p><b>P: \u00bfProporcionan muestras?<\/b><br \/>\nR: S\u00ed, proporcionamos muestras, pero no son gratuitas.<\/p>\n<h3>Acerca de FMP<\/h3>\n<p>FMP es un fabricante italiano de primer nivel, reconocido por su experiencia en el dise\u00f1o, desarrollo y producci\u00f3n de cilindros hidr\u00e1ulicos de alta calidad. Con un rico legado de d\u00e9cadas, combinamos a la perfecci\u00f3n la artesan\u00eda italiana con tecnolog\u00eda de vanguardia para ofrecer soluciones hidr\u00e1ulicas excepcionales, adaptadas a las diversas necesidades de nuestros clientes globales. Ubicada en Italia, un centro de excelencia en ingenier\u00eda, FMP se ha consolidado como un l\u00edder de confianza en la industria hidr\u00e1ulica, dedicado a proporcionar productos fiables, duraderos e innovadores que impulsan a empresas de todo el mundo.<\/p>\n<p>Combinamos una tradici\u00f3n de fabricaci\u00f3n avanzada con una visi\u00f3n progresista. Gracias a a\u00f1os de experiencia en sistemas hidr\u00e1ulicos, FMP se ha transformado en una empresa moderna que destaca en investigaci\u00f3n, dise\u00f1o y producci\u00f3n. Nuestra especializaci\u00f3n abarca una amplia gama de cilindros hidr\u00e1ulicos, incluyendo cilindros de doble efecto, cilindros de elevaci\u00f3n para autom\u00f3viles, cilindros para maquinaria agr\u00edcola y soluciones personalizadas para diversas aplicaciones industriales. Ya sea para construcci\u00f3n, instalaciones industriales, agricultura o maquinaria pesada, nuestros cilindros hidr\u00e1ulicos est\u00e1n dise\u00f1ados para funcionar en las condiciones m\u00e1s exigentes, garantizando seguridad, eficiencia y durabilidad.<\/p>\n<p><img loading=\"lazy\" decoding=\"async\" class=\"alignnone size-full wp-image-6720\" src=\"https:\/\/fmp-components.com\/wp-content\/uploads\/2025\/03\/hydraulic-cylinder-8.webp\" alt=\"Cilindros hidr\u00e1ulicos telesc\u00f3picos\" width=\"933\" height=\"526\" title=\"\" srcset=\"https:\/\/fmp-components.com\/wp-content\/uploads\/2025\/03\/hydraulic-cylinder-8.webp 933w, https:\/\/fmp-components.com\/wp-content\/uploads\/2025\/03\/hydraulic-cylinder-8-480x271.webp 480w\" sizes=\"(min-width: 0px) and (max-width: 480px) 480px, (min-width: 481px) 933px, 100vw\" \/><\/p>\n<p>En FMP, nos enorgullecemos de nuestras instalaciones de producci\u00f3n de vanguardia, equipadas con maquinaria de precisi\u00f3n y sistemas de prueba avanzados. Nuestros procesos de fabricaci\u00f3n cumplen con rigurosas normas nacionales e internacionales, lo que garantiza que cada cilindro hidr\u00e1ulico producido sea de la m\u00e1s alta calidad y fiabilidad. Nuestro equipo t\u00e9cnico cualificado, junto con equipos de \u00faltima generaci\u00f3n, nos permite mantener un riguroso control de calidad en cada etapa de la producci\u00f3n, desde la selecci\u00f3n de la materia prima hasta la inspecci\u00f3n final. Este compromiso con la excelencia nos ha valido certificaciones y el reconocimiento de las autoridades del sector, consolidando a\u00fan m\u00e1s nuestra reputaci\u00f3n como socio confiable.<\/p>\n<p>Nuestra misi\u00f3n es sencilla pero ambiciosa: proporcionar cilindros hidr\u00e1ulicos que superen las expectativas en rendimiento, durabilidad y valor. Nos adherimos a los principios de profesionalismo, integridad y orientaci\u00f3n al cliente. Fomentando una cultura de innovaci\u00f3n y precisi\u00f3n, perfeccionamos continuamente nuestros productos para mantenernos competitivos en el mercado. Nuestra amplia gama de productos y nuestra capacidad para ofrecer soluciones personalizadas nos posicionan como la opci\u00f3n preferida para las empresas que necesitan cilindros hidr\u00e1ulicos de alto rendimiento.<\/p>\n<p>FMP es m\u00e1s que un simple fabricante; somos un socio clave para su \u00e9xito. Reconocemos que nuestros clientes conf\u00edan en nosotros para obtener herramientas que mejoran su productividad y seguridad. Por lo tanto, nos comprometemos a ofrecer no solo productos de alta calidad, sino tambi\u00e9n un servicio excepcional. Desde la consulta inicial hasta el soporte posventa, colaboramos estrechamente con nuestros clientes para garantizar que sus necesidades se satisfagan con profesionalismo y esmero. Nuestros precios competitivos, combinados con nuestro firme compromiso con la calidad, hacen de FMP la opci\u00f3n inteligente para las empresas que buscan soluciones hidr\u00e1ulicas confiables.<\/p>","protected":false},"excerpt":{"rendered":"<p>High Quality Small Dump Truck Double Acting Multistage Hydraulic Cylinder Introducing the High Quality Small Dump Truck Double Acting Multistage hydraulic cylinder, a reliable and efficient tool that enhances your machinery&#8217;s performance. This hydraulic cylinder is designed to withstand rigorous operations and provide optimal solutions for various industries such as machinery repair shops, farms, energy [&hellip;]<\/p>","protected":false},"featured_media":6675,"comment_status":"closed","ping_status":"closed","template":"","meta":{"_et_pb_use_builder":"","_et_pb_old_content":"","_et_gb_content_width":""},"product_brand":[],"product_cat":[103],"product_tag":[34,105],"class_list":{"0":"post-6502","1":"product","2":"type-product","3":"status-publish","4":"has-post-thumbnail","6":"product_cat-telescopic-hydraulic-cylinders","7":"product_tag-hydraulic-cylinder","8":"product_tag-telescopic-hydraulic-cylinders","10":"first","11":"instock","12":"product-type-simple"},"_links":{"self":[{"href":"https:\/\/fmp-components.com\/es\/wp-json\/wp\/v2\/product\/6502","targetHints":{"allow":["GET"]}}],"collection":[{"href":"https:\/\/fmp-components.com\/es\/wp-json\/wp\/v2\/product"}],"about":[{"href":"https:\/\/fmp-components.com\/es\/wp-json\/wp\/v2\/types\/product"}],"replies":[{"embeddable":true,"href":"https:\/\/fmp-components.com\/es\/wp-json\/wp\/v2\/comments?post=6502"}],"wp:featuredmedia":[{"embeddable":true,"href":"https:\/\/fmp-components.com\/es\/wp-json\/wp\/v2\/media\/6675"}],"wp:attachment":[{"href":"https:\/\/fmp-components.com\/es\/wp-json\/wp\/v2\/media?parent=6502"}],"wp:term":[{"taxonomy":"product_brand","embeddable":true,"href":"https:\/\/fmp-components.com\/es\/wp-json\/wp\/v2\/product_brand?post=6502"},{"taxonomy":"product_cat","embeddable":true,"href":"https:\/\/fmp-components.com\/es\/wp-json\/wp\/v2\/product_cat?post=6502"},{"taxonomy":"product_tag","embeddable":true,"href":"https:\/\/fmp-components.com\/es\/wp-json\/wp\/v2\/product_tag?post=6502"}],"curies":[{"name":"gracias","href":"https:\/\/api.w.org\/{rel}","templated":true}]}}