{"id":6500,"date":"2025-03-11T06:25:30","date_gmt":"2025-03-11T06:25:30","guid":{"rendered":"https:\/\/fmp-components.com\/product\/new-arrival-dump-truck-double-acting-telescopic-hydraulic-cylinder"},"modified":"2025-03-11T08:39:06","modified_gmt":"2025-03-11T08:39:06","slug":"new-arrival-dump-truck-double-acting-telescopic-hydraulic-cylinder","status":"publish","type":"product","link":"https:\/\/fmp-components.com\/es\/product\/new-arrival-dump-truck-double-acting-telescopic-hydraulic-cylinder\/","title":{"rendered":"Cilindro hidr\u00e1ulico telesc\u00f3pico de doble efecto para cami\u00f3n volquete."},"content":{"rendered":"<h2>Cilindro hidr\u00e1ulico telesc\u00f3pico de doble efecto para cami\u00f3n volquete.<\/h2>\n<p>Presentamos la \u00faltima incorporaci\u00f3n a nuestra l\u00ednea de productos: un nuevo cilindro hidr\u00e1ulico telesc\u00f3pico de doble efecto para camiones volquete. Es ideal para diversas aplicaciones, como talleres de reparaci\u00f3n de maquinaria, granjas, industrias energ\u00e9ticas y mineras, y f\u00e1bricas de maquinaria.<\/p>\n<h2>Caracter\u00edsticas y ventajas del producto<\/h2>\n<p>Este cilindro hidr\u00e1ulico viene con una serie de caracter\u00edsticas impresionantes que lo convierten en la elecci\u00f3n perfecta para diversas aplicaciones industriales:<\/p>\n<ul>\n<li>Estructura del cilindro de \u00e9mbolo est\u00e1ndar<\/li>\n<li>Material del cuerpo de acero para una mayor durabilidad.<\/li>\n<li>Empuje m\u00e1ximo de 3000<\/li>\n<li>Cilindro hidr\u00e1ulico multietapa<\/li>\n<li>Tracci\u00f3n m\u00e1xima de 20 toneladas<\/li>\n<li>Certificaci\u00f3n ISO9001:2000<\/li>\n<li>Disponible en color negro<\/li>\n<\/ul>\n<h2>Especificaciones t\u00e9cnicas<\/h2>\n<table style=\"width: 98.4483%;\" border=\"\">\n<tbody>\n<tr>\n<td style=\"width: 42.9379%;\"><i>Tama\u00f1o del orificio<\/i><\/td>\n<td style=\"width: 466.102%;\">2-6 pulgadas<\/td>\n<\/tr>\n<tr>\n<td style=\"width: 42.9379%;\"><i>Tama\u00f1o de la varilla<\/i><\/td>\n<td style=\"width: 466.102%;\">1,125-4 pulgadas<\/td>\n<\/tr>\n<tr>\n<td style=\"width: 42.9379%;\"><i>Tama\u00f1o del trazo<\/i><\/td>\n<td style=\"width: 466.102%;\">4-100 pulgadas<\/td>\n<\/tr>\n<tr>\n<td style=\"width: 42.9379%;\"><i>Tama\u00f1o del pin<\/i><\/td>\n<td style=\"width: 466.102%;\">0,5-2 pulgadas<\/td>\n<\/tr>\n<tr>\n<td style=\"width: 42.9379%;\"><i>Puertos<\/i><\/td>\n<td style=\"width: 466.102%;\">G\/SAE\/NPT\/M<\/td>\n<\/tr>\n<\/tbody>\n<\/table>\n<h2>Beneficios y ventajas \u00fanicos<\/h2>\n<p>Este cilindro hidr\u00e1ulico se distingue por su excepcional eficiencia energ\u00e9tica, alto rendimiento y robustas caracter\u00edsticas de seguridad. Su dise\u00f1o de bajo consumo minimiza el consumo de energ\u00eda y maximiza la producci\u00f3n, lo que se traduce en menores costos operativos y un menor impacto ambiental. El cilindro ofrece un rendimiento confiable y constante, garantizando un funcionamiento suave y eficaz de la maquinaria incluso en condiciones exigentes. Esta confiabilidad lo convierte en una herramienta invaluable en diversas industrias, desde la manufactura y la construcci\u00f3n hasta la agricultura y el transporte. Al proporcionar una soluci\u00f3n confiable para elevaci\u00f3n, empuje y tracci\u00f3n, mejora la productividad y la eficiencia operativa, contribuyendo en \u00faltima instancia al \u00e9xito de cualquier proyecto o tarea.<\/p>\n<p><img loading=\"lazy\" decoding=\"async\" class=\"alignnone  wp-image-6665\" src=\"https:\/\/fmp-components.com\/wp-content\/uploads\/2025\/03\/telescopic-hydraulic-cylinder-9.webp\" alt=\"cilindro hidr\u00e1ulico telesc\u00f3pico\" width=\"917\" height=\"917\" title=\"\" srcset=\"https:\/\/fmp-components.com\/wp-content\/uploads\/2025\/03\/telescopic-hydraulic-cylinder-9.webp 917w, https:\/\/fmp-components.com\/wp-content\/uploads\/2025\/03\/telescopic-hydraulic-cylinder-9-480x480.webp 480w\" sizes=\"(min-width: 0px) and (max-width: 480px) 480px, (min-width: 481px) 917px, 100vw\" \/><\/p>\n<h2>Sistemas hidr\u00e1ulicos y principios de funcionamiento<\/h2>\n<p>El cilindro hidr\u00e1ulico funciona convirtiendo la energ\u00eda hidr\u00e1ulica en movimiento mec\u00e1nico, transformando eficazmente la presi\u00f3n en fuerza. Esta conversi\u00f3n se logra mediante una interacci\u00f3n bien coordinada entre el cilindro hidr\u00e1ulico y la unidad de potencia. Cuando la unidad de potencia presuriza el fluido hidr\u00e1ulico y lo dirige al cilindro, genera una fuerza que mueve el pist\u00f3n en su interior. Este movimiento crea un movimiento lineal, que puede aprovecharse para realizar diversas tareas, como levantar cargas pesadas o accionar componentes de maquinaria. La sinergia entre el cilindro hidr\u00e1ulico y la unidad de potencia es crucial para el funcionamiento eficaz de los sistemas hidr\u00e1ulicos, permitiendo un control preciso y adaptabilidad en diversas aplicaciones. Esta acci\u00f3n conjunta garantiza que las tareas que requieren una fuerza y \u200b\u200bun movimiento significativos se puedan ejecutar con precisi\u00f3n y eficiencia, lo que hace que los sistemas hidr\u00e1ulicos sean esenciales en las operaciones industriales modernas.<\/p>\n<h2>Preguntas frecuentes<\/h2>\n<p><span>P: \u00bfEs usted una empresa comercial o un fabricante?<\/span><br \/>\n<span>A: Somos un fabricante.<\/span><br \/>\n<span>P: \u00bfCu\u00e1nto tiempo dura el env\u00edo?<\/span><br \/>\n<span>R: Generalmente son entre 25 y 35 d\u00edas.<\/span><br \/>\n<span>P: \u00bfOfrecen muestras? \u00bfSon gratuitas o tienen un coste adicional?<\/span><br \/>\n<span>R: S\u00ed, ofrecemos muestras, pero no son gratuitas.<\/span><\/p>\n<p><img loading=\"lazy\" decoding=\"async\" class=\"alignnone  wp-image-6717\" src=\"https:\/\/fmp-components.com\/wp-content\/uploads\/2025\/03\/hydraulic-cylinder-211.webp\" alt=\"Cilindros hidr\u00e1ulicos\" width=\"934\" height=\"936\" title=\"\" srcset=\"https:\/\/fmp-components.com\/wp-content\/uploads\/2025\/03\/hydraulic-cylinder-211.webp 934w, https:\/\/fmp-components.com\/wp-content\/uploads\/2025\/03\/hydraulic-cylinder-211-480x481.webp 480w\" sizes=\"(min-width: 0px) and (max-width: 480px) 480px, (min-width: 481px) 934px, 100vw\" \/><\/p>\n<h3>Acerca de FMP<\/h3>\n<p class=\"break-words\">FMP es un fabricante italiano l\u00edder especializado en el dise\u00f1o, desarrollo y producci\u00f3n de cilindros hidr\u00e1ulicos de alta calidad. Con una rica tradici\u00f3n arraigada en d\u00e9cadas de experiencia, combinamos con orgullo la artesan\u00eda italiana con tecnolog\u00eda de vanguardia para ofrecer soluciones hidr\u00e1ulicas excepcionales, adaptadas a las diversas necesidades de nuestra clientela global. Con sede en Italia, un centro de excelencia en ingenier\u00eda, FMP se erige como una marca de confianza en la industria hidr\u00e1ulica, comprometida con el suministro de productos fiables, duraderos e innovadores que impulsan a empresas de todo el mundo.<\/p>\n<p class=\"break-words\">Nuestra empresa integra lo mejor de la fabricaci\u00f3n avanzada con un enfoque innovador. Gracias a a\u00f1os de experiencia en sistemas hidr\u00e1ulicos, FMP se ha convertido en una empresa moderna que destaca en investigaci\u00f3n, dise\u00f1o y producci\u00f3n. Nos especializamos en una amplia gama de cilindros hidr\u00e1ulicos, incluyendo cilindros de doble efecto, cilindros de elevaci\u00f3n para autom\u00f3viles, cilindros para maquinaria agr\u00edcola y soluciones de ingenier\u00eda personalizada para diversas aplicaciones industriales. Ya sea para construcci\u00f3n, instalaciones industriales, agricultura o maquinaria pesada, nuestros cilindros hidr\u00e1ulicos est\u00e1n dise\u00f1ados para funcionar en las condiciones m\u00e1s exigentes, garantizando seguridad, eficiencia y durabilidad.<\/p>\n<p><img loading=\"lazy\" decoding=\"async\" class=\"alignnone size-full wp-image-6720\" src=\"https:\/\/fmp-components.com\/wp-content\/uploads\/2025\/03\/hydraulic-cylinder-8.webp\" alt=\"Cilindros hidr\u00e1ulicos telesc\u00f3picos\" width=\"933\" height=\"526\" title=\"\" srcset=\"https:\/\/fmp-components.com\/wp-content\/uploads\/2025\/03\/hydraulic-cylinder-8.webp 933w, https:\/\/fmp-components.com\/wp-content\/uploads\/2025\/03\/hydraulic-cylinder-8-480x271.webp 480w\" sizes=\"(min-width: 0px) and (max-width: 480px) 480px, (min-width: 481px) 933px, 100vw\" \/><\/p>\n<p class=\"break-words\">En FMP, nos enorgullecemos de nuestras instalaciones de producci\u00f3n de vanguardia, equipadas con maquinaria de precisi\u00f3n y sistemas de prueba avanzados. Nuestros procesos de fabricaci\u00f3n cumplen rigurosos est\u00e1ndares nacionales e internacionales, lo que garantiza que cada cilindro hidr\u00e1ulico que sale de nuestra f\u00e1brica sea de la m\u00e1s alta calidad y fiabilidad. Nuestro equipo t\u00e9cnico cualificado, junto con equipos de vanguardia, nos permite mantener un estricto control de calidad en cada etapa de la producci\u00f3n, desde la selecci\u00f3n de la materia prima hasta la inspecci\u00f3n final. Esta dedicaci\u00f3n a la excelencia nos ha valido certificaciones y el reconocimiento de las autoridades del sector, consolidando a\u00fan m\u00e1s nuestra reputaci\u00f3n como socio confiable.<\/p>\n<p class=\"break-words\">Nuestra misi\u00f3n es simple pero ambiciosa: ofrecer a nuestros clientes cilindros hidr\u00e1ulicos que superen sus expectativas en rendimiento, durabilidad y valor. Nos guiamos por los principios de profesionalismo, integridad y orientaci\u00f3n al cliente. Fomentando una cultura de innovaci\u00f3n y precisi\u00f3n, perfeccionamos continuamente nuestros productos para mantenernos a la vanguardia en un mercado competitivo. Nuestra amplia gama de productos y nuestra capacidad para ofrecer soluciones a medida nos convierten en la opci\u00f3n predilecta para las empresas que buscan cilindros hidr\u00e1ulicos de alto rendimiento.<\/p>\n<p class=\"break-words\">FMP es m\u00e1s que un simple fabricante: somos un socio clave para su \u00e9xito. Entendemos que nuestros clientes conf\u00edan en nosotros para ofrecerles herramientas que mejoran su productividad y seguridad. Por eso, nos comprometemos a ofrecer no solo productos de primera calidad, sino tambi\u00e9n un servicio excepcional. Desde la consulta inicial hasta el soporte posventa, trabajamos estrechamente con nuestros clientes para garantizar que sus necesidades se satisfagan con profesionalismo y atenci\u00f3n. Nuestros precios competitivos, junto con nuestro firme compromiso con la calidad, hacen de FMP la opci\u00f3n inteligente para las empresas que buscan invertir en soluciones hidr\u00e1ulicas de confianza.<\/p>","protected":false},"excerpt":{"rendered":"<p>New Arrival Dump Truck Double Acting Telescopic Hydraulic Cylinder Introducing the latest addition to our product line, a new arrival dump truck double acting telescopic hydraulic cylinder. It&#8217;s ideal for a variety of applications, including machinery repair shops, farms, energy and mining industries, and machinery manufacturing factories. Product Features and Advantages This hydraulic cylinder comes [&hellip;]<\/p>","protected":false},"featured_media":6677,"comment_status":"closed","ping_status":"closed","template":"","meta":{"_et_pb_use_builder":"","_et_pb_old_content":"","_et_gb_content_width":""},"product_brand":[],"product_cat":[103],"product_tag":[34,105],"class_list":{"0":"post-6500","1":"product","2":"type-product","3":"status-publish","4":"has-post-thumbnail","6":"product_cat-telescopic-hydraulic-cylinders","7":"product_tag-hydraulic-cylinder","8":"product_tag-telescopic-hydraulic-cylinders","10":"first","11":"instock","12":"product-type-simple"},"_links":{"self":[{"href":"https:\/\/fmp-components.com\/es\/wp-json\/wp\/v2\/product\/6500","targetHints":{"allow":["GET"]}}],"collection":[{"href":"https:\/\/fmp-components.com\/es\/wp-json\/wp\/v2\/product"}],"about":[{"href":"https:\/\/fmp-components.com\/es\/wp-json\/wp\/v2\/types\/product"}],"replies":[{"embeddable":true,"href":"https:\/\/fmp-components.com\/es\/wp-json\/wp\/v2\/comments?post=6500"}],"wp:featuredmedia":[{"embeddable":true,"href":"https:\/\/fmp-components.com\/es\/wp-json\/wp\/v2\/media\/6677"}],"wp:attachment":[{"href":"https:\/\/fmp-components.com\/es\/wp-json\/wp\/v2\/media?parent=6500"}],"wp:term":[{"taxonomy":"product_brand","embeddable":true,"href":"https:\/\/fmp-components.com\/es\/wp-json\/wp\/v2\/product_brand?post=6500"},{"taxonomy":"product_cat","embeddable":true,"href":"https:\/\/fmp-components.com\/es\/wp-json\/wp\/v2\/product_cat?post=6500"},{"taxonomy":"product_tag","embeddable":true,"href":"https:\/\/fmp-components.com\/es\/wp-json\/wp\/v2\/product_tag?post=6500"}],"curies":[{"name":"gracias","href":"https:\/\/api.w.org\/{rel}","templated":true}]}}