{"id":6497,"date":"2025-03-11T06:25:30","date_gmt":"2025-03-11T06:25:30","guid":{"rendered":"https:\/\/fmp-components.com\/product\/cost-effective-double-acting-telescopic-hydraulic-cylinder-for-sale"},"modified":"2025-03-18T02:01:45","modified_gmt":"2025-03-18T02:01:45","slug":"cost-effective-double-acting-telescopic-hydraulic-cylinder-for-sale","status":"publish","type":"product","link":"https:\/\/fmp-components.com\/es\/product\/cost-effective-double-acting-telescopic-hydraulic-cylinder-for-sale\/","title":{"rendered":"Cilindro hidr\u00e1ulico telesc\u00f3pico de doble efecto econ\u00f3mico a la venta"},"content":{"rendered":"<h2>Cilindro hidr\u00e1ulico telesc\u00f3pico de doble efecto econ\u00f3mico a la venta<\/h2>\n<p>Este nuevo y econ\u00f3mico cilindro hidr\u00e1ulico telesc\u00f3pico de doble efecto es la soluci\u00f3n ideal para diversas aplicaciones en talleres de reparaci\u00f3n de maquinaria, granjas, industrias energ\u00e9ticas y mineras, fabricaci\u00f3n de maquinaria y f\u00e1bricas de maquinaria. Fabricado en acero resistente, este cilindro de \u00e9mbolo est\u00e1ndar funciona con potencia hidr\u00e1ulica y proporciona un empuje m\u00e1ximo de 3000 y una tracci\u00f3n m\u00e1xima de 20 toneladas.<\/p>\n<h3>Especificaciones del producto<\/h3>\n<p>El cilindro hidr\u00e1ulico tiene un di\u00e1metro interior de 2-6 pulgadas, un v\u00e1stago de 1,125-4 pulgadas, una carrera de 4-100 pulgadas y un pasador de 0,5-2 pulgadas. Las conexiones son G\/SAE\/NPT\/M. Pesa 31 kg y se presenta en un elegante color negro.<\/p>\n<table style=\"width: 100.661%;\" border=\"\">\n<tbody>\n<tr>\n<td style=\"width: 43.5028%;\"><strong>Tama\u00f1o del orificio<\/strong><\/td>\n<td style=\"width: 488.701%;\">2-6 pulgadas<\/td>\n<\/tr>\n<tr>\n<td style=\"width: 43.5028%;\"><strong>Tama\u00f1o de la varilla<\/strong><\/td>\n<td style=\"width: 488.701%;\">1,125-4 pulgadas<\/td>\n<\/tr>\n<tr>\n<td style=\"width: 43.5028%;\"><strong>Tama\u00f1o del trazo<\/strong><\/td>\n<td style=\"width: 488.701%;\">4-100 pulgadas<\/td>\n<\/tr>\n<tr>\n<td style=\"width: 43.5028%;\"><strong>Tama\u00f1o del pin<\/strong><\/td>\n<td style=\"width: 488.701%;\">0,5-2 pulgadas<\/td>\n<\/tr>\n<tr>\n<td style=\"width: 43.5028%;\"><strong>Puertos<\/strong><\/td>\n<td style=\"width: 488.701%;\">G\/SAE\/NPT\/M<\/td>\n<\/tr>\n<\/tbody>\n<\/table>\n<h3>Caracter\u00edsticas y beneficios \u00fanicos<\/h3>\n<p>Nuestro cilindro hidr\u00e1ulico multietapa cuenta con la certificaci\u00f3n ISO9001:2000, lo que garantiza su calidad y fiabilidad. Es energ\u00e9ticamente eficiente, potente y seguro, lo que lo convierte en un recurso invaluable en diversas industrias.<\/p>\n<h3>Sistema hidr\u00e1ulico y principio de funcionamiento<\/h3>\n<p>El cilindro hidr\u00e1ulico funciona convirtiendo la potencia hidr\u00e1ulica en movimiento mec\u00e1nico, transformando la presi\u00f3n en fuerza. La unidad de potencia es el n\u00facleo que proporciona la energ\u00eda y las se\u00f1ales de control que requiere el sistema hidr\u00e1ulico. Su sinergia garantiza el amplio uso de la tecnolog\u00eda hidr\u00e1ulica en el sector industrial y proporciona un soporte fiable de potencia y control para diversos proyectos y equipos mec\u00e1nicos.<\/p>\n<h3>Escenarios de aplicaci\u00f3n<\/h3>\n<p>Este cilindro hidr\u00e1ulico vers\u00e1til se puede utilizar en una variedad de industrias, incluidos talleres de reparaci\u00f3n de maquinaria, granjas, industrias de energ\u00eda y miner\u00eda, fabricaci\u00f3n de maquinaria y f\u00e1bricas de maquinaria.<\/p>\n<p><img loading=\"lazy\" decoding=\"async\" class=\"alignnone wp-image-6663\" src=\"https:\/\/fmp-components.com\/wp-content\/uploads\/2025\/03\/telescopic-hydraulic-cylinder-11.webp\" alt=\"cilindro hidr\u00e1ulico telesc\u00f3pico\" width=\"903\" height=\"903\" title=\"\" srcset=\"https:\/\/fmp-components.com\/wp-content\/uploads\/2025\/03\/telescopic-hydraulic-cylinder-11.webp 903w, https:\/\/fmp-components.com\/wp-content\/uploads\/2025\/03\/telescopic-hydraulic-cylinder-11-480x480.webp 480w\" sizes=\"(min-width: 0px) and (max-width: 480px) 480px, (min-width: 481px) 903px, 100vw\" \/><\/p>\n<h2>Cilindros hidr\u00e1ulicos y unidades de potencia<\/h2>\n<p>El cilindro hidr\u00e1ulico y la unidad de potencia son componentes indispensables del sistema hidr\u00e1ulico. Su efecto sin\u00e9rgico garantiza la amplia aplicaci\u00f3n de la tecnolog\u00eda hidr\u00e1ulica en el sector industrial, proporcionando potencia y control fiables para diversos equipos de ingenier\u00eda y mec\u00e1nicos. En FMP tambi\u00e9n vendemos unidades de potencia.<\/p>\n<h2>Preguntas frecuentes<\/h2>\n<dl>\n<dt>P: \u00bfEs usted una empresa comercial o un fabricante?<\/dt>\n<dd>A: Somos un fabricante.<\/dd>\n<dt>P: \u00bfCu\u00e1nto tiempo dura el env\u00edo?<\/dt>\n<dd>R: Generalmente son entre 25 y 35 d\u00edas.<\/dd>\n<dt>P: \u00bfOfrecen muestras? \u00bfSon gratuitas o tienen un costo adicional?<\/dt>\n<dd>R: S\u00ed, podr\u00edamos ofrecer muestras, pero no son gratuitas.<\/dd>\n<\/dl>\n<p><img loading=\"lazy\" decoding=\"async\" class=\"alignnone wp-image-6664\" src=\"https:\/\/fmp-components.com\/wp-content\/uploads\/2025\/03\/telescopic-hydraulic-cylinder-8.webp\" alt=\"cilindro hidr\u00e1ulico telesc\u00f3pico\" width=\"907\" height=\"907\" title=\"\" srcset=\"https:\/\/fmp-components.com\/wp-content\/uploads\/2025\/03\/telescopic-hydraulic-cylinder-8.webp 907w, https:\/\/fmp-components.com\/wp-content\/uploads\/2025\/03\/telescopic-hydraulic-cylinder-8-480x480.webp 480w\" sizes=\"(min-width: 0px) and (max-width: 480px) 480px, (min-width: 481px) 907px, 100vw\" \/><\/p>\n<h3>Acerca de FMP<\/h3>\n<p class=\"break-words\">FMP es un fabricante italiano l\u00edder especializado en el dise\u00f1o, desarrollo y producci\u00f3n de cilindros hidr\u00e1ulicos de alta calidad. Con una rica tradici\u00f3n arraigada en d\u00e9cadas de experiencia, combinamos con orgullo la artesan\u00eda italiana con tecnolog\u00eda de vanguardia para ofrecer soluciones hidr\u00e1ulicas excepcionales, adaptadas a las diversas necesidades de nuestra clientela global. Con sede en Italia, un centro de excelencia en ingenier\u00eda, FMP se erige como una marca de confianza en la industria hidr\u00e1ulica, comprometida con el suministro de productos fiables, duraderos e innovadores que impulsan a empresas de todo el mundo.<\/p>\n<p class=\"break-words\">Nuestra empresa integra lo mejor de la fabricaci\u00f3n avanzada con un enfoque innovador. Gracias a a\u00f1os de experiencia en sistemas hidr\u00e1ulicos, FMP se ha convertido en una empresa moderna que destaca en investigaci\u00f3n, dise\u00f1o y producci\u00f3n. Nos especializamos en una amplia gama de cilindros hidr\u00e1ulicos, incluyendo cilindros de doble efecto, cilindros de elevaci\u00f3n para autom\u00f3viles, cilindros para maquinaria agr\u00edcola y soluciones de ingenier\u00eda personalizada para diversas aplicaciones industriales. Ya sea para construcci\u00f3n, instalaciones industriales, agricultura o maquinaria pesada, nuestros cilindros hidr\u00e1ulicos est\u00e1n dise\u00f1ados para funcionar en las condiciones m\u00e1s exigentes, garantizando seguridad, eficiencia y durabilidad.<\/p>\n<p><img loading=\"lazy\" decoding=\"async\" class=\"alignnone size-full wp-image-6720\" src=\"https:\/\/fmp-components.com\/wp-content\/uploads\/2025\/03\/hydraulic-cylinder-8.webp\" alt=\"Cilindros hidr\u00e1ulicos telesc\u00f3picos\" width=\"933\" height=\"526\" title=\"\" srcset=\"https:\/\/fmp-components.com\/wp-content\/uploads\/2025\/03\/hydraulic-cylinder-8.webp 933w, https:\/\/fmp-components.com\/wp-content\/uploads\/2025\/03\/hydraulic-cylinder-8-480x271.webp 480w\" sizes=\"(min-width: 0px) and (max-width: 480px) 480px, (min-width: 481px) 933px, 100vw\" \/><\/p>\n<p class=\"break-words\">En FMP, nos enorgullecemos de nuestras instalaciones de producci\u00f3n de vanguardia, equipadas con maquinaria de precisi\u00f3n y sistemas de prueba avanzados. Nuestros procesos de fabricaci\u00f3n cumplen rigurosos est\u00e1ndares nacionales e internacionales, lo que garantiza que cada cilindro hidr\u00e1ulico que sale de nuestra f\u00e1brica sea de la m\u00e1s alta calidad y fiabilidad. Nuestro equipo t\u00e9cnico cualificado, junto con equipos de vanguardia, nos permite mantener un estricto control de calidad en cada etapa de la producci\u00f3n, desde la selecci\u00f3n de la materia prima hasta la inspecci\u00f3n final. Esta dedicaci\u00f3n a la excelencia nos ha valido certificaciones y el reconocimiento de las autoridades del sector, consolidando a\u00fan m\u00e1s nuestra reputaci\u00f3n como socio confiable.<\/p>\n<p class=\"break-words\">Nuestra misi\u00f3n es simple pero ambiciosa: ofrecer a nuestros clientes cilindros hidr\u00e1ulicos que superen sus expectativas en rendimiento, durabilidad y valor. Nos guiamos por los principios de profesionalismo, integridad y orientaci\u00f3n al cliente. Fomentando una cultura de innovaci\u00f3n y precisi\u00f3n, perfeccionamos continuamente nuestros productos para mantenernos a la vanguardia en un mercado competitivo. Nuestra amplia gama de productos y nuestra capacidad para ofrecer soluciones a medida nos convierten en la opci\u00f3n predilecta para las empresas que buscan cilindros hidr\u00e1ulicos de alto rendimiento.<\/p>\n<p class=\"break-words\">FMP es m\u00e1s que un simple fabricante: somos un socio clave para su \u00e9xito. Entendemos que nuestros clientes conf\u00edan en nosotros para ofrecerles herramientas que mejoran su productividad y seguridad. Por eso, nos comprometemos a ofrecer no solo productos de primera calidad, sino tambi\u00e9n un servicio excepcional. Desde la consulta inicial hasta el soporte posventa, trabajamos estrechamente con nuestros clientes para garantizar que sus necesidades se satisfagan con profesionalismo y atenci\u00f3n. Nuestros precios competitivos, junto con nuestro firme compromiso con la calidad, hacen de FMP la opci\u00f3n inteligente para las empresas que buscan invertir en soluciones hidr\u00e1ulicas de confianza.<\/p>","protected":false},"excerpt":{"rendered":"<p>Cost Effective Double Acting Telescopic Hydraulic Cylinder for Sale This new, cost-effective, double acting telescopic hydraulic cylinder is your ideal solution for various applications in the machinery repair shops, farms, energy &amp; mining industries, machinery manufacturing, and machinery factories. Made of durable steel, this standard plunger cylinder operates on hydraulic power and provides a maximum [&hellip;]<\/p>","protected":false},"featured_media":6680,"comment_status":"closed","ping_status":"closed","template":"","meta":{"_et_pb_use_builder":"","_et_pb_old_content":"","_et_gb_content_width":""},"product_brand":[],"product_cat":[103],"product_tag":[34,105],"class_list":{"0":"post-6497","1":"product","2":"type-product","3":"status-publish","4":"has-post-thumbnail","6":"product_cat-telescopic-hydraulic-cylinders","7":"product_tag-hydraulic-cylinder","8":"product_tag-telescopic-hydraulic-cylinders","10":"first","11":"instock","12":"product-type-simple"},"_links":{"self":[{"href":"https:\/\/fmp-components.com\/es\/wp-json\/wp\/v2\/product\/6497","targetHints":{"allow":["GET"]}}],"collection":[{"href":"https:\/\/fmp-components.com\/es\/wp-json\/wp\/v2\/product"}],"about":[{"href":"https:\/\/fmp-components.com\/es\/wp-json\/wp\/v2\/types\/product"}],"replies":[{"embeddable":true,"href":"https:\/\/fmp-components.com\/es\/wp-json\/wp\/v2\/comments?post=6497"}],"wp:featuredmedia":[{"embeddable":true,"href":"https:\/\/fmp-components.com\/es\/wp-json\/wp\/v2\/media\/6680"}],"wp:attachment":[{"href":"https:\/\/fmp-components.com\/es\/wp-json\/wp\/v2\/media?parent=6497"}],"wp:term":[{"taxonomy":"product_brand","embeddable":true,"href":"https:\/\/fmp-components.com\/es\/wp-json\/wp\/v2\/product_brand?post=6497"},{"taxonomy":"product_cat","embeddable":true,"href":"https:\/\/fmp-components.com\/es\/wp-json\/wp\/v2\/product_cat?post=6497"},{"taxonomy":"product_tag","embeddable":true,"href":"https:\/\/fmp-components.com\/es\/wp-json\/wp\/v2\/product_tag?post=6497"}],"curies":[{"name":"gracias","href":"https:\/\/api.w.org\/{rel}","templated":true}]}}