{"id":6492,"date":"2025-03-11T06:25:30","date_gmt":"2025-03-11T06:25:30","guid":{"rendered":"https:\/\/fmp-components.com\/product\/factory-provide-hydraulic-cylinders-5-stage-telescopic-hydraulic-cylinder-for-sale"},"modified":"2025-03-14T03:15:28","modified_gmt":"2025-03-14T03:15:28","slug":"factory-provide-hydraulic-cylinders-5-stage-telescopic-hydraulic-cylinder-for-sale","status":"publish","type":"product","link":"https:\/\/fmp-components.com\/es\/product\/factory-provide-hydraulic-cylinders-5-stage-telescopic-hydraulic-cylinder-for-sale\/","title":{"rendered":"Cilindros hidr\u00e1ulicos telesc\u00f3picos de 5 etapas disponibles en f\u00e1brica."},"content":{"rendered":"<h2>Cilindros hidr\u00e1ulicos telesc\u00f3picos de 5 etapas disponibles en f\u00e1brica.<\/h2>\n<p>Si necesita cilindros hidr\u00e1ulicos de alta calidad, duraderos y eficientes, no busque m\u00e1s: nuestro cilindro hidr\u00e1ulico telesc\u00f3pico de 5 etapas es la soluci\u00f3n. Este producto est\u00e1 dise\u00f1ado para ofrecer lo \u00faltimo en potencia, rendimiento y versatilidad, lo que lo hace perfecto para una amplia gama de aplicaciones en los sectores de energ\u00eda, miner\u00eda, fabricaci\u00f3n y reparaci\u00f3n de maquinaria.<\/p>\n<h3>Especificaciones y caracter\u00edsticas del producto<\/h3>\n<p>El cilindro hidr\u00e1ulico tiene una estructura est\u00e1ndar y utiliza potencia hidr\u00e1ulica. Fabricado en acero robusto, tiene un empuje m\u00e1ximo de 3000 Nm y una capacidad de tracci\u00f3n m\u00e1xima de 20 toneladas. Este cilindro hidr\u00e1ulico multietapa cuenta con la certificaci\u00f3n ISO 9001:2000 y presenta un di\u00e1metro interior de 2 a 6 pulgadas, un v\u00e1stago de 1,125 a 4 pulgadas, una carrera de 4 a 100 pulgadas y un pasador de 0,5 a 2 pulgadas. El cilindro est\u00e1 disponible en negro y cuenta con conexiones G\/SAE\/NPT\/M.<\/p>\n<table style=\"width: 99.1886%; height: 98px;\" border=\"\">\n<tbody>\n<tr>\n<td colspan=\"\" rowspan=\"\"><i>Tama\u00f1o del orificio<\/i><\/td>\n<td colspan=\"\" rowspan=\"\">2-6 pulgadas<\/td>\n<\/tr>\n<tr>\n<td colspan=\"\" rowspan=\"\"><i>Tama\u00f1o de la varilla<\/i><\/td>\n<td colspan=\"\" rowspan=\"\">1,125-4 pulgadas<\/td>\n<\/tr>\n<tr>\n<td colspan=\"\" rowspan=\"\"><i>Tama\u00f1o del trazo<\/i><\/td>\n<td colspan=\"\" rowspan=\"\">4-100 pulgadas<\/td>\n<\/tr>\n<tr>\n<td colspan=\"\" rowspan=\"\"><i>Tama\u00f1o del pin<\/i><\/td>\n<td colspan=\"\" rowspan=\"\">0,5-2 pulgadas<\/td>\n<\/tr>\n<tr>\n<td colspan=\"\" rowspan=\"\"><i>Puertos<\/i><\/td>\n<td colspan=\"\" rowspan=\"\">G\/SAE\/NPT\/M<\/td>\n<\/tr>\n<\/tbody>\n<\/table>\n<h3>Beneficios y ventajas clave<\/h3>\n<p>Nuestro cilindro hidr\u00e1ulico telesc\u00f3pico de 5 etapas est\u00e1 dise\u00f1ado para brindar una variedad de beneficios y ventajas, como:<\/p>\n<ul>\n<li>eficiencia energ\u00e9tica<\/li>\n<li>Rendimiento alto<\/li>\n<li>Seguridad y fiabilidad<\/li>\n<li>Versatilidad en la aplicaci\u00f3n<\/li>\n<\/ul>\n<h2>Sistemas hidr\u00e1ulicos y principios de funcionamiento<\/h2>\n<p>El cilindro hidr\u00e1ulico es un componente clave de los sistemas hidr\u00e1ulicos, y funciona seg\u00fan el principio de convertir la presi\u00f3n hidr\u00e1ulica en fuerza mec\u00e1nica. Esta fuerza se utiliza para realizar diversas tareas en la maquinaria industrial.<\/p>\n<p><img loading=\"lazy\" decoding=\"async\" class=\"alignnone  wp-image-6662\" src=\"https:\/\/fmp-components.com\/wp-content\/uploads\/2025\/03\/telescopic-hydraulic-cylinder-4.webp\" alt=\"cilindro hidr\u00e1ulico telesc\u00f3pico\" width=\"817\" height=\"817\" title=\"\" srcset=\"https:\/\/fmp-components.com\/wp-content\/uploads\/2025\/03\/telescopic-hydraulic-cylinder-4.webp 817w, https:\/\/fmp-components.com\/wp-content\/uploads\/2025\/03\/telescopic-hydraulic-cylinder-4-480x480.webp 480w\" sizes=\"(min-width: 0px) and (max-width: 480px) 480px, (min-width: 481px) 817px, 100vw\" \/><\/p>\n<h2>Escenarios de aplicaci\u00f3n<\/h2>\n<p>El cilindro hidr\u00e1ulico telesc\u00f3pico de 5 etapas se puede utilizar en una variedad de sectores y aplicaciones, incluidos talleres de reparaci\u00f3n de maquinaria, granjas, operaciones de energ\u00eda y miner\u00eda, fabricaci\u00f3n de maquinaria y f\u00e1bricas.<\/p>\n<h2>Cilindros hidr\u00e1ulicos y unidades de potencia<\/h2>\n<p>El cilindro hidr\u00e1ulico y la unidad de potencia son componentes indispensables en los sistemas hidr\u00e1ulicos. Su funcionamiento coordinado garantiza la amplia aplicaci\u00f3n de la tecnolog\u00eda hidr\u00e1ulica en el \u00e1mbito industrial y proporciona un soporte fiable de potencia y control para diversos equipos de ingenier\u00eda y mec\u00e1nicos. El cilindro hidr\u00e1ulico, como elemento de ejecuci\u00f3n, es responsable de convertir la energ\u00eda hidr\u00e1ulica en movimiento mec\u00e1nico y la presi\u00f3n en fuerza. La unidad de potencia es el n\u00facleo que proporciona la energ\u00eda y las se\u00f1ales de control que requiere el sistema hidr\u00e1ulico. La coordinaci\u00f3n entre ambos permite el funcionamiento normal del sistema hidr\u00e1ulico. FMP tambi\u00e9n ofrece unidades de potencia a la venta.<\/p>\n<h2>Preguntas frecuentes<\/h2>\n<dl>\n<dt><strong>P: \u00bfEs usted una empresa comercial o un fabricante?<\/strong><\/dt>\n<dd>A: Somos una f\u00e1brica.<\/dd>\n<dt><strong>P: \u00bfCu\u00e1nto tiempo dura el env\u00edo?<\/strong><\/dt>\n<dd>R: Generalmente son entre 25 y 35 d\u00edas.<\/dd>\n<dt><strong>P: \u00bfOfrecen muestras? \u00bfSon gratuitas o tienen un costo adicional?<\/strong><\/dt>\n<dd>R: S\u00ed, podr\u00edamos ofrecer la muestra, pero no es gratis.<\/dd>\n<\/dl>\n<h3>Acerca de FMP<\/h3>\n<p class=\"break-words\">FMP es un fabricante italiano l\u00edder especializado en el dise\u00f1o, desarrollo y producci\u00f3n de cilindros hidr\u00e1ulicos de alta calidad. Con una rica tradici\u00f3n arraigada en d\u00e9cadas de experiencia, combinamos con orgullo la artesan\u00eda italiana con tecnolog\u00eda de vanguardia para ofrecer soluciones hidr\u00e1ulicas excepcionales, adaptadas a las diversas necesidades de nuestra clientela global. Con sede en Italia, un centro de excelencia en ingenier\u00eda, FMP se erige como una marca de confianza en la industria hidr\u00e1ulica, comprometida con el suministro de productos fiables, duraderos e innovadores que impulsan a empresas de todo el mundo.<\/p>\n<p class=\"break-words\">Nuestra empresa integra lo mejor de la fabricaci\u00f3n avanzada con un enfoque innovador. Gracias a a\u00f1os de experiencia en sistemas hidr\u00e1ulicos, FMP se ha convertido en una empresa moderna que destaca en investigaci\u00f3n, dise\u00f1o y producci\u00f3n. Nos especializamos en una amplia gama de cilindros hidr\u00e1ulicos, incluyendo cilindros de doble efecto, cilindros de elevaci\u00f3n para autom\u00f3viles, cilindros para maquinaria agr\u00edcola y soluciones de ingenier\u00eda personalizada para diversas aplicaciones industriales. Ya sea para construcci\u00f3n, instalaciones industriales, agricultura o maquinaria pesada, nuestros cilindros hidr\u00e1ulicos est\u00e1n dise\u00f1ados para funcionar en las condiciones m\u00e1s exigentes, garantizando seguridad, eficiencia y durabilidad.<\/p>\n<p><img loading=\"lazy\" decoding=\"async\" class=\"alignnone size-full wp-image-6720\" src=\"https:\/\/fmp-components.com\/wp-content\/uploads\/2025\/03\/hydraulic-cylinder-8.webp\" alt=\"Cilindros hidr\u00e1ulicos telesc\u00f3picos\" width=\"933\" height=\"526\" title=\"\" srcset=\"https:\/\/fmp-components.com\/wp-content\/uploads\/2025\/03\/hydraulic-cylinder-8.webp 933w, https:\/\/fmp-components.com\/wp-content\/uploads\/2025\/03\/hydraulic-cylinder-8-480x271.webp 480w\" sizes=\"(min-width: 0px) and (max-width: 480px) 480px, (min-width: 481px) 933px, 100vw\" \/><\/p>\n<p class=\"break-words\">En FMP, nos enorgullecemos de nuestras instalaciones de producci\u00f3n de vanguardia, equipadas con maquinaria de precisi\u00f3n y sistemas de prueba avanzados. Nuestros procesos de fabricaci\u00f3n cumplen rigurosos est\u00e1ndares nacionales e internacionales, lo que garantiza que cada cilindro hidr\u00e1ulico que sale de nuestra f\u00e1brica sea de la m\u00e1s alta calidad y fiabilidad. Nuestro equipo t\u00e9cnico cualificado, junto con equipos de vanguardia, nos permite mantener un estricto control de calidad en cada etapa de la producci\u00f3n, desde la selecci\u00f3n de la materia prima hasta la inspecci\u00f3n final. Esta dedicaci\u00f3n a la excelencia nos ha valido certificaciones y el reconocimiento de las autoridades del sector, consolidando a\u00fan m\u00e1s nuestra reputaci\u00f3n como socio confiable.<\/p>\n<p class=\"break-words\">Nuestra misi\u00f3n es simple pero ambiciosa: ofrecer a nuestros clientes cilindros hidr\u00e1ulicos que superen sus expectativas en rendimiento, durabilidad y valor. Nos guiamos por los principios de profesionalismo, integridad y orientaci\u00f3n al cliente. Fomentando una cultura de innovaci\u00f3n y precisi\u00f3n, perfeccionamos continuamente nuestros productos para mantenernos a la vanguardia en un mercado competitivo. Nuestra amplia gama de productos y nuestra capacidad para ofrecer soluciones a medida nos convierten en la opci\u00f3n predilecta para las empresas que buscan cilindros hidr\u00e1ulicos de alto rendimiento.<\/p>\n<p class=\"break-words\">FMP es m\u00e1s que un simple fabricante: somos un socio clave para su \u00e9xito. Entendemos que nuestros clientes conf\u00edan en nosotros para ofrecerles herramientas que mejoran su productividad y seguridad. Por eso, nos comprometemos a ofrecer no solo productos de primera calidad, sino tambi\u00e9n un servicio excepcional. Desde la consulta inicial hasta el soporte posventa, trabajamos estrechamente con nuestros clientes para garantizar que sus necesidades se satisfagan con profesionalismo y atenci\u00f3n. Nuestros precios competitivos, junto con nuestro firme compromiso con la calidad, hacen de FMP la opci\u00f3n inteligente para las empresas que buscan invertir en soluciones hidr\u00e1ulicas de confianza.<\/p>","protected":false},"excerpt":{"rendered":"<p>Factory Provide Hydraulic Cylinders 5 Stage Telescopic Hydraulic Cylinder For Sale If you&#8217;re in need of high-quality, durable and efficient hydraulic cylinders, look no further than our 5 Stage Telescopic Hydraulic Cylinder. This product is designed to offer the ultimate in power, performance, and versatility, making it perfect for a wide range of applications in [&hellip;]<\/p>","protected":false},"featured_media":6766,"comment_status":"closed","ping_status":"closed","template":"","meta":{"_et_pb_use_builder":"","_et_pb_old_content":"","_et_gb_content_width":""},"product_brand":[],"product_cat":[103],"product_tag":[34,105],"class_list":{"0":"post-6492","1":"product","2":"type-product","3":"status-publish","4":"has-post-thumbnail","6":"product_cat-telescopic-hydraulic-cylinders","7":"product_tag-hydraulic-cylinder","8":"product_tag-telescopic-hydraulic-cylinders","10":"first","11":"instock","12":"product-type-simple"},"_links":{"self":[{"href":"https:\/\/fmp-components.com\/es\/wp-json\/wp\/v2\/product\/6492","targetHints":{"allow":["GET"]}}],"collection":[{"href":"https:\/\/fmp-components.com\/es\/wp-json\/wp\/v2\/product"}],"about":[{"href":"https:\/\/fmp-components.com\/es\/wp-json\/wp\/v2\/types\/product"}],"replies":[{"embeddable":true,"href":"https:\/\/fmp-components.com\/es\/wp-json\/wp\/v2\/comments?post=6492"}],"wp:featuredmedia":[{"embeddable":true,"href":"https:\/\/fmp-components.com\/es\/wp-json\/wp\/v2\/media\/6766"}],"wp:attachment":[{"href":"https:\/\/fmp-components.com\/es\/wp-json\/wp\/v2\/media?parent=6492"}],"wp:term":[{"taxonomy":"product_brand","embeddable":true,"href":"https:\/\/fmp-components.com\/es\/wp-json\/wp\/v2\/product_brand?post=6492"},{"taxonomy":"product_cat","embeddable":true,"href":"https:\/\/fmp-components.com\/es\/wp-json\/wp\/v2\/product_cat?post=6492"},{"taxonomy":"product_tag","embeddable":true,"href":"https:\/\/fmp-components.com\/es\/wp-json\/wp\/v2\/product_tag?post=6492"}],"curies":[{"name":"gracias","href":"https:\/\/api.w.org\/{rel}","templated":true}]}}