{"id":6412,"date":"2025-03-10T06:01:59","date_gmt":"2025-03-10T06:01:59","guid":{"rendered":"https:\/\/fmp-components.com\/?post_type=product&#038;p=6412"},"modified":"2025-03-10T06:02:00","modified_gmt":"2025-03-10T06:02:00","slug":"nm-couplings","status":"publish","type":"product","link":"https:\/\/fmp-components.com\/es\/product\/nm-couplings\/","title":{"rendered":"Acoplamientos NM"},"content":{"rendered":"<h2>Par\u00e1metros de los acoplamientos NM<\/h2>\n<table class=\"has-title all magic-9\" border=\"1\">\n<tbody>\n<tr>\n<td colspan=\"1\" rowspan=\"1\">\n<div class=\"magic-10\" data-spm-anchor-id=\"a2700.details.0.i13.236d5a3715iTIC\"><strong>art\u00edculo<\/strong><\/div>\n<\/td>\n<td colspan=\"1\" rowspan=\"1\">\n<div class=\"magic-11\">Acoplamientos NM<\/div>\n<\/td>\n<\/tr>\n<tr>\n<td colspan=\"1\" rowspan=\"1\">\n<div class=\"magic-10\"><strong>Industrias aplicables<\/strong><\/div>\n<\/td>\n<td colspan=\"1\" rowspan=\"1\">\n<div class=\"magic-11\">Hoteles, Tiendas de ropa, Tiendas de materiales de construcci\u00f3n, Plantas de fabricaci\u00f3n, Talleres de reparaci\u00f3n de maquinaria, F\u00e1bricas de alimentos y bebidas, Granjas, Restaurantes, Uso dom\u00e9stico, Comercio minorista, Tiendas de alimentos, Imprentas, Obras de construcci\u00f3n, Energ\u00eda y miner\u00eda, Tiendas de alimentos y bebidas, Otros, Empresa de publicidad<\/div>\n<\/td>\n<\/tr>\n<tr>\n<td colspan=\"1\" rowspan=\"1\">\n<div class=\"magic-10\"><strong>Soporte personalizado<\/strong><\/div>\n<\/td>\n<td colspan=\"1\" rowspan=\"1\">\n<div class=\"magic-11\">Fabricante de equipos originales (OEM)<\/div>\n<\/td>\n<\/tr>\n<tr>\n<td colspan=\"1\" rowspan=\"1\">\n<div class=\"magic-10\"><strong>Estructura<\/strong><\/div>\n<\/td>\n<td colspan=\"1\" rowspan=\"1\">\n<div class=\"magic-11\">Mand\u00edbula<\/div>\n<\/td>\n<\/tr>\n<tr>\n<td colspan=\"1\" rowspan=\"1\">\n<div class=\"magic-10\"><strong>Flexible o r\u00edgido<\/strong><\/div>\n<\/td>\n<td colspan=\"1\" rowspan=\"1\">\n<div class=\"magic-11\">Flexible<\/div>\n<\/td>\n<\/tr>\n<tr>\n<td colspan=\"1\" rowspan=\"1\">\n<div class=\"magic-10\"><strong>Est\u00e1ndar o no est\u00e1ndar<\/strong><\/div>\n<\/td>\n<td colspan=\"1\" rowspan=\"1\">\n<div class=\"magic-11\">Est\u00e1ndar<\/div>\n<\/td>\n<\/tr>\n<tr>\n<td colspan=\"1\" rowspan=\"1\">\n<div class=\"magic-10\"><strong>Material<\/strong><\/div>\n<\/td>\n<td colspan=\"1\" rowspan=\"1\">\n<div class=\"magic-11\">Hierro<\/div>\n<\/td>\n<\/tr>\n<tr>\n<td colspan=\"1\" rowspan=\"1\">\n<div class=\"magic-10\"><strong>Lugar de origen<\/strong><\/div>\n<\/td>\n<td colspan=\"1\" rowspan=\"1\">\n<div class=\"magic-11\">Italia<\/div>\n<\/td>\n<\/tr>\n<tr>\n<td colspan=\"1\" rowspan=\"1\">\n<div class=\"magic-10\"><strong>Color<\/strong><\/div>\n<\/td>\n<td colspan=\"1\" rowspan=\"1\">\n<div class=\"magic-11\" data-spm-anchor-id=\"a2700.details.0.i12.236d5a3715iTIC\">verde\/azul\/rojo\/naranja<\/div>\n<\/td>\n<\/tr>\n<\/tbody>\n<\/table>\n<p><img loading=\"lazy\" decoding=\"async\" class=\"alignnone size-full wp-image-6413\" src=\"https:\/\/fmp-components.com\/wp-content\/uploads\/2025\/03\/nm-coupling-1.webp\" alt=\"Acoplamiento MH\" width=\"836\" height=\"669\" title=\"\" srcset=\"https:\/\/fmp-components.com\/wp-content\/uploads\/2025\/03\/nm-coupling-1.webp 836w, https:\/\/fmp-components.com\/wp-content\/uploads\/2025\/03\/nm-coupling-1-480x384.webp 480w\" sizes=\"(min-width: 0px) and (max-width: 480px) 480px, (min-width: 481px) 836px, 100vw\" \/><\/p>\n<h2>Caracter\u00edsticas de los acoplamientos NM<\/h2>\n<ul>\n<li>El hierro fundido de alto grado soporta cambios de torsi\u00f3n m\u00e1s repentinos.<\/li>\n<li>El material de caucho especial presenta resistencia al desgaste y al calor y es resistente al aceite y al gas, lo que garantiza una transmisi\u00f3n suave y una larga vida \u00fatil.<\/li>\n<li>Funcionamiento silencioso.<\/li>\n<li>Cambio r\u00e1pido, c\u00f3modo y econ\u00f3mico de componentes de caucho.<\/li>\n<li>Se adapta a la desalineaci\u00f3n en la direcci\u00f3n radial y axial.<\/li>\n<li>Anillo intermedio de caucho sint\u00e9tico<\/li>\n<li>Reduce los golpes, vibraciones y ruidos entre la transmisi\u00f3n y el sistema accionado.<\/li>\n<li>Protege contra la resonancia de la unidad y las cargas de impacto.<\/li>\n<li>Disponible en cubo s\u00f3lido o orificio terminado<\/li>\n<\/ul>\n<p><img loading=\"lazy\" decoding=\"async\" class=\"wp-image-6415 aligncenter\" src=\"https:\/\/fmp-components.com\/wp-content\/uploads\/2025\/03\/nm-coupling.webp\" alt=\"Acoplamiento MH\" width=\"884\" height=\"663\" title=\"\" srcset=\"https:\/\/fmp-components.com\/wp-content\/uploads\/2025\/03\/nm-coupling.webp 480w, https:\/\/fmp-components.com\/wp-content\/uploads\/2025\/03\/nm-coupling-300x225.webp 300w, https:\/\/fmp-components.com\/wp-content\/uploads\/2025\/03\/nm-coupling-16x12.webp 16w\" sizes=\"(max-width: 884px) 100vw, 884px\" \/><\/p>","protected":false},"excerpt":{"rendered":"<p>Parameters of NM Couplings item NM Couplings Applicable Industries Hotels, Garment Shops, Building Material Shops, Manufacturing Plant, Machinery Repair Shops, Food &amp; Beverage Factory, Farms, Restaurant, Home Use, Retail, Food Shop, Printing Shops, Construction works\u00a0, Energy &amp; Mining, Food &amp; Beverage Shops, Other, Advertising Company Customized support OEM Structure Jaw Flexible or Rigid Flexible Standard [&hellip;]<\/p>","protected":false},"featured_media":6414,"comment_status":"open","ping_status":"closed","template":"","meta":{"_et_pb_use_builder":"","_et_pb_old_content":"","_et_gb_content_width":""},"product_brand":[],"product_cat":[101],"product_tag":[],"class_list":{"0":"post-6412","1":"product","2":"type-product","3":"status-publish","4":"has-post-thumbnail","6":"product_cat-coupling","8":"first","9":"instock","10":"shipping-taxable","11":"product-type-simple"},"_links":{"self":[{"href":"https:\/\/fmp-components.com\/es\/wp-json\/wp\/v2\/product\/6412","targetHints":{"allow":["GET"]}}],"collection":[{"href":"https:\/\/fmp-components.com\/es\/wp-json\/wp\/v2\/product"}],"about":[{"href":"https:\/\/fmp-components.com\/es\/wp-json\/wp\/v2\/types\/product"}],"replies":[{"embeddable":true,"href":"https:\/\/fmp-components.com\/es\/wp-json\/wp\/v2\/comments?post=6412"}],"wp:featuredmedia":[{"embeddable":true,"href":"https:\/\/fmp-components.com\/es\/wp-json\/wp\/v2\/media\/6414"}],"wp:attachment":[{"href":"https:\/\/fmp-components.com\/es\/wp-json\/wp\/v2\/media?parent=6412"}],"wp:term":[{"taxonomy":"product_brand","embeddable":true,"href":"https:\/\/fmp-components.com\/es\/wp-json\/wp\/v2\/product_brand?post=6412"},{"taxonomy":"product_cat","embeddable":true,"href":"https:\/\/fmp-components.com\/es\/wp-json\/wp\/v2\/product_cat?post=6412"},{"taxonomy":"product_tag","embeddable":true,"href":"https:\/\/fmp-components.com\/es\/wp-json\/wp\/v2\/product_tag?post=6412"}],"curies":[{"name":"gracias","href":"https:\/\/api.w.org\/{rel}","templated":true}]}}