{"id":6408,"date":"2025-03-10T05:49:58","date_gmt":"2025-03-10T05:49:58","guid":{"rendered":"https:\/\/fmp-components.com\/?post_type=product&#038;p=6408"},"modified":"2025-03-10T05:49:59","modified_gmt":"2025-03-10T05:49:59","slug":"flexible-couplings","status":"publish","type":"product","link":"https:\/\/fmp-components.com\/es\/product\/flexible-couplings\/","title":{"rendered":"Acoplamientos flexibles"},"content":{"rendered":"<p>Un acoplamiento flexible es un dispositivo mec\u00e1nico dise\u00f1ado para conectar dos ejes giratorios, compensando la desalineaci\u00f3n, absorbiendo impactos y vibraciones, y transmitiendo el par entre ellos. Se utiliza ampliamente en maquinaria donde la alineaci\u00f3n perfecta de los ejes resulta impr\u00e1ctica o donde es necesario mitigar las fuerzas din\u00e1micas (por ejemplo, la dilataci\u00f3n t\u00e9rmica y las vibraciones). A continuaci\u00f3n, se presenta una introducci\u00f3n detallada a los acoplamientos flexibles:<\/p>\n<h3>Caracter\u00edsticas principales<\/h3>\n<ol start=\"1\">\n<li><strong>Compensaci\u00f3n por desalineaci\u00f3n<\/strong>:\n<ul>\n<li><strong>Desalineaci\u00f3n angular, paralela y axial<\/strong>Los acoplamientos flexibles toleran peque\u00f1os desplazamientos angulares, paralelos (desplazamiento) o axiales entre ejes.<\/li>\n<li><strong>Tipos de flexibilidad<\/strong>Se logra mediante elementos elastom\u00e9ricos, componentes met\u00e1licos flexibles (por ejemplo, fuelles, vigas) o juntas mec\u00e1nicas (por ejemplo, juntas universales).<\/li>\n<\/ul>\n<\/li>\n<li><strong>Amortiguaci\u00f3n de vibraciones y choques<\/strong>:\n<ul>\n<li>Reduce la transmisi\u00f3n de vibraciones desde motores, generadores o cargas desiguales a los equipos conectados.<\/li>\n<li>Los acoplamientos elastom\u00e9ricos (caucho\/poliuretano) destacan por su capacidad para amortiguar vibraciones de alta frecuencia.<\/li>\n<\/ul>\n<\/li>\n<li><strong>Transmisi\u00f3n de par<\/strong>:\n<ul>\n<li>Transfiere eficientemente la potencia rotacional al tiempo que protege la maquinaria de sobrecargas (algunos dise\u00f1os incluyen caracter\u00edsticas de limitaci\u00f3n de par).<\/li>\n<\/ul>\n<\/li>\n<li><strong>Aislamiento el\u00e9ctrico<\/strong>:\n<ul>\n<li>Ciertos acoplamientos (por ejemplo, los de tipo elastom\u00e9rico no met\u00e1lico) previenen la corrosi\u00f3n galv\u00e1nica aislando el\u00e9ctricamente los metales diferentes.<\/li>\n<\/ul>\n<\/li>\n<li><strong>Sin mantenimiento o con bajo mantenimiento<\/strong>:\n<ul>\n<li>Muchos acoplamientos flexibles modernos no requieren lubricaci\u00f3n y tienen una larga vida \u00fatil.<\/li>\n<\/ul>\n<\/li>\n<\/ol>\n<p><img loading=\"lazy\" decoding=\"async\" class=\"alignnone size-full wp-image-6398\" src=\"https:\/\/fmp-components.com\/wp-content\/uploads\/2025\/03\/flexible-coupling-1.webp\" alt=\"Acoplamiento flexible\" width=\"911\" height=\"349\" title=\"\" srcset=\"https:\/\/fmp-components.com\/wp-content\/uploads\/2025\/03\/flexible-coupling-1.webp 911w, https:\/\/fmp-components.com\/wp-content\/uploads\/2025\/03\/flexible-coupling-1-480x184.webp 480w\" sizes=\"(min-width: 0px) and (max-width: 480px) 480px, (min-width: 481px) 911px, 100vw\" \/><\/p>\n<p><img loading=\"lazy\" decoding=\"async\" class=\"wp-image-6399 aligncenter\" src=\"https:\/\/fmp-components.com\/wp-content\/uploads\/2025\/03\/flexible-coupling-2.webp\" alt=\"acoplamiento flexible\" width=\"872\" height=\"938\" title=\"\" srcset=\"https:\/\/fmp-components.com\/wp-content\/uploads\/2025\/03\/flexible-coupling-2.webp 872w, https:\/\/fmp-components.com\/wp-content\/uploads\/2025\/03\/flexible-coupling-2-480x516.webp 480w\" sizes=\"(min-width: 0px) and (max-width: 480px) 480px, (min-width: 481px) 872px, 100vw\" \/><\/p>","protected":false},"excerpt":{"rendered":"<p>A\u00a0flexible coupling\u00a0is a mechanical device designed to connect two rotating shafts while accommodating misalignment, absorbing shocks\/vibrations, and transmitting torque between them. It is widely used in machinery where perfect shaft alignment is impractical or where dynamic forces (e.g., thermal expansion, vibration) must be mitigated. Below is a detailed introduction to flexible couplings: Key Features Misalignment [&hellip;]<\/p>","protected":false},"featured_media":6400,"comment_status":"open","ping_status":"closed","template":"","meta":{"_et_pb_use_builder":"","_et_pb_old_content":"","_et_gb_content_width":""},"product_brand":[],"product_cat":[101],"product_tag":[],"class_list":{"0":"post-6408","1":"product","2":"type-product","3":"status-publish","4":"has-post-thumbnail","6":"product_cat-coupling","8":"first","9":"instock","10":"shipping-taxable","11":"product-type-simple"},"_links":{"self":[{"href":"https:\/\/fmp-components.com\/es\/wp-json\/wp\/v2\/product\/6408","targetHints":{"allow":["GET"]}}],"collection":[{"href":"https:\/\/fmp-components.com\/es\/wp-json\/wp\/v2\/product"}],"about":[{"href":"https:\/\/fmp-components.com\/es\/wp-json\/wp\/v2\/types\/product"}],"replies":[{"embeddable":true,"href":"https:\/\/fmp-components.com\/es\/wp-json\/wp\/v2\/comments?post=6408"}],"wp:featuredmedia":[{"embeddable":true,"href":"https:\/\/fmp-components.com\/es\/wp-json\/wp\/v2\/media\/6400"}],"wp:attachment":[{"href":"https:\/\/fmp-components.com\/es\/wp-json\/wp\/v2\/media?parent=6408"}],"wp:term":[{"taxonomy":"product_brand","embeddable":true,"href":"https:\/\/fmp-components.com\/es\/wp-json\/wp\/v2\/product_brand?post=6408"},{"taxonomy":"product_cat","embeddable":true,"href":"https:\/\/fmp-components.com\/es\/wp-json\/wp\/v2\/product_cat?post=6408"},{"taxonomy":"product_tag","embeddable":true,"href":"https:\/\/fmp-components.com\/es\/wp-json\/wp\/v2\/product_tag?post=6408"}],"curies":[{"name":"gracias","href":"https:\/\/api.w.org\/{rel}","templated":true}]}}