{"id":6402,"date":"2025-03-10T05:41:33","date_gmt":"2025-03-10T05:41:33","guid":{"rendered":"https:\/\/fmp-components.com\/?post_type=product&#038;p=6402"},"modified":"2025-03-10T05:41:33","modified_gmt":"2025-03-10T05:41:33","slug":"mh-couplings","status":"publish","type":"product","link":"https:\/\/fmp-components.com\/es\/product\/mh-couplings\/","title":{"rendered":"Acoplamientos MH"},"content":{"rendered":"<p>La serie MH es un acoplamiento flexible fabricado con caucho sint\u00e9tico y dos cuerpos de hierro fundido. Las bridas de hierro fundido de alta calidad se utilizan principalmente para la transmisi\u00f3n de potencia y protegen el caucho flexible. Su caucho el\u00e1stico proporciona una excelente durabilidad y un rendimiento de acoplamiento \u00f3ptimo. El acoplamiento MH consta de dos bridas y anillos el\u00e1sticos, capaces de compensar diversos tipos de desalineaci\u00f3n del eje. El anillo el\u00e1stico est\u00e1 fabricado con caucho sint\u00e9tico y reforzado con un n\u00facleo de acero para aumentar la fiabilidad del acoplamiento y la velocidad m\u00e1xima de funcionamiento. Las propiedades de amortiguaci\u00f3n del caucho absorben y suprimen las vibraciones torsionales y funcionan eficazmente en un rango de temperatura de -40 \u00b0C a +100 \u00b0C. Adem\u00e1s, el caucho es resistente al aceite, la suciedad, la grasa, la humedad, el ozono y numerosos disolventes qu\u00edmicos.<\/p>\n<h2>Construcci\u00f3n de acoplamientos MH<\/h2>\n<p><img loading=\"lazy\" decoding=\"async\" class=\"size-full wp-image-6405 aligncenter\" src=\"https:\/\/fmp-components.com\/wp-content\/uploads\/2025\/03\/mh-couplings-1.webp\" alt=\"Acoplamiento MH\" width=\"600\" height=\"400\" title=\"\" srcset=\"https:\/\/fmp-components.com\/wp-content\/uploads\/2025\/03\/mh-couplings-1.webp 600w, https:\/\/fmp-components.com\/wp-content\/uploads\/2025\/03\/mh-couplings-1-480x320.webp 480w\" sizes=\"(min-width: 0px) and (max-width: 480px) 480px, (min-width: 481px) 600px, 100vw\" \/> \u00a0<img loading=\"lazy\" decoding=\"async\" class=\"size-full wp-image-6407 aligncenter\" src=\"https:\/\/fmp-components.com\/wp-content\/uploads\/2025\/03\/k3gaks3a-mh-coupling-2.webp\" alt=\"Acoplamiento MH\" width=\"686\" height=\"429\" title=\"\" srcset=\"https:\/\/fmp-components.com\/wp-content\/uploads\/2025\/03\/k3gaks3a-mh-coupling-2.webp 686w, https:\/\/fmp-components.com\/wp-content\/uploads\/2025\/03\/k3gaks3a-mh-coupling-2-480x300.webp 480w\" sizes=\"(min-width: 0px) and (max-width: 480px) 480px, (min-width: 481px) 686px, 100vw\" \/><\/p>\n<h2>Especificaciones del acoplamiento MH<\/h2>\n<p><img loading=\"lazy\" decoding=\"async\" class=\"alignnone size-full wp-image-6395\" src=\"https:\/\/fmp-components.com\/wp-content\/uploads\/2025\/03\/mh-coupling-1.webp\" alt=\"Acoplamiento MH\" width=\"867\" height=\"567\" title=\"\" srcset=\"https:\/\/fmp-components.com\/wp-content\/uploads\/2025\/03\/mh-coupling-1.webp 867w, https:\/\/fmp-components.com\/wp-content\/uploads\/2025\/03\/mh-coupling-1-480x314.webp 480w\" sizes=\"(min-width: 0px) and (max-width: 480px) 480px, (min-width: 481px) 867px, 100vw\" \/><\/p>\n<h3>Aplicaciones de los acoplamientos MH<\/h3>\n<p>Los acoplamientos MH, seg\u00fan su dise\u00f1o espec\u00edfico y el contexto industrial, pueden referirse a varios tipos de acoplamientos, cada uno con aplicaciones distintas. A continuaci\u00f3n, se presenta una descripci\u00f3n general estructurada de las posibles aplicaciones basada en interpretaciones comunes:<\/p>\n<h4>Maquinaria industrial general<\/h4>\n<ul>\n<li>Bombas y compresores: Conectan los motores a los ejes, compensando la desalineaci\u00f3n y reduciendo la transmisi\u00f3n de vibraciones.<\/li>\n<li>Sistemas de transporte: Conectan los motores de accionamiento a las cintas transportadoras, permitiendo ajustes de alineaci\u00f3n debidos al desgaste operativo.<\/li>\n<li>Ventiladores y sopladores: Amortiguan las vibraciones y controlan la dilataci\u00f3n t\u00e9rmica en los sistemas de climatizaci\u00f3n.<\/li>\n<\/ul>\n<h4>Control de movimiento de precisi\u00f3n<\/h4>\n<ul>\n<li>Rob\u00f3tica: Los fuelles de alta precisi\u00f3n o los acoplamientos helicoidales (por ejemplo, la serie R+W MH) garantizan una holgura nula en las juntas servoaccionadas.<\/li>\n<li>M\u00e1quinas CNC: Transmiten movimientos precisos desde los motores a los husillos o tornillos patr\u00f3n.<\/li>\n<li>Fabricaci\u00f3n de semiconductores: Se utiliza en equipos de salas blancas para un posicionamiento preciso.<\/li>\n<\/ul>\n<h4>Sistemas hidr\u00e1ulicos y de fluidos<\/h4>\n<ul>\n<li>Acoplamientos de desconexi\u00f3n r\u00e1pida: Permiten conexiones r\u00e1pidas y sin fugas en maquinaria hidr\u00e1ulica (construcci\u00f3n, agricultura).<\/li>\n<li>Plantas qu\u00edmicas: Los acoplamientos met\u00e1licos de las mangueras soportan fluidos corrosivos y altas temperaturas.<\/li>\n<\/ul>\n<h4>Ambientes corrosivos\/de alta temperatura<\/h4>\n<ul>\n<li>Sistemas de escape: Aplicaciones automotrices\/marinas que utilizan acoplamientos de manguera de metal resistentes al calor.<\/li>\n<li>Petr\u00f3leo y gas: Acoplamientos flexibles en tuber\u00edas para controlar la expansi\u00f3n t\u00e9rmica y las vibraciones.<\/li>\n<\/ul>\n<h4>Marina y alta mar<\/h4>\n<ul>\n<li>Sistemas de propulsi\u00f3n: Compensan la desalineaci\u00f3n del eje causada por la flexi\u00f3n del casco.<\/li>\n<li>Maquinaria de cubierta: Conecte los accionamientos en cabrestantes\/gr\u00faas expuestos a cargas din\u00e1micas.<\/li>\n<\/ul>\n<h4>Energ\u00eda renovable<\/h4>\n<ul>\n<li><strong>Aerogeneradores<\/strong>Acoplamientos entre cajas de cambios y generadores, que soportan cargas variables y desalineaci\u00f3n.<\/li>\n<\/ul>\n<p><img loading=\"lazy\" decoding=\"async\" class=\"wp-image-6406 aligncenter\" src=\"https:\/\/fmp-components.com\/wp-content\/uploads\/2025\/03\/mh-couplings-2.webp\" alt=\"Acoplamiento MH\" width=\"652\" height=\"652\" title=\"\" srcset=\"https:\/\/fmp-components.com\/wp-content\/uploads\/2025\/03\/mh-couplings-2.webp 652w, https:\/\/fmp-components.com\/wp-content\/uploads\/2025\/03\/mh-couplings-2-480x480.webp 480w\" sizes=\"(min-width: 0px) and (max-width: 480px) 480px, (min-width: 481px) 652px, 100vw\" \/><\/p>","protected":false},"excerpt":{"rendered":"<p>The MH series is a flexible coupling device constructed of synthetic rubber with two similar cast iron bodies. The high-quality cast iron flanges are mainly used for power transmission and protect the flexible rubber. Its elastic rubber provides excellent durability and quality coupling performance. The MH coupling consists of two flanges and elastic rings, which [&hellip;]<\/p>","protected":false},"featured_media":6404,"comment_status":"open","ping_status":"closed","template":"","meta":{"_et_pb_use_builder":"","_et_pb_old_content":"","_et_gb_content_width":""},"product_brand":[],"product_cat":[101],"product_tag":[],"class_list":{"0":"post-6402","1":"product","2":"type-product","3":"status-publish","4":"has-post-thumbnail","6":"product_cat-coupling","8":"first","9":"instock","10":"shipping-taxable","11":"product-type-simple"},"_links":{"self":[{"href":"https:\/\/fmp-components.com\/es\/wp-json\/wp\/v2\/product\/6402","targetHints":{"allow":["GET"]}}],"collection":[{"href":"https:\/\/fmp-components.com\/es\/wp-json\/wp\/v2\/product"}],"about":[{"href":"https:\/\/fmp-components.com\/es\/wp-json\/wp\/v2\/types\/product"}],"replies":[{"embeddable":true,"href":"https:\/\/fmp-components.com\/es\/wp-json\/wp\/v2\/comments?post=6402"}],"wp:featuredmedia":[{"embeddable":true,"href":"https:\/\/fmp-components.com\/es\/wp-json\/wp\/v2\/media\/6404"}],"wp:attachment":[{"href":"https:\/\/fmp-components.com\/es\/wp-json\/wp\/v2\/media?parent=6402"}],"wp:term":[{"taxonomy":"product_brand","embeddable":true,"href":"https:\/\/fmp-components.com\/es\/wp-json\/wp\/v2\/product_brand?post=6402"},{"taxonomy":"product_cat","embeddable":true,"href":"https:\/\/fmp-components.com\/es\/wp-json\/wp\/v2\/product_cat?post=6402"},{"taxonomy":"product_tag","embeddable":true,"href":"https:\/\/fmp-components.com\/es\/wp-json\/wp\/v2\/product_tag?post=6402"}],"curies":[{"name":"gracias","href":"https:\/\/api.w.org\/{rel}","templated":true}]}}