{"id":6394,"date":"2025-03-10T05:33:12","date_gmt":"2025-03-10T05:33:12","guid":{"rendered":"https:\/\/fmp-components.com\/?post_type=product&#038;p=6394"},"modified":"2025-03-10T05:57:43","modified_gmt":"2025-03-10T05:57:43","slug":"pin-couplings","status":"publish","type":"product","link":"https:\/\/fmp-components.com\/es\/product\/pin-couplings\/","title":{"rendered":"Acoplamientos PIN"},"content":{"rendered":"<p>En el acoplamiento de buje con pasador, hay un anillo intermedio entre los elementos el\u00e1sticos. Este anillo es flotante y est\u00e1 conectado al disco final, alineado por un pasador. El acoplamiento se transmite a la otra mitad del acoplamiento a trav\u00e9s del elemento el\u00e1stico montado en el pasador, mientras que el pasador y la mitad del acoplamiento est\u00e1n conectados de forma no r\u00edgida, lo que permite una carga uniforme y reduce significativamente las fuerzas laterales.<\/p>\n<p>La ventaja de este acoplamiento es que se adapta f\u00e1cilmente a ejes ligeramente desalineados y aporta cierta flexibilidad para absorber vibraciones e impactos. Es especialmente adecuado para situaciones con desalineaci\u00f3n axial, radial o angular y es un dispositivo de acoplamiento flexible.<\/p>\n<h2>Dimensiones de los acoplamientos de pasador<\/h2>\n<p><img loading=\"lazy\" decoding=\"async\" class=\"alignnone size-full wp-image-6401\" src=\"https:\/\/fmp-components.com\/wp-content\/uploads\/2025\/03\/pin-coupling-specification.webp\" alt=\"especificaci\u00f3n de acoplamiento de pasadores\" width=\"873\" height=\"687\" title=\"\" srcset=\"https:\/\/fmp-components.com\/wp-content\/uploads\/2025\/03\/pin-coupling-specification.webp 873w, https:\/\/fmp-components.com\/wp-content\/uploads\/2025\/03\/pin-coupling-specification-480x378.webp 480w\" sizes=\"(min-width: 0px) and (max-width: 480px) 480px, (min-width: 481px) 873px, 100vw\" \/><\/p>\n<h3>Caracter\u00edsticas de los acoplamientos de pasador<\/h3>\n<p>1. Dise\u00f1o rentable y f\u00e1cil de usar<\/p>\n<ul>\n<li>Bajo Costo: Soluci\u00f3n econ\u00f3mica para transmisi\u00f3n de torque entre ejes.<\/li>\n<li>Montaje sencillo: el proceso de instalaci\u00f3n optimizado minimiza el tiempo de inactividad.<\/li>\n<li>Versatilidad del material: Generalmente construido de metal o caucho, con variantes especializadas disponibles para una mayor resistencia de la uni\u00f3n.<\/li>\n<\/ul>\n<p>2. Ventajas mec\u00e1nicas<\/p>\n<ul>\n<li>Tolerancia de desalineaci\u00f3n: capaz de adaptarse a desalineaciones angulares, paralelas y axiales del eje, lo que reduce la tensi\u00f3n en el equipo conectado.<\/li>\n<li>Resistencia a la fuerza: aprovecha la fricci\u00f3n en las superficies de contacto para soportar grandes fuerzas, amortiguando eficazmente las vibraciones y extendiendo la vida \u00fatil de la maquinaria.<\/li>\n<\/ul>\n<p>3. Consideraciones de dise\u00f1o t\u00e9cnico<\/p>\n<ul>\n<li>Optimizaci\u00f3n del acoplamiento de tres pines:\n<ul>\n<li>Gesti\u00f3n de fricci\u00f3n: plano de interfaz dise\u00f1ado para una mayor fricci\u00f3n, mientras que los bordes de los pasadores mantienen una baja fricci\u00f3n para evitar la flexi\u00f3n asim\u00e9trica.<\/li>\n<li>Placas de fricci\u00f3n con hoyuelos: caracter\u00edstica opcional para mejorar las propiedades de fricci\u00f3n y la eficiencia de transmisi\u00f3n de torque.<\/li>\n<\/ul>\n<\/li>\n<li>Precisi\u00f3n de precarga: los pernos deben apretarse al menos a 10% de la carga final para garantizar un contacto seguro entre el pasador y la interfaz y un rendimiento \u00f3ptimo.<\/li>\n<\/ul>\n<p>4. Funci\u00f3n de seguridad y protecci\u00f3n<\/p>\n<ul>\n<li>Act\u00faa como protecci\u00f3n mec\u00e1nica, absorbiendo cargas de impacto y previniendo da\u00f1os a componentes cr\u00edticos en condiciones de sobrecarga.<\/li>\n<\/ul>\n<p>5. Personalizaci\u00f3n y adaptabilidad<\/p>\n<ul>\n<li>Configuraciones especializadas: Disponibles en dise\u00f1os personalizados para satisfacer demandas operativas espec\u00edficas, como entornos corrosivos o de alto torque.<\/li>\n<\/ul>\n<p>Los acoplamientos de pasador ofrecen un equilibrio pr\u00e1ctico de simplicidad, resiliencia y adaptabilidad, lo que los hace ideales para sistemas que requieren una transmisi\u00f3n de torque rentable con gesti\u00f3n integrada de desalineaci\u00f3n y vibraci\u00f3n.<\/p>","protected":false},"excerpt":{"rendered":"<p>In the bushing pin coupling, there is an intermediate ring between the elastic elements. This ring is floating and connected to the end disc aligned by a pin. The coupling is transmitted to the other half of the coupling via the elastic element mounted on the pin, while the pin and the half of the [&hellip;]<\/p>","protected":false},"featured_media":6396,"comment_status":"open","ping_status":"closed","template":"","meta":{"_et_pb_use_builder":"","_et_pb_old_content":"","_et_gb_content_width":""},"product_brand":[],"product_cat":[101],"product_tag":[],"class_list":{"0":"post-6394","1":"product","2":"type-product","3":"status-publish","4":"has-post-thumbnail","6":"product_cat-coupling","8":"first","9":"instock","10":"shipping-taxable","11":"product-type-simple"},"_links":{"self":[{"href":"https:\/\/fmp-components.com\/es\/wp-json\/wp\/v2\/product\/6394","targetHints":{"allow":["GET"]}}],"collection":[{"href":"https:\/\/fmp-components.com\/es\/wp-json\/wp\/v2\/product"}],"about":[{"href":"https:\/\/fmp-components.com\/es\/wp-json\/wp\/v2\/types\/product"}],"replies":[{"embeddable":true,"href":"https:\/\/fmp-components.com\/es\/wp-json\/wp\/v2\/comments?post=6394"}],"wp:featuredmedia":[{"embeddable":true,"href":"https:\/\/fmp-components.com\/es\/wp-json\/wp\/v2\/media\/6396"}],"wp:attachment":[{"href":"https:\/\/fmp-components.com\/es\/wp-json\/wp\/v2\/media?parent=6394"}],"wp:term":[{"taxonomy":"product_brand","embeddable":true,"href":"https:\/\/fmp-components.com\/es\/wp-json\/wp\/v2\/product_brand?post=6394"},{"taxonomy":"product_cat","embeddable":true,"href":"https:\/\/fmp-components.com\/es\/wp-json\/wp\/v2\/product_cat?post=6394"},{"taxonomy":"product_tag","embeddable":true,"href":"https:\/\/fmp-components.com\/es\/wp-json\/wp\/v2\/product_tag?post=6394"}],"curies":[{"name":"gracias","href":"https:\/\/api.w.org\/{rel}","templated":true}]}}