{"id":6390,"date":"2025-03-10T05:14:19","date_gmt":"2025-03-10T05:14:19","guid":{"rendered":"https:\/\/fmp-components.com\/?post_type=product&#038;p=6390"},"modified":"2025-03-10T05:14:19","modified_gmt":"2025-03-10T05:14:19","slug":"spacer-couplings-replacement-of-fenaflex-spacer-couplings","status":"publish","type":"product","link":"https:\/\/fmp-components.com\/es\/product\/spacer-couplings-replacement-of-fenaflex-spacer-couplings\/","title":{"rendered":"Acoplamientos espaciadores: reemplazo de los acoplamientos espaciadores Fenaflex"},"content":{"rendered":"<p>Los acoplamientos espaciadores Fenaflex se componen de acoplamientos para neum\u00e1ticos Fenaflex (tama\u00f1os F40-F140) y conjuntos de bridas espaciadoras. Estos acoplamientos est\u00e1n dise\u00f1ados para facilitar el movimiento de uno de los ejes hacia adelante y hacia atr\u00e1s sin afectar la m\u00e1quina ni la transmisi\u00f3n a la que est\u00e1 conectado, como en el rotor de una bomba centr\u00edfuga.<\/p>\n<p>Est\u00e1n dise\u00f1ados para distancias est\u00e1ndar de 80, 100, 140 y 180 mm entre los extremos de los ejes. Estos acoplamientos son muy flexibles y duraderos, lo que ofrece a ingenieros y dise\u00f1adores diversas opciones para adaptarse a diversos usos al elegir las bridas de acoplamiento adecuadas.<\/p>\n<p><img loading=\"lazy\" decoding=\"async\" class=\"alignnone  wp-image-6391\" src=\"https:\/\/fmp-components.com\/wp-content\/uploads\/2025\/03\/fenaflex-spacer-coupling-2.webp\" alt=\"Acoplamientos espaciadores Fenaflex\" width=\"902\" height=\"666\" title=\"\" srcset=\"https:\/\/fmp-components.com\/wp-content\/uploads\/2025\/03\/fenaflex-spacer-coupling-2.webp 902w, https:\/\/fmp-components.com\/wp-content\/uploads\/2025\/03\/fenaflex-spacer-coupling-2-480x354.webp 480w\" sizes=\"(min-width: 0px) and (max-width: 480px) 480px, (min-width: 481px) 902px, 100vw\" \/> \u00a0<img loading=\"lazy\" decoding=\"async\" class=\"alignnone size-full wp-image-6393\" src=\"https:\/\/fmp-components.com\/wp-content\/uploads\/2025\/03\/Spacer-Couplings-1.webp\" alt=\"Acoplamientos espaciadores\" width=\"892\" height=\"772\" title=\"\" srcset=\"https:\/\/fmp-components.com\/wp-content\/uploads\/2025\/03\/Spacer-Couplings-1.webp 892w, https:\/\/fmp-components.com\/wp-content\/uploads\/2025\/03\/Spacer-Couplings-1-480x415.webp 480w\" sizes=\"(min-width: 0px) and (max-width: 480px) 480px, (min-width: 481px) 892px, 100vw\" \/><\/p>\n<div class=\"dad65929\">\n<div class=\"f9bf7997 d7dc56a8 c05b5566\">\n<div class=\"ds-markdown ds-markdown--block\">\n<h2>Caracter\u00edsticas del reemplazo de los acoplamientos espaciadores Fenaflex<\/h2>\n<p><strong>1. Instalaci\u00f3n simplificada y flexibilidad de alineaci\u00f3n<\/strong><\/p>\n<ul>\n<li><strong>F\u00e1cil configuraci\u00f3n<\/strong>:Dise\u00f1ado para una instalaci\u00f3n r\u00e1pida y sencilla, reduciendo el tiempo de inactividad.<\/li>\n<li><strong>Tolerancia superior a la desalineaci\u00f3n<\/strong>:Se adapta a desalineaciones angulares de hasta\u00a0<strong>4 grados<\/strong>, desplazamiento paralelo de\u00a0<strong>6 mm<\/strong>, y desplazamiento radial de\u00a0<strong>8 mm<\/strong>\u00a0en todos los planos.<\/li>\n<\/ul>\n<p><strong>2. Construcci\u00f3n robusta y dise\u00f1o vers\u00e1til<\/strong><\/p>\n<ul>\n<li><strong>Cable de carga interna bidireccional<\/strong>:Reforzado con alambre enrollado en ambas direcciones, lo que permite un rendimiento confiable en\u00a0<strong>aplicaciones de marcha atr\u00e1s<\/strong>.<\/li>\n<li><strong>Opciones de materiales<\/strong>:Los neum\u00e1ticos est\u00e1n disponibles en\u00a0<strong>est\u00e1ndar<\/strong>\u00a0o\u00a0<strong>FRAS (Antiest\u00e1tico resistente al fuego)<\/strong>\u00a0construcci\u00f3n, conforme con\u00a0<strong>Certificaci\u00f3n ATEX<\/strong>\u00a0para entornos peligrosos.<\/li>\n<li><strong>Montaje adaptable<\/strong>:Soportes\u00a0<strong>espaciador de bomba<\/strong>\u00a0y\u00a0<strong>configuraciones del volante<\/strong>, con bridas que presentan\u00a0<strong>Bujes c\u00f3nicos con anillo de bloqueo F&amp;H<\/strong>\u00a0o\u00a0<strong>Dise\u00f1os de perforaci\u00f3n piloto tipo B<\/strong>\u00a0para compatibilidad universal.<\/li>\n<\/ul>\n<p><strong>3. Rendimiento mejorado en comparaci\u00f3n con los acoplamientos tradicionales<\/strong><\/p>\n<ul>\n<li><strong>Alta elasticidad y cero lubricaci\u00f3n<\/strong>:A diferencia de los acoplamientos de neum\u00e1ticos convencionales, el reemplazo de acoplamientos Fenaflex elimina la necesidad de lubricaci\u00f3n al tiempo que ofrece una flexibilidad y elasticidad superiores.<\/li>\n<li><strong>Amortiguaci\u00f3n de vibraciones<\/strong>:Absorci\u00f3n excepcional de vibraciones torsionales e impactos, protegiendo los equipos conectados de tensiones din\u00e1micas.<\/li>\n<\/ul>\n<p><strong>4. Ventajas de mantenimiento y servicio<\/strong><\/p>\n<ul>\n<li><strong>Dise\u00f1o modular<\/strong>: Un\u00a0<strong>espaciador intermedio (DBSE)<\/strong>\u00a0Permite el mantenimiento de bombas centr\u00edfugas sin desplazar motores o maquinaria durante el reemplazo de neum\u00e1ticos.<\/li>\n<li><strong>F\u00e1cil de inspeccionar<\/strong>:El dise\u00f1o simple permite realizar controles visuales y reemplazar piezas f\u00e1cilmente sin desmontar todo el sistema de transmisi\u00f3n.<\/li>\n<\/ul>\n<p><strong>5. Soluciones personalizables<\/strong><\/p>\n<ul>\n<li><strong>Adaptabilidad del espaciador<\/strong>:Se pueden integrar dispositivos intermedios para ajustar el espaciado entre los di\u00e1metros de los ejes, lo que garantiza la compatibilidad con diversos requisitos del sistema.<\/li>\n<\/ul>\n<p><strong>Resumen de beneficios clave<\/strong><\/p>\n<ul>\n<li><strong>Durabilidad<\/strong>:Dise\u00f1ado para aplicaciones de trabajo pesado con un desgaste m\u00ednimo.<\/li>\n<li><strong>Seguridad<\/strong>Las certificaciones FRAS y ATEX garantizan el cumplimiento en entornos propensos a incendios o explosivos.<\/li>\n<li><strong>Eficiencia de costos<\/strong>:Las menores necesidades de mantenimiento y la mayor vida \u00fatil reducen los costos operativos.<\/li>\n<\/ul>\n<p>Los acoplamientos espaciadores de reemplazo Fenaflex combinan flexibilidad, resiliencia y dise\u00f1o f\u00e1cil de usar, lo que los hace ideales para industrias que exigen confiabilidad en condiciones de alta desalineaci\u00f3n, alta vibraci\u00f3n o peligrosas.<\/p>\n<\/div>\n<\/div>\n<\/div>\n<p>&nbsp;<\/p>","protected":false},"excerpt":{"rendered":"<p>Fenaflex spacer couplings are made up of Fenaflex tire couplings (sizes F40-F140) and spacer flange assemblies. These couplings are designed to make it easier to move one of the shafts back and forth without disturbing the machine or drive it\u2019s connected to, like in a centrifugal pump rotor. They are made to fit standard distances [&hellip;]<\/p>","protected":false},"featured_media":6392,"comment_status":"open","ping_status":"closed","template":"","meta":{"_et_pb_use_builder":"","_et_pb_old_content":"","_et_gb_content_width":""},"product_brand":[],"product_cat":[101],"product_tag":[],"class_list":{"0":"post-6390","1":"product","2":"type-product","3":"status-publish","4":"has-post-thumbnail","6":"product_cat-coupling","8":"first","9":"instock","10":"shipping-taxable","11":"product-type-simple"},"_links":{"self":[{"href":"https:\/\/fmp-components.com\/es\/wp-json\/wp\/v2\/product\/6390","targetHints":{"allow":["GET"]}}],"collection":[{"href":"https:\/\/fmp-components.com\/es\/wp-json\/wp\/v2\/product"}],"about":[{"href":"https:\/\/fmp-components.com\/es\/wp-json\/wp\/v2\/types\/product"}],"replies":[{"embeddable":true,"href":"https:\/\/fmp-components.com\/es\/wp-json\/wp\/v2\/comments?post=6390"}],"wp:featuredmedia":[{"embeddable":true,"href":"https:\/\/fmp-components.com\/es\/wp-json\/wp\/v2\/media\/6392"}],"wp:attachment":[{"href":"https:\/\/fmp-components.com\/es\/wp-json\/wp\/v2\/media?parent=6390"}],"wp:term":[{"taxonomy":"product_brand","embeddable":true,"href":"https:\/\/fmp-components.com\/es\/wp-json\/wp\/v2\/product_brand?post=6390"},{"taxonomy":"product_cat","embeddable":true,"href":"https:\/\/fmp-components.com\/es\/wp-json\/wp\/v2\/product_cat?post=6390"},{"taxonomy":"product_tag","embeddable":true,"href":"https:\/\/fmp-components.com\/es\/wp-json\/wp\/v2\/product_tag?post=6390"}],"curies":[{"name":"gracias","href":"https:\/\/api.w.org\/{rel}","templated":true}]}}