{"id":6379,"date":"2025-03-10T03:30:21","date_gmt":"2025-03-10T03:30:21","guid":{"rendered":"https:\/\/fmp-components.com\/?post_type=product&#038;p=6379"},"modified":"2025-03-10T03:37:25","modified_gmt":"2025-03-10T03:37:25","slug":"chain-couplings","status":"publish","type":"product","link":"https:\/\/fmp-components.com\/es\/product\/chain-couplings\/","title":{"rendered":"Acoplamientos de cadena"},"content":{"rendered":"<p>Un acoplamiento de cadena se compone de una cadena de doble rodillo y dos ruedas dentadas. La uni\u00f3n de la cadena permite conectar o desconectar el acoplamiento, lo que facilita su uso. Los acoplamientos de cadena son peque\u00f1os pero muy resistentes, y est\u00e1n dise\u00f1ados para una larga vida \u00fatil. Son seguros y eficientes, con caracter\u00edsticas que facilitan su instalaci\u00f3n y alineaci\u00f3n, ahorrando tiempo y esfuerzo durante la instalaci\u00f3n y las reparaciones.<\/p>\n<p>Gracias a su robusto dise\u00f1o y flexibilidad, los acoplamientos de cadena se pueden utilizar de diversas maneras, como en m\u00e1quinas, cintas transportadoras y otros equipos mec\u00e1nicos. Son excelentes para transferir par (fuerza de giro) y, al mismo tiempo, manejar peque\u00f1as desalineaciones, lo que los convierte en una opci\u00f3n fiable y \u00fatil para diversos trabajos.<\/p>\n<h2>Par\u00e1metros de los acoplamientos de cadena<\/h2>\n<p><img loading=\"lazy\" decoding=\"async\" class=\"size-full wp-image-6383 aligncenter\" src=\"https:\/\/fmp-components.com\/wp-content\/uploads\/2025\/03\/chain-couplings.webp\" alt=\"acoplamiento de cadena\" width=\"330\" height=\"327\" title=\"\" srcset=\"https:\/\/fmp-components.com\/wp-content\/uploads\/2025\/03\/chain-couplings.webp 330w, https:\/\/fmp-components.com\/wp-content\/uploads\/2025\/03\/chain-couplings-300x297.webp 300w, https:\/\/fmp-components.com\/wp-content\/uploads\/2025\/03\/chain-couplings-150x150.webp 150w, https:\/\/fmp-components.com\/wp-content\/uploads\/2025\/03\/chain-couplings-12x12.webp 12w, https:\/\/fmp-components.com\/wp-content\/uploads\/2025\/03\/chain-couplings-100x100.webp 100w\" sizes=\"(max-width: 330px) 100vw, 330px\" \/><\/p>\n<table style=\"width: 103.224%; height: 723px;\" border=\"1\">\n<tbody>\n<tr>\n<td rowspan=\"4\" width=\"86\"><strong>Acoplamiento de cadena n.\u00ba<\/strong><\/td>\n<td rowspan=\"4\" width=\"58\"><strong>Cadena No.<\/strong><\/td>\n<td colspan=\"2\" width=\"68\"><strong>Di\u00e1metro del orificio<\/strong><\/td>\n<td colspan=\"6\" width=\"204\"><strong>Dimensi\u00f3n<\/strong><\/td>\n<td width=\"60\"><strong>Inercia<\/strong><\/td>\n<td width=\"48\"><strong>Peso aproximado<\/strong><\/td>\n<td colspan=\"3\" width=\"157\"><strong>Caja<\/strong><\/td>\n<\/tr>\n<tr>\n<td rowspan=\"2\" width=\"34\"><strong>M\u00ednimo<\/strong><\/td>\n<td rowspan=\"2\" width=\"34\"><strong>M\u00e1ximo<\/strong><\/td>\n<td rowspan=\"2\" width=\"34\"><strong>Yo<\/strong><\/td>\n<td rowspan=\"2\" width=\"34\"><strong>I<\/strong><\/td>\n<td rowspan=\"2\" width=\"34\"><strong>S<\/strong><\/td>\n<td rowspan=\"2\" width=\"34\"><strong>d<sub>1<\/sub><\/strong><\/td>\n<td rowspan=\"2\" width=\"34\"><strong>d<sub>2<\/sub><\/strong><\/td>\n<td rowspan=\"2\" width=\"34\"><strong>do<\/strong><\/td>\n<td rowspan=\"2\" width=\"60\"><strong>\u00d710<sup>-3<\/sup><\/strong><\/td>\n<td rowspan=\"2\" width=\"48\"><\/td>\n<td colspan=\"2\" width=\"79\"><strong>Dimensi\u00f3n<\/strong><\/td>\n<td rowspan=\"2\" width=\"78\"><strong>Peso aproximado<\/strong><\/td>\n<\/tr>\n<tr>\n<td width=\"39\"><strong>A<\/strong><\/td>\n<td width=\"40\"><strong>B<\/strong><\/td>\n<\/tr>\n<tr>\n<td width=\"34\"><strong>mm<\/strong><\/td>\n<td width=\"34\"><strong>mm<\/strong><\/td>\n<td width=\"34\"><strong>mm<\/strong><\/td>\n<td width=\"34\"><strong>mm<\/strong><\/td>\n<td width=\"34\"><strong>mm<\/strong><\/td>\n<td width=\"34\"><strong>mm<\/strong><\/td>\n<td width=\"34\"><strong>mm<\/strong><\/td>\n<td width=\"34\"><strong>mm<\/strong><\/td>\n<td width=\"60\"><strong>kgf\u00b7m2<\/strong><\/td>\n<td width=\"48\"><strong>kilogramo<\/strong><\/td>\n<td width=\"39\"><strong>mm<\/strong><\/td>\n<td width=\"40\"><strong>mm<\/strong><\/td>\n<td width=\"78\"><strong>kilogramo<\/strong><\/td>\n<\/tr>\n<tr>\n<td width=\"86\">3012<\/td>\n<td width=\"58\">06B-2X12<\/td>\n<td width=\"34\">12<\/td>\n<td width=\"34\">16<\/td>\n<td width=\"34\">64.8<\/td>\n<td width=\"34\">29.8<\/td>\n<td width=\"34\">5.2<\/td>\n<td width=\"34\">25<\/td>\n<td width=\"34\">45<\/td>\n<td width=\"34\">10.2<\/td>\n<td width=\"60\">0.233<\/td>\n<td width=\"48\">0.4<\/td>\n<td width=\"39\">69<\/td>\n<td width=\"40\">63<\/td>\n<td width=\"78\">0.3<\/td>\n<\/tr>\n<tr>\n<td width=\"86\">4012<\/td>\n<td width=\"58\">40-2X12<\/td>\n<td width=\"34\">12<\/td>\n<td width=\"34\">22<\/td>\n<td width=\"34\">79.4<\/td>\n<td width=\"34\">36.0<\/td>\n<td width=\"34\">7.4<\/td>\n<td width=\"34\">35<\/td>\n<td width=\"34\">61<\/td>\n<td width=\"34\">14.4<\/td>\n<td width=\"60\">1.020<\/td>\n<td width=\"48\">0.8<\/td>\n<td width=\"39\">77<\/td>\n<td width=\"40\">72<\/td>\n<td width=\"78\">0.3<\/td>\n<\/tr>\n<tr>\n<td width=\"86\">4014<\/td>\n<td width=\"58\">40-2X14<\/td>\n<td width=\"34\">12<\/td>\n<td width=\"34\">28<\/td>\n<td width=\"34\">79.4<\/td>\n<td width=\"34\">36.0<\/td>\n<td width=\"34\">7.4<\/td>\n<td width=\"34\">43<\/td>\n<td width=\"34\">69<\/td>\n<td width=\"34\">14.4<\/td>\n<td width=\"60\">1.924<\/td>\n<td width=\"48\">1.1<\/td>\n<td width=\"39\">84<\/td>\n<td width=\"40\">75<\/td>\n<td width=\"78\">0.4<\/td>\n<\/tr>\n<tr>\n<td width=\"86\">4016<\/td>\n<td width=\"58\">40-2X16<\/td>\n<td width=\"34\">14<\/td>\n<td width=\"34\">32<\/td>\n<td width=\"34\">87.4<\/td>\n<td width=\"34\">40.0<\/td>\n<td width=\"34\">7.4<\/td>\n<td width=\"34\">50<\/td>\n<td width=\"34\">77<\/td>\n<td width=\"34\">14.4<\/td>\n<td width=\"60\">3.285<\/td>\n<td width=\"48\">1.4<\/td>\n<td width=\"39\">92<\/td>\n<td width=\"40\">75<\/td>\n<td width=\"78\">0.4<\/td>\n<\/tr>\n<tr>\n<td width=\"86\">5014<\/td>\n<td width=\"58\">50-2X14<\/td>\n<td width=\"34\">16<\/td>\n<td width=\"34\">35<\/td>\n<td width=\"34\">99.7<\/td>\n<td width=\"34\">45.0<\/td>\n<td width=\"34\">9.7<\/td>\n<td width=\"34\">53<\/td>\n<td width=\"34\">86<\/td>\n<td width=\"34\">18.1<\/td>\n<td width=\"60\">6.010<\/td>\n<td width=\"48\">2.2<\/td>\n<td width=\"39\">101<\/td>\n<td width=\"40\">85<\/td>\n<td width=\"78\">0.5<\/td>\n<\/tr>\n<tr>\n<td width=\"86\">5016<\/td>\n<td width=\"58\">50-2X16<\/td>\n<td width=\"34\">16<\/td>\n<td width=\"34\">40<\/td>\n<td width=\"34\">99.7<\/td>\n<td width=\"34\">45.0<\/td>\n<td width=\"34\">9.7<\/td>\n<td width=\"34\">60<\/td>\n<td width=\"34\">96<\/td>\n<td width=\"34\">18.1<\/td>\n<td width=\"60\">9.720<\/td>\n<td width=\"48\">2.7<\/td>\n<td width=\"39\">111<\/td>\n<td width=\"40\">85<\/td>\n<td width=\"78\">0.6<\/td>\n<\/tr>\n<tr>\n<td width=\"86\">5018<\/td>\n<td width=\"58\">50-2X18<\/td>\n<td width=\"34\">16<\/td>\n<td width=\"34\">45<\/td>\n<td width=\"34\">99.7<\/td>\n<td width=\"34\">45.0<\/td>\n<td width=\"34\">9.7<\/td>\n<td width=\"34\">70<\/td>\n<td width=\"34\">106<\/td>\n<td width=\"34\">18.1<\/td>\n<td width=\"60\">15.420<\/td>\n<td width=\"48\">3.8<\/td>\n<td width=\"39\">122<\/td>\n<td width=\"40\">85<\/td>\n<td width=\"78\">0.8<\/td>\n<\/tr>\n<tr>\n<td width=\"86\">6018<\/td>\n<td width=\"58\">60-2X18<\/td>\n<td width=\"34\">20<\/td>\n<td width=\"34\">56<\/td>\n<td width=\"34\">123.5<\/td>\n<td width=\"34\">56.0<\/td>\n<td width=\"34\">11.5<\/td>\n<td width=\"34\">85<\/td>\n<td width=\"34\">128<\/td>\n<td width=\"34\">22.8<\/td>\n<td width=\"60\">40.210<\/td>\n<td width=\"48\">6.2<\/td>\n<td width=\"39\">142<\/td>\n<td width=\"40\">106<\/td>\n<td width=\"78\">1.2<\/td>\n<\/tr>\n<tr>\n<td width=\"86\">6020<\/td>\n<td width=\"58\">60-2X20<\/td>\n<td width=\"34\">20<\/td>\n<td width=\"34\">60<\/td>\n<td width=\"34\">123.5<\/td>\n<td width=\"34\">56.0<\/td>\n<td width=\"34\">11.5<\/td>\n<td width=\"34\">98<\/td>\n<td width=\"34\">140<\/td>\n<td width=\"34\">22.8<\/td>\n<td width=\"60\">62.870<\/td>\n<td width=\"48\">7.8<\/td>\n<td width=\"39\">158<\/td>\n<td width=\"40\">105<\/td>\n<td width=\"78\">1.6<\/td>\n<\/tr>\n<tr>\n<td width=\"86\">6022<\/td>\n<td width=\"58\">60-2X22<\/td>\n<td width=\"34\">20<\/td>\n<td width=\"34\">71<\/td>\n<td width=\"34\">123.5<\/td>\n<td width=\"34\">56.0<\/td>\n<td width=\"34\">11.5<\/td>\n<td width=\"34\">110<\/td>\n<td width=\"34\">152<\/td>\n<td width=\"34\">22.8<\/td>\n<td width=\"60\">93.450<\/td>\n<td width=\"48\">10.4<\/td>\n<td width=\"39\">168<\/td>\n<td width=\"40\">117<\/td>\n<td width=\"78\">1.8<\/td>\n<\/tr>\n<tr>\n<td width=\"86\">8018<\/td>\n<td width=\"58\">80-2X18<\/td>\n<td width=\"34\">20<\/td>\n<td width=\"34\">80<\/td>\n<td width=\"34\">141.2<\/td>\n<td width=\"34\">63.0<\/td>\n<td width=\"34\">15.2<\/td>\n<td width=\"34\">110<\/td>\n<td width=\"34\">170<\/td>\n<td width=\"34\">29.3<\/td>\n<td width=\"60\">142.030<\/td>\n<td width=\"48\">12.7<\/td>\n<td width=\"39\">190<\/td>\n<td width=\"40\">129<\/td>\n<td width=\"78\">2.5<\/td>\n<\/tr>\n<tr>\n<td width=\"86\">8020<\/td>\n<td width=\"58\">80-2X20<\/td>\n<td width=\"34\">20<\/td>\n<td width=\"34\">90<\/td>\n<td width=\"34\">145.2<\/td>\n<td width=\"34\">65.0<\/td>\n<td width=\"34\">15.2<\/td>\n<td width=\"34\">120<\/td>\n<td width=\"34\">186<\/td>\n<td width=\"34\">29.3<\/td>\n<td width=\"60\">204.900<\/td>\n<td width=\"48\">16.0<\/td>\n<td width=\"39\">210<\/td>\n<td width=\"40\">137<\/td>\n<td width=\"78\">2.9<\/td>\n<\/tr>\n<tr>\n<td width=\"86\">8022<\/td>\n<td width=\"58\">80-2X22<\/td>\n<td width=\"34\">20<\/td>\n<td width=\"34\">100<\/td>\n<td width=\"34\">157.2<\/td>\n<td width=\"34\">71.0<\/td>\n<td width=\"34\">15.2<\/td>\n<td width=\"34\">140<\/td>\n<td width=\"34\">202<\/td>\n<td width=\"34\">29.3<\/td>\n<td width=\"60\">341.170<\/td>\n<td width=\"48\">20.2<\/td>\n<td width=\"39\">226<\/td>\n<td width=\"40\">137<\/td>\n<td width=\"78\">3.6<\/td>\n<\/tr>\n<tr>\n<td width=\"86\">10020<\/td>\n<td width=\"58\">100-2X20<\/td>\n<td width=\"34\">25<\/td>\n<td width=\"34\">110<\/td>\n<td width=\"34\">178.8<\/td>\n<td width=\"34\">80.0<\/td>\n<td width=\"34\">18.8<\/td>\n<td width=\"34\">160<\/td>\n<td width=\"34\">233<\/td>\n<td width=\"34\">35.8<\/td>\n<td width=\"60\">646.290<\/td>\n<td width=\"48\">33.0<\/td>\n<td width=\"39\">281<\/td>\n<td width=\"40\">153<\/td>\n<td width=\"78\">4.6<\/td>\n<\/tr>\n<tr>\n<td width=\"86\">12018<\/td>\n<td width=\"58\">120-2X18<\/td>\n<td width=\"34\">35<\/td>\n<td width=\"34\">125<\/td>\n<td width=\"34\">202.7<\/td>\n<td width=\"34\">90.0<\/td>\n<td width=\"34\">22.7<\/td>\n<td width=\"34\">170<\/td>\n<td width=\"34\">256<\/td>\n<td width=\"34\">45.4<\/td>\n<td width=\"60\">1075.710<\/td>\n<td width=\"48\">47.0<\/td>\n<td width=\"39\">307<\/td>\n<td width=\"40\">181<\/td>\n<td width=\"78\">6.2<\/td>\n<\/tr>\n<tr>\n<td width=\"86\">12022<\/td>\n<td width=\"58\">120-2X22<\/td>\n<td width=\"34\">35<\/td>\n<td width=\"34\">140<\/td>\n<td width=\"34\">222.7<\/td>\n<td width=\"34\">100.0<\/td>\n<td width=\"34\">22.7<\/td>\n<td width=\"34\">210<\/td>\n<td width=\"34\">304<\/td>\n<td width=\"34\">45.4<\/td>\n<td width=\"60\">2454.500<\/td>\n<td width=\"48\">72.0<\/td>\n<td width=\"39\">357<\/td>\n<td width=\"40\">181<\/td>\n<td width=\"78\">8.0<\/td>\n<\/tr>\n<\/tbody>\n<\/table>\n<h2>Aplicaci\u00f3n del acoplamiento de cadena<\/h2>\n<p>Los acoplamientos de cadena, conocidos por su capacidad para transmitir un alto par y al mismo tiempo compensar la desalineaci\u00f3n, se utilizan en diversas industrias gracias a su durabilidad y flexibilidad. A continuaci\u00f3n, se presenta un resumen de sus aplicaciones:<\/p>\n<h3>1. Maquinaria industrial<\/h3>\n<ul>\n<li><strong>Sistemas transportadores<\/strong>:Se utiliza en fabricaci\u00f3n y manipulaci\u00f3n de materiales para conectar motores y rodillos, corregir desalineaciones y manipular cargas pesadas.<\/li>\n<li><strong>Bombas y compresores<\/strong>:Ideal para conectar controladores a bombas\/compresores en industrias de tratamiento de petr\u00f3leo, gas y agua, ofreciendo una transmisi\u00f3n de torque confiable.<\/li>\n<li><strong>F\u00e1bricas de acero y papel<\/strong>:Conectan ejes de transmisi\u00f3n a rodillos en entornos hostiles, soportando altas variaciones de torque y temperatura.<\/li>\n<li><strong>Trituradoras\/Molinos<\/strong>:Manejar cargas de choque en la miner\u00eda y el procesamiento de agregados, proporcionando robustez contra cambios repentinos de fuerza.<\/li>\n<\/ul>\n<h3>2. Manejo de materiales<\/h3>\n<ul>\n<li><strong>Gr\u00faas y polipastos<\/strong>:Garantizar un movimiento preciso de la carga durante la construcci\u00f3n y el transporte, soportando tensiones din\u00e1micas.<\/li>\n<li><strong>Maquinaria de embalaje<\/strong>:Sincroniza rodillos en l\u00edneas de envasado de alta velocidad, permitiendo ajustes de ligeras desalineaciones.<\/li>\n<\/ul>\n<h3>3. Agricultura<\/h3>\n<ul>\n<li><strong>Tractores y cosechadoras<\/strong>:Conecta fuentes de energ\u00eda a los implementos en terrenos dif\u00edciles, ofreciendo durabilidad contra el polvo y los escombros.<\/li>\n<li><strong>Sistemas de riego<\/strong>: Conecte las bombas a los motores, tolerando la desalineaci\u00f3n causada por los cambios de tierra.<\/li>\n<\/ul>\n<h3>4. HVAC y energ\u00eda<\/h3>\n<ul>\n<li><strong>Ventiladores\/sopladores industriales<\/strong>:Conecta motores a los ejes de los ventiladores en los sistemas HVAC, reduciendo la transmisi\u00f3n de vibraciones.<\/li>\n<li><strong>Transmisi\u00f3n de potencia a velocidad moderada<\/strong>:Se utiliza en turbinas e\u00f3licas o sistemas hidroel\u00e9ctricos donde la alineaci\u00f3n no es perfecta.<\/li>\n<\/ul>\n<h3>5. Aplicaciones especializadas<\/h3>\n<ul>\n<li><strong>Prensas de impresi\u00f3n<\/strong>:Sincronice los rodillos para una impresi\u00f3n precisa, adapt\u00e1ndose a peque\u00f1as desalineaciones.<\/li>\n<li><strong>Sistemas auxiliares marinos<\/strong>:Se utiliza en ejes de h\u00e9lice o maquinaria auxiliar, aunque es menos com\u00fan debido a problemas de corrosi\u00f3n.<\/li>\n<\/ul>\n<h3>Ventajas de las aplicaciones de conducci\u00f3n:<\/h3>\n<ul>\n<li><strong>Tolerancia de desalineaci\u00f3n<\/strong>:Desplazamientos angulares\/paralelos de hasta 1-2 grados.<\/li>\n<li><strong>Alta capacidad de par<\/strong>:Adecuado para operaciones pesadas.<\/li>\n<li><strong>Absorci\u00f3n de impactos<\/strong>:Amortigua las vibraciones en escenarios de carga variable.<\/li>\n<li><strong>Facilidad de mantenimiento<\/strong>:Lubricaci\u00f3n sencilla y sustituci\u00f3n de piezas.<\/li>\n<\/ul>\n<h3>Limitaciones:<\/h3>\n<ul>\n<li>No es ideal para aplicaciones de alta velocidad debido a las fuerzas centr\u00edfugas.<\/li>\n<li>Se necesita lubricaci\u00f3n regular en entornos propensos a contaminantes.<\/li>\n<\/ul>\n<p><img loading=\"lazy\" decoding=\"async\" class=\"size-full wp-image-6380 aligncenter\" src=\"https:\/\/fmp-components.com\/wp-content\/uploads\/2025\/03\/chain-couplings-3.webp\" alt=\"acoplamiento de cadena\" width=\"800\" height=\"800\" title=\"\" srcset=\"https:\/\/fmp-components.com\/wp-content\/uploads\/2025\/03\/chain-couplings-3.webp 800w, https:\/\/fmp-components.com\/wp-content\/uploads\/2025\/03\/chain-couplings-3-480x480.webp 480w\" sizes=\"(min-width: 0px) and (max-width: 480px) 480px, (min-width: 481px) 800px, 100vw\" \/><\/p>","protected":false},"excerpt":{"rendered":"<p>A chain coupling is made up of a double roller chain and two coupling sprockets. The chain joint is used to connect or disconnect the coupling, making it simple and easy to use. Chain couplings are small but very strong, and they are built to last a long time. They are safe and work efficiently, [&hellip;]<\/p>","protected":false},"featured_media":6382,"comment_status":"open","ping_status":"closed","template":"","meta":{"_et_pb_use_builder":"","_et_pb_old_content":"","_et_gb_content_width":""},"product_brand":[],"product_cat":[101],"product_tag":[],"class_list":{"0":"post-6379","1":"product","2":"type-product","3":"status-publish","4":"has-post-thumbnail","6":"product_cat-coupling","8":"first","9":"instock","10":"shipping-taxable","11":"product-type-simple"},"_links":{"self":[{"href":"https:\/\/fmp-components.com\/es\/wp-json\/wp\/v2\/product\/6379","targetHints":{"allow":["GET"]}}],"collection":[{"href":"https:\/\/fmp-components.com\/es\/wp-json\/wp\/v2\/product"}],"about":[{"href":"https:\/\/fmp-components.com\/es\/wp-json\/wp\/v2\/types\/product"}],"replies":[{"embeddable":true,"href":"https:\/\/fmp-components.com\/es\/wp-json\/wp\/v2\/comments?post=6379"}],"wp:featuredmedia":[{"embeddable":true,"href":"https:\/\/fmp-components.com\/es\/wp-json\/wp\/v2\/media\/6382"}],"wp:attachment":[{"href":"https:\/\/fmp-components.com\/es\/wp-json\/wp\/v2\/media?parent=6379"}],"wp:term":[{"taxonomy":"product_brand","embeddable":true,"href":"https:\/\/fmp-components.com\/es\/wp-json\/wp\/v2\/product_brand?post=6379"},{"taxonomy":"product_cat","embeddable":true,"href":"https:\/\/fmp-components.com\/es\/wp-json\/wp\/v2\/product_cat?post=6379"},{"taxonomy":"product_tag","embeddable":true,"href":"https:\/\/fmp-components.com\/es\/wp-json\/wp\/v2\/product_tag?post=6379"}],"curies":[{"name":"gracias","href":"https:\/\/api.w.org\/{rel}","templated":true}]}}