{"id":604,"date":"2024-12-17T01:34:18","date_gmt":"2024-12-17T01:34:18","guid":{"rendered":"https:\/\/fmp-components.com\/?page_id=8"},"modified":"2024-12-17T02:06:31","modified_gmt":"2024-12-17T02:06:31","slug":"hydraulic-cylinder-for-filter-press","status":"publish","type":"product","link":"https:\/\/fmp-components.com\/es\/product\/hydraulic-cylinder-for-filter-press\/","title":{"rendered":"Cilindro hidr\u00e1ulico para filtro prensa"},"content":{"rendered":"<p style=\"text-align: center;\"><span style=\"font-size: 18pt;\">Cilindro hidr\u00e1ulico para filtro prensa<\/span><\/p>\n<p>El cilindro hidr\u00e1ulico para prensas de filtro es un componente hidr\u00e1ulico especializado dise\u00f1ado para proporcionar la fuerza necesaria para el funcionamiento de las prensas de filtro en diversas aplicaciones industriales, como el tratamiento de aguas residuales, el procesamiento de alimentos y la fabricaci\u00f3n de productos qu\u00edmicos. Este cilindro desempe\u00f1a un papel fundamental en el proceso de filtraci\u00f3n al aplicar presi\u00f3n a las placas de la prensa de filtro, lo que garantiza una separaci\u00f3n eficiente de s\u00f3lidos y l\u00edquidos.<\/p>\n<p><img loading=\"lazy\" decoding=\"async\" class=\"alignnone size-full wp-image-609\" src=\"https:\/\/fmp-components.com\/wp-content\/uploads\/2024\/12\/Filter-Press-Hydraulic-Cylinder-1.webp\" alt=\"Cilindro hidr\u00e1ulico de filtro prensa\" width=\"1000\" height=\"600\" title=\"\" srcset=\"https:\/\/fmp-components.com\/wp-content\/uploads\/2024\/12\/Filter-Press-Hydraulic-Cylinder-1.webp 1000w, https:\/\/fmp-components.com\/wp-content\/uploads\/2024\/12\/Filter-Press-Hydraulic-Cylinder-1-980x588.webp 980w, https:\/\/fmp-components.com\/wp-content\/uploads\/2024\/12\/Filter-Press-Hydraulic-Cylinder-1-480x288.webp 480w\" sizes=\"(min-width: 0px) and (max-width: 480px) 480px, (min-width: 481px) and (max-width: 980px) 980px, (min-width: 981px) 1000px, 100vw\" \/><\/p>\n<h4>Caracter\u00edsticas principales:<\/h4>\n<ul>\n<li><strong>Capacidad de alta presi\u00f3n:<\/strong> Dise\u00f1ado para soportar altas presiones de funcionamiento, este cilindro hidr\u00e1ulico proporciona la fuerza necesaria para lograr una eficiencia de filtraci\u00f3n \u00f3ptima.<\/li>\n<li><strong>Construcci\u00f3n robusta:<\/strong> Fabricado con materiales de alta resistencia, el cilindro hidr\u00e1ulico de la prensa de filtro est\u00e1 dise\u00f1ado para soportar las exigentes condiciones de los procesos de filtraci\u00f3n, garantizando una durabilidad y fiabilidad prolongadas.<\/li>\n<li><strong>Funcionamiento suave:<\/strong> El avanzado dise\u00f1o hidr\u00e1ulico permite movimientos suaves y controlados, facilitando ajustes precisos durante el funcionamiento de la prensa de filtro.<\/li>\n<li><strong>Aplicaci\u00f3n vers\u00e1til:<\/strong> Ideal para una amplia gama de industrias, incluyendo la miner\u00eda, la farmac\u00e9utica y la producci\u00f3n de alimentos, este cilindro mejora la funcionalidad de las prensas de filtro en diversas aplicaciones.<\/li>\n<li><strong>Requisitos de mantenimiento m\u00ednimos:<\/strong> Dise\u00f1ado para minimizar el desgaste, el cilindro hidr\u00e1ulico requiere menos mantenimiento, lo que reduce el tiempo de inactividad y contribuye a una mayor eficiencia operativa.<\/li>\n<\/ul>\n<p>En resumen, el cilindro hidr\u00e1ulico de la prensa de filtro es un componente esencial que optimiza el rendimiento de las prensas de filtro, lo que lo hace indispensable para una separaci\u00f3n eficaz de s\u00f3lidos y l\u00edquidos en diversos entornos industriales.<\/p>\n<h2>Especificaciones del cilindro hidr\u00e1ulico de la prensa de filtro:<\/h2>\n<p><img loading=\"lazy\" decoding=\"async\" class=\"size-full wp-image-605 aligncenter\" src=\"https:\/\/fmp-components.com\/wp-content\/uploads\/2024\/12\/Filter-Press-Hydraulic-Cylinder1.webp\" alt=\"Cilindro hidr\u00e1ulico de prensa de filtro\" width=\"500\" height=\"200\" title=\"\" srcset=\"https:\/\/fmp-components.com\/wp-content\/uploads\/2024\/12\/Filter-Press-Hydraulic-Cylinder1.webp 500w, https:\/\/fmp-components.com\/wp-content\/uploads\/2024\/12\/Filter-Press-Hydraulic-Cylinder1-480x192.webp 480w\" sizes=\"(min-width: 0px) and (max-width: 480px) 480px, (min-width: 481px) 500px, 100vw\" \/><\/p>\n<table style=\"width: 102.341%; height: 208px;\" border=\"1\" cellspacing=\"0\" cellpadding=\"0\">\n<tbody>\n<tr>\n<td style=\"width: 25.9768%;\">Nombre del producto<\/td>\n<td style=\"width: 73.9176%;\">Cilindro hidr\u00e1ulico de prensa de filtro<\/td>\n<\/tr>\n<tr>\n<td style=\"width: 25.9768%;\">Caracter\u00edsticas:<\/td>\n<td style=\"width: 73.9176%;\">Aplique empuje\/presi\u00f3n a la placa de presi\u00f3n para comprimirla\/presi\u00f3n de tracci\u00f3n para comprimirla<\/td>\n<\/tr>\n<tr>\n<td style=\"width: 25.9768%;\">Di\u00e1metro del orificio:<\/td>\n<td style=\"width: 73.9176%;\">160 mm \uff5e 580 mm<\/td>\n<\/tr>\n<tr>\n<td style=\"width: 25.9768%;\">Di\u00e1metro de la varilla:<\/td>\n<td style=\"width: 73.9176%;\">110 mm \uff5e 410 mm<br \/>\nCarrera \u22642600 mm<\/td>\n<\/tr>\n<tr>\n<td style=\"width: 25.9768%;\">Fuerza de empuje:<\/td>\n<td style=\"width: 73.9176%;\">M\u00e1ximo 11889 kN<br \/>\n(Di\u00e1metro del cilindro 580 mm \/ presi\u00f3n 45 MPa)<\/td>\n<\/tr>\n<tr>\n<td style=\"width: 25.9768%;\">Aplicaciones de los cilindros de las prensas de filtro:<\/td>\n<td style=\"width: 73.9176%;\">Prensa de filtro<\/td>\n<\/tr>\n<\/tbody>\n<\/table>\n<h2>Ventajas del cilindro hidr\u00e1ulico de la prensa de filtro<\/h2>\n<p>Los cilindros hidr\u00e1ulicos para filtros prensa son componentes esenciales para el funcionamiento de estas m\u00e1quinas, ampliamente utilizadas en diversas industrias como el tratamiento de aguas, el procesamiento qu\u00edmico, la miner\u00eda y la producci\u00f3n de alimentos. Estos cilindros desempe\u00f1an un papel crucial en los procesos de prensado y deshidrataci\u00f3n. A continuaci\u00f3n, se presentan algunas de las principales ventajas del uso de cilindros hidr\u00e1ulicos en filtros prensa:<\/p>\n<h3>1. Capacidad de alta presi\u00f3n<\/h3>\n<p>Los cilindros hidr\u00e1ulicos de las prensas de filtro est\u00e1n dise\u00f1ados para soportar presiones muy elevadas, que suelen oscilar entre 200 y 1000 bar, seg\u00fan el tama\u00f1o de la prensa. Esto es fundamental para aplicar la fuerza necesaria para comprimir las placas filtrantes, expulsar el filtrado y garantizar la deshidrataci\u00f3n eficaz de la suspensi\u00f3n.<\/p>\n<h3>2. Control y ajuste precisos<\/h3>\n<p>Los sistemas hidr\u00e1ulicos proporcionan un control preciso de la fuerza de prensado. La presi\u00f3n se puede ajustar y controlar para optimizar el proceso de filtraci\u00f3n, lo que permite un rendimiento eficiente y constante. Esta precisi\u00f3n tambi\u00e9n garantiza la seguridad del equipo y ayuda a minimizar el desgaste.<\/p>\n<h3>3. Operaci\u00f3n automatizada<\/h3>\n<p>Los cilindros hidr\u00e1ulicos permiten el funcionamiento automatizado, reduciendo la necesidad de intervenci\u00f3n manual. La prensa de filtro ajusta autom\u00e1ticamente la presi\u00f3n durante el ciclo de filtraci\u00f3n, garantizando un rendimiento \u00f3ptimo y ahorrando tiempo y costes laborales.<\/p>\n<h3>4. Durabilidad y fiabilidad<\/h3>\n<p>Los cilindros hidr\u00e1ulicos utilizados en las prensas de filtro est\u00e1n fabricados con materiales de alta resistencia y dise\u00f1ados para soportar condiciones de funcionamiento extremas, como la exposici\u00f3n a productos qu\u00edmicos corrosivos o lodos abrasivos. Esto los hace altamente duraderos y fiables, reduciendo el tiempo de inactividad y la necesidad de sustituciones frecuentes.<\/p>\n<h3>5. Compacto y ahorra espacio<\/h3>\n<p>Los cilindros hidr\u00e1ulicos son compactos y proporcionan una gran fuerza sin ocupar mucho espacio. Esto es especialmente importante en industrias donde el espacio es limitado, como en plantas de tratamiento de aguas residuales o instalaciones de procesamiento qu\u00edmico.<\/p>\n<h3>6. Eficiencia energ\u00e9tica<\/h3>\n<p>Los sistemas hidr\u00e1ulicos pueden ser m\u00e1s eficientes energ\u00e9ticamente que otros sistemas mec\u00e1nicos, ya que utilizan fluido presurizado para transmitir fuerza. Esto puede ayudar a reducir el consumo energ\u00e9tico total del sistema de filtro prensa, lo que a largo plazo supone un ahorro de costes.<\/p>\n<h3>7. Bajo mantenimiento<\/h3>\n<p>Los cilindros hidr\u00e1ulicos generalmente requieren menos mantenimiento que los sistemas mec\u00e1nicos o neum\u00e1ticos. Con el cuidado adecuado, como revisiones peri\u00f3dicas del fluido y el mantenimiento de las juntas, los cilindros hidr\u00e1ulicos pueden ofrecer una larga vida \u00fatil, lo cual resulta rentable para las industrias que dependen de la filtraci\u00f3n continua.<\/p>\n<h3>8. Capacidad para manejar cargas m\u00e1s grandes<\/h3>\n<p>Los sistemas hidr\u00e1ulicos pueden generar una fuerza considerable en relaci\u00f3n con su tama\u00f1o, lo que los hace ideales para soportar las elevadas cargas que requieren las prensas de filtro. Esta capacidad permite que las prensas de filtro procesen mayores vol\u00famenes de lodo y obtengan resultados de deshidrataci\u00f3n m\u00e1s eficientes.<\/p>\n<h3>9. Menor desgaste<\/h3>\n<p>Los cilindros hidr\u00e1ulicos utilizan fluido para generar movimiento, lo que reduce la fricci\u00f3n y el desgaste mec\u00e1nico t\u00edpicos de los sistemas con articulaciones mec\u00e1nicas. Esto prolonga la vida \u00fatil de todo el sistema de filtro prensa.<\/p>\n<h3>10. Caracter\u00edsticas de seguridad<\/h3>\n<p>Muchos sistemas hidr\u00e1ulicos de las prensas de filtro incorporan mecanismos de seguridad integrados, como v\u00e1lvulas de alivio de presi\u00f3n y sensores, que ayudan a prevenir sobrecargas del sistema y a proteger el equipo contra da\u00f1os.<\/p>\n<h3>11. Dise\u00f1os personalizables<\/h3>\n<p>Los cilindros hidr\u00e1ulicos para filtros prensa se pueden adaptar a las necesidades espec\u00edficas de cada aplicaci\u00f3n. Ya sea en t\u00e9rminos de presi\u00f3n, longitud de carrera o selecci\u00f3n de materiales, los cilindros hidr\u00e1ulicos se pueden dise\u00f1ar para ajustarse a las necesidades precisas de una industria o proceso de filtraci\u00f3n en particular.<\/p>\n<p>En resumen, las ventajas de los cilindros hidr\u00e1ulicos en las prensas de filtro radican en su capacidad para soportar altas presiones, su control preciso, su fiabilidad, su eficiencia energ\u00e9tica y su durabilidad. Estas caracter\u00edsticas los convierten en la opci\u00f3n ideal para las industrias que requieren soluciones de filtraci\u00f3n robustas y eficientes.<\/p>\n<p><img loading=\"lazy\" decoding=\"async\" class=\"alignnone size-full wp-image-610\" src=\"https:\/\/fmp-components.com\/wp-content\/uploads\/2024\/12\/fmwYxuKu-hydraulic-cylinder-factory-1.webp\" alt=\"f\u00e1brica de cilindros hidr\u00e1ulicos\" width=\"1049\" height=\"665\" title=\"\" srcset=\"https:\/\/fmp-components.com\/wp-content\/uploads\/2024\/12\/fmwYxuKu-hydraulic-cylinder-factory-1.webp 1049w, https:\/\/fmp-components.com\/wp-content\/uploads\/2024\/12\/fmwYxuKu-hydraulic-cylinder-factory-1-980x621.webp 980w, https:\/\/fmp-components.com\/wp-content\/uploads\/2024\/12\/fmwYxuKu-hydraulic-cylinder-factory-1-480x304.webp 480w\" sizes=\"(min-width: 0px) and (max-width: 480px) 480px, (min-width: 481px) and (max-width: 980px) 980px, (min-width: 981px) 1049px, 100vw\" \/><\/p>\n<h2>Aplicaciones del cilindro hidr\u00e1ulico de la prensa de filtro<\/h2>\n<h3>1. Tratamiento de aguas residuales<\/h3>\n<p>Los cilindros hidr\u00e1ulicos de las prensas de filtro se utilizan ampliamente en las plantas de tratamiento de aguas residuales para separar eficazmente los s\u00f3lidos de los l\u00edquidos. Al aplicar una presi\u00f3n considerable, estos cilindros contribuyen a garantizar que los efluentes cumplan con las estrictas normas reglamentarias antes de su vertido al medio ambiente. Este proceso no solo protege la calidad del agua, sino que tambi\u00e9n fomenta pr\u00e1cticas sostenibles de gesti\u00f3n de residuos, convirti\u00e9ndose as\u00ed en un componente crucial en las operaciones de tratamiento de aguas residuales municipales e industriales.<\/p>\n<h3>2. Industria de Alimentos y Bebidas<\/h3>\n<p>En el sector de procesamiento de alimentos, los cilindros hidr\u00e1ulicos de las prensas de filtro desempe\u00f1an un papel fundamental en diversas aplicaciones, como la clarificaci\u00f3n de jugos, la extracci\u00f3n de aceites y la separaci\u00f3n de s\u00f3lidos de productos l\u00edquidos. Al optimizar el proceso de filtraci\u00f3n, estos cilindros contribuyen a la producci\u00f3n de alimentos y bebidas de alta calidad, garantizando que los productos est\u00e9n libres de impurezas y cumplan con las normas de seguridad. Su eficiencia ayuda a los fabricantes a optimizar los procesos de producci\u00f3n y a mantener la consistencia del producto.<\/p>\n<h3>3. Fabricaci\u00f3n de productos qu\u00edmicos<\/h3>\n<p>En las plantas qu\u00edmicas, los cilindros hidr\u00e1ulicos de las prensas de filtro son esenciales para la separaci\u00f3n eficiente de s\u00f3lidos de lodos. Esta capacidad facilita la purificaci\u00f3n de productos qu\u00edmicos y la recuperaci\u00f3n de materiales valiosos, lo que hace que el proceso de fabricaci\u00f3n sea m\u00e1s econ\u00f3mico y respetuoso con el medio ambiente. Al garantizar que solo se utilicen sustancias puras en la producci\u00f3n, estos cilindros ayudan a mantener la integridad de los productos qu\u00edmicos y a cumplir con las normativas del sector.<\/p>\n<h3>4. Miner\u00eda y procesamiento de minerales<\/h3>\n<p>En la industria minera, estos cilindros hidr\u00e1ulicos son fundamentales para la deshidrataci\u00f3n de concentrados y relaves. Facilitan la separaci\u00f3n del agua de los materiales extra\u00eddos, lo que contribuye a la gesti\u00f3n de residuos y a la recuperaci\u00f3n de minerales valiosos del mineral. Esto no solo mejora la eficiencia operativa, sino que tambi\u00e9n minimiza el impacto ambiental de las actividades mineras al reducir el consumo de agua y promover el reciclaje de residuos.<\/p>\n<h3>5. Productos farmac\u00e9uticos<\/h3>\n<p>En la fabricaci\u00f3n farmac\u00e9utica, los cilindros hidr\u00e1ulicos de las prensas de filtro contribuyen a los procesos de filtraci\u00f3n y purificaci\u00f3n esenciales para la producci\u00f3n de medicamentos seguros y de alta calidad. Al eliminar eficazmente las impurezas y garantizar la claridad de las formulaciones l\u00edquidas, estos cilindros ayudan a los fabricantes a cumplir con las estrictas normas regulatorias y a mantener la eficacia del producto. Su funci\u00f3n es crucial para asegurar que los f\u00e1rmacos sean seguros para el consumo y eficaces en el tratamiento de afecciones m\u00e9dicas.<\/p>\n<h3>6. Industria de la pulpa y el papel<\/h3>\n<p>Los cilindros hidr\u00e1ulicos de las prensas de filtro se emplean en la industria de la pulpa y el papel para deshidratar la pulpa, separando eficazmente el agua de la fibra durante la producci\u00f3n. Este proceso no solo mejora la eficiencia de la l\u00ednea de producci\u00f3n, sino que tambi\u00e9n contribuye a la obtenci\u00f3n de productos de papel de mayor calidad. Al minimizar el contenido de agua, estos cilindros contribuyen al ahorro de energ\u00eda y mejoran la sostenibilidad general del proceso de fabricaci\u00f3n de papel.<\/p>\n<h3>7. Remediaci\u00f3n ambiental<\/h3>\n<p>En las operaciones de limpieza ambiental, los cilindros hidr\u00e1ulicos de las prensas de filtro se utilizan para filtrar los contaminantes del suelo y el agua. Al separar eficazmente las sustancias nocivas de los materiales limpios, estos cilindros desempe\u00f1an un papel fundamental en la restauraci\u00f3n de sitios contaminados y en la promoci\u00f3n de la recuperaci\u00f3n ambiental. Su aplicaci\u00f3n en proyectos de remediaci\u00f3n subraya su importancia para la protecci\u00f3n de los ecosistemas y la salud p\u00fablica.<\/p>\n<p>Los cilindros hidr\u00e1ulicos para filtros prensa son componentes vers\u00e1tiles que mejoran la eficiencia y la eficacia de la separaci\u00f3n s\u00f3lido-l\u00edquido en diversas industrias. Su capacidad para garantizar la calidad del producto y el cumplimiento de las normativas ambientales los hace indispensables en el tratamiento de aguas residuales, el procesamiento de alimentos, la fabricaci\u00f3n de productos qu\u00edmicos, la miner\u00eda, la industria farmac\u00e9utica, la producci\u00f3n de pulpa y papel y la remediaci\u00f3n ambiental. Al optimizar estos procesos cr\u00edticos, los cilindros hidr\u00e1ulicos para filtros prensa contribuyen significativamente a la eficiencia operativa y la sostenibilidad en diversas aplicaciones.<\/p>\n<p><img loading=\"lazy\" decoding=\"async\" class=\"alignnone size-full wp-image-607\" src=\"https:\/\/fmp-components.com\/wp-content\/uploads\/2024\/12\/Filter-Press-Hydraulic-Cylinder.webp\" alt=\"Cilindro hidr\u00e1ulico de filtro prensa\" width=\"1024\" height=\"597\" title=\"\" srcset=\"https:\/\/fmp-components.com\/wp-content\/uploads\/2024\/12\/Filter-Press-Hydraulic-Cylinder.webp 1024w, https:\/\/fmp-components.com\/wp-content\/uploads\/2024\/12\/Filter-Press-Hydraulic-Cylinder-980x571.webp 980w, https:\/\/fmp-components.com\/wp-content\/uploads\/2024\/12\/Filter-Press-Hydraulic-Cylinder-480x280.webp 480w\" sizes=\"(min-width: 0px) and (max-width: 480px) 480px, (min-width: 481px) and (max-width: 980px) 980px, (min-width: 981px) 1024px, 100vw\" \/><\/p>\n<h3>Acerca de FMP<\/h3>\n<p>FMP es una empresa especializada en la fabricaci\u00f3n de cilindros hidr\u00e1ulicos. Desde su fundaci\u00f3n, la empresa se ha centrado en la investigaci\u00f3n y fabricaci\u00f3n de tecnolog\u00eda hidr\u00e1ulica, pasando de una gama de productos diversificada que inclu\u00eda maquinaria de cosecha y construcci\u00f3n a una especializaci\u00f3n en componentes para tractores agr\u00edcolas. Con m\u00e1s de una d\u00e9cada de experiencia en fabricaci\u00f3n y gesti\u00f3n, FMP garantiza productos de alta calidad mediante t\u00e9cnicas de producci\u00f3n avanzadas.<\/p>\n<p>A medida que la empresa ha evolucionado, ha desarrollado una l\u00ednea integral de producci\u00f3n de mecanizado, una l\u00ednea de ensamblaje y una l\u00ednea de recubrimiento. Nuestro equipo est\u00e1 formado por personal directivo cualificado, dise\u00f1adores mec\u00e1nicos con amplia experiencia y t\u00e9cnicos altamente capacitados que trabajan en equipo para mantener una calidad de producci\u00f3n estable, a la vez que controlan eficazmente la continuidad y la eficiencia del proceso.<\/p>\n<p>FMP defiende la filosof\u00eda de \u00abInnovaci\u00f3n tecnol\u00f3gica que impulsa el progreso, calidad que crea marcas, artesan\u00eda que garantiza la calidad y relaciones mutuamente beneficiosas a largo plazo\u00bb. Nuestro compromiso de ofrecer productos de alta calidad y un servicio al cliente superior sigue siendo un objetivo fundamental para satisfacer las cambiantes necesidades del mercado.<\/p>\n<p><img loading=\"lazy\" decoding=\"async\" class=\"alignnone size-full wp-image-426\" src=\"https:\/\/fmp-components.com\/wp-content\/uploads\/2024\/12\/Sanitation-Machinery-Locking-Hydraulic-Cylinder-factory.webp\" sizes=\"(min-width: 0px) and (max-width: 480px) 480px, (min-width: 481px) and (max-width: 980px) 980px, (min-width: 981px) and (max-width: 1280px) 1280px, (min-width: 1281px) 1414px, 100vw\" srcset=\"https:\/\/fmp-components.com\/wp-content\/uploads\/2024\/12\/Sanitation-Machinery-Locking-Hydraulic-Cylinder-factory.webp 1414w, https:\/\/fmp-components.com\/wp-content\/uploads\/2024\/12\/Sanitation-Machinery-Locking-Hydraulic-Cylinder-factory-1280x529.webp 1280w, https:\/\/fmp-components.com\/wp-content\/uploads\/2024\/12\/Sanitation-Machinery-Locking-Hydraulic-Cylinder-factory-980x405.webp 980w, https:\/\/fmp-components.com\/wp-content\/uploads\/2024\/12\/Sanitation-Machinery-Locking-Hydraulic-Cylinder-factory-480x198.webp 480w\" alt=\"F\u00e1brica de cilindros hidr\u00e1ulicos de bloqueo de maquinaria de saneamiento\" width=\"1414\" height=\"584\" title=\"\"><\/p>\n<p>Autor: CX<\/p>","protected":false},"excerpt":{"rendered":"<p>El cilindro hidr\u00e1ulico para prensas de filtro es un componente clave dise\u00f1ado para proporcionar la fuerza necesaria para el funcionamiento eficiente de las prensas de filtro en diversas aplicaciones industriales. Este cilindro aplica presi\u00f3n a las placas filtrantes, asegurando una separaci\u00f3n eficaz de s\u00f3lidos y l\u00edquidos durante el proceso de filtraci\u00f3n. Fabricado con materiales de alta resistencia, est\u00e1 dise\u00f1ado para soportar las exigentes condiciones t\u00edpicas de los entornos de filtraci\u00f3n, garantizando su durabilidad y fiabilidad. Su suave acci\u00f3n hidr\u00e1ulica permite un control preciso, mejorando la eficiencia y la eficacia generales del proceso de filtraci\u00f3n. Este cilindro hidr\u00e1ulico es esencial para optimizar el rendimiento de las prensas de filtro, convirti\u00e9ndose en un elemento cr\u00edtico en industrias como el tratamiento de aguas residuales, el procesamiento de alimentos y la fabricaci\u00f3n de productos qu\u00edmicos.<\/p>","protected":false},"featured_media":606,"comment_status":"open","ping_status":"closed","template":"","meta":{"_et_pb_use_builder":"","_et_pb_old_content":"","_et_gb_content_width":""},"product_brand":[],"product_cat":[27],"product_tag":[],"class_list":{"0":"post-604","1":"product","2":"type-product","3":"status-publish","4":"has-post-thumbnail","6":"product_cat-industrial-engineering-hydraulic-cylinders","8":"first","9":"instock","10":"shipping-taxable","11":"product-type-simple"},"_links":{"self":[{"href":"https:\/\/fmp-components.com\/es\/wp-json\/wp\/v2\/product\/604","targetHints":{"allow":["GET"]}}],"collection":[{"href":"https:\/\/fmp-components.com\/es\/wp-json\/wp\/v2\/product"}],"about":[{"href":"https:\/\/fmp-components.com\/es\/wp-json\/wp\/v2\/types\/product"}],"replies":[{"embeddable":true,"href":"https:\/\/fmp-components.com\/es\/wp-json\/wp\/v2\/comments?post=604"}],"wp:featuredmedia":[{"embeddable":true,"href":"https:\/\/fmp-components.com\/es\/wp-json\/wp\/v2\/media\/606"}],"wp:attachment":[{"href":"https:\/\/fmp-components.com\/es\/wp-json\/wp\/v2\/media?parent=604"}],"wp:term":[{"taxonomy":"product_brand","embeddable":true,"href":"https:\/\/fmp-components.com\/es\/wp-json\/wp\/v2\/product_brand?post=604"},{"taxonomy":"product_cat","embeddable":true,"href":"https:\/\/fmp-components.com\/es\/wp-json\/wp\/v2\/product_cat?post=604"},{"taxonomy":"product_tag","embeddable":true,"href":"https:\/\/fmp-components.com\/es\/wp-json\/wp\/v2\/product_tag?post=604"}],"curies":[{"name":"gracias","href":"https:\/\/api.w.org\/{rel}","templated":true}]}}