{"id":587,"date":"2024-12-17T01:21:39","date_gmt":"2024-12-17T01:21:39","guid":{"rendered":"https:\/\/fmp-components.com\/?page_id=8"},"modified":"2024-12-17T03:06:10","modified_gmt":"2024-12-17T03:06:10","slug":"hydraulic-cylinder-for-press","status":"publish","type":"product","link":"https:\/\/fmp-components.com\/es\/product\/hydraulic-cylinder-for-press\/","title":{"rendered":"Cilindro hidr\u00e1ulico para prensa"},"content":{"rendered":"<p style=\"text-align: center;\"><span style=\"font-size: 18pt;\">Cilindro hidr\u00e1ulico para prensa<\/span><\/p>\n<p>El cilindro hidr\u00e1ulico para prensa es un componente hidr\u00e1ulico especializado, dise\u00f1ado para proporcionar una fuerza potente en aplicaciones de prensado en diversos entornos industriales. Este cilindro es esencial para operaciones como el conformado de metales, el moldeo de pl\u00e1stico y los procesos de ensamblaje, donde se requieren altos niveles de fuerza para moldear o comprimir materiales.<\/p>\n<p><img loading=\"lazy\" decoding=\"async\" class=\"alignnone size-full wp-image-602\" src=\"https:\/\/fmp-components.com\/wp-content\/uploads\/2024\/12\/Hydraulic-Press-Master-Cylinder.webp\" alt=\"Cilindro maestro de prensa hidr\u00e1ulica\" width=\"1000\" height=\"600\" title=\"\" srcset=\"https:\/\/fmp-components.com\/wp-content\/uploads\/2024\/12\/Hydraulic-Press-Master-Cylinder.webp 1000w, https:\/\/fmp-components.com\/wp-content\/uploads\/2024\/12\/Hydraulic-Press-Master-Cylinder-980x588.webp 980w, https:\/\/fmp-components.com\/wp-content\/uploads\/2024\/12\/Hydraulic-Press-Master-Cylinder-480x288.webp 480w\" sizes=\"(min-width: 0px) and (max-width: 480px) 480px, (min-width: 481px) and (max-width: 980px) 980px, (min-width: 981px) 1000px, 100vw\" \/><\/p>\n<h4>Caracter\u00edsticas principales:<\/h4>\n<ul>\n<li><strong>Alta salida de fuerza:<\/strong> Dise\u00f1ado para generar una fuerza hidr\u00e1ulica significativa, este cilindro es capaz de manejar cargas pesadas, lo que lo hace ideal para tareas de prensado exigentes.<\/li>\n<li><strong>Construcci\u00f3n robusta:<\/strong> Fabricado con materiales de alta resistencia, el cilindro hidr\u00e1ulico est\u00e1 dise\u00f1ado para soportar las rigurosas condiciones de los entornos industriales, lo que garantiza una larga durabilidad y confiabilidad.<\/li>\n<li><strong>Funcionamiento suave:<\/strong> El dise\u00f1o hidr\u00e1ulico avanzado permite movimientos suaves y controlados, proporcionando un control preciso durante las operaciones de prensado para lograr los resultados deseados.<\/li>\n<li><strong>Aplicaci\u00f3n vers\u00e1til:<\/strong> Adecuado para una amplia gama de m\u00e1quinas de prensado, este cilindro mejora la funcionalidad de diversas aplicaciones, incluidas las industrias automotriz, manufacturera y metal\u00fargica.<\/li>\n<li><strong>Requisitos de bajo mantenimiento:<\/strong> Dise\u00f1ado para un desgaste m\u00ednimo, el cilindro hidr\u00e1ulico requiere menos mantenimiento, lo que reduce el tiempo de inactividad y contribuye a aumentar la productividad.<\/li>\n<\/ul>\n<p>El cilindro hidr\u00e1ulico para prensa es un componente esencial que optimiza el rendimiento y la eficiencia de las aplicaciones de prensado, haci\u00e9ndolo indispensable para el modelado y compresi\u00f3n eficaz de materiales en diversos entornos industriales.<\/p>\n<h2>Cilindro maestro de prensa hidr\u00e1ulica<\/h2>\n<p><img loading=\"lazy\" decoding=\"async\" class=\"size-full wp-image-596 aligncenter\" src=\"https:\/\/fmp-components.com\/wp-content\/uploads\/2024\/12\/Hydraulic-Press-Master-Cylinder1.webp\" alt=\"Cilindro maestro de prensa hidr\u00e1ulica\" width=\"500\" height=\"200\" title=\"\" srcset=\"https:\/\/fmp-components.com\/wp-content\/uploads\/2024\/12\/Hydraulic-Press-Master-Cylinder1.webp 500w, https:\/\/fmp-components.com\/wp-content\/uploads\/2024\/12\/Hydraulic-Press-Master-Cylinder1-480x192.webp 480w\" sizes=\"(min-width: 0px) and (max-width: 480px) 480px, (min-width: 481px) 500px, 100vw\" \/><\/p>\n<table style=\"width: 98.4519%; height: 229px;\" border=\"1\" cellspacing=\"0\" cellpadding=\"0\">\n<tbody>\n<tr>\n<td>Nombre del producto<\/td>\n<td>Cilindro maestro de prensa hidr\u00e1ulica<\/td>\n<\/tr>\n<tr>\n<td>Caracter\u00edsticas:<\/td>\n<td>Proporcionar el impulso principal para la prensa.<\/td>\n<\/tr>\n<tr>\n<td>\u00c9mbolo:<\/td>\n<td>500 mm \uff5e 1800 mm<br \/>\nCarrera \u2264 4500 mm<\/td>\n<\/tr>\n<tr>\n<td>Fuerza de empuje:<\/td>\n<td>M\u00e1ximo 80MN<br \/>\n(\u00c9mbolo 1800 mm\/presi\u00f3n 31,5 MPa)<\/td>\n<\/tr>\n<tr>\n<td>Aplicaciones del cilindro maestro hidr\u00e1ulico:<\/td>\n<td>Prensa<\/td>\n<\/tr>\n<\/tbody>\n<\/table>\n<h2>Cilindro lateral de prensa hidr\u00e1ulica<\/h2>\n<p><img loading=\"lazy\" decoding=\"async\" class=\"size-full wp-image-600 aligncenter\" src=\"https:\/\/fmp-components.com\/wp-content\/uploads\/2024\/12\/Hydraulic-Press-Side-Cylinder1.webp\" alt=\"Cilindro lateral de prensa hidr\u00e1ulica\" width=\"500\" height=\"200\" title=\"\" srcset=\"https:\/\/fmp-components.com\/wp-content\/uploads\/2024\/12\/Hydraulic-Press-Side-Cylinder1.webp 500w, https:\/\/fmp-components.com\/wp-content\/uploads\/2024\/12\/Hydraulic-Press-Side-Cylinder1-480x192.webp 480w\" sizes=\"(min-width: 0px) and (max-width: 480px) 480px, (min-width: 481px) 500px, 100vw\" \/><\/p>\n<table style=\"width: 98.5144%; height: 257px;\" border=\"1\" cellspacing=\"0\" cellpadding=\"0\">\n<tbody>\n<tr style=\"height: 23px;\">\n<td style=\"height: 23px;\">Nombre del producto<\/td>\n<td style=\"height: 23px;\">Cilindro lateral de prensa hidr\u00e1ulica<\/td>\n<\/tr>\n<tr style=\"height: 23px;\">\n<td style=\"height: 23px;\">Caracter\u00edsticas:<\/td>\n<td style=\"height: 23px;\">Proporciona empuje a la prensa con el cilindro maestro<\/td>\n<\/tr>\n<tr style=\"height: 23px;\">\n<td style=\"height: 23px;\">\u00c9mbolo:<\/td>\n<td style=\"height: 23px;\">420 mm \uff5e 1000 mm<\/td>\n<\/tr>\n<tr style=\"height: 23px;\">\n<td style=\"height: 23px;\">Ataque:<\/td>\n<td style=\"height: 23px;\">Carrera \u2264 4500 mm<\/td>\n<\/tr>\n<tr style=\"height: 47px;\">\n<td style=\"height: 47px;\">Fuerza de empuje:<\/td>\n<td style=\"height: 47px;\">M\u00e1ximo 24,7MN<br \/>\n(\u00c9mbolo 1000 mm\/presi\u00f3n 31,5 MPa)<\/td>\n<\/tr>\n<tr style=\"height: 23px;\">\n<td style=\"height: 23px;\">Aplicaciones del cilindro lateral hidr\u00e1ulico:<\/td>\n<td style=\"height: 23px;\">Prensa hidr\u00e1ulica<\/td>\n<\/tr>\n<\/tbody>\n<\/table>\n<h2>Cilindro de retorno de prensa hidr\u00e1ulica<\/h2>\n<p><img loading=\"lazy\" decoding=\"async\" class=\"size-full wp-image-599 aligncenter\" src=\"https:\/\/fmp-components.com\/wp-content\/uploads\/2024\/12\/Hydraulic-Press-Return-Cylinder1.webp\" alt=\"Cilindro de retorno de prensa hidr\u00e1ulica\" width=\"500\" height=\"200\" title=\"\" srcset=\"https:\/\/fmp-components.com\/wp-content\/uploads\/2024\/12\/Hydraulic-Press-Return-Cylinder1.webp 500w, https:\/\/fmp-components.com\/wp-content\/uploads\/2024\/12\/Hydraulic-Press-Return-Cylinder1-480x192.webp 480w\" sizes=\"(min-width: 0px) and (max-width: 480px) 480px, (min-width: 481px) 500px, 100vw\" \/><\/p>\n<table style=\"width: 98.5637%; height: 319px;\" border=\"1\" cellspacing=\"0\" cellpadding=\"0\">\n<tbody>\n<tr>\n<td>Nombre del producto<\/td>\n<td>Cilindro de retorno de prensa hidr\u00e1ulica<\/td>\n<\/tr>\n<tr>\n<td>Caracter\u00edsticas:<\/td>\n<td>Proporciona fuerza de retorno para el cilindro principal y el cilindro lateral, dividido en tipo \u00e9mbolo\/tipo pist\u00f3n<\/td>\n<\/tr>\n<tr>\n<td>Di\u00e1metro del orificio:<\/td>\n<td>180 mm \uff5e 410 mm<\/td>\n<\/tr>\n<tr>\n<td>Di\u00e1metro de la varilla:<\/td>\n<td>\u00a0120 mm \uff5e 360 mm<br \/>\nCarrera \u2264 4500 mm<\/td>\n<\/tr>\n<tr>\n<td>Fuerza de empuje:<\/td>\n<td>M\u00e1ximo 2612 KN<br \/>\n(Di\u00e1metro del orificio: 410 mm\/presi\u00f3n 31,5 MPa)<\/td>\n<\/tr>\n<tr>\n<td>\u00c9mbolo:<\/td>\n<td>\u00a0140 mm \uff5e 360 mm<br \/>\nCarrera \u22643000 mm<\/td>\n<\/tr>\n<tr>\n<td>Fuerza de empuje del \u00e9mbolo:<\/td>\n<td>M\u00e1ximo 3206KN<br \/>\n(\u00c9mbolo 360 mm\/presi\u00f3n 31,5 MPa)<\/td>\n<\/tr>\n<tr>\n<td>Aplicaciones del cilindro de retorno de prensa hidr\u00e1ulica:<\/td>\n<td>Prensa hidr\u00e1ulica<\/td>\n<\/tr>\n<\/tbody>\n<\/table>\n<h2>Cilindro nivelador de prensa hidr\u00e1ulica<\/h2>\n<p><img loading=\"lazy\" decoding=\"async\" class=\"size-full wp-image-595 aligncenter\" src=\"https:\/\/fmp-components.com\/wp-content\/uploads\/2024\/12\/Hydraulic-Press-Leveling-Cylinder1.webp\" alt=\"Cilindro nivelador de prensa hidr\u00e1ulica\" width=\"500\" height=\"200\" title=\"\" srcset=\"https:\/\/fmp-components.com\/wp-content\/uploads\/2024\/12\/Hydraulic-Press-Leveling-Cylinder1.webp 500w, https:\/\/fmp-components.com\/wp-content\/uploads\/2024\/12\/Hydraulic-Press-Leveling-Cylinder1-480x192.webp 480w\" sizes=\"(min-width: 0px) and (max-width: 480px) 480px, (min-width: 481px) 500px, 100vw\" \/><\/p>\n<table style=\"width: 101.009%; height: 270px;\" border=\"1\" cellspacing=\"0\" cellpadding=\"0\">\n<tbody>\n<tr>\n<td>Nombre del producto<\/td>\n<td>Cilindro nivelador de prensa hidr\u00e1ulica<\/td>\n<\/tr>\n<tr>\n<td>Caracter\u00edsticas:<\/td>\n<td>Elevaci\u00f3n paralela de piezas en bruto o de trabajo<\/td>\n<\/tr>\n<tr>\n<td>Di\u00e1metro del orificio:<\/td>\n<td>\u00a090 mm \uff5e 380 mm<\/td>\n<\/tr>\n<tr>\n<td>Di\u00e1metro de la varilla:<\/td>\n<td>50 mm \uff5e 280 mm<br \/>\nCarrera \u22642500 mm<\/td>\n<\/tr>\n<tr>\n<td>Fuerza de empuje:<\/td>\n<td>M\u00e1ximo 2835 KN<br \/>\n(Di\u00e1metro del cilindro 380 mm\/presi\u00f3n 25 MPa)<\/td>\n<\/tr>\n<tr>\n<td>Aplicaciones del cilindro nivelador de prensa hidr\u00e1ulica:<\/td>\n<td>Prensa hidr\u00e1ulica<\/td>\n<\/tr>\n<\/tbody>\n<\/table>\n<h2>Cilindro de inclinaci\u00f3n de prensa hidr\u00e1ulica<\/h2>\n<p><img loading=\"lazy\" decoding=\"async\" class=\"size-full wp-image-601 aligncenter\" src=\"https:\/\/fmp-components.com\/wp-content\/uploads\/2024\/12\/Hydraulic-Press-Tilt-Cylinder1.webp\" alt=\"Cilindro de inclinaci\u00f3n de prensa hidr\u00e1ulica\" width=\"500\" height=\"200\" title=\"\" srcset=\"https:\/\/fmp-components.com\/wp-content\/uploads\/2024\/12\/Hydraulic-Press-Tilt-Cylinder1.webp 500w, https:\/\/fmp-components.com\/wp-content\/uploads\/2024\/12\/Hydraulic-Press-Tilt-Cylinder1-480x192.webp 480w\" sizes=\"(min-width: 0px) and (max-width: 480px) 480px, (min-width: 481px) 500px, 100vw\" \/><\/p>\n<table style=\"width: 97.3917%; height: 226px;\" border=\"1\" cellspacing=\"0\" cellpadding=\"0\">\n<tbody>\n<tr>\n<td>Nombre del producto<\/td>\n<td>Cilindro de inclinaci\u00f3n de prensa hidr\u00e1ulica<\/td>\n<\/tr>\n<tr>\n<td>Caracter\u00edsticas:<\/td>\n<td>Realizar la elevaci\u00f3n del cabezal de sujeci\u00f3n del manipulador.<\/td>\n<\/tr>\n<tr>\n<td>Di\u00e1metro del orificio:<\/td>\n<td>\u00a0100 mm \uff5e 400 mm<\/td>\n<\/tr>\n<tr>\n<td>Di\u00e1metro de la varilla:<\/td>\n<td>50 mm \uff5e 300 mm<br \/>\nCarrera \u22641500 mm<\/td>\n<\/tr>\n<tr>\n<td>Fuerza de empuje:<\/td>\n<td>M\u00e1ximo 3141 KN<br \/>\n(Di\u00e1metro del cilindro 400 mm\/presi\u00f3n 25 MPa)<\/td>\n<\/tr>\n<tr>\n<td>Aplicaciones del cilindro de inclinaci\u00f3n de prensa hidr\u00e1ulica:<\/td>\n<td>Prensa hidr\u00e1ulica<\/td>\n<\/tr>\n<\/tbody>\n<\/table>\n<h2>Cilindro de yunque de desplazamiento lateral de prensa hidr\u00e1ulica<\/h2>\n<p><img loading=\"lazy\" decoding=\"async\" class=\"size-full wp-image-594 aligncenter\" src=\"https:\/\/fmp-components.com\/wp-content\/uploads\/2024\/12\/Hydraulic-Press-Lateral-Shift-Anvil-Cylinder1.webp\" alt=\"Cilindro de yunque de desplazamiento lateral de prensa hidr\u00e1ulica\" width=\"500\" height=\"200\" title=\"\" srcset=\"https:\/\/fmp-components.com\/wp-content\/uploads\/2024\/12\/Hydraulic-Press-Lateral-Shift-Anvil-Cylinder1.webp 500w, https:\/\/fmp-components.com\/wp-content\/uploads\/2024\/12\/Hydraulic-Press-Lateral-Shift-Anvil-Cylinder1-480x192.webp 480w\" sizes=\"(min-width: 0px) and (max-width: 480px) 480px, (min-width: 481px) 500px, 100vw\" \/><\/p>\n<table style=\"width: 97.9604%; height: 251px;\" border=\"1\" cellspacing=\"0\" cellpadding=\"0\">\n<tbody>\n<tr style=\"height: 23px;\">\n<td style=\"height: 23px;\">Nombre del producto<\/td>\n<td style=\"height: 23px;\">Cilindro de yunque de desplazamiento lateral de prensa hidr\u00e1ulica<\/td>\n<\/tr>\n<tr style=\"height: 23px;\">\n<td style=\"height: 23px;\">Caracter\u00edsticas:<\/td>\n<td style=\"height: 23px;\">Mueva el yunque lateralmente<\/td>\n<\/tr>\n<tr style=\"height: 23px;\">\n<td style=\"height: 23px;\">Di\u00e1metro del orificio:<\/td>\n<td style=\"height: 23px;\">125 mm \uff5e 250 mm<\/td>\n<\/tr>\n<tr style=\"height: 47px;\">\n<td style=\"height: 47px;\">Di\u00e1metro de la varilla:<\/td>\n<td style=\"height: 47px;\">90 mm \uff5e 180 mm<br \/>\nCarrera \u2264 5500 mm<\/td>\n<\/tr>\n<tr style=\"height: 47px;\">\n<td style=\"height: 47px;\">Fuerza de empuje:<\/td>\n<td style=\"height: 47px;\">M\u00e1ximo 1546 KN<br \/>\n(Di\u00e1metro del orificio: 250 mm\/presi\u00f3n 31,5 MPa)<\/td>\n<\/tr>\n<tr style=\"height: 23px;\">\n<td style=\"height: 23px;\">Aplicaciones del cilindro de yunque de desplazamiento lateral:<\/td>\n<td style=\"height: 23px;\">Prensa hidr\u00e1ulica<\/td>\n<\/tr>\n<\/tbody>\n<\/table>\n<h2>Cilindro de banco de trabajo m\u00f3vil de prensa hidr\u00e1ulica<\/h2>\n<p><img loading=\"lazy\" decoding=\"async\" class=\"size-full wp-image-597 aligncenter\" src=\"https:\/\/fmp-components.com\/wp-content\/uploads\/2024\/12\/Hydraulic-Press-Mobile-Workbench-Cylinder1.webp\" alt=\"Cilindro de banco de trabajo m\u00f3vil de prensa hidr\u00e1ulica\" width=\"500\" height=\"200\" title=\"\" srcset=\"https:\/\/fmp-components.com\/wp-content\/uploads\/2024\/12\/Hydraulic-Press-Mobile-Workbench-Cylinder1.webp 500w, https:\/\/fmp-components.com\/wp-content\/uploads\/2024\/12\/Hydraulic-Press-Mobile-Workbench-Cylinder1-480x192.webp 480w\" sizes=\"(min-width: 0px) and (max-width: 480px) 480px, (min-width: 481px) 500px, 100vw\" \/><\/p>\n<table style=\"width: 97.2085%; height: 246px;\" border=\"1\" cellspacing=\"0\" cellpadding=\"0\">\n<tbody>\n<tr>\n<td>Nombre del producto<\/td>\n<td>Cilindro de banco de trabajo m\u00f3vil de prensa hidr\u00e1ulica<\/td>\n<\/tr>\n<tr>\n<td>Caracter\u00edsticas:<\/td>\n<td>Conducir el banco de trabajo para moverlo<\/td>\n<\/tr>\n<tr>\n<td>Di\u00e1metro del orificio:<\/td>\n<td>125 mm \uff5e 320 mm<\/td>\n<\/tr>\n<tr>\n<td>Di\u00e1metro de la varilla:<\/td>\n<td>90 mm \uff5e 220 mm<br \/>\nCarrera \u2264 7500 mm<\/td>\n<\/tr>\n<tr>\n<td>Fuerza de empuje:<\/td>\n<td>M\u00e1ximo 2533 KN<br \/>\n(Di\u00e1metro del cilindro 320 mm\/presi\u00f3n 31,5 MPa)<\/td>\n<\/tr>\n<tr>\n<td>Aplicaciones de cilindros para bancos de trabajo m\u00f3viles:<\/td>\n<td>Prensa hidr\u00e1ulica<\/td>\n<\/tr>\n<\/tbody>\n<\/table>\n<h2>Cilindro de sujeci\u00f3n de prensa hidr\u00e1ulica<\/h2>\n<p><img loading=\"lazy\" decoding=\"async\" class=\"size-full wp-image-590 aligncenter\" src=\"https:\/\/fmp-components.com\/wp-content\/uploads\/2024\/12\/Hydraulic-Press-Clamping-Cylinder1.webp\" alt=\"Cilindro de sujeci\u00f3n de prensa hidr\u00e1ulica\" width=\"500\" height=\"200\" title=\"\" srcset=\"https:\/\/fmp-components.com\/wp-content\/uploads\/2024\/12\/Hydraulic-Press-Clamping-Cylinder1.webp 500w, https:\/\/fmp-components.com\/wp-content\/uploads\/2024\/12\/Hydraulic-Press-Clamping-Cylinder1-480x192.webp 480w\" sizes=\"(min-width: 0px) and (max-width: 480px) 480px, (min-width: 481px) 500px, 100vw\" \/><\/p>\n<table style=\"width: 94.5324%; height: 230px;\" border=\"1\" cellspacing=\"0\" cellpadding=\"0\">\n<tbody>\n<tr>\n<td>Nombre del producto<\/td>\n<td>Cilindro de sujeci\u00f3n de prensa hidr\u00e1ulica<\/td>\n<\/tr>\n<tr>\n<td>Caracter\u00edsticas:<\/td>\n<td>Apriete el cabezal de la abrazadera que sujeta el lingote o tocho de acero.<\/td>\n<\/tr>\n<tr>\n<td>Di\u00e1metro del orificio:<\/td>\n<td>125 mm \uff5e 700 mm<\/td>\n<\/tr>\n<tr>\n<td>Di\u00e1metro de la varilla:<\/td>\n<td>80 mm \uff5e 520 mm<br \/>\nCarrera \u22641200 mm<\/td>\n<\/tr>\n<tr>\n<td>Fuerza de empuje:<\/td>\n<td>M\u00e1ximo 9621KN<br \/>\n(Di\u00e1metro del cilindro 700 mm\/presi\u00f3n 25 MPa)<\/td>\n<\/tr>\n<tr>\n<td>\u00a0Aplicaciones del cilindro de sujeci\u00f3n:<\/td>\n<td>Prensa hidr\u00e1ulica<\/td>\n<\/tr>\n<\/tbody>\n<\/table>\n<h2>Cilindro de amortiguaci\u00f3n de prensa hidr\u00e1ulica<\/h2>\n<p><img loading=\"lazy\" decoding=\"async\" class=\"size-full wp-image-591 aligncenter\" src=\"https:\/\/fmp-components.com\/wp-content\/uploads\/2024\/12\/Hydraulic-Press-Cushion-Cylinder1.webp\" alt=\"Cilindro de amortiguaci\u00f3n de prensa hidr\u00e1ulica\" width=\"500\" height=\"200\" title=\"\" srcset=\"https:\/\/fmp-components.com\/wp-content\/uploads\/2024\/12\/Hydraulic-Press-Cushion-Cylinder1.webp 500w, https:\/\/fmp-components.com\/wp-content\/uploads\/2024\/12\/Hydraulic-Press-Cushion-Cylinder1-480x192.webp 480w\" sizes=\"(min-width: 0px) and (max-width: 480px) 480px, (min-width: 481px) 500px, 100vw\" \/><\/p>\n<table style=\"width: 98.7377%; height: 264px;\" border=\"1\" cellspacing=\"0\" cellpadding=\"0\">\n<tbody>\n<tr>\n<td>Nombre del producto<\/td>\n<td>Cilindro de amortiguaci\u00f3n de prensa hidr\u00e1ulica<\/td>\n<\/tr>\n<tr>\n<td>Caracter\u00edsticas:<\/td>\n<td>Absorber la vibraci\u00f3n por desplazamiento\/impacto de la forja<\/td>\n<\/tr>\n<tr>\n<td>Di\u00e1metro del orificio:<\/td>\n<td>75 mm \uff5e 300 mm<\/td>\n<\/tr>\n<tr>\n<td>Di\u00e1metro de la varilla:<\/td>\n<td>\u00a050 mm \uff5e 180 mm<br \/>\nCarrera \u2264 500 mm<\/td>\n<\/tr>\n<tr>\n<td>Fuerza de empuje:<\/td>\n<td>M\u00e1ximo 1130 KN<br \/>\n(Di\u00e1metro del cilindro 300 mm\/presi\u00f3n 25 MPa)<\/td>\n<\/tr>\n<tr>\n<td>Aplicaciones del cilindro amortiguador:<\/td>\n<td>Prensa hidr\u00e1ulica<\/td>\n<\/tr>\n<\/tbody>\n<\/table>\n<h2>Cilindro de centrado de prensa hidr\u00e1ulica<\/h2>\n<p><img loading=\"lazy\" decoding=\"async\" class=\"size-full wp-image-589 aligncenter\" src=\"https:\/\/fmp-components.com\/wp-content\/uploads\/2024\/12\/Hydraulic-Press-Centering-Cylinder1.webp\" alt=\"Cilindro de centrado de prensa hidr\u00e1ulica\" width=\"500\" height=\"200\" title=\"\" srcset=\"https:\/\/fmp-components.com\/wp-content\/uploads\/2024\/12\/Hydraulic-Press-Centering-Cylinder1.webp 500w, https:\/\/fmp-components.com\/wp-content\/uploads\/2024\/12\/Hydraulic-Press-Centering-Cylinder1-480x192.webp 480w\" sizes=\"(min-width: 0px) and (max-width: 480px) 480px, (min-width: 481px) 500px, 100vw\" \/><\/p>\n<table style=\"width: 98.8953%; height: 305px;\" border=\"1\" cellspacing=\"0\" cellpadding=\"0\">\n<tbody>\n<tr style=\"height: 23px;\">\n<td style=\"height: 23px;\">Nombre del producto<\/td>\n<td style=\"height: 23px;\">Cilindro de centrado de prensa hidr\u00e1ulica<\/td>\n<\/tr>\n<tr style=\"height: 47px;\">\n<td style=\"height: 47px;\">Caracter\u00edsticas:<\/td>\n<td style=\"height: 47px;\">Aseg\u00farese de la posici\u00f3n central del cabezal de la abrazadera.<\/td>\n<\/tr>\n<tr style=\"height: 23px;\">\n<td style=\"height: 23px;\">Di\u00e1metro del orificio:<\/td>\n<td style=\"height: 23px;\">50 mm \uff5e 190 mm<\/td>\n<\/tr>\n<tr style=\"height: 47px;\">\n<td style=\"height: 47px;\">Di\u00e1metro de la varilla:<\/td>\n<td style=\"height: 47px;\">35 mm \uff5e 150 mm<br \/>\nCarrera \u22641200 mm<\/td>\n<\/tr>\n<tr style=\"height: 47px;\">\n<td style=\"height: 47px;\">Fuerza de empuje:<\/td>\n<td style=\"height: 47px;\">M\u00e1ximo 441 kN<br \/>\n(Di\u00e1metro del cilindro 190 mm\/presi\u00f3n 25 MPa)<\/td>\n<\/tr>\n<tr style=\"height: 47px;\">\n<td style=\"height: 47px;\">Aplicaciones del cilindro de centrado:<\/td>\n<td style=\"height: 47px;\">Prensa hidr\u00e1ulica<\/td>\n<\/tr>\n<\/tbody>\n<\/table>\n<h2>Cilindro de desplazamiento lateral delantero de la prensa hidr\u00e1ulica<\/h2>\n<p><img loading=\"lazy\" decoding=\"async\" class=\"size-full wp-image-593 aligncenter\" src=\"https:\/\/fmp-components.com\/wp-content\/uploads\/2024\/12\/Hydraulic-Press-Front-Side-Shift-Cylinder1.webp\" alt=\"Cilindro de desplazamiento lateral delantero de la prensa hidr\u00e1ulica\" width=\"500\" height=\"200\" title=\"\" srcset=\"https:\/\/fmp-components.com\/wp-content\/uploads\/2024\/12\/Hydraulic-Press-Front-Side-Shift-Cylinder1.webp 500w, https:\/\/fmp-components.com\/wp-content\/uploads\/2024\/12\/Hydraulic-Press-Front-Side-Shift-Cylinder1-480x192.webp 480w\" sizes=\"(min-width: 0px) and (max-width: 480px) 480px, (min-width: 481px) 500px, 100vw\" \/><\/p>\n<table style=\"width: 97.2921%; height: 221px;\" border=\"1\" cellspacing=\"0\" cellpadding=\"0\">\n<tbody>\n<tr>\n<td>Nombre del producto<\/td>\n<td>Cilindro de desplazamiento lateral delantero de la prensa hidr\u00e1ulica<\/td>\n<\/tr>\n<tr>\n<td>Caracter\u00edsticas:<\/td>\n<td>Mueva la pieza en blanco o pieza de trabajo horizontalmente<\/td>\n<\/tr>\n<tr>\n<td>\u00c9mbolo:<\/td>\n<td>80 mm \uff5e 240 mm<br \/>\nCarrera \u2264300 mm<\/td>\n<\/tr>\n<tr>\n<td>Fuerza de empuje:<\/td>\n<td>M\u00e1ximo 1130 KN<br \/>\n(\u00c9mbolo 240 mm\/presi\u00f3n 25 MPa)<\/td>\n<\/tr>\n<tr>\n<td>Aplicaciones del cilindro de cambio lateral delantero:<\/td>\n<td>Prensa hidr\u00e1ulica<\/td>\n<\/tr>\n<\/tbody>\n<\/table>\n<h2>Cilindro de desplazamiento lateral trasero de la prensa hidr\u00e1ulica<\/h2>\n<p><img loading=\"lazy\" decoding=\"async\" class=\"size-full wp-image-598 aligncenter\" src=\"https:\/\/fmp-components.com\/wp-content\/uploads\/2024\/12\/Hydraulic-Press-Rear-Side-Shift-Cylinder1.webp\" alt=\"Cilindro de desplazamiento lateral trasero de la prensa hidr\u00e1ulica\" width=\"500\" height=\"200\" title=\"\" srcset=\"https:\/\/fmp-components.com\/wp-content\/uploads\/2024\/12\/Hydraulic-Press-Rear-Side-Shift-Cylinder1.webp 500w, https:\/\/fmp-components.com\/wp-content\/uploads\/2024\/12\/Hydraulic-Press-Rear-Side-Shift-Cylinder1-480x192.webp 480w\" sizes=\"(min-width: 0px) and (max-width: 480px) 480px, (min-width: 481px) 500px, 100vw\" \/><\/p>\n<table style=\"width: 98.0387%; height: 230px;\" border=\"1\" cellspacing=\"0\" cellpadding=\"0\">\n<tbody>\n<tr>\n<td>Nombre del producto<\/td>\n<td>Cilindro de desplazamiento lateral trasero de la prensa hidr\u00e1ulica<\/td>\n<\/tr>\n<tr>\n<td>Caracter\u00edsticas:<\/td>\n<td>Cooperar para realizar la elevaci\u00f3n del cabezal de sujeci\u00f3n del manipulador.<\/td>\n<\/tr>\n<tr>\n<td>\u00c9mbolo:<\/td>\n<td>70 mm \uff5e 180 mm<br \/>\nCarrera \u2264300 mm<\/td>\n<\/tr>\n<tr>\n<td>Fuerza de empuje:<\/td>\n<td>M\u00e1ximo 636 kN<br \/>\n(\u00c9mbolo 180 mm\/presi\u00f3n 25 MPa)<\/td>\n<\/tr>\n<tr>\n<td>Aplicaciones del cilindro de cambio lateral trasero:<\/td>\n<td>Prensa hidr\u00e1ulica<\/td>\n<\/tr>\n<\/tbody>\n<\/table>\n<h3>Acerca de FMP<\/h3>\n<p>FMP es una empresa especializada en la fabricaci\u00f3n de cilindros hidr\u00e1ulicos. Desde su fundaci\u00f3n, la empresa se ha centrado en la investigaci\u00f3n y fabricaci\u00f3n de tecnolog\u00eda hidr\u00e1ulica, pasando de una gama de productos diversificada que inclu\u00eda maquinaria de cosecha y construcci\u00f3n a una especializaci\u00f3n en componentes para tractores agr\u00edcolas. Con m\u00e1s de una d\u00e9cada de experiencia en fabricaci\u00f3n y gesti\u00f3n, FMP garantiza productos de alta calidad mediante t\u00e9cnicas de producci\u00f3n avanzadas.<\/p>\n<p>A medida que la empresa ha evolucionado, ha desarrollado una l\u00ednea integral de producci\u00f3n de mecanizado, una l\u00ednea de ensamblaje y una l\u00ednea de recubrimiento. Nuestro equipo est\u00e1 formado por personal directivo cualificado, dise\u00f1adores mec\u00e1nicos con amplia experiencia y t\u00e9cnicos altamente capacitados que trabajan en equipo para mantener una calidad de producci\u00f3n estable, a la vez que controlan eficazmente la continuidad y la eficiencia del proceso.<\/p>\n<p>FMP defiende la filosof\u00eda de \u00abInnovaci\u00f3n tecnol\u00f3gica que impulsa el progreso, calidad que crea marcas, artesan\u00eda que garantiza la calidad y relaciones mutuamente beneficiosas a largo plazo\u00bb. Nuestro compromiso de ofrecer productos de alta calidad y un servicio al cliente superior sigue siendo un objetivo fundamental para satisfacer las cambiantes necesidades del mercado.<\/p>\n<p><img loading=\"lazy\" decoding=\"async\" class=\"alignnone size-full wp-image-426\" src=\"https:\/\/fmp-components.com\/wp-content\/uploads\/2024\/12\/Sanitation-Machinery-Locking-Hydraulic-Cylinder-factory.webp\" sizes=\"(min-width: 0px) and (max-width: 480px) 480px, (min-width: 481px) and (max-width: 980px) 980px, (min-width: 981px) and (max-width: 1280px) 1280px, (min-width: 1281px) 1414px, 100vw\" srcset=\"https:\/\/fmp-components.com\/wp-content\/uploads\/2024\/12\/Sanitation-Machinery-Locking-Hydraulic-Cylinder-factory.webp 1414w, https:\/\/fmp-components.com\/wp-content\/uploads\/2024\/12\/Sanitation-Machinery-Locking-Hydraulic-Cylinder-factory-1280x529.webp 1280w, https:\/\/fmp-components.com\/wp-content\/uploads\/2024\/12\/Sanitation-Machinery-Locking-Hydraulic-Cylinder-factory-980x405.webp 980w, https:\/\/fmp-components.com\/wp-content\/uploads\/2024\/12\/Sanitation-Machinery-Locking-Hydraulic-Cylinder-factory-480x198.webp 480w\" alt=\"F\u00e1brica de cilindros hidr\u00e1ulicos de bloqueo de maquinaria de saneamiento\" width=\"1414\" height=\"584\" title=\"\"><\/p>\n<p>Autor: CX<\/p>","protected":false},"excerpt":{"rendered":"<p>El cilindro hidr\u00e1ulico para prensa es un potente componente hidr\u00e1ulico dise\u00f1ado para proporcionar alta fuerza en aplicaciones de prensado en diversos sectores industriales. Dise\u00f1ado para soportar cargas pesadas, este cilindro es crucial para tareas como el conformado de metales, el moldeo de pl\u00e1stico y los procesos de ensamblaje, donde la presi\u00f3n precisa es esencial. Fabricado con materiales de alta resistencia, garantiza durabilidad y fiabilidad en entornos exigentes. Su suave funcionamiento hidr\u00e1ulico permite movimientos controlados, lo que garantiza resultados precisos durante las tareas de prensado. En resumen, este cilindro hidr\u00e1ulico es vital para optimizar el rendimiento y la eficiencia en aplicaciones de prensado, lo que lo hace indispensable para un moldeado y compresi\u00f3n de materiales eficaces.<\/p>","protected":false},"featured_media":588,"comment_status":"open","ping_status":"closed","template":"","meta":{"_et_pb_use_builder":"","_et_pb_old_content":"","_et_gb_content_width":""},"product_brand":[],"product_cat":[27],"product_tag":[],"class_list":{"0":"post-587","1":"product","2":"type-product","3":"status-publish","4":"has-post-thumbnail","6":"product_cat-industrial-engineering-hydraulic-cylinders","8":"first","9":"instock","10":"shipping-taxable","11":"product-type-simple"},"_links":{"self":[{"href":"https:\/\/fmp-components.com\/es\/wp-json\/wp\/v2\/product\/587","targetHints":{"allow":["GET"]}}],"collection":[{"href":"https:\/\/fmp-components.com\/es\/wp-json\/wp\/v2\/product"}],"about":[{"href":"https:\/\/fmp-components.com\/es\/wp-json\/wp\/v2\/types\/product"}],"replies":[{"embeddable":true,"href":"https:\/\/fmp-components.com\/es\/wp-json\/wp\/v2\/comments?post=587"}],"wp:featuredmedia":[{"embeddable":true,"href":"https:\/\/fmp-components.com\/es\/wp-json\/wp\/v2\/media\/588"}],"wp:attachment":[{"href":"https:\/\/fmp-components.com\/es\/wp-json\/wp\/v2\/media?parent=587"}],"wp:term":[{"taxonomy":"product_brand","embeddable":true,"href":"https:\/\/fmp-components.com\/es\/wp-json\/wp\/v2\/product_brand?post=587"},{"taxonomy":"product_cat","embeddable":true,"href":"https:\/\/fmp-components.com\/es\/wp-json\/wp\/v2\/product_cat?post=587"},{"taxonomy":"product_tag","embeddable":true,"href":"https:\/\/fmp-components.com\/es\/wp-json\/wp\/v2\/product_tag?post=587"}],"curies":[{"name":"gracias","href":"https:\/\/api.w.org\/{rel}","templated":true}]}}