{"id":5271,"date":"2025-02-05T06:15:34","date_gmt":"2025-02-05T06:15:34","guid":{"rendered":"https:\/\/fmp-components.com\/?post_type=product&#038;p=5271"},"modified":"2025-02-05T06:20:23","modified_gmt":"2025-02-05T06:20:23","slug":"cast-iron-sprocket","status":"publish","type":"product","link":"https:\/\/fmp-components.com\/es\/product\/cast-iron-sprocket\/","title":{"rendered":"Pi\u00f1\u00f3n de hierro fundido"},"content":{"rendered":"<h2>Descripci\u00f3n general de la rueda dentada de hierro fundido<\/h2>\n<p>Nuestras ruedas dentadas de hierro fundido est\u00e1n dise\u00f1adas y fabricadas para ofrecer un rendimiento y una durabilidad excepcionales. Se utilizan ampliamente en diversas aplicaciones industriales donde la fiabilidad y una larga vida \u00fatil son cruciales. Utilizamos materiales de alta calidad y t\u00e9cnicas de fabricaci\u00f3n avanzadas para producir ruedas dentadas que cumplen con los m\u00e1s altos est\u00e1ndares de precisi\u00f3n y durabilidad.<\/p>\n<h3>Selecci\u00f3n de materiales<\/h3>\n<p>Nuestras ruedas dentadas grandes y peque\u00f1as se fabrican con acero estructural al carbono de alta calidad, lo que garantiza una excelente resistencia y resistencia al desgaste. Adem\u00e1s, ofrecemos opciones de personalizaci\u00f3n en diversos materiales, como acero inoxidable, acero al carbono y otras aleaciones especializadas, lo que nos permite adaptar las ruedas a las necesidades espec\u00edficas del cliente.<\/p>\n<h3>Tecnolog\u00eda de procesamiento y tratamiento<\/h3>\n<p>Para garantizar un rendimiento \u00f3ptimo, empleamos tecnolog\u00eda avanzada de fresado de engranajes durante el proceso de producci\u00f3n. Esto da como resultado ruedas dentadas con perfiles de dientes de alta precisi\u00f3n. Tras el conformado, las ruedas dentadas se someten a un proceso de temple y revenido que mejora significativamente sus propiedades mec\u00e1nicas. La dureza de los dientes se controla cuidadosamente y alcanza niveles de entre 68 y 72 HRA, lo que proporciona una resistencia al desgaste y una resistencia superiores.<\/p>\n<h3>Serie de productos<\/h3>\n<p>Ofrecemos una amplia gama de ruedas dentadas, desde modelos est\u00e1ndar y econ\u00f3micos hasta ruedas dentadas de primera calidad dise\u00f1adas para aplicaciones exigentes. Nuestro proceso de producci\u00f3n se controla rigurosamente en cada etapa para garantizar la consistencia y precisi\u00f3n de cada producto.<\/p>\n<h3>Caracter\u00edsticas principales de las ruedas dentadas de hierro fundido<\/h3>\n<ul>\n<li><strong>Variedad de materiales<\/strong>Nuestras ruedas dentadas de hierro fundido est\u00e1n disponibles en m\u00faltiples opciones de materiales, incluido acero al carbono, acero inoxidable y otras aleaciones, para satisfacer las diversas necesidades de nuestros clientes.<\/li>\n<li><strong>Personalizaci\u00f3n disponible<\/strong>Ofrecemos personalizaci\u00f3n completa seg\u00fan los requisitos del usuario, garantizando que las ruedas dentadas sean adecuadas para condiciones operativas espec\u00edficas.<\/li>\n<li><strong>Tratamiento t\u00e9rmico<\/strong>:Cada pi\u00f1\u00f3n se somete a un proceso de tratamiento t\u00e9rmico para lograr la dureza requerida, lo que mejora su durabilidad y resistencia al desgaste.<\/li>\n<li><strong>Fabricaci\u00f3n precisa<\/strong>:Las ruedas dentadas se mecanizan cuidadosamente para garantizar bordes limpios y superficies sin rebabas, mejorando la est\u00e9tica general y la calidad operativa.<\/li>\n<li><strong>Larga vida \u00fatil<\/strong>Con una estricta selecci\u00f3n de materiales, alta dureza y un funcionamiento estable, nuestras ruedas dentadas de hierro fundido est\u00e1n construidas para durar, ofreciendo una vida \u00fatil prolongada incluso en entornos de alto estr\u00e9s.<\/li>\n<li><strong>Operaci\u00f3n estable<\/strong>Dise\u00f1ados para operar a altas velocidades, nuestros pi\u00f1ones brindan un rendimiento suave y estable, reduciendo el riesgo de interrupciones operativas o vibraciones.<\/li>\n<\/ul>\n<p>Nuestras ruedas dentadas de hierro fundido est\u00e1n dise\u00f1adas para ofrecer fiabilidad y rendimiento. Gracias a una rigurosa selecci\u00f3n de materiales, t\u00e9cnicas de procesamiento avanzadas y opciones de personalizaci\u00f3n, ofrecen la soluci\u00f3n ideal para aplicaciones que requieren alta durabilidad y un funcionamiento estable. Tanto si necesita una rueda dentada est\u00e1ndar como una personalizada, le ofrecemos soluciones de alta calidad adaptadas a sus necesidades.<\/p>\n<h2>Lista de pi\u00f1ones de hierro fundido:<\/h2>\n<p><img loading=\"lazy\" decoding=\"async\" class=\"alignnone size-full wp-image-5272\" src=\"https:\/\/fmp-components.com\/wp-content\/uploads\/2025\/02\/fmp-cast-iron-sprocket-1.webp\" alt=\"rueda dentada de hierro fundido fmp\" width=\"1059\" height=\"464\" title=\"\" srcset=\"https:\/\/fmp-components.com\/wp-content\/uploads\/2025\/02\/fmp-cast-iron-sprocket-1.webp 1059w, https:\/\/fmp-components.com\/wp-content\/uploads\/2025\/02\/fmp-cast-iron-sprocket-1-980x429.webp 980w, https:\/\/fmp-components.com\/wp-content\/uploads\/2025\/02\/fmp-cast-iron-sprocket-1-480x210.webp 480w\" sizes=\"(min-width: 0px) and (max-width: 480px) 480px, (min-width: 481px) and (max-width: 980px) 980px, (min-width: 981px) 1059px, 100vw\" \/><\/p>\n<h3>Pi\u00f1\u00f3n de hierro fundido 06B<\/h3>\n<p><img loading=\"lazy\" decoding=\"async\" class=\"alignnone size-full wp-image-5273\" src=\"https:\/\/fmp-components.com\/wp-content\/uploads\/2025\/02\/fmp-cast-iron-sprocket-2.webp\" alt=\"rueda dentada de hierro fundido fmp\" width=\"935\" height=\"434\" title=\"\" srcset=\"https:\/\/fmp-components.com\/wp-content\/uploads\/2025\/02\/fmp-cast-iron-sprocket-2.webp 935w, https:\/\/fmp-components.com\/wp-content\/uploads\/2025\/02\/fmp-cast-iron-sprocket-2-480x223.webp 480w\" sizes=\"(min-width: 0px) and (max-width: 480px) 480px, (min-width: 481px) 935px, 100vw\" \/><\/p>\n<h3>Pi\u00f1\u00f3n de hierro fundido 08B<\/h3>\n<p><img loading=\"lazy\" decoding=\"async\" class=\"alignnone size-full wp-image-5274\" src=\"https:\/\/fmp-components.com\/wp-content\/uploads\/2025\/02\/fmp-cast-iron-sprocket-3.webp\" alt=\"rueda dentada de hierro fundido fmp\" width=\"934\" height=\"442\" title=\"\" srcset=\"https:\/\/fmp-components.com\/wp-content\/uploads\/2025\/02\/fmp-cast-iron-sprocket-3.webp 934w, https:\/\/fmp-components.com\/wp-content\/uploads\/2025\/02\/fmp-cast-iron-sprocket-3-480x227.webp 480w\" sizes=\"(min-width: 0px) and (max-width: 480px) 480px, (min-width: 481px) 934px, 100vw\" \/><\/p>\n<h3>Pi\u00f1\u00f3n de hierro fundido 10B<\/h3>\n<p><img loading=\"lazy\" decoding=\"async\" class=\"alignnone size-full wp-image-5275\" src=\"https:\/\/fmp-components.com\/wp-content\/uploads\/2025\/02\/fmp-cast-iron-sprocket-4.webp\" alt=\"rueda dentada de hierro fundido fmp\" width=\"937\" height=\"403\" title=\"\" srcset=\"https:\/\/fmp-components.com\/wp-content\/uploads\/2025\/02\/fmp-cast-iron-sprocket-4.webp 937w, https:\/\/fmp-components.com\/wp-content\/uploads\/2025\/02\/fmp-cast-iron-sprocket-4-480x206.webp 480w\" sizes=\"(min-width: 0px) and (max-width: 480px) 480px, (min-width: 481px) 937px, 100vw\" \/><\/p>\n<h3>Pi\u00f1\u00f3n de hierro fundido 12B<\/h3>\n<p><img loading=\"lazy\" decoding=\"async\" class=\"alignnone size-full wp-image-5276\" src=\"https:\/\/fmp-components.com\/wp-content\/uploads\/2025\/02\/fmp-cast-iron-sprocket-5.webp\" alt=\"rueda dentada de hierro fundido fmp\" width=\"937\" height=\"426\" title=\"\" srcset=\"https:\/\/fmp-components.com\/wp-content\/uploads\/2025\/02\/fmp-cast-iron-sprocket-5.webp 937w, https:\/\/fmp-components.com\/wp-content\/uploads\/2025\/02\/fmp-cast-iron-sprocket-5-480x218.webp 480w\" sizes=\"(min-width: 0px) and (max-width: 480px) 480px, (min-width: 481px) 937px, 100vw\" \/><\/p>\n<h3>Pi\u00f1\u00f3n de hierro fundido 16B<\/h3>\n<p><img loading=\"lazy\" decoding=\"async\" class=\"alignnone size-full wp-image-5277\" src=\"https:\/\/fmp-components.com\/wp-content\/uploads\/2025\/02\/fmp-cast-iron-sprocket-6.webp\" alt=\"rueda dentada de hierro fundido fmp\" width=\"938\" height=\"442\" title=\"\" srcset=\"https:\/\/fmp-components.com\/wp-content\/uploads\/2025\/02\/fmp-cast-iron-sprocket-6.webp 938w, https:\/\/fmp-components.com\/wp-content\/uploads\/2025\/02\/fmp-cast-iron-sprocket-6-480x226.webp 480w\" sizes=\"(min-width: 0px) and (max-width: 480px) 480px, (min-width: 481px) 938px, 100vw\" \/><\/p>\n<h3>Pi\u00f1\u00f3n de hierro fundido 20B<\/h3>\n<p><img loading=\"lazy\" decoding=\"async\" class=\"alignnone size-full wp-image-5278\" src=\"https:\/\/fmp-components.com\/wp-content\/uploads\/2025\/02\/fmp-cast-iron-sprocket-7.webp\" alt=\"rueda dentada de hierro fundido fmp\" width=\"938\" height=\"333\" title=\"\" srcset=\"https:\/\/fmp-components.com\/wp-content\/uploads\/2025\/02\/fmp-cast-iron-sprocket-7.webp 938w, https:\/\/fmp-components.com\/wp-content\/uploads\/2025\/02\/fmp-cast-iron-sprocket-7-480x170.webp 480w\" sizes=\"(min-width: 0px) and (max-width: 480px) 480px, (min-width: 481px) 938px, 100vw\" \/><\/p>\n<h3>Pi\u00f1\u00f3n de hierro fundido 24B<\/h3>\n<p><img loading=\"lazy\" decoding=\"async\" class=\"alignnone size-full wp-image-5279\" src=\"https:\/\/fmp-components.com\/wp-content\/uploads\/2025\/02\/fmp-cast-iron-sprocket-8.webp\" alt=\"rueda dentada de hierro fundido fmp\" width=\"935\" height=\"404\" title=\"\" srcset=\"https:\/\/fmp-components.com\/wp-content\/uploads\/2025\/02\/fmp-cast-iron-sprocket-8.webp 935w, https:\/\/fmp-components.com\/wp-content\/uploads\/2025\/02\/fmp-cast-iron-sprocket-8-480x207.webp 480w\" sizes=\"(min-width: 0px) and (max-width: 480px) 480px, (min-width: 481px) 935px, 100vw\" \/><\/p>\n<h3>Pi\u00f1\u00f3n de hierro fundido 28B<\/h3>\n<p><img loading=\"lazy\" decoding=\"async\" class=\"alignnone size-full wp-image-5280\" src=\"https:\/\/fmp-components.com\/wp-content\/uploads\/2025\/02\/fmp-cast-iron-sprocket-9.webp\" alt=\"rueda dentada de hierro fundido fmp\" width=\"938\" height=\"340\" title=\"\" srcset=\"https:\/\/fmp-components.com\/wp-content\/uploads\/2025\/02\/fmp-cast-iron-sprocket-9.webp 938w, https:\/\/fmp-components.com\/wp-content\/uploads\/2025\/02\/fmp-cast-iron-sprocket-9-480x174.webp 480w\" sizes=\"(min-width: 0px) and (max-width: 480px) 480px, (min-width: 481px) 938px, 100vw\" \/><\/p>\n<h3>Pi\u00f1\u00f3n de hierro fundido 32B<\/h3>\n<p><img loading=\"lazy\" decoding=\"async\" class=\"alignnone size-full wp-image-5283\" src=\"https:\/\/fmp-components.com\/wp-content\/uploads\/2025\/02\/fmp-cast-iron-sprocket-10.webp\" alt=\"rueda dentada de hierro fundido fmp\" width=\"937\" height=\"382\" title=\"\" srcset=\"https:\/\/fmp-components.com\/wp-content\/uploads\/2025\/02\/fmp-cast-iron-sprocket-10.webp 937w, https:\/\/fmp-components.com\/wp-content\/uploads\/2025\/02\/fmp-cast-iron-sprocket-10-480x196.webp 480w\" sizes=\"(min-width: 0px) and (max-width: 480px) 480px, (min-width: 481px) 937px, 100vw\" \/><\/p>\n<h2>Acerca de FMP<\/h2>\n<p>En FMP, nos enorgullecemos de ser un fabricante l\u00edder de pi\u00f1ones de alta calidad, producidos en nuestras modernas instalaciones en Italia. Ofrecemos una amplia gama de pi\u00f1ones dise\u00f1ados para satisfacer las necesidades espec\u00edficas de diversas industrias. Ya sea que busque pi\u00f1ones con di\u00e1metro interior acabado, pi\u00f1ones de polea gu\u00eda, pi\u00f1ones de bloqueo c\u00f3nico o pi\u00f1ones para transportadores, fabricamos cada producto con precisi\u00f3n y durabilidad para garantizar un rendimiento \u00f3ptimo. Nuestra selecci\u00f3n incluye pi\u00f1ones de acero inoxidable, pl\u00e1stico y acero, as\u00ed como modelos especializados como pi\u00f1ones de doble paso y de doble hilera, lo que nos permite ofrecer la soluci\u00f3n ideal para cualquier aplicaci\u00f3n.<\/p>\n<p>Lo que distingue a FMP es nuestra dedicaci\u00f3n a la personalizaci\u00f3n. Sabemos que cada proyecto tiene sus propios requisitos espec\u00edficos, por eso ofrecemos soluciones de pi\u00f1ones a medida, adaptadas a sus necesidades exactas. Tanto si necesita un dise\u00f1o personalizado como si tiene requisitos t\u00e9cnicos especializados, nuestro equipo de expertos est\u00e1 preparado para ofrecerle soluciones precisas, fiables y de alto rendimiento.<\/p>\n<p>Nos comprometemos con la excelencia en ingenier\u00eda y fabricaci\u00f3n, asegurando que cada pi\u00f1\u00f3n que producimos cumpla con los m\u00e1s altos est\u00e1ndares de calidad y est\u00e9 dise\u00f1ado para durar. Si tiene alguna consulta o necesita una soluci\u00f3n de pi\u00f1\u00f3n personalizada, no dude en contactarnos. Nuestro equipo est\u00e1 a su disposici\u00f3n para brindarle asesoramiento experto y respuestas oportunas que garanticen su completa satisfacci\u00f3n. Simplemente env\u00edenos un correo electr\u00f3nico y le responderemos lo antes posible.<\/p>\n<p><img loading=\"lazy\" decoding=\"async\" class=\"alignnone size-full wp-image-5246\" src=\"https:\/\/fmp-components.com\/wp-content\/uploads\/2025\/02\/fmp-cast-sprocket-1.webp\" sizes=\"(min-width: 0px) and (max-width: 480px) 480px, (min-width: 481px) and (max-width: 980px) 980px, (min-width: 981px) and (max-width: 1280px) 1280px, (min-width: 1281px) 2492px, 100vw\" srcset=\"https:\/\/fmp-components.com\/wp-content\/uploads\/2025\/02\/fmp-cast-sprocket-1.webp 2492w, https:\/\/fmp-components.com\/wp-content\/uploads\/2025\/02\/fmp-cast-sprocket-1-1280x606.webp 1280w, https:\/\/fmp-components.com\/wp-content\/uploads\/2025\/02\/fmp-cast-sprocket-1-980x464.webp 980w, https:\/\/fmp-components.com\/wp-content\/uploads\/2025\/02\/fmp-cast-sprocket-1-480x227.webp 480w\" alt=\"rueda dentada fmp-cast\" width=\"2492\" height=\"1179\" title=\"\"><\/p>","protected":false},"excerpt":{"rendered":"<p>Overview of Cast Iron Sprocket Our cast iron sprockets are designed and manufactured to provide exceptional performance and durability. These sprockets are widely used in various industrial applications where reliability and long service life are crucial. We use high-quality materials and advanced manufacturing techniques to produce sprockets that meet the highest standards of precision and [&hellip;]<\/p>","protected":false},"featured_media":5284,"comment_status":"open","ping_status":"closed","template":"","meta":{"_et_pb_use_builder":"","_et_pb_old_content":"","_et_gb_content_width":""},"product_brand":[],"product_cat":[99],"product_tag":[],"class_list":{"0":"post-5271","1":"product","2":"type-product","3":"status-publish","4":"has-post-thumbnail","6":"product_cat-specialty-sprockets","8":"first","9":"instock","10":"shipping-taxable","11":"product-type-simple"},"_links":{"self":[{"href":"https:\/\/fmp-components.com\/es\/wp-json\/wp\/v2\/product\/5271","targetHints":{"allow":["GET"]}}],"collection":[{"href":"https:\/\/fmp-components.com\/es\/wp-json\/wp\/v2\/product"}],"about":[{"href":"https:\/\/fmp-components.com\/es\/wp-json\/wp\/v2\/types\/product"}],"replies":[{"embeddable":true,"href":"https:\/\/fmp-components.com\/es\/wp-json\/wp\/v2\/comments?post=5271"}],"wp:featuredmedia":[{"embeddable":true,"href":"https:\/\/fmp-components.com\/es\/wp-json\/wp\/v2\/media\/5284"}],"wp:attachment":[{"href":"https:\/\/fmp-components.com\/es\/wp-json\/wp\/v2\/media?parent=5271"}],"wp:term":[{"taxonomy":"product_brand","embeddable":true,"href":"https:\/\/fmp-components.com\/es\/wp-json\/wp\/v2\/product_brand?post=5271"},{"taxonomy":"product_cat","embeddable":true,"href":"https:\/\/fmp-components.com\/es\/wp-json\/wp\/v2\/product_cat?post=5271"},{"taxonomy":"product_tag","embeddable":true,"href":"https:\/\/fmp-components.com\/es\/wp-json\/wp\/v2\/product_tag?post=5271"}],"curies":[{"name":"gracias","href":"https:\/\/api.w.org\/{rel}","templated":true}]}}