{"id":5256,"date":"2025-02-05T05:17:19","date_gmt":"2025-02-05T05:17:19","guid":{"rendered":"https:\/\/fmp-components.com\/?post_type=product&#038;p=5256"},"modified":"2025-02-05T06:13:06","modified_gmt":"2025-02-05T06:13:06","slug":"hand-or-electric-chain-hoist-sprocket-for-crane-lifting","status":"publish","type":"product","link":"https:\/\/fmp-components.com\/es\/product\/hand-or-electric-chain-hoist-sprocket-for-crane-lifting\/","title":{"rendered":"Pi\u00f1\u00f3n de polipasto de cadena manual o el\u00e9ctrico para elevaci\u00f3n con gr\u00faa"},"content":{"rendered":"<h2>Descripci\u00f3n general del producto de rueda dentada para polipasto de cadena<\/h2>\n<p>La rueda dentada para polipasto de cadena est\u00e1 dise\u00f1ada para facilitar su operaci\u00f3n, portabilidad y seguridad, lo que la convierte en una opci\u00f3n popular entre los usuarios. Con su dise\u00f1o innovador y su suave funcionamiento, esta rueda dentada destaca en aplicaciones de elevaci\u00f3n pesada. Pero \u00bfqu\u00e9 la distingue?<\/p>\n<p>La rueda dentada del polipasto de cadena est\u00e1 fabricada con componentes como ganchos, cadenas y otras piezas de alta capacidad de carga, excelente tenacidad y resistencia. Estas caracter\u00edsticas garantizan su durabilidad y resistencia a roturas durante el uso, lo que mejora significativamente la seguridad operativa. Su robusta construcci\u00f3n le permite elevar cargas pesadas de forma constante durante largos periodos, mejorando la eficiencia del trabajo y reduciendo la necesidad de mano de obra.<\/p>\n<p>Ampliamente utilizada en industrias como energ\u00eda, transporte, construcci\u00f3n de puentes y carb\u00f3n, la rueda dentada del polipasto de cadena ofrece ventajas \u00fanicas que contribuyen a operaciones m\u00e1s eficientes y seguras en varios campos, lo que la convierte en una herramienta invaluable para mejorar la productividad.<\/p>\n<h3>Dise\u00f1o de polea fija mejorado<\/h3>\n<p>El pi\u00f1\u00f3n del polipasto de cadena es una versi\u00f3n avanzada de la polea fija tradicional, que combina las mejores caracter\u00edsticas de esta \u00faltima con una mayor funcionalidad. Integra un reductor, un freno de retenci\u00f3n de marcha atr\u00e1s y el pi\u00f1\u00f3n del polipasto de cadena, todo dentro de un sistema de engranajes rectos secundarios sim\u00e9tricos. Esta configuraci\u00f3n es sencilla, duradera y altamente eficiente.<\/p>\n<p>El funcionamiento es sencillo: se tira de la cadena manual y la rueda dentada para acoplar el trinquete de la placa de fricci\u00f3n y el asiento del freno, haci\u00e9ndolos girar conjuntamente. A medida que el eje dentado gira el engranaje de la placa, el eje dentado corto y el engranaje estriado hacen lo mismo. Esta acci\u00f3n acciona la rueda dentada de elevaci\u00f3n, que a su vez mueve la cadena de elevaci\u00f3n para elevar la carga pesada de forma constante. Adem\u00e1s, el mecanismo de freno unidireccional, con una placa de fricci\u00f3n de trinquete, garantiza el frenado autom\u00e1tico bajo carga. El trinquete se acopla al trinquete bajo tensi\u00f3n del resorte, permitiendo que el freno funcione de forma segura.<\/p>\n<p>La rueda dentada del polipasto de cadena est\u00e1 dise\u00f1ada para proporcionar una elevaci\u00f3n confiable, eficiente y segura, lo que la convierte en una opci\u00f3n ideal para tareas industriales exigentes.<\/p>\n<h3>Mantenimiento de la rueda dentada del polipasto de cadena manual<\/h3>\n<p>La rueda dentada del polipasto de cadena manual se utiliza principalmente para levantar objetos pesados \u200b\u200be instalar equipos. Para garantizar un funcionamiento seguro y sin problemas, se deben seguir los siguientes pasos antes de comenzar cualquier tarea de elevaci\u00f3n:<\/p>\n<ol>\n<li><strong>Comprobar la capacidad de carga<\/strong>:Aseg\u00farese de que el peso del objeto que se va a levantar est\u00e9 dentro de la capacidad de carga nominal del polipasto de cadena manual para evitar la sobrecarga.<\/li>\n<li><strong>Inspeccionar el entorno de trabajo<\/strong>Verifique que el \u00e1rea de trabajo cumpla con los requisitos de seguridad necesarios. Establezca una zona de seguridad designada alrededor de la operaci\u00f3n de izaje para minimizar el riesgo de accidentes.<\/li>\n<li><strong>Examine los componentes del polipasto<\/strong>Inspeccione el polipasto manual de cadena, prestando especial atenci\u00f3n a cualquier signo de \u00f3xido, desgaste o grietas en sus piezas. Si encuentra alg\u00fan problema, detenga la operaci\u00f3n inmediatamente y reemplace o repare los componentes da\u00f1ados.<\/li>\n<li><strong>Asegure la carga<\/strong>:Aseg\u00farese de que la carga est\u00e9 correctamente asegurada antes de levantarla para evitar que se caiga durante la operaci\u00f3n.<\/li>\n<\/ol>\n<p>Si sigue estas pautas de mantenimiento y seguridad, podr\u00e1 garantizar la longevidad de la rueda dentada de su polipasto de cadena manual y, al mismo tiempo, mantener un entorno de trabajo seguro.<\/p>\n<table style=\"width: 100%;\" border=\"1\" width=\"100%\" cellspacing=\"0\" cellpadding=\"0\">\n<tbody>\n<tr style=\"height: 14.40pt;\">\n<td style=\"height: 14.4pt; width: 26.5659%;\" width=\"166\" height=\"24\">Polipasto de cadena manual<\/td>\n<td style=\"width: 26.5658%;\" width=\"187\">polipasto el\u00e9ctrico de cadena<\/td>\n<td style=\"width: 23.2181%;\" width=\"123\">Polipasto de palanca<\/td>\n<td style=\"width: 23.4341%;\" width=\"80\">Carro de engranajes<\/td>\n<\/tr>\n<tr style=\"height: 14.40pt;\">\n<td style=\"height: 14.4pt; width: 26.5659%;\" align=\"right\" height=\"24\"><img loading=\"lazy\" decoding=\"async\" class=\"alignnone size-full wp-image-5267\" src=\"https:\/\/fmp-components.com\/wp-content\/uploads\/2025\/02\/fmp_cast-sprocket-4.webp\" alt=\"rueda dentada fmp_cast\" width=\"300\" height=\"300\" title=\"\" srcset=\"https:\/\/fmp-components.com\/wp-content\/uploads\/2025\/02\/fmp_cast-sprocket-4.webp 300w, https:\/\/fmp-components.com\/wp-content\/uploads\/2025\/02\/fmp_cast-sprocket-4-150x150.webp 150w, https:\/\/fmp-components.com\/wp-content\/uploads\/2025\/02\/fmp_cast-sprocket-4-12x12.webp 12w, https:\/\/fmp-components.com\/wp-content\/uploads\/2025\/02\/fmp_cast-sprocket-4-100x100.webp 100w\" sizes=\"(max-width: 300px) 100vw, 300px\" \/><\/td>\n<td style=\"width: 26.5658%;\" align=\"right\"><img loading=\"lazy\" decoding=\"async\" class=\"alignnone size-full wp-image-5259\" src=\"https:\/\/fmp-components.com\/wp-content\/uploads\/2025\/02\/fmp_cast-sprocket-7.webp\" alt=\"rueda dentada fmp_cast\" width=\"300\" height=\"300\" title=\"\" srcset=\"https:\/\/fmp-components.com\/wp-content\/uploads\/2025\/02\/fmp_cast-sprocket-7.webp 300w, https:\/\/fmp-components.com\/wp-content\/uploads\/2025\/02\/fmp_cast-sprocket-7-150x150.webp 150w, https:\/\/fmp-components.com\/wp-content\/uploads\/2025\/02\/fmp_cast-sprocket-7-12x12.webp 12w, https:\/\/fmp-components.com\/wp-content\/uploads\/2025\/02\/fmp_cast-sprocket-7-100x100.webp 100w\" sizes=\"(max-width: 300px) 100vw, 300px\" \/><\/td>\n<td style=\"width: 23.2181%;\" align=\"right\"><img loading=\"lazy\" decoding=\"async\" class=\"alignnone size-full wp-image-5260\" src=\"https:\/\/fmp-components.com\/wp-content\/uploads\/2025\/02\/fmp_cast-sprocket-9.webp\" alt=\"rueda dentada fmp_cast\" width=\"300\" height=\"300\" title=\"\" srcset=\"https:\/\/fmp-components.com\/wp-content\/uploads\/2025\/02\/fmp_cast-sprocket-9.webp 300w, https:\/\/fmp-components.com\/wp-content\/uploads\/2025\/02\/fmp_cast-sprocket-9-150x150.webp 150w, https:\/\/fmp-components.com\/wp-content\/uploads\/2025\/02\/fmp_cast-sprocket-9-12x12.webp 12w, https:\/\/fmp-components.com\/wp-content\/uploads\/2025\/02\/fmp_cast-sprocket-9-100x100.webp 100w\" sizes=\"(max-width: 300px) 100vw, 300px\" \/><\/td>\n<td style=\"width: 23.4341%;\" align=\"right\"><img loading=\"lazy\" decoding=\"async\" class=\"alignnone size-full wp-image-5266\" src=\"https:\/\/fmp-components.com\/wp-content\/uploads\/2025\/02\/fmp_cast-sprocket-101.webp\" alt=\"rueda dentada fmp_cast\" width=\"225\" height=\"225\" title=\"\" srcset=\"https:\/\/fmp-components.com\/wp-content\/uploads\/2025\/02\/fmp_cast-sprocket-101.webp 225w, https:\/\/fmp-components.com\/wp-content\/uploads\/2025\/02\/fmp_cast-sprocket-101-150x150.webp 150w, https:\/\/fmp-components.com\/wp-content\/uploads\/2025\/02\/fmp_cast-sprocket-101-12x12.webp 12w, https:\/\/fmp-components.com\/wp-content\/uploads\/2025\/02\/fmp_cast-sprocket-101-100x100.webp 100w\" sizes=\"(max-width: 225px) 100vw, 225px\" \/><\/td>\n<\/tr>\n<tr style=\"height: 14.40pt;\">\n<td style=\"height: 14.4pt; width: 26.5659%;\" align=\"right\" height=\"24\"><img loading=\"lazy\" decoding=\"async\" class=\"alignnone size-full wp-image-5262\" src=\"https:\/\/fmp-components.com\/wp-content\/uploads\/2025\/02\/fmp_cast-sprocket-6.webp\" alt=\"fmp_cast-pi\u00f1\u00f3n-\" width=\"300\" height=\"300\" title=\"\" srcset=\"https:\/\/fmp-components.com\/wp-content\/uploads\/2025\/02\/fmp_cast-sprocket-6.webp 300w, https:\/\/fmp-components.com\/wp-content\/uploads\/2025\/02\/fmp_cast-sprocket-6-150x150.webp 150w, https:\/\/fmp-components.com\/wp-content\/uploads\/2025\/02\/fmp_cast-sprocket-6-12x12.webp 12w, https:\/\/fmp-components.com\/wp-content\/uploads\/2025\/02\/fmp_cast-sprocket-6-100x100.webp 100w\" sizes=\"(max-width: 300px) 100vw, 300px\" \/><\/td>\n<td style=\"width: 26.5658%;\" align=\"right\"><img loading=\"lazy\" decoding=\"async\" class=\"alignnone size-full wp-image-5263\" src=\"https:\/\/fmp-components.com\/wp-content\/uploads\/2025\/02\/fmp_cast-sprocket-8.webp\" alt=\"rueda dentada fmp_cast\" width=\"300\" height=\"300\" title=\"\" srcset=\"https:\/\/fmp-components.com\/wp-content\/uploads\/2025\/02\/fmp_cast-sprocket-8.webp 300w, https:\/\/fmp-components.com\/wp-content\/uploads\/2025\/02\/fmp_cast-sprocket-8-150x150.webp 150w, https:\/\/fmp-components.com\/wp-content\/uploads\/2025\/02\/fmp_cast-sprocket-8-12x12.webp 12w, https:\/\/fmp-components.com\/wp-content\/uploads\/2025\/02\/fmp_cast-sprocket-8-100x100.webp 100w\" sizes=\"(max-width: 300px) 100vw, 300px\" \/><\/td>\n<td style=\"width: 23.2181%;\" align=\"right\"><img loading=\"lazy\" decoding=\"async\" class=\"alignnone size-full wp-image-5264\" src=\"https:\/\/fmp-components.com\/wp-content\/uploads\/2025\/02\/fmp_cast-sprocket-81.webp\" alt=\"rueda dentada fmp_cast\" width=\"347\" height=\"347\" title=\"\" srcset=\"https:\/\/fmp-components.com\/wp-content\/uploads\/2025\/02\/fmp_cast-sprocket-81.webp 347w, https:\/\/fmp-components.com\/wp-content\/uploads\/2025\/02\/fmp_cast-sprocket-81-300x300.webp 300w, https:\/\/fmp-components.com\/wp-content\/uploads\/2025\/02\/fmp_cast-sprocket-81-150x150.webp 150w, https:\/\/fmp-components.com\/wp-content\/uploads\/2025\/02\/fmp_cast-sprocket-81-12x12.webp 12w, https:\/\/fmp-components.com\/wp-content\/uploads\/2025\/02\/fmp_cast-sprocket-81-100x100.webp 100w\" sizes=\"(max-width: 347px) 100vw, 347px\" \/><\/td>\n<td style=\"width: 23.4341%;\" align=\"right\"><img loading=\"lazy\" decoding=\"async\" class=\"alignnone size-full wp-image-5265\" src=\"https:\/\/fmp-components.com\/wp-content\/uploads\/2025\/02\/fmp_cast-sprocket-11.webp\" alt=\"rueda dentada fmp_cast\" width=\"300\" height=\"300\" title=\"\" srcset=\"https:\/\/fmp-components.com\/wp-content\/uploads\/2025\/02\/fmp_cast-sprocket-11.webp 300w, https:\/\/fmp-components.com\/wp-content\/uploads\/2025\/02\/fmp_cast-sprocket-11-150x150.webp 150w, https:\/\/fmp-components.com\/wp-content\/uploads\/2025\/02\/fmp_cast-sprocket-11-12x12.webp 12w, https:\/\/fmp-components.com\/wp-content\/uploads\/2025\/02\/fmp_cast-sprocket-11-100x100.webp 100w\" sizes=\"(max-width: 300px) 100vw, 300px\" \/><\/td>\n<\/tr>\n<\/tbody>\n<\/table>\n<h3>Pi\u00f1\u00f3n de polipasto de cadena fabricado en otros materiales<\/h3>\n<table style=\"width: 100%;\" border=\"1\" width=\"100%\" cellspacing=\"0\" cellpadding=\"0\">\n<tbody>\n<tr style=\"height: 14.40pt;\">\n<td style=\"height: 14.4pt; width: 49.0281%; text-align: center;\" align=\"right\" width=\"166\" height=\"24\">Pi\u00f1\u00f3n de polipasto de cadena de pl\u00e1stico<\/td>\n<td style=\"width: 50.7559%; text-align: center;\" align=\"right\" width=\"187\">Pi\u00f1\u00f3n de polipasto de cadena de acero inoxidable<\/td>\n<\/tr>\n<tr style=\"height: 14.40pt;\">\n<td class=\"et2\" style=\"height: 14.4pt; width: 49.0281%;\" height=\"24\"><img loading=\"lazy\" decoding=\"async\" class=\"alignnone wp-image-5268\" src=\"https:\/\/fmp-components.com\/wp-content\/uploads\/2025\/02\/fmp_plastic-sprocket-11.webp\" alt=\"rueda dentada de pl\u00e1stico fmp\" width=\"447\" height=\"447\" title=\"\" srcset=\"https:\/\/fmp-components.com\/wp-content\/uploads\/2025\/02\/fmp_plastic-sprocket-11.webp 300w, https:\/\/fmp-components.com\/wp-content\/uploads\/2025\/02\/fmp_plastic-sprocket-11-150x150.webp 150w, https:\/\/fmp-components.com\/wp-content\/uploads\/2025\/02\/fmp_plastic-sprocket-11-12x12.webp 12w, https:\/\/fmp-components.com\/wp-content\/uploads\/2025\/02\/fmp_plastic-sprocket-11-100x100.webp 100w\" sizes=\"(max-width: 447px) 100vw, 447px\" \/><\/td>\n<td class=\"et2\" style=\"width: 50.7559%;\"><img loading=\"lazy\" decoding=\"async\" class=\"alignnone wp-image-5269\" src=\"https:\/\/fmp-components.com\/wp-content\/uploads\/2025\/02\/fmp_plastic-sprocket-12.webp\" alt=\"rueda dentada de pl\u00e1stico fmp\" width=\"486\" height=\"486\" title=\"\" srcset=\"https:\/\/fmp-components.com\/wp-content\/uploads\/2025\/02\/fmp_plastic-sprocket-12.webp 300w, https:\/\/fmp-components.com\/wp-content\/uploads\/2025\/02\/fmp_plastic-sprocket-12-150x150.webp 150w, https:\/\/fmp-components.com\/wp-content\/uploads\/2025\/02\/fmp_plastic-sprocket-12-12x12.webp 12w, https:\/\/fmp-components.com\/wp-content\/uploads\/2025\/02\/fmp_plastic-sprocket-12-100x100.webp 100w\" sizes=\"(max-width: 486px) 100vw, 486px\" \/><\/td>\n<\/tr>\n<\/tbody>\n<\/table>\n<h2>Acerca de FMP<\/h2>\n<p>En FMP, nos enorgullecemos de ser un fabricante l\u00edder de pi\u00f1ones de alta calidad, producidos en nuestras modernas instalaciones en Italia. Ofrecemos una amplia gama de pi\u00f1ones dise\u00f1ados para satisfacer las necesidades espec\u00edficas de diversas industrias. Ya sea que busque pi\u00f1ones con orificio terminado, pi\u00f1ones locos, pi\u00f1ones de bloqueo c\u00f3nico o pi\u00f1ones para transportadores, fabricamos cada producto con precisi\u00f3n y durabilidad para garantizar un rendimiento \u00f3ptimo. Nuestra selecci\u00f3n incluye pi\u00f1ones de acero inoxidable, pl\u00e1stico y acero, as\u00ed como modelos especializados como pi\u00f1ones de doble paso y doble hilera, lo que nos permite brindar la soluci\u00f3n ideal para cualquier aplicaci\u00f3n.<\/p>\n<p>Lo que distingue a FMP es nuestra dedicaci\u00f3n a la personalizaci\u00f3n. Sabemos que cada proyecto tiene sus propios requisitos espec\u00edficos, por eso ofrecemos soluciones de pi\u00f1ones a medida, adaptadas a sus necesidades exactas. Tanto si necesita un dise\u00f1o personalizado como si tiene requisitos t\u00e9cnicos especializados, nuestro equipo de expertos est\u00e1 preparado para ofrecerle soluciones precisas, fiables y de alto rendimiento.<\/p>\n<p>Nos comprometemos con la excelencia en ingenier\u00eda y fabricaci\u00f3n, asegurando que cada pi\u00f1\u00f3n que producimos cumpla con los m\u00e1s altos est\u00e1ndares de calidad y est\u00e9 dise\u00f1ado para durar. Si tiene alguna consulta o necesita una soluci\u00f3n de pi\u00f1\u00f3n personalizada, no dude en contactarnos. Nuestro equipo est\u00e1 a su disposici\u00f3n para brindarle asesoramiento experto y respuestas oportunas que garanticen su completa satisfacci\u00f3n. Simplemente env\u00edenos un correo electr\u00f3nico y le responderemos lo antes posible.<\/p>\n<p><img loading=\"lazy\" decoding=\"async\" class=\"alignnone size-full wp-image-5246\" src=\"https:\/\/fmp-components.com\/wp-content\/uploads\/2025\/02\/fmp-cast-sprocket-1.webp\" alt=\"rueda dentada fmp-cast\" width=\"2492\" height=\"1179\" title=\"\" srcset=\"https:\/\/fmp-components.com\/wp-content\/uploads\/2025\/02\/fmp-cast-sprocket-1.webp 2492w, https:\/\/fmp-components.com\/wp-content\/uploads\/2025\/02\/fmp-cast-sprocket-1-1280x606.webp 1280w, https:\/\/fmp-components.com\/wp-content\/uploads\/2025\/02\/fmp-cast-sprocket-1-980x464.webp 980w, https:\/\/fmp-components.com\/wp-content\/uploads\/2025\/02\/fmp-cast-sprocket-1-480x227.webp 480w\" sizes=\"(min-width: 0px) and (max-width: 480px) 480px, (min-width: 481px) and (max-width: 980px) 980px, (min-width: 981px) and (max-width: 1280px) 1280px, (min-width: 1281px) 2492px, 100vw\" \/><\/p>","protected":false},"excerpt":{"rendered":"<p>Chain Hoist Sprocket Product Overview The chain hoist sprocket is designed for ease of operation, portability, and safety, making it a popular choice among users. With its innovative design and smooth functionality, this sprocket excels in heavy lifting applications. But what sets it apart? The chain hoist sprocket is built with components such as hooks, [&hellip;]<\/p>","protected":false},"featured_media":5257,"comment_status":"open","ping_status":"closed","template":"","meta":{"_et_pb_use_builder":"","_et_pb_old_content":"","_et_gb_content_width":""},"product_brand":[],"product_cat":[99],"product_tag":[],"class_list":{"0":"post-5256","1":"product","2":"type-product","3":"status-publish","4":"has-post-thumbnail","6":"product_cat-specialty-sprockets","8":"first","9":"instock","10":"shipping-taxable","11":"product-type-simple"},"_links":{"self":[{"href":"https:\/\/fmp-components.com\/es\/wp-json\/wp\/v2\/product\/5256","targetHints":{"allow":["GET"]}}],"collection":[{"href":"https:\/\/fmp-components.com\/es\/wp-json\/wp\/v2\/product"}],"about":[{"href":"https:\/\/fmp-components.com\/es\/wp-json\/wp\/v2\/types\/product"}],"replies":[{"embeddable":true,"href":"https:\/\/fmp-components.com\/es\/wp-json\/wp\/v2\/comments?post=5256"}],"wp:featuredmedia":[{"embeddable":true,"href":"https:\/\/fmp-components.com\/es\/wp-json\/wp\/v2\/media\/5257"}],"wp:attachment":[{"href":"https:\/\/fmp-components.com\/es\/wp-json\/wp\/v2\/media?parent=5256"}],"wp:term":[{"taxonomy":"product_brand","embeddable":true,"href":"https:\/\/fmp-components.com\/es\/wp-json\/wp\/v2\/product_brand?post=5256"},{"taxonomy":"product_cat","embeddable":true,"href":"https:\/\/fmp-components.com\/es\/wp-json\/wp\/v2\/product_cat?post=5256"},{"taxonomy":"product_tag","embeddable":true,"href":"https:\/\/fmp-components.com\/es\/wp-json\/wp\/v2\/product_tag?post=5256"}],"curies":[{"name":"gracias","href":"https:\/\/api.w.org\/{rel}","templated":true}]}}