{"id":5245,"date":"2025-02-05T03:47:45","date_gmt":"2025-02-05T03:47:45","guid":{"rendered":"https:\/\/fmp-components.com\/?post_type=product&#038;p=5245"},"modified":"2025-02-05T03:47:46","modified_gmt":"2025-02-05T03:47:46","slug":"bucket-elevator-sprocket","status":"publish","type":"product","link":"https:\/\/fmp-components.com\/es\/product\/bucket-elevator-sprocket\/","title":{"rendered":"Rueda dentada del elevador de cangilones"},"content":{"rendered":"<h2>Rueda dentada del elevador de cangilones<\/h2>\n<p>El elevador de cangilones est\u00e1 dise\u00f1ado para transportar eficientemente materiales desde elevaciones bajas a elevadas. <img loading=\"lazy\" decoding=\"async\" class=\"size-full wp-image-5248 alignright\" src=\"https:\/\/fmp-components.com\/wp-content\/uploads\/2025\/02\/fmp_cast-sprocket-16.webp\" alt=\"rueda dentada fmp_cast\" width=\"538\" height=\"522\" title=\"\" srcset=\"https:\/\/fmp-components.com\/wp-content\/uploads\/2025\/02\/fmp_cast-sprocket-16.webp 538w, https:\/\/fmp-components.com\/wp-content\/uploads\/2025\/02\/fmp_cast-sprocket-16-480x466.webp 480w\" sizes=\"(min-width: 0px) and (max-width: 480px) 480px, (min-width: 481px) 538px, 100vw\" \/>Una vez que los materiales se introducen en la tolva mediante una mesa vibratoria, la m\u00e1quina funciona de forma autom\u00e1tica y continua, elev\u00e1ndolos. La velocidad de la cinta transportadora se puede ajustar en funci\u00f3n del volumen de transporte requerido, y la altura de elevaci\u00f3n se puede personalizar para adaptarse a necesidades espec\u00edficas.<\/p>\n<p>Nuestro elevador de cangilones incorpora una tolva de polipropileno (PP) no t\u00f3xica de dise\u00f1o propio, lo que ampl\u00eda su aplicaci\u00f3n en diversas industrias. La tolva est\u00e1 meticulosamente dise\u00f1ada para un rendimiento \u00f3ptimo, garantizando durabilidad y un manejo seguro de los materiales. Todas las dimensiones del sistema se adaptan a las necesidades espec\u00edficas de cada aplicaci\u00f3n.<\/p>\n<p>Este elevador de cangilones es ideal para m\u00e1quinas de envasado vertical y sistemas de dosificaci\u00f3n computarizados. Se utiliza ampliamente para la elevaci\u00f3n y alimentaci\u00f3n de productos como alimentos, productos farmac\u00e9uticos, productos qu\u00edmicos industriales, tornillos, tuercas y otros art\u00edculos. Su funcionamiento se controla autom\u00e1ticamente mediante el reconocimiento de se\u00f1ales de la m\u00e1quina de envasado conectada, lo que permite un arranque y una parada sin interrupciones.<\/p>\n<p>Gracias a su dise\u00f1o flexible y componentes de alta calidad, nuestro elevador de cangilones es una soluci\u00f3n fiable para el transporte vertical eficiente en diversas industrias.<\/p>\n<h2>Principio de funcionamiento del elevador de cangilones<\/h2>\n<p>El elevador de cangilones funciona mediante una serie de tolvas que recogen el material de un dep\u00f3sito inferior. A medida que la cinta transportadora o cadena se eleva, pasa por encima de la rueda superior y desciende para descargar el material en un dep\u00f3sito receptor. Este proceso permite que el elevador de cangilones transporte el material verticalmente de forma continua.<\/p>\n<p><img loading=\"lazy\" decoding=\"async\" class=\"size-full wp-image-5247 alignleft\" src=\"https:\/\/fmp-components.com\/wp-content\/uploads\/2025\/02\/fmp_cast-sprocket-15.webp\" alt=\"rueda dentada fmp_cast\" width=\"526\" height=\"435\" title=\"\" srcset=\"https:\/\/fmp-components.com\/wp-content\/uploads\/2025\/02\/fmp_cast-sprocket-15.webp 526w, https:\/\/fmp-components.com\/wp-content\/uploads\/2025\/02\/fmp_cast-sprocket-15-480x397.webp 480w\" sizes=\"(min-width: 0px) and (max-width: 480px) 480px, (min-width: 481px) 526px, 100vw\" \/>En la mayor\u00eda de los elevadores de cangilones, el sistema de transmisi\u00f3n se acciona mediante una correa de goma instalada tanto en los tambores motrices superior como inferior, as\u00ed como en los tambores de direcci\u00f3n superior e inferior. En cambio, los elevadores de cangilones con transmisi\u00f3n por cadena est\u00e1n equipados con dos cadenas de transmisi\u00f3n paralelas. Estas cadenas funcionan en conjunto con un par de ruedas dentadas de transmisi\u00f3n, ubicadas en la parte superior o inferior, y ruedas dentadas de direcci\u00f3n situadas en el extremo opuesto.<\/p>\n<p>Para garantizar un funcionamiento eficiente y limpio, los elevadores de cangilones suelen estar encerrados en carcasas que ayudan a evitar que el polvo escape durante el transporte de material.<\/p>\n<p>Los elevadores de cangilones son ideales para el transporte vertical de materiales. Una vez que los materiales se colocan en la tolva mediante una mesa vibratoria, el sistema funciona de forma autom\u00e1tica y continua para elevarlos a la altura deseada, lo que proporciona una manipulaci\u00f3n de materiales fiable y eficiente.<\/p>\n<h2>Acerca de FMP<\/h2>\n<p>En FMP, nos enorgullecemos de ser un fabricante l\u00edder de pi\u00f1ones de alta calidad, producidos en nuestras modernas instalaciones en Italia. Ofrecemos una amplia gama de pi\u00f1ones dise\u00f1ados para satisfacer las necesidades espec\u00edficas de diversas industrias. Ya sea que busque pi\u00f1ones con orificio terminado, pi\u00f1ones locos, pi\u00f1ones de bloqueo c\u00f3nico o pi\u00f1ones para transportadores, fabricamos cada producto con precisi\u00f3n y durabilidad para garantizar un rendimiento \u00f3ptimo. Nuestra selecci\u00f3n incluye pi\u00f1ones de acero inoxidable, pl\u00e1stico y acero, as\u00ed como modelos especializados como pi\u00f1ones de doble paso y doble hilera, lo que nos permite brindar la soluci\u00f3n ideal para cualquier aplicaci\u00f3n.<\/p>\n<p>Lo que distingue a FMP es nuestra dedicaci\u00f3n a la personalizaci\u00f3n. Sabemos que cada proyecto tiene sus propios requisitos espec\u00edficos, por eso ofrecemos soluciones de pi\u00f1ones a medida, adaptadas a sus necesidades exactas. Tanto si necesita un dise\u00f1o personalizado como si tiene requisitos t\u00e9cnicos especializados, nuestro equipo de expertos est\u00e1 preparado para ofrecerle soluciones precisas, fiables y de alto rendimiento.<\/p>\n<p>Nos comprometemos con la excelencia en ingenier\u00eda y fabricaci\u00f3n, asegurando que cada pi\u00f1\u00f3n que producimos cumpla con los m\u00e1s altos est\u00e1ndares de calidad y est\u00e9 dise\u00f1ado para durar. Si tiene alguna consulta o necesita una soluci\u00f3n de pi\u00f1\u00f3n personalizada, no dude en contactarnos. Nuestro equipo est\u00e1 a su disposici\u00f3n para brindarle asesoramiento experto y respuestas oportunas que garanticen su completa satisfacci\u00f3n. Simplemente env\u00edenos un correo electr\u00f3nico y le responderemos lo antes posible.<\/p>\n<p><img loading=\"lazy\" decoding=\"async\" class=\"alignnone size-full wp-image-5246\" src=\"https:\/\/fmp-components.com\/wp-content\/uploads\/2025\/02\/fmp-cast-sprocket-1.webp\" alt=\"rueda dentada fmp-cast\" width=\"2492\" height=\"1179\" title=\"\" srcset=\"https:\/\/fmp-components.com\/wp-content\/uploads\/2025\/02\/fmp-cast-sprocket-1.webp 2492w, https:\/\/fmp-components.com\/wp-content\/uploads\/2025\/02\/fmp-cast-sprocket-1-1280x606.webp 1280w, https:\/\/fmp-components.com\/wp-content\/uploads\/2025\/02\/fmp-cast-sprocket-1-980x464.webp 980w, https:\/\/fmp-components.com\/wp-content\/uploads\/2025\/02\/fmp-cast-sprocket-1-480x227.webp 480w\" sizes=\"(min-width: 0px) and (max-width: 480px) 480px, (min-width: 481px) and (max-width: 980px) 980px, (min-width: 981px) and (max-width: 1280px) 1280px, (min-width: 1281px) 2492px, 100vw\" \/><\/p>","protected":false},"excerpt":{"rendered":"<p>Bucket Elevator Sprocket The bucket elevator is designed to efficiently transport materials from lower to higher elevations. After materials are placed into the hopper via a vibration table, the machine operates automatically and continuously, lifting the materials upward. The speed of the conveyor can be adjusted based on the required transport volume, and the lifting [&hellip;]<\/p>","protected":false},"featured_media":5249,"comment_status":"open","ping_status":"closed","template":"","meta":{"_et_pb_use_builder":"","_et_pb_old_content":"","_et_gb_content_width":""},"product_brand":[],"product_cat":[99],"product_tag":[],"class_list":{"0":"post-5245","1":"product","2":"type-product","3":"status-publish","4":"has-post-thumbnail","6":"product_cat-specialty-sprockets","8":"first","9":"instock","10":"shipping-taxable","11":"product-type-simple"},"_links":{"self":[{"href":"https:\/\/fmp-components.com\/es\/wp-json\/wp\/v2\/product\/5245","targetHints":{"allow":["GET"]}}],"collection":[{"href":"https:\/\/fmp-components.com\/es\/wp-json\/wp\/v2\/product"}],"about":[{"href":"https:\/\/fmp-components.com\/es\/wp-json\/wp\/v2\/types\/product"}],"replies":[{"embeddable":true,"href":"https:\/\/fmp-components.com\/es\/wp-json\/wp\/v2\/comments?post=5245"}],"wp:featuredmedia":[{"embeddable":true,"href":"https:\/\/fmp-components.com\/es\/wp-json\/wp\/v2\/media\/5249"}],"wp:attachment":[{"href":"https:\/\/fmp-components.com\/es\/wp-json\/wp\/v2\/media?parent=5245"}],"wp:term":[{"taxonomy":"product_brand","embeddable":true,"href":"https:\/\/fmp-components.com\/es\/wp-json\/wp\/v2\/product_brand?post=5245"},{"taxonomy":"product_cat","embeddable":true,"href":"https:\/\/fmp-components.com\/es\/wp-json\/wp\/v2\/product_cat?post=5245"},{"taxonomy":"product_tag","embeddable":true,"href":"https:\/\/fmp-components.com\/es\/wp-json\/wp\/v2\/product_tag?post=5245"}],"curies":[{"name":"gracias","href":"https:\/\/api.w.org\/{rel}","templated":true}]}}