{"id":5239,"date":"2025-02-05T03:00:22","date_gmt":"2025-02-05T03:00:22","guid":{"rendered":"https:\/\/fmp-components.com\/?post_type=product&#038;p=5239"},"modified":"2025-02-05T03:00:22","modified_gmt":"2025-02-05T03:00:22","slug":"fu-scraper-conveyor-cast-sprocket","status":"publish","type":"product","link":"https:\/\/fmp-components.com\/es\/product\/fu-scraper-conveyor-cast-sprocket\/","title":{"rendered":"Pi\u00f1\u00f3n fundido del transportador de raspador FU"},"content":{"rendered":"<h2>Pi\u00f1\u00f3n raspador<\/h2>\n<p>La rueda dentada fundida del transportador de raspadores FU es un componente crucial del mecanismo de accionamiento de diversas m\u00e1quinas raspadoras. Funciona junto con la cadena para formar el sistema de accionamiento principal de los transportadores de raspadores. Las ruedas dentadas y las cadenas de estas m\u00e1quinas transportan eficientemente materiales a granel dentro del canal, ofreciendo estabilidad y durabilidad. Las m\u00e1quinas raspadoras pueden utilizarse para el transporte de materiales tanto horizontal como inclinado.<\/p>\n<p>El conjunto del eje de la rueda dentada, a menudo denominado grupo de ruedas dentadas, es un componente clave del cabezal de la rasqueta totalmente mecanizada y del cargador. En la miner\u00eda de carb\u00f3n, la rueda dentada acciona la cadena mediante un reductor, lo que permite que la rasqueta mueva materiales como el carb\u00f3n dentro de la ranura central.<\/p>\n<p><img loading=\"lazy\" decoding=\"async\" class=\"wp-image-5241 alignleft\" src=\"https:\/\/fmp-components.com\/wp-content\/uploads\/2025\/02\/scraper2.webp\" alt=\"raspador\" width=\"304\" height=\"304\" title=\"\"> Las ruedas dentadas de los rascadores est\u00e1n fabricadas con acero de aleaci\u00f3n estructural de alta resistencia y se someten a un proceso de procesamiento de varias etapas. Estas ruedas dentadas son conocidas por su excelente resistencia, resistencia al desgaste y fiabilidad general. Disponibles en varios modelos para adaptarse a diferentes transportadores rascadores, estas ruedas dentadas est\u00e1n dise\u00f1adas para satisfacer las exigencias de diversas condiciones operativas.<\/p>\n<h3>Las caracter\u00edsticas principales de las ruedas dentadas rascadoras incluyen:<\/h3>\n<p>Alta resistencia y resistencia al desgaste.<br \/>\nCapacidad de soportar combinaciones de pulsos y cargas de impacto.<br \/>\nDurabilidad y dureza<br \/>\nTama\u00f1o de diente preciso y alta precisi\u00f3n de procesamiento para una compatibilidad \u00f3ptima de la cadena<br \/>\nNormalmente, las ruedas dentadas raspadoras tienen entre 6 y 8 dientes, dependiendo de la aplicaci\u00f3n espec\u00edfica.<\/p>\n<h2>Material de la rueda dentada rascadora<\/h2>\n<p>La mayor\u00eda de las ruedas de cadena para rascadores se fabrican con aceros de aleaci\u00f3n de alta resistencia, como 42CrMo o 45CrMnMo. Estos materiales se seleccionan por su excepcional resistencia, durabilidad y resistencia al desgaste, esenciales para las exigentes condiciones a las que se enfrentan los pi\u00f1ones de los rascadores durante su funcionamiento.<\/p>\n<p>Para mejorar la resistencia al desgaste y el rendimiento general de los pi\u00f1ones, las ruedas de cadena se someten a un proceso de forjado y temple. El proceso de forjado garantiza una estructura densa y uniforme, lo que mejora significativamente su tenacidad y resistencia a la fatiga. El temple mejora a\u00fan m\u00e1s la dureza del material, lo que aumenta la capacidad de los pi\u00f1ones para soportar las tensiones y el desgaste propios de las aplicaciones de alto rendimiento.<\/p>\n<p>Durante el proceso de producci\u00f3n, se aplican estrictos controles de calidad para garantizar que la superficie de forjado de cada rueda de cadena est\u00e9 libre de defectos como grietas, intercapas, arrugas, da\u00f1os en desarrollo e inclusiones de escoria. Estas imperfecciones pueden comprometer la resistencia y la funcionalidad de los pi\u00f1ones, por lo que se realizan rigurosas pruebas e inspecciones para garantizar los m\u00e1s altos est\u00e1ndares de calidad.<\/p>\n<p>La producci\u00f3n de cada rueda de cadena implica m\u00e1s de veinte pasos de procesamiento diferentes. Estos pasos incluyen mecanizado, conformado y acabado de precisi\u00f3n, lo que garantiza que cada pi\u00f1\u00f3n cumpla con las especificaciones requeridas para las m\u00e1quinas raspadoras. Una vez conformadas, las ruedas de cadena se instalan en la cabeza y la cola de la m\u00e1quina raspadora, donde desempe\u00f1an un papel crucial en el accionamiento de la cadena y en el transporte eficiente del material.<\/p>\n<p>Al utilizar t\u00e9cnicas de fabricaci\u00f3n avanzadas y materiales de alta calidad, las ruedas dentadas rascadoras brindan un rendimiento confiable en entornos desafiantes, ofreciendo una larga vida \u00fatil y una eficiencia operativa mejorada.<\/p>\n<p><img loading=\"lazy\" decoding=\"async\" class=\"wp-image-5243 aligncenter\" src=\"https:\/\/fmp-components.com\/wp-content\/uploads\/2025\/02\/fmp_cast-sprocket-12.webp\" alt=\"rueda dentada fmp_cast\" width=\"863\" height=\"859\" title=\"\" srcset=\"https:\/\/fmp-components.com\/wp-content\/uploads\/2025\/02\/fmp_cast-sprocket-12.webp 863w, https:\/\/fmp-components.com\/wp-content\/uploads\/2025\/02\/fmp_cast-sprocket-12-480x478.webp 480w\" sizes=\"(min-width: 0px) and (max-width: 480px) 480px, (min-width: 481px) 863px, 100vw\" \/><\/p>\n<h3>Principio de funcionamiento del transportador rascador<\/h3>\n<p>El transportador de raspador funciona mediante un mecanismo simple pero eficaz, dise\u00f1ado para transportar materiales a granel como carb\u00f3n, ganga u otras sustancias. El transportador cuenta con una rampa abierta que sirve como estructura de gu\u00eda y soporte para los materiales. El raspador, fijado a lo largo de la cadena (formando la cadena de raspadores), act\u00faa como elemento de tracci\u00f3n que desplaza los materiales a trav\u00e9s de la rampa.<\/p>\n<p>Al activarse el sistema de accionamiento del cabezal, incluyendo la caja de engranajes del transportador, se pone en movimiento la rueda dentada de la cadena en el eje del cabezal del transportador. Esta rotaci\u00f3n impulsa la cadena rascadora, haci\u00e9ndola circular continuamente. A medida que la cadena rascadora se mueve, arrastra el material por la rampa, transport\u00e1ndolo eficientemente desde el extremo final hacia el cabezal del transportador.<\/p>\n<p><img loading=\"lazy\" decoding=\"async\" class=\"wp-image-5242 aligncenter\" src=\"https:\/\/fmp-components.com\/wp-content\/uploads\/2025\/02\/fmp-scraper.webp\" alt=\"Raspador fmp\" width=\"880\" height=\"660\" title=\"\" srcset=\"https:\/\/fmp-components.com\/wp-content\/uploads\/2025\/02\/fmp-scraper.webp 880w, https:\/\/fmp-components.com\/wp-content\/uploads\/2025\/02\/fmp-scraper-480x360.webp 480w\" sizes=\"(min-width: 0px) and (max-width: 480px) 480px, (min-width: 481px) 880px, 100vw\" \/><\/p>\n<p>En la cabecera del transportador, se descarga el material, completando as\u00ed el ciclo de transporte. La cadena rascadora evita la rueda de cadena y regresa al sistema en un circuito cerrado continuo, garantizando un flujo constante de materiales durante todo el proceso. Esta operaci\u00f3n fluida permite un manejo eficiente y confiable de materiales, lo que hace que los transportadores rascadores sean ideales para diversas industrias, como la miner\u00eda, la manipulaci\u00f3n de carb\u00f3n y el transporte de materiales a granel.<\/p>\n<p>En resumen, el principio de funcionamiento del sistema transportador rascador se basa en el movimiento coordinado de la cadena rascadora y las ruedas dentadas, impulsadas por el sistema de accionamiento del cabezal, para transportar continuamente materiales a lo largo del conducto en un ciclo cerrado, lo que garantiza un funcionamiento uniforme y suave.<\/p>\n<h2>Acerca de FMP<\/h2>\n<p>En nuestras modernas instalaciones en Italia, nos especializamos en la producci\u00f3n de una amplia variedad de ruedas dentadas de alta calidad para satisfacer las diversas necesidades de nuestros clientes. Desde ruedas dentadas con orificio terminado hasta ruedas dentadas locas, ruedas dentadas de bloqueo c\u00f3nico y ruedas dentadas para transportadores, ofrecemos productos fabricados con precisi\u00f3n y durabilidad. Nuestra amplia gama incluye ruedas dentadas de acero inoxidable, pl\u00e1stico y acero, as\u00ed como dise\u00f1os especializados como ruedas dentadas de doble paso y de doble hilera, lo que nos permite ofrecer la soluci\u00f3n perfecta para cualquier aplicaci\u00f3n.<img loading=\"lazy\" decoding=\"async\" class=\"wp-image-5244 alignleft\" src=\"https:\/\/fmp-components.com\/wp-content\/uploads\/2025\/02\/fmp_cast-sprocket-13.webp\" alt=\"rueda dentada fmp_cast\" width=\"235\" height=\"295\" title=\"\"><\/p>\n<p>Lo que nos distingue es nuestro compromiso con la personalizaci\u00f3n. Entendemos que cada proyecto es \u00fanico, por eso ofrecemos soluciones de pi\u00f1ones a medida para satisfacer sus necesidades espec\u00edficas. Ya sea que necesite un dise\u00f1o a medida o tenga requisitos t\u00e9cnicos \u00fanicos, nuestro equipo de expertos est\u00e1 aqu\u00ed para brindarle soluciones precisas y confiables.<\/p>\n<p>Nos enorgullecemos de nuestra experiencia en ingenier\u00eda y la calidad de nuestro proceso de fabricaci\u00f3n, lo que garantiza que cada pi\u00f1\u00f3n que fabricamos est\u00e9 dise\u00f1ado para durar. Si tiene alguna pregunta o necesita un pi\u00f1\u00f3n personalizado, no dude en contactarnos. Nuestro equipo est\u00e1 listo para ayudarle y brindarle asesoramiento experto y oportuno para garantizar su completa satisfacci\u00f3n. Simplemente env\u00edenos un correo electr\u00f3nico y nos pondremos en contacto con usted lo antes posible.<\/p>","protected":false},"excerpt":{"rendered":"<p>Scraper Sprocket The FU Scraper Conveyor Cast Sprocket is a crucial component in the drive mechanism of various scraper machines. It works together with the chain to form the primary drive system for scraper conveyors. The chain sprockets and chains of these machines efficiently transport bulk materials within the trough, offering stability and durability. Scraper [&hellip;]<\/p>","protected":false},"featured_media":5240,"comment_status":"open","ping_status":"closed","template":"","meta":{"_et_pb_use_builder":"","_et_pb_old_content":"","_et_gb_content_width":""},"product_brand":[],"product_cat":[99],"product_tag":[],"class_list":{"0":"post-5239","1":"product","2":"type-product","3":"status-publish","4":"has-post-thumbnail","6":"product_cat-specialty-sprockets","8":"first","9":"instock","10":"shipping-taxable","11":"product-type-simple"},"_links":{"self":[{"href":"https:\/\/fmp-components.com\/es\/wp-json\/wp\/v2\/product\/5239","targetHints":{"allow":["GET"]}}],"collection":[{"href":"https:\/\/fmp-components.com\/es\/wp-json\/wp\/v2\/product"}],"about":[{"href":"https:\/\/fmp-components.com\/es\/wp-json\/wp\/v2\/types\/product"}],"replies":[{"embeddable":true,"href":"https:\/\/fmp-components.com\/es\/wp-json\/wp\/v2\/comments?post=5239"}],"wp:featuredmedia":[{"embeddable":true,"href":"https:\/\/fmp-components.com\/es\/wp-json\/wp\/v2\/media\/5240"}],"wp:attachment":[{"href":"https:\/\/fmp-components.com\/es\/wp-json\/wp\/v2\/media?parent=5239"}],"wp:term":[{"taxonomy":"product_brand","embeddable":true,"href":"https:\/\/fmp-components.com\/es\/wp-json\/wp\/v2\/product_brand?post=5239"},{"taxonomy":"product_cat","embeddable":true,"href":"https:\/\/fmp-components.com\/es\/wp-json\/wp\/v2\/product_cat?post=5239"},{"taxonomy":"product_tag","embeddable":true,"href":"https:\/\/fmp-components.com\/es\/wp-json\/wp\/v2\/product_tag?post=5239"}],"curies":[{"name":"gracias","href":"https:\/\/api.w.org\/{rel}","templated":true}]}}