{"id":5047,"date":"2025-01-26T03:31:20","date_gmt":"2025-01-26T03:31:20","guid":{"rendered":"https:\/\/fmp-components.com\/?post_type=product&#038;p=5047"},"modified":"2025-01-26T03:31:20","modified_gmt":"2025-01-26T03:31:20","slug":"cement-mixer-2810-gearbox-reducer-for-concrete-mixer-innovative-drive-system-%ef%bc%88zl-2810%ef%bc%89","status":"publish","type":"product","link":"https:\/\/fmp-components.com\/es\/product\/cement-mixer-2810-gearbox-reducer-for-concrete-mixer-innovative-drive-system-%ef%bc%88zl-2810%ef%bc%89\/","title":{"rendered":"Reductor de caja de engranajes para mezcladora de cemento 2810 con sistema de accionamiento innovador (ZL-2810)"},"content":{"rendered":"<h2>Diagrama de estructura de la caja de cambios 2810<\/h2>\n<p><img loading=\"lazy\" decoding=\"async\" class=\"wp-image-5048 aligncenter\" src=\"https:\/\/fmp-components.com\/wp-content\/uploads\/2025\/01\/cement-mixer-gearbox11.webp\" alt=\"caja de cambios de hormigonera\" width=\"855\" height=\"523\" title=\"\" srcset=\"https:\/\/fmp-components.com\/wp-content\/uploads\/2025\/01\/cement-mixer-gearbox11.webp 855w, https:\/\/fmp-components.com\/wp-content\/uploads\/2025\/01\/cement-mixer-gearbox11-480x294.webp 480w\" sizes=\"(min-width: 0px) and (max-width: 480px) 480px, (min-width: 481px) 855px, 100vw\" \/><\/p>\n<table style=\"width: 100%;\" border=\"1\" width=\"100%\" cellspacing=\"0\" cellpadding=\"0\">\n<tbody>\n<tr>\n<th>N\u00famero de componente<\/th>\n<th>Nombre del componente<\/th>\n<th>N\u00famero de componente<\/th>\n<th>Nombre del componente<\/th>\n<th>N\u00famero de componente<\/th>\n<th>Nombre del componente<\/th>\n<\/tr>\n<tr>\n<td>1<\/td>\n<td>Eje de entrada<\/td>\n<td>2<\/td>\n<td>Sello de aceite<\/td>\n<td>3<\/td>\n<td>Rodamiento r\u00edgido de bolas<\/td>\n<\/tr>\n<tr>\n<td>4<\/td>\n<td>Cubierta de la puerta<\/td>\n<td>5<\/td>\n<td>Rodamiento r\u00edgido de bolas<\/td>\n<td>6<\/td>\n<td>Perno de cabeza hexagonal<\/td>\n<\/tr>\n<tr>\n<td>7<\/td>\n<td>Llave plana<\/td>\n<td>8<\/td>\n<td>Engranaje helicoidal<\/td>\n<td>9<\/td>\n<td>Tornillo del tap\u00f3n de aceite<\/td>\n<\/tr>\n<tr>\n<td>10<\/td>\n<td>Caja<\/td>\n<td>11<\/td>\n<td>Llave plana<\/td>\n<td>12<\/td>\n<td>Engranaje c\u00f3nico<\/td>\n<\/tr>\n<tr>\n<td>13<\/td>\n<td>Anillo de seguridad<\/td>\n<td>14<\/td>\n<td>Calce<\/td>\n<td>15<\/td>\n<td>Gusano<\/td>\n<\/tr>\n<tr>\n<td>16<\/td>\n<td>Rodamiento r\u00edgido de bolas<\/td>\n<td>17<\/td>\n<td>Anillo de seguridad<\/td>\n<td>18<\/td>\n<td>Sello de aceite<\/td>\n<\/tr>\n<tr>\n<td>19<\/td>\n<td>Eje estriado<\/td>\n<td>20<\/td>\n<td>Sello de aceite<\/td>\n<td>21<\/td>\n<td>Anillo de retenci\u00f3n<\/td>\n<\/tr>\n<tr>\n<td>22<\/td>\n<td>Cubierta de la puerta<\/td>\n<td>23<\/td>\n<td>Manguito estriado<\/td>\n<td><\/td>\n<td><\/td>\n<\/tr>\n<\/tbody>\n<\/table>\n<p>Notas:<br \/>\n1. Todas las piezas deben limpiarse antes del montaje.<br \/>\n2. Durante el montaje, el cojinete debe estar firmemente contra el hombro del eje.<br \/>\n3. Utilice aceite lubricante WA460 o seleccione el aceite correspondiente seg\u00fan la temperatura ambiente.<br \/>\n4. Realice una prueba en vac\u00edo. El funcionamiento debe ser flexible y libre. Tras una hora de funcionamiento, el aumento de temperatura debe ser \u2264 45 \u00b0C.<\/p>\n<p><img loading=\"lazy\" decoding=\"async\" class=\"alignnone  wp-image-5049\" src=\"https:\/\/fmp-components.com\/wp-content\/uploads\/2025\/01\/0_cement-mixer-gearbox51.webp\" alt=\"caja de cambios de hormigonera\" width=\"967\" height=\"910\" title=\"\" srcset=\"https:\/\/fmp-components.com\/wp-content\/uploads\/2025\/01\/0_cement-mixer-gearbox51.webp 967w, https:\/\/fmp-components.com\/wp-content\/uploads\/2025\/01\/0_cement-mixer-gearbox51-480x452.webp 480w\" sizes=\"(min-width: 0px) and (max-width: 480px) 480px, (min-width: 481px) 967px, 100vw\" \/><\/p>\n<h3>\u00bfC\u00f3mo funciona la caja de cambios en una hormigonera?<\/h3>\n<p>La caja de engranajes de una hormigonera desempe\u00f1a un papel crucial en la transferencia de potencia del motor al tambor mezclador, lo que permite el proceso de mezclado. A continuaci\u00f3n, se presenta un resumen de c\u00f3mo funciona la caja de engranajes en una hormigonera:<\/p>\n<ol>\n<li><strong>Transferencia de potencia:<\/strong> La caja de engranajes est\u00e1 conectada al motor, que proporciona la potencia necesaria para el funcionamiento de la mezcladora. El motor suele funcionar a alta velocidad, pero el tambor mezclador requiere una velocidad m\u00e1s lenta y controlada, con un par mayor, para mezclar correctamente el hormig\u00f3n. La caja de engranajes reduce la alta velocidad de rotaci\u00f3n del motor a una velocidad m\u00e1s lenta y adecuada para la rotaci\u00f3n del tambor.<\/li>\n<li><strong>Reducci\u00f3n de velocidad:<\/strong> La caja de engranajes utiliza un sistema de engranajes, generalmente planetarios o helicoidales, para lograr la reducci\u00f3n de velocidad necesaria. Esto garantiza que el tambor mezclador gire a una velocidad m\u00e1s lenta y controlada, esencial para una mezcla uniforme sin sobrecargar el motor ni da\u00f1ar el equipo.<\/li>\n<li><strong>Amplificaci\u00f3n de par:<\/strong> Adem\u00e1s de reducir la velocidad, la caja de cambios tambi\u00e9n amplifica el par motor, proporcionando la fuerza adicional necesaria para girar el pesado tambor y mezclar el hormig\u00f3n eficientemente. Este mayor par motor garantiza que el tambor gire con suavidad incluso con una carga completa de ingredientes pesados \u200b\u200bde hormig\u00f3n.<\/li>\n<li><strong>Distribuci\u00f3n eficiente de energ\u00eda:<\/strong> La caja de engranajes garantiza una distribuci\u00f3n eficiente de la potencia al tambor mezclador y, en ocasiones, a otros componentes, como los sinfines o las paletas, si la mezcladora cuenta con estas caracter\u00edsticas. Garantiza la estabilidad de la operaci\u00f3n de mezclado, reduciendo la p\u00e9rdida de energ\u00eda y manteniendo el rendimiento deseado.<\/li>\n<li><strong>Durabilidad y fiabilidad:<\/strong> La caja de engranajes de una hormigonera est\u00e1 dise\u00f1ada para soportar el funcionamiento continuo e intensivo en entornos exigentes. Est\u00e1 fabricada con materiales de alta resistencia para soportar la tensi\u00f3n de los frecuentes ciclos de arranque y parada, las cargas pesadas y la exposici\u00f3n a condiciones adversas como el polvo y la humedad.<\/li>\n<li><strong>Mantenimiento y longevidad:<\/strong> La caja de engranajes tambi\u00e9n est\u00e1 dise\u00f1ada para facilitar su mantenimiento, con caracter\u00edsticas como lubricaci\u00f3n con aceite y rodamientos sellados que garantizan un funcionamiento suave a largo plazo. El mantenimiento regular garantiza que la caja de engranajes siga funcionando eficientemente, reduciendo el tiempo de inactividad y prolongando la vida \u00fatil de la mezcladora.<\/li>\n<\/ol>\n<p>En resumen, la caja de engranajes de una hormigonera es esencial para transformar la alta potencia del motor en movimiento a baja velocidad y alto par, garantizando un rendimiento de mezcla eficaz y fiable. Su funci\u00f3n es vital para garantizar una mezcla uniforme, reducir el desgaste de los componentes y proporcionar la durabilidad necesaria para un uso prolongado en entornos exigentes.<\/p>\n<table style=\"border-collapse: collapse; width: 99.6093%; height: 112px;\" border=\"0\" width=\"160\" cellspacing=\"0\" cellpadding=\"0\">\n<tbody>\n<tr style=\"height: 14.40pt;\">\n<td style=\"height: 14.4pt; width: 49.2308%;\" align=\"right\" width=\"80\" height=\"24\"><img loading=\"lazy\" decoding=\"async\" class=\"alignnone size-full wp-image-5051\" src=\"https:\/\/fmp-components.com\/wp-content\/uploads\/2025\/01\/fmp_2810-gearbox-3.webp\" alt=\"fmp_2810-caja de cambios\" width=\"2016\" height=\"1512\" title=\"\" srcset=\"https:\/\/fmp-components.com\/wp-content\/uploads\/2025\/01\/fmp_2810-gearbox-3.webp 2016w, https:\/\/fmp-components.com\/wp-content\/uploads\/2025\/01\/fmp_2810-gearbox-3-1280x960.webp 1280w, https:\/\/fmp-components.com\/wp-content\/uploads\/2025\/01\/fmp_2810-gearbox-3-980x735.webp 980w, https:\/\/fmp-components.com\/wp-content\/uploads\/2025\/01\/fmp_2810-gearbox-3-480x360.webp 480w\" sizes=\"(min-width: 0px) and (max-width: 480px) 480px, (min-width: 481px) and (max-width: 980px) 980px, (min-width: 981px) and (max-width: 1280px) 1280px, (min-width: 1281px) 2016px, 100vw\" \/><\/td>\n<td style=\"width: 49.2308%;\" align=\"right\" width=\"80\"><img loading=\"lazy\" decoding=\"async\" class=\"alignnone size-full wp-image-5050\" src=\"https:\/\/fmp-components.com\/wp-content\/uploads\/2025\/01\/fmp_2810-gearbox-2.webp\" alt=\"fmp_2810-caja de cambios\" width=\"2016\" height=\"1512\" title=\"\" srcset=\"https:\/\/fmp-components.com\/wp-content\/uploads\/2025\/01\/fmp_2810-gearbox-2.webp 2016w, https:\/\/fmp-components.com\/wp-content\/uploads\/2025\/01\/fmp_2810-gearbox-2-1280x960.webp 1280w, https:\/\/fmp-components.com\/wp-content\/uploads\/2025\/01\/fmp_2810-gearbox-2-980x735.webp 980w, https:\/\/fmp-components.com\/wp-content\/uploads\/2025\/01\/fmp_2810-gearbox-2-480x360.webp 480w\" sizes=\"(min-width: 0px) and (max-width: 480px) 480px, (min-width: 481px) and (max-width: 980px) 980px, (min-width: 981px) and (max-width: 1280px) 1280px, (min-width: 1281px) 2016px, 100vw\" \/><\/td>\n<\/tr>\n<\/tbody>\n<\/table>\n<h3>Acerca de FMP<\/h3>\n<p>FMP es una f\u00e1brica profesional de cajas de engranajes con una s\u00f3lida reputaci\u00f3n de excelencia. Nos enorgullece ofrecer una gama de ventajas clave que nos convierten en un socio de confianza en la industria de fabricaci\u00f3n de cajas de engranajes:<\/p>\n<p><img loading=\"lazy\" decoding=\"async\" class=\"size-full wp-image-5052 alignleft\" src=\"https:\/\/fmp-components.com\/wp-content\/uploads\/2025\/01\/0_cement-mixer-gearbox131.webp\" alt=\"0_caja de cambios de la hormigonera13(1)\" width=\"562\" height=\"750\" title=\"\" srcset=\"https:\/\/fmp-components.com\/wp-content\/uploads\/2025\/01\/0_cement-mixer-gearbox131.webp 562w, https:\/\/fmp-components.com\/wp-content\/uploads\/2025\/01\/0_cement-mixer-gearbox131-480x641.webp 480w\" sizes=\"(min-width: 0px) and (max-width: 480px) 480px, (min-width: 481px) 562px, 100vw\" \/><\/p>\n<ol>\n<li><strong>Excelente proceso de fabricaci\u00f3n:<\/strong><br \/>\nUtilizamos equipos de producci\u00f3n internacionales de vanguardia y tecnolog\u00eda de fabricaci\u00f3n de precisi\u00f3n, lo que garantiza que cada caja de engranajes cumpla con los m\u00e1s altos est\u00e1ndares de la industria. Cumplimos estrictamente con las normas ISO del sistema de gesti\u00f3n de calidad para garantizar precisi\u00f3n, resistencia y durabilidad.<\/li>\n<li><strong>L\u00ednea de productos diversificada:<\/strong><br \/>\nNuestra extensa l\u00ednea de productos atiende a diversas industrias, incluyendo equipos industriales, maquinaria agr\u00edcola, equipos de construcci\u00f3n, sistemas de propulsi\u00f3n naval y nuevos sistemas de transmisi\u00f3n de energ\u00eda. Ofrecemos soluciones est\u00e1ndar y personalizadas, adaptadas a sus necesidades espec\u00edficas, sin importar las especificaciones o requisitos.<\/li>\n<li><strong>Fuerza innovadora en I+D:<\/strong><br \/>\nCon un equipo de I+D cualificado e innovador, mejoramos continuamente nuestra tecnolog\u00eda y dise\u00f1o para desarrollar nuevas cajas de engranajes eficientes, de bajo consumo, silenciosas y de alto rendimiento. Nos mantenemos a la vanguardia del mercado para satisfacer las \u00faltimas demandas tecnol\u00f3gicas.<\/li>\n<li><strong>Materias primas y accesorios seleccionados:<\/strong><br \/>\nPriorizamos la calidad mediante el uso de acero de alta calidad y otros materiales duraderos. Todos los componentes de soporte, como rodamientos y sellos, provienen de marcas nacionales e internacionales de renombre para garantizar un rendimiento estable y confiable.<\/li>\n<li><strong>Estricto sistema de control de calidad:<\/strong><br \/>\nMantenemos rigurosos controles de calidad durante todo el proceso de producci\u00f3n. Desde la entrada de las materias primas hasta la entrega de los productos terminados, cada caja de engranajes se somete a pruebas exhaustivas con equipos de \u00faltima generaci\u00f3n para garantizar la ausencia total de defectos antes del env\u00edo.<\/li>\n<li><strong>Garant\u00eda de servicio completo:<\/strong><br \/>\nNos comprometemos a ofrecer no solo productos de alta calidad, sino tambi\u00e9n un servicio posventa integral. Nuestros servicios incluyen asesoramiento en la instalaci\u00f3n, mantenimiento, diagn\u00f3stico de aver\u00edas y suministro de repuestos para garantizar la completa satisfacci\u00f3n y tranquilidad de nuestros clientes.<\/li>\n<li><strong>Amplia experiencia en la industria y buena reputaci\u00f3n:<\/strong><br \/>\nCon d\u00e9cadas de experiencia en la fabricaci\u00f3n de cajas de engranajes, hemos adquirido una valiosa experiencia y una s\u00f3lida base t\u00e9cnica. Nuestra reputaci\u00f3n de calidad y fiabilidad nos ha ganado la confianza de clientes de todo el mundo.<\/li>\n<\/ol>\n<p><strong>Soluciones personalizadas:<\/strong><\/p>\n<p>En FMP, tambi\u00e9n nos complace ofrecer dise\u00f1os personalizados seg\u00fan sus necesidades espec\u00edficas. Si tiene un dibujo o dise\u00f1o en mente, simplemente env\u00edenoslo por correo electr\u00f3nico y nuestro equipo de expertos lo revisar\u00e1 y le proporcionar\u00e1 un presupuesto en 24 horas. Nos dedicamos a ofrecer soluciones r\u00e1pidas, eficientes y personalizadas para que sus proyectos se hagan realidad.<\/p>","protected":false},"excerpt":{"rendered":"<p>Structure Diagram of 2810 Gearbox Component Number Component Name Component Number Component Name Component Number Component Name 1 Input Shaft 2 Oil Seal 3 Deep Groove Ball Bearing 4 Door Cover 5 Deep Groove Ball Bearing 6 Hexagonal Head Bolt 7 Flat Key 8 Worm Gear 9 Oil Plug Screw 10 Box 11 Flat Key [&hellip;]<\/p>","protected":false},"featured_media":5053,"comment_status":"open","ping_status":"closed","template":"","meta":{"_et_pb_use_builder":"","_et_pb_old_content":"","_et_gb_content_width":""},"product_brand":[],"product_cat":[94],"product_tag":[],"class_list":{"0":"post-5047","1":"product","2":"type-product","3":"status-publish","4":"has-post-thumbnail","6":"product_cat-industrial-gearbox","8":"first","9":"instock","10":"shipping-taxable","11":"product-type-simple"},"_links":{"self":[{"href":"https:\/\/fmp-components.com\/es\/wp-json\/wp\/v2\/product\/5047","targetHints":{"allow":["GET"]}}],"collection":[{"href":"https:\/\/fmp-components.com\/es\/wp-json\/wp\/v2\/product"}],"about":[{"href":"https:\/\/fmp-components.com\/es\/wp-json\/wp\/v2\/types\/product"}],"replies":[{"embeddable":true,"href":"https:\/\/fmp-components.com\/es\/wp-json\/wp\/v2\/comments?post=5047"}],"wp:featuredmedia":[{"embeddable":true,"href":"https:\/\/fmp-components.com\/es\/wp-json\/wp\/v2\/media\/5053"}],"wp:attachment":[{"href":"https:\/\/fmp-components.com\/es\/wp-json\/wp\/v2\/media?parent=5047"}],"wp:term":[{"taxonomy":"product_brand","embeddable":true,"href":"https:\/\/fmp-components.com\/es\/wp-json\/wp\/v2\/product_brand?post=5047"},{"taxonomy":"product_cat","embeddable":true,"href":"https:\/\/fmp-components.com\/es\/wp-json\/wp\/v2\/product_cat?post=5047"},{"taxonomy":"product_tag","embeddable":true,"href":"https:\/\/fmp-components.com\/es\/wp-json\/wp\/v2\/product_tag?post=5047"}],"curies":[{"name":"gracias","href":"https:\/\/api.w.org\/{rel}","templated":true}]}}