{"id":4909,"date":"2025-01-23T06:50:33","date_gmt":"2025-01-23T06:50:33","guid":{"rendered":"https:\/\/fmp-components.com\/?post_type=product&#038;p=4909"},"modified":"2025-01-23T08:51:43","modified_gmt":"2025-01-23T08:51:43","slug":"xrv-series-car-washer-gearbox-for-automatic-car-wash-system-xrv050-gearmotor","status":"publish","type":"product","link":"https:\/\/fmp-components.com\/es\/product\/xrv-series-car-washer-gearbox-for-automatic-car-wash-system-xrv050-gearmotor\/","title":{"rendered":"Caja de engranajes para lavadero autom\u00e1tico de veh\u00edculos serie XRV Motorreductor XRV050"},"content":{"rendered":"<table style=\"border-collapse: collapse; width: 102.047%; height: 5px;\" border=\"0\" width=\"160\" cellspacing=\"0\" cellpadding=\"0\">\n<tbody>\n<tr style=\"height: 14.40pt;\">\n<td style=\"height: 14.40pt; width: 48.00pt;\" align=\"right\" width=\"80\" height=\"24\"><img loading=\"lazy\" decoding=\"async\" class=\"alignnone size-full wp-image-4917\" src=\"https:\/\/fmp-components.com\/wp-content\/uploads\/2025\/01\/xrv050-worm-gearmotor-1.webp\" alt=\"Motorreductor de tornillo sin fin xrv050\" width=\"500\" height=\"375\" title=\"\" srcset=\"https:\/\/fmp-components.com\/wp-content\/uploads\/2025\/01\/xrv050-worm-gearmotor-1.webp 500w, https:\/\/fmp-components.com\/wp-content\/uploads\/2025\/01\/xrv050-worm-gearmotor-1-480x360.webp 480w\" sizes=\"(min-width: 0px) and (max-width: 480px) 480px, (min-width: 481px) 500px, 100vw\" \/><\/td>\n<td style=\"width: 48.00pt;\" align=\"right\" width=\"80\"><img loading=\"lazy\" decoding=\"async\" class=\"alignnone size-full wp-image-4918\" src=\"https:\/\/fmp-components.com\/wp-content\/uploads\/2025\/01\/Car-Wash-Machine-Gearmotor-5.webp\" alt=\"Motorreductor para m\u00e1quina de lavado de coches-5\" width=\"493\" height=\"397\" title=\"\" srcset=\"https:\/\/fmp-components.com\/wp-content\/uploads\/2025\/01\/Car-Wash-Machine-Gearmotor-5.webp 493w, https:\/\/fmp-components.com\/wp-content\/uploads\/2025\/01\/Car-Wash-Machine-Gearmotor-5-480x387.webp 480w\" sizes=\"(min-width: 0px) and (max-width: 480px) 480px, (min-width: 481px) 493px, 100vw\" \/><\/td>\n<\/tr>\n<\/tbody>\n<\/table>\n<h2>Especificaciones del reductor de engranajes helicoidales para lavadora de autom\u00f3viles XRV050<\/h2>\n<p><img loading=\"lazy\" decoding=\"async\" class=\"size-full wp-image-4910 aligncenter\" src=\"https:\/\/fmp-components.com\/wp-content\/uploads\/2025\/01\/XRV050-worm-gear-reducer-parameters.webp\" alt=\"Par\u00e1metros del reductor de engranajes helicoidales XRV050\" width=\"619\" height=\"551\" title=\"\" srcset=\"https:\/\/fmp-components.com\/wp-content\/uploads\/2025\/01\/XRV050-worm-gear-reducer-parameters.webp 619w, https:\/\/fmp-components.com\/wp-content\/uploads\/2025\/01\/XRV050-worm-gear-reducer-parameters-480x427.webp 480w\" sizes=\"(min-width: 0px) and (max-width: 480px) 480px, (min-width: 481px) 619px, 100vw\" \/><\/p>\n<table border=\"1\" width=\"100%\" cellspacing=\"0px\">\n<tbody>\n<tr>\n<td width=\"64\">Tipo<\/td>\n<td width=\"64\">Relaci\u00f3n<\/td>\n<td width=\"64\">Brida<\/td>\n<td width=\"64\">Fuerza<\/td>\n<\/tr>\n<tr>\n<td rowspan=\"2\">XRV050<\/td>\n<td rowspan=\"2\">5\u00a0\u00a0\u00a0\u00a0 7.5\u00a0 10\u00a0\u00a0\u00a0\u00a0 12\u00a0 15\u00a0\u00a0\u00a0\u00a0 20\u00a0 30\u00a0\u00a0\u00a0\u00a0 40\u00a0 50\u00a0\u00a0\u00a0\u00a0 60\u00a0 80\u00a0\u00a0\u00a0 100<\/td>\n<td>71B14<\/td>\n<td rowspan=\"2\">0,18 kW 0,25 kW 0,37 kW 0,55 kW 0,75 kW 1,1 kW<\/td>\n<\/tr>\n<tr>\n<td>80B14<\/td>\n<\/tr>\n<\/tbody>\n<\/table>\n<table border=\"1\" width=\"100%\" cellspacing=\"0px\">\n<tbody>\n<tr>\n<td width=\"64\">Tipo<\/td>\n<td width=\"64\">i<\/td>\n<td width=\"64\">n2\/r\/min<\/td>\n<td width=\"64\">Mn2\/Nm<\/td>\n<td width=\"64\">Fr2\/N<\/td>\n<td width=\"64\">Motor<\/td>\n<td width=\"64\">P1\/kw<\/td>\n<td width=\"64\">L\/mm<\/td>\n<\/tr>\n<tr>\n<td rowspan=\"41\" width=\"64\">XRV050<\/td>\n<td rowspan=\"2\">5<\/td>\n<td>280<\/td>\n<td>17<\/td>\n<td>1577<\/td>\n<td>7134<\/td>\n<td>0.55<\/td>\n<td>180<\/td>\n<\/tr>\n<tr>\n<td>280<\/td>\n<td>23<\/td>\n<td>1577<\/td>\n<td>8024<\/td>\n<td>0.75<\/td>\n<td>205<\/td>\n<\/tr>\n<tr>\n<td rowspan=\"2\">7.5<\/td>\n<td>187<\/td>\n<td>25<\/td>\n<td>1805<\/td>\n<td>7134<\/td>\n<td>0.55<\/td>\n<td>180<\/td>\n<\/tr>\n<tr>\n<td>187<\/td>\n<td>34<\/td>\n<td>1805<\/td>\n<td>8024<\/td>\n<td>0.75<\/td>\n<td>205<\/td>\n<\/tr>\n<tr>\n<td rowspan=\"3\">10<\/td>\n<td>140<\/td>\n<td>22<\/td>\n<td>1987<\/td>\n<td>7124<\/td>\n<td>0.37<\/td>\n<td>180<\/td>\n<\/tr>\n<tr>\n<td>140<\/td>\n<td>32<\/td>\n<td>1987<\/td>\n<td>7134<\/td>\n<td>0.55<\/td>\n<td>180<\/td>\n<\/tr>\n<tr>\n<td>140<\/td>\n<td>44<\/td>\n<td>1987<\/td>\n<td>8024<\/td>\n<td>0.75<\/td>\n<td>205<\/td>\n<\/tr>\n<tr>\n<td rowspan=\"3\">12<\/td>\n<td>117<\/td>\n<td>26<\/td>\n<td>2016<\/td>\n<td>7124<\/td>\n<td>0.37<\/td>\n<td>180<\/td>\n<\/tr>\n<tr>\n<td>117<\/td>\n<td>33<\/td>\n<td>2016<\/td>\n<td>7134<\/td>\n<td>0.55<\/td>\n<td>205<\/td>\n<\/tr>\n<tr>\n<td>117<\/td>\n<td>48<\/td>\n<td>2016<\/td>\n<td>8024<\/td>\n<td>0.75<\/td>\n<td>205<\/td>\n<\/tr>\n<tr>\n<td rowspan=\"3\">15<\/td>\n<td>93<\/td>\n<td>31<\/td>\n<td>2274<\/td>\n<td>7124<\/td>\n<td>0.37<\/td>\n<td>180<\/td>\n<\/tr>\n<tr>\n<td>93<\/td>\n<td>46<\/td>\n<td>2274<\/td>\n<td>7134<\/td>\n<td>0.55<\/td>\n<td>180<\/td>\n<\/tr>\n<tr>\n<td>93<\/td>\n<td>63<\/td>\n<td>2274<\/td>\n<td>8024<\/td>\n<td>0.75<\/td>\n<td>205<\/td>\n<\/tr>\n<tr>\n<td rowspan=\"4\">20<\/td>\n<td>70<\/td>\n<td>27<\/td>\n<td>2503<\/td>\n<td>7114<\/td>\n<td>0.25<\/td>\n<td>180<\/td>\n<\/tr>\n<tr>\n<td>70<\/td>\n<td>40<\/td>\n<td>2503<\/td>\n<td>7124<\/td>\n<td>0.37<\/td>\n<td>180<\/td>\n<\/tr>\n<tr>\n<td>70<\/td>\n<td>59<\/td>\n<td>2503<\/td>\n<td>7134<\/td>\n<td>0.55<\/td>\n<td>180<\/td>\n<\/tr>\n<tr>\n<td>70<\/td>\n<td>81<\/td>\n<td>2503<\/td>\n<td>8024<\/td>\n<td>0.75<\/td>\n<td>205<\/td>\n<\/tr>\n<tr>\n<td rowspan=\"3\">25<\/td>\n<td>56<\/td>\n<td>32<\/td>\n<td>2696<\/td>\n<td>7114<\/td>\n<td>0.25<\/td>\n<td>180<\/td>\n<\/tr>\n<tr>\n<td>56<\/td>\n<td>48<\/td>\n<td>2696<\/td>\n<td>7124<\/td>\n<td>0.37<\/td>\n<td>180<\/td>\n<\/tr>\n<tr>\n<td>56<\/td>\n<td>71<\/td>\n<td>2696<\/td>\n<td>7134<\/td>\n<td>0.55<\/td>\n<td>180<\/td>\n<\/tr>\n<tr>\n<td rowspan=\"3\">30<\/td>\n<td>47<\/td>\n<td>37<\/td>\n<td>2865<\/td>\n<td>7114<\/td>\n<td>0.25<\/td>\n<td>180<\/td>\n<\/tr>\n<tr>\n<td>47<\/td>\n<td>55<\/td>\n<td>2865<\/td>\n<td>7124<\/td>\n<td>0.37<\/td>\n<td>180<\/td>\n<\/tr>\n<tr>\n<td>47<\/td>\n<td>81<\/td>\n<td>2865<\/td>\n<td>7134<\/td>\n<td>0.55<\/td>\n<td>180<\/td>\n<\/tr>\n<tr>\n<td rowspan=\"3\">40<\/td>\n<td>35<\/td>\n<td>33<\/td>\n<td>3153<\/td>\n<td>7114<\/td>\n<td>0.25<\/td>\n<td>180<\/td>\n<\/tr>\n<tr>\n<td>35<\/td>\n<td>46<\/td>\n<td>3153<\/td>\n<td>7124<\/td>\n<td>0.37<\/td>\n<td>180<\/td>\n<\/tr>\n<tr>\n<td>35<\/td>\n<td>68<\/td>\n<td>3153<\/td>\n<td>7134<\/td>\n<td>0.55<\/td>\n<td>180<\/td>\n<\/tr>\n<tr>\n<td rowspan=\"3\">50<\/td>\n<td>28<\/td>\n<td>54<\/td>\n<td>3397<\/td>\n<td>7114<\/td>\n<td>0.25<\/td>\n<td>180<\/td>\n<\/tr>\n<tr>\n<td>28<\/td>\n<td>72<\/td>\n<td>3397<\/td>\n<td>7124<\/td>\n<td>0.37<\/td>\n<td>180<\/td>\n<\/tr>\n<tr>\n<td>28<\/td>\n<td>80<\/td>\n<td>3397<\/td>\n<td>7134<\/td>\n<td>0.55<\/td>\n<td>180<\/td>\n<\/tr>\n<tr>\n<td rowspan=\"3\">52<\/td>\n<td>27<\/td>\n<td>55<\/td>\n<td>3482<\/td>\n<td>7114<\/td>\n<td>0.25<\/td>\n<td>180<\/td>\n<\/tr>\n<tr>\n<td>27<\/td>\n<td>73<\/td>\n<td>3482<\/td>\n<td>7124<\/td>\n<td>0.37<\/td>\n<td>180<\/td>\n<\/tr>\n<tr>\n<td>27<\/td>\n<td>82<\/td>\n<td>3482<\/td>\n<td>7134<\/td>\n<td>0.55<\/td>\n<td>180<\/td>\n<\/tr>\n<tr>\n<td rowspan=\"3\">60<\/td>\n<td>23<\/td>\n<td>60<\/td>\n<td>3610<\/td>\n<td>7114<\/td>\n<td>0.25<\/td>\n<td>180<\/td>\n<\/tr>\n<tr>\n<td>23<\/td>\n<td>75<\/td>\n<td>3610<\/td>\n<td>7124<\/td>\n<td>0.37<\/td>\n<td>180<\/td>\n<\/tr>\n<tr>\n<td>23<\/td>\n<td>84<\/td>\n<td>3610<\/td>\n<td>7134<\/td>\n<td>0.55<\/td>\n<td>180<\/td>\n<\/tr>\n<tr>\n<td rowspan=\"3\">80<\/td>\n<td>18<\/td>\n<td>64<\/td>\n<td>3973<\/td>\n<td>7114<\/td>\n<td>0.25<\/td>\n<td>180<\/td>\n<\/tr>\n<tr>\n<td>18<\/td>\n<td>77<\/td>\n<td>3973<\/td>\n<td>7124<\/td>\n<td>0.37<\/td>\n<td>180<\/td>\n<\/tr>\n<tr>\n<td>18<\/td>\n<td>89<\/td>\n<td>3973<\/td>\n<td>7134<\/td>\n<td>0.55<\/td>\n<td>180<\/td>\n<\/tr>\n<tr>\n<td rowspan=\"3\">100<\/td>\n<td>14<\/td>\n<td>68<\/td>\n<td>4280<\/td>\n<td>7114<\/td>\n<td>0.25<\/td>\n<td>180<\/td>\n<\/tr>\n<tr>\n<td>14<\/td>\n<td>79<\/td>\n<td>4280<\/td>\n<td>7124<\/td>\n<td>0.37<\/td>\n<td>180<\/td>\n<\/tr>\n<tr>\n<td>14<\/td>\n<td>93<\/td>\n<td>4280<\/td>\n<td>7134<\/td>\n<td>0.55<\/td>\n<td>180<\/td>\n<\/tr>\n<\/tbody>\n<\/table>\n<p><img loading=\"lazy\" decoding=\"async\" class=\"alignnone wp-image-4913\" src=\"https:\/\/fmp-components.com\/wp-content\/uploads\/2025\/01\/Car-Wash-Machine-Gearmotor.webp\" alt=\"Motorreductor para m\u00e1quina de lavado de coches\" width=\"937\" height=\"623\" title=\"\"><\/p>\n<h2>Acerca de la lavadora de coches<\/h2>\n<p>Un lavadero de autos es un dispositivo automatizado que utiliza control computarizado para operar cepillos y agua a alta presi\u00f3n para lavar veh\u00edculos. Como propietario de un auto, al visitar un lavadero, observar\u00e1 varios tipos de sistemas de transmisi\u00f3n, incluyendo cepillos horizontales, verticales y para ruedas. Estos sistemas, que no requieren intervenci\u00f3n manual, son accionados por el reductor del lavadero. El reductor desempe\u00f1a un papel crucial en el equipo de lavado, reduciendo la velocidad del motor y proporcionando una potencia constante a los sistemas de rociado de agua y cepillos giratorios. Esto asegura que se suministren la velocidad y el par adecuados para el funcionamiento eficiente de los componentes del lavadero, garantizando un rendimiento estable y una limpieza eficaz en diversos entornos.<\/p>\n<table style=\"border-collapse: collapse; width: 101.172%; height: 5px;\" border=\"0\" width=\"160\" cellspacing=\"0\" cellpadding=\"0\">\n<tbody>\n<tr style=\"height: 14.40pt;\">\n<td style=\"height: 14.4pt; width: 51.282%;\" align=\"right\" width=\"80\" height=\"24\"><img loading=\"lazy\" decoding=\"async\" class=\"alignnone size-full wp-image-4911\" src=\"https:\/\/fmp-components.com\/wp-content\/uploads\/2025\/01\/Car-Wash-Machine-Gearmotor-2.webp\" alt=\"Motorreductor para m\u00e1quina de lavado de coches-2\" width=\"926\" height=\"626\" title=\"\" srcset=\"https:\/\/fmp-components.com\/wp-content\/uploads\/2025\/01\/Car-Wash-Machine-Gearmotor-2.webp 926w, https:\/\/fmp-components.com\/wp-content\/uploads\/2025\/01\/Car-Wash-Machine-Gearmotor-2-480x324.webp 480w\" sizes=\"(min-width: 0px) and (max-width: 480px) 480px, (min-width: 481px) 926px, 100vw\" \/><\/td>\n<td style=\"width: 48.718%;\" align=\"right\" width=\"80\"><img loading=\"lazy\" decoding=\"async\" class=\"alignnone size-full wp-image-4912\" src=\"https:\/\/fmp-components.com\/wp-content\/uploads\/2025\/01\/Car-Wash-Machine-Gearmotor-1.webp\" alt=\"Motorreductor para m\u00e1quina de lavado de coches-1\" width=\"919\" height=\"655\" title=\"\" srcset=\"https:\/\/fmp-components.com\/wp-content\/uploads\/2025\/01\/Car-Wash-Machine-Gearmotor-1.webp 919w, https:\/\/fmp-components.com\/wp-content\/uploads\/2025\/01\/Car-Wash-Machine-Gearmotor-1-480x342.webp 480w\" sizes=\"(min-width: 0px) and (max-width: 480px) 480px, (min-width: 481px) 919px, 100vw\" \/><\/td>\n<\/tr>\n<\/tbody>\n<\/table>\n<p><strong>Lavadoras autom\u00e1ticas de coches<\/strong>Estas lavadoras avanzadas utilizan grandes cepillos giratorios para limpiar el veh\u00edculo a fondo. Para garantizar un rendimiento \u00f3ptimo, se utiliza un reductor de engranajes sin fin para accionar los cepillos, lo que les permite girar a la velocidad ideal para eliminar la suciedad y los residuos de la superficie del veh\u00edculo.<\/p>\n<p><strong>Sistemas de lavado de veh\u00edculos en t\u00fanel<\/strong>En estos sistemas, los veh\u00edculos se desplazan por un t\u00fanel fijo equipado con maquinaria avanzada de limpieza y encerado. Se suelen utilizar motores de engranajes helicoidales para accionar los cepillos o rodillos giratorios del sistema, lo que proporciona una potencia fiable para una limpieza uniforme.<\/p>\n<p><strong>Sistemas de lavado de veh\u00edculos con y sin contacto<\/strong>Los sistemas de lavado modernos ofrecen opciones t\u00e1ctiles y sin contacto para satisfacer las diferentes preferencias. En el sistema t\u00e1ctil, los cepillos giratorios tocan la superficie del veh\u00edculo para limpiarlo. Por otro lado, los sistemas sin contacto utilizan chorros de agua a alta presi\u00f3n. La caja de engranajes sin fin de los sistemas t\u00e1ctiles garantiza un control preciso de la velocidad y la presi\u00f3n de los cepillos, garantizando una limpieza eficaz sin da\u00f1ar la pintura del veh\u00edculo.<\/p>\n<p><img loading=\"lazy\" decoding=\"async\" class=\"alignnone size-full wp-image-4919\" src=\"https:\/\/fmp-components.com\/wp-content\/uploads\/2025\/01\/Leisuwash-360-Longitudinal-drive-system.webp\" alt=\"sistema de accionamiento\" width=\"900\" height=\"600\" title=\"\" srcset=\"https:\/\/fmp-components.com\/wp-content\/uploads\/2025\/01\/Leisuwash-360-Longitudinal-drive-system.webp 900w, https:\/\/fmp-components.com\/wp-content\/uploads\/2025\/01\/Leisuwash-360-Longitudinal-drive-system-480x320.webp 480w\" sizes=\"(min-width: 0px) and (max-width: 480px) 480px, (min-width: 481px) 900px, 100vw\" \/><\/p>\n<h2>\u00bfC\u00f3mo funcionan los motorreductores de los lavaderos autom\u00e1ticos de veh\u00edculos?<\/h2>\n<p>Los motorreductores para lavados autom\u00e1ticos son componentes esenciales en el funcionamiento de los sistemas de lavado. Proporcionan la potencia necesaria para el movimiento de diversas piezas que intervienen en el proceso de lavado, como cepillos, cintas transportadoras y sistemas de pulverizaci\u00f3n. Si bien los dise\u00f1os pueden variar, a continuaci\u00f3n se presenta una descripci\u00f3n general de su funcionamiento:<\/p>\n<ol>\n<li><strong>Motor<\/strong>El motorreductor utiliza un motor el\u00e9ctrico como fuente de alimentaci\u00f3n principal. Normalmente, el motor es de CA para lavados de veh\u00edculos comerciales o de CC para sistemas m\u00e1s peque\u00f1os o port\u00e1tiles.<\/li>\n<li><strong>Caja de cambios<\/strong>El motor est\u00e1 conectado a una caja de engranajes, que reduce la alta velocidad de rotaci\u00f3n del motor a una velocidad menor con mayor par. La caja de engranajes contiene varios engranajes, como engranajes sinf\u00edn, planetarios o rectos, seg\u00fan el dise\u00f1o. Estos engranajes trabajan en conjunto para lograr la conversi\u00f3n de velocidad y par deseada.<\/li>\n<li><strong>Transmisi\u00f3n de potencia<\/strong>El eje de salida de la caja de cambios est\u00e1 conectado a un sistema de correas, cadenas o acoplamiento directo, seg\u00fan el dise\u00f1o del sistema de lavado. Este sistema de transmisi\u00f3n transfiere el movimiento de rotaci\u00f3n del motorreductor a los componentes que necesitan moverse, como los cepillos y las cintas transportadoras.<\/li>\n<li><strong>Sistema de control<\/strong>El motorreductor est\u00e1 controlado por un sistema de control central que gestiona el funcionamiento del t\u00fanel de lavado. El sistema de control recibe informaci\u00f3n de sensores, interruptores o disparadores autom\u00e1ticos y env\u00eda se\u00f1ales al motorreductor para iniciar operaciones espec\u00edficas en el momento oportuno. Por ejemplo, cuando un veh\u00edculo entra en el t\u00fanel de lavado, el sistema puede activar el motor para poner en marcha la cinta transportadora o los cepillos.<\/li>\n<li><strong>Caracter\u00edsticas de seguridad<\/strong>Los motorreductores para lavados autom\u00e1ticos suelen incluir funciones de seguridad para evitar da\u00f1os o accidentes. Estas pueden incluir interruptores de l\u00edmite o sensores para detectar obst\u00e1culos o fuerza excesiva, botones de parada de emergencia y mecanismos de protecci\u00f3n contra sobrecargas. Estas funciones de seguridad garantizan que el motor funcione dentro de los par\u00e1metros de seguridad y protegen tanto el equipo como el veh\u00edculo que se lava.<\/li>\n<\/ol>\n<p>Al combinar la potencia del motor, la reducci\u00f3n de velocidad de la caja de cambios y la transmisi\u00f3n de potencia controlada, el motorreductor del lavado autom\u00e1tico de autom\u00f3viles sincroniza el movimiento de varios componentes, lo que garantiza un proceso de lavado eficiente.<\/p>\n<p>Los reductores de engranajes desarrollados y producidos por FMP para m\u00e1quinas de lavado de autos est\u00e1n dise\u00f1ados espec\u00edficamente para su uso en los equipos de lavado convencionales. Se caracterizan por su f\u00e1cil instalaci\u00f3n, bajo nivel de ruido, larga vida \u00fatil y excelente protecci\u00f3n. Los reductores de engranajes impermeables ofrecen un mayor nivel de protecci\u00f3n que los reductores de tornillo sin fin convencionales y est\u00e1n dise\u00f1ados a medida para la industria moderna del lavado de autos.<\/p>\n<table style=\"border-collapse: collapse; width: 102.375%; height: 19px;\" border=\"0\" width=\"160\" cellspacing=\"0\" cellpadding=\"0\">\n<tbody>\n<tr style=\"height: 14.40pt;\">\n<td style=\"height: 14.40pt; width: 48.00pt;\" align=\"right\" width=\"80\" height=\"24\"><img loading=\"lazy\" decoding=\"async\" class=\"alignnone size-full wp-image-4921\" src=\"https:\/\/fmp-components.com\/wp-content\/uploads\/2025\/01\/Car-Wash-Machine-Gearmotor-8.webp\" alt=\"Motorreductor para m\u00e1quina de lavado de coches-8\" width=\"751\" height=\"580\" title=\"\" srcset=\"https:\/\/fmp-components.com\/wp-content\/uploads\/2025\/01\/Car-Wash-Machine-Gearmotor-8.webp 751w, https:\/\/fmp-components.com\/wp-content\/uploads\/2025\/01\/Car-Wash-Machine-Gearmotor-8-480x371.webp 480w\" sizes=\"(min-width: 0px) and (max-width: 480px) 480px, (min-width: 481px) 751px, 100vw\" \/><\/td>\n<td style=\"width: 48.00pt;\" align=\"right\" width=\"80\"><img loading=\"lazy\" decoding=\"async\" class=\"alignnone wp-image-4920\" src=\"https:\/\/fmp-components.com\/wp-content\/uploads\/2025\/01\/Car-Wash-Machine-Gearmotor-6.webp\" alt=\"Motorreductor para m\u00e1quina de lavado de coches\" width=\"944\" height=\"944\" title=\"\" srcset=\"https:\/\/fmp-components.com\/wp-content\/uploads\/2025\/01\/Car-Wash-Machine-Gearmotor-6.webp 944w, https:\/\/fmp-components.com\/wp-content\/uploads\/2025\/01\/Car-Wash-Machine-Gearmotor-6-480x480.webp 480w\" sizes=\"(min-width: 0px) and (max-width: 480px) 480px, (min-width: 481px) 944px, 100vw\" \/><\/td>\n<\/tr>\n<\/tbody>\n<\/table>\n<h2>El reductor de lavadora de autom\u00f3viles producido por FMP tiene el siguiente rendimiento y ventajas:<\/h2>\n<p>Configuraci\u00f3n especial del motor con potencia de 0,25KW, 0,37KW, 0,55KW, 0,75KW y 2,2KW, etc.;<\/p>\n<p>Se pueden seleccionar varios tipos de bridas seg\u00fan las necesidades del cliente;<\/p>\n<p>Cada m\u00f3dulo adopta un dise\u00f1o modular y las piezas son m\u00e1s universales;<\/p>\n<p>El rango de relaci\u00f3n de velocidad es amplio, con m\u00e1s opciones de relaci\u00f3n de velocidad que los modelos generales;<\/p>\n<p>El extremo de salida est\u00e1 hecho de acero inoxidable 304 para garantizar que no se oxide durante el uso;<\/p>\n<p>La estructura del cuerpo es compacta y conveniente para la instalaci\u00f3n en diversos entornos;<\/p>\n<p>Lubricante sint\u00e9tico completo especial, sin necesidad de cambiar el aceite de por vida;<\/p>\n<p>La superficie del cuerpo est\u00e1 rociada con pl\u00e1stico, con buena resistencia a la corrosi\u00f3n, hermosa y pr\u00e1ctica;<\/p>\n<p>Los extremos de entrada y salida est\u00e1n sellados con sellos de aceite para garantizar el rendimiento del sellado;<\/p>\n<p>La rueda helicoidal est\u00e1 hecha de bronce de esta\u00f1o resistente al desgaste, y el tornillo sin fin est\u00e1 carburado y templado con una dureza fuerte;<\/p>\n<p>El nivel de protecci\u00f3n es IP67, lo que se puede utilizar en diversos escenarios de uso en interiores y exteriores y en entornos de trabajo hostiles;<\/p>\n<p><img loading=\"lazy\" decoding=\"async\" class=\"alignnone  wp-image-4931\" src=\"https:\/\/fmp-components.com\/wp-content\/uploads\/2025\/01\/Car-Wash-Machine-Gearmotor-10.webp\" alt=\"Motorreductor para m\u00e1quina de lavado de coches\" width=\"943\" height=\"856\" title=\"\" srcset=\"https:\/\/fmp-components.com\/wp-content\/uploads\/2025\/01\/Car-Wash-Machine-Gearmotor-10.webp 943w, https:\/\/fmp-components.com\/wp-content\/uploads\/2025\/01\/Car-Wash-Machine-Gearmotor-10-480x436.webp 480w\" sizes=\"(min-width: 0px) and (max-width: 480px) 480px, (min-width: 481px) 943px, 100vw\" \/><\/p>\n<p><img loading=\"lazy\" decoding=\"async\" class=\"alignnone wp-image-4930\" src=\"https:\/\/fmp-components.com\/wp-content\/uploads\/2025\/01\/Car-Wash-Machine-Gearmotor-9.webp\" alt=\"Motorreductor para m\u00e1quina de lavado de coches\" width=\"944\" height=\"985\" title=\"\" srcset=\"https:\/\/fmp-components.com\/wp-content\/uploads\/2025\/01\/Car-Wash-Machine-Gearmotor-9.webp 944w, https:\/\/fmp-components.com\/wp-content\/uploads\/2025\/01\/Car-Wash-Machine-Gearmotor-9-480x501.webp 480w\" sizes=\"(min-width: 0px) and (max-width: 480px) 480px, (min-width: 481px) 944px, 100vw\" \/><\/p>","protected":false},"excerpt":{"rendered":"<p>Specifications of XRV050 Car Washer Worm Gear Reducer Type Ratio Flange Power XRV050 5\u00a0\u00a0\u00a0\u00a0 7.5\u00a0 10\u00a0\u00a0\u00a0\u00a0 12\u00a0 15\u00a0\u00a0\u00a0\u00a0 20\u00a0 30\u00a0\u00a0\u00a0\u00a0 40\u00a0 50\u00a0\u00a0\u00a0\u00a0 60\u00a0 80\u00a0\u00a0\u00a0 100 71B14 0.18KW\u00a0\u00a0\u00a0\u00a0 0.25KW\u00a0\u00a0\u00a0 0.37KW\u00a0\u00a0\u00a0 0.55KW\u00a0\u00a0\u00a0 0.75KW\u00a0\u00a0\u00a0\u00a0 1.1KW 80B14 Type i n2\/r\/min Mn2\/Nm Fr2\/N Motor P1\/kw L\/mm XRV050 5 280 17 1577 7134 0.55 180 280 23 1577 8024 0.75 205 [&hellip;]<\/p>","protected":false},"featured_media":4914,"comment_status":"open","ping_status":"closed","template":"","meta":{"_et_pb_use_builder":"","_et_pb_old_content":"","_et_gb_content_width":""},"product_brand":[],"product_cat":[93],"product_tag":[],"class_list":{"0":"post-4909","1":"product","2":"type-product","3":"status-publish","4":"has-post-thumbnail","6":"product_cat-car-wash-machine-gearmotor","8":"first","9":"instock","10":"shipping-taxable","11":"product-type-simple"},"_links":{"self":[{"href":"https:\/\/fmp-components.com\/es\/wp-json\/wp\/v2\/product\/4909","targetHints":{"allow":["GET"]}}],"collection":[{"href":"https:\/\/fmp-components.com\/es\/wp-json\/wp\/v2\/product"}],"about":[{"href":"https:\/\/fmp-components.com\/es\/wp-json\/wp\/v2\/types\/product"}],"replies":[{"embeddable":true,"href":"https:\/\/fmp-components.com\/es\/wp-json\/wp\/v2\/comments?post=4909"}],"wp:featuredmedia":[{"embeddable":true,"href":"https:\/\/fmp-components.com\/es\/wp-json\/wp\/v2\/media\/4914"}],"wp:attachment":[{"href":"https:\/\/fmp-components.com\/es\/wp-json\/wp\/v2\/media?parent=4909"}],"wp:term":[{"taxonomy":"product_brand","embeddable":true,"href":"https:\/\/fmp-components.com\/es\/wp-json\/wp\/v2\/product_brand?post=4909"},{"taxonomy":"product_cat","embeddable":true,"href":"https:\/\/fmp-components.com\/es\/wp-json\/wp\/v2\/product_cat?post=4909"},{"taxonomy":"product_tag","embeddable":true,"href":"https:\/\/fmp-components.com\/es\/wp-json\/wp\/v2\/product_tag?post=4909"}],"curies":[{"name":"gracias","href":"https:\/\/api.w.org\/{rel}","templated":true}]}}