{"id":482,"date":"2024-12-10T08:55:43","date_gmt":"2024-12-10T08:55:43","guid":{"rendered":"https:\/\/fmp-components.com\/?page_id=8"},"modified":"2024-12-16T06:45:22","modified_gmt":"2024-12-16T06:45:22","slug":"large-excavator-cylinder","status":"publish","type":"product","link":"https:\/\/fmp-components.com\/es\/product\/large-excavator-cylinder\/","title":{"rendered":"Cilindro de excavadora grande"},"content":{"rendered":"<h2><img loading=\"lazy\" decoding=\"async\" class=\"size-full wp-image-484 aligncenter\" src=\"https:\/\/fmp-components.com\/wp-content\/uploads\/2024\/12\/Large-Excavator-Cylinder.webp\" alt=\"Cilindro de excavadora grande\" width=\"760\" height=\"533\" title=\"\" srcset=\"https:\/\/fmp-components.com\/wp-content\/uploads\/2024\/12\/Large-Excavator-Cylinder.webp 760w, https:\/\/fmp-components.com\/wp-content\/uploads\/2024\/12\/Large-Excavator-Cylinder-480x337.webp 480w\" sizes=\"(min-width: 0px) and (max-width: 480px) 480px, (min-width: 481px) 760px, 100vw\" \/>Especificaciones del cilindro del cuchar\u00f3n de excavadora grande:<\/h2>\n<p>El cilindro del cuchar\u00f3n acciona el cuchar\u00f3n de la excavadora, permiti\u00e9ndole levantar, inclinar y volcar materiales. Este cilindro es esencial para excavar, recoger y cargar, ya que proporciona la fuerza necesaria para manipular el cuchar\u00f3n eficazmente durante diversas tareas.<\/p>\n<p><img loading=\"lazy\" decoding=\"async\" class=\"size-full wp-image-494 aligncenter\" src=\"https:\/\/fmp-components.com\/wp-content\/uploads\/2024\/12\/Large-Excavator-Bucket-Cylinder-1.webp\" alt=\"Cilindro de cuchar\u00f3n de excavadora grande\" width=\"500\" height=\"200\" title=\"\" srcset=\"https:\/\/fmp-components.com\/wp-content\/uploads\/2024\/12\/Large-Excavator-Bucket-Cylinder-1.webp 500w, https:\/\/fmp-components.com\/wp-content\/uploads\/2024\/12\/Large-Excavator-Bucket-Cylinder-1-480x192.webp 480w\" sizes=\"(min-width: 0px) and (max-width: 480px) 480px, (min-width: 481px) 500px, 100vw\" \/><\/p>\n<table style=\"width: 100%;\" border=\"1\" width=\"100%\" cellspacing=\"0\" cellpadding=\"0\">\n<tbody>\n<tr>\n<td>Nombre del producto<\/td>\n<td>Cilindro de cuchar\u00f3n de excavadora grande<\/td>\n<\/tr>\n<tr>\n<td>Caracter\u00edsticas:<\/td>\n<td>Controla el funcionamiento del cubo.<\/td>\n<\/tr>\n<tr>\n<td>Di\u00e1metro del orificio:<\/td>\n<td>200 mm \uff5e 360 mm<\/td>\n<\/tr>\n<tr>\n<td>Di\u00e1metro de la varilla:<\/td>\n<td>140 mm \uff5e 260 mm<br \/>\nCarrera \u22642500 mm<\/td>\n<\/tr>\n<tr>\n<td>Fuerza de empuje:<\/td>\n<td>M\u00e1ximo 3560,8 kN<\/td>\n<\/tr>\n<tr>\n<td>Di\u00e1metro del orificio:<\/td>\n<td>420 mm\/presi\u00f3n 35 MPa<\/td>\n<\/tr>\n<\/tbody>\n<\/table>\n<h2><\/h2>\n<h2><img loading=\"lazy\" decoding=\"async\" class=\"alignnone wp-image-502\" src=\"https:\/\/fmp-components.com\/wp-content\/uploads\/2024\/12\/Large-Excavator-Bucket-Cylinder-1-1.webp\" alt=\"Cilindro de cuchar\u00f3n de excavadora grande\" width=\"929\" height=\"471\" title=\"\" srcset=\"https:\/\/fmp-components.com\/wp-content\/uploads\/2024\/12\/Large-Excavator-Bucket-Cylinder-1-1.webp 929w, https:\/\/fmp-components.com\/wp-content\/uploads\/2024\/12\/Large-Excavator-Bucket-Cylinder-1-1-480x243.webp 480w\" sizes=\"(min-width: 0px) and (max-width: 480px) 480px, (min-width: 481px) 929px, 100vw\" \/><\/h2>\n<h2><img loading=\"lazy\" decoding=\"async\" class=\"alignnone wp-image-503\" src=\"https:\/\/fmp-components.com\/wp-content\/uploads\/2024\/12\/Large-Excavator-Bucket-Cylinder-2.webp\" alt=\"Cilindro de cuchar\u00f3n de excavadora grande\" width=\"960\" height=\"318\" title=\"\" srcset=\"https:\/\/fmp-components.com\/wp-content\/uploads\/2024\/12\/Large-Excavator-Bucket-Cylinder-2.webp 960w, https:\/\/fmp-components.com\/wp-content\/uploads\/2024\/12\/Large-Excavator-Bucket-Cylinder-2-480x159.webp 480w\" sizes=\"(min-width: 0px) and (max-width: 480px) 480px, (min-width: 481px) 960px, 100vw\" \/><\/h2>\n<h2>Especificaciones del cilindro de la pluma de excavadora grande:<\/h2>\n<p>El cilindro de la pluma controla el movimiento de la pluma de la excavadora, permiti\u00e9ndole extenderse y retraerse. Este cilindro es crucial para alcanzar diferentes alturas y profundidades, permitiendo a la excavadora realizar diversas tareas con precisi\u00f3n, como excavar y levantar.<\/p>\n<p><img loading=\"lazy\" decoding=\"async\" class=\"size-full wp-image-493 aligncenter\" src=\"https:\/\/fmp-components.com\/wp-content\/uploads\/2024\/12\/Large-Excavator-Boom-Cylinder2.webp\" alt=\"Cilindro de pluma de excavadora grande\" width=\"500\" height=\"200\" title=\"\" srcset=\"https:\/\/fmp-components.com\/wp-content\/uploads\/2024\/12\/Large-Excavator-Boom-Cylinder2.webp 500w, https:\/\/fmp-components.com\/wp-content\/uploads\/2024\/12\/Large-Excavator-Boom-Cylinder2-480x192.webp 480w\" sizes=\"(min-width: 0px) and (max-width: 480px) 480px, (min-width: 481px) 500px, 100vw\" \/><\/p>\n<table style=\"width: 100%;\" border=\"1\" width=\"100%\" cellspacing=\"0\" cellpadding=\"0\">\n<tbody>\n<tr>\n<td>Nombre del producto<\/td>\n<td>Cilindro de pluma de excavadora grande<\/td>\n<\/tr>\n<tr>\n<td>Caracter\u00edsticas:<\/td>\n<td>Controla el movimiento de elevaci\u00f3n del brazo grande.<\/td>\n<\/tr>\n<tr>\n<td>Di\u00e1metro del orificio:<\/td>\n<td>200 mm \uff5e 420 mm<\/td>\n<\/tr>\n<tr>\n<td>Di\u00e1metro de la varilla:<\/td>\n<td>140 mm \uff5e 300 mm<br \/>\nCarrera \u22643500 mm<\/td>\n<\/tr>\n<tr>\n<td>Fuerza de empuje:<\/td>\n<td>M\u00e1ximo 4846,6 kN<\/td>\n<\/tr>\n<tr>\n<td>Di\u00e1metro del orificio:<\/td>\n<td>420 mm\/presi\u00f3n 35 MPa<\/td>\n<\/tr>\n<\/tbody>\n<\/table>\n<p><img loading=\"lazy\" decoding=\"async\" class=\"alignnone size-full wp-image-504\" src=\"https:\/\/fmp-components.com\/wp-content\/uploads\/2024\/12\/Large-Excavator-Boom-Cylinder-1.webp\" alt=\"Cilindro de pluma de excavadora grande\" width=\"980\" height=\"553\" title=\"\" srcset=\"https:\/\/fmp-components.com\/wp-content\/uploads\/2024\/12\/Large-Excavator-Boom-Cylinder-1.webp 980w, https:\/\/fmp-components.com\/wp-content\/uploads\/2024\/12\/Large-Excavator-Boom-Cylinder-1-480x271.webp 480w\" sizes=\"(min-width: 0px) and (max-width: 480px) 480px, (min-width: 481px) 980px, 100vw\" \/><\/p>\n<h2>Especificaciones del cilindro del brazo de excavadora grande:<\/h2>\n<p>El cilindro del balanc\u00edn, tambi\u00e9n conocido como cilindro del brazo, se encarga de extender y retraer el balanc\u00edn de la excavadora. Este movimiento permite un control preciso de la posici\u00f3n del cuchar\u00f3n, lo que resulta vital para una excavaci\u00f3n y manipulaci\u00f3n de materiales eficaces.<\/p>\n<p><img loading=\"lazy\" decoding=\"async\" class=\"size-full wp-image-496 aligncenter\" src=\"https:\/\/fmp-components.com\/wp-content\/uploads\/2024\/12\/Large-Excavator-Stick-Cylinder3.webp\" alt=\"Cilindro de balanc\u00edn de excavadora grande\" width=\"500\" height=\"200\" title=\"\" srcset=\"https:\/\/fmp-components.com\/wp-content\/uploads\/2024\/12\/Large-Excavator-Stick-Cylinder3.webp 500w, https:\/\/fmp-components.com\/wp-content\/uploads\/2024\/12\/Large-Excavator-Stick-Cylinder3-480x192.webp 480w\" sizes=\"(min-width: 0px) and (max-width: 480px) 480px, (min-width: 481px) 500px, 100vw\" \/><\/p>\n<table style=\"width: 100%;\" border=\"1\" width=\"100%\" cellspacing=\"0\" cellpadding=\"0\">\n<tbody>\n<tr>\n<td>Nombre del producto<\/td>\n<td>Cilindro de balanc\u00edn de excavadora grande<\/td>\n<\/tr>\n<tr>\n<td>Caracter\u00edsticas:<\/td>\n<td>Controlar el movimiento del antebrazo<\/td>\n<\/tr>\n<tr>\n<td>Di\u00e1metro del orificio:<\/td>\n<td>210 mm \uff5e 360 mm<\/td>\n<\/tr>\n<tr>\n<td>Di\u00e1metro de la varilla:<\/td>\n<td>145 mm \uff5e 260 mm<br \/>\nCarrera \u22642600 mm<\/td>\n<\/tr>\n<tr>\n<td>Fuerza de empuje:<\/td>\n<td>M\u00e1ximo 3560,8 kN<\/td>\n<\/tr>\n<tr>\n<td>Di\u00e1metro del orificio:<\/td>\n<td>360 mm\/presi\u00f3n 35 MPa<\/td>\n<\/tr>\n<\/tbody>\n<\/table>\n<p><img loading=\"lazy\" decoding=\"async\" class=\"alignnone size-full wp-image-500\" src=\"https:\/\/fmp-components.com\/wp-content\/uploads\/2024\/12\/Large-Excavator-Stick-Cylinder-1.webp\" alt=\"Cilindro del brazo de una excavadora grande\" width=\"1024\" height=\"538\" title=\"\" srcset=\"https:\/\/fmp-components.com\/wp-content\/uploads\/2024\/12\/Large-Excavator-Stick-Cylinder-1.webp 1024w, https:\/\/fmp-components.com\/wp-content\/uploads\/2024\/12\/Large-Excavator-Stick-Cylinder-1-980x515.webp 980w, https:\/\/fmp-components.com\/wp-content\/uploads\/2024\/12\/Large-Excavator-Stick-Cylinder-1-480x252.webp 480w\" sizes=\"(min-width: 0px) and (max-width: 480px) 480px, (min-width: 481px) and (max-width: 980px) 980px, (min-width: 981px) 1024px, 100vw\" \/><\/p>\n<h2>Especificaciones del cilindro de apriete para excavadoras grandes:<\/h2>\n<p>El cilindro tensor se utiliza para mantener la tensi\u00f3n en diversas partes de la excavadora, como las orugas o los accesorios. Este cilindro garantiza que los componentes se mantengan firmemente en su lugar, mejorando la estabilidad y el rendimiento general de la excavadora durante la operaci\u00f3n.<\/p>\n<h2><img loading=\"lazy\" decoding=\"async\" class=\"size-full wp-image-497 aligncenter\" src=\"https:\/\/fmp-components.com\/wp-content\/uploads\/2024\/12\/Large-Excavator-Tightening-Cylinder4.webp\" alt=\"Cilindro de apriete para excavadoras grandes\" width=\"500\" height=\"200\" title=\"\" srcset=\"https:\/\/fmp-components.com\/wp-content\/uploads\/2024\/12\/Large-Excavator-Tightening-Cylinder4.webp 500w, https:\/\/fmp-components.com\/wp-content\/uploads\/2024\/12\/Large-Excavator-Tightening-Cylinder4-480x192.webp 480w\" sizes=\"(min-width: 0px) and (max-width: 480px) 480px, (min-width: 481px) 500px, 100vw\" \/><\/h2>\n<p>&nbsp;<\/p>\n<table style=\"width: 100%;\" border=\"1\" width=\"100%\" cellspacing=\"0\" cellpadding=\"0\">\n<tbody>\n<tr>\n<td>Nombre del producto<\/td>\n<td>Cilindro de apriete para excavadoras grandes<\/td>\n<\/tr>\n<tr>\n<td>Caracter\u00edsticas:<\/td>\n<td>Controlar la acci\u00f3n de la tensi\u00f3n de la oruga<\/td>\n<\/tr>\n<tr>\n<td>Di\u00e1metro del orificio:<\/td>\n<td>280 mm \uff5e 380 mm<\/td>\n<\/tr>\n<tr>\n<td>Di\u00e1metro de la varilla:<\/td>\n<td>170 mm \uff5e 300 mm<br \/>\nCarrera \u2264 700 mm<\/td>\n<\/tr>\n<tr>\n<td>Fuerza de empuje:<\/td>\n<td>M\u00e1ximo 3967,4 kN<\/td>\n<\/tr>\n<tr>\n<td>Di\u00e1metro del orificio:<\/td>\n<td>380 mm\/presi\u00f3n 35 MPa<\/td>\n<\/tr>\n<\/tbody>\n<\/table>\n<h3><img loading=\"lazy\" decoding=\"async\" class=\"alignnone size-full wp-image-501\" src=\"https:\/\/fmp-components.com\/wp-content\/uploads\/2024\/12\/Large-Excavator-Tightening-Cylinder.webp\" alt=\"Cilindro de apriete de excavadora grande\" width=\"1024\" height=\"576\" title=\"\" srcset=\"https:\/\/fmp-components.com\/wp-content\/uploads\/2024\/12\/Large-Excavator-Tightening-Cylinder.webp 1024w, https:\/\/fmp-components.com\/wp-content\/uploads\/2024\/12\/Large-Excavator-Tightening-Cylinder-980x551.webp 980w, https:\/\/fmp-components.com\/wp-content\/uploads\/2024\/12\/Large-Excavator-Tightening-Cylinder-480x270.webp 480w\" sizes=\"(min-width: 0px) and (max-width: 480px) 480px, (min-width: 481px) and (max-width: 980px) 980px, (min-width: 981px) 1024px, 100vw\" \/>Acerca de FMP<\/h3>\n<p>FMP es una empresa especializada en la fabricaci\u00f3n de cilindros hidr\u00e1ulicos. Desde su fundaci\u00f3n, la empresa se ha centrado en la investigaci\u00f3n y fabricaci\u00f3n de tecnolog\u00eda hidr\u00e1ulica, pasando de una gama de productos diversificada que inclu\u00eda maquinaria de cosecha y construcci\u00f3n a una especializaci\u00f3n en componentes para tractores agr\u00edcolas. Con m\u00e1s de una d\u00e9cada de experiencia en fabricaci\u00f3n y gesti\u00f3n, FMP garantiza productos de alta calidad mediante t\u00e9cnicas de producci\u00f3n avanzadas.<\/p>\n<p>A medida que la empresa ha evolucionado, ha desarrollado una l\u00ednea integral de producci\u00f3n de mecanizado, una l\u00ednea de ensamblaje y una l\u00ednea de recubrimiento. Nuestro equipo est\u00e1 formado por personal directivo cualificado, dise\u00f1adores mec\u00e1nicos con amplia experiencia y t\u00e9cnicos altamente capacitados que trabajan en equipo para mantener una calidad de producci\u00f3n estable, a la vez que controlan eficazmente la continuidad y la eficiencia del proceso.<\/p>\n<p>FMP defiende la filosof\u00eda de \u00abInnovaci\u00f3n tecnol\u00f3gica que impulsa el progreso, calidad que crea marcas, artesan\u00eda que garantiza la calidad y relaciones mutuamente beneficiosas a largo plazo\u00bb. Nuestro compromiso de ofrecer productos de alta calidad y un servicio al cliente superior sigue siendo un objetivo fundamental para satisfacer las cambiantes necesidades del mercado.<\/p>\n<p><img loading=\"lazy\" decoding=\"async\" class=\"alignnone size-full wp-image-426\" src=\"https:\/\/fmp-components.com\/wp-content\/uploads\/2024\/12\/Sanitation-Machinery-Locking-Hydraulic-Cylinder-factory.webp\" sizes=\"(min-width: 0px) and (max-width: 480px) 480px, (min-width: 481px) and (max-width: 980px) 980px, (min-width: 981px) and (max-width: 1280px) 1280px, (min-width: 1281px) 1414px, 100vw\" srcset=\"https:\/\/fmp-components.com\/wp-content\/uploads\/2024\/12\/Sanitation-Machinery-Locking-Hydraulic-Cylinder-factory.webp 1414w, https:\/\/fmp-components.com\/wp-content\/uploads\/2024\/12\/Sanitation-Machinery-Locking-Hydraulic-Cylinder-factory-1280x529.webp 1280w, https:\/\/fmp-components.com\/wp-content\/uploads\/2024\/12\/Sanitation-Machinery-Locking-Hydraulic-Cylinder-factory-980x405.webp 980w, https:\/\/fmp-components.com\/wp-content\/uploads\/2024\/12\/Sanitation-Machinery-Locking-Hydraulic-Cylinder-factory-480x198.webp 480w\" alt=\"F\u00e1brica de cilindros hidr\u00e1ulicos de bloqueo de maquinaria de saneamiento\" width=\"1414\" height=\"584\" title=\"\"><\/p>\n<p>Autor: CX<\/p>","protected":false},"excerpt":{"rendered":"<p>Large Excavator Bucket Cylinder Specifications: The bucket cylinder operates the excavator&#8217;s bucket, enabling it to lift, tilt, and dump materials. This cylinder is essential for excavating, scooping, and loading, providing the necessary force to manipulate the bucket effectively during various tasks. Product Name Large Excavator Bucket Cylinder Features: Control the action of the bucket Bore [&hellip;]<\/p>","protected":false},"featured_media":495,"comment_status":"open","ping_status":"closed","template":"","meta":{"_et_pb_use_builder":"","_et_pb_old_content":"","_et_gb_content_width":""},"product_brand":[],"product_cat":[25],"product_tag":[],"class_list":{"0":"post-482","1":"product","2":"type-product","3":"status-publish","4":"has-post-thumbnail","6":"product_cat-mobile-machinery-hydraulic-cylinder","8":"first","9":"instock","10":"shipping-taxable","11":"product-type-simple"},"_links":{"self":[{"href":"https:\/\/fmp-components.com\/es\/wp-json\/wp\/v2\/product\/482","targetHints":{"allow":["GET"]}}],"collection":[{"href":"https:\/\/fmp-components.com\/es\/wp-json\/wp\/v2\/product"}],"about":[{"href":"https:\/\/fmp-components.com\/es\/wp-json\/wp\/v2\/types\/product"}],"replies":[{"embeddable":true,"href":"https:\/\/fmp-components.com\/es\/wp-json\/wp\/v2\/comments?post=482"}],"wp:featuredmedia":[{"embeddable":true,"href":"https:\/\/fmp-components.com\/es\/wp-json\/wp\/v2\/media\/495"}],"wp:attachment":[{"href":"https:\/\/fmp-components.com\/es\/wp-json\/wp\/v2\/media?parent=482"}],"wp:term":[{"taxonomy":"product_brand","embeddable":true,"href":"https:\/\/fmp-components.com\/es\/wp-json\/wp\/v2\/product_brand?post=482"},{"taxonomy":"product_cat","embeddable":true,"href":"https:\/\/fmp-components.com\/es\/wp-json\/wp\/v2\/product_cat?post=482"},{"taxonomy":"product_tag","embeddable":true,"href":"https:\/\/fmp-components.com\/es\/wp-json\/wp\/v2\/product_tag?post=482"}],"curies":[{"name":"gracias","href":"https:\/\/api.w.org\/{rel}","templated":true}]}}