{"id":452,"date":"2024-12-10T07:23:50","date_gmt":"2024-12-10T07:23:50","guid":{"rendered":"https:\/\/fmp-components.com\/?page_id=8"},"modified":"2024-12-10T07:26:39","modified_gmt":"2024-12-10T07:26:39","slug":"crane-pin-hydraulic-cylinder","status":"publish","type":"product","link":"https:\/\/fmp-components.com\/es\/product\/crane-pin-hydraulic-cylinder\/","title":{"rendered":"Cilindro hidr\u00e1ulico con pasador de gr\u00faa"},"content":{"rendered":"<p style=\"text-align: center;\"><span style=\"font-size: 18pt;\">Cilindro hidr\u00e1ulico con pasador de gr\u00faa<\/span><\/p>\n<p>El cilindro hidr\u00e1ulico para pasadores de gr\u00faa es un componente esencial dise\u00f1ado para facilitar el movimiento preciso y el bloqueo seguro de los pasadores en diversas aplicaciones de gr\u00faas. Este cilindro hidr\u00e1ulico proporciona una fuerza fiable para acoplar y desacoplar los pasadores que conectan los diferentes componentes de la gr\u00faa, garantizando la estabilidad y la seguridad durante las operaciones de elevaci\u00f3n.<\/p>\n<p><img loading=\"lazy\" decoding=\"async\" class=\"size-full wp-image-453 aligncenter\" src=\"https:\/\/fmp-components.com\/wp-content\/uploads\/2024\/12\/Crane-Pin-Hydraulic-Cylinder.jpg\" alt=\"Cilindro hidr\u00e1ulico con pasador de gr\u00faa\" width=\"500\" height=\"500\" title=\"\" srcset=\"https:\/\/fmp-components.com\/wp-content\/uploads\/2024\/12\/Crane-Pin-Hydraulic-Cylinder.jpg 500w, https:\/\/fmp-components.com\/wp-content\/uploads\/2024\/12\/Crane-Pin-Hydraulic-Cylinder-480x480.jpg 480w\" sizes=\"(min-width: 0px) and (max-width: 480px) 480px, (min-width: 481px) 500px, 100vw\" \/><\/p>\n<h4>Caracter\u00edsticas principales:<\/h4>\n<ul>\n<li>Construcci\u00f3n duradera: fabricado con materiales de alta resistencia, el cilindro hidr\u00e1ulico del pasador de la gr\u00faa est\u00e1 dise\u00f1ado para soportar las exigentes condiciones de construcci\u00f3n y entornos de elevaci\u00f3n pesada, lo que garantiza una durabilidad y confiabilidad duraderas.<\/li>\n<li>Funcionamiento suave: El sistema hidr\u00e1ulico avanzado permite movimientos fluidos y controlados, posibilitando un acoplamiento y desacoplamiento r\u00e1pido y eficiente de los pasadores, lo que mejora la funcionalidad general de la gr\u00faa.<\/li>\n<li>Seguridad mejorada: al garantizar un enganche seguro del pasador, este cilindro hidr\u00e1ulico ayuda a mantener la estabilidad de los componentes de la gr\u00faa durante la operaci\u00f3n, lo que reduce el riesgo de accidentes y mejora la seguridad de los operadores y el personal del sitio.<\/li>\n<li>Aplicaci\u00f3n vers\u00e1til: adecuado para una amplia gama de gr\u00faas y equipos de elevaci\u00f3n, el cilindro hidr\u00e1ulico de pasador se puede integrar f\u00e1cilmente en los sistemas existentes, lo que lo convierte en una soluci\u00f3n vers\u00e1til para diversas tareas de elevaci\u00f3n y construcci\u00f3n.<\/li>\n<li>Requisitos de bajo mantenimiento: dise\u00f1ado para brindar eficiencia y durabilidad, este cilindro hidr\u00e1ulico requiere un mantenimiento m\u00ednimo, lo que contribuye a reducir el tiempo de inactividad y aumentar la productividad.<\/li>\n<\/ul>\n<p>El cilindro hidr\u00e1ulico del pasador de la gr\u00faa es un componente crucial que mejora el rendimiento, la seguridad y la confiabilidad de las gr\u00faas, lo que lo hace indispensable para operaciones de elevaci\u00f3n efectivas en diversas aplicaciones.<\/p>\n<h2>Dimensiones del cilindro hidr\u00e1ulico del pasador de la gr\u00faa:<\/h2>\n<table style=\"width: 100%;\">\n<tbody>\n<tr>\n<td style=\"width: 45.9228%;\"><img loading=\"lazy\" decoding=\"async\" class=\"size-full wp-image-453 aligncenter\" src=\"https:\/\/fmp-components.com\/wp-content\/uploads\/2024\/12\/Crane-Pin-Hydraulic-Cylinder.jpg\" alt=\"Cilindro hidr\u00e1ulico con pasador de gr\u00faa\" width=\"500\" height=\"500\" title=\"\" srcset=\"https:\/\/fmp-components.com\/wp-content\/uploads\/2024\/12\/Crane-Pin-Hydraulic-Cylinder.jpg 500w, https:\/\/fmp-components.com\/wp-content\/uploads\/2024\/12\/Crane-Pin-Hydraulic-Cylinder-480x480.jpg 480w\" sizes=\"(min-width: 0px) and (max-width: 480px) 480px, (min-width: 481px) 500px, 100vw\" \/><\/td>\n<td style=\"width: 53.4335%;\"><img loading=\"lazy\" decoding=\"async\" class=\"alignnone size-full wp-image-454\" src=\"https:\/\/fmp-components.com\/wp-content\/uploads\/2024\/12\/Crane-Pin-Hydraulic-Cylinder-Dimensions-2.webp\" alt=\"Cilindro hidr\u00e1ulico con pasador de gr\u00faa\" width=\"1024\" height=\"690\" title=\"\" srcset=\"https:\/\/fmp-components.com\/wp-content\/uploads\/2024\/12\/Crane-Pin-Hydraulic-Cylinder-Dimensions-2.webp 1024w, https:\/\/fmp-components.com\/wp-content\/uploads\/2024\/12\/Crane-Pin-Hydraulic-Cylinder-Dimensions-2-980x660.webp 980w, https:\/\/fmp-components.com\/wp-content\/uploads\/2024\/12\/Crane-Pin-Hydraulic-Cylinder-Dimensions-2-480x323.webp 480w\" sizes=\"(min-width: 0px) and (max-width: 480px) 480px, (min-width: 481px) and (max-width: 980px) 980px, (min-width: 981px) 1024px, 100vw\" \/><\/td>\n<\/tr>\n<\/tbody>\n<\/table>\n<table style=\"width: 100%; height: 133px;\" border=\"1\" cellspacing=\"0\" cellpadding=\"0\">\n<tbody>\n<tr style=\"height: 71px;\">\n<td style=\"height: 71px;\" width=\"246\">Nombre del cilindro<\/td>\n<td style=\"height: 71px;\" width=\"336\">N\u00famero de dibujo<\/td>\n<td style=\"height: 71px;\" width=\"126\">Di\u00e1metro del orificio (D)<\/td>\n<td style=\"height: 71px;\" width=\"123\">Di\u00e1metro de la varilla (d)<\/td>\n<td style=\"height: 71px;\" width=\"114\">Accidente cerebrovascular (S)<\/td>\n<td style=\"height: 71px;\" width=\"170\">Distancia de instalaci\u00f3n (L)<\/td>\n<td style=\"height: 71px;\" width=\"172\">Presi\u00f3n de trabajo<\/td>\n<td style=\"height: 71px;\" width=\"366\">Dimensiones de la interfaz (M)<\/td>\n<td style=\"height: 71px;\" width=\"96\">Peso<\/td>\n<\/tr>\n<tr style=\"height: 62px;\">\n<td class=\"et3\" style=\"height: 62px;\" width=\"246\" height=\"370\">Cilindro hidr\u00e1ulico de pasador<\/td>\n<td class=\"et4\" style=\"height: 62px;\" width=\"336\">ZXYG14.01-00<\/td>\n<td class=\"et4\" style=\"height: 62px;\" width=\"126\">\u03a680<\/td>\n<td class=\"et4\" style=\"height: 62px;\" width=\"123\">\u03a640<\/td>\n<td class=\"et4\" style=\"height: 62px;\" width=\"114\">225<\/td>\n<td class=\"et4\" style=\"height: 62px;\" width=\"170\">440<\/td>\n<td class=\"et4\" style=\"height: 62px;\" width=\"172\">25 MPa<\/td>\n<td class=\"et4\" style=\"height: 62px;\" width=\"366\">G1\/4<\/td>\n<td class=\"et4\" style=\"height: 62px;\" width=\"96\">97,8 kg<\/td>\n<\/tr>\n<\/tbody>\n<\/table>\n<h2>Par\u00e1metros del cilindro hidr\u00e1ulico del pasador de la gr\u00faa:<\/h2>\n<table border=\"1\" width=\"100%\" cellspacing=\"0\" cellpadding=\"0\">\n<tbody>\n<tr>\n<td width=\"70\">Art\u00edculo<\/td>\n<td width=\"70\">Descripci\u00f3n<\/td>\n<\/tr>\n<tr>\n<td width=\"70\">Nombre del producto<\/td>\n<td width=\"70\">Cilindro hidr\u00e1ulico hecho a medida<\/td>\n<\/tr>\n<tr>\n<td width=\"70\">Certificado:<\/td>\n<td width=\"70\">ISO9001, ISO4001, ISO 45003<\/td>\n<\/tr>\n<tr>\n<td width=\"70\">Capacidad de producci\u00f3n:<\/td>\n<td width=\"70\">1200.000 piezas al a\u00f1o<\/td>\n<\/tr>\n<tr>\n<td width=\"70\">Tiempo de muestra<\/td>\n<td width=\"70\">Basado en el tipo real<\/td>\n<\/tr>\n<tr>\n<td width=\"70\">Marca<\/td>\n<td width=\"70\">FMP o logotipo del cliente<\/td>\n<\/tr>\n<tr>\n<td width=\"70\">Servicio<\/td>\n<td width=\"70\">OEM y ODM<\/td>\n<\/tr>\n<tr>\n<td width=\"70\">Marca del sello<\/td>\n<td width=\"70\">Parker, NOK, BUSAK SHAMBAN<\/td>\n<\/tr>\n<tr>\n<td width=\"70\">El tiempo de entrega<\/td>\n<td width=\"70\">Basado en la cantidad del pedido.<\/td>\n<\/tr>\n<tr>\n<td width=\"70\">Tipo de negocio<\/td>\n<td width=\"70\">Fabricante y exportador<\/td>\n<\/tr>\n<\/tbody>\n<\/table>\n<h2>Cilindro hidr\u00e1ulico Marcas y modelos disponibles:<\/h2>\n<table border=\"1\" cellspacing=\"0\" cellpadding=\"0\">\n<tbody>\n<tr>\n<td><span data-spm-anchor-id=\"a2700.details.0.i43.45d84a73e99C9z\">KOMATSU (ordenador personal)<\/span><\/td>\n<td>PC30, PC40, PC50, PC56, PC60, PC78, PC100, PC110, PC120, PC130, PC160, PC200-3\/5\/6\/7\/8\/8MO, PC210, PC220-5\/6\/7\/8\/8MO, PC240, PC300\/350\/360-5\/6\/7\/8\/8MO, PC400\/450-5\/6\/7\/8\/8MO, PC800, PC850<\/td>\n<\/tr>\n<tr>\n<td>ORUGA (E)<\/td>\n<td>E301.5, E302, E305.5, E306, E307V1\/V2\/B\/C\/D\/E\/F, E308B\/C, E120B, E312V1\/V2\/B\/C\/D, E313D2, E312D2, E315D,<br \/>\nE200B,E320V1\/V2\/A\/B\/C\/D,E324D,E325C\/D,E329D,E330\/336C\/D,E345C,E349D,E365C,E374,E390<\/td>\n<\/tr>\n<tr>\n<td>KOBELCO (SK)<\/td>\n<td>SK60-3\/5\/8,SK75-8\/SR, SK100, SK120-3\/5, SK135-8\/SR, SK140-8, SK200-3\/5\/6\/6E, SK210-3\/5\/6\/6E,<br \/>\nSK230\/250-6E,SK250-8,SK260-8,SK350-8\/S8,SK460\/480-8<\/td>\n<\/tr>\n<tr>\n<td>HYUNDAI (R)<\/td>\n<td>R55-5\/7, R60-5\/7, R80, R110, R130, R200-5, R210-5, R215-5\/7, R220-5\/7\/9, R225-5\/7\/9, R250, R260, R265, R290, R305, R445, R485, R505<\/td>\n<\/tr>\n<tr>\n<td><span data-spm-anchor-id=\"a2700.details.0.i53.45d84a73e99C9z\">HITACHI (EX.ZX)<\/span><\/td>\n<td>EX60, EX100-1\/2\/3, EX120-1\/3\/5\/6, EX200-1\/3\/5, EX230-5, EX300-1, EX400<br \/>\nZAX60,ZAX70,ZA120-6,ZAX200\/210-1\/3\/5\/5K,ZAX240,ZAX250,ZAX260,ZAX330-3\/5\/6,ZAX450\/470,ZAX650\/670,ZAX850\/870<\/td>\n<\/tr>\n<tr>\n<td>\n<div class=\"magic-32\"><span data-spm-anchor-id=\"a2700.details.0.i55.45d84a73e99C9z\">DOOSAN (DH\/DX)<\/span><\/div>\n<\/td>\n<td>\n<div class=\"magic-33\"><span class=\"magic-34\">DH55, DH60, DH80,DH150, DH215-5\/7,DH220-5,DH225-5\/7,DH258,DH300-5\/7, DH370,DH420,DH500<br \/>\nDX55, DX60, DX75, DX130, DX225-9, DX300, DX380, DX420, DX500<\/span><\/div>\n<\/td>\n<\/tr>\n<tr>\n<td>\n<div class=\"magic-32\">VOLVO (CE)<\/div>\n<\/td>\n<td>\n<div class=\"magic-33\"><span class=\"magic-34\">EC55, EC60, EC75, EC80, EC140, EC210B\/D, EC220D, EC240, EC250, EC290, EC300, EC360, EC380, EC460, EC480, EC700, EC750, EC950<\/span><\/div>\n<\/td>\n<\/tr>\n<tr>\n<td>\n<div class=\"magic-32\">KATO (HD)<\/div>\n<\/td>\n<td>\n<div class=\"magic-33\"><span class=\"magic-34\">HD307\/308, HD450, HD512, HD700-5\/7, HD820-1\/2\/3\/5\/R, HD1023-1\/3, HD1430-1\/3<\/span><\/div>\n<\/td>\n<\/tr>\n<tr>\n<td>\n<div class=\"magic-32\">OTRA MARCA<\/div>\n<\/td>\n<td>\n<div class=\"magic-33\"><span class=\"magic-34\">XCMG, LIUGONG, KUBOTA, CASO, YANMAR, HACIA EL SOL, ZOOMLION, LISHIDE, LIEHERR<\/span><\/div>\n<\/td>\n<\/tr>\n<\/tbody>\n<\/table>\n<h3>Ventajas del cilindro hidr\u00e1ulico con pasador de gr\u00faa<\/h3>\n<h4>1. Conexi\u00f3n y desconexi\u00f3n precisas<\/h4>\n<p>El cilindro hidr\u00e1ulico de pasador de gr\u00faa permite un control preciso del acoplamiento y desacoplamiento de los pasadores, garantizando el bloqueo seguro de los componentes de la gr\u00faa durante la operaci\u00f3n. Esta precisi\u00f3n mejora la seguridad y la eficiencia operativa.<\/p>\n<h4>2. Mayor estabilidad<\/h4>\n<p>Al proporcionar mecanismos de bloqueo fiables, este cilindro hidr\u00e1ulico garantiza la estabilidad de los componentes de la gr\u00faa durante las operaciones de elevaci\u00f3n. Esta estabilidad reduce el riesgo de accidentes y mejora la seguridad general de los operadores y el personal circundante.<\/p>\n<h4>3. Construcci\u00f3n duradera<\/h4>\n<p>Fabricado con materiales de alta resistencia, el cilindro hidr\u00e1ulico del pasador de la gr\u00faa est\u00e1 dise\u00f1ado para soportar las exigentes condiciones de construcci\u00f3n y elevaci\u00f3n de cargas pesadas. Su dise\u00f1o robusto garantiza una larga durabilidad y fiabilidad en entornos hostiles.<\/p>\n<h4>4. Funcionamiento suave<\/h4>\n<p>El avanzado sistema hidr\u00e1ulico facilita movimientos suaves y controlados, lo que permite ajustes r\u00e1pidos. Esta eficiencia optimiza el rendimiento de la gr\u00faa y permite ciclos de trabajo m\u00e1s r\u00e1pidos.<\/p>\n<h4>5. Aplicaci\u00f3n vers\u00e1til<\/h4>\n<p>Este cilindro hidr\u00e1ulico es adecuado para una amplia gama de tipos de gr\u00faas y equipos de elevaci\u00f3n, lo que lo convierte en una soluci\u00f3n vers\u00e1til para diversas aplicaciones en construcci\u00f3n, mantenimiento y entornos industriales.<\/p>\n<h4>6. Necesidades de bajo mantenimiento<\/h4>\n<p>El dise\u00f1o minimiza el desgaste, lo que reduce los requisitos de mantenimiento. Esto se traduce en menores costos operativos y tiempos de inactividad, lo que contribuye a la productividad general.<\/p>\n<h4>7. Eficiencia energ\u00e9tica<\/h4>\n<p>El sistema hidr\u00e1ulico est\u00e1 optimizado para el uso de energ\u00eda, lo que reduce el consumo durante la operaci\u00f3n. Esta eficiencia no solo reduce los costos operativos, sino que tambi\u00e9n promueve pr\u00e1cticas respetuosas con el medio ambiente en las operaciones de elevaci\u00f3n.<\/p>\n<p>El cilindro hidr\u00e1ulico con pasador de gr\u00faa ofrece numerosas ventajas, incluido un control preciso, mayor estabilidad y durabilidad, lo que lo convierte en un componente indispensable para operaciones de gr\u00faa efectivas y confiables en diversas aplicaciones.<\/p>\n<p><img loading=\"lazy\" decoding=\"async\" class=\"alignnone size-full wp-image-447\" src=\"https:\/\/fmp-components.com\/wp-content\/uploads\/2024\/12\/Crane.webp\" alt=\"Gr\u00faa\" width=\"1234\" height=\"822\" title=\"\" srcset=\"https:\/\/fmp-components.com\/wp-content\/uploads\/2024\/12\/Crane.webp 1234w, https:\/\/fmp-components.com\/wp-content\/uploads\/2024\/12\/Crane-980x653.webp 980w, https:\/\/fmp-components.com\/wp-content\/uploads\/2024\/12\/Crane-480x320.webp 480w\" sizes=\"(min-width: 0px) and (max-width: 480px) 480px, (min-width: 481px) and (max-width: 980px) 980px, (min-width: 981px) 1234px, 100vw\" \/><\/p>\n<h2>Acerca de FMP<\/h2>\n<p>FMP es una empresa especializada en la fabricaci\u00f3n de cilindros hidr\u00e1ulicos. Desde su fundaci\u00f3n, la empresa se ha centrado en la investigaci\u00f3n y fabricaci\u00f3n de tecnolog\u00eda hidr\u00e1ulica, pasando de una gama de productos diversificada que inclu\u00eda maquinaria de cosecha y construcci\u00f3n a una especializaci\u00f3n en componentes para tractores agr\u00edcolas. Con m\u00e1s de una d\u00e9cada de experiencia en fabricaci\u00f3n y gesti\u00f3n, FMP garantiza productos de alta calidad mediante t\u00e9cnicas de producci\u00f3n avanzadas.<\/p>\n<p>A medida que la empresa ha evolucionado, ha desarrollado una l\u00ednea integral de producci\u00f3n de mecanizado, una l\u00ednea de ensamblaje y una l\u00ednea de recubrimiento. Nuestro equipo est\u00e1 formado por personal directivo cualificado, dise\u00f1adores mec\u00e1nicos con amplia experiencia y t\u00e9cnicos altamente capacitados que trabajan en equipo para mantener una calidad de producci\u00f3n estable, a la vez que controlan eficazmente la continuidad y la eficiencia del proceso.<\/p>\n<p>FMP defiende la filosof\u00eda de \u00abInnovaci\u00f3n tecnol\u00f3gica que impulsa el progreso, calidad que crea marcas, artesan\u00eda que garantiza la calidad y relaciones mutuamente beneficiosas a largo plazo\u00bb. Nuestro compromiso de ofrecer productos de alta calidad y un servicio al cliente superior sigue siendo un objetivo fundamental para satisfacer las cambiantes necesidades del mercado.<\/p>\n<p><img loading=\"lazy\" decoding=\"async\" class=\"alignnone size-full wp-image-426\" src=\"https:\/\/fmp-components.com\/wp-content\/uploads\/2024\/12\/Sanitation-Machinery-Locking-Hydraulic-Cylinder-factory.webp\" sizes=\"(min-width: 0px) and (max-width: 480px) 480px, (min-width: 481px) and (max-width: 980px) 980px, (min-width: 981px) and (max-width: 1280px) 1280px, (min-width: 1281px) 1414px, 100vw\" srcset=\"https:\/\/fmp-components.com\/wp-content\/uploads\/2024\/12\/Sanitation-Machinery-Locking-Hydraulic-Cylinder-factory.webp 1414w, https:\/\/fmp-components.com\/wp-content\/uploads\/2024\/12\/Sanitation-Machinery-Locking-Hydraulic-Cylinder-factory-1280x529.webp 1280w, https:\/\/fmp-components.com\/wp-content\/uploads\/2024\/12\/Sanitation-Machinery-Locking-Hydraulic-Cylinder-factory-980x405.webp 980w, https:\/\/fmp-components.com\/wp-content\/uploads\/2024\/12\/Sanitation-Machinery-Locking-Hydraulic-Cylinder-factory-480x198.webp 480w\" alt=\"F\u00e1brica de cilindros hidr\u00e1ulicos de bloqueo de maquinaria de saneamiento\" width=\"1414\" height=\"584\" title=\"\"><\/p>\n<p>Autor: CX<\/p>","protected":false},"excerpt":{"rendered":"<p>El cilindro hidr\u00e1ulico del pasador de la gr\u00faa es un componente vital dise\u00f1ado para facilitar el movimiento preciso y el bloqueo de los pasadores en aplicaciones de gr\u00faa. Este cilindro hidr\u00e1ulico proporciona una fuerza fiable para enganchar y desenganchar los pasadores que sujetan diversos componentes de la gr\u00faa, garantizando la estabilidad y la seguridad durante las operaciones de elevaci\u00f3n. Dise\u00f1ado para una mayor durabilidad, est\u00e1 fabricado con materiales de alta resistencia para soportar las rigurosas exigencias de los entornos de construcci\u00f3n. El eficiente sistema hidr\u00e1ulico permite un funcionamiento suave y controlado, lo que permite ajustes r\u00e1pidos y mejora la funcionalidad general de la gr\u00faa. Este cilindro esencial desempe\u00f1a un papel crucial para optimizar el rendimiento de la gr\u00faa y garantizar la manipulaci\u00f3n segura de cargas pesadas.<\/p>","protected":false},"featured_media":453,"comment_status":"open","ping_status":"closed","template":"","meta":{"_et_pb_use_builder":"","_et_pb_old_content":"","_et_gb_content_width":""},"product_brand":[],"product_cat":[24],"product_tag":[],"class_list":{"0":"post-452","1":"product","2":"type-product","3":"status-publish","4":"has-post-thumbnail","6":"product_cat-construction-machinery-hydraulic-cylinders","8":"first","9":"instock","10":"shipping-taxable","11":"product-type-simple"},"_links":{"self":[{"href":"https:\/\/fmp-components.com\/es\/wp-json\/wp\/v2\/product\/452","targetHints":{"allow":["GET"]}}],"collection":[{"href":"https:\/\/fmp-components.com\/es\/wp-json\/wp\/v2\/product"}],"about":[{"href":"https:\/\/fmp-components.com\/es\/wp-json\/wp\/v2\/types\/product"}],"replies":[{"embeddable":true,"href":"https:\/\/fmp-components.com\/es\/wp-json\/wp\/v2\/comments?post=452"}],"wp:featuredmedia":[{"embeddable":true,"href":"https:\/\/fmp-components.com\/es\/wp-json\/wp\/v2\/media\/453"}],"wp:attachment":[{"href":"https:\/\/fmp-components.com\/es\/wp-json\/wp\/v2\/media?parent=452"}],"wp:term":[{"taxonomy":"product_brand","embeddable":true,"href":"https:\/\/fmp-components.com\/es\/wp-json\/wp\/v2\/product_brand?post=452"},{"taxonomy":"product_cat","embeddable":true,"href":"https:\/\/fmp-components.com\/es\/wp-json\/wp\/v2\/product_cat?post=452"},{"taxonomy":"product_tag","embeddable":true,"href":"https:\/\/fmp-components.com\/es\/wp-json\/wp\/v2\/product_tag?post=452"}],"curies":[{"name":"gracias","href":"https:\/\/api.w.org\/{rel}","templated":true}]}}