{"id":444,"date":"2024-12-10T06:46:45","date_gmt":"2024-12-10T06:46:45","guid":{"rendered":"https:\/\/fmp-components.com\/?page_id=8"},"modified":"2024-12-10T07:23:36","modified_gmt":"2024-12-10T07:23:36","slug":"crane-counterweight-hydraulic-cylinder","status":"publish","type":"product","link":"https:\/\/fmp-components.com\/es\/product\/crane-counterweight-hydraulic-cylinder\/","title":{"rendered":"Cilindro hidr\u00e1ulico de contrapeso de gr\u00faa"},"content":{"rendered":"<p style=\"text-align: center;\"><span style=\"font-size: 18pt;\">Cilindro hidr\u00e1ulico de contrapeso de gr\u00faa<\/span><\/p>\n<p>El cilindro hidr\u00e1ulico de contrapeso de gr\u00faa es un componente esencial dise\u00f1ado para proporcionar un contrapeso preciso a las gr\u00faas durante las operaciones de elevaci\u00f3n. Este cilindro hidr\u00e1ulico desempe\u00f1a un papel crucial en el ajuste de la posici\u00f3n de los contrapesos, garantizando una estabilidad y seguridad \u00f3ptimas durante la manipulaci\u00f3n de cargas pesadas.<\/p>\n<h4>Caracter\u00edsticas principales:<\/h4>\n<ul>\n<li>Construcci\u00f3n robusta: Fabricado con materiales de alta resistencia, el cilindro hidr\u00e1ulico de contrapeso est\u00e1 dise\u00f1ado para soportar las exigentes condiciones de construcci\u00f3n y entornos de elevaci\u00f3n pesada, lo que garantiza una durabilidad y confiabilidad duraderas.<\/li>\n<li>Operaci\u00f3n hidr\u00e1ulica suave: El sistema hidr\u00e1ulico avanzado permite movimientos suaves y controlados, lo que permite ajustes precisos de los contrapesos y mejora el rendimiento general de la gr\u00faa.<\/li>\n<li>Estabilidad mejorada: al proporcionar un contrapeso preciso, este cilindro hidr\u00e1ulico ayuda a mantener la estabilidad de la gr\u00faa durante la operaci\u00f3n, reduciendo el riesgo de vuelco o accidentes al levantar cargas pesadas.<\/li>\n<li>Aplicaci\u00f3n vers\u00e1til: adecuado para una variedad de tipos de gr\u00faas, incluidas gr\u00faas m\u00f3viles y gr\u00faas torre, este cilindro hidr\u00e1ulico se puede integrar f\u00e1cilmente en los sistemas de gr\u00faas existentes, lo que lo convierte en una soluci\u00f3n vers\u00e1til para operaciones de elevaci\u00f3n.<\/li>\n<li>Requisitos de bajo mantenimiento: dise\u00f1ado para brindar eficiencia y durabilidad, el cilindro hidr\u00e1ulico de contrapeso requiere un mantenimiento m\u00ednimo, lo que resulta en un menor tiempo de inactividad y una mayor productividad.<\/li>\n<\/ul>\n<p>En resumen, el cilindro hidr\u00e1ulico del contrapeso de la gr\u00faa es un componente vital que mejora la funcionalidad y la seguridad de la gr\u00faa, garantizando operaciones de elevaci\u00f3n efectivas mientras mantiene la estabilidad y el control.<\/p>\n<h2>Dimensiones del cilindro hidr\u00e1ulico del contrapeso de la gr\u00faa:<\/h2>\n<table style=\"width: 100%;\">\n<tbody>\n<tr>\n<td style=\"width: 46.1373%;\"><img loading=\"lazy\" decoding=\"async\" class=\"alignnone size-full wp-image-445\" src=\"https:\/\/fmp-components.com\/wp-content\/uploads\/2024\/12\/Crane-Counterweight-Hydraulic-Cylinder.webp\" alt=\"Cilindro hidr\u00e1ulico de contrapeso de gr\u00faa\" width=\"500\" height=\"500\" title=\"\" srcset=\"https:\/\/fmp-components.com\/wp-content\/uploads\/2024\/12\/Crane-Counterweight-Hydraulic-Cylinder.webp 500w, https:\/\/fmp-components.com\/wp-content\/uploads\/2024\/12\/Crane-Counterweight-Hydraulic-Cylinder-480x480.webp 480w\" sizes=\"(min-width: 0px) and (max-width: 480px) 480px, (min-width: 481px) 500px, 100vw\" \/><\/td>\n<td style=\"width: 53.2189%;\"><img loading=\"lazy\" decoding=\"async\" class=\"alignnone size-full wp-image-446\" src=\"https:\/\/fmp-components.com\/wp-content\/uploads\/2024\/12\/YWMPMnZi-Crane-Counterweight-Hydraulic-Cylinder-Dimensions-2.webp\" alt=\"Cilindro hidr\u00e1ulico de contrapeso de gr\u00faa\" width=\"1024\" height=\"698\" title=\"\" srcset=\"https:\/\/fmp-components.com\/wp-content\/uploads\/2024\/12\/YWMPMnZi-Crane-Counterweight-Hydraulic-Cylinder-Dimensions-2.webp 1024w, https:\/\/fmp-components.com\/wp-content\/uploads\/2024\/12\/YWMPMnZi-Crane-Counterweight-Hydraulic-Cylinder-Dimensions-2-980x668.webp 980w, https:\/\/fmp-components.com\/wp-content\/uploads\/2024\/12\/YWMPMnZi-Crane-Counterweight-Hydraulic-Cylinder-Dimensions-2-480x327.webp 480w\" sizes=\"(min-width: 0px) and (max-width: 480px) 480px, (min-width: 481px) and (max-width: 980px) 980px, (min-width: 981px) 1024px, 100vw\" \/><\/td>\n<\/tr>\n<\/tbody>\n<\/table>\n<table style=\"width: 100%; height: 134px;\" border=\"1\" cellspacing=\"0\" cellpadding=\"0\">\n<tbody>\n<tr style=\"height: 71px;\">\n<td style=\"height: 71px;\" width=\"246\">Nombre del cilindro<\/td>\n<td style=\"height: 71px;\" width=\"336\">N\u00famero de dibujo<\/td>\n<td style=\"height: 71px;\" width=\"126\">Di\u00e1metro del orificio (D)<\/td>\n<td style=\"height: 71px;\" width=\"123\">Di\u00e1metro de la varilla (d)<\/td>\n<td style=\"height: 71px;\" width=\"114\">Accidente cerebrovascular (S)<\/td>\n<td style=\"height: 71px;\" width=\"170\">Distancia de instalaci\u00f3n (L)<\/td>\n<td style=\"height: 71px;\" width=\"172\">Presi\u00f3n de trabajo<\/td>\n<td style=\"height: 71px;\" width=\"366\">Dimensiones de la interfaz (M)<\/td>\n<td style=\"height: 71px;\" width=\"96\">Peso<\/td>\n<\/tr>\n<tr style=\"height: 63px;\">\n<td class=\"et3\" style=\"height: 63px;\" width=\"246\" height=\"356\">Cilindro hidr\u00e1ulico de contrapeso<\/td>\n<td class=\"et4\" style=\"height: 63px;\" width=\"336\">QAY220.12\/13A-00<\/td>\n<td class=\"et4\" style=\"height: 63px;\" width=\"126\">\u03a6200<\/td>\n<td class=\"et4\" style=\"height: 63px;\" width=\"123\">\u03a6100<\/td>\n<td class=\"et4\" style=\"height: 63px;\" width=\"114\">180<\/td>\n<td class=\"et4\" style=\"height: 63px;\" width=\"170\">530<\/td>\n<td class=\"et4\" style=\"height: 63px;\" width=\"172\">25 MPa; 40 MPa<\/td>\n<td class=\"et4\" style=\"height: 63px;\" width=\"366\">3-G1\/4;M20*1,5;2-M14*1,5<\/td>\n<td class=\"et4\" style=\"height: 63px;\" width=\"96\">124 kilos<\/td>\n<\/tr>\n<\/tbody>\n<\/table>\n<h2>Par\u00e1metros del cilindro hidr\u00e1ulico del contrapeso de la gr\u00faa:<\/h2>\n<table border=\"1\" width=\"100%\" cellspacing=\"0\" cellpadding=\"0\">\n<tbody>\n<tr>\n<td width=\"70\">Art\u00edculo<\/td>\n<td width=\"70\">Descripci\u00f3n<\/td>\n<\/tr>\n<tr>\n<td width=\"70\">Nombre del producto<\/td>\n<td width=\"70\">Cilindro hidr\u00e1ulico hecho a medida<\/td>\n<\/tr>\n<tr>\n<td width=\"70\">Certificado:<\/td>\n<td width=\"70\">ISO9001, ISO4001, ISO 45003<\/td>\n<\/tr>\n<tr>\n<td width=\"70\">Capacidad de producci\u00f3n:<\/td>\n<td width=\"70\">1200.000 piezas al a\u00f1o<\/td>\n<\/tr>\n<tr>\n<td width=\"70\">Tiempo de muestra<\/td>\n<td width=\"70\">Basado en el tipo real<\/td>\n<\/tr>\n<tr>\n<td width=\"70\">Marca<\/td>\n<td width=\"70\">FMP o logotipo del cliente<\/td>\n<\/tr>\n<tr>\n<td width=\"70\">Servicio<\/td>\n<td width=\"70\">OEM y ODM<\/td>\n<\/tr>\n<tr>\n<td width=\"70\">Marca del sello<\/td>\n<td width=\"70\">Parker, NOK, BUSAK SHAMBAN<\/td>\n<\/tr>\n<tr>\n<td width=\"70\">El tiempo de entrega<\/td>\n<td width=\"70\">Basado en la cantidad del pedido.<\/td>\n<\/tr>\n<tr>\n<td width=\"70\">Tipo de negocio<\/td>\n<td width=\"70\">Fabricante y exportador<\/td>\n<\/tr>\n<\/tbody>\n<\/table>\n<h2>Cilindro hidr\u00e1ulico Marcas y modelos disponibles:<\/h2>\n<table border=\"1\" cellspacing=\"0\" cellpadding=\"0\">\n<tbody>\n<tr>\n<td><span data-spm-anchor-id=\"a2700.details.0.i43.45d84a73e99C9z\">KOMATSU (ordenador personal)<\/span><\/td>\n<td>PC30, PC40, PC50, PC56, PC60, PC78, PC100, PC110, PC120, PC130, PC160, PC200-3\/5\/6\/7\/8\/8MO, PC210, PC220-5\/6\/7\/8\/8MO, PC240, PC300\/350\/360-5\/6\/7\/8\/8MO, PC400\/450-5\/6\/7\/8\/8MO, PC800, PC850<\/td>\n<\/tr>\n<tr>\n<td>ORUGA (E)<\/td>\n<td>E301.5, E302, E305.5, E306, E307V1\/V2\/B\/C\/D\/E\/F, E308B\/C, E120B, E312V1\/V2\/B\/C\/D, E313D2, E312D2, E315D,<br \/>\nE200B,E320V1\/V2\/A\/B\/C\/D,E324D,E325C\/D,E329D,E330\/336C\/D,E345C,E349D,E365C,E374,E390<\/td>\n<\/tr>\n<tr>\n<td>KOBELCO (SK)<\/td>\n<td>SK60-3\/5\/8,SK75-8\/SR, SK100, SK120-3\/5, SK135-8\/SR, SK140-8, SK200-3\/5\/6\/6E, SK210-3\/5\/6\/6E,<br \/>\nSK230\/250-6E,SK250-8,SK260-8,SK350-8\/S8,SK460\/480-8<\/td>\n<\/tr>\n<tr>\n<td>HYUNDAI (R)<\/td>\n<td>R55-5\/7, R60-5\/7, R80, R110, R130, R200-5, R210-5, R215-5\/7, R220-5\/7\/9, R225-5\/7\/9, R250, R260, R265, R290, R305, R445, R485, R505<\/td>\n<\/tr>\n<tr>\n<td><span data-spm-anchor-id=\"a2700.details.0.i53.45d84a73e99C9z\">HITACHI (EX.ZX)<\/span><\/td>\n<td>EX60, EX100-1\/2\/3, EX120-1\/3\/5\/6, EX200-1\/3\/5, EX230-5, EX300-1, EX400<br \/>\nZAX60,ZAX70,ZA120-6,ZAX200\/210-1\/3\/5\/5K,ZAX240,ZAX250,ZAX260,ZAX330-3\/5\/6,ZAX450\/470,ZAX650\/670,ZAX850\/870<\/td>\n<\/tr>\n<tr>\n<td>\n<div class=\"magic-32\"><span data-spm-anchor-id=\"a2700.details.0.i55.45d84a73e99C9z\">DOOSAN (DH\/DX)<\/span><\/div>\n<\/td>\n<td>\n<div class=\"magic-33\"><span class=\"magic-34\">DH55, DH60, DH80,DH150, DH215-5\/7,DH220-5,DH225-5\/7,DH258,DH300-5\/7, DH370,DH420,DH500<br \/>\nDX55, DX60, DX75, DX130, DX225-9, DX300, DX380, DX420, DX500<\/span><\/div>\n<\/td>\n<\/tr>\n<tr>\n<td>\n<div class=\"magic-32\">VOLVO (CE)<\/div>\n<\/td>\n<td>\n<div class=\"magic-33\"><span class=\"magic-34\">EC55, EC60, EC75, EC80, EC140, EC210B\/D, EC220D, EC240, EC250, EC290, EC300, EC360, EC380, EC460, EC480, EC700, EC750, EC950<\/span><\/div>\n<\/td>\n<\/tr>\n<tr>\n<td>\n<div class=\"magic-32\">KATO (HD)<\/div>\n<\/td>\n<td>\n<div class=\"magic-33\"><span class=\"magic-34\">HD307\/308, HD450, HD512, HD700-5\/7, HD820-1\/2\/3\/5\/R, HD1023-1\/3, HD1430-1\/3<\/span><\/div>\n<\/td>\n<\/tr>\n<tr>\n<td>\n<div class=\"magic-32\">OTRA MARCA<\/div>\n<\/td>\n<td>\n<div class=\"magic-33\"><span class=\"magic-34\">XCMG, LIUGONG, KUBOTA, CASO, YANMAR, HACIA EL SOL, ZOOMLION, LISHIDE, LIEHERR<\/span><\/div>\n<\/td>\n<\/tr>\n<\/tbody>\n<\/table>\n<h2>C\u00f3mo funciona el cilindro hidr\u00e1ulico del contrapeso de la gr\u00faa<\/h2>\n<p>El cilindro hidr\u00e1ulico del contrapeso de la gr\u00faa funciona seg\u00fan principios hidr\u00e1ulicos, utilizando la presi\u00f3n del fluido para ajustar y controlar la posici\u00f3n de los contrapesos en las gr\u00faas. A continuaci\u00f3n, se detalla su funcionamiento:<\/p>\n<h3>1. Din\u00e1mica de fluidos hidr\u00e1ulicos<\/h3>\n<p>El cilindro contiene fluido hidr\u00e1ulico, generalmente aceite, que se bombea para generar presi\u00f3n. Este fluido sirve como medio para transferir potencia dentro del sistema hidr\u00e1ulico.<\/p>\n<h3>2. Movimiento del pist\u00f3n<\/h3>\n<p>Dentro del cilindro hidr\u00e1ulico, un pist\u00f3n se mueve en respuesta a la presi\u00f3n del fluido hidr\u00e1ulico. Cuando el operador activa el sistema hidr\u00e1ulico, el fluido se dirige a un lado del cilindro, empujando el pist\u00f3n y provocando su extensi\u00f3n o retracci\u00f3n.<\/p>\n<h3>3. Ajuste del contrapeso<\/h3>\n<p>A medida que el pist\u00f3n se mueve, ajusta la posici\u00f3n de los contrapesos fijados a la gr\u00faa. Al extender el pist\u00f3n, los contrapesos se desplazan hacia afuera, lo que aumenta la estabilidad de la gr\u00faa al levantar cargas pesadas. Por el contrario, al retraer el pist\u00f3n, los contrapesos se acercan a la gr\u00faa, lo cual es necesario para maniobrarla o transportarla.<\/p>\n<h3>4. Regulaci\u00f3n de presi\u00f3n<\/h3>\n<p>El sistema hidr\u00e1ulico est\u00e1 equipado con v\u00e1lvulas reguladoras de presi\u00f3n que controlan el caudal y la presi\u00f3n del fluido hidr\u00e1ulico. Esto garantiza que los ajustes de los contrapesos sean suaves y controlados, evitando movimientos bruscos que podr\u00edan desestabilizar la gr\u00faa.<\/p>\n<h3>5. Mecanismos de seguridad<\/h3>\n<p>Muchos cilindros hidr\u00e1ulicos de contrapeso incluyen caracter\u00edsticas de seguridad como protecci\u00f3n contra sobrecargas y v\u00e1lvulas de alivio de presi\u00f3n. Estos mecanismos ayudan a prevenir la acumulaci\u00f3n excesiva de presi\u00f3n y garantizan un funcionamiento seguro, mejorando a\u00fan m\u00e1s la estabilidad y la seguridad de la gr\u00faa durante las operaciones de elevaci\u00f3n.<\/p>\n<p>El cilindro hidr\u00e1ulico de contrapeso de gr\u00faa es esencial para mantener el equilibrio y la estabilidad de las gr\u00faas al elevar cargas pesadas. Gracias a la din\u00e1mica de fluidos hidr\u00e1ulicos y a los precisos movimientos del pist\u00f3n, permite un ajuste eficaz de los contrapesos, garantizando as\u00ed operaciones de gr\u00faa seguras y eficientes en diversas aplicaciones.<\/p>\n<p><img loading=\"lazy\" decoding=\"async\" class=\"alignnone size-full wp-image-447\" src=\"https:\/\/fmp-components.com\/wp-content\/uploads\/2024\/12\/Crane.webp\" alt=\"Gr\u00faa\" width=\"1234\" height=\"822\" title=\"\" srcset=\"https:\/\/fmp-components.com\/wp-content\/uploads\/2024\/12\/Crane.webp 1234w, https:\/\/fmp-components.com\/wp-content\/uploads\/2024\/12\/Crane-980x653.webp 980w, https:\/\/fmp-components.com\/wp-content\/uploads\/2024\/12\/Crane-480x320.webp 480w\" sizes=\"(min-width: 0px) and (max-width: 480px) 480px, (min-width: 481px) and (max-width: 980px) 980px, (min-width: 981px) 1234px, 100vw\" \/><\/p>\n<h2>Acerca de FMP<\/h2>\n<p>FMP es una empresa especializada en la fabricaci\u00f3n de cilindros hidr\u00e1ulicos. Desde su fundaci\u00f3n, la empresa se ha centrado en la investigaci\u00f3n y fabricaci\u00f3n de tecnolog\u00eda hidr\u00e1ulica, pasando de una gama de productos diversificada que inclu\u00eda maquinaria de cosecha y construcci\u00f3n a una especializaci\u00f3n en componentes para tractores agr\u00edcolas. Con m\u00e1s de una d\u00e9cada de experiencia en fabricaci\u00f3n y gesti\u00f3n, FMP garantiza productos de alta calidad mediante t\u00e9cnicas de producci\u00f3n avanzadas.<\/p>\n<p>A medida que la empresa ha evolucionado, ha desarrollado una l\u00ednea integral de producci\u00f3n de mecanizado, una l\u00ednea de ensamblaje y una l\u00ednea de recubrimiento. Nuestro equipo est\u00e1 formado por personal directivo cualificado, dise\u00f1adores mec\u00e1nicos con amplia experiencia y t\u00e9cnicos altamente capacitados que trabajan en equipo para mantener una calidad de producci\u00f3n estable, a la vez que controlan eficazmente la continuidad y la eficiencia del proceso.<\/p>\n<p>FMP defiende la filosof\u00eda de \u00abInnovaci\u00f3n tecnol\u00f3gica que impulsa el progreso, calidad que crea marcas, artesan\u00eda que garantiza la calidad y relaciones mutuamente beneficiosas a largo plazo\u00bb. Nuestro compromiso de ofrecer productos de alta calidad y un servicio al cliente superior sigue siendo un objetivo fundamental para satisfacer las cambiantes necesidades del mercado.<\/p>\n<p><img loading=\"lazy\" decoding=\"async\" class=\"alignnone size-full wp-image-426\" src=\"https:\/\/fmp-components.com\/wp-content\/uploads\/2024\/12\/Sanitation-Machinery-Locking-Hydraulic-Cylinder-factory.webp\" sizes=\"(min-width: 0px) and (max-width: 480px) 480px, (min-width: 481px) and (max-width: 980px) 980px, (min-width: 981px) and (max-width: 1280px) 1280px, (min-width: 1281px) 1414px, 100vw\" srcset=\"https:\/\/fmp-components.com\/wp-content\/uploads\/2024\/12\/Sanitation-Machinery-Locking-Hydraulic-Cylinder-factory.webp 1414w, https:\/\/fmp-components.com\/wp-content\/uploads\/2024\/12\/Sanitation-Machinery-Locking-Hydraulic-Cylinder-factory-1280x529.webp 1280w, https:\/\/fmp-components.com\/wp-content\/uploads\/2024\/12\/Sanitation-Machinery-Locking-Hydraulic-Cylinder-factory-980x405.webp 980w, https:\/\/fmp-components.com\/wp-content\/uploads\/2024\/12\/Sanitation-Machinery-Locking-Hydraulic-Cylinder-factory-480x198.webp 480w\" alt=\"F\u00e1brica de cilindros hidr\u00e1ulicos de bloqueo de maquinaria de saneamiento\" width=\"1414\" height=\"584\" title=\"\"><\/p>\n<p>Autor: CX<\/p>","protected":false},"excerpt":{"rendered":"<p data-id=\"a11392d4-7524-4709-8e84-2ea1d23339d0\" data-pm-slice=\"1 1 []\">La funci\u00f3n del cilindro hidr\u00e1ulico de contrapeso de gr\u00faa es proporcionar el contrapeso necesario a las gr\u00faas durante las operaciones de elevaci\u00f3n. Aproveche este cilindro hidr\u00e1ulico para posicionar el contrapeso con precisi\u00f3n y distancia, lo que garantiza estabilidad y seguridad en aplicaciones de cargas pesadas. Dise\u00f1ado espec\u00edficamente para una mayor durabilidad, este potente cilindro est\u00e1 fabricado con materiales de primera calidad para soportar las duras condiciones de las industrias de la construcci\u00f3n y la elevaci\u00f3n de cargas pesadas. El sistema hidr\u00e1ulico est\u00e1 dise\u00f1ado para proporcionar un control eficiente y preciso, garantizando movimientos suaves y equilibrados, lo que permite a los operadores optimizar el rendimiento de la gr\u00faa manteniendo la estabilidad. Al ser parte integral del funcionamiento general de las gr\u00faas, es vital para su operaci\u00f3n segura, contribuyendo a soluciones de elevaci\u00f3n eficaces.<\/p>","protected":false},"featured_media":445,"comment_status":"open","ping_status":"closed","template":"","meta":{"_et_pb_use_builder":"","_et_pb_old_content":"","_et_gb_content_width":""},"product_brand":[],"product_cat":[24],"product_tag":[],"class_list":{"0":"post-444","1":"product","2":"type-product","3":"status-publish","4":"has-post-thumbnail","6":"product_cat-construction-machinery-hydraulic-cylinders","8":"first","9":"instock","10":"shipping-taxable","11":"product-type-simple"},"_links":{"self":[{"href":"https:\/\/fmp-components.com\/es\/wp-json\/wp\/v2\/product\/444","targetHints":{"allow":["GET"]}}],"collection":[{"href":"https:\/\/fmp-components.com\/es\/wp-json\/wp\/v2\/product"}],"about":[{"href":"https:\/\/fmp-components.com\/es\/wp-json\/wp\/v2\/types\/product"}],"replies":[{"embeddable":true,"href":"https:\/\/fmp-components.com\/es\/wp-json\/wp\/v2\/comments?post=444"}],"wp:featuredmedia":[{"embeddable":true,"href":"https:\/\/fmp-components.com\/es\/wp-json\/wp\/v2\/media\/445"}],"wp:attachment":[{"href":"https:\/\/fmp-components.com\/es\/wp-json\/wp\/v2\/media?parent=444"}],"wp:term":[{"taxonomy":"product_brand","embeddable":true,"href":"https:\/\/fmp-components.com\/es\/wp-json\/wp\/v2\/product_brand?post=444"},{"taxonomy":"product_cat","embeddable":true,"href":"https:\/\/fmp-components.com\/es\/wp-json\/wp\/v2\/product_cat?post=444"},{"taxonomy":"product_tag","embeddable":true,"href":"https:\/\/fmp-components.com\/es\/wp-json\/wp\/v2\/product_tag?post=444"}],"curies":[{"name":"gracias","href":"https:\/\/api.w.org\/{rel}","templated":true}]}}