{"id":3697,"date":"2025-01-09T07:44:24","date_gmt":"2025-01-09T07:44:24","guid":{"rendered":"https:\/\/fmp-components.com\/?page_id=8"},"modified":"2025-01-09T07:44:24","modified_gmt":"2025-01-09T07:44:24","slug":"wheel-drive-planetary-gearbox-reducer-for-cranes","status":"publish","type":"product","link":"https:\/\/fmp-components.com\/es\/product\/wheel-drive-planetary-gearbox-reducer-for-cranes\/","title":{"rendered":"Reductor planetario de transmisi\u00f3n para gr\u00faas"},"content":{"rendered":"<p style=\"text-align: center;\"><span style=\"font-size: 18pt;\">Reductor planetario de transmisi\u00f3n para gr\u00faas<\/span><\/p>\n<p>El reductor planetario de tracci\u00f3n a las ruedas para gr\u00faas es un componente clave para proporcionar movilidad y estabilidad a las gr\u00faas. Se encarga de transmitir la potencia del motor de la gr\u00faa a las ruedas, garantizando un movimiento suave y controlado. Dependiendo de la configuraci\u00f3n de las ruedas de la gr\u00faa, se pueden utilizar m\u00faltiples reductores planetarios para accionar cada rueda, lo que permite que la gr\u00faa maniobre eficazmente en diversos entornos de trabajo.<\/p>\n<p><img loading=\"lazy\" decoding=\"async\" class=\"wp-image-3698 aligncenter\" src=\"https:\/\/fmp-components.com\/wp-content\/uploads\/2025\/01\/0_wheel-drive-application-2-11.webp\" alt=\"aplicaci\u00f3n de tracci\u00f3n a las ruedas\" width=\"537\" height=\"453\" title=\"\" srcset=\"https:\/\/fmp-components.com\/wp-content\/uploads\/2025\/01\/0_wheel-drive-application-2-11.webp 344w, https:\/\/fmp-components.com\/wp-content\/uploads\/2025\/01\/0_wheel-drive-application-2-11-300x253.webp 300w, https:\/\/fmp-components.com\/wp-content\/uploads\/2025\/01\/0_wheel-drive-application-2-11-14x12.webp 14w\" sizes=\"(max-width: 537px) 100vw, 537px\" \/><\/p>\n<p><strong>Requisitos de rendimiento para tracci\u00f3n de ruedas en gr\u00faas<\/strong><\/p>\n<ul>\n<li><strong>Alta capacidad de par:<\/strong> La caja de cambios debe ser capaz de soportar las cargas pesadas de la gr\u00faa, garantizando una transmisi\u00f3n de potencia confiable a las ruedas en condiciones exigentes.<\/li>\n<li><strong>Funcionamiento con bajo nivel de ruido:<\/strong> Para minimizar la contaminaci\u00f3n ac\u00fastica en los lugares de trabajo, la caja de cambios est\u00e1 dise\u00f1ada para un funcionamiento silencioso, manteniendo un entorno de trabajo tranquilo.<\/li>\n<li><strong>Alta eficiencia:<\/strong> La caja de cambios debe proporcionar una transferencia de potencia eficiente, reduciendo la p\u00e9rdida de energ\u00eda y optimizando el rendimiento de la gr\u00faa para lograr la m\u00e1xima productividad.<\/li>\n<li><strong>Durabilidad:<\/strong> Dise\u00f1ada para soportar entornos de trabajo dif\u00edciles, la caja de cambios debe soportar condiciones duras, incluido el clima extremo y el uso intensivo, lo que garantiza una larga vida \u00fatil.<\/li>\n<li><strong>Estabilidad:<\/strong> La caja de cambios juega un papel crucial para garantizar que la gr\u00faa funcione sobre una plataforma estable, manteniendo el equilibrio y el control durante la elevaci\u00f3n y el movimiento de cargas pesadas.<\/li>\n<\/ul>\n<h2>C\u00f3mo funciona la tracci\u00f3n a las ruedas con gr\u00faas<\/h2>\n<p>La tracci\u00f3n en las gr\u00faas se refiere al mecanismo que impulsa las ruedas de la gr\u00faa, permiti\u00e9ndole desplazarse sobre una v\u00eda o sobre una superficie. Este sistema suele utilizar motores el\u00e9ctricos o hidr\u00e1ulicos conectados a las ruedas, que generan el par necesario para mover la gr\u00faa. El tipo de tracci\u00f3n (hidr\u00e1ulica o el\u00e9ctrica) depende del dise\u00f1o de la gr\u00faa y de los requisitos de la aplicaci\u00f3n.<\/p>\n<p>En los sistemas de tracci\u00f3n el\u00e9ctrica, los motores el\u00e9ctricos suministran potencia a las ruedas mediante una serie de reductores o transmisiones directas. Los motores suelen alimentarse de la fuente de alimentaci\u00f3n principal de la gr\u00faa o de una fuente externa. Estos motores pueden controlarse mediante sistemas sofisticados para ajustar la velocidad, la direcci\u00f3n y la aceleraci\u00f3n de la gr\u00faa, ofreciendo precisi\u00f3n y eficiencia.<\/p>\n<p>Por otro lado, los sistemas de tracci\u00f3n hidr\u00e1ulica utilizan motores hidr\u00e1ulicos para impulsar las ruedas. Estos motores son accionados por bombas hidr\u00e1ulicas, que suelen estar accionadas por un motor di\u00e9sel o el\u00e9ctrico. El accionamiento hidr\u00e1ulico ofrece un par elevado y suele ser la opci\u00f3n preferida en gr\u00faas que deben mover cargas pesadas o operar en entornos exigentes donde se requiere alta potencia y un rendimiento robusto.<\/p>\n<p><img loading=\"lazy\" decoding=\"async\" class=\"wp-image-3699 aligncenter\" src=\"https:\/\/fmp-components.com\/wp-content\/uploads\/2025\/01\/0_Reggiana-Riduttori-71.webp\" alt=\"Reggiana-Riduttori\" width=\"726\" height=\"620\" title=\"\" srcset=\"https:\/\/fmp-components.com\/wp-content\/uploads\/2025\/01\/0_Reggiana-Riduttori-71.webp 726w, https:\/\/fmp-components.com\/wp-content\/uploads\/2025\/01\/0_Reggiana-Riduttori-71-480x410.webp 480w\" sizes=\"(min-width: 0px) and (max-width: 480px) 480px, (min-width: 481px) 726px, 100vw\" \/><\/p>\n<h2>Marcas populares y compatibilidad<\/h2>\n<p><span style=\"color: #ff0000;\"><em><strong>Nota: Las marcas mencionadas en el art\u00edculo son solo para nuestra conveniencia para que los clientes elijan y reemplacen los accesorios de la marca de maquinaria agr\u00edcola correspondiente, y no venden los productos de esa marca.<\/strong><\/em><\/span><\/p>\n<table style=\"width: 96.3288%; height: 140px;\">\n<tbody>\n<tr>\n<th>Marca<\/th>\n<th>Modelo<\/th>\n<th>Compatibilidad<\/th>\n<\/tr>\n<tr>\n<td>Zoomlion<\/td>\n<td>QUY260<\/td>\n<td>Compatible<\/td>\n<\/tr>\n<tr>\n<td>XCMG<\/td>\n<td>QY50K<\/td>\n<td>Compatible<\/td>\n<\/tr>\n<tr>\n<td>Sany<\/td>\n<td>STC250<\/td>\n<td>Compatible<\/td>\n<\/tr>\n<tr>\n<td>Terex<\/td>\n<td>RT555-1<\/td>\n<td>Compatible<\/td>\n<\/tr>\n<\/tbody>\n<\/table>\n<h2>Acerca de FMP<\/h2>\n<p>FMP es un fabricante l\u00edder especializado en la producci\u00f3n de una amplia variedad de productos de transmisi\u00f3n mec\u00e1nica e hidr\u00e1ulica. Nuestra gama de productos incluye cajas de engranajes planetarios, reductores de tornillo sin fin, reductores de engranajes helicoidales en l\u00ednea, reductores de engranajes helicoidales de ejes paralelos, reductores de engranajes c\u00f3nicos helicoidales, reductores de engranajes helicoidales de tornillo sin fin, cajas de engranajes agr\u00edcolas, cajas de engranajes para tractores, cajas de engranajes para autom\u00f3viles, ejes de salida de potencia y reductores especializados. Adem\u00e1s, ofrecemos una amplia selecci\u00f3n de componentes complementarios como ruedas dentadas, sistemas hidr\u00e1ulicos, bombas de vac\u00edo, acoplamientos hidr\u00e1ulicos, cremalleras, cadenas, poleas de distribuci\u00f3n, transmisiones UDL, poleas para correas trapezoidales, cilindros hidr\u00e1ulicos, bombas de engranajes, compresores de aire de tornillo y reductores de tornillo sin fin de bajo juego, entre otros.<\/p>\n<p><strong>Soluciones personalizadas para cada necesidad<\/strong><\/p>\n<p>En FMP, entendemos que cada aplicaci\u00f3n es \u00fanica. Por eso, ofrecemos soluciones totalmente personalizables, que incluyen transmisiones, motorreductores, sistemas hidr\u00e1ulicos y motores a medida, dise\u00f1ados para satisfacer las necesidades espec\u00edficas de nuestros clientes. Nuestras flexibles capacidades de fabricaci\u00f3n nos permiten crear productos dise\u00f1ados con precisi\u00f3n y a medida para garantizar la m\u00e1xima eficiencia y un rendimiento \u00f3ptimo para cualquier aplicaci\u00f3n.<\/p>\n<p><strong>Compromiso con la Calidad y la Innovaci\u00f3n<\/strong><\/p>\n<p>Nos comprometemos firmemente a mantener los m\u00e1s altos est\u00e1ndares de calidad y fiabilidad en cada producto que fabricamos. Nuestros avanzados equipos de prueba e inspecci\u00f3n, junto con un equipo t\u00e9cnico altamente cualificado, garantizan que cada producto cumpla con los rigurosos est\u00e1ndares de la industria. Ya sea ofreciendo soluciones est\u00e1ndar o creando productos a medida, FMP se dedica a ofrecer resultados de alta calidad con un rendimiento excepcional incluso en los entornos m\u00e1s exigentes.<\/p>\n<p>En los \u00faltimos a\u00f1os, FMP ha experimentado un r\u00e1pido crecimiento, impulsado por nuestra amplia experiencia en producci\u00f3n, s\u00f3lidos sistemas de gesti\u00f3n y una s\u00f3lida experiencia t\u00e9cnica. Nuestra filosof\u00eda de \u00abcalidad para la supervivencia e innovaci\u00f3n para el desarrollo\u00bb ha sido la piedra angular de nuestro \u00e9xito, impulsando la mejora y el crecimiento continuos.<\/p>\n<p><strong>Asociaci\u00f3n para el \u00e9xito<\/strong><\/p>\n<p>En FMP, priorizamos la colaboraci\u00f3n y las alianzas a largo plazo con nuestros clientes. Trabajamos estrechamente con ellos para ofrecer soluciones innovadoras y confiables que superen sus expectativas. Nuestro objetivo no es solo satisfacer las necesidades de nuestros clientes, sino tambi\u00e9n forjar relaciones duraderas basadas en la confianza, la calidad y el \u00e9xito mutuo.<\/p>\n<p>Centrados en la ingenier\u00eda de precisi\u00f3n, la confiabilidad y los servicios personalizados, FMP es el socio de confianza para todas sus necesidades de transmisi\u00f3n mec\u00e1nica e hidr\u00e1ulica. Esperamos colaborar con usted para impulsar el \u00e9xito y alcanzar la excelencia juntos.<\/p>\n<p><img loading=\"lazy\" decoding=\"async\" class=\"alignnone size-full wp-image-3678\" src=\"https:\/\/fmp-components.com\/wp-content\/uploads\/2025\/01\/worm-gearbox-factory1.webp\" alt=\"f\u00e1brica de cajas de engranajes helicoidales\" width=\"1024\" height=\"888\" title=\"\" srcset=\"https:\/\/fmp-components.com\/wp-content\/uploads\/2025\/01\/worm-gearbox-factory1.webp 1024w, https:\/\/fmp-components.com\/wp-content\/uploads\/2025\/01\/worm-gearbox-factory1-980x850.webp 980w, https:\/\/fmp-components.com\/wp-content\/uploads\/2025\/01\/worm-gearbox-factory1-480x416.webp 480w\" sizes=\"(min-width: 0px) and (max-width: 480px) 480px, (min-width: 481px) and (max-width: 980px) 980px, (min-width: 981px) 1024px, 100vw\" \/><\/p>\n<p>Autor: CX<\/p>","protected":false},"excerpt":{"rendered":"<p>Wheel Drive Planetary Gearbox Reducer for Cranes The wheel drive planetary gearbox reducer for cranes is a key component in providing mobility and stability to cranes. It is responsible for transmitting power from the crane\u2019s engine to the wheels, ensuring smooth and controlled movement. Depending on the crane&#8217;s wheel configuration, multiple planetary gearboxes may be [&hellip;]<\/p>","protected":false},"featured_media":3700,"comment_status":"open","ping_status":"closed","template":"","meta":{"_et_pb_use_builder":"","_et_pb_old_content":"","_et_gb_content_width":""},"product_brand":[],"product_cat":[90],"product_tag":[],"class_list":{"0":"post-3697","1":"product","2":"type-product","3":"status-publish","4":"has-post-thumbnail","6":"product_cat-planetary-gearbox","8":"first","9":"instock","10":"shipping-taxable","11":"product-type-simple"},"_links":{"self":[{"href":"https:\/\/fmp-components.com\/es\/wp-json\/wp\/v2\/product\/3697","targetHints":{"allow":["GET"]}}],"collection":[{"href":"https:\/\/fmp-components.com\/es\/wp-json\/wp\/v2\/product"}],"about":[{"href":"https:\/\/fmp-components.com\/es\/wp-json\/wp\/v2\/types\/product"}],"replies":[{"embeddable":true,"href":"https:\/\/fmp-components.com\/es\/wp-json\/wp\/v2\/comments?post=3697"}],"wp:featuredmedia":[{"embeddable":true,"href":"https:\/\/fmp-components.com\/es\/wp-json\/wp\/v2\/media\/3700"}],"wp:attachment":[{"href":"https:\/\/fmp-components.com\/es\/wp-json\/wp\/v2\/media?parent=3697"}],"wp:term":[{"taxonomy":"product_brand","embeddable":true,"href":"https:\/\/fmp-components.com\/es\/wp-json\/wp\/v2\/product_brand?post=3697"},{"taxonomy":"product_cat","embeddable":true,"href":"https:\/\/fmp-components.com\/es\/wp-json\/wp\/v2\/product_cat?post=3697"},{"taxonomy":"product_tag","embeddable":true,"href":"https:\/\/fmp-components.com\/es\/wp-json\/wp\/v2\/product_tag?post=3697"}],"curies":[{"name":"gracias","href":"https:\/\/api.w.org\/{rel}","templated":true}]}}