{"id":3674,"date":"2025-01-09T05:49:40","date_gmt":"2025-01-09T05:49:40","guid":{"rendered":"https:\/\/fmp-components.com\/?page_id=8"},"modified":"2025-01-09T06:11:10","modified_gmt":"2025-01-09T06:11:10","slug":"wheel-drive-planetary-gearbox-reducer-for-access-plateform","status":"publish","type":"product","link":"https:\/\/fmp-components.com\/es\/product\/wheel-drive-planetary-gearbox-reducer-for-access-plateform\/","title":{"rendered":"Reductor planetario de transmisi\u00f3n para plataforma de acceso"},"content":{"rendered":"<p style=\"text-align: center;\"><span style=\"font-size: 18pt;\">Reductor de engranajes planetarios para transmisi\u00f3n por rueda para plataforma de acceso<\/span><\/p>\n<p>El reductor planetario de transmisi\u00f3n por rueda para plataformas elevadoras es un sistema de reducci\u00f3n de engranajes de alto rendimiento dise\u00f1ado espec\u00edficamente para su uso en plataformas elevadoras m\u00f3viles de personal (PEMP), plataformas de tijera, plataformas articuladas y otras plataformas de acceso. Dise\u00f1ado para ofrecer fiabilidad, eficiencia y durabilidad, este reductor es un componente esencial para garantizar un movimiento suave y controlado de la plataforma.<\/p>\n<p><strong>Caracter\u00edsticas principales:<\/strong><\/p>\n<ol>\n<li><strong>Alto par de salida<\/strong><br \/>\nDise\u00f1ada para ofrecer un par motor elevado, la caja de cambios planetaria garantiza una transmisi\u00f3n de potencia eficiente a las ruedas de la plataforma elevadora, lo que permite un movimiento suave y fiable incluso con cargas pesadas.<\/li>\n<li><strong>Dise\u00f1o compacto y robusto<\/strong><br \/>\nCon un dise\u00f1o compacto que ahorra espacio, la caja de cambios est\u00e1 construida para adaptarse al espacio reducido de las plataformas de acceso, manteniendo su resistencia y durabilidad. Su robusta construcci\u00f3n garantiza un rendimiento duradero en entornos exigentes.<\/li>\n<li><strong>Mecanismo de engranajes planetarios<\/strong><br \/>\nEl uso de un sistema de engranajes planetarios proporciona una excelente distribuci\u00f3n de la carga, reduce el desgaste y aumenta la eficiencia. Este dise\u00f1o tambi\u00e9n mejora la relaci\u00f3n par\/peso, lo que contribuye a la eficiencia general de la plataforma.<\/li>\n<li><strong>Mayor durabilidad<\/strong><br \/>\nFabricada con materiales de alta calidad, la caja de cambios est\u00e1 dise\u00f1ada para soportar condiciones extremas, incluyendo un funcionamiento frecuente, ciclos de trabajo intensivos y condiciones ambientales adversas. Ofrece una larga vida \u00fatil y reduce los requisitos de mantenimiento.<\/li>\n<li><strong>Funcionamiento suave y silencioso<\/strong><br \/>\nLa ingenier\u00eda de precisi\u00f3n de los engranajes planetarios garantiza un funcionamiento suave y silencioso, reduciendo los niveles de ruido durante el funcionamiento y proporcionando una experiencia m\u00e1s c\u00f3moda para los usuarios.<\/li>\n<\/ol>\n<p><img loading=\"lazy\" decoding=\"async\" class=\"alignnone size-full wp-image-3676\" src=\"https:\/\/fmp-components.com\/wp-content\/uploads\/2025\/01\/0_wheel-drive-for-Access-Plateform-21.webp\" alt=\"0_tracci\u00f3n-en-ruedas-para-Plataforma-de-Acceso-2(1)\" width=\"980\" height=\"354\" title=\"\" srcset=\"https:\/\/fmp-components.com\/wp-content\/uploads\/2025\/01\/0_wheel-drive-for-Access-Plateform-21.webp 980w, https:\/\/fmp-components.com\/wp-content\/uploads\/2025\/01\/0_wheel-drive-for-Access-Plateform-21-480x173.webp 480w\" sizes=\"(min-width: 0px) and (max-width: 480px) 480px, (min-width: 481px) 980px, 100vw\" \/><\/p>\n<p>El reductor planetario para plataformas elevadoras es un componente esencial de alto rendimiento que ofrece una eficiencia, durabilidad y funcionamiento suaves superiores para diversas aplicaciones. Gracias a su dise\u00f1o robusto, opciones personalizables y larga vida \u00fatil, este reductor garantiza un rendimiento fiable y eficiente de su plataforma elevadora incluso en entornos exigentes.<\/p>\n<div class=\"group\/conversation-turn relative flex w-full min-w-0 flex-col agent-turn\">\n<div class=\"flex-col gap-1 md:gap-3\">\n<div class=\"flex max-w-full flex-col flex-grow\">\n<div class=\"min-h-8 text-message flex w-full flex-col items-end gap-2 whitespace-normal break-words text-start [.text-message+&amp;]:mt-5\" dir=\"auto\" data-message-author-role=\"assistant\" data-message-id=\"2334fcc5-ad49-42a5-89f5-7a90448f8b99\" data-message-model-slug=\"gpt-4o\">\n<div class=\"flex w-full flex-col gap-1 empty:hidden first:pt-[3px]\">\n<div class=\"markdown prose w-full break-words dark:prose-invert light\">\n<h2>Reductor de tracci\u00f3n para m\u00e1quinas de plataforma elevadora<\/h2>\n<p>El reductor de transmisi\u00f3n para plataformas elevadoras es un sistema de reducci\u00f3n de engranajes de ingenier\u00eda de precisi\u00f3n dise\u00f1ado para optimizar el rendimiento de plataformas elevadoras, elevadores de tijera y otras m\u00e1quinas de acceso. Con un enfoque en la eficiencia de la transmisi\u00f3n de potencia y la durabilidad, este reductor garantiza un movimiento suave, fiable y controlado, incluso en entornos industriales exigentes.<\/p>\n<p><strong>Caracter\u00edsticas principales:<\/strong> El reductor emplea un dise\u00f1o robusto y compacto, integrando tecnolog\u00eda de engranajes avanzada para proporcionar un alto par de salida y minimizar la p\u00e9rdida de energ\u00eda. Su mecanismo de engranajes planetarios garantiza una distribuci\u00f3n eficiente de la carga, reduciendo el desgaste y prolongando la vida \u00fatil del sistema. Dise\u00f1ado para una f\u00e1cil integraci\u00f3n, el reductor es compatible con diversos modelos de plataformas elevadoras, ofreciendo flexibilidad y una instalaci\u00f3n sencilla.<\/p>\n<p><strong>Durabilidad y rendimiento:<\/strong> Fabricado con materiales de alta calidad, el reductor de tracci\u00f3n est\u00e1 dise\u00f1ado para soportar las exigencias de un uso intensivo. Funciona de forma suave y eficiente incluso en condiciones de uso constante, ofreciendo una durabilidad superior y reduciendo la necesidad de un mantenimiento frecuente. El dise\u00f1o de la caja de cambios tambi\u00e9n garantiza un funcionamiento silencioso, lo que lo hace ideal para entornos sensibles al ruido.<\/p>\n<p><strong>Aplicaciones vers\u00e1tiles:<\/strong> Este reductor es ideal para una amplia gama de plataformas elevadoras, incluyendo plataformas de tijera, plataformas articuladas y otras plataformas a\u00e9reas m\u00f3viles. Su elevado par y eficiencia lo hacen id\u00f3neo para aplicaciones industriales, de construcci\u00f3n y mantenimiento, donde la precisi\u00f3n, la seguridad y el rendimiento son fundamentales.<\/p>\n<p>El reductor de tracci\u00f3n para plataformas elevadoras es una soluci\u00f3n fiable y de alto rendimiento que optimiza la funcionalidad de estas plataformas. Ofrece una excelente eficiencia, durabilidad y facilidad de integraci\u00f3n, garantizando que su maquinaria funcione a niveles \u00f3ptimos de rendimiento, lo que contribuye a mejorar la eficiencia operativa y a reducir los costes de mantenimiento.<\/p>\n<p><img loading=\"lazy\" decoding=\"async\" class=\"wp-image-3677 alignnone\" src=\"https:\/\/fmp-components.com\/wp-content\/uploads\/2025\/01\/0_wheel-drive-for-Access-Plateform-4.webp\" alt=\"0_tracci\u00f3n-en-las-ruedas-para-la-plataforma-de-acceso-4\" width=\"897\" height=\"601\" title=\"\" srcset=\"https:\/\/fmp-components.com\/wp-content\/uploads\/2025\/01\/0_wheel-drive-for-Access-Plateform-4.webp 897w, https:\/\/fmp-components.com\/wp-content\/uploads\/2025\/01\/0_wheel-drive-for-Access-Plateform-4-480x321.webp 480w\" sizes=\"(min-width: 0px) and (max-width: 480px) 480px, (min-width: 481px) 897px, 100vw\" \/><\/p>\n<h2>Compatibilidad con modelos de plataformas de acceso populares<\/h2>\n<p>En aplicaciones pr\u00e1cticas, nuestra caja de cambios planetaria para tracci\u00f3n a las ruedas es ampliamente compatible con m\u00faltiples marcas y modelos conocidos de plataformas elevadoras. A continuaci\u00f3n, se muestran algunos ejemplos comunes:<\/p>\n<ul>\n<li>JLG Industries: Por ejemplo, las plataformas de trabajo en altura de las series JLG 600S y 800AJ.<\/li>\n<li>Genie: como Genie S-65, SX-180 y otras series de elevadores de tijera y veh\u00edculos de trabajo de gran altura con brazo recto.<\/li>\n<li>Haulotte: incluyendo la serie HAULOTTE Star, elevadores de brazo recto autopropulsados \u200b\u200bHA15IP o HA20PX.<\/li>\n<li>Skyjack: como por ejemplo Skyjack SJIII 3219, SJII 4632 elevador de tijera el\u00e9ctrico, etc.<\/li>\n<li>Plataformas de trabajo a\u00e9reo Terex (AWP): incluye plataformas de trabajo de gran altura con brazo telesc\u00f3pico todoterreno como Genie TZ-50 o el nuevo modelo SX-135XC Pro.<\/li>\n<\/ul>\n<p><span style=\"color: #ff0000;\"><em><strong>Nota: Las marcas mencionadas en el art\u00edculo son solo para nuestra conveniencia para que los clientes elijan y reemplacen los accesorios de la marca de maquinaria agr\u00edcola correspondiente, y no venden los productos de esa marca.<\/strong><\/em><\/span><\/p>\n<h2>Acerca de FMP<\/h2>\n<p>FMP es un fabricante l\u00edder especializado en la producci\u00f3n de una amplia gama de productos de transmisi\u00f3n mec\u00e1nica e hidr\u00e1ulica. Nuestra experiencia abarca diversas categor\u00edas de productos, incluyendo reductores planetarios, reductores de tornillo sin fin, reductores helicoidales en l\u00ednea, reductores helicoidales de ejes paralelos, reductores helicoidales de engranajes c\u00f3nicos, reductores helicoidales de tornillo sin fin, cajas de cambios agr\u00edcolas, cajas de cambios para tractores, cajas de cambios para autom\u00f3viles, ejes de salida de potencia y reductores especializados. Adem\u00e1s, ofrecemos una completa selecci\u00f3n de piezas de engranajes relacionadas, ruedas dentadas, sistemas hidr\u00e1ulicos, bombas de vac\u00edo, acoplamientos hidr\u00e1ulicos, cremalleras, cadenas, poleas de distribuci\u00f3n, transmisiones UDL, poleas de correa trapezoidal, cilindros hidr\u00e1ulicos, bombas de engranajes, compresores de aire de tornillo y reductores de tornillo sin fin de bajo juego, entre otros.<\/p>\n<p>En FMP, comprendemos la importancia de la personalizaci\u00f3n para satisfacer las necesidades \u00fanicas de nuestros clientes. Ofrecemos soluciones a medida, incluyendo transmisiones, motorreductores, productos hidr\u00e1ulicos y motores personalizados, basados \u200b\u200ben los planos y requisitos espec\u00edficos de cada cliente. Nuestra flexibilidad de fabricaci\u00f3n nos permite ofrecer productos que se adaptan con precisi\u00f3n a cada aplicaci\u00f3n, garantizando un rendimiento y una eficiencia \u00f3ptimos.<\/p>\n<p><strong>Compromiso con la Calidad y la Innovaci\u00f3n<\/strong><\/p>\n<p>Priorizamos la calidad y la fiabilidad de nuestros productos, respaldadas por equipos avanzados de inspecci\u00f3n y pruebas. Nuestro equipo t\u00e9cnico profesional, junto con tecnolog\u00eda de procesamiento de vanguardia y un estricto sistema de control, garantiza que cada producto cumpla con los m\u00e1s altos est\u00e1ndares de la industria. Ya se trate de equipos est\u00e1ndar o soluciones dise\u00f1adas a medida, FMP se dedica a proporcionar productos excepcionales que ofrecen un rendimiento sobresaliente en aplicaciones exigentes.<\/p>\n<p>En los \u00faltimos a\u00f1os, FMP ha experimentado un r\u00e1pido crecimiento, impulsado por una amplia experiencia en producci\u00f3n, un sistema de gesti\u00f3n avanzado y s\u00f3lidas capacidades t\u00e9cnicas. Nos regimos por la filosof\u00eda de \u00absupervivencia mediante la calidad y desarrollo a trav\u00e9s de la innovaci\u00f3n cient\u00edfica y tecnol\u00f3gica\u00bb, que ha sido la piedra angular de nuestro \u00e9xito.<\/p>\n<p><strong>Un enfoque colaborativo<\/strong><\/p>\n<p>En FMP, nos comprometemos a trabajar estrechamente con nuestros clientes para desarrollar soluciones innovadoras y crear relaciones duraderas. Nuestro objetivo es ofrecer productos y servicios superiores que no solo cumplan, sino que superen las expectativas de nuestros clientes. Esperamos colaborar con usted para alcanzar el \u00e9xito y lograr juntos resultados extraordinarios.<\/p>\n<p>Con un enfoque en la precisi\u00f3n, la fiabilidad y el servicio personalizado, FMP es el socio de confianza en el que puede confiar para sus necesidades de transmisi\u00f3n mec\u00e1nica e hidr\u00e1ulica.<\/p>\n<p><img loading=\"lazy\" decoding=\"async\" class=\"alignnone size-full wp-image-3678\" src=\"https:\/\/fmp-components.com\/wp-content\/uploads\/2025\/01\/worm-gearbox-factory1.webp\" alt=\"f\u00e1brica de cajas de engranajes helicoidales\" width=\"1024\" height=\"888\" title=\"\" srcset=\"https:\/\/fmp-components.com\/wp-content\/uploads\/2025\/01\/worm-gearbox-factory1.webp 1024w, https:\/\/fmp-components.com\/wp-content\/uploads\/2025\/01\/worm-gearbox-factory1-980x850.webp 980w, https:\/\/fmp-components.com\/wp-content\/uploads\/2025\/01\/worm-gearbox-factory1-480x416.webp 480w\" sizes=\"(min-width: 0px) and (max-width: 480px) 480px, (min-width: 481px) and (max-width: 980px) 980px, (min-width: 981px) 1024px, 100vw\" \/><\/p>\n<p>Autor: CX<\/p>\n<\/div>\n<\/div>\n<\/div>\n<\/div>\n<\/div>\n<\/div>","protected":false},"excerpt":{"rendered":"<p>Wheel Drive Planetary Gearbox Reducer for Access Platform The Wheel Drive Planetary Gearbox Reducer for Access Platforms is a high-performance gear reduction system specifically designed for use in aerial work platforms (AWP), scissor lifts, boom lifts, and other access platforms. Engineered for reliability, efficiency, and durability, this gearbox is an essential component for ensuring smooth [&hellip;]<\/p>","protected":false},"featured_media":3680,"comment_status":"open","ping_status":"closed","template":"","meta":{"_et_pb_use_builder":"","_et_pb_old_content":"","_et_gb_content_width":""},"product_brand":[],"product_cat":[90],"product_tag":[],"class_list":{"0":"post-3674","1":"product","2":"type-product","3":"status-publish","4":"has-post-thumbnail","6":"product_cat-planetary-gearbox","8":"first","9":"instock","10":"shipping-taxable","11":"product-type-simple"},"_links":{"self":[{"href":"https:\/\/fmp-components.com\/es\/wp-json\/wp\/v2\/product\/3674","targetHints":{"allow":["GET"]}}],"collection":[{"href":"https:\/\/fmp-components.com\/es\/wp-json\/wp\/v2\/product"}],"about":[{"href":"https:\/\/fmp-components.com\/es\/wp-json\/wp\/v2\/types\/product"}],"replies":[{"embeddable":true,"href":"https:\/\/fmp-components.com\/es\/wp-json\/wp\/v2\/comments?post=3674"}],"wp:featuredmedia":[{"embeddable":true,"href":"https:\/\/fmp-components.com\/es\/wp-json\/wp\/v2\/media\/3680"}],"wp:attachment":[{"href":"https:\/\/fmp-components.com\/es\/wp-json\/wp\/v2\/media?parent=3674"}],"wp:term":[{"taxonomy":"product_brand","embeddable":true,"href":"https:\/\/fmp-components.com\/es\/wp-json\/wp\/v2\/product_brand?post=3674"},{"taxonomy":"product_cat","embeddable":true,"href":"https:\/\/fmp-components.com\/es\/wp-json\/wp\/v2\/product_cat?post=3674"},{"taxonomy":"product_tag","embeddable":true,"href":"https:\/\/fmp-components.com\/es\/wp-json\/wp\/v2\/product_tag?post=3674"}],"curies":[{"name":"gracias","href":"https:\/\/api.w.org\/{rel}","templated":true}]}}