{"id":3617,"date":"2025-01-09T01:50:47","date_gmt":"2025-01-09T01:50:47","guid":{"rendered":"https:\/\/fmp-components.com\/?page_id=8"},"modified":"2025-01-09T01:50:47","modified_gmt":"2025-01-09T01:50:47","slug":"spindle-motor-used-for-cnc-spindle-jszd202","status":"publish","type":"product","link":"https:\/\/fmp-components.com\/es\/product\/spindle-motor-used-for-cnc-spindle-jszd202\/","title":{"rendered":"Motor de husillo utilizado para husillo CNC JSZD202"},"content":{"rendered":"<p><img loading=\"lazy\" decoding=\"async\" class=\"alignnone size-full wp-image-3616\" src=\"https:\/\/fmp-components.com\/wp-content\/uploads\/2025\/01\/spindle-motor-for-cnc-spindle-jszd202-2.webp\" alt=\"Motor de husillo para husillo CNC jszd202-2\" width=\"1104\" height=\"642\" title=\"\" srcset=\"https:\/\/fmp-components.com\/wp-content\/uploads\/2025\/01\/spindle-motor-for-cnc-spindle-jszd202-2.webp 1104w, https:\/\/fmp-components.com\/wp-content\/uploads\/2025\/01\/spindle-motor-for-cnc-spindle-jszd202-2-980x570.webp 980w, https:\/\/fmp-components.com\/wp-content\/uploads\/2025\/01\/spindle-motor-for-cnc-spindle-jszd202-2-480x279.webp 480w\" sizes=\"(min-width: 0px) and (max-width: 480px) 480px, (min-width: 481px) and (max-width: 980px) 980px, (min-width: 981px) 1104px, 100vw\" \/><img loading=\"lazy\" decoding=\"async\" class=\"alignnone size-full wp-image-3614\" src=\"https:\/\/fmp-components.com\/wp-content\/uploads\/2025\/01\/spindle-motor-for-cnc-spindle-jszd202-3.webp\" alt=\"Motor de husillo para husillo CNC jszd202-3\" width=\"1115\" height=\"450\" title=\"\" srcset=\"https:\/\/fmp-components.com\/wp-content\/uploads\/2025\/01\/spindle-motor-for-cnc-spindle-jszd202-3.webp 1115w, https:\/\/fmp-components.com\/wp-content\/uploads\/2025\/01\/spindle-motor-for-cnc-spindle-jszd202-3-980x396.webp 980w, https:\/\/fmp-components.com\/wp-content\/uploads\/2025\/01\/spindle-motor-for-cnc-spindle-jszd202-3-480x194.webp 480w\" sizes=\"(min-width: 0px) and (max-width: 480px) 480px, (min-width: 481px) and (max-width: 980px) 980px, (min-width: 981px) 1115px, 100vw\" \/><\/p>\n<h2>Hay dos formas de salida: una es par constante y la otra es potencia constante, como se muestra a continuaci\u00f3n:<\/h2>\n<p><img loading=\"lazy\" decoding=\"async\" class=\"alignnone size-full wp-image-3573\" src=\"https:\/\/fmp-components.com\/wp-content\/uploads\/2025\/01\/spindle-motor-1.webp\" alt=\"motor de husillo 1\" width=\"973\" height=\"551\" title=\"\" srcset=\"https:\/\/fmp-components.com\/wp-content\/uploads\/2025\/01\/spindle-motor-1.webp 973w, https:\/\/fmp-components.com\/wp-content\/uploads\/2025\/01\/spindle-motor-1-480x272.webp 480w\" sizes=\"(min-width: 0px) and (max-width: 480px) 480px, (min-width: 481px) 973px, 100vw\" \/><\/p>\n<h2>Explicaci\u00f3n de la nomenclatura del husillo del motor<\/h2>\n<p><img loading=\"lazy\" decoding=\"async\" class=\"alignnone size-full wp-image-3574\" src=\"https:\/\/fmp-components.com\/wp-content\/uploads\/2025\/01\/spindle-motor-2.webp\" alt=\"motor de husillo 2\" width=\"666\" height=\"351\" title=\"\" srcset=\"https:\/\/fmp-components.com\/wp-content\/uploads\/2025\/01\/spindle-motor-2.webp 666w, https:\/\/fmp-components.com\/wp-content\/uploads\/2025\/01\/spindle-motor-2-480x253.webp 480w\" sizes=\"(min-width: 0px) and (max-width: 480px) 480px, (min-width: 481px) 666px, 100vw\" \/><\/p>\n<h2>El final de la conexi\u00f3n del husillo<\/h2>\n<p>Tiene muchos tipos diferentes de conexi\u00f3n, dependiendo del modelo de husillo diferente, consulte la tabla a continuaci\u00f3n.<\/p>\n<p><img loading=\"lazy\" decoding=\"async\" class=\"alignnone wp-image-3575\" src=\"https:\/\/fmp-components.com\/wp-content\/uploads\/2025\/01\/spindle-motor-3.webp\" alt=\"motor de husillo\" width=\"885\" height=\"231\" title=\"\" srcset=\"https:\/\/fmp-components.com\/wp-content\/uploads\/2025\/01\/spindle-motor-3.webp 885w, https:\/\/fmp-components.com\/wp-content\/uploads\/2025\/01\/spindle-motor-3-480x125.webp 480w\" sizes=\"(min-width: 0px) and (max-width: 480px) 480px, (min-width: 481px) 885px, 100vw\" \/><\/p>\n<h2>Instrucciones del husillo<\/h2>\n<div><span id=\"spin1\">1<\/span>. El convertidor de frecuencia\u00a0<span id=\"spin2\">tiene que<\/span>\u00a0coincidir con el\u00a0<span id=\"spin3\">el\u00e9ctrico<\/span>\u00a0unidad de husillo. La\u00a0<span id=\"spin4\">b\u00e1sico<\/span>\u00a0frecuencia\u00a0<span id=\"spin5\">o incluso el<\/span>\u00a0frecuencia nominal\u00a0<span id=\"spin6\">as\u00ed como<\/span>\u00a0Voltaje\u00a0<span id=\"spin7\">tendr\u00e1 que<\/span>\u00a0cumplir con los par\u00e1metros t\u00e9cnicos\u00a0<span id=\"spin8\">del<\/span>\u00a0<span id=\"spin9\">el\u00e9ctrico<\/span>\u00a0huso.<br \/>\n<span id=\"spin10\">2<\/span>.\u00a0<span id=\"spin11\">El\u00e9ctrico<\/span>\u00a0huso\u00a0<span id=\"spin12\">es generalmente<\/span>\u00a0Enfriado por agua circulante. Agua de refrigeraci\u00f3n\u00a0<span id=\"spin13\">necesita ser<\/span>\u00a0A prueba de \u00f3xido y filtrado limpio. Cuando\u00a0<span id=\"spin14\">adquisidor<\/span>\u00a0agua, la entrada\u00a0<span id=\"spin15\">debe ser<\/span>\u00a0<span id=\"spin16\">bajo<\/span>\u00a0el\u00a0<span id=\"spin17\">el\u00e9ctrico<\/span>\u00a0huso.<br \/>\n<span id=\"spin18\">tres<\/span>. Cuando\u00a0<span id=\"spin19\">trabajando con<\/span>\u00a0un husillo lubricado con niebla de aceite, el\u00a0<span id=\"spin20\">estr\u00e9s<\/span>\u00a0v\u00e1lvula reguladora\u00a0<span id=\"spin21\">en el<\/span>\u00a0neblina de aceite\u00a0<span id=\"spin22\">artilugio<\/span>\u00a0<span id=\"spin23\">Deber\u00eda ser<\/span>\u00a0Ajustado a 0,25~0,3 MPA la niebla\u00a0<span id=\"spin25\">presi\u00f3n<\/span>\u00a0<span id=\"spin26\">Deber\u00eda ser<\/span>\u00a00,1~0,2 MPa\u00a0<span id=\"spin28\">y el<\/span>\u00a0<span id=\"spin29\">variedad de<\/span>\u00a0gotas de aceite\u00a0<span id=\"spin30\">debe ser<\/span>\u00a060-70 gotas\/min.\u00a0<span id=\"spin31\">y tambi\u00e9n el<\/span>\u00a0aceite lubricante\u00a0<span id=\"spin32\">Deber\u00eda ser<\/span>\u00a0aceite de campana o aceite de turbina n.\u00ba\u00a0<span id=\"spin33\">20<\/span>.<br \/>\n<span id=\"spin34\">cuatro<\/span>. El\u00a0<span id=\"spin35\">velocidad<\/span>\u00a0<span id=\"spin36\">alrededor de la<\/span>\u00a0husillo motorizado\u00a0<span id=\"spin37\">gu\u00eda<\/span>\u00a0<span id=\"spin38\">es definitivamente el<\/span>\u00a0m\u00e1s alto\u00a0<span id=\"spin39\">velocidad<\/span>, y\u00a0<span id=\"spin40\">puede<\/span>\u00a0no ser\u00a0<span id=\"spin41\">elevado<\/span>,\u00a0<span id=\"spin42\">Sin embargo, es<\/span>\u00a0<span id=\"spin43\">tal vez<\/span>\u00a0<span id=\"spin44\">empleado<\/span>\u00a0<span id=\"spin45\">Para reducir<\/span><br \/>\nel\u00a0<span id=\"spin46\">paso,<\/span>\u00a0El voltaje y la frecuencia son\u00a0<span id=\"spin47\">reducido<\/span>\u00a0<span id=\"spin48\">una vez que el<\/span>\u00a0<span id=\"spin49\">velocidad<\/span>\u00a0se baja.<br \/>\n<span id=\"spin50\">5<\/span>. La rotaci\u00f3n\u00a0<span id=\"spin51\">curso<\/span>\u00a0<span id=\"spin52\">con el<\/span>\u00a0husillo motorizado\u00a0<span id=\"spin53\">es usualmente<\/span>\u00a0en sentido antihorario (visto\u00a0<span id=\"spin54\">en el<\/span>\u00a0eje). excepto por\u00a0<span id=\"spin55\">exclusivo<\/span><br \/>\n<span id=\"spin56\">demandas<\/span>.<br \/>\n<span id=\"spin57\">6<\/span>El husillo motorizado lubricado por neblina de aceite.\u00a0<span id=\"spin58\">tiene que ser<\/span>\u00a0<span id=\"spin59\">vinculado<\/span>\u00a0con agua y\u00a0<span id=\"spin60\">gasolina<\/span>\u00a0<span id=\"spin61\">Antes de<\/span>\u00a0<span id=\"spin62\">Podr\u00eda ser posible<\/span>\u00a0<span id=\"spin63\">comenzar<\/span>\u00a0y\u00a0<span id=\"spin64\">cesar<\/span>\u00a0agua y\u00a0<span id=\"spin65\">combustible\u00a0<\/span><span id=\"spin66\">suministrar<\/span>\u00a0<span id=\"spin67\">despu\u00e9s<\/span>\u00a0cerrar.<br \/>\nExplicaci\u00f3n:\u00a0<span id=\"spin68\">\u00fanico<\/span>\u00a0operaci\u00f3n\u00a0<span id=\"spin69\">se requiere<\/span>\u00a0<span id=\"spin70\">de acuerdo a<\/span>\u00a0<span id=\"spin71\">hacia<\/span>\u00a0<span id=\"spin72\">el\u00e9ctrico<\/span>\u00a0huso\u00a0<span id=\"spin73\">pautas<\/span>.<\/div>\n<div>\n<div class=\"flex max-w-full flex-col flex-grow\">\n<div class=\"min-h-8 text-message flex w-full flex-col items-end gap-2 whitespace-normal break-words text-start [.text-message+&amp;]:mt-5\" dir=\"auto\" data-message-author-role=\"assistant\" data-message-id=\"fbdee532-4424-41b2-a093-d85f55f880e4\" data-message-model-slug=\"gpt-4o-mini\">\n<div class=\"flex w-full flex-col gap-1 empty:hidden first:pt-[3px]\">\n<div class=\"markdown prose w-full break-words dark:prose-invert light\">\n<h2>Acerca de FMP<\/h2>\n<p>FMP es un reconocido fabricante especializado en componentes mec\u00e1nicos de alta calidad, como reductores de engranajes c\u00f3nicos helicoidales, ruedas dentadas, bujes c\u00f3nicos, cremalleras, acoplamientos y otras piezas de transmisi\u00f3n. Con una fuerte orientaci\u00f3n exportadora, m\u00e1s de 65% de nuestros productos se entregan a mercados europeos como Alemania, Reino Unido y Francia, lo que contribuye a un volumen de exportaci\u00f3n anual de $18 millones. Nuestro valor de producci\u00f3n anual total supera los 200 millones de RMB.<\/p>\n<p>Nuestros productos se dise\u00f1an y fabrican meticulosamente para cumplir con los est\u00e1ndares industriales internacionales, europeos y estadounidenses. Utilizamos equipos de mecanizado de precisi\u00f3n de \u00faltima generaci\u00f3n, seguimos procesos de producci\u00f3n optimizados e implementamos un sistema de gesti\u00f3n flexible y eficiente. Nuestro completo sistema de gesti\u00f3n de calidad garantiza una calidad excepcional del producto a la vez que mantenemos precios competitivos.<\/p>\n<p>En FMP, nos guiamos por los principios fundamentales de \u00abCalidad: la base del \u00e9xito empresarial a largo plazo; Integridad: el motor del crecimiento; Servicio: la piedra angular del desarrollo; y Asequibilidad: la clave del \u00e9xito sostenido\u00bb. Invitamos a colaborar con socios nacionales e internacionales y nos mantenemos comprometidos a fomentar el crecimiento mutuo y alcanzar el \u00e9xito colectivo.<\/p>\n<\/div>\n<\/div>\n<\/div>\n<\/div>\n<p><img loading=\"lazy\" decoding=\"async\" class=\"alignnone wp-image-3563\" src=\"https:\/\/fmp-components.com\/wp-content\/uploads\/2025\/01\/company-2.webp\" alt=\"compa\u00f1\u00eda\" width=\"873\" height=\"790\" title=\"\" srcset=\"https:\/\/fmp-components.com\/wp-content\/uploads\/2025\/01\/company-2.webp 873w, https:\/\/fmp-components.com\/wp-content\/uploads\/2025\/01\/company-2-480x435.webp 480w\" sizes=\"(min-width: 0px) and (max-width: 480px) 480px, (min-width: 481px) 873px, 100vw\" \/> <img loading=\"lazy\" decoding=\"async\" class=\"alignnone wp-image-3564\" src=\"https:\/\/fmp-components.com\/wp-content\/uploads\/2025\/01\/company-3.webp\" alt=\"compa\u00f1\u00eda\" width=\"873\" height=\"776\" title=\"\" srcset=\"https:\/\/fmp-components.com\/wp-content\/uploads\/2025\/01\/company-3.webp 873w, https:\/\/fmp-components.com\/wp-content\/uploads\/2025\/01\/company-3-480x427.webp 480w\" sizes=\"(min-width: 0px) and (max-width: 480px) 480px, (min-width: 481px) 873px, 100vw\" \/> <img loading=\"lazy\" decoding=\"async\" class=\"alignnone wp-image-3565\" src=\"https:\/\/fmp-components.com\/wp-content\/uploads\/2025\/01\/company-1.webp\" alt=\"compa\u00f1\u00eda\" width=\"877\" height=\"225\" title=\"\" srcset=\"https:\/\/fmp-components.com\/wp-content\/uploads\/2025\/01\/company-1.webp 877w, https:\/\/fmp-components.com\/wp-content\/uploads\/2025\/01\/company-1-480x123.webp 480w\" sizes=\"(min-width: 0px) and (max-width: 480px) 480px, (min-width: 481px) 877px, 100vw\" \/><\/p>\n<p>Autor: CX<\/p>\n<\/div>","protected":false},"excerpt":{"rendered":"<p>There are Two Ways for the Output One is Constant Torque, and Another is Constant Power as Below: Nomenclature Explanation of Motor Spindle The End of the Spindle Connection Its have many different types of connection, depending on the different model spindle, please refer to the table below. Spindle Instruction 1. The frequency converter\u00a0has to\u00a0match [&hellip;]<\/p>","protected":false},"featured_media":3618,"comment_status":"open","ping_status":"closed","template":"","meta":{"_et_pb_use_builder":"","_et_pb_old_content":"","_et_gb_content_width":""},"product_brand":[],"product_cat":[89],"product_tag":[],"class_list":{"0":"post-3617","1":"product","2":"type-product","3":"status-publish","4":"has-post-thumbnail","6":"product_cat-spindle-motor","8":"first","9":"instock","10":"shipping-taxable","11":"product-type-simple"},"_links":{"self":[{"href":"https:\/\/fmp-components.com\/es\/wp-json\/wp\/v2\/product\/3617","targetHints":{"allow":["GET"]}}],"collection":[{"href":"https:\/\/fmp-components.com\/es\/wp-json\/wp\/v2\/product"}],"about":[{"href":"https:\/\/fmp-components.com\/es\/wp-json\/wp\/v2\/types\/product"}],"replies":[{"embeddable":true,"href":"https:\/\/fmp-components.com\/es\/wp-json\/wp\/v2\/comments?post=3617"}],"wp:featuredmedia":[{"embeddable":true,"href":"https:\/\/fmp-components.com\/es\/wp-json\/wp\/v2\/media\/3618"}],"wp:attachment":[{"href":"https:\/\/fmp-components.com\/es\/wp-json\/wp\/v2\/media?parent=3617"}],"wp:term":[{"taxonomy":"product_brand","embeddable":true,"href":"https:\/\/fmp-components.com\/es\/wp-json\/wp\/v2\/product_brand?post=3617"},{"taxonomy":"product_cat","embeddable":true,"href":"https:\/\/fmp-components.com\/es\/wp-json\/wp\/v2\/product_cat?post=3617"},{"taxonomy":"product_tag","embeddable":true,"href":"https:\/\/fmp-components.com\/es\/wp-json\/wp\/v2\/product_tag?post=3617"}],"curies":[{"name":"gracias","href":"https:\/\/api.w.org\/{rel}","templated":true}]}}