{"id":3584,"date":"2025-01-08T08:08:35","date_gmt":"2025-01-08T08:08:35","guid":{"rendered":"https:\/\/fmp-components.com\/?page_id=8"},"modified":"2025-01-08T08:08:35","modified_gmt":"2025-01-08T08:08:35","slug":"spindle-motor-used-for-lathe-jszd150h","status":"publish","type":"product","link":"https:\/\/fmp-components.com\/es\/product\/spindle-motor-used-for-lathe-jszd150h\/","title":{"rendered":"Motor de husillo utilizado para torno JSZD150H"},"content":{"rendered":"<p style=\"text-align: center;\"><span style=\"font-size: 18pt;\">Motor de husillo utilizado para torno JSZD150H<\/span><\/p>\n<p>Los motores de husillo ofrecen numerosas ventajas sobre otros tipos de motores, como su peque\u00f1o tama\u00f1o, alta fiabilidad y bajo consumo de energ\u00eda. Adem\u00e1s, pueden funcionar durante miles de horas sin problemas y son muy silenciosos. Esto permite su instalaci\u00f3n en espacios reducidos y las pistas ocupan menos espacio. Las pistas son c\u00edrculos conc\u00e9ntricos de material magn\u00e9tico alrededor del eje del motor de husillo.<\/p>\n<p><img loading=\"lazy\" decoding=\"async\" class=\"alignnone size-full wp-image-3590\" src=\"https:\/\/fmp-components.com\/wp-content\/uploads\/2025\/01\/spindle-motor-used-for-lathe-jszd220-2.webp\" alt=\"Motor de husillo para torno jszd220-2\" width=\"847\" height=\"518\" title=\"\" srcset=\"https:\/\/fmp-components.com\/wp-content\/uploads\/2025\/01\/spindle-motor-used-for-lathe-jszd220-2.webp 847w, https:\/\/fmp-components.com\/wp-content\/uploads\/2025\/01\/spindle-motor-used-for-lathe-jszd220-2-480x294.webp 480w\" sizes=\"(min-width: 0px) and (max-width: 480px) 480px, (min-width: 481px) 847px, 100vw\" \/> <img loading=\"lazy\" decoding=\"async\" class=\"alignnone size-full wp-image-3589\" src=\"https:\/\/fmp-components.com\/wp-content\/uploads\/2025\/01\/spindle-motor-used-for-lathe-jszd220-3.webp\" alt=\"Motor de husillo para torno jszd220-3\" width=\"856\" height=\"192\" title=\"\" srcset=\"https:\/\/fmp-components.com\/wp-content\/uploads\/2025\/01\/spindle-motor-used-for-lathe-jszd220-3.webp 856w, https:\/\/fmp-components.com\/wp-content\/uploads\/2025\/01\/spindle-motor-used-for-lathe-jszd220-3-480x108.webp 480w\" sizes=\"(min-width: 0px) and (max-width: 480px) 480px, (min-width: 481px) 856px, 100vw\" \/><\/p>\n<h3>Caracter\u00edsticas de los husillos utilizados para el torno<\/h3>\n<ol>\n<li><strong>Transmisi\u00f3n de alto par y potencia<\/strong><br \/>\nLos husillos utilizados en tornos est\u00e1n dise\u00f1ados para proporcionar un par alto y constante, lo que permite una extracci\u00f3n eficiente del material incluso con cargas de corte elevadas. Esto garantiza un funcionamiento suave y la capacidad de manipular materiales resistentes sin sacrificar el rendimiento.<\/li>\n<li><strong>Control de velocidad variable<\/strong><br \/>\nLos husillos de torno suelen tener capacidad de velocidad variable, lo que permite a los operadores ajustar la velocidad del husillo para adaptarse a diferentes tareas de mecanizado. Esta flexibilidad es crucial para procesar diversos materiales, desde metales hasta pl\u00e1sticos, y garantiza condiciones de corte \u00f3ptimas para trabajos de precisi\u00f3n.<\/li>\n<li><strong>Precisi\u00f3n y estabilidad<\/strong><br \/>\nLos husillos de torno est\u00e1n dise\u00f1ados para ofrecer alta precisi\u00f3n y un descentramiento m\u00ednimo, lo que garantiza que la pieza gire con precisi\u00f3n a lo largo de su eje. Esta precisi\u00f3n es crucial para producir piezas con tolerancias ajustadas y lograr acabados superficiales finos, especialmente en aplicaciones de alta gama como la industria aeroespacial o automotriz.<\/li>\n<li><strong>Durabilidad y resistencia al calor<\/strong><br \/>\nDada la exigente naturaleza de las operaciones de torneado, los husillos est\u00e1n dise\u00f1ados para soportar un uso prolongado a altas velocidades y con cargas variables. Muchos husillos de torno incorporan sistemas de refrigeraci\u00f3n avanzados, como refrigeraci\u00f3n por aire o l\u00edquido, para disipar el calor y garantizar un rendimiento estable durante largos periodos.<\/li>\n<li><strong>Baja vibraci\u00f3n y ruido<\/strong><br \/>\nLos husillos de torno de alta calidad est\u00e1n dise\u00f1ados para minimizar las vibraciones y el ruido, factores cruciales para mantener la precisi\u00f3n de las piezas y crear un entorno de trabajo m\u00e1s silencioso. Los bajos niveles de vibraci\u00f3n tambi\u00e9n contribuyen a una mayor vida \u00fatil de la herramienta y a la calidad de la pieza.<\/li>\n<\/ol>\n<p>En general, los husillos de torno est\u00e1n dise\u00f1ados para brindar confiabilidad, precisi\u00f3n y versatilidad, lo que los convierte en un componente crucial para garantizar el alto rendimiento y la eficiencia de los tornos en una amplia gama de aplicaciones.<\/p>\n<h2>Hay dos formas de salida: una es par constante y la otra es potencia constante, como se muestra a continuaci\u00f3n:<\/h2>\n<p><img loading=\"lazy\" decoding=\"async\" class=\"alignnone size-full wp-image-3573\" src=\"https:\/\/fmp-components.com\/wp-content\/uploads\/2025\/01\/spindle-motor-1.webp\" alt=\"motor de husillo 1\" width=\"973\" height=\"551\" title=\"\" srcset=\"https:\/\/fmp-components.com\/wp-content\/uploads\/2025\/01\/spindle-motor-1.webp 973w, https:\/\/fmp-components.com\/wp-content\/uploads\/2025\/01\/spindle-motor-1-480x272.webp 480w\" sizes=\"(min-width: 0px) and (max-width: 480px) 480px, (min-width: 481px) 973px, 100vw\" \/><\/p>\n<h2>Explicaci\u00f3n de la nomenclatura del husillo del motor<\/h2>\n<p><img loading=\"lazy\" decoding=\"async\" class=\"alignnone size-full wp-image-3574\" src=\"https:\/\/fmp-components.com\/wp-content\/uploads\/2025\/01\/spindle-motor-2.webp\" alt=\"motor de husillo 2\" width=\"666\" height=\"351\" title=\"\" srcset=\"https:\/\/fmp-components.com\/wp-content\/uploads\/2025\/01\/spindle-motor-2.webp 666w, https:\/\/fmp-components.com\/wp-content\/uploads\/2025\/01\/spindle-motor-2-480x253.webp 480w\" sizes=\"(min-width: 0px) and (max-width: 480px) 480px, (min-width: 481px) 666px, 100vw\" \/><\/p>\n<h2>El final de la conexi\u00f3n del husillo<\/h2>\n<p>Tiene muchos tipos diferentes de conexi\u00f3n, dependiendo del modelo de husillo diferente, consulte la tabla a continuaci\u00f3n.<\/p>\n<p><img loading=\"lazy\" decoding=\"async\" class=\"alignnone wp-image-3575\" src=\"https:\/\/fmp-components.com\/wp-content\/uploads\/2025\/01\/spindle-motor-3.webp\" alt=\"motor de husillo\" width=\"885\" height=\"231\" title=\"\" srcset=\"https:\/\/fmp-components.com\/wp-content\/uploads\/2025\/01\/spindle-motor-3.webp 885w, https:\/\/fmp-components.com\/wp-content\/uploads\/2025\/01\/spindle-motor-3-480x125.webp 480w\" sizes=\"(min-width: 0px) and (max-width: 480px) 480px, (min-width: 481px) 885px, 100vw\" \/><\/p>\n<h2>Instrucciones del husillo<\/h2>\n<div><span id=\"spin1\">1<\/span>. El convertidor de frecuencia\u00a0<span id=\"spin2\">tiene que<\/span>\u00a0coincidir con el\u00a0<span id=\"spin3\">el\u00e9ctrico<\/span>\u00a0unidad de husillo. La\u00a0<span id=\"spin4\">b\u00e1sico<\/span>\u00a0frecuencia\u00a0<span id=\"spin5\">o incluso el<\/span>\u00a0frecuencia nominal\u00a0<span id=\"spin6\">as\u00ed como<\/span>\u00a0Voltaje\u00a0<span id=\"spin7\">tendr\u00e1 que<\/span>\u00a0cumplir con los par\u00e1metros t\u00e9cnicos\u00a0<span id=\"spin8\">del<\/span>\u00a0<span id=\"spin9\">el\u00e9ctrico<\/span>\u00a0huso.<br \/>\n<span id=\"spin10\">2<\/span>.\u00a0<span id=\"spin11\">El\u00e9ctrico<\/span>\u00a0huso\u00a0<span id=\"spin12\">es generalmente<\/span>\u00a0Enfriado por agua circulante. Agua de refrigeraci\u00f3n\u00a0<span id=\"spin13\">necesita ser<\/span>\u00a0A prueba de \u00f3xido y filtrado limpio. Cuando\u00a0<span id=\"spin14\">adquisidor<\/span>\u00a0agua, la entrada\u00a0<span id=\"spin15\">debe ser<\/span>\u00a0<span id=\"spin16\">bajo<\/span>\u00a0el\u00a0<span id=\"spin17\">el\u00e9ctrico<\/span>\u00a0huso.<br \/>\n<span id=\"spin18\">tres<\/span>. Cuando\u00a0<span id=\"spin19\">trabajando con<\/span>\u00a0un husillo lubricado con niebla de aceite, el\u00a0<span id=\"spin20\">estr\u00e9s<\/span>\u00a0v\u00e1lvula reguladora\u00a0<span id=\"spin21\">en el<\/span>\u00a0neblina de aceite\u00a0<span id=\"spin22\">artilugio<\/span>\u00a0<span id=\"spin23\">Deber\u00eda ser<\/span>\u00a0Ajustado a 0,25~0,3 MPA la niebla\u00a0<span id=\"spin25\">presi\u00f3n<\/span>\u00a0<span id=\"spin26\">Deber\u00eda ser<\/span>\u00a00,1~0,2 MPa\u00a0<span id=\"spin28\">y el<\/span>\u00a0<span id=\"spin29\">variedad de<\/span>\u00a0gotas de aceite\u00a0<span id=\"spin30\">debe ser<\/span>\u00a060-70 gotas\/min.\u00a0<span id=\"spin31\">y tambi\u00e9n el<\/span>\u00a0aceite lubricante\u00a0<span id=\"spin32\">Deber\u00eda ser<\/span>\u00a0aceite de campana o aceite de turbina n.\u00ba\u00a0<span id=\"spin33\">20<\/span>.<br \/>\n<span id=\"spin34\">cuatro<\/span>. El\u00a0<span id=\"spin35\">velocidad<\/span>\u00a0<span id=\"spin36\">alrededor de la<\/span>\u00a0husillo motorizado\u00a0<span id=\"spin37\">gu\u00eda<\/span>\u00a0<span id=\"spin38\">es definitivamente el<\/span>\u00a0m\u00e1s alto\u00a0<span id=\"spin39\">velocidad<\/span>, y\u00a0<span id=\"spin40\">puede<\/span>\u00a0no ser\u00a0<span id=\"spin41\">elevado<\/span>,\u00a0<span id=\"spin42\">Sin embargo, es<\/span>\u00a0<span id=\"spin43\">tal vez<\/span>\u00a0<span id=\"spin44\">empleado<\/span>\u00a0<span id=\"spin45\">Para reducir<\/span><br \/>\nel\u00a0<span id=\"spin46\">paso,<\/span>\u00a0El voltaje y la frecuencia son\u00a0<span id=\"spin47\">reducido<\/span>\u00a0<span id=\"spin48\">una vez que el<\/span>\u00a0<span id=\"spin49\">velocidad<\/span>\u00a0se baja.<br \/>\n<span id=\"spin50\">5<\/span>. La rotaci\u00f3n\u00a0<span id=\"spin51\">curso<\/span>\u00a0<span id=\"spin52\">con el<\/span>\u00a0husillo motorizado\u00a0<span id=\"spin53\">es usualmente<\/span>\u00a0en sentido antihorario (visto\u00a0<span id=\"spin54\">en el<\/span>\u00a0eje). excepto por\u00a0<span id=\"spin55\">exclusivo<\/span><br \/>\n<span id=\"spin56\">demandas<\/span>.<br \/>\n<span id=\"spin57\">6<\/span>El husillo motorizado lubricado por neblina de aceite.\u00a0<span id=\"spin58\">tiene que ser<\/span>\u00a0<span id=\"spin59\">vinculado<\/span>\u00a0con agua y\u00a0<span id=\"spin60\">gasolina<\/span>\u00a0<span id=\"spin61\">Antes de<\/span>\u00a0<span id=\"spin62\">Podr\u00eda ser posible<\/span>\u00a0<span id=\"spin63\">comenzar<\/span>\u00a0y\u00a0<span id=\"spin64\">cesar<\/span>\u00a0agua y\u00a0<span id=\"spin65\">combustible\u00a0<\/span><span id=\"spin66\">suministrar<\/span>\u00a0<span id=\"spin67\">despu\u00e9s<\/span>\u00a0cerrar.<br \/>\nExplicaci\u00f3n:\u00a0<span id=\"spin68\">\u00fanico<\/span>\u00a0operaci\u00f3n\u00a0<span id=\"spin69\">se requiere<\/span>\u00a0<span id=\"spin70\">de acuerdo a<\/span>\u00a0<span id=\"spin71\">hacia<\/span>\u00a0<span id=\"spin72\">el\u00e9ctrico<\/span>\u00a0huso\u00a0<span id=\"spin73\">pautas<\/span>.<\/div>\n<div>\n<div class=\"flex max-w-full flex-col flex-grow\">\n<div class=\"min-h-8 text-message flex w-full flex-col items-end gap-2 whitespace-normal break-words text-start [.text-message+&amp;]:mt-5\" dir=\"auto\" data-message-author-role=\"assistant\" data-message-id=\"fbdee532-4424-41b2-a093-d85f55f880e4\" data-message-model-slug=\"gpt-4o-mini\">\n<div class=\"flex w-full flex-col gap-1 empty:hidden first:pt-[3px]\">\n<div class=\"markdown prose w-full break-words dark:prose-invert light\">\n<h2>Acerca de FMP<\/h2>\n<p>FMP es un fabricante l\u00edder especializado en componentes mec\u00e1nicos, incluyendo reductores de engranajes c\u00f3nicos helicoidales, ruedas dentadas, bujes c\u00f3nicos, cremalleras, acoplamientos y otras piezas de transmisi\u00f3n. Con una fuerte vocaci\u00f3n exportadora, exportamos m\u00e1s de 651 TP4T de nuestros productos a mercados europeos como Alemania, Reino Unido y Francia, generando un valor de exportaci\u00f3n anual de 1 TP5T18 millones. Nuestro valor de producci\u00f3n anual total alcanza los 200 millones de RMB.<\/p>\n<p>Todos los productos FMP se dise\u00f1an y fabrican seg\u00fan est\u00e1ndares industriales internacionales, europeos y estadounidenses. Empleamos equipos de mecanizado de precisi\u00f3n avanzados, seguimos procesos de producci\u00f3n optimizados y mantenemos un sistema de gesti\u00f3n flexible y eficiente. Nuestro s\u00f3lido sistema de gesti\u00f3n de calidad garantiza altos est\u00e1ndares de calidad a la vez que mantenemos precios competitivos.<\/p>\n<p>En FMP, defendemos los valores fundamentales de \u00abCalidad: piedra angular de la sostenibilidad empresarial; Integridad: motor del crecimiento empresarial; Servicio: base del desarrollo; y Asequibilidad: clave del \u00e9xito\u00bb. Agradecemos la colaboraci\u00f3n con clientes nacionales e internacionales y nos comprometemos a fomentar el crecimiento y el \u00e9xito mutuos.<\/p>\n<\/div>\n<\/div>\n<\/div>\n<\/div>\n<p><img loading=\"lazy\" decoding=\"async\" class=\"alignnone wp-image-3563\" src=\"https:\/\/fmp-components.com\/wp-content\/uploads\/2025\/01\/company-2.webp\" alt=\"compa\u00f1\u00eda\" width=\"873\" height=\"790\" title=\"\" srcset=\"https:\/\/fmp-components.com\/wp-content\/uploads\/2025\/01\/company-2.webp 873w, https:\/\/fmp-components.com\/wp-content\/uploads\/2025\/01\/company-2-480x435.webp 480w\" sizes=\"(min-width: 0px) and (max-width: 480px) 480px, (min-width: 481px) 873px, 100vw\" \/> <img loading=\"lazy\" decoding=\"async\" class=\"alignnone wp-image-3564\" src=\"https:\/\/fmp-components.com\/wp-content\/uploads\/2025\/01\/company-3.webp\" alt=\"compa\u00f1\u00eda\" width=\"873\" height=\"776\" title=\"\" srcset=\"https:\/\/fmp-components.com\/wp-content\/uploads\/2025\/01\/company-3.webp 873w, https:\/\/fmp-components.com\/wp-content\/uploads\/2025\/01\/company-3-480x427.webp 480w\" sizes=\"(min-width: 0px) and (max-width: 480px) 480px, (min-width: 481px) 873px, 100vw\" \/> <img loading=\"lazy\" decoding=\"async\" class=\"alignnone wp-image-3565\" src=\"https:\/\/fmp-components.com\/wp-content\/uploads\/2025\/01\/company-1.webp\" alt=\"compa\u00f1\u00eda\" width=\"877\" height=\"225\" title=\"\" srcset=\"https:\/\/fmp-components.com\/wp-content\/uploads\/2025\/01\/company-1.webp 877w, https:\/\/fmp-components.com\/wp-content\/uploads\/2025\/01\/company-1-480x123.webp 480w\" sizes=\"(min-width: 0px) and (max-width: 480px) 480px, (min-width: 481px) 877px, 100vw\" \/><\/p>\n<p>Autor: CX<\/p>\n<\/div>","protected":false},"excerpt":{"rendered":"<p>Spindle Motor Used for Lathe JSZD150H Spindle motors have many advantages over other types of motors, including small size, high reliability, and low power consumption. They can also run for thousands of hours without trouble and are very quiet. This allows them to be installed in smaller spaces, and the tracks take up less space. [&hellip;]<\/p>","protected":false},"featured_media":3588,"comment_status":"open","ping_status":"closed","template":"","meta":{"_et_pb_use_builder":"","_et_pb_old_content":"","_et_gb_content_width":""},"product_brand":[],"product_cat":[89],"product_tag":[],"class_list":{"0":"post-3584","1":"product","2":"type-product","3":"status-publish","4":"has-post-thumbnail","6":"product_cat-spindle-motor","8":"first","9":"instock","10":"shipping-taxable","11":"product-type-simple"},"_links":{"self":[{"href":"https:\/\/fmp-components.com\/es\/wp-json\/wp\/v2\/product\/3584","targetHints":{"allow":["GET"]}}],"collection":[{"href":"https:\/\/fmp-components.com\/es\/wp-json\/wp\/v2\/product"}],"about":[{"href":"https:\/\/fmp-components.com\/es\/wp-json\/wp\/v2\/types\/product"}],"replies":[{"embeddable":true,"href":"https:\/\/fmp-components.com\/es\/wp-json\/wp\/v2\/comments?post=3584"}],"wp:featuredmedia":[{"embeddable":true,"href":"https:\/\/fmp-components.com\/es\/wp-json\/wp\/v2\/media\/3588"}],"wp:attachment":[{"href":"https:\/\/fmp-components.com\/es\/wp-json\/wp\/v2\/media?parent=3584"}],"wp:term":[{"taxonomy":"product_brand","embeddable":true,"href":"https:\/\/fmp-components.com\/es\/wp-json\/wp\/v2\/product_brand?post=3584"},{"taxonomy":"product_cat","embeddable":true,"href":"https:\/\/fmp-components.com\/es\/wp-json\/wp\/v2\/product_cat?post=3584"},{"taxonomy":"product_tag","embeddable":true,"href":"https:\/\/fmp-components.com\/es\/wp-json\/wp\/v2\/product_tag?post=3584"}],"curies":[{"name":"gracias","href":"https:\/\/api.w.org\/{rel}","templated":true}]}}