{"id":3554,"date":"2025-01-08T05:47:39","date_gmt":"2025-01-08T05:47:39","guid":{"rendered":"https:\/\/fmp-components.com\/?page_id=8"},"modified":"2025-01-08T05:47:39","modified_gmt":"2025-01-08T05:47:39","slug":"iec-b14-face-mounted-stainless-steel-motor-tenv","status":"publish","type":"product","link":"https:\/\/fmp-components.com\/es\/product\/iec-b14-face-mounted-stainless-steel-motor-tenv\/","title":{"rendered":"Motor de acero inoxidable con montaje frontal IEC B14 -TENV"},"content":{"rendered":"<p><img loading=\"lazy\" decoding=\"async\" class=\"size-full wp-image-3556 aligncenter\" src=\"https:\/\/fmp-components.com\/wp-content\/uploads\/2025\/01\/fmp_1.stainless-steel-motor-2.webp\" alt=\"fmp_1.motor-de-acero-inoxidable-2\" width=\"798\" height=\"373\" title=\"\" srcset=\"https:\/\/fmp-components.com\/wp-content\/uploads\/2025\/01\/fmp_1.stainless-steel-motor-2.webp 798w, https:\/\/fmp-components.com\/wp-content\/uploads\/2025\/01\/fmp_1.stainless-steel-motor-2-480x224.webp 480w\" sizes=\"(min-width: 0px) and (max-width: 480px) 480px, (min-width: 481px) 798px, 100vw\" \/><\/p>\n<table style=\"width: 99.7231%;\" border=\"1\">\n<tbody>\n<tr>\n<td style=\"width: 12.2066%;\">Tipo de marco<\/td>\n<td style=\"width: 12.0501%;\">Tipo de brida<\/td>\n<td style=\"width: 6.10329%;\">polacos<\/td>\n<td style=\"width: 2.9734%;\">D<\/td>\n<td style=\"width: 2.9734%;\">mi<\/td>\n<td style=\"width: 1.87793%;\">F<\/td>\n<td style=\"width: 4.22535%;\">GRAMO<\/td>\n<td style=\"width: 4.22535%;\">METRO<\/td>\n<td style=\"width: 2.9734%;\">norte<\/td>\n<td style=\"width: 4.22535%;\">PAG<\/td>\n<td style=\"width: 2.19092%;\">R<\/td>\n<td style=\"width: 3.59937%;\">S<\/td>\n<td style=\"width: 3.59937%;\">T<\/td>\n<td style=\"width: 12.3631%;\">Orificio de brida<\/td>\n<td style=\"width: 10.7981%;\">Agujero del eje<\/td>\n<td style=\"width: 4.22535%;\">C.A.<\/td>\n<td style=\"width: 48.2003%;\">ANUNCIO<\/td>\n<\/tr>\n<tr>\n<td style=\"width: 12.2066%;\">63<\/td>\n<td style=\"width: 12.0501%;\">FT75<\/td>\n<td style=\"width: 6.10329%;\">2,4<\/td>\n<td style=\"width: 2.9734%;\">11<\/td>\n<td style=\"width: 2.9734%;\">23<\/td>\n<td style=\"width: 1.87793%;\">4<\/td>\n<td style=\"width: 4.22535%;\">8.5<\/td>\n<td style=\"width: 4.22535%;\">75<\/td>\n<td style=\"width: 2.9734%;\">60<\/td>\n<td style=\"width: 4.22535%;\">90<\/td>\n<td style=\"width: 2.19092%;\">0<\/td>\n<td style=\"width: 3.59937%;\">M5<\/td>\n<td style=\"width: 3.59937%;\">2.5<\/td>\n<td style=\"width: 12.3631%;\">4<\/td>\n<td style=\"width: 10.7981%;\">M4<\/td>\n<td style=\"width: 4.22535%;\">114<\/td>\n<td style=\"width: 48.2003%;\">117<\/td>\n<\/tr>\n<tr>\n<td style=\"width: 12.2066%;\">71<\/td>\n<td style=\"width: 12.0501%;\">FT85<\/td>\n<td style=\"width: 6.10329%;\">2.4.6<\/td>\n<td style=\"width: 2.9734%;\">14<\/td>\n<td style=\"width: 2.9734%;\">30<\/td>\n<td style=\"width: 1.87793%;\">5<\/td>\n<td style=\"width: 4.22535%;\">11<\/td>\n<td style=\"width: 4.22535%;\">85<\/td>\n<td style=\"width: 2.9734%;\">70<\/td>\n<td style=\"width: 4.22535%;\">105<\/td>\n<td style=\"width: 2.19092%;\">0<\/td>\n<td style=\"width: 3.59937%;\">M6<\/td>\n<td style=\"width: 3.59937%;\">2.5<\/td>\n<td style=\"width: 12.3631%;\">4<\/td>\n<td style=\"width: 10.7981%;\">M5<\/td>\n<td style=\"width: 4.22535%;\">134<\/td>\n<td style=\"width: 48.2003%;\">129<\/td>\n<\/tr>\n<tr>\n<td style=\"width: 12.2066%;\">80<\/td>\n<td style=\"width: 12.0501%;\">FT100<\/td>\n<td style=\"width: 6.10329%;\">2.4.6<\/td>\n<td style=\"width: 2.9734%;\">19<\/td>\n<td style=\"width: 2.9734%;\">40<\/td>\n<td style=\"width: 1.87793%;\">6<\/td>\n<td style=\"width: 4.22535%;\">155<\/td>\n<td style=\"width: 4.22535%;\">100<\/td>\n<td style=\"width: 2.9734%;\">80<\/td>\n<td style=\"width: 4.22535%;\">120<\/td>\n<td style=\"width: 2.19092%;\">0<\/td>\n<td style=\"width: 3.59937%;\">M6<\/td>\n<td style=\"width: 3.59937%;\">3<\/td>\n<td style=\"width: 12.3631%;\">4<\/td>\n<td style=\"width: 10.7981%;\">M6<\/td>\n<td style=\"width: 4.22535%;\">144<\/td>\n<td style=\"width: 48.2003%;\">135<\/td>\n<\/tr>\n<tr>\n<td style=\"width: 12.2066%;\">A\u00f1os 90<\/td>\n<td style=\"width: 12.0501%;\">FT115<\/td>\n<td style=\"width: 6.10329%;\">2.4.6<\/td>\n<td style=\"width: 2.9734%;\">24<\/td>\n<td style=\"width: 2.9734%;\">50<\/td>\n<td style=\"width: 1.87793%;\">8<\/td>\n<td style=\"width: 4.22535%;\">20<\/td>\n<td style=\"width: 4.22535%;\">115<\/td>\n<td style=\"width: 2.9734%;\">95<\/td>\n<td style=\"width: 4.22535%;\">140<\/td>\n<td style=\"width: 2.19092%;\">0<\/td>\n<td style=\"width: 3.59937%;\">M8<\/td>\n<td style=\"width: 3.59937%;\">3<\/td>\n<td style=\"width: 12.3631%;\">4<\/td>\n<td style=\"width: 10.7981%;\">M8<\/td>\n<td style=\"width: 4.22535%;\">164<\/td>\n<td style=\"width: 48.2003%;\">147<\/td>\n<\/tr>\n<\/tbody>\n<\/table>\n<h2>Especificaciones del motor de acero inoxidable IEC<\/h2>\n<table style=\"width: 99.8783%;\" border=\"1\">\n<tbody>\n<tr>\n<td style=\"width: 14.4262%;\">Marco<\/td>\n<td style=\"width: 24.918%;\">KW<\/td>\n<td style=\"width: 46.8852%;\">Montaje<\/td>\n<td style=\"width: 213.443%;\">Propiedad intelectual<\/td>\n<\/tr>\n<tr>\n<td style=\"width: 14.4262%;\">63<\/td>\n<td style=\"width: 24.918%;\">0.18<\/td>\n<td style=\"width: 46.8852%;\" rowspan=\"7\">B3, B5, B14, B34, B35<\/td>\n<td style=\"width: 213.443%;\" rowspan=\"7\">IP55<\/td>\n<\/tr>\n<tr>\n<td style=\"width: 14.4262%;\">71<\/td>\n<td style=\"width: 24.918%;\">0,25, 0,37<\/td>\n<\/tr>\n<tr>\n<td style=\"width: 14.4262%;\">80<\/td>\n<td style=\"width: 24.918%;\">0,55, 0,75<\/td>\n<\/tr>\n<tr>\n<td style=\"width: 14.4262%;\">90<\/td>\n<td style=\"width: 24.918%;\">1.1, 1.5<\/td>\n<\/tr>\n<tr>\n<td style=\"width: 14.4262%;\">100<\/td>\n<td style=\"width: 24.918%;\">2.2, 3.0<\/td>\n<\/tr>\n<tr>\n<td style=\"width: 14.4262%;\">112<\/td>\n<td style=\"width: 24.918%;\">4.0<\/td>\n<\/tr>\n<tr>\n<td style=\"width: 14.4262%;\">1332<\/td>\n<td style=\"width: 24.918%;\">5.5, 7.5<\/td>\n<\/tr>\n<\/tbody>\n<\/table>\n<p>Tambi\u00e9n est\u00e1 disponible si tiene alg\u00fan requisito especial para el motor.<\/p>\n<h2>Caracter\u00edsticas de los motores de acero inoxidable montados en la cara<\/h2>\n<ol>\n<li><strong>Construcci\u00f3n resistente a la corrosi\u00f3n<\/strong><br \/>\nLos motores de acero inoxidable con montaje frontal est\u00e1n fabricados con acero inoxidable de alta calidad, lo que ofrece una excelente resistencia a la corrosi\u00f3n, el \u00f3xido y otros factores ambientales. Esto los hace ideales para entornos hostiles con exposici\u00f3n frecuente a la humedad, productos qu\u00edmicos o condiciones de procesamiento de alimentos.<\/li>\n<li><strong>Superficie lisa e higi\u00e9nica<\/strong><br \/>\nLos motores est\u00e1n dise\u00f1ados con superficies lisas y sin juntas que minimizan el riesgo de acumulaci\u00f3n de contaminantes. Este dise\u00f1o garantiza una limpieza sencilla y el cumplimiento de estrictas normas de higiene, lo que los hace perfectos para industrias como la alimentaria, la farmac\u00e9utica y la sanitaria, donde la limpieza es fundamental.<\/li>\n<li><strong>Dise\u00f1o de montaje frontal<\/strong><br \/>\nEl dise\u00f1o de montaje frontal permite una instalaci\u00f3n compacta con fijaci\u00f3n directa al equipo o maquinaria. Este estilo de montaje proporciona una conexi\u00f3n estable y segura, lo que ayuda a reducir la vibraci\u00f3n y a mejorar la eficiencia operativa. Es especialmente adecuado para aplicaciones con espacio limitado o donde no se pueden utilizar motores tradicionales con patas.<\/li>\n<li><strong>Alto grado de protecci\u00f3n (IP69K)<\/strong><br \/>\nEstos motores suelen tener un nivel de protecci\u00f3n IP69K, lo que ofrece una resistencia superior a la entrada de agua y polvo. Su dise\u00f1o robusto permite que los motores soporten chorros de agua a alta presi\u00f3n y condiciones de lavado rigurosas, lo que los hace ideales para industrias que requieren limpieza frecuente, como el procesamiento de alimentos y bebidas.<\/li>\n<li><strong>Alta eficiencia y rendimiento<\/strong><br \/>\nLos motores de acero inoxidable con montaje frontal suelen cumplir o superar los est\u00e1ndares de alta eficiencia (como IE4), lo que garantiza un menor consumo de energ\u00eda y un rendimiento \u00f3ptimo. Su funcionamiento eficiente contribuye a reducir los costos operativos y el impacto ambiental, especialmente en aplicaciones de servicio continuo.<\/li>\n<\/ol>\n<p><img loading=\"lazy\" decoding=\"async\" class=\"alignnone  wp-image-3555\" src=\"https:\/\/fmp-components.com\/wp-content\/uploads\/2025\/01\/fmp_0.stainless-steel-motor-4.webp\" alt=\"fmp_0.motor-de-acero-inoxidable-4\" width=\"916\" height=\"552\" title=\"\" srcset=\"https:\/\/fmp-components.com\/wp-content\/uploads\/2025\/01\/fmp_0.stainless-steel-motor-4.webp 916w, https:\/\/fmp-components.com\/wp-content\/uploads\/2025\/01\/fmp_0.stainless-steel-motor-4-480x289.webp 480w\" sizes=\"(min-width: 0px) and (max-width: 480px) 480px, (min-width: 481px) 916px, 100vw\" \/><\/p>\n<h2>Motor de acero inoxidable relacionado<\/h2>\n<table style=\"width: 100%;\" border=\"1\" width=\"100%\" cellspacing=\"0\" cellpadding=\"0\">\n<tbody>\n<tr>\n<td style=\"width: 25.8099%;\" align=\"right\" width=\"64\" height=\"18\"><img loading=\"lazy\" decoding=\"async\" class=\"alignnone size-full wp-image-3507\" src=\"https:\/\/fmp-components.com\/wp-content\/uploads\/2025\/01\/ep_stainless-steel-motor-1.webp\" sizes=\"(max-width: 379px) 100vw, 379px\" srcset=\"https:\/\/fmp-components.com\/wp-content\/uploads\/2025\/01\/ep_stainless-steel-motor-1.webp 379w, https:\/\/fmp-components.com\/wp-content\/uploads\/2025\/01\/ep_stainless-steel-motor-1-300x200.webp 300w, https:\/\/fmp-components.com\/wp-content\/uploads\/2025\/01\/ep_stainless-steel-motor-1-18x12.webp 18w\" alt=\"motor de acero inoxidable\" width=\"379\" height=\"253\" title=\"\"><\/td>\n<td style=\"width: 26.134%;\" align=\"right\" width=\"64\"><img loading=\"lazy\" decoding=\"async\" class=\"alignnone size-full wp-image-3508\" src=\"https:\/\/fmp-components.com\/wp-content\/uploads\/2025\/01\/ep_stainless-steel-motor-2-2.webp\" sizes=\"(max-width: 379px) 100vw, 379px\" srcset=\"https:\/\/fmp-components.com\/wp-content\/uploads\/2025\/01\/ep_stainless-steel-motor-2-2.webp 379w, https:\/\/fmp-components.com\/wp-content\/uploads\/2025\/01\/ep_stainless-steel-motor-2-2-300x200.webp 300w, https:\/\/fmp-components.com\/wp-content\/uploads\/2025\/01\/ep_stainless-steel-motor-2-2-18x12.webp 18w\" alt=\"motor de acero inoxidable\" width=\"379\" height=\"253\" title=\"\"><\/td>\n<td style=\"width: 25.162%;\" align=\"right\" width=\"64\"><img loading=\"lazy\" decoding=\"async\" class=\"alignnone size-full wp-image-3509\" src=\"https:\/\/fmp-components.com\/wp-content\/uploads\/2025\/01\/ep_stainless-steel-motor-6.webp\" sizes=\"(max-width: 379px) 100vw, 379px\" srcset=\"https:\/\/fmp-components.com\/wp-content\/uploads\/2025\/01\/ep_stainless-steel-motor-6.webp 379w, https:\/\/fmp-components.com\/wp-content\/uploads\/2025\/01\/ep_stainless-steel-motor-6-300x200.webp 300w, https:\/\/fmp-components.com\/wp-content\/uploads\/2025\/01\/ep_stainless-steel-motor-6-18x12.webp 18w\" alt=\"motor de acero inoxidable\" width=\"379\" height=\"253\" title=\"\"><\/td>\n<td style=\"width: 22.6782%;\" align=\"right\" width=\"64\"><img loading=\"lazy\" decoding=\"async\" class=\"alignnone size-full wp-image-3510\" src=\"https:\/\/fmp-components.com\/wp-content\/uploads\/2025\/01\/ep_stainless-steel-motor-300x200-1.webp\" sizes=\"(max-width: 300px) 100vw, 300px\" srcset=\"https:\/\/fmp-components.com\/wp-content\/uploads\/2025\/01\/ep_stainless-steel-motor-300x200-1.webp 300w, https:\/\/fmp-components.com\/wp-content\/uploads\/2025\/01\/ep_stainless-steel-motor-300x200-1-18x12.webp 18w\" alt=\"motor de acero inoxidable\" width=\"300\" height=\"200\" title=\"\"><\/td>\n<\/tr>\n<tr>\n<td style=\"width: 25.8099%;\" align=\"right\" height=\"18\">Motor de im\u00e1n permanente de acero inoxidable<\/td>\n<td style=\"width: 26.134%;\" align=\"right\">Motor de acero inoxidable refrigerado por agua<\/td>\n<td style=\"width: 25.162%;\" align=\"right\">Motor el\u00e9ctrico para la industria alimentaria<\/td>\n<td style=\"width: 22.6782%;\" align=\"right\">Motor de acero inoxidable<\/td>\n<\/tr>\n<tr>\n<td style=\"width: 25.8099%;\" align=\"right\" height=\"18\"><img loading=\"lazy\" decoding=\"async\" class=\"alignnone size-full wp-image-3511\" src=\"https:\/\/fmp-components.com\/wp-content\/uploads\/2025\/01\/ep_stainless-steel-motor-4.webp\" sizes=\"(max-width: 379px) 100vw, 379px\" srcset=\"https:\/\/fmp-components.com\/wp-content\/uploads\/2025\/01\/ep_stainless-steel-motor-4.webp 379w, https:\/\/fmp-components.com\/wp-content\/uploads\/2025\/01\/ep_stainless-steel-motor-4-300x200.webp 300w, https:\/\/fmp-components.com\/wp-content\/uploads\/2025\/01\/ep_stainless-steel-motor-4-18x12.webp 18w\" alt=\"motor de acero inoxidable\" width=\"379\" height=\"253\" title=\"\"><\/td>\n<td style=\"width: 26.134%;\" align=\"right\"><img loading=\"lazy\" decoding=\"async\" class=\"alignnone size-full wp-image-3512\" src=\"https:\/\/fmp-components.com\/wp-content\/uploads\/2025\/01\/ep_stainless-steel-motor-3.webp\" sizes=\"(max-width: 379px) 100vw, 379px\" srcset=\"https:\/\/fmp-components.com\/wp-content\/uploads\/2025\/01\/ep_stainless-steel-motor-3.webp 379w, https:\/\/fmp-components.com\/wp-content\/uploads\/2025\/01\/ep_stainless-steel-motor-3-300x200.webp 300w, https:\/\/fmp-components.com\/wp-content\/uploads\/2025\/01\/ep_stainless-steel-motor-3-18x12.webp 18w\" alt=\"motor de acero inoxidable\" width=\"379\" height=\"253\" title=\"\"><\/td>\n<td style=\"width: 25.162%;\" align=\"right\"><img loading=\"lazy\" decoding=\"async\" class=\"alignnone size-full wp-image-3513\" src=\"https:\/\/fmp-components.com\/wp-content\/uploads\/2025\/01\/ep_stainless-steel-motor-5.webp\" sizes=\"(max-width: 379px) 100vw, 379px\" srcset=\"https:\/\/fmp-components.com\/wp-content\/uploads\/2025\/01\/ep_stainless-steel-motor-5.webp 379w, https:\/\/fmp-components.com\/wp-content\/uploads\/2025\/01\/ep_stainless-steel-motor-5-300x200.webp 300w, https:\/\/fmp-components.com\/wp-content\/uploads\/2025\/01\/ep_stainless-steel-motor-5-18x12.webp 18w\" alt=\"motor de acero inoxidable\" width=\"379\" height=\"253\" title=\"\"><\/td>\n<td style=\"width: 22.6782%;\" align=\"right\"><img loading=\"lazy\" decoding=\"async\" class=\"alignnone wp-image-3514\" src=\"https:\/\/fmp-components.com\/wp-content\/uploads\/2025\/01\/ep_stainless-steel-motor-6-1.webp\" sizes=\"(max-width: 379px) 100vw, 379px\" srcset=\"https:\/\/fmp-components.com\/wp-content\/uploads\/2025\/01\/ep_stainless-steel-motor-6-1.webp 379w, https:\/\/fmp-components.com\/wp-content\/uploads\/2025\/01\/ep_stainless-steel-motor-6-1-300x200.webp 300w, https:\/\/fmp-components.com\/wp-content\/uploads\/2025\/01\/ep_stainless-steel-motor-6-1-18x12.webp 18w\" alt=\"motor de acero inoxidable\" width=\"220\" height=\"147\" title=\"\"><\/td>\n<\/tr>\n<tr>\n<td style=\"width: 25.8099%;\" align=\"right\" height=\"18\">Motor de CA para maquinaria de alimentos emulsionados IEC<\/td>\n<td style=\"width: 26.134%;\" align=\"right\">Motor as\u00edncrono NEMA 56C<\/td>\n<td style=\"width: 25.162%;\" align=\"right\">Motor de CA de acero inoxidable IEC<\/td>\n<td style=\"width: 22.6782%;\">Motor IEC de alta eficiencia totalmente de acero inoxidable<\/td>\n<\/tr>\n<tr>\n<td style=\"width: 25.8099%;\" align=\"right\" width=\"64\" height=\"18\"><img loading=\"lazy\" decoding=\"async\" class=\"alignnone size-full wp-image-3515\" src=\"https:\/\/fmp-components.com\/wp-content\/uploads\/2025\/01\/ep_stainless-steel-motor-2.webp\" sizes=\"(max-width: 379px) 100vw, 379px\" srcset=\"https:\/\/fmp-components.com\/wp-content\/uploads\/2025\/01\/ep_stainless-steel-motor-2.webp 379w, https:\/\/fmp-components.com\/wp-content\/uploads\/2025\/01\/ep_stainless-steel-motor-2-300x200.webp 300w, https:\/\/fmp-components.com\/wp-content\/uploads\/2025\/01\/ep_stainless-steel-motor-2-18x12.webp 18w\" alt=\"motor de acero inoxidable\" width=\"379\" height=\"253\" title=\"\"><\/td>\n<td style=\"width: 26.134%;\" align=\"right\" width=\"64\"><img loading=\"lazy\" decoding=\"async\" class=\"alignnone size-full wp-image-3516\" src=\"https:\/\/fmp-components.com\/wp-content\/uploads\/2025\/01\/ep_stainless-steel-motor-8.webp\" sizes=\"(max-width: 379px) 100vw, 379px\" srcset=\"https:\/\/fmp-components.com\/wp-content\/uploads\/2025\/01\/ep_stainless-steel-motor-8.webp 379w, https:\/\/fmp-components.com\/wp-content\/uploads\/2025\/01\/ep_stainless-steel-motor-8-300x200.webp 300w, https:\/\/fmp-components.com\/wp-content\/uploads\/2025\/01\/ep_stainless-steel-motor-8-18x12.webp 18w\" alt=\"motor de acero inoxidable\" width=\"379\" height=\"253\" title=\"\"><\/td>\n<td style=\"width: 25.162%;\" align=\"right\" width=\"64\"><img loading=\"lazy\" decoding=\"async\" class=\"alignnone size-full wp-image-3517\" src=\"https:\/\/fmp-components.com\/wp-content\/uploads\/2025\/01\/ep_stainless-steel-motor-7.webp\" sizes=\"(max-width: 379px) 100vw, 379px\" srcset=\"https:\/\/fmp-components.com\/wp-content\/uploads\/2025\/01\/ep_stainless-steel-motor-7.webp 379w, https:\/\/fmp-components.com\/wp-content\/uploads\/2025\/01\/ep_stainless-steel-motor-7-300x200.webp 300w, https:\/\/fmp-components.com\/wp-content\/uploads\/2025\/01\/ep_stainless-steel-motor-7-18x12.webp 18w\" alt=\"motor de acero inoxidable\" width=\"379\" height=\"253\" title=\"\"><\/td>\n<td style=\"width: 22.6782%;\" align=\"right\" width=\"64\"><\/td>\n<\/tr>\n<tr>\n<td style=\"width: 25.8099%;\" align=\"right\" height=\"18\">Motor para equipo de depilaci\u00f3n de pollos y patos<\/td>\n<td style=\"width: 26.134%;\" align=\"right\">Motor de acero inoxidable de grado alimenticio NEMA<\/td>\n<td style=\"width: 25.162%;\" align=\"right\">Motor de acero inoxidable IEC de grado alimenticio<\/td>\n<td style=\"width: 22.6782%;\" align=\"right\"><\/td>\n<\/tr>\n<\/tbody>\n<\/table>\n<h2>Acerca de FMP<\/h2>\n<p>FMP es una empresa l\u00edder en alta tecnolog\u00eda especializada en el dise\u00f1o, desarrollo y fabricaci\u00f3n de motores avanzados y soluciones electromec\u00e1nicas. Nuestra cartera de productos incluye los motores de las series YE2, YE3 y YE4, junto con una amplia gama de productos derivados. Tambi\u00e9n ofrecemos motores especializados para bombas hidr\u00e1ulicas, incluyendo opciones trif\u00e1sicas y monof\u00e1sicas, motores con carcasa de aluminio, motores no est\u00e1ndar, reductores de engranajes para turbinas con integraci\u00f3n electromec\u00e1nica y otras soluciones de motor a medida.<\/p>\n<p>Nuestros productos se utilizan ampliamente en diversas industrias, como la automatizaci\u00f3n industrial, el mecanizado CNC, la zapater\u00eda, la carpinter\u00eda, la metalurgia, el pl\u00e1stico y la maquinaria de construcci\u00f3n. El compromiso de FMP con la innovaci\u00f3n y la calidad garantiza que todos sus productos cumplan con los m\u00e1s altos est\u00e1ndares de rendimiento y fiabilidad.<\/p>\n<p>Adem\u00e1s de nuestra oferta est\u00e1ndar, nos enorgullece ofrecer soluciones de ingenier\u00eda personalizadas adaptadas a las necesidades \u00fanicas de nuestros clientes. Ya sea que necesite motores especializados, productos no est\u00e1ndar o sistemas totalmente integrados, FMP colabora estrechamente con nuestros clientes para ofrecer soluciones precisas y de alta calidad. Nuestro \u00e9nfasis en la ingenier\u00eda de precisi\u00f3n y la satisfacci\u00f3n del cliente impulsa nuestro continuo crecimiento y \u00e9xito en los mercados globales.<\/p>\n<p>En FMP, nos centramos en cultivar alianzas a largo plazo y mutuamente beneficiosas. Nos dedicamos a apoyar el \u00e9xito de nuestros clientes, garantizando que cada proyecto genere resultados excepcionales y fortalezca nuestra presencia global.<\/p>\n<table style=\"width: 100.629%;\" border=\"0\" width=\"128\" cellspacing=\"0\" cellpadding=\"0\">\n<tbody>\n<tr>\n<td style=\"width: 49.2308%;\" align=\"right\" width=\"64\" height=\"18\"><img loading=\"lazy\" decoding=\"async\" class=\"alignnone size-full wp-image-3398\" src=\"https:\/\/fmp-components.com\/wp-content\/uploads\/2025\/01\/Three-Phase-Motor-Factory.webp\" sizes=\"(min-width: 0px) and (max-width: 480px) 480px, (min-width: 481px) 900px, 100vw\" srcset=\"https:\/\/fmp-components.com\/wp-content\/uploads\/2025\/01\/Three-Phase-Motor-Factory.webp 900w, https:\/\/fmp-components.com\/wp-content\/uploads\/2025\/01\/Three-Phase-Motor-Factory-480x320.webp 480w\" alt=\"F\u00e1brica de motores trif\u00e1sicos\" width=\"900\" height=\"600\" title=\"\"><\/td>\n<td style=\"width: 659.231%;\" align=\"right\" width=\"64\"><img loading=\"lazy\" decoding=\"async\" class=\"alignnone size-full wp-image-3399\" src=\"https:\/\/fmp-components.com\/wp-content\/uploads\/2025\/01\/Three-Phase-Motor-Factory-2.webp\" sizes=\"(min-width: 0px) and (max-width: 480px) 480px, (min-width: 481px) 900px, 100vw\" srcset=\"https:\/\/fmp-components.com\/wp-content\/uploads\/2025\/01\/Three-Phase-Motor-Factory-2.webp 900w, https:\/\/fmp-components.com\/wp-content\/uploads\/2025\/01\/Three-Phase-Motor-Factory-2-480x320.webp 480w\" alt=\"F\u00e1brica de motores trif\u00e1sicos 2\" width=\"900\" height=\"600\" title=\"\"><\/td>\n<\/tr>\n<tr>\n<td style=\"width: 49.2308%;\" align=\"right\" height=\"18\"><img loading=\"lazy\" decoding=\"async\" class=\"alignnone size-full wp-image-3400\" src=\"https:\/\/fmp-components.com\/wp-content\/uploads\/2025\/01\/China-Three-Phase-Motor-Factory-1.webp\" sizes=\"(min-width: 0px) and (max-width: 480px) 480px, (min-width: 481px) 900px, 100vw\" srcset=\"https:\/\/fmp-components.com\/wp-content\/uploads\/2025\/01\/China-Three-Phase-Motor-Factory-1.webp 900w, https:\/\/fmp-components.com\/wp-content\/uploads\/2025\/01\/China-Three-Phase-Motor-Factory-1-480x320.webp 480w\" alt=\"F\u00e1brica de motores trif\u00e1sicos 1\" width=\"900\" height=\"600\" title=\"\"><\/td>\n<td style=\"width: 659.231%;\" align=\"right\"><img loading=\"lazy\" decoding=\"async\" class=\"alignnone size-full wp-image-3401\" src=\"https:\/\/fmp-components.com\/wp-content\/uploads\/2025\/01\/Three-Phase-Motor-Factory-3.webp\" sizes=\"(min-width: 0px) and (max-width: 480px) 480px, (min-width: 481px) 900px, 100vw\" srcset=\"https:\/\/fmp-components.com\/wp-content\/uploads\/2025\/01\/Three-Phase-Motor-Factory-3.webp 900w, https:\/\/fmp-components.com\/wp-content\/uploads\/2025\/01\/Three-Phase-Motor-Factory-3-480x320.webp 480w\" alt=\"F\u00e1brica de motores trif\u00e1sicos 3\" width=\"900\" height=\"600\" title=\"\"><\/td>\n<\/tr>\n<tr>\n<td style=\"width: 49.2308%;\"><img loading=\"lazy\" decoding=\"async\" class=\"alignnone size-full wp-image-3471\" src=\"https:\/\/fmp-components.com\/wp-content\/uploads\/2025\/01\/Single-Phase-Induction-Motor-Suppliers.webp\" sizes=\"(min-width: 0px) and (max-width: 480px) 480px, (min-width: 481px) 900px, 100vw\" srcset=\"https:\/\/fmp-components.com\/wp-content\/uploads\/2025\/01\/Single-Phase-Induction-Motor-Suppliers.webp 900w, https:\/\/fmp-components.com\/wp-content\/uploads\/2025\/01\/Single-Phase-Induction-Motor-Suppliers-480x320.webp 480w\" alt=\"Proveedores de motores de inducci\u00f3n monof\u00e1sicos\" width=\"900\" height=\"600\" title=\"\"><\/td>\n<td style=\"width: 659.231%;\"><img loading=\"lazy\" decoding=\"async\" class=\"alignnone size-full wp-image-3470\" src=\"https:\/\/fmp-components.com\/wp-content\/uploads\/2025\/01\/Single-Phase-Induction-Motor-Manufacturers-1.webp\" sizes=\"(min-width: 0px) and (max-width: 480px) 480px, (min-width: 481px) 900px, 100vw\" srcset=\"https:\/\/fmp-components.com\/wp-content\/uploads\/2025\/01\/Single-Phase-Induction-Motor-Manufacturers-1.webp 900w, https:\/\/fmp-components.com\/wp-content\/uploads\/2025\/01\/Single-Phase-Induction-Motor-Manufacturers-1-480x320.webp 480w\" alt=\"Fabricantes de motores de inducci\u00f3n monof\u00e1sicos 1\" width=\"900\" height=\"600\" title=\"\"><\/td>\n<\/tr>\n<tr>\n<td style=\"width: 49.2308%;\"><img loading=\"lazy\" decoding=\"async\" class=\"alignnone size-full wp-image-3472\" src=\"https:\/\/fmp-components.com\/wp-content\/uploads\/2025\/01\/Single-Phase-Induction-Motor-Manufacturers.webp\" sizes=\"(min-width: 0px) and (max-width: 480px) 480px, (min-width: 481px) 900px, 100vw\" srcset=\"https:\/\/fmp-components.com\/wp-content\/uploads\/2025\/01\/Single-Phase-Induction-Motor-Manufacturers.webp 900w, https:\/\/fmp-components.com\/wp-content\/uploads\/2025\/01\/Single-Phase-Induction-Motor-Manufacturers-480x320.webp 480w\" alt=\"Fabricantes de motores de inducci\u00f3n monof\u00e1sicos\" width=\"900\" height=\"600\" title=\"\"><\/td>\n<td style=\"width: 659.231%;\"><img loading=\"lazy\" decoding=\"async\" class=\"alignnone size-full wp-image-3473\" src=\"https:\/\/fmp-components.com\/wp-content\/uploads\/2025\/01\/Single-Phase-Induction-Motor-for-Sale.webp\" sizes=\"(min-width: 0px) and (max-width: 480px) 480px, (min-width: 481px) 900px, 100vw\" srcset=\"https:\/\/fmp-components.com\/wp-content\/uploads\/2025\/01\/Single-Phase-Induction-Motor-for-Sale.webp 900w, https:\/\/fmp-components.com\/wp-content\/uploads\/2025\/01\/Single-Phase-Induction-Motor-for-Sale-480x320.webp 480w\" alt=\"Motor de inducci\u00f3n monof\u00e1sico en venta\" width=\"900\" height=\"600\" title=\"\"><\/td>\n<\/tr>\n<\/tbody>\n<\/table>\n<p>Autor: CX<\/p>","protected":false},"excerpt":{"rendered":"<p>Frame Type Flange type Poles D E F G M N P R S T Flange Hole Shaft Hole AC AD 63 FT75 2,4 11 23 4 8.5 75 60 90 0 M5 2.5 4 M4 114 117 71 FT85 2.4.6 14 30 5 11 85 70 105 0 M6 2.5 4 M5 134 129 [&hellip;]<\/p>","protected":false},"featured_media":3557,"comment_status":"open","ping_status":"closed","template":"","meta":{"_et_pb_use_builder":"","_et_pb_old_content":"","_et_gb_content_width":""},"product_brand":[],"product_cat":[88],"product_tag":[],"class_list":{"0":"post-3554","1":"product","2":"type-product","3":"status-publish","4":"has-post-thumbnail","6":"product_cat-stainless-steel-motors","8":"first","9":"instock","10":"shipping-taxable","11":"product-type-simple"},"_links":{"self":[{"href":"https:\/\/fmp-components.com\/es\/wp-json\/wp\/v2\/product\/3554","targetHints":{"allow":["GET"]}}],"collection":[{"href":"https:\/\/fmp-components.com\/es\/wp-json\/wp\/v2\/product"}],"about":[{"href":"https:\/\/fmp-components.com\/es\/wp-json\/wp\/v2\/types\/product"}],"replies":[{"embeddable":true,"href":"https:\/\/fmp-components.com\/es\/wp-json\/wp\/v2\/comments?post=3554"}],"wp:featuredmedia":[{"embeddable":true,"href":"https:\/\/fmp-components.com\/es\/wp-json\/wp\/v2\/media\/3557"}],"wp:attachment":[{"href":"https:\/\/fmp-components.com\/es\/wp-json\/wp\/v2\/media?parent=3554"}],"wp:term":[{"taxonomy":"product_brand","embeddable":true,"href":"https:\/\/fmp-components.com\/es\/wp-json\/wp\/v2\/product_brand?post=3554"},{"taxonomy":"product_cat","embeddable":true,"href":"https:\/\/fmp-components.com\/es\/wp-json\/wp\/v2\/product_cat?post=3554"},{"taxonomy":"product_tag","embeddable":true,"href":"https:\/\/fmp-components.com\/es\/wp-json\/wp\/v2\/product_tag?post=3554"}],"curies":[{"name":"gracias","href":"https:\/\/api.w.org\/{rel}","templated":true}]}}