{"id":3548,"date":"2025-01-08T05:13:09","date_gmt":"2025-01-08T05:13:09","guid":{"rendered":"https:\/\/fmp-components.com\/?page_id=8"},"modified":"2025-01-08T05:13:10","modified_gmt":"2025-01-08T05:13:10","slug":"iec-motor-b5t-flange-mounted-stainless-steel-motor-tenv-replacement-of-sew-motor","status":"publish","type":"product","link":"https:\/\/fmp-components.com\/es\/product\/iec-motor-b5t-flange-mounted-stainless-steel-motor-tenv-replacement-of-sew-motor\/","title":{"rendered":"Motor IEC B5T, motor de acero inoxidable con brida, reemplazo TENV del motor SEW"},"content":{"rendered":"<p><img loading=\"lazy\" decoding=\"async\" class=\"alignnone size-full wp-image-3539\" src=\"https:\/\/fmp-components.com\/wp-content\/uploads\/2025\/01\/fmp_0.stainless-steel-motor-2.webp\" alt=\"fmp_0.motor-de-acero-inoxidable-2\" width=\"1579\" height=\"608\" title=\"\" srcset=\"https:\/\/fmp-components.com\/wp-content\/uploads\/2025\/01\/fmp_0.stainless-steel-motor-2.webp 1579w, https:\/\/fmp-components.com\/wp-content\/uploads\/2025\/01\/fmp_0.stainless-steel-motor-2-1280x493.webp 1280w, https:\/\/fmp-components.com\/wp-content\/uploads\/2025\/01\/fmp_0.stainless-steel-motor-2-980x377.webp 980w, https:\/\/fmp-components.com\/wp-content\/uploads\/2025\/01\/fmp_0.stainless-steel-motor-2-480x185.webp 480w\" sizes=\"(min-width: 0px) and (max-width: 480px) 480px, (min-width: 481px) and (max-width: 980px) 980px, (min-width: 981px) and (max-width: 1280px) 1280px, (min-width: 1281px) 1579px, 100vw\" \/><\/p>\n<p><span style=\"font-size: 18pt;\">Motores IEC B5T de acero inoxidable con montaje en brida: reemplazo TENV para motores SEW<\/span><\/p>\n<p>Los motores de acero inoxidable lavables est\u00e1ndar de FMP est\u00e1n dise\u00f1ados para cumplir con los exigentes requisitos de higiene de las industrias actuales de procesamiento de alimentos, farmac\u00e9utica, envasado y bebidas. Sometidos a pruebas de vapor y agua a alta presi\u00f3n seg\u00fan las rigurosas especificaciones IP69K, los motores de acero inoxidable de FMP, aptos para uso alimentario, ofrecen protecci\u00f3n duradera contra los entornos de lavado corrosivos m\u00e1s extremos, a la vez que mantienen los niveles de higiene para garantizar que la seguridad alimentaria no se vea comprometida.<\/p>\n<p><img loading=\"lazy\" decoding=\"async\" class=\"alignnone  wp-image-3549\" src=\"https:\/\/fmp-components.com\/wp-content\/uploads\/2025\/01\/fmp_4.stainless-steel-motor-2.webp\" alt=\"fmp_4.motor-de-acero-inoxidable-2\" width=\"917\" height=\"431\" title=\"\" srcset=\"https:\/\/fmp-components.com\/wp-content\/uploads\/2025\/01\/fmp_4.stainless-steel-motor-2.webp 400w, https:\/\/fmp-components.com\/wp-content\/uploads\/2025\/01\/fmp_4.stainless-steel-motor-2-300x141.webp 300w, https:\/\/fmp-components.com\/wp-content\/uploads\/2025\/01\/fmp_4.stainless-steel-motor-2-18x8.webp 18w\" sizes=\"(max-width: 917px) 100vw, 917px\" \/><\/p>\n<table style=\"width: 100.22%; height: 109px;\" border=\"1\">\n<tbody>\n<tr>\n<td>Tipo de marco<\/td>\n<td>brida<br \/>\ntipo<\/td>\n<td>polacos<\/td>\n<td>D<\/td>\n<td>mi<\/td>\n<td>F<\/td>\n<td>GRAMO<\/td>\n<td>METRO<\/td>\n<td>norte<\/td>\n<td>PAG<\/td>\n<td>R<\/td>\n<td>S<\/td>\n<td>T<\/td>\n<td>brida<br \/>\nAgujero<\/td>\n<td>C.A.<\/td>\n<td>ANUNCIO<\/td>\n<\/tr>\n<tr>\n<td>71<\/td>\n<td>B5T<\/td>\n<td>4<\/td>\n<td>10<\/td>\n<td>35<\/td>\n<td>2<\/td>\n<td>8.6<\/td>\n<td>100<\/td>\n<td>80<\/td>\n<td>120<\/td>\n<td>16.5<\/td>\n<td>7<\/td>\n<td>3<\/td>\n<td>4<\/td>\n<td>134<\/td>\n<td>129<\/td>\n<\/tr>\n<tr>\n<td>80<\/td>\n<td>B5T<\/td>\n<td>4<\/td>\n<td>12<\/td>\n<td>35<\/td>\n<td>3<\/td>\n<td>10<\/td>\n<td>100<\/td>\n<td>80<\/td>\n<td>120<\/td>\n<td>14.5<\/td>\n<td>7<\/td>\n<td>3<\/td>\n<td>4<\/td>\n<td>134<\/td>\n<td>135<\/td>\n<\/tr>\n<\/tbody>\n<\/table>\n<h2>Motor IEC B5T de acero inoxidable con brida<\/h2>\n<ol>\n<li><strong>Construcci\u00f3n resistente a la corrosi\u00f3n<\/strong><br \/>\nEl motor de acero inoxidable IEC B5T con brida est\u00e1 fabricado con acero inoxidable de alta calidad, lo que garantiza una excelente resistencia a la corrosi\u00f3n, la oxidaci\u00f3n y el desgaste. Esto lo hace ideal para entornos hostiles, como las industrias alimentaria, farmac\u00e9utica y qu\u00edmica, donde la exposici\u00f3n a la humedad y a sustancias agresivas es frecuente.<\/li>\n<li><strong>Montaje con brida para una f\u00e1cil instalaci\u00f3n<\/strong><br \/>\nEl motor est\u00e1 dise\u00f1ado con un montaje de brida B5T, lo que ofrece una instalaci\u00f3n f\u00e1cil y segura en la maquinaria. Este estilo de montaje permite una integraci\u00f3n compacta en sistemas existentes, reduciendo la necesidad de estructuras de soporte adicionales o procedimientos de montaje complejos.<\/li>\n<li><strong>Superficie higi\u00e9nica y f\u00e1cil de limpiar<\/strong><br \/>\nCon una superficie lisa y sin juntas, el motor es f\u00e1cil de limpiar y mantener. No presenta grietas ni juntas expuestas donde se puedan acumular suciedad, polvo o residuos de alimentos, lo que lo hace ideal para aplicaciones sanitarias donde la higiene es una prioridad absoluta. El dise\u00f1o del motor ayuda a prevenir la contaminaci\u00f3n, garantizando un alto nivel de limpieza.<\/li>\n<li><strong>Clasificaci\u00f3n de protecci\u00f3n IP69K<\/strong><br \/>\nEste motor cuenta con un grado de protecci\u00f3n IP69K, que le proporciona una resistencia superior a la entrada de agua y polvo. Soporta chorros de agua a alta presi\u00f3n, lo que lo hace ideal para entornos de lavado donde se requiere una limpieza frecuente con agua y productos qu\u00edmicos agresivos.<\/li>\n<li><strong>Rendimiento eficiente<\/strong><br \/>\nEl motor de acero inoxidable cumple con est\u00e1ndares de alta eficiencia, lo que garantiza un rendimiento \u00f3ptimo y reduce el consumo de energ\u00eda. Sus componentes de precisi\u00f3n y su eficaz sistema de gesti\u00f3n t\u00e9rmica ayudan a minimizar la acumulaci\u00f3n de calor, garantizando un funcionamiento duradero y fiable.<\/li>\n<\/ol>\n<p>Estas caracter\u00edsticas hacen que el motor de acero inoxidable con brida IEC B5T sea una opci\u00f3n ideal para aplicaciones que requieren durabilidad, higiene y alto rendimiento en entornos industriales dif\u00edciles.<\/p>\n<h2>Motor de acero inoxidable relacionado<\/h2>\n<table style=\"width: 100%;\" border=\"1\" width=\"100%\" cellspacing=\"0\" cellpadding=\"0\">\n<tbody>\n<tr>\n<td style=\"width: 25.8099%;\" align=\"right\" width=\"64\" height=\"18\"><img loading=\"lazy\" decoding=\"async\" class=\"alignnone size-full wp-image-3507\" src=\"https:\/\/fmp-components.com\/wp-content\/uploads\/2025\/01\/ep_stainless-steel-motor-1.webp\" sizes=\"(max-width: 379px) 100vw, 379px\" srcset=\"https:\/\/fmp-components.com\/wp-content\/uploads\/2025\/01\/ep_stainless-steel-motor-1.webp 379w, https:\/\/fmp-components.com\/wp-content\/uploads\/2025\/01\/ep_stainless-steel-motor-1-300x200.webp 300w, https:\/\/fmp-components.com\/wp-content\/uploads\/2025\/01\/ep_stainless-steel-motor-1-18x12.webp 18w\" alt=\"motor de acero inoxidable\" width=\"379\" height=\"253\" title=\"\"><\/td>\n<td style=\"width: 26.134%;\" align=\"right\" width=\"64\"><img loading=\"lazy\" decoding=\"async\" class=\"alignnone size-full wp-image-3508\" src=\"https:\/\/fmp-components.com\/wp-content\/uploads\/2025\/01\/ep_stainless-steel-motor-2-2.webp\" sizes=\"(max-width: 379px) 100vw, 379px\" srcset=\"https:\/\/fmp-components.com\/wp-content\/uploads\/2025\/01\/ep_stainless-steel-motor-2-2.webp 379w, https:\/\/fmp-components.com\/wp-content\/uploads\/2025\/01\/ep_stainless-steel-motor-2-2-300x200.webp 300w, https:\/\/fmp-components.com\/wp-content\/uploads\/2025\/01\/ep_stainless-steel-motor-2-2-18x12.webp 18w\" alt=\"motor de acero inoxidable\" width=\"379\" height=\"253\" title=\"\"><\/td>\n<td style=\"width: 25.162%;\" align=\"right\" width=\"64\"><img loading=\"lazy\" decoding=\"async\" class=\"alignnone size-full wp-image-3509\" src=\"https:\/\/fmp-components.com\/wp-content\/uploads\/2025\/01\/ep_stainless-steel-motor-6.webp\" sizes=\"(max-width: 379px) 100vw, 379px\" srcset=\"https:\/\/fmp-components.com\/wp-content\/uploads\/2025\/01\/ep_stainless-steel-motor-6.webp 379w, https:\/\/fmp-components.com\/wp-content\/uploads\/2025\/01\/ep_stainless-steel-motor-6-300x200.webp 300w, https:\/\/fmp-components.com\/wp-content\/uploads\/2025\/01\/ep_stainless-steel-motor-6-18x12.webp 18w\" alt=\"motor de acero inoxidable\" width=\"379\" height=\"253\" title=\"\"><\/td>\n<td style=\"width: 22.6782%;\" align=\"right\" width=\"64\"><img loading=\"lazy\" decoding=\"async\" class=\"alignnone size-full wp-image-3510\" src=\"https:\/\/fmp-components.com\/wp-content\/uploads\/2025\/01\/ep_stainless-steel-motor-300x200-1.webp\" sizes=\"(max-width: 300px) 100vw, 300px\" srcset=\"https:\/\/fmp-components.com\/wp-content\/uploads\/2025\/01\/ep_stainless-steel-motor-300x200-1.webp 300w, https:\/\/fmp-components.com\/wp-content\/uploads\/2025\/01\/ep_stainless-steel-motor-300x200-1-18x12.webp 18w\" alt=\"motor de acero inoxidable\" width=\"300\" height=\"200\" title=\"\"><\/td>\n<\/tr>\n<tr>\n<td style=\"width: 25.8099%;\" align=\"right\" height=\"18\">Motor de im\u00e1n permanente de acero inoxidable<\/td>\n<td style=\"width: 26.134%;\" align=\"right\">Motor de acero inoxidable refrigerado por agua<\/td>\n<td style=\"width: 25.162%;\" align=\"right\">Motor el\u00e9ctrico para la industria alimentaria<\/td>\n<td style=\"width: 22.6782%;\" align=\"right\">Motor de acero inoxidable<\/td>\n<\/tr>\n<tr>\n<td style=\"width: 25.8099%;\" align=\"right\" height=\"18\"><img loading=\"lazy\" decoding=\"async\" class=\"alignnone size-full wp-image-3511\" src=\"https:\/\/fmp-components.com\/wp-content\/uploads\/2025\/01\/ep_stainless-steel-motor-4.webp\" sizes=\"(max-width: 379px) 100vw, 379px\" srcset=\"https:\/\/fmp-components.com\/wp-content\/uploads\/2025\/01\/ep_stainless-steel-motor-4.webp 379w, https:\/\/fmp-components.com\/wp-content\/uploads\/2025\/01\/ep_stainless-steel-motor-4-300x200.webp 300w, https:\/\/fmp-components.com\/wp-content\/uploads\/2025\/01\/ep_stainless-steel-motor-4-18x12.webp 18w\" alt=\"motor de acero inoxidable\" width=\"379\" height=\"253\" title=\"\"><\/td>\n<td style=\"width: 26.134%;\" align=\"right\"><img loading=\"lazy\" decoding=\"async\" class=\"alignnone size-full wp-image-3512\" src=\"https:\/\/fmp-components.com\/wp-content\/uploads\/2025\/01\/ep_stainless-steel-motor-3.webp\" sizes=\"(max-width: 379px) 100vw, 379px\" srcset=\"https:\/\/fmp-components.com\/wp-content\/uploads\/2025\/01\/ep_stainless-steel-motor-3.webp 379w, https:\/\/fmp-components.com\/wp-content\/uploads\/2025\/01\/ep_stainless-steel-motor-3-300x200.webp 300w, https:\/\/fmp-components.com\/wp-content\/uploads\/2025\/01\/ep_stainless-steel-motor-3-18x12.webp 18w\" alt=\"motor de acero inoxidable\" width=\"379\" height=\"253\" title=\"\"><\/td>\n<td style=\"width: 25.162%;\" align=\"right\"><img loading=\"lazy\" decoding=\"async\" class=\"alignnone size-full wp-image-3513\" src=\"https:\/\/fmp-components.com\/wp-content\/uploads\/2025\/01\/ep_stainless-steel-motor-5.webp\" sizes=\"(max-width: 379px) 100vw, 379px\" srcset=\"https:\/\/fmp-components.com\/wp-content\/uploads\/2025\/01\/ep_stainless-steel-motor-5.webp 379w, https:\/\/fmp-components.com\/wp-content\/uploads\/2025\/01\/ep_stainless-steel-motor-5-300x200.webp 300w, https:\/\/fmp-components.com\/wp-content\/uploads\/2025\/01\/ep_stainless-steel-motor-5-18x12.webp 18w\" alt=\"motor de acero inoxidable\" width=\"379\" height=\"253\" title=\"\"><\/td>\n<td style=\"width: 22.6782%;\" align=\"right\"><img loading=\"lazy\" decoding=\"async\" class=\"alignnone wp-image-3514\" src=\"https:\/\/fmp-components.com\/wp-content\/uploads\/2025\/01\/ep_stainless-steel-motor-6-1.webp\" sizes=\"(max-width: 379px) 100vw, 379px\" srcset=\"https:\/\/fmp-components.com\/wp-content\/uploads\/2025\/01\/ep_stainless-steel-motor-6-1.webp 379w, https:\/\/fmp-components.com\/wp-content\/uploads\/2025\/01\/ep_stainless-steel-motor-6-1-300x200.webp 300w, https:\/\/fmp-components.com\/wp-content\/uploads\/2025\/01\/ep_stainless-steel-motor-6-1-18x12.webp 18w\" alt=\"motor de acero inoxidable\" width=\"220\" height=\"147\" title=\"\"><\/td>\n<\/tr>\n<tr>\n<td style=\"width: 25.8099%;\" align=\"right\" height=\"18\">Motor de CA para maquinaria de alimentos emulsionados IEC<\/td>\n<td style=\"width: 26.134%;\" align=\"right\">Motor as\u00edncrono NEMA 56C<\/td>\n<td style=\"width: 25.162%;\" align=\"right\">Motor de CA de acero inoxidable IEC<\/td>\n<td style=\"width: 22.6782%;\">Motor IEC de alta eficiencia totalmente de acero inoxidable<\/td>\n<\/tr>\n<tr>\n<td style=\"width: 25.8099%;\" align=\"right\" width=\"64\" height=\"18\"><img loading=\"lazy\" decoding=\"async\" class=\"alignnone size-full wp-image-3515\" src=\"https:\/\/fmp-components.com\/wp-content\/uploads\/2025\/01\/ep_stainless-steel-motor-2.webp\" sizes=\"(max-width: 379px) 100vw, 379px\" srcset=\"https:\/\/fmp-components.com\/wp-content\/uploads\/2025\/01\/ep_stainless-steel-motor-2.webp 379w, https:\/\/fmp-components.com\/wp-content\/uploads\/2025\/01\/ep_stainless-steel-motor-2-300x200.webp 300w, https:\/\/fmp-components.com\/wp-content\/uploads\/2025\/01\/ep_stainless-steel-motor-2-18x12.webp 18w\" alt=\"motor de acero inoxidable\" width=\"379\" height=\"253\" title=\"\"><\/td>\n<td style=\"width: 26.134%;\" align=\"right\" width=\"64\"><img loading=\"lazy\" decoding=\"async\" class=\"alignnone size-full wp-image-3516\" src=\"https:\/\/fmp-components.com\/wp-content\/uploads\/2025\/01\/ep_stainless-steel-motor-8.webp\" sizes=\"(max-width: 379px) 100vw, 379px\" srcset=\"https:\/\/fmp-components.com\/wp-content\/uploads\/2025\/01\/ep_stainless-steel-motor-8.webp 379w, https:\/\/fmp-components.com\/wp-content\/uploads\/2025\/01\/ep_stainless-steel-motor-8-300x200.webp 300w, https:\/\/fmp-components.com\/wp-content\/uploads\/2025\/01\/ep_stainless-steel-motor-8-18x12.webp 18w\" alt=\"motor de acero inoxidable\" width=\"379\" height=\"253\" title=\"\"><\/td>\n<td style=\"width: 25.162%;\" align=\"right\" width=\"64\"><img loading=\"lazy\" decoding=\"async\" class=\"alignnone size-full wp-image-3517\" src=\"https:\/\/fmp-components.com\/wp-content\/uploads\/2025\/01\/ep_stainless-steel-motor-7.webp\" sizes=\"(max-width: 379px) 100vw, 379px\" srcset=\"https:\/\/fmp-components.com\/wp-content\/uploads\/2025\/01\/ep_stainless-steel-motor-7.webp 379w, https:\/\/fmp-components.com\/wp-content\/uploads\/2025\/01\/ep_stainless-steel-motor-7-300x200.webp 300w, https:\/\/fmp-components.com\/wp-content\/uploads\/2025\/01\/ep_stainless-steel-motor-7-18x12.webp 18w\" alt=\"motor de acero inoxidable\" width=\"379\" height=\"253\" title=\"\"><\/td>\n<td style=\"width: 22.6782%;\" align=\"right\" width=\"64\"><\/td>\n<\/tr>\n<tr>\n<td style=\"width: 25.8099%;\" align=\"right\" height=\"18\">Motor para equipo de depilaci\u00f3n de pollos y patos<\/td>\n<td style=\"width: 26.134%;\" align=\"right\">Motor de acero inoxidable de grado alimenticio NEMA<\/td>\n<td style=\"width: 25.162%;\" align=\"right\">Motor de acero inoxidable IEC de grado alimenticio<\/td>\n<td style=\"width: 22.6782%;\" align=\"right\"><\/td>\n<\/tr>\n<\/tbody>\n<\/table>\n<h2>Acerca de FMP<\/h2>\n<p>FMP es una empresa l\u00edder en alta tecnolog\u00eda especializada en el dise\u00f1o, desarrollo y fabricaci\u00f3n de motores avanzados y soluciones electromec\u00e1nicas. Nuestra cartera de productos incluye los motores de las series YE2, YE3 y YE4, junto con una amplia gama de productos derivados. Tambi\u00e9n ofrecemos motores especializados para bombas hidr\u00e1ulicas, incluyendo opciones trif\u00e1sicas y monof\u00e1sicas, motores con carcasa de aluminio, motores no est\u00e1ndar, reductores de engranajes para turbinas con integraci\u00f3n electromec\u00e1nica y otras soluciones de motor a medida.<\/p>\n<p>Nuestros productos se utilizan ampliamente en diversas industrias, como la automatizaci\u00f3n industrial, el mecanizado CNC, la zapater\u00eda, la carpinter\u00eda, la metalurgia, el pl\u00e1stico y la maquinaria de construcci\u00f3n. El compromiso de FMP con la innovaci\u00f3n y la calidad garantiza que todos sus productos cumplan con los m\u00e1s altos est\u00e1ndares de rendimiento y fiabilidad.<\/p>\n<p>Adem\u00e1s de nuestra oferta est\u00e1ndar, nos enorgullece ofrecer soluciones de ingenier\u00eda personalizadas adaptadas a las necesidades \u00fanicas de nuestros clientes. Ya sea que necesite motores especializados, productos no est\u00e1ndar o sistemas totalmente integrados, FMP colabora estrechamente con nuestros clientes para ofrecer soluciones precisas y de alta calidad. Nuestro \u00e9nfasis en la ingenier\u00eda de precisi\u00f3n y la satisfacci\u00f3n del cliente impulsa nuestro continuo crecimiento y \u00e9xito en los mercados globales.<\/p>\n<p>En FMP, nos centramos en cultivar alianzas a largo plazo y mutuamente beneficiosas. Nos dedicamos a apoyar el \u00e9xito de nuestros clientes, garantizando que cada proyecto genere resultados excepcionales y fortalezca nuestra presencia global.<\/p>\n<table style=\"width: 100.629%;\" border=\"0\" width=\"128\" cellspacing=\"0\" cellpadding=\"0\">\n<tbody>\n<tr>\n<td style=\"width: 49.2308%;\" align=\"right\" width=\"64\" height=\"18\"><img loading=\"lazy\" decoding=\"async\" class=\"alignnone size-full wp-image-3398\" src=\"https:\/\/fmp-components.com\/wp-content\/uploads\/2025\/01\/Three-Phase-Motor-Factory.webp\" sizes=\"(min-width: 0px) and (max-width: 480px) 480px, (min-width: 481px) 900px, 100vw\" srcset=\"https:\/\/fmp-components.com\/wp-content\/uploads\/2025\/01\/Three-Phase-Motor-Factory.webp 900w, https:\/\/fmp-components.com\/wp-content\/uploads\/2025\/01\/Three-Phase-Motor-Factory-480x320.webp 480w\" alt=\"F\u00e1brica de motores trif\u00e1sicos\" width=\"900\" height=\"600\" title=\"\"><\/td>\n<td style=\"width: 659.231%;\" align=\"right\" width=\"64\"><img loading=\"lazy\" decoding=\"async\" class=\"alignnone size-full wp-image-3399\" src=\"https:\/\/fmp-components.com\/wp-content\/uploads\/2025\/01\/Three-Phase-Motor-Factory-2.webp\" sizes=\"(min-width: 0px) and (max-width: 480px) 480px, (min-width: 481px) 900px, 100vw\" srcset=\"https:\/\/fmp-components.com\/wp-content\/uploads\/2025\/01\/Three-Phase-Motor-Factory-2.webp 900w, https:\/\/fmp-components.com\/wp-content\/uploads\/2025\/01\/Three-Phase-Motor-Factory-2-480x320.webp 480w\" alt=\"F\u00e1brica de motores trif\u00e1sicos 2\" width=\"900\" height=\"600\" title=\"\"><\/td>\n<\/tr>\n<tr>\n<td style=\"width: 49.2308%;\" align=\"right\" height=\"18\"><img loading=\"lazy\" decoding=\"async\" class=\"alignnone size-full wp-image-3400\" src=\"https:\/\/fmp-components.com\/wp-content\/uploads\/2025\/01\/China-Three-Phase-Motor-Factory-1.webp\" sizes=\"(min-width: 0px) and (max-width: 480px) 480px, (min-width: 481px) 900px, 100vw\" srcset=\"https:\/\/fmp-components.com\/wp-content\/uploads\/2025\/01\/China-Three-Phase-Motor-Factory-1.webp 900w, https:\/\/fmp-components.com\/wp-content\/uploads\/2025\/01\/China-Three-Phase-Motor-Factory-1-480x320.webp 480w\" alt=\"F\u00e1brica de motores trif\u00e1sicos 1\" width=\"900\" height=\"600\" title=\"\"><\/td>\n<td style=\"width: 659.231%;\" align=\"right\"><img loading=\"lazy\" decoding=\"async\" class=\"alignnone size-full wp-image-3401\" src=\"https:\/\/fmp-components.com\/wp-content\/uploads\/2025\/01\/Three-Phase-Motor-Factory-3.webp\" sizes=\"(min-width: 0px) and (max-width: 480px) 480px, (min-width: 481px) 900px, 100vw\" srcset=\"https:\/\/fmp-components.com\/wp-content\/uploads\/2025\/01\/Three-Phase-Motor-Factory-3.webp 900w, https:\/\/fmp-components.com\/wp-content\/uploads\/2025\/01\/Three-Phase-Motor-Factory-3-480x320.webp 480w\" alt=\"F\u00e1brica de motores trif\u00e1sicos 3\" width=\"900\" height=\"600\" title=\"\"><\/td>\n<\/tr>\n<tr>\n<td style=\"width: 49.2308%;\"><img loading=\"lazy\" decoding=\"async\" class=\"alignnone size-full wp-image-3471\" src=\"https:\/\/fmp-components.com\/wp-content\/uploads\/2025\/01\/Single-Phase-Induction-Motor-Suppliers.webp\" sizes=\"(min-width: 0px) and (max-width: 480px) 480px, (min-width: 481px) 900px, 100vw\" srcset=\"https:\/\/fmp-components.com\/wp-content\/uploads\/2025\/01\/Single-Phase-Induction-Motor-Suppliers.webp 900w, https:\/\/fmp-components.com\/wp-content\/uploads\/2025\/01\/Single-Phase-Induction-Motor-Suppliers-480x320.webp 480w\" alt=\"Proveedores de motores de inducci\u00f3n monof\u00e1sicos\" width=\"900\" height=\"600\" title=\"\"><\/td>\n<td style=\"width: 659.231%;\"><img loading=\"lazy\" decoding=\"async\" class=\"alignnone size-full wp-image-3470\" src=\"https:\/\/fmp-components.com\/wp-content\/uploads\/2025\/01\/Single-Phase-Induction-Motor-Manufacturers-1.webp\" sizes=\"(min-width: 0px) and (max-width: 480px) 480px, (min-width: 481px) 900px, 100vw\" srcset=\"https:\/\/fmp-components.com\/wp-content\/uploads\/2025\/01\/Single-Phase-Induction-Motor-Manufacturers-1.webp 900w, https:\/\/fmp-components.com\/wp-content\/uploads\/2025\/01\/Single-Phase-Induction-Motor-Manufacturers-1-480x320.webp 480w\" alt=\"Fabricantes de motores de inducci\u00f3n monof\u00e1sicos 1\" width=\"900\" height=\"600\" title=\"\"><\/td>\n<\/tr>\n<tr>\n<td style=\"width: 49.2308%;\"><img loading=\"lazy\" decoding=\"async\" class=\"alignnone size-full wp-image-3472\" src=\"https:\/\/fmp-components.com\/wp-content\/uploads\/2025\/01\/Single-Phase-Induction-Motor-Manufacturers.webp\" sizes=\"(min-width: 0px) and (max-width: 480px) 480px, (min-width: 481px) 900px, 100vw\" srcset=\"https:\/\/fmp-components.com\/wp-content\/uploads\/2025\/01\/Single-Phase-Induction-Motor-Manufacturers.webp 900w, https:\/\/fmp-components.com\/wp-content\/uploads\/2025\/01\/Single-Phase-Induction-Motor-Manufacturers-480x320.webp 480w\" alt=\"Fabricantes de motores de inducci\u00f3n monof\u00e1sicos\" width=\"900\" height=\"600\" title=\"\"><\/td>\n<td style=\"width: 659.231%;\"><img loading=\"lazy\" decoding=\"async\" class=\"alignnone size-full wp-image-3473\" src=\"https:\/\/fmp-components.com\/wp-content\/uploads\/2025\/01\/Single-Phase-Induction-Motor-for-Sale.webp\" sizes=\"(min-width: 0px) and (max-width: 480px) 480px, (min-width: 481px) 900px, 100vw\" srcset=\"https:\/\/fmp-components.com\/wp-content\/uploads\/2025\/01\/Single-Phase-Induction-Motor-for-Sale.webp 900w, https:\/\/fmp-components.com\/wp-content\/uploads\/2025\/01\/Single-Phase-Induction-Motor-for-Sale-480x320.webp 480w\" alt=\"Motor de inducci\u00f3n monof\u00e1sico en venta\" width=\"900\" height=\"600\" title=\"\"><\/td>\n<\/tr>\n<\/tbody>\n<\/table>\n<p>Autor: CX<\/p>","protected":false},"excerpt":{"rendered":"<p>IEC Motors B5T Flange Mount Stainless Steel Motors &#8211; TENV Replacement for SEW Motors FMP standard stainless steel washdown motors are designed to meet the extreme and stringent hygiene requirements of today&#8217;s food processing, pharmaceutical, packaging and beverage industries. High pressure steam and water tested to stringent IP69K specifications, FMP&#8217;s food safe stainless steel motors [&hellip;]<\/p>","protected":false},"featured_media":3550,"comment_status":"open","ping_status":"closed","template":"","meta":{"_et_pb_use_builder":"","_et_pb_old_content":"","_et_gb_content_width":""},"product_brand":[],"product_cat":[88],"product_tag":[],"class_list":{"0":"post-3548","1":"product","2":"type-product","3":"status-publish","4":"has-post-thumbnail","6":"product_cat-stainless-steel-motors","8":"first","9":"instock","10":"shipping-taxable","11":"product-type-simple"},"_links":{"self":[{"href":"https:\/\/fmp-components.com\/es\/wp-json\/wp\/v2\/product\/3548","targetHints":{"allow":["GET"]}}],"collection":[{"href":"https:\/\/fmp-components.com\/es\/wp-json\/wp\/v2\/product"}],"about":[{"href":"https:\/\/fmp-components.com\/es\/wp-json\/wp\/v2\/types\/product"}],"replies":[{"embeddable":true,"href":"https:\/\/fmp-components.com\/es\/wp-json\/wp\/v2\/comments?post=3548"}],"wp:featuredmedia":[{"embeddable":true,"href":"https:\/\/fmp-components.com\/es\/wp-json\/wp\/v2\/media\/3550"}],"wp:attachment":[{"href":"https:\/\/fmp-components.com\/es\/wp-json\/wp\/v2\/media?parent=3548"}],"wp:term":[{"taxonomy":"product_brand","embeddable":true,"href":"https:\/\/fmp-components.com\/es\/wp-json\/wp\/v2\/product_brand?post=3548"},{"taxonomy":"product_cat","embeddable":true,"href":"https:\/\/fmp-components.com\/es\/wp-json\/wp\/v2\/product_cat?post=3548"},{"taxonomy":"product_tag","embeddable":true,"href":"https:\/\/fmp-components.com\/es\/wp-json\/wp\/v2\/product_tag?post=3548"}],"curies":[{"name":"gracias","href":"https:\/\/api.w.org\/{rel}","templated":true}]}}