{"id":3518,"date":"2025-01-08T02:37:21","date_gmt":"2025-01-08T02:37:21","guid":{"rendered":"https:\/\/fmp-components.com\/?page_id=8"},"modified":"2025-01-08T02:39:02","modified_gmt":"2025-01-08T02:39:02","slug":"tefc-stainless-steel-nema-washdown-electric-motor","status":"publish","type":"product","link":"https:\/\/fmp-components.com\/es\/product\/tefc-stainless-steel-nema-washdown-electric-motor\/","title":{"rendered":"Motor el\u00e9ctrico lavable NEMA de acero inoxidable TEFC"},"content":{"rendered":"<p style=\"text-align: center;\"><span style=\"font-size: 18pt;\">Motor el\u00e9ctrico lavable NEMA de acero inoxidable TEFC<\/span><\/p>\n<p>Con el tiempo, las paradas de los equipos se han vuelto habituales en las plantas de alimentos y bebidas. Muchos gabinetes interiores deben protegerse de la humedad excesiva causada por el tendido de mangueras o salpicaduras de agua (lavado). Los motores de lavado est\u00e1n dise\u00f1ados para su uso en plantas de alimentos y bebidas, as\u00ed como en otras aplicaciones donde los motores est\u00e1n expuestos frecuentemente al lavado y a contaminantes (qu\u00edmicos, humedad y humedad).<br \/>\nLos motores lavables protegen los componentes internos del motor (bobinados del estator, conjunto del estator, rotor y eje).<\/p>\n<p>Los motores de CA lavables impulsan transportadores en entornos h\u00famedos y con alta humedad. En la producci\u00f3n qu\u00edmica, farmac\u00e9utica, alimentaria y de bebidas, la limpieza y el lavado regulares de los equipos son esenciales. Est\u00e1n completamente sellados y resisten el agua u otros fluidos que podr\u00edan da\u00f1ar los componentes internos del motor. El eje del motor cuenta con un sello de eje giratorio de anillo en V y sellos de contacto accionados por resorte, mientras que los cojinetes del motor est\u00e1n lubricados con grasa resistente a la humedad para una mayor protecci\u00f3n contra el lavado.<\/p>\n<p><img loading=\"lazy\" decoding=\"async\" class=\"alignnone wp-image-3520\" src=\"https:\/\/fmp-components.com\/wp-content\/uploads\/2025\/01\/fmp_11.stainless-steel-motor-2.webp\" alt=\"fmp_11.motor de acero inoxidable\" width=\"925\" height=\"374\" title=\"\" srcset=\"https:\/\/fmp-components.com\/wp-content\/uploads\/2025\/01\/fmp_11.stainless-steel-motor-2.webp 925w, https:\/\/fmp-components.com\/wp-content\/uploads\/2025\/01\/fmp_11.stainless-steel-motor-2-480x194.webp 480w\" sizes=\"(min-width: 0px) and (max-width: 480px) 480px, (min-width: 481px) 925px, 100vw\" \/><\/p>\n<table style=\"width: 100.825%; height: 96px;\" border=\"1\">\n<tbody>\n<tr>\n<td><strong>Marco\u00a0<\/strong><\/td>\n<td><strong>A<\/strong><\/td>\n<td><strong>CAMA Y DESAYUNO<\/strong><\/td>\n<td><strong>licenciado en Letras<\/strong><\/td>\n<td><strong>noroeste<\/strong><\/td>\n<td><strong>U<\/strong><\/td>\n<td><strong>R<\/strong><\/td>\n<td><strong>S<\/strong><\/td>\n<td><strong>ES<\/strong><\/td>\n<td><strong>mi<\/strong><\/td>\n<td><strong>2F<\/strong><\/td>\n<td><strong>B<\/strong><\/td>\n<td><strong>H<\/strong><\/td>\n<td><strong>BF<\/strong><\/td>\n<td>AJ<\/td>\n<td>PAG<\/td>\n<td>Alaska<\/td>\n<td>AB<\/td>\n<td>D<\/td>\n<td>0<\/td>\n<\/tr>\n<tr>\n<td>56 \u00b0C<\/td>\n<td>6.5<\/td>\n<td>0.16<\/td>\n<td>2.75<\/td>\n<td>1.88<\/td>\n<td>0.625<\/td>\n<td>0.517<\/td>\n<td>0.188<\/td>\n<td>1.41<\/td>\n<td>2.44<\/td>\n<td>3<\/td>\n<td>3.87<\/td>\n<td>0.34<\/td>\n<td>3\/8-16<\/td>\n<td>5.875<\/td>\n<td>6.93<\/td>\n<td>4.5<\/td>\n<td>5.79<\/td>\n<td>3.504<\/td>\n<td>8.51<\/td>\n<\/tr>\n<tr>\n<td>143TC<\/td>\n<td>6.5<\/td>\n<td>0.16<\/td>\n<td>2.75<\/td>\n<td>2.25<\/td>\n<td>0.771<\/td>\n<td>0.771<\/td>\n<td>0.188<\/td>\n<td>1.41<\/td>\n<td>2.75<\/td>\n<td>4<\/td>\n<td>4.87<\/td>\n<td>4.87<\/td>\n<td>3\/8-16<\/td>\n<td>5.875<\/td>\n<td>6.93<\/td>\n<td>4.5<\/td>\n<td>5.79<\/td>\n<td>3.504<\/td>\n<td>8.51<\/td>\n<\/tr>\n<tr>\n<td>145TC<\/td>\n<td>6.5<\/td>\n<td>0.16<\/td>\n<td>2.75<\/td>\n<td>2.25<\/td>\n<td>0.771<\/td>\n<td>0.771<\/td>\n<td>0.188<\/td>\n<td>1.41<\/td>\n<td>2.75<\/td>\n<td>5<\/td>\n<td>5.87<\/td>\n<td>5.87<\/td>\n<td>3\/8-16<\/td>\n<td>5.875<\/td>\n<td>6.93<\/td>\n<td>4.5<\/td>\n<td>5.79<\/td>\n<td>3.504<\/td>\n<td>8.51<\/td>\n<\/tr>\n<\/tbody>\n<\/table>\n<h2>Aplicaciones del motor el\u00e9ctrico lavable NEMA de acero inoxidable TEFC<\/h2>\n<ol>\n<li><strong>Procesamiento y envasado de alimentos<\/strong><br \/>\nLos motores de acero inoxidable TEFC (Totalmente Cerrados y Refrigerados por Ventilador) con certificaci\u00f3n NEMA para lavado a presi\u00f3n son ideales para plantas de procesamiento de alimentos donde la higiene y la limpieza son primordiales. Estos motores est\u00e1n dise\u00f1ados para soportar agua a alta presi\u00f3n y los productos qu\u00edmicos de limpieza agresivos que se utilizan habitualmente en entornos de producci\u00f3n de alimentos. Se utilizan en equipos como cintas transportadoras, mezcladoras, bombas y envasadoras, garantizando un rendimiento fiable y manteniendo las condiciones sanitarias.<\/li>\n<li><strong>Fabricaci\u00f3n de bebidas<\/strong><br \/>\nEn la industria de bebidas, donde es fundamental minimizar los riesgos de contaminaci\u00f3n, estos motores ofrecen una soluci\u00f3n esencial. Los motores TEFC de acero inoxidable se utilizan en m\u00e1quinas de embotellado, tapado y etiquetado, as\u00ed como en sistemas de filtraci\u00f3n y bombeo, ofreciendo resistencia a la corrosi\u00f3n y f\u00e1cil mantenimiento en entornos de lavado exigentes.<\/li>\n<li><strong>Industrias qu\u00edmicas y farmac\u00e9uticas<\/strong><br \/>\nLos sectores qu\u00edmico y farmac\u00e9utico conf\u00edan en estos motores para aplicaciones que requieren durabilidad y limpieza. Los motores TEFC de acero inoxidable se utilizan a menudo en tanques de mezcla, agitadores, cintas transportadoras y l\u00edneas de envasado, donde la exposici\u00f3n a materiales corrosivos y los ciclos de limpieza frecuentes son comunes. La capacidad de lavado garantiza una limpieza segura de los motores sin riesgo de da\u00f1os.<\/li>\n<li><strong>Tratamiento de agua y aguas residuales<\/strong><br \/>\nEn plantas de tratamiento de agua y aguas residuales, se utilizan motores de acero inoxidable TEFC en bombas, aireadores, mezcladores y equipos de filtraci\u00f3n. Estos motores proporcionan la protecci\u00f3n necesaria contra la exposici\u00f3n al agua y a productos qu\u00edmicos, garantizando un rendimiento ininterrumpido en los entornos a menudo corrosivos y con alta humedad de las instalaciones de tratamiento de agua.<\/li>\n<li><strong>Aplicaciones marinas y offshore<\/strong><br \/>\nLa construcci\u00f3n en acero inoxidable y el dise\u00f1o TEFC hacen que estos motores sean ideales para su uso en las industrias marinas y de alta mar, donde est\u00e1n expuestos a agua salada, alta humedad y condiciones ambientales adversas. Estos motores se utilizan com\u00fanmente en bombas, cabrestantes y otros equipos que requieren resistencia a la corrosi\u00f3n y facilidad de lavado.<\/li>\n<li><strong>Equipo de limpieza<\/strong><br \/>\nLos motores de acero inoxidable TEFC se encuentran com\u00fanmente en equipos de limpieza comerciales como hidrolavadoras, fregadoras de pisos y aspiradoras industriales. Su capacidad para soportar lavados a alta presi\u00f3n y la exposici\u00f3n a agentes de limpieza los hace ideales para mantener la limpieza y la confiabilidad de la maquinaria de limpieza.<\/li>\n<li><strong>Embalaje y manipulaci\u00f3n de materiales<\/strong><br \/>\nEn sistemas de embalaje y manipulaci\u00f3n de materiales, especialmente en industrias como la farmac\u00e9utica, alimentaria y qu\u00edmica, la capacidad de lavado de estos motores garantiza un rendimiento duradero y sin problemas. Se utilizan en transportadores, paletizadores y otros sistemas automatizados que requieren una limpieza frecuente.<\/li>\n<li><strong>Procesamiento agr\u00edcola<\/strong><br \/>\nEstos motores tambi\u00e9n se utilizan en maquinaria agr\u00edcola, donde la exposici\u00f3n a la humedad, el polvo y los elementos corrosivos es frecuente. Entre sus aplicaciones se incluyen sistemas de manejo de granos, m\u00e1quinas clasificadoras y sistemas de riego, donde la facilidad de limpieza y la resistencia a la corrosi\u00f3n son esenciales.<\/li>\n<\/ol>\n<p>Al ofrecer resistencia a la corrosi\u00f3n, durabilidad y la capacidad de soportar una limpieza frecuente, los motores el\u00e9ctricos lavables NEMA de acero inoxidable TEFC son cruciales en industrias donde la higiene y la confiabilidad operativa no son negociables.<\/p>\n<h2>Motor de acero inoxidable relacionado<\/h2>\n<table border=\"1\" width=\"100%\" cellspacing=\"0\" cellpadding=\"0\">\n<tbody>\n<tr>\n<td align=\"right\" width=\"64\" height=\"18\"><img loading=\"lazy\" decoding=\"async\" class=\"alignnone size-full wp-image-3507\" src=\"https:\/\/fmp-components.com\/wp-content\/uploads\/2025\/01\/ep_stainless-steel-motor-1.webp\" sizes=\"(max-width: 379px) 100vw, 379px\" srcset=\"https:\/\/fmp-components.com\/wp-content\/uploads\/2025\/01\/ep_stainless-steel-motor-1.webp 379w, https:\/\/fmp-components.com\/wp-content\/uploads\/2025\/01\/ep_stainless-steel-motor-1-300x200.webp 300w, https:\/\/fmp-components.com\/wp-content\/uploads\/2025\/01\/ep_stainless-steel-motor-1-18x12.webp 18w\" alt=\"motor de acero inoxidable\" width=\"379\" height=\"253\" title=\"\"><\/td>\n<td align=\"right\" width=\"64\"><img loading=\"lazy\" decoding=\"async\" class=\"alignnone size-full wp-image-3508\" src=\"https:\/\/fmp-components.com\/wp-content\/uploads\/2025\/01\/ep_stainless-steel-motor-2-2.webp\" sizes=\"(max-width: 379px) 100vw, 379px\" srcset=\"https:\/\/fmp-components.com\/wp-content\/uploads\/2025\/01\/ep_stainless-steel-motor-2-2.webp 379w, https:\/\/fmp-components.com\/wp-content\/uploads\/2025\/01\/ep_stainless-steel-motor-2-2-300x200.webp 300w, https:\/\/fmp-components.com\/wp-content\/uploads\/2025\/01\/ep_stainless-steel-motor-2-2-18x12.webp 18w\" alt=\"motor de acero inoxidable\" width=\"379\" height=\"253\" title=\"\"><\/td>\n<td align=\"right\" width=\"64\"><img loading=\"lazy\" decoding=\"async\" class=\"alignnone size-full wp-image-3509\" src=\"https:\/\/fmp-components.com\/wp-content\/uploads\/2025\/01\/ep_stainless-steel-motor-6.webp\" sizes=\"(max-width: 379px) 100vw, 379px\" srcset=\"https:\/\/fmp-components.com\/wp-content\/uploads\/2025\/01\/ep_stainless-steel-motor-6.webp 379w, https:\/\/fmp-components.com\/wp-content\/uploads\/2025\/01\/ep_stainless-steel-motor-6-300x200.webp 300w, https:\/\/fmp-components.com\/wp-content\/uploads\/2025\/01\/ep_stainless-steel-motor-6-18x12.webp 18w\" alt=\"motor de acero inoxidable\" width=\"379\" height=\"253\" title=\"\"><\/td>\n<td align=\"right\" width=\"64\"><img loading=\"lazy\" decoding=\"async\" class=\"alignnone size-full wp-image-3510\" src=\"https:\/\/fmp-components.com\/wp-content\/uploads\/2025\/01\/ep_stainless-steel-motor-300x200-1.webp\" sizes=\"(max-width: 300px) 100vw, 300px\" srcset=\"https:\/\/fmp-components.com\/wp-content\/uploads\/2025\/01\/ep_stainless-steel-motor-300x200-1.webp 300w, https:\/\/fmp-components.com\/wp-content\/uploads\/2025\/01\/ep_stainless-steel-motor-300x200-1-18x12.webp 18w\" alt=\"motor de acero inoxidable\" width=\"300\" height=\"200\" title=\"\"><\/td>\n<\/tr>\n<tr>\n<td align=\"right\" height=\"18\">Motor de im\u00e1n permanente de acero inoxidable<\/td>\n<td align=\"right\">Motor de acero inoxidable refrigerado por agua<\/td>\n<td align=\"right\">Motor el\u00e9ctrico para la industria alimentaria<\/td>\n<td align=\"right\">Motor de acero inoxidable<\/td>\n<\/tr>\n<tr>\n<td align=\"right\" height=\"18\"><img loading=\"lazy\" decoding=\"async\" class=\"alignnone size-full wp-image-3511\" src=\"https:\/\/fmp-components.com\/wp-content\/uploads\/2025\/01\/ep_stainless-steel-motor-4.webp\" sizes=\"(max-width: 379px) 100vw, 379px\" srcset=\"https:\/\/fmp-components.com\/wp-content\/uploads\/2025\/01\/ep_stainless-steel-motor-4.webp 379w, https:\/\/fmp-components.com\/wp-content\/uploads\/2025\/01\/ep_stainless-steel-motor-4-300x200.webp 300w, https:\/\/fmp-components.com\/wp-content\/uploads\/2025\/01\/ep_stainless-steel-motor-4-18x12.webp 18w\" alt=\"motor de acero inoxidable\" width=\"379\" height=\"253\" title=\"\"><\/td>\n<td align=\"right\"><img loading=\"lazy\" decoding=\"async\" class=\"alignnone size-full wp-image-3512\" src=\"https:\/\/fmp-components.com\/wp-content\/uploads\/2025\/01\/ep_stainless-steel-motor-3.webp\" sizes=\"(max-width: 379px) 100vw, 379px\" srcset=\"https:\/\/fmp-components.com\/wp-content\/uploads\/2025\/01\/ep_stainless-steel-motor-3.webp 379w, https:\/\/fmp-components.com\/wp-content\/uploads\/2025\/01\/ep_stainless-steel-motor-3-300x200.webp 300w, https:\/\/fmp-components.com\/wp-content\/uploads\/2025\/01\/ep_stainless-steel-motor-3-18x12.webp 18w\" alt=\"motor de acero inoxidable\" width=\"379\" height=\"253\" title=\"\"><\/td>\n<td align=\"right\"><img loading=\"lazy\" decoding=\"async\" class=\"alignnone size-full wp-image-3513\" src=\"https:\/\/fmp-components.com\/wp-content\/uploads\/2025\/01\/ep_stainless-steel-motor-5.webp\" sizes=\"(max-width: 379px) 100vw, 379px\" srcset=\"https:\/\/fmp-components.com\/wp-content\/uploads\/2025\/01\/ep_stainless-steel-motor-5.webp 379w, https:\/\/fmp-components.com\/wp-content\/uploads\/2025\/01\/ep_stainless-steel-motor-5-300x200.webp 300w, https:\/\/fmp-components.com\/wp-content\/uploads\/2025\/01\/ep_stainless-steel-motor-5-18x12.webp 18w\" alt=\"motor de acero inoxidable\" width=\"379\" height=\"253\" title=\"\"><\/td>\n<td align=\"right\"><img loading=\"lazy\" decoding=\"async\" class=\"alignnone size-full wp-image-3514\" src=\"https:\/\/fmp-components.com\/wp-content\/uploads\/2025\/01\/ep_stainless-steel-motor-6-1.webp\" sizes=\"(max-width: 379px) 100vw, 379px\" srcset=\"https:\/\/fmp-components.com\/wp-content\/uploads\/2025\/01\/ep_stainless-steel-motor-6-1.webp 379w, https:\/\/fmp-components.com\/wp-content\/uploads\/2025\/01\/ep_stainless-steel-motor-6-1-300x200.webp 300w, https:\/\/fmp-components.com\/wp-content\/uploads\/2025\/01\/ep_stainless-steel-motor-6-1-18x12.webp 18w\" alt=\"motor de acero inoxidable\" width=\"379\" height=\"253\" title=\"\"><\/td>\n<\/tr>\n<tr>\n<td align=\"right\" height=\"18\">Motor de CA para maquinaria de alimentos emulsionados IEC<\/td>\n<td align=\"right\">Motor as\u00edncrono NEMA 56C<\/td>\n<td align=\"right\">Motor de CA de acero inoxidable IEC<\/td>\n<td>Motor IEC de alta eficiencia totalmente de acero inoxidable<\/td>\n<\/tr>\n<tr>\n<td align=\"right\" width=\"64\" height=\"18\"><img loading=\"lazy\" decoding=\"async\" class=\"alignnone size-full wp-image-3515\" src=\"https:\/\/fmp-components.com\/wp-content\/uploads\/2025\/01\/ep_stainless-steel-motor-2.webp\" sizes=\"(max-width: 379px) 100vw, 379px\" srcset=\"https:\/\/fmp-components.com\/wp-content\/uploads\/2025\/01\/ep_stainless-steel-motor-2.webp 379w, https:\/\/fmp-components.com\/wp-content\/uploads\/2025\/01\/ep_stainless-steel-motor-2-300x200.webp 300w, https:\/\/fmp-components.com\/wp-content\/uploads\/2025\/01\/ep_stainless-steel-motor-2-18x12.webp 18w\" alt=\"motor de acero inoxidable\" width=\"379\" height=\"253\" title=\"\"><\/td>\n<td align=\"right\" width=\"64\"><img loading=\"lazy\" decoding=\"async\" class=\"alignnone size-full wp-image-3516\" src=\"https:\/\/fmp-components.com\/wp-content\/uploads\/2025\/01\/ep_stainless-steel-motor-8.webp\" sizes=\"(max-width: 379px) 100vw, 379px\" srcset=\"https:\/\/fmp-components.com\/wp-content\/uploads\/2025\/01\/ep_stainless-steel-motor-8.webp 379w, https:\/\/fmp-components.com\/wp-content\/uploads\/2025\/01\/ep_stainless-steel-motor-8-300x200.webp 300w, https:\/\/fmp-components.com\/wp-content\/uploads\/2025\/01\/ep_stainless-steel-motor-8-18x12.webp 18w\" alt=\"motor de acero inoxidable\" width=\"379\" height=\"253\" title=\"\"><\/td>\n<td align=\"right\" width=\"64\"><img loading=\"lazy\" decoding=\"async\" class=\"alignnone size-full wp-image-3517\" src=\"https:\/\/fmp-components.com\/wp-content\/uploads\/2025\/01\/ep_stainless-steel-motor-7.webp\" sizes=\"(max-width: 379px) 100vw, 379px\" srcset=\"https:\/\/fmp-components.com\/wp-content\/uploads\/2025\/01\/ep_stainless-steel-motor-7.webp 379w, https:\/\/fmp-components.com\/wp-content\/uploads\/2025\/01\/ep_stainless-steel-motor-7-300x200.webp 300w, https:\/\/fmp-components.com\/wp-content\/uploads\/2025\/01\/ep_stainless-steel-motor-7-18x12.webp 18w\" alt=\"motor de acero inoxidable\" width=\"379\" height=\"253\" title=\"\"><\/td>\n<td align=\"right\" width=\"64\"><\/td>\n<\/tr>\n<tr>\n<td align=\"right\" height=\"18\">Motor para equipo de depilaci\u00f3n de pollos y patos<\/td>\n<td align=\"right\">Motor de acero inoxidable de grado alimenticio NEMA<\/td>\n<td align=\"right\">Motor de acero inoxidable IEC de grado alimenticio<\/td>\n<td align=\"right\"><\/td>\n<\/tr>\n<\/tbody>\n<\/table>\n<h2>Acerca de FMP<\/h2>\n<p>FMP es una empresa nacional de alta tecnolog\u00eda especializada en el dise\u00f1o, desarrollo y producci\u00f3n de motores avanzados y soluciones electromec\u00e1nicas. Nos centramos en la producci\u00f3n de motores de las series YE2, YE3 y YE4, junto con una gama de productos derivados. Nuestra oferta de productos tambi\u00e9n incluye motores trif\u00e1sicos y monof\u00e1sicos para bombas hidr\u00e1ulicas, motores con carcasa de aluminio, motores no est\u00e1ndar para bombas hidr\u00e1ulicas, reductores de engranajes para turbinas con integraci\u00f3n electromec\u00e1nica y otros motores especializados.<\/p>\n<p>Los productos de FMP se utilizan ampliamente en la automatizaci\u00f3n industrial, prestando servicio a sectores clave como tornos CNC, maquinaria para la fabricaci\u00f3n de calzado, maquinaria para la carpinter\u00eda, maquinaria para la metalurgia, maquinaria para el pl\u00e1stico y maquinaria para la construcci\u00f3n. Con un firme compromiso con la innovaci\u00f3n y la calidad, FMP garantiza que todos sus productos cumplan con los m\u00e1s altos est\u00e1ndares de rendimiento.<\/p>\n<p>Adem\u00e1s de nuestra amplia gama de productos, nos enorgullece ofrecer soluciones personalizadas adaptadas a las necesidades espec\u00edficas de nuestros clientes. Ya sea que necesite motores especializados, productos no est\u00e1ndar o sistemas integrados, FMP colabora estrechamente con ellos para ofrecer soluciones a medida de alta calidad. Nuestro enfoque en la ingenier\u00eda de precisi\u00f3n y la satisfacci\u00f3n del cliente impulsan nuestro \u00e9xito continuo en los mercados globales.<\/p>\n<p>En FMP, nos dedicamos a construir asociaciones a largo plazo y mutuamente beneficiosas, apoyando el \u00e9xito de nuestros clientes con cada proyecto.<\/p>\n<table style=\"width: 100.629%;\" border=\"0\" width=\"128\" cellspacing=\"0\" cellpadding=\"0\">\n<tbody>\n<tr>\n<td style=\"width: 49.2308%;\" align=\"right\" width=\"64\" height=\"18\"><img loading=\"lazy\" decoding=\"async\" class=\"alignnone size-full wp-image-3398\" src=\"https:\/\/fmp-components.com\/wp-content\/uploads\/2025\/01\/Three-Phase-Motor-Factory.webp\" sizes=\"(min-width: 0px) and (max-width: 480px) 480px, (min-width: 481px) 900px, 100vw\" srcset=\"https:\/\/fmp-components.com\/wp-content\/uploads\/2025\/01\/Three-Phase-Motor-Factory.webp 900w, https:\/\/fmp-components.com\/wp-content\/uploads\/2025\/01\/Three-Phase-Motor-Factory-480x320.webp 480w\" alt=\"F\u00e1brica de motores trif\u00e1sicos\" width=\"900\" height=\"600\" title=\"\"><\/td>\n<td style=\"width: 659.231%;\" align=\"right\" width=\"64\"><img loading=\"lazy\" decoding=\"async\" class=\"alignnone size-full wp-image-3399\" src=\"https:\/\/fmp-components.com\/wp-content\/uploads\/2025\/01\/Three-Phase-Motor-Factory-2.webp\" sizes=\"(min-width: 0px) and (max-width: 480px) 480px, (min-width: 481px) 900px, 100vw\" srcset=\"https:\/\/fmp-components.com\/wp-content\/uploads\/2025\/01\/Three-Phase-Motor-Factory-2.webp 900w, https:\/\/fmp-components.com\/wp-content\/uploads\/2025\/01\/Three-Phase-Motor-Factory-2-480x320.webp 480w\" alt=\"F\u00e1brica de motores trif\u00e1sicos 2\" width=\"900\" height=\"600\" title=\"\"><\/td>\n<\/tr>\n<tr>\n<td style=\"width: 49.2308%;\" align=\"right\" height=\"18\"><img loading=\"lazy\" decoding=\"async\" class=\"alignnone size-full wp-image-3400\" src=\"https:\/\/fmp-components.com\/wp-content\/uploads\/2025\/01\/China-Three-Phase-Motor-Factory-1.webp\" sizes=\"(min-width: 0px) and (max-width: 480px) 480px, (min-width: 481px) 900px, 100vw\" srcset=\"https:\/\/fmp-components.com\/wp-content\/uploads\/2025\/01\/China-Three-Phase-Motor-Factory-1.webp 900w, https:\/\/fmp-components.com\/wp-content\/uploads\/2025\/01\/China-Three-Phase-Motor-Factory-1-480x320.webp 480w\" alt=\"F\u00e1brica de motores trif\u00e1sicos 1\" width=\"900\" height=\"600\" title=\"\"><\/td>\n<td style=\"width: 659.231%;\" align=\"right\"><img loading=\"lazy\" decoding=\"async\" class=\"alignnone size-full wp-image-3401\" src=\"https:\/\/fmp-components.com\/wp-content\/uploads\/2025\/01\/Three-Phase-Motor-Factory-3.webp\" sizes=\"(min-width: 0px) and (max-width: 480px) 480px, (min-width: 481px) 900px, 100vw\" srcset=\"https:\/\/fmp-components.com\/wp-content\/uploads\/2025\/01\/Three-Phase-Motor-Factory-3.webp 900w, https:\/\/fmp-components.com\/wp-content\/uploads\/2025\/01\/Three-Phase-Motor-Factory-3-480x320.webp 480w\" alt=\"F\u00e1brica de motores trif\u00e1sicos 3\" width=\"900\" height=\"600\" title=\"\"><\/td>\n<\/tr>\n<tr>\n<td style=\"width: 49.2308%;\"><img loading=\"lazy\" decoding=\"async\" class=\"alignnone size-full wp-image-3471\" src=\"https:\/\/fmp-components.com\/wp-content\/uploads\/2025\/01\/Single-Phase-Induction-Motor-Suppliers.webp\" sizes=\"(min-width: 0px) and (max-width: 480px) 480px, (min-width: 481px) 900px, 100vw\" srcset=\"https:\/\/fmp-components.com\/wp-content\/uploads\/2025\/01\/Single-Phase-Induction-Motor-Suppliers.webp 900w, https:\/\/fmp-components.com\/wp-content\/uploads\/2025\/01\/Single-Phase-Induction-Motor-Suppliers-480x320.webp 480w\" alt=\"Proveedores de motores de inducci\u00f3n monof\u00e1sicos\" width=\"900\" height=\"600\" title=\"\"><\/td>\n<td style=\"width: 659.231%;\"><img loading=\"lazy\" decoding=\"async\" class=\"alignnone size-full wp-image-3470\" src=\"https:\/\/fmp-components.com\/wp-content\/uploads\/2025\/01\/Single-Phase-Induction-Motor-Manufacturers-1.webp\" sizes=\"(min-width: 0px) and (max-width: 480px) 480px, (min-width: 481px) 900px, 100vw\" srcset=\"https:\/\/fmp-components.com\/wp-content\/uploads\/2025\/01\/Single-Phase-Induction-Motor-Manufacturers-1.webp 900w, https:\/\/fmp-components.com\/wp-content\/uploads\/2025\/01\/Single-Phase-Induction-Motor-Manufacturers-1-480x320.webp 480w\" alt=\"Fabricantes de motores de inducci\u00f3n monof\u00e1sicos 1\" width=\"900\" height=\"600\" title=\"\"><\/td>\n<\/tr>\n<tr>\n<td style=\"width: 49.2308%;\"><img loading=\"lazy\" decoding=\"async\" class=\"alignnone size-full wp-image-3472\" src=\"https:\/\/fmp-components.com\/wp-content\/uploads\/2025\/01\/Single-Phase-Induction-Motor-Manufacturers.webp\" sizes=\"(min-width: 0px) and (max-width: 480px) 480px, (min-width: 481px) 900px, 100vw\" srcset=\"https:\/\/fmp-components.com\/wp-content\/uploads\/2025\/01\/Single-Phase-Induction-Motor-Manufacturers.webp 900w, https:\/\/fmp-components.com\/wp-content\/uploads\/2025\/01\/Single-Phase-Induction-Motor-Manufacturers-480x320.webp 480w\" alt=\"Fabricantes de motores de inducci\u00f3n monof\u00e1sicos\" width=\"900\" height=\"600\" title=\"\"><\/td>\n<td style=\"width: 659.231%;\"><img loading=\"lazy\" decoding=\"async\" class=\"alignnone size-full wp-image-3473\" src=\"https:\/\/fmp-components.com\/wp-content\/uploads\/2025\/01\/Single-Phase-Induction-Motor-for-Sale.webp\" sizes=\"(min-width: 0px) and (max-width: 480px) 480px, (min-width: 481px) 900px, 100vw\" srcset=\"https:\/\/fmp-components.com\/wp-content\/uploads\/2025\/01\/Single-Phase-Induction-Motor-for-Sale.webp 900w, https:\/\/fmp-components.com\/wp-content\/uploads\/2025\/01\/Single-Phase-Induction-Motor-for-Sale-480x320.webp 480w\" alt=\"Motor de inducci\u00f3n monof\u00e1sico en venta\" width=\"900\" height=\"600\" title=\"\"><\/td>\n<\/tr>\n<\/tbody>\n<\/table>\n<p>Autor: CX<\/p>","protected":false},"excerpt":{"rendered":"<p>TEFC Stainless Steel NEMA Washdown Electric Motor Over time, equipment downtime has become typical in food and beverage plants. Many indoor cabinets must be protected from excessive moisture from hose routing or splashing water (washdown). Washdown motors are designed for use in food and beverage plants and other applications where motors are frequently exposed to [&hellip;]<\/p>","protected":false},"featured_media":3521,"comment_status":"open","ping_status":"closed","template":"","meta":{"_et_pb_use_builder":"","_et_pb_old_content":"","_et_gb_content_width":""},"product_brand":[],"product_cat":[88],"product_tag":[],"class_list":{"0":"post-3518","1":"product","2":"type-product","3":"status-publish","4":"has-post-thumbnail","6":"product_cat-stainless-steel-motors","8":"first","9":"instock","10":"shipping-taxable","11":"product-type-simple"},"_links":{"self":[{"href":"https:\/\/fmp-components.com\/es\/wp-json\/wp\/v2\/product\/3518","targetHints":{"allow":["GET"]}}],"collection":[{"href":"https:\/\/fmp-components.com\/es\/wp-json\/wp\/v2\/product"}],"about":[{"href":"https:\/\/fmp-components.com\/es\/wp-json\/wp\/v2\/types\/product"}],"replies":[{"embeddable":true,"href":"https:\/\/fmp-components.com\/es\/wp-json\/wp\/v2\/comments?post=3518"}],"wp:featuredmedia":[{"embeddable":true,"href":"https:\/\/fmp-components.com\/es\/wp-json\/wp\/v2\/media\/3521"}],"wp:attachment":[{"href":"https:\/\/fmp-components.com\/es\/wp-json\/wp\/v2\/media?parent=3518"}],"wp:term":[{"taxonomy":"product_brand","embeddable":true,"href":"https:\/\/fmp-components.com\/es\/wp-json\/wp\/v2\/product_brand?post=3518"},{"taxonomy":"product_cat","embeddable":true,"href":"https:\/\/fmp-components.com\/es\/wp-json\/wp\/v2\/product_cat?post=3518"},{"taxonomy":"product_tag","embeddable":true,"href":"https:\/\/fmp-components.com\/es\/wp-json\/wp\/v2\/product_tag?post=3518"}],"curies":[{"name":"gracias","href":"https:\/\/api.w.org\/{rel}","templated":true}]}}