{"id":3505,"date":"2025-01-08T02:21:06","date_gmt":"2025-01-08T02:21:06","guid":{"rendered":"https:\/\/fmp-components.com\/?page_id=8"},"modified":"2025-01-08T02:22:26","modified_gmt":"2025-01-08T02:22:26","slug":"nema-stainless-steel-stepper-motor-with-double-capacitor","status":"publish","type":"product","link":"https:\/\/fmp-components.com\/es\/product\/nema-stainless-steel-stepper-motor-with-double-capacitor\/","title":{"rendered":"Motor paso a paso de acero inoxidable NEMA con doble condensador"},"content":{"rendered":"<p class=\"et_pb_module_header\" style=\"text-align: center;\"><span style=\"font-size: 18pt;\">Motor paso a paso de acero inoxidable NEMA con doble condensador<\/span><\/p>\n<p>Los motores el\u00e9ctricos FMP de acero inoxidable\/flush est\u00e1n disponibles en carcasas cerradas con ventilador (Tens) o sin ventilaci\u00f3n (ten) con protecci\u00f3n IP56 para impermeabilidad. Estos motores lavables son ideales para aplicaciones de cintas transportadoras, bombas y manipulaci\u00f3n de materiales en las industrias alimentaria, de bebidas, farmac\u00e9utica y av\u00edcola.<\/p>\n<p>Entre sus caracter\u00edsticas se incluyen sellos de doble labio en los extremos motriz y no motriz, diferentes anillos de elevaci\u00f3n del eje, juntas t\u00f3ricas y pernos pasantes en las tapas de los extremos, estructura de acero inoxidable 304, eje de acero inoxidable y caja de terminales\/conector de cables impermeable. Estos motores impermeables est\u00e1n disponibles con potencias de 1\/2 a 2 hp y un factor de servicio de 1,15 (1,0 SF para variadores de CA).<br \/>\nSu versatilidad hace que los motores de acero inoxidable\/rasante y otros motores de baja potencia sean ideales para espacios de inventario limitados. Los pedidos de 25 o m\u00e1s motores 56 pueden enviarse con anticipaci\u00f3n.<\/p>\n<h2>Par\u00e1metros del motor paso a paso de acero inoxidable<\/h2>\n<p><img loading=\"lazy\" decoding=\"async\" class=\"wp-image-3506 aligncenter\" src=\"https:\/\/fmp-components.com\/wp-content\/uploads\/2025\/01\/ep_12.stainless-steel-motor-1.webp\" alt=\"ep_12.motor-de-acero-inoxidable-1\" width=\"920\" height=\"454\" title=\"\" srcset=\"https:\/\/fmp-components.com\/wp-content\/uploads\/2025\/01\/ep_12.stainless-steel-motor-1.webp 920w, https:\/\/fmp-components.com\/wp-content\/uploads\/2025\/01\/ep_12.stainless-steel-motor-1-480x237.webp 480w\" sizes=\"(min-width: 0px) and (max-width: 480px) 480px, (min-width: 481px) 920px, 100vw\" \/><\/p>\n<table style=\"width: 100.179%; height: 117px;\" border=\"1\">\n<tbody>\n<tr>\n<td><strong>Marco\u00a0<\/strong><\/td>\n<td><strong>A<\/strong><\/td>\n<td><strong>CAMA Y DESAYUNO<\/strong><\/td>\n<td><strong>licenciado en Letras<\/strong><\/td>\n<td><strong>noroeste<\/strong><\/td>\n<td><strong>U<\/strong><\/td>\n<td><strong>R<\/strong><\/td>\n<td><strong>S<\/strong><\/td>\n<td><strong>ES<\/strong><\/td>\n<td><strong>mi<\/strong><\/td>\n<td><strong>2F<\/strong><\/td>\n<td><strong>B<\/strong><\/td>\n<td><strong>H<\/strong><\/td>\n<td><strong>BF<\/strong><\/td>\n<td><strong>AJ<\/strong><\/td>\n<td><strong>Alaska<\/strong><\/td>\n<td><strong>PAG<\/strong><\/td>\n<td><strong>AB<\/strong><\/td>\n<td><strong>D<\/strong><\/td>\n<td><strong>Oh<\/strong><\/td>\n<\/tr>\n<tr>\n<td>56 \u00b0C<\/td>\n<td>6.5<\/td>\n<td>0.16<\/td>\n<td>2.75<\/td>\n<td>1.88<\/td>\n<td>0.625<\/td>\n<td>0.517<\/td>\n<td>0.188<\/td>\n<td>1.41<\/td>\n<td>2.44<\/td>\n<td>3<\/td>\n<td>3.87<\/td>\n<td>0.34<\/td>\n<td>3\/8-16<\/td>\n<td>5.875<\/td>\n<td>4.5<\/td>\n<td>6.93<\/td>\n<td>5.79<\/td>\n<td>3.504<\/td>\n<td>8.07<\/td>\n<\/tr>\n<tr>\n<td>143TC<\/td>\n<td>6.5<\/td>\n<td>0.16<\/td>\n<td>2.75<\/td>\n<td>2.25<\/td>\n<td>0.771<\/td>\n<td>0.771<\/td>\n<td>0.188<\/td>\n<td>1.41<\/td>\n<td>2.75<\/td>\n<td>4<\/td>\n<td>4.87<\/td>\n<td>4.87<\/td>\n<td>3\/8-16<\/td>\n<td>5.875<\/td>\n<td>4.5<\/td>\n<td>6.93<\/td>\n<td>5.79<\/td>\n<td>3.504<\/td>\n<td>8.07<\/td>\n<\/tr>\n<tr>\n<td>145TC<\/td>\n<td>6.5<\/td>\n<td>0.16<\/td>\n<td>2.75<\/td>\n<td>2.25<\/td>\n<td>0.771<\/td>\n<td>0.771<\/td>\n<td>0.188<\/td>\n<td>1.41<\/td>\n<td>2.75<\/td>\n<td>5<\/td>\n<td>5.87<\/td>\n<td>5.87<\/td>\n<td>3\/8-16<\/td>\n<td>5.875<\/td>\n<td>4.5<\/td>\n<td>6.93<\/td>\n<td>5.79<\/td>\n<td>3.504<\/td>\n<td>8.07<\/td>\n<\/tr>\n<\/tbody>\n<\/table>\n<ul>\n<li>Recinto TEFC o TENV<\/li>\n<li>Protecci\u00f3n IP67<\/li>\n<li>Trif\u00e1sica, 208-230\/460 voltios<\/li>\n<li>1,15 pies cuadrados<\/li>\n<li>Aislamiento de clase F<\/li>\n<li>Lado C con pies (soldadura) o redondo (sin pies)<\/li>\n<li>Marco de acero inoxidable 304, soporte de extremo y caja de conexiones<\/li>\n<li>Eje de acero inoxidable<\/li>\n<li>Pel\u00edcula antioxidante del rotor<\/li>\n<li>Sello de doble labio con un collar adicional en el extremo de transmisi\u00f3n<\/li>\n<li>La junta t\u00f3rica instalada en la cubierta trasera puede evitar la entrada de humedad.<\/li>\n<li>Incluye conector de cable de acero inoxidable.<\/li>\n<li>Carga del inversor<\/li>\n<\/ul>\n<h2>Motor de acero inoxidable relacionado<\/h2>\n<table style=\"width: 101.404%; height: 110px;\" border=\"1\" width=\"100%\" cellspacing=\"0\" cellpadding=\"0\">\n<tbody>\n<tr style=\"height: 13.8pt;\">\n<td style=\"height: 13px; width: 25.0965%;\" align=\"right\" width=\"64\" height=\"18\"><img loading=\"lazy\" decoding=\"async\" class=\"alignnone size-full wp-image-3507\" src=\"https:\/\/fmp-components.com\/wp-content\/uploads\/2025\/01\/ep_stainless-steel-motor-1.webp\" alt=\"motor de acero inoxidable\" width=\"379\" height=\"253\" title=\"\" srcset=\"https:\/\/fmp-components.com\/wp-content\/uploads\/2025\/01\/ep_stainless-steel-motor-1.webp 379w, https:\/\/fmp-components.com\/wp-content\/uploads\/2025\/01\/ep_stainless-steel-motor-1-300x200.webp 300w, https:\/\/fmp-components.com\/wp-content\/uploads\/2025\/01\/ep_stainless-steel-motor-1-18x12.webp 18w\" sizes=\"(max-width: 379px) 100vw, 379px\" \/><\/td>\n<td style=\"width: 25.0965%; height: 13px;\" align=\"right\" width=\"64\"><img loading=\"lazy\" decoding=\"async\" class=\"alignnone size-full wp-image-3508\" src=\"https:\/\/fmp-components.com\/wp-content\/uploads\/2025\/01\/ep_stainless-steel-motor-2-2.webp\" alt=\"motor de acero inoxidable\" width=\"379\" height=\"253\" title=\"\" srcset=\"https:\/\/fmp-components.com\/wp-content\/uploads\/2025\/01\/ep_stainless-steel-motor-2-2.webp 379w, https:\/\/fmp-components.com\/wp-content\/uploads\/2025\/01\/ep_stainless-steel-motor-2-2-300x200.webp 300w, https:\/\/fmp-components.com\/wp-content\/uploads\/2025\/01\/ep_stainless-steel-motor-2-2-18x12.webp 18w\" sizes=\"(max-width: 379px) 100vw, 379px\" \/><\/td>\n<td style=\"width: 25.0965%; height: 13px;\" align=\"right\" width=\"64\"><img loading=\"lazy\" decoding=\"async\" class=\"alignnone size-full wp-image-3509\" src=\"https:\/\/fmp-components.com\/wp-content\/uploads\/2025\/01\/ep_stainless-steel-motor-6.webp\" alt=\"motor de acero inoxidable\" width=\"379\" height=\"253\" title=\"\" srcset=\"https:\/\/fmp-components.com\/wp-content\/uploads\/2025\/01\/ep_stainless-steel-motor-6.webp 379w, https:\/\/fmp-components.com\/wp-content\/uploads\/2025\/01\/ep_stainless-steel-motor-6-300x200.webp 300w, https:\/\/fmp-components.com\/wp-content\/uploads\/2025\/01\/ep_stainless-steel-motor-6-18x12.webp 18w\" sizes=\"(max-width: 379px) 100vw, 379px\" \/><\/td>\n<td style=\"width: 25.0965%; height: 13px;\" align=\"right\" width=\"64\"><img loading=\"lazy\" decoding=\"async\" class=\"alignnone size-full wp-image-3510\" src=\"https:\/\/fmp-components.com\/wp-content\/uploads\/2025\/01\/ep_stainless-steel-motor-300x200-1.webp\" alt=\"motor de acero inoxidable\" width=\"300\" height=\"200\" title=\"\" srcset=\"https:\/\/fmp-components.com\/wp-content\/uploads\/2025\/01\/ep_stainless-steel-motor-300x200-1.webp 300w, https:\/\/fmp-components.com\/wp-content\/uploads\/2025\/01\/ep_stainless-steel-motor-300x200-1-18x12.webp 18w\" sizes=\"(max-width: 300px) 100vw, 300px\" \/><\/td>\n<\/tr>\n<tr style=\"height: 13.8pt;\">\n<td style=\"height: 45px; width: 25.0965%; text-align: center;\" align=\"right\" height=\"18\">Motor de im\u00e1n permanente de acero inoxidable<\/td>\n<td style=\"width: 25.0965%; height: 45px; text-align: center;\" align=\"right\">Motor de acero inoxidable refrigerado por agua<\/td>\n<td style=\"width: 25.0965%; height: 45px; text-align: center;\" align=\"right\">Motor el\u00e9ctrico para la industria alimentaria<\/td>\n<td style=\"width: 25.0965%; height: 45px; text-align: center;\" align=\"right\">Motor de acero inoxidable<\/td>\n<\/tr>\n<tr style=\"height: 13.8pt;\">\n<td style=\"height: 13px; width: 25.0965%;\" align=\"right\" height=\"18\"><img loading=\"lazy\" decoding=\"async\" class=\"alignnone size-full wp-image-3511\" src=\"https:\/\/fmp-components.com\/wp-content\/uploads\/2025\/01\/ep_stainless-steel-motor-4.webp\" alt=\"motor de acero inoxidable\" width=\"379\" height=\"253\" title=\"\" srcset=\"https:\/\/fmp-components.com\/wp-content\/uploads\/2025\/01\/ep_stainless-steel-motor-4.webp 379w, https:\/\/fmp-components.com\/wp-content\/uploads\/2025\/01\/ep_stainless-steel-motor-4-300x200.webp 300w, https:\/\/fmp-components.com\/wp-content\/uploads\/2025\/01\/ep_stainless-steel-motor-4-18x12.webp 18w\" sizes=\"(max-width: 379px) 100vw, 379px\" \/><\/td>\n<td style=\"width: 25.0965%; height: 13px;\" align=\"right\"><img loading=\"lazy\" decoding=\"async\" class=\"alignnone size-full wp-image-3512\" src=\"https:\/\/fmp-components.com\/wp-content\/uploads\/2025\/01\/ep_stainless-steel-motor-3.webp\" alt=\"motor de acero inoxidable\" width=\"379\" height=\"253\" title=\"\" srcset=\"https:\/\/fmp-components.com\/wp-content\/uploads\/2025\/01\/ep_stainless-steel-motor-3.webp 379w, https:\/\/fmp-components.com\/wp-content\/uploads\/2025\/01\/ep_stainless-steel-motor-3-300x200.webp 300w, https:\/\/fmp-components.com\/wp-content\/uploads\/2025\/01\/ep_stainless-steel-motor-3-18x12.webp 18w\" sizes=\"(max-width: 379px) 100vw, 379px\" \/><\/td>\n<td style=\"width: 25.0965%; height: 13px;\" align=\"right\"><img loading=\"lazy\" decoding=\"async\" class=\"alignnone size-full wp-image-3513\" src=\"https:\/\/fmp-components.com\/wp-content\/uploads\/2025\/01\/ep_stainless-steel-motor-5.webp\" alt=\"motor de acero inoxidable\" width=\"379\" height=\"253\" title=\"\" srcset=\"https:\/\/fmp-components.com\/wp-content\/uploads\/2025\/01\/ep_stainless-steel-motor-5.webp 379w, https:\/\/fmp-components.com\/wp-content\/uploads\/2025\/01\/ep_stainless-steel-motor-5-300x200.webp 300w, https:\/\/fmp-components.com\/wp-content\/uploads\/2025\/01\/ep_stainless-steel-motor-5-18x12.webp 18w\" sizes=\"(max-width: 379px) 100vw, 379px\" \/><\/td>\n<td style=\"width: 25.0965%; height: 13px;\" align=\"right\"><img loading=\"lazy\" decoding=\"async\" class=\"alignnone size-full wp-image-3514\" src=\"https:\/\/fmp-components.com\/wp-content\/uploads\/2025\/01\/ep_stainless-steel-motor-6-1.webp\" alt=\"motor de acero inoxidable\" width=\"379\" height=\"253\" title=\"\" srcset=\"https:\/\/fmp-components.com\/wp-content\/uploads\/2025\/01\/ep_stainless-steel-motor-6-1.webp 379w, https:\/\/fmp-components.com\/wp-content\/uploads\/2025\/01\/ep_stainless-steel-motor-6-1-300x200.webp 300w, https:\/\/fmp-components.com\/wp-content\/uploads\/2025\/01\/ep_stainless-steel-motor-6-1-18x12.webp 18w\" sizes=\"(max-width: 379px) 100vw, 379px\" \/><\/td>\n<\/tr>\n<tr style=\"height: 13.8pt;\">\n<td style=\"height: 13px; width: 25.0965%; text-align: center;\" align=\"right\" height=\"18\">Motor de CA para maquinaria de alimentos emulsionados IEC<\/td>\n<td style=\"width: 25.0965%; height: 13px; text-align: center;\" align=\"right\">Motor as\u00edncrono NEMA 56C<\/td>\n<td style=\"width: 25.0965%; height: 13px; text-align: center;\" align=\"right\">Motor de CA de acero inoxidable IEC<\/td>\n<td style=\"width: 25.0965%; text-align: center;\">Motor IEC de alta eficiencia totalmente de acero inoxidable<\/td>\n<\/tr>\n<tr style=\"height: 13.8pt;\">\n<td style=\"height: 13px; width: 25.0965%;\" align=\"right\" width=\"64\" height=\"18\"><img loading=\"lazy\" decoding=\"async\" class=\"alignnone size-full wp-image-3515\" src=\"https:\/\/fmp-components.com\/wp-content\/uploads\/2025\/01\/ep_stainless-steel-motor-2.webp\" alt=\"motor de acero inoxidable\" width=\"379\" height=\"253\" title=\"\" srcset=\"https:\/\/fmp-components.com\/wp-content\/uploads\/2025\/01\/ep_stainless-steel-motor-2.webp 379w, https:\/\/fmp-components.com\/wp-content\/uploads\/2025\/01\/ep_stainless-steel-motor-2-300x200.webp 300w, https:\/\/fmp-components.com\/wp-content\/uploads\/2025\/01\/ep_stainless-steel-motor-2-18x12.webp 18w\" sizes=\"(max-width: 379px) 100vw, 379px\" \/><\/td>\n<td style=\"width: 25.0965%; height: 13px;\" align=\"right\" width=\"64\"><img loading=\"lazy\" decoding=\"async\" class=\"alignnone size-full wp-image-3516\" src=\"https:\/\/fmp-components.com\/wp-content\/uploads\/2025\/01\/ep_stainless-steel-motor-8.webp\" alt=\"motor de acero inoxidable\" width=\"379\" height=\"253\" title=\"\" srcset=\"https:\/\/fmp-components.com\/wp-content\/uploads\/2025\/01\/ep_stainless-steel-motor-8.webp 379w, https:\/\/fmp-components.com\/wp-content\/uploads\/2025\/01\/ep_stainless-steel-motor-8-300x200.webp 300w, https:\/\/fmp-components.com\/wp-content\/uploads\/2025\/01\/ep_stainless-steel-motor-8-18x12.webp 18w\" sizes=\"(max-width: 379px) 100vw, 379px\" \/><\/td>\n<td style=\"width: 25.0965%; height: 13px;\" align=\"right\" width=\"64\"><img loading=\"lazy\" decoding=\"async\" class=\"alignnone size-full wp-image-3517\" src=\"https:\/\/fmp-components.com\/wp-content\/uploads\/2025\/01\/ep_stainless-steel-motor-7.webp\" alt=\"motor de acero inoxidable\" width=\"379\" height=\"253\" title=\"\" srcset=\"https:\/\/fmp-components.com\/wp-content\/uploads\/2025\/01\/ep_stainless-steel-motor-7.webp 379w, https:\/\/fmp-components.com\/wp-content\/uploads\/2025\/01\/ep_stainless-steel-motor-7-300x200.webp 300w, https:\/\/fmp-components.com\/wp-content\/uploads\/2025\/01\/ep_stainless-steel-motor-7-18x12.webp 18w\" sizes=\"(max-width: 379px) 100vw, 379px\" \/><\/td>\n<td style=\"width: 25.0965%; height: 13px;\" align=\"right\" width=\"64\"><\/td>\n<\/tr>\n<tr style=\"height: 13.8pt;\">\n<td style=\"height: 13px; width: 25.0965%; text-align: center;\" align=\"right\" height=\"18\">Motor para equipo de depilaci\u00f3n de pollos y patos<\/td>\n<td style=\"width: 25.0965%; height: 13px; text-align: center;\" align=\"right\">Motor de acero inoxidable de grado alimenticio NEMA<\/td>\n<td style=\"width: 25.0965%; height: 13px;\" align=\"right\">Motor de acero inoxidable IEC de grado alimenticio<\/td>\n<td style=\"width: 25.0965%; height: 13px;\" align=\"right\"><\/td>\n<\/tr>\n<\/tbody>\n<\/table>\n<h2>Acerca de FMP<\/h2>\n<p>FMP es una empresa nacional de alta tecnolog\u00eda especializada en el dise\u00f1o, desarrollo y producci\u00f3n de motores avanzados y soluciones electromec\u00e1nicas. Nos centramos en la producci\u00f3n de motores de las series YE2, YE3 y YE4, junto con una gama de productos derivados. Nuestra oferta de productos tambi\u00e9n incluye motores trif\u00e1sicos y monof\u00e1sicos para bombas hidr\u00e1ulicas, motores con carcasa de aluminio, motores no est\u00e1ndar para bombas hidr\u00e1ulicas, reductores de engranajes para turbinas con integraci\u00f3n electromec\u00e1nica y otros motores especializados.<\/p>\n<p>Los productos de FMP se utilizan ampliamente en la automatizaci\u00f3n industrial, prestando servicio a sectores clave como tornos CNC, maquinaria para la fabricaci\u00f3n de calzado, maquinaria para la carpinter\u00eda, maquinaria para la metalurgia, maquinaria para el pl\u00e1stico y maquinaria para la construcci\u00f3n. Con un firme compromiso con la innovaci\u00f3n y la calidad, FMP garantiza que todos sus productos cumplan con los m\u00e1s altos est\u00e1ndares de rendimiento.<\/p>\n<p>Adem\u00e1s de nuestra amplia gama de productos, nos enorgullece ofrecer soluciones personalizadas adaptadas a las necesidades espec\u00edficas de nuestros clientes. Ya sea que necesite motores especializados, productos no est\u00e1ndar o sistemas integrados, FMP colabora estrechamente con ellos para ofrecer soluciones a medida de alta calidad. Nuestro enfoque en la ingenier\u00eda de precisi\u00f3n y la satisfacci\u00f3n del cliente impulsan nuestro \u00e9xito continuo en los mercados globales.<\/p>\n<p>En FMP, nos dedicamos a construir asociaciones a largo plazo y mutuamente beneficiosas, apoyando el \u00e9xito de nuestros clientes con cada proyecto.<\/p>\n<table style=\"border-collapse: collapse; width: 100.882%; height: 23px;\" border=\"0\" width=\"128\" cellspacing=\"0\" cellpadding=\"0\">\n<tbody>\n<tr style=\"height: 13.8pt;\">\n<td style=\"height: 10px; width: 50.3922%;\" align=\"right\" width=\"64\" height=\"18\"><img loading=\"lazy\" decoding=\"async\" class=\"alignnone size-full wp-image-3398\" src=\"https:\/\/fmp-components.com\/wp-content\/uploads\/2025\/01\/Three-Phase-Motor-Factory.webp\" alt=\"F\u00e1brica de motores trif\u00e1sicos\" width=\"900\" height=\"600\" title=\"\" srcset=\"https:\/\/fmp-components.com\/wp-content\/uploads\/2025\/01\/Three-Phase-Motor-Factory.webp 900w, https:\/\/fmp-components.com\/wp-content\/uploads\/2025\/01\/Three-Phase-Motor-Factory-480x320.webp 480w\" sizes=\"(min-width: 0px) and (max-width: 480px) 480px, (min-width: 481px) 900px, 100vw\" \/><\/td>\n<td style=\"width: 604.224%; height: 10px;\" align=\"right\" width=\"64\"><img loading=\"lazy\" decoding=\"async\" class=\"alignnone size-full wp-image-3399\" src=\"https:\/\/fmp-components.com\/wp-content\/uploads\/2025\/01\/Three-Phase-Motor-Factory-2.webp\" alt=\"F\u00e1brica de motores trif\u00e1sicos 2\" width=\"900\" height=\"600\" title=\"\" srcset=\"https:\/\/fmp-components.com\/wp-content\/uploads\/2025\/01\/Three-Phase-Motor-Factory-2.webp 900w, https:\/\/fmp-components.com\/wp-content\/uploads\/2025\/01\/Three-Phase-Motor-Factory-2-480x320.webp 480w\" sizes=\"(min-width: 0px) and (max-width: 480px) 480px, (min-width: 481px) 900px, 100vw\" \/><\/td>\n<\/tr>\n<tr style=\"height: 13.8pt;\">\n<td style=\"height: 13px; width: 50.3922%;\" align=\"right\" height=\"18\"><img loading=\"lazy\" decoding=\"async\" class=\"alignnone size-full wp-image-3400\" src=\"https:\/\/fmp-components.com\/wp-content\/uploads\/2025\/01\/China-Three-Phase-Motor-Factory-1.webp\" alt=\"F\u00e1brica de motores trif\u00e1sicos 1\" width=\"900\" height=\"600\" title=\"\" srcset=\"https:\/\/fmp-components.com\/wp-content\/uploads\/2025\/01\/China-Three-Phase-Motor-Factory-1.webp 900w, https:\/\/fmp-components.com\/wp-content\/uploads\/2025\/01\/China-Three-Phase-Motor-Factory-1-480x320.webp 480w\" sizes=\"(min-width: 0px) and (max-width: 480px) 480px, (min-width: 481px) 900px, 100vw\" \/><\/td>\n<td style=\"width: 604.224%; height: 13px;\" align=\"right\"><img loading=\"lazy\" decoding=\"async\" class=\"alignnone size-full wp-image-3401\" src=\"https:\/\/fmp-components.com\/wp-content\/uploads\/2025\/01\/Three-Phase-Motor-Factory-3.webp\" alt=\"F\u00e1brica de motores trif\u00e1sicos 3\" width=\"900\" height=\"600\" title=\"\" srcset=\"https:\/\/fmp-components.com\/wp-content\/uploads\/2025\/01\/Three-Phase-Motor-Factory-3.webp 900w, https:\/\/fmp-components.com\/wp-content\/uploads\/2025\/01\/Three-Phase-Motor-Factory-3-480x320.webp 480w\" sizes=\"(min-width: 0px) and (max-width: 480px) 480px, (min-width: 481px) 900px, 100vw\" \/><\/td>\n<\/tr>\n<tr>\n<td><img loading=\"lazy\" decoding=\"async\" class=\"alignnone size-full wp-image-3471\" src=\"https:\/\/fmp-components.com\/wp-content\/uploads\/2025\/01\/Single-Phase-Induction-Motor-Suppliers.webp\" alt=\"Proveedores de motores de inducci\u00f3n monof\u00e1sicos\" width=\"900\" height=\"600\" title=\"\" srcset=\"https:\/\/fmp-components.com\/wp-content\/uploads\/2025\/01\/Single-Phase-Induction-Motor-Suppliers.webp 900w, https:\/\/fmp-components.com\/wp-content\/uploads\/2025\/01\/Single-Phase-Induction-Motor-Suppliers-480x320.webp 480w\" sizes=\"(min-width: 0px) and (max-width: 480px) 480px, (min-width: 481px) 900px, 100vw\" \/><\/td>\n<td><img loading=\"lazy\" decoding=\"async\" class=\"alignnone size-full wp-image-3470\" src=\"https:\/\/fmp-components.com\/wp-content\/uploads\/2025\/01\/Single-Phase-Induction-Motor-Manufacturers-1.webp\" alt=\"Fabricantes de motores de inducci\u00f3n monof\u00e1sicos 1\" width=\"900\" height=\"600\" title=\"\" srcset=\"https:\/\/fmp-components.com\/wp-content\/uploads\/2025\/01\/Single-Phase-Induction-Motor-Manufacturers-1.webp 900w, https:\/\/fmp-components.com\/wp-content\/uploads\/2025\/01\/Single-Phase-Induction-Motor-Manufacturers-1-480x320.webp 480w\" sizes=\"(min-width: 0px) and (max-width: 480px) 480px, (min-width: 481px) 900px, 100vw\" \/><\/td>\n<\/tr>\n<tr>\n<td><img loading=\"lazy\" decoding=\"async\" class=\"alignnone size-full wp-image-3472\" src=\"https:\/\/fmp-components.com\/wp-content\/uploads\/2025\/01\/Single-Phase-Induction-Motor-Manufacturers.webp\" alt=\"Fabricantes de motores de inducci\u00f3n monof\u00e1sicos\" width=\"900\" height=\"600\" title=\"\" srcset=\"https:\/\/fmp-components.com\/wp-content\/uploads\/2025\/01\/Single-Phase-Induction-Motor-Manufacturers.webp 900w, https:\/\/fmp-components.com\/wp-content\/uploads\/2025\/01\/Single-Phase-Induction-Motor-Manufacturers-480x320.webp 480w\" sizes=\"(min-width: 0px) and (max-width: 480px) 480px, (min-width: 481px) 900px, 100vw\" \/><\/td>\n<td><img loading=\"lazy\" decoding=\"async\" class=\"alignnone size-full wp-image-3473\" src=\"https:\/\/fmp-components.com\/wp-content\/uploads\/2025\/01\/Single-Phase-Induction-Motor-for-Sale.webp\" alt=\"Motor de inducci\u00f3n monof\u00e1sico en venta\" width=\"900\" height=\"600\" title=\"\" srcset=\"https:\/\/fmp-components.com\/wp-content\/uploads\/2025\/01\/Single-Phase-Induction-Motor-for-Sale.webp 900w, https:\/\/fmp-components.com\/wp-content\/uploads\/2025\/01\/Single-Phase-Induction-Motor-for-Sale-480x320.webp 480w\" sizes=\"(min-width: 0px) and (max-width: 480px) 480px, (min-width: 481px) 900px, 100vw\" \/><\/td>\n<\/tr>\n<\/tbody>\n<\/table>\n<p>Autor: CX<\/p>","protected":false},"excerpt":{"rendered":"<p>NEMA Stainless Steel Stepper Motor With Double Capacitor FMP Electric Stainless Steel\/Flush motors are available in enclosed fan-cooled (Tens) or enclosed non-ventilated (ten) enclosures with IP56 protection for waterproofing. These washdown motors are ideal for conveyor, pump and material handling applications in the food, beverage, pharmaceutical and poultry industries. Features include double lip seals on [&hellip;]<\/p>","protected":false},"featured_media":3519,"comment_status":"open","ping_status":"closed","template":"","meta":{"_et_pb_use_builder":"","_et_pb_old_content":"","_et_gb_content_width":""},"product_brand":[],"product_cat":[88],"product_tag":[],"class_list":{"0":"post-3505","1":"product","2":"type-product","3":"status-publish","4":"has-post-thumbnail","6":"product_cat-stainless-steel-motors","8":"first","9":"instock","10":"shipping-taxable","11":"product-type-simple"},"_links":{"self":[{"href":"https:\/\/fmp-components.com\/es\/wp-json\/wp\/v2\/product\/3505","targetHints":{"allow":["GET"]}}],"collection":[{"href":"https:\/\/fmp-components.com\/es\/wp-json\/wp\/v2\/product"}],"about":[{"href":"https:\/\/fmp-components.com\/es\/wp-json\/wp\/v2\/types\/product"}],"replies":[{"embeddable":true,"href":"https:\/\/fmp-components.com\/es\/wp-json\/wp\/v2\/comments?post=3505"}],"wp:featuredmedia":[{"embeddable":true,"href":"https:\/\/fmp-components.com\/es\/wp-json\/wp\/v2\/media\/3519"}],"wp:attachment":[{"href":"https:\/\/fmp-components.com\/es\/wp-json\/wp\/v2\/media?parent=3505"}],"wp:term":[{"taxonomy":"product_brand","embeddable":true,"href":"https:\/\/fmp-components.com\/es\/wp-json\/wp\/v2\/product_brand?post=3505"},{"taxonomy":"product_cat","embeddable":true,"href":"https:\/\/fmp-components.com\/es\/wp-json\/wp\/v2\/product_cat?post=3505"},{"taxonomy":"product_tag","embeddable":true,"href":"https:\/\/fmp-components.com\/es\/wp-json\/wp\/v2\/product_tag?post=3505"}],"curies":[{"name":"gracias","href":"https:\/\/api.w.org\/{rel}","templated":true}]}}