{"id":3477,"date":"2025-01-07T08:54:52","date_gmt":"2025-01-07T08:54:52","guid":{"rendered":"https:\/\/fmp-components.com\/?page_id=8"},"modified":"2025-01-08T01:12:44","modified_gmt":"2025-01-08T01:12:44","slug":"yvf2-series-frequency-variable-speed-regulation-three-phase-asynchronous-motor","status":"publish","type":"product","link":"https:\/\/fmp-components.com\/es\/product\/yvf2-series-frequency-variable-speed-regulation-three-phase-asynchronous-motor\/","title":{"rendered":"Motor as\u00edncrono trif\u00e1sico con regulaci\u00f3n de velocidad variable de frecuencia serie YVF2"},"content":{"rendered":"<h2>Condiciones de aplicaci\u00f3n de los motores as\u00edncronos trif\u00e1sicos de la serie YVF2 (IP54)<\/h2>\n<table style=\"width: 100%;\" border=\"1\" width=\"100%\" cellspacing=\"0\" cellpadding=\"0\">\n<tbody>\n<tr>\n<th>Elevaci\u00f3n<\/th>\n<td>Estar a menos de 1000 metros<\/td>\n<\/tr>\n<tr>\n<th>Temperatura ambiente<\/th>\n<td>-15\u2103 \u2264 0 \u2264 40\u2103<\/td>\n<\/tr>\n<tr>\n<th>Humedad relativa<\/th>\n<td>No superior a 90%<\/td>\n<\/tr>\n<tr>\n<th>Modo de funcionamiento<\/th>\n<td>S1<\/td>\n<\/tr>\n<tr>\n<th>Grado de aislamiento<\/th>\n<td>F<\/td>\n<\/tr>\n<tr>\n<th>Voltaje nominal<\/th>\n<td>380 voltios<\/td>\n<\/tr>\n<tr>\n<th>Frecuencia<\/th>\n<td>50 Hz<\/td>\n<\/tr>\n<tr>\n<th>M\u00e9todo de enfriamiento<\/th>\n<td>IC416<\/td>\n<\/tr>\n<\/tbody>\n<\/table>\n<h2>Datos t\u00e9cnicos de los motores as\u00edncronos de la serie YVF2<\/h2>\n<p>Las vibraciones y el ruido en descarga y con alimentaci\u00f3n suministrada por una m\u00e1quina de frecuencia variable deben ser menores que los datos de la lista:<\/p>\n<p><img loading=\"lazy\" decoding=\"async\" class=\"alignnone size-full wp-image-3490\" src=\"https:\/\/fmp-components.com\/wp-content\/uploads\/2025\/01\/yvf2-technical-data.webp\" alt=\"datos t\u00e9cnicos de yvf2\" width=\"911\" height=\"110\" title=\"\" srcset=\"https:\/\/fmp-components.com\/wp-content\/uploads\/2025\/01\/yvf2-technical-data.webp 911w, https:\/\/fmp-components.com\/wp-content\/uploads\/2025\/01\/yvf2-technical-data-480x58.webp 480w\" sizes=\"(min-width: 0px) and (max-width: 480px) 480px, (min-width: 481px) 911px, 100vw\" \/><\/p>\n<p>La relaci\u00f3n entre el par de rotor bloqueado, el par m\u00e1ximo y el par m\u00ednimo y el par nominal en el proceso de arranque del motor inversor a voltaje nominal y frecuencia nominal (frecuencia fundamental) debe ser \u2265 al valor de la siguiente tabla:<\/p>\n<p><img loading=\"lazy\" decoding=\"async\" class=\"alignnone size-full wp-image-3489\" src=\"https:\/\/fmp-components.com\/wp-content\/uploads\/2025\/01\/yvf2-technical-data-2.webp\" alt=\"datos t\u00e9cnicos de yvf2\" width=\"911\" height=\"240\" title=\"\" srcset=\"https:\/\/fmp-components.com\/wp-content\/uploads\/2025\/01\/yvf2-technical-data-2.webp 911w, https:\/\/fmp-components.com\/wp-content\/uploads\/2025\/01\/yvf2-technical-data-2-480x126.webp 480w\" sizes=\"(min-width: 0px) and (max-width: 480px) 480px, (min-width: 481px) 911px, 100vw\" \/><\/p>\n<p>Bastidor de motor con frecuencia variable, potencia de salida nominal, par de carga completa y l\u00edmites con frecuencia variable como se muestra a continuaci\u00f3n<\/p>\n<p><img loading=\"lazy\" decoding=\"async\" class=\"alignnone size-full wp-image-3488\" src=\"https:\/\/fmp-components.com\/wp-content\/uploads\/2025\/01\/yvf2-technical-data-3.webp\" alt=\"datos t\u00e9cnicos de yvf2\" width=\"911\" height=\"650\" title=\"\" srcset=\"https:\/\/fmp-components.com\/wp-content\/uploads\/2025\/01\/yvf2-technical-data-3.webp 911w, https:\/\/fmp-components.com\/wp-content\/uploads\/2025\/01\/yvf2-technical-data-3-480x342.webp 480w\" sizes=\"(min-width: 0px) and (max-width: 480px) 480px, (min-width: 481px) 911px, 100vw\" \/><\/p>\n<p>El motor de frecuencia variada se adapta al dispositivo de frecuencia variada y a la capacidad del ventilador del cojinete.<\/p>\n<p><img loading=\"lazy\" decoding=\"async\" class=\"alignnone size-full wp-image-3487\" src=\"https:\/\/fmp-components.com\/wp-content\/uploads\/2025\/01\/yvf2-technical-data-4.webp\" alt=\"datos t\u00e9cnicos de yvf2\" width=\"911\" height=\"648\" title=\"\" srcset=\"https:\/\/fmp-components.com\/wp-content\/uploads\/2025\/01\/yvf2-technical-data-4.webp 911w, https:\/\/fmp-components.com\/wp-content\/uploads\/2025\/01\/yvf2-technical-data-4-480x341.webp 480w\" sizes=\"(min-width: 0px) and (max-width: 480px) 480px, (min-width: 481px) 911px, 100vw\" \/><\/p>\n<p>Bastidor con patas y escudo sin brida -IMB3<\/p>\n<p><img loading=\"lazy\" decoding=\"async\" class=\"alignnone size-full wp-image-3486\" src=\"https:\/\/fmp-components.com\/wp-content\/uploads\/2025\/01\/yvf2-technical-data-5.webp\" alt=\"datos t\u00e9cnicos de yvf2\" width=\"911\" height=\"586\" title=\"\" srcset=\"https:\/\/fmp-components.com\/wp-content\/uploads\/2025\/01\/yvf2-technical-data-5.webp 911w, https:\/\/fmp-components.com\/wp-content\/uploads\/2025\/01\/yvf2-technical-data-5-480x309.webp 480w\" sizes=\"(min-width: 0px) and (max-width: 480px) 480px, (min-width: 481px) 911px, 100vw\" \/><\/p>\n<p><img loading=\"lazy\" decoding=\"async\" class=\"alignnone size-full wp-image-3485\" src=\"https:\/\/fmp-components.com\/wp-content\/uploads\/2025\/01\/yvf2-technical-data-6.webp\" alt=\"datos t\u00e9cnicos de yvf2\" width=\"911\" height=\"564\" title=\"\" srcset=\"https:\/\/fmp-components.com\/wp-content\/uploads\/2025\/01\/yvf2-technical-data-6.webp 911w, https:\/\/fmp-components.com\/wp-content\/uploads\/2025\/01\/yvf2-technical-data-6-480x297.webp 480w\" sizes=\"(min-width: 0px) and (max-width: 480px) 480px, (min-width: 481px) 911px, 100vw\" \/><\/p>\n<p>Marco con patas y tapa con brida (con agujeros lisos) -IMB35<\/p>\n<p><img loading=\"lazy\" decoding=\"async\" class=\"alignnone size-full wp-image-3484\" src=\"https:\/\/fmp-components.com\/wp-content\/uploads\/2025\/01\/yvf2-technical-data-7.webp\" alt=\"datos t\u00e9cnicos de yvf2\" width=\"911\" height=\"577\" title=\"\" srcset=\"https:\/\/fmp-components.com\/wp-content\/uploads\/2025\/01\/yvf2-technical-data-7.webp 911w, https:\/\/fmp-components.com\/wp-content\/uploads\/2025\/01\/yvf2-technical-data-7-480x304.webp 480w\" sizes=\"(min-width: 0px) and (max-width: 480px) 480px, (min-width: 481px) 911px, 100vw\" \/><\/p>\n<p><img loading=\"lazy\" decoding=\"async\" class=\"alignnone size-full wp-image-3483\" src=\"https:\/\/fmp-components.com\/wp-content\/uploads\/2025\/01\/yvf2-technical-data-8.webp\" alt=\"datos t\u00e9cnicos de yvf2\" width=\"911\" height=\"566\" title=\"\" srcset=\"https:\/\/fmp-components.com\/wp-content\/uploads\/2025\/01\/yvf2-technical-data-8.webp 911w, https:\/\/fmp-components.com\/wp-content\/uploads\/2025\/01\/yvf2-technical-data-8-480x298.webp 480w\" sizes=\"(min-width: 0px) and (max-width: 480px) 480px, (min-width: 481px) 911px, 100vw\" \/><\/p>\n<p>Bastidor sin patas y escudo con brida (con agujeros lisos) -IMB5<\/p>\n<p><img loading=\"lazy\" decoding=\"async\" class=\"alignnone size-full wp-image-3482\" src=\"https:\/\/fmp-components.com\/wp-content\/uploads\/2025\/01\/yvf2-technical-data-9.webp\" alt=\"yvf2-datos-t\u00e9cnicos-9\" width=\"911\" height=\"150\" title=\"\" srcset=\"https:\/\/fmp-components.com\/wp-content\/uploads\/2025\/01\/yvf2-technical-data-9.webp 911w, https:\/\/fmp-components.com\/wp-content\/uploads\/2025\/01\/yvf2-technical-data-9-480x79.webp 480w\" sizes=\"(min-width: 0px) and (max-width: 480px) 480px, (min-width: 481px) 911px, 100vw\" \/><\/p>\n<p><img loading=\"lazy\" decoding=\"async\" class=\"alignnone size-full wp-image-3481\" src=\"https:\/\/fmp-components.com\/wp-content\/uploads\/2025\/01\/yvf2-technical-data-10.webp\" alt=\"datos t\u00e9cnicos de yvf2\" width=\"911\" height=\"549\" title=\"\" srcset=\"https:\/\/fmp-components.com\/wp-content\/uploads\/2025\/01\/yvf2-technical-data-10.webp 911w, https:\/\/fmp-components.com\/wp-content\/uploads\/2025\/01\/yvf2-technical-data-10-480x289.webp 480w\" sizes=\"(min-width: 0px) and (max-width: 480px) 480px, (min-width: 481px) 911px, 100vw\" \/><\/p>\n<h2>Acerca de FMP<\/h2>\n<p>FMP es una empresa nacional de alta tecnolog\u00eda especializada en el dise\u00f1o, desarrollo y producci\u00f3n de motores avanzados y soluciones electromec\u00e1nicas. Nos centramos en la producci\u00f3n de motores de las series YE2, YE3 y YE4, junto con una gama de productos derivados. Nuestra oferta de productos tambi\u00e9n incluye motores trif\u00e1sicos y monof\u00e1sicos para bombas hidr\u00e1ulicas, motores con carcasa de aluminio, motores no est\u00e1ndar para bombas hidr\u00e1ulicas, reductores de engranajes para turbinas con integraci\u00f3n electromec\u00e1nica y otros motores especializados.<\/p>\n<p>Los productos de FMP se utilizan ampliamente en la automatizaci\u00f3n industrial, prestando servicio a sectores clave como tornos CNC, maquinaria para la fabricaci\u00f3n de calzado, maquinaria para la carpinter\u00eda, maquinaria para la metalurgia, maquinaria para el pl\u00e1stico y maquinaria para la construcci\u00f3n. Con un firme compromiso con la innovaci\u00f3n y la calidad, FMP garantiza que todos sus productos cumplan con los m\u00e1s altos est\u00e1ndares de rendimiento.<\/p>\n<p>Adem\u00e1s de nuestra amplia gama de productos, nos enorgullece ofrecer soluciones personalizadas adaptadas a las necesidades espec\u00edficas de nuestros clientes. Ya sea que necesite motores especializados, productos no est\u00e1ndar o sistemas integrados, FMP colabora estrechamente con ellos para ofrecer soluciones a medida de alta calidad. Nuestro enfoque en la ingenier\u00eda de precisi\u00f3n y la satisfacci\u00f3n del cliente impulsan nuestro \u00e9xito continuo en los mercados globales.<\/p>\n<p>En FMP, nos dedicamos a construir asociaciones a largo plazo y mutuamente beneficiosas, apoyando el \u00e9xito de nuestros clientes con cada proyecto.<\/p>\n<table style=\"border-collapse: collapse; width: 100.882%; height: 23px;\" border=\"0\" width=\"128\" cellspacing=\"0\" cellpadding=\"0\">\n<tbody>\n<tr style=\"height: 13.8pt;\">\n<td style=\"height: 10px; width: 50.3922%;\" align=\"right\" width=\"64\" height=\"18\"><img loading=\"lazy\" decoding=\"async\" class=\"alignnone size-full wp-image-3398\" src=\"https:\/\/fmp-components.com\/wp-content\/uploads\/2025\/01\/Three-Phase-Motor-Factory.webp\" alt=\"F\u00e1brica de motores trif\u00e1sicos\" width=\"900\" height=\"600\" title=\"\" srcset=\"https:\/\/fmp-components.com\/wp-content\/uploads\/2025\/01\/Three-Phase-Motor-Factory.webp 900w, https:\/\/fmp-components.com\/wp-content\/uploads\/2025\/01\/Three-Phase-Motor-Factory-480x320.webp 480w\" sizes=\"(min-width: 0px) and (max-width: 480px) 480px, (min-width: 481px) 900px, 100vw\" \/><\/td>\n<td style=\"width: 604.224%; height: 10px;\" align=\"right\" width=\"64\"><img loading=\"lazy\" decoding=\"async\" class=\"alignnone size-full wp-image-3399\" src=\"https:\/\/fmp-components.com\/wp-content\/uploads\/2025\/01\/Three-Phase-Motor-Factory-2.webp\" alt=\"F\u00e1brica de motores trif\u00e1sicos 2\" width=\"900\" height=\"600\" title=\"\" srcset=\"https:\/\/fmp-components.com\/wp-content\/uploads\/2025\/01\/Three-Phase-Motor-Factory-2.webp 900w, https:\/\/fmp-components.com\/wp-content\/uploads\/2025\/01\/Three-Phase-Motor-Factory-2-480x320.webp 480w\" sizes=\"(min-width: 0px) and (max-width: 480px) 480px, (min-width: 481px) 900px, 100vw\" \/><\/td>\n<\/tr>\n<tr style=\"height: 13.8pt;\">\n<td style=\"height: 13px; width: 50.3922%;\" align=\"right\" height=\"18\"><img loading=\"lazy\" decoding=\"async\" class=\"alignnone size-full wp-image-3400\" src=\"https:\/\/fmp-components.com\/wp-content\/uploads\/2025\/01\/China-Three-Phase-Motor-Factory-1.webp\" alt=\"F\u00e1brica de motores trif\u00e1sicos 1\" width=\"900\" height=\"600\" title=\"\" srcset=\"https:\/\/fmp-components.com\/wp-content\/uploads\/2025\/01\/China-Three-Phase-Motor-Factory-1.webp 900w, https:\/\/fmp-components.com\/wp-content\/uploads\/2025\/01\/China-Three-Phase-Motor-Factory-1-480x320.webp 480w\" sizes=\"(min-width: 0px) and (max-width: 480px) 480px, (min-width: 481px) 900px, 100vw\" \/><\/td>\n<td style=\"width: 604.224%; height: 13px;\" align=\"right\"><img loading=\"lazy\" decoding=\"async\" class=\"alignnone size-full wp-image-3401\" src=\"https:\/\/fmp-components.com\/wp-content\/uploads\/2025\/01\/Three-Phase-Motor-Factory-3.webp\" alt=\"F\u00e1brica de motores trif\u00e1sicos 3\" width=\"900\" height=\"600\" title=\"\" srcset=\"https:\/\/fmp-components.com\/wp-content\/uploads\/2025\/01\/Three-Phase-Motor-Factory-3.webp 900w, https:\/\/fmp-components.com\/wp-content\/uploads\/2025\/01\/Three-Phase-Motor-Factory-3-480x320.webp 480w\" sizes=\"(min-width: 0px) and (max-width: 480px) 480px, (min-width: 481px) 900px, 100vw\" \/><\/td>\n<\/tr>\n<tr>\n<td><img loading=\"lazy\" decoding=\"async\" class=\"alignnone size-full wp-image-3471\" src=\"https:\/\/fmp-components.com\/wp-content\/uploads\/2025\/01\/Single-Phase-Induction-Motor-Suppliers.webp\" alt=\"Proveedores de motores de inducci\u00f3n monof\u00e1sicos\" width=\"900\" height=\"600\" title=\"\" srcset=\"https:\/\/fmp-components.com\/wp-content\/uploads\/2025\/01\/Single-Phase-Induction-Motor-Suppliers.webp 900w, https:\/\/fmp-components.com\/wp-content\/uploads\/2025\/01\/Single-Phase-Induction-Motor-Suppliers-480x320.webp 480w\" sizes=\"(min-width: 0px) and (max-width: 480px) 480px, (min-width: 481px) 900px, 100vw\" \/><\/td>\n<td><img loading=\"lazy\" decoding=\"async\" class=\"alignnone size-full wp-image-3470\" src=\"https:\/\/fmp-components.com\/wp-content\/uploads\/2025\/01\/Single-Phase-Induction-Motor-Manufacturers-1.webp\" alt=\"Fabricantes de motores de inducci\u00f3n monof\u00e1sicos 1\" width=\"900\" height=\"600\" title=\"\" srcset=\"https:\/\/fmp-components.com\/wp-content\/uploads\/2025\/01\/Single-Phase-Induction-Motor-Manufacturers-1.webp 900w, https:\/\/fmp-components.com\/wp-content\/uploads\/2025\/01\/Single-Phase-Induction-Motor-Manufacturers-1-480x320.webp 480w\" sizes=\"(min-width: 0px) and (max-width: 480px) 480px, (min-width: 481px) 900px, 100vw\" \/><\/td>\n<\/tr>\n<tr>\n<td><img loading=\"lazy\" decoding=\"async\" class=\"alignnone size-full wp-image-3472\" src=\"https:\/\/fmp-components.com\/wp-content\/uploads\/2025\/01\/Single-Phase-Induction-Motor-Manufacturers.webp\" alt=\"Fabricantes de motores de inducci\u00f3n monof\u00e1sicos\" width=\"900\" height=\"600\" title=\"\" srcset=\"https:\/\/fmp-components.com\/wp-content\/uploads\/2025\/01\/Single-Phase-Induction-Motor-Manufacturers.webp 900w, https:\/\/fmp-components.com\/wp-content\/uploads\/2025\/01\/Single-Phase-Induction-Motor-Manufacturers-480x320.webp 480w\" sizes=\"(min-width: 0px) and (max-width: 480px) 480px, (min-width: 481px) 900px, 100vw\" \/><\/td>\n<td><img loading=\"lazy\" decoding=\"async\" class=\"alignnone size-full wp-image-3473\" src=\"https:\/\/fmp-components.com\/wp-content\/uploads\/2025\/01\/Single-Phase-Induction-Motor-for-Sale.webp\" alt=\"Motor de inducci\u00f3n monof\u00e1sico en venta\" width=\"900\" height=\"600\" title=\"\" srcset=\"https:\/\/fmp-components.com\/wp-content\/uploads\/2025\/01\/Single-Phase-Induction-Motor-for-Sale.webp 900w, https:\/\/fmp-components.com\/wp-content\/uploads\/2025\/01\/Single-Phase-Induction-Motor-for-Sale-480x320.webp 480w\" sizes=\"(min-width: 0px) and (max-width: 480px) 480px, (min-width: 481px) 900px, 100vw\" \/><\/td>\n<\/tr>\n<\/tbody>\n<\/table>\n<p>Autor: CX<\/p>","protected":false},"excerpt":{"rendered":"<p>YVF2 Series(ip54) Three-phase Asynchronous Motors Application Conditions Elevation Be lower than 1000 meters Ambient Temperature -15\u2103 \u2264 0 \u2264 40\u2103 Relative Humidity Not higher than 90% Operating Mode S1 Insulation Degree F Rated Voltage 380 V Frequency 50 Hz Cooling Method IC416 Technical Data of YVF2 Series Asynchronous Motors Vibrations and noise while unloaded and [&hellip;]<\/p>","protected":false},"featured_media":3478,"comment_status":"open","ping_status":"closed","template":"","meta":{"_et_pb_use_builder":"","_et_pb_old_content":"","_et_gb_content_width":""},"product_brand":[],"product_cat":[86],"product_tag":[],"class_list":{"0":"post-3477","1":"product","2":"type-product","3":"status-publish","4":"has-post-thumbnail","6":"product_cat-ac-motors","8":"first","9":"instock","10":"shipping-taxable","11":"product-type-simple"},"_links":{"self":[{"href":"https:\/\/fmp-components.com\/es\/wp-json\/wp\/v2\/product\/3477","targetHints":{"allow":["GET"]}}],"collection":[{"href":"https:\/\/fmp-components.com\/es\/wp-json\/wp\/v2\/product"}],"about":[{"href":"https:\/\/fmp-components.com\/es\/wp-json\/wp\/v2\/types\/product"}],"replies":[{"embeddable":true,"href":"https:\/\/fmp-components.com\/es\/wp-json\/wp\/v2\/comments?post=3477"}],"wp:featuredmedia":[{"embeddable":true,"href":"https:\/\/fmp-components.com\/es\/wp-json\/wp\/v2\/media\/3478"}],"wp:attachment":[{"href":"https:\/\/fmp-components.com\/es\/wp-json\/wp\/v2\/media?parent=3477"}],"wp:term":[{"taxonomy":"product_brand","embeddable":true,"href":"https:\/\/fmp-components.com\/es\/wp-json\/wp\/v2\/product_brand?post=3477"},{"taxonomy":"product_cat","embeddable":true,"href":"https:\/\/fmp-components.com\/es\/wp-json\/wp\/v2\/product_cat?post=3477"},{"taxonomy":"product_tag","embeddable":true,"href":"https:\/\/fmp-components.com\/es\/wp-json\/wp\/v2\/product_tag?post=3477"}],"curies":[{"name":"gracias","href":"https:\/\/api.w.org\/{rel}","templated":true}]}}