{"id":344,"date":"2024-12-09T07:30:47","date_gmt":"2024-12-09T07:30:47","guid":{"rendered":"https:\/\/fmp-components.com\/?page_id=8"},"modified":"2024-12-09T07:30:47","modified_gmt":"2024-12-09T07:30:47","slug":"lift-hydraulic-cylinder-for-cart","status":"publish","type":"product","link":"https:\/\/fmp-components.com\/es\/product\/lift-hydraulic-cylinder-for-cart\/","title":{"rendered":"Cilindro hidr\u00e1ulico de elevaci\u00f3n para carro"},"content":{"rendered":"<p style=\"text-align: center;\"><span style=\"font-size: 18pt;\">Piezas del cilindro hidr\u00e1ulico del elevador de carro:<\/span><\/p>\n<p><img loading=\"lazy\" decoding=\"async\" class=\"alignnone size-full wp-image-347\" src=\"https:\/\/fmp-components.com\/wp-content\/uploads\/2024\/12\/Cart-Lift-Hydraulic-Cylinder-Parts.webp\" alt=\"Piezas del cilindro hidr\u00e1ulico del elevador de carro\" width=\"1024\" height=\"467\" title=\"\" srcset=\"https:\/\/fmp-components.com\/wp-content\/uploads\/2024\/12\/Cart-Lift-Hydraulic-Cylinder-Parts.webp 1024w, https:\/\/fmp-components.com\/wp-content\/uploads\/2024\/12\/Cart-Lift-Hydraulic-Cylinder-Parts-980x447.webp 980w, https:\/\/fmp-components.com\/wp-content\/uploads\/2024\/12\/Cart-Lift-Hydraulic-Cylinder-Parts-480x219.webp 480w\" sizes=\"(min-width: 0px) and (max-width: 480px) 480px, (min-width: 481px) and (max-width: 980px) 980px, (min-width: 981px) 1024px, 100vw\" \/><\/p>\n<h2>Dimensiones del cilindro hidr\u00e1ulico del elevador de carro:<\/h2>\n<table>\n<tbody>\n<tr>\n<td>\n<h2><img loading=\"lazy\" decoding=\"async\" class=\"alignnone size-full wp-image-345\" src=\"https:\/\/fmp-components.com\/wp-content\/uploads\/2024\/12\/Cart-Lift-Hydraulic-Cylinder-Dimensions-1.webp\" alt=\"Dimensiones del cilindro hidr\u00e1ulico del elevador de carro\" width=\"600\" height=\"710\" title=\"\" srcset=\"https:\/\/fmp-components.com\/wp-content\/uploads\/2024\/12\/Cart-Lift-Hydraulic-Cylinder-Dimensions-1.webp 600w, https:\/\/fmp-components.com\/wp-content\/uploads\/2024\/12\/Cart-Lift-Hydraulic-Cylinder-Dimensions-1-480x568.webp 480w\" sizes=\"(min-width: 0px) and (max-width: 480px) 480px, (min-width: 481px) 600px, 100vw\" \/><\/h2>\n<\/td>\n<td>\n<h2><img loading=\"lazy\" decoding=\"async\" class=\"alignnone size-full wp-image-346\" src=\"https:\/\/fmp-components.com\/wp-content\/uploads\/2024\/12\/Cart-Lift-Hydraulic-Cylinder-Dimensions-2.webp\" alt=\"Dimensiones del cilindro hidr\u00e1ulico del elevador de carro\" width=\"600\" height=\"710\" title=\"\" srcset=\"https:\/\/fmp-components.com\/wp-content\/uploads\/2024\/12\/Cart-Lift-Hydraulic-Cylinder-Dimensions-2.webp 600w, https:\/\/fmp-components.com\/wp-content\/uploads\/2024\/12\/Cart-Lift-Hydraulic-Cylinder-Dimensions-2-480x568.webp 480w\" sizes=\"(min-width: 0px) and (max-width: 480px) 480px, (min-width: 481px) 600px, 100vw\" \/><\/h2>\n<\/td>\n<\/tr>\n<\/tbody>\n<\/table>\n<table border=\"1\" cellspacing=\"0\" cellpadding=\"0\">\n<tbody>\n<tr>\n<td width=\"246\">Nombre del cilindro<\/td>\n<td width=\"336\">N\u00famero de dibujo<\/td>\n<td width=\"126\">Di\u00e1metro del orificio (D)<\/td>\n<td width=\"123\">Di\u00e1metro de la varilla (d)<\/td>\n<td width=\"114\">Accidente cerebrovascular (S)<\/td>\n<td width=\"170\">Distancia de instalaci\u00f3n (L)<\/td>\n<td width=\"172\">Presi\u00f3n de trabajo<\/td>\n<td width=\"366\">Dimensiones de la interfaz (M)<\/td>\n<td width=\"96\">Peso<\/td>\n<\/tr>\n<tr>\n<td width=\"246\">Cilindro elevador para carro<\/td>\n<td width=\"336\">AIMBN156-620000-001<\/td>\n<td width=\"126\">\u03a645<\/td>\n<td width=\"123\">\u03a640<\/td>\n<td width=\"114\">125<\/td>\n<td width=\"170\">313<\/td>\n<td width=\"172\">18 MPa<\/td>\n<td width=\"366\">M12*1.5<\/td>\n<td width=\"96\">6,5 kilos<\/td>\n<\/tr>\n<tr>\n<td width=\"246\">Cilindro elevador para carro<\/td>\n<td>AIMBJ150-620000-000<\/td>\n<td>\u03a640<\/td>\n<td>\u03a635<\/td>\n<td>155<\/td>\n<td>354.7<\/td>\n<td>22 MPa<\/td>\n<td>\u03a66<\/td>\n<td>6,5 kilos<\/td>\n<\/tr>\n<tr>\n<td width=\"246\">Cilindro elevador para carro<\/td>\n<td width=\"336\">AIMBA200-620000-000<\/td>\n<td>\u03a645<\/td>\n<td>\u03a640<\/td>\n<td>155<\/td>\n<td>355<\/td>\n<td>20 MPa<\/td>\n<td>\u03a66<\/td>\n<td>6,5 kilos<\/td>\n<\/tr>\n<tr>\n<td width=\"246\">Cilindro elevador para carro<\/td>\n<td>EPT18H-301-00<\/td>\n<td>\u03a640<\/td>\n<td>\u03a635<\/td>\n<td>120<\/td>\n<td>233<\/td>\n<td>25 MPa<\/td>\n<td>M12*1.5<\/td>\n<td>3,6 kg<\/td>\n<\/tr>\n<\/tbody>\n<\/table>\n<h2 style=\"box-sizing: border-box; user-select: initial !important; margin: 0px; padding: 0px 0px 10px; border: 0px; outline: 0px; font-size: 26px; text-size-adjust: 100%; vertical-align: baseline; background: #ffffff; color: #333333; line-height: 1em; font-weight: 500; font-family: Nunito, Helvetica, Arial, Lucida, sans-serif; font-style: normal; font-variant-ligatures: normal; font-variant-caps: normal; letter-spacing: normal; orphans: 2; text-align: start; text-indent: 0px; text-transform: none; widows: 2; word-spacing: 0px; -webkit-text-stroke-width: 0px; white-space: normal; text-decoration-thickness: initial; text-decoration-style: initial; text-decoration-color: initial;\">Cilindro hidr\u00e1ulico Marcas y modelos disponibles:<\/h2>\n<table style=\"box-sizing: border-box; border-collapse: collapse; border-spacing: 0px; word-break: break-all; color: #666666; font-family: Nunito, Helvetica, Arial, Lucida, sans-serif; font-size: 16px; font-style: normal; font-variant-ligatures: normal; font-variant-caps: normal; font-weight: 500; letter-spacing: normal; orphans: 2; text-align: start; text-transform: none; widows: 2; word-spacing: 0px; -webkit-text-stroke-width: 0px; white-space: normal; background-color: #ffffff; text-decoration-thickness: initial; text-decoration-style: initial; text-decoration-color: initial; width: 100.174%; user-select: initial !important; height: 597px;\" border=\"1\" cellspacing=\"0\" cellpadding=\"0\">\n<tbody style=\"box-sizing: border-box; user-select: initial !important;\">\n<tr style=\"box-sizing: border-box; user-select: initial !important;\">\n<td style=\"box-sizing: border-box; user-select: initial !important;\"><b style=\"box-sizing: border-box; user-select: initial !important; margin: 0px; padding: 0px; border: 0px; outline: 0px; font-size: 16px; text-size-adjust: 100%; vertical-align: baseline; background: transparent;\" data-spm-anchor-id=\"a2700.details.0.i43.45d84a73e99C9z\">KOMATSU (ordenador personal)<\/b><\/td>\n<td style=\"box-sizing: border-box; user-select: initial !important;\">PC30, PC40, PC50, PC56, PC60, PC78, PC100, PC110, PC120, PC130, PC160, PC200-3\/5\/6\/7\/8\/8MO, PC210, PC220-5\/6\/7\/8\/8MO, PC240, PC300\/350\/360-5\/6\/7\/8\/8MO, PC400\/450-5\/6\/7\/8\/8MO, PC800, PC850<\/td>\n<\/tr>\n<tr style=\"box-sizing: border-box; user-select: initial !important;\">\n<td style=\"box-sizing: border-box; user-select: initial !important;\"><b style=\"box-sizing: border-box; user-select: initial !important; margin: 0px; padding: 0px; border: 0px; outline: 0px; font-size: 16px; text-size-adjust: 100%; vertical-align: baseline; background: transparent;\">ORUGA (E)<\/b><\/td>\n<td style=\"box-sizing: border-box; user-select: initial !important;\">E301.5, E302, E305.5, E306, E307V1\/V2\/B\/C\/D\/E\/F, E308B\/C, E120B, E312V1\/V2\/B\/C\/D, E313D2, E312D2, E315D,<br style=\"box-sizing: border-box; user-select: initial !important;\" \/>E200B,E320V1\/V2\/A\/B\/C\/D,E324D,E325C\/D,E329D,E330\/336C\/D,E345C,E349D,E365C,E374,E390<\/td>\n<\/tr>\n<tr style=\"box-sizing: border-box; user-select: initial !important;\">\n<td style=\"box-sizing: border-box; user-select: initial !important;\"><b style=\"box-sizing: border-box; user-select: initial !important; margin: 0px; padding: 0px; border: 0px; outline: 0px; font-size: 16px; text-size-adjust: 100%; vertical-align: baseline; background: transparent;\">KOBELCO (SK)<\/b><\/td>\n<td style=\"box-sizing: border-box; user-select: initial !important;\">SK60-3\/5\/8,SK75-8\/SR, SK100, SK120-3\/5, SK135-8\/SR, SK140-8, SK200-3\/5\/6\/6E, SK210-3\/5\/6\/6E,<br style=\"box-sizing: border-box; user-select: initial !important;\" \/>SK230\/250-6E,SK250-8,SK260-8,SK350-8\/S8,SK460\/480-8<\/td>\n<\/tr>\n<tr style=\"box-sizing: border-box; user-select: initial !important;\">\n<td style=\"box-sizing: border-box; user-select: initial !important;\"><b style=\"box-sizing: border-box; user-select: initial !important; margin: 0px; padding: 0px; border: 0px; outline: 0px; font-size: 16px; text-size-adjust: 100%; vertical-align: baseline; background: transparent;\">HYUNDAI (R)<\/b><\/td>\n<td style=\"box-sizing: border-box; user-select: initial !important;\">R55-5\/7, R60-5\/7, R80, R110, R130, R200-5, R210-5, R215-5\/7, R220-5\/7\/9, R225-5\/7\/9, R250, R260, R265, R290, R305, R445, R485, R505<\/td>\n<\/tr>\n<tr style=\"box-sizing: border-box; user-select: initial !important;\">\n<td style=\"box-sizing: border-box; user-select: initial !important;\"><b style=\"box-sizing: border-box; user-select: initial !important; margin: 0px; padding: 0px; border: 0px; outline: 0px; font-size: 16px; text-size-adjust: 100%; vertical-align: baseline; background: transparent;\" data-spm-anchor-id=\"a2700.details.0.i53.45d84a73e99C9z\">HITACHI (EX.ZX)<\/b><\/td>\n<td style=\"box-sizing: border-box; user-select: initial !important;\">EX60, EX100-1\/2\/3, EX120-1\/3\/5\/6, EX200-1\/3\/5, EX230-5, EX300-1, EX400<br style=\"box-sizing: border-box; user-select: initial !important;\" \/>ZAX60,ZAX70,ZA120-6,ZAX200\/210-1\/3\/5\/5K,ZAX240,ZAX250,ZAX260,ZAX330-3\/5\/6,ZAX450\/470,ZAX650\/670,ZAX850\/870<\/td>\n<\/tr>\n<tr style=\"box-sizing: border-box; user-select: initial !important;\">\n<td style=\"box-sizing: border-box; user-select: initial !important;\">\n<div class=\"magic-32\" style=\"box-sizing: border-box; user-select: initial !important; margin: 0px; padding: 0px; border: 0px; outline: 0px; font-size: 16px; text-size-adjust: 100%; vertical-align: baseline; background: transparent;\"><b style=\"box-sizing: border-box; user-select: initial !important; margin: 0px; padding: 0px; border: 0px; outline: 0px; font-size: 16px; text-size-adjust: 100%; vertical-align: baseline; background: transparent;\" data-spm-anchor-id=\"a2700.details.0.i55.45d84a73e99C9z\">DOOSAN (DH\/DX)<\/b><\/div>\n<\/td>\n<td style=\"box-sizing: border-box; user-select: initial !important;\">\n<div class=\"magic-33\" style=\"box-sizing: border-box; user-select: initial !important; margin: 0px; padding: 0px; border: 0px; outline: 0px; font-size: 16px; text-size-adjust: 100%; vertical-align: baseline; background: transparent;\"><span class=\"magic-34\" style=\"box-sizing: border-box; user-select: initial !important; margin: 0px; padding: 0px; border: 0px; outline: 0px; font-size: 16px; text-size-adjust: 100%; vertical-align: baseline; background: transparent;\">DH55, DH60, DH80,DH150, DH215-5\/7,DH220-5,DH225-5\/7,DH258,DH300-5\/7, DH370,DH420,DH500<br style=\"box-sizing: border-box; user-select: initial !important;\" \/>DX55, DX60, DX75, DX130, DX225-9, DX300, DX380, DX420, DX500<\/span><\/div>\n<\/td>\n<\/tr>\n<tr style=\"box-sizing: border-box; user-select: initial !important;\">\n<td style=\"box-sizing: border-box; user-select: initial !important;\">\n<div class=\"magic-32\" style=\"box-sizing: border-box; user-select: initial !important; margin: 0px; padding: 0px; border: 0px; outline: 0px; font-size: 16px; text-size-adjust: 100%; vertical-align: baseline; background: transparent;\"><b style=\"box-sizing: border-box; user-select: initial !important; margin: 0px; padding: 0px; border: 0px; outline: 0px; font-size: 16px; text-size-adjust: 100%; vertical-align: baseline; background: transparent;\">VOLVO (CE)<\/b><\/div>\n<\/td>\n<td style=\"box-sizing: border-box; user-select: initial !important;\">\n<div class=\"magic-33\" style=\"box-sizing: border-box; user-select: initial !important; margin: 0px; padding: 0px; border: 0px; outline: 0px; font-size: 16px; text-size-adjust: 100%; vertical-align: baseline; background: transparent;\"><span class=\"magic-34\" style=\"box-sizing: border-box; user-select: initial !important; margin: 0px; padding: 0px; border: 0px; outline: 0px; font-size: 16px; text-size-adjust: 100%; vertical-align: baseline; background: transparent;\">EC55, EC60, EC75, EC80, EC140, EC210B\/D, EC220D, EC240, EC250, EC290, EC300, EC360, EC380, EC460, EC480, EC700, EC750, EC950<\/span><\/div>\n<\/td>\n<\/tr>\n<tr style=\"box-sizing: border-box; user-select: initial !important;\">\n<td style=\"box-sizing: border-box; user-select: initial !important;\">\n<div class=\"magic-32\" style=\"box-sizing: border-box; user-select: initial !important; margin: 0px; padding: 0px; border: 0px; outline: 0px; font-size: 16px; text-size-adjust: 100%; vertical-align: baseline; background: transparent;\"><b style=\"box-sizing: border-box; user-select: initial !important; margin: 0px; padding: 0px; border: 0px; outline: 0px; font-size: 16px; text-size-adjust: 100%; vertical-align: baseline; background: transparent;\">KATO (HD)<\/b><\/div>\n<\/td>\n<td style=\"box-sizing: border-box; user-select: initial !important;\">\n<div class=\"magic-33\" style=\"box-sizing: border-box; user-select: initial !important; margin: 0px; padding: 0px; border: 0px; outline: 0px; font-size: 16px; text-size-adjust: 100%; vertical-align: baseline; background: transparent;\"><span class=\"magic-34\" style=\"box-sizing: border-box; user-select: initial !important; margin: 0px; padding: 0px; border: 0px; outline: 0px; font-size: 16px; text-size-adjust: 100%; vertical-align: baseline; background: transparent;\">HD307\/308, HD450, HD512, HD700-5\/7, HD820-1\/2\/3\/5\/R, HD1023-1\/3, HD1430-1\/3<\/span><\/div>\n<\/td>\n<\/tr>\n<tr style=\"box-sizing: border-box; user-select: initial !important;\">\n<td style=\"box-sizing: border-box; user-select: initial !important;\">\n<div class=\"magic-32\" style=\"box-sizing: border-box; user-select: initial !important; margin: 0px; padding: 0px; border: 0px; outline: 0px; font-size: 16px; text-size-adjust: 100%; vertical-align: baseline; background: transparent;\"><b style=\"box-sizing: border-box; user-select: initial !important; margin: 0px; padding: 0px; border: 0px; outline: 0px; font-size: 16px; text-size-adjust: 100%; vertical-align: baseline; background: transparent;\">OTRA MARCA<\/b><\/div>\n<\/td>\n<td style=\"box-sizing: border-box; user-select: initial !important;\">\n<div class=\"magic-33\" style=\"box-sizing: border-box; user-select: initial !important; margin: 0px; padding: 0px; border: 0px; outline: 0px; font-size: 16px; text-size-adjust: 100%; vertical-align: baseline; background: transparent;\"><span class=\"magic-34\" style=\"box-sizing: border-box; user-select: initial !important; margin: 0px; padding: 0px; border: 0px; outline: 0px; font-size: 16px; text-size-adjust: 100%; vertical-align: baseline; background: transparent;\">XCMG, LIUGONG, KUBOTA, CASO, YANMAR, HACIA EL SOL, ZOOMLION, LISHIDE, LIEHERR<\/span><\/div>\n<\/td>\n<\/tr>\n<\/tbody>\n<\/table>\n<h3>Acerca de FMP<\/h3>\n<p>FMP es un fabricante especializado en cilindros hidr\u00e1ulicos, con un fuerte enfoque en la investigaci\u00f3n y la producci\u00f3n. Desde su fundaci\u00f3n, la empresa se ha centrado constantemente en el desarrollo de cilindros hidr\u00e1ulicos, evolucionando desde la producci\u00f3n de diversos productos, como maquinaria de cosecha y construcci\u00f3n, hasta la especializaci\u00f3n en componentes para tractores agr\u00edcolas. Con m\u00e1s de una d\u00e9cada de experiencia en fabricaci\u00f3n, gesti\u00f3n y tecnolog\u00eda de producci\u00f3n avanzada, FMP garantiza la m\u00e1xima calidad en sus productos.<\/p>\n<p>A medida que la empresa ha crecido profesionalmente, ha establecido una l\u00ednea integral de producci\u00f3n de mecanizado, una l\u00ednea de ensamblaje y una l\u00ednea de recubrimiento. FMP cuenta con el apoyo de un equipo dedicado de personal directivo experimentado, dise\u00f1adores mec\u00e1nicos cualificados y t\u00e9cnicos altamente capacitados. Esto garantiza una calidad estable del producto, a la vez que controla eficientemente la continuidad del proceso y la eficiencia general de la producci\u00f3n.<\/p>\n<p>FMP se adhiere a los valores fundamentales de \u00abInnovaci\u00f3n tecnol\u00f3gica que impulsa el progreso, calidad que crea marcas, artesan\u00eda que garantiza la calidad y construcci\u00f3n de relaciones mutuamente beneficiosas a largo plazo\u00bb. La empresa mantiene su compromiso de ofrecer productos de alta calidad y un servicio al cliente excepcional, esforz\u00e1ndose siempre por satisfacer las cambiantes necesidades del mercado.<\/p>\n<p><img loading=\"lazy\" decoding=\"async\" class=\"alignnone wp-image-303\" src=\"https:\/\/fmp-components.com\/wp-content\/uploads\/2024\/12\/hydraulic-cylinder-factory-11_1.webp\" alt=\"f\u00e1brica de cilindros hidr\u00e1ulicos\" width=\"917\" height=\"1003\" title=\"\" srcset=\"https:\/\/fmp-components.com\/wp-content\/uploads\/2024\/12\/hydraulic-cylinder-factory-11_1.webp 917w, https:\/\/fmp-components.com\/wp-content\/uploads\/2024\/12\/hydraulic-cylinder-factory-11_1-480x525.webp 480w\" sizes=\"(min-width: 0px) and (max-width: 480px) 480px, (min-width: 481px) 917px, 100vw\" \/><\/p>\n<table style=\"width: 100%;\" border=\"1\" width=\"100%\" cellspacing=\"0\" cellpadding=\"0\">\n<tbody>\n<tr>\n<td style=\"width: 41.9294%;\" width=\"226\"><img loading=\"lazy\" decoding=\"async\" class=\"alignnone size-full wp-image-309\" src=\"https:\/\/fmp-components.com\/wp-content\/uploads\/2024\/12\/Forklift-Tilt-Hydraulic-Cylinder.webp\" alt=\"Cilindro hidr\u00e1ulico de inclinaci\u00f3n de carretilla elevadora\" width=\"1000\" height=\"750\" title=\"\" srcset=\"https:\/\/fmp-components.com\/wp-content\/uploads\/2024\/12\/Forklift-Tilt-Hydraulic-Cylinder.webp 1000w, https:\/\/fmp-components.com\/wp-content\/uploads\/2024\/12\/Forklift-Tilt-Hydraulic-Cylinder-980x735.webp 980w, https:\/\/fmp-components.com\/wp-content\/uploads\/2024\/12\/Forklift-Tilt-Hydraulic-Cylinder-480x360.webp 480w\" sizes=\"(min-width: 0px) and (max-width: 480px) 480px, (min-width: 481px) and (max-width: 980px) 980px, (min-width: 981px) 1000px, 100vw\" \/><\/td>\n<td style=\"width: 55.6484%;\" width=\"64\"><img loading=\"lazy\" decoding=\"async\" class=\"alignnone wp-image-283\" src=\"https:\/\/fmp-components.com\/wp-content\/uploads\/2024\/12\/hydraulic-cylinder-factory-5.webp\" alt=\"f\u00e1brica de cilindros hidr\u00e1ulicos\" width=\"542\" height=\"312\" title=\"\"><\/td>\n<\/tr>\n<\/tbody>\n<\/table>\n<p>Autor: CX<\/p>","protected":false},"excerpt":{"rendered":"<p>El cilindro hidr\u00e1ulico de elevaci\u00f3n para carros es un componente esencial dise\u00f1ado para facilitar la elevaci\u00f3n y el descenso de carros con facilidad y eficiencia. Fabricado con materiales de alta resistencia, este cilindro hidr\u00e1ulico ofrece un rendimiento fiable con cargas pesadas, lo que lo hace ideal para aplicaciones industriales, comerciales y agr\u00edcolas. Su mecanismo de funcionamiento suave garantiza una elevaci\u00f3n y descenso constantes, lo que permite un control preciso al manipular diversos materiales. El cilindro es compacto y ligero, lo que facilita su integraci\u00f3n en sistemas de carros sin a\u00f1adir volumen innecesario. Gracias a su robusta construcci\u00f3n y su fiable funcionalidad, el cilindro hidr\u00e1ulico de elevaci\u00f3n mejora la productividad y la seguridad en cualquier entorno de manipulaci\u00f3n de materiales.<\/p>","protected":false},"featured_media":349,"comment_status":"open","ping_status":"closed","template":"","meta":{"_et_pb_use_builder":"","_et_pb_old_content":"","_et_gb_content_width":""},"product_brand":[],"product_cat":[20],"product_tag":[],"class_list":{"0":"post-344","1":"product","2":"type-product","3":"status-publish","4":"has-post-thumbnail","6":"product_cat-forklift-hydraulic-cylinders","8":"first","9":"instock","10":"shipping-taxable","11":"product-type-simple"},"_links":{"self":[{"href":"https:\/\/fmp-components.com\/es\/wp-json\/wp\/v2\/product\/344","targetHints":{"allow":["GET"]}}],"collection":[{"href":"https:\/\/fmp-components.com\/es\/wp-json\/wp\/v2\/product"}],"about":[{"href":"https:\/\/fmp-components.com\/es\/wp-json\/wp\/v2\/types\/product"}],"replies":[{"embeddable":true,"href":"https:\/\/fmp-components.com\/es\/wp-json\/wp\/v2\/comments?post=344"}],"wp:featuredmedia":[{"embeddable":true,"href":"https:\/\/fmp-components.com\/es\/wp-json\/wp\/v2\/media\/349"}],"wp:attachment":[{"href":"https:\/\/fmp-components.com\/es\/wp-json\/wp\/v2\/media?parent=344"}],"wp:term":[{"taxonomy":"product_brand","embeddable":true,"href":"https:\/\/fmp-components.com\/es\/wp-json\/wp\/v2\/product_brand?post=344"},{"taxonomy":"product_cat","embeddable":true,"href":"https:\/\/fmp-components.com\/es\/wp-json\/wp\/v2\/product_cat?post=344"},{"taxonomy":"product_tag","embeddable":true,"href":"https:\/\/fmp-components.com\/es\/wp-json\/wp\/v2\/product_tag?post=344"}],"curies":[{"name":"gracias","href":"https:\/\/api.w.org\/{rel}","templated":true}]}}