{"id":3419,"date":"2025-01-07T06:47:41","date_gmt":"2025-01-07T06:47:41","guid":{"rendered":"https:\/\/fmp-components.com\/?page_id=8"},"modified":"2025-01-07T06:47:41","modified_gmt":"2025-01-07T06:47:41","slug":"ys-series-electric-motor","status":"publish","type":"product","link":"https:\/\/fmp-components.com\/es\/product\/ys-series-electric-motor\/","title":{"rendered":"Motor el\u00e9ctrico de la serie YS"},"content":{"rendered":"<h2>Condiciones de aplicaci\u00f3n del motor as\u00edncrono trif\u00e1sico de la serie YS<\/h2>\n<table style=\"width: 100%;\" border=\"1\" width=\"100%\" cellspacing=\"0\" cellpadding=\"0\">\n<tbody>\n<tr>\n<th>Temperatura ambiente<\/th>\n<td>-15\u2103 \u2013 40\u2103<\/td>\n<\/tr>\n<tr>\n<th>Humedad relativa<\/th>\n<td>No superior a 90%<\/td>\n<\/tr>\n<tr>\n<th>Elevaci\u00f3n<\/th>\n<td>Estar a menos de 1000 metros<\/td>\n<\/tr>\n<tr>\n<th>Frecuencia<\/th>\n<td>50 Hz<\/td>\n<\/tr>\n<tr>\n<th>Voltaje nominal<\/th>\n<td>220\/380 V<\/td>\n<\/tr>\n<tr>\n<th>Modo de funcionamiento<\/th>\n<td>S1<\/td>\n<\/tr>\n<tr>\n<th>M\u00e9todo de enfriamiento<\/th>\n<td>IC0141<\/td>\n<\/tr>\n<\/tbody>\n<\/table>\n<h2>Datos t\u00e9cnicos de los motores el\u00e9ctricos de la serie YS<\/h2>\n<p><img loading=\"lazy\" decoding=\"async\" class=\"alignnone size-full wp-image-3424\" src=\"https:\/\/fmp-components.com\/wp-content\/uploads\/2025\/01\/ys-motor-technical-data1-1.webp\" alt=\"Datos t\u00e9cnicos del motor ys\" width=\"900\" height=\"449\" title=\"\" srcset=\"https:\/\/fmp-components.com\/wp-content\/uploads\/2025\/01\/ys-motor-technical-data1-1.webp 900w, https:\/\/fmp-components.com\/wp-content\/uploads\/2025\/01\/ys-motor-technical-data1-1-480x239.webp 480w\" sizes=\"(min-width: 0px) and (max-width: 480px) 480px, (min-width: 481px) 900px, 100vw\" \/><\/p>\n<p style=\"text-align: center;\">Llama sin patas y escudo con brida (con orificios lisos) - IMB5<\/p>\n<p><img loading=\"lazy\" decoding=\"async\" class=\"alignnone size-full wp-image-3427\" src=\"https:\/\/fmp-components.com\/wp-content\/uploads\/2025\/01\/ys-series-motor-11-1.webp\" alt=\"motor de la serie ys\" width=\"846\" height=\"187\" title=\"\" srcset=\"https:\/\/fmp-components.com\/wp-content\/uploads\/2025\/01\/ys-series-motor-11-1.webp 846w, https:\/\/fmp-components.com\/wp-content\/uploads\/2025\/01\/ys-series-motor-11-1-480x106.webp 480w\" sizes=\"(min-width: 0px) and (max-width: 480px) 480px, (min-width: 481px) 846px, 100vw\" \/> <img loading=\"lazy\" decoding=\"async\" class=\"alignnone size-full wp-image-3425\" src=\"https:\/\/fmp-components.com\/wp-content\/uploads\/2025\/01\/ys-motor-technical-data-21.webp\" alt=\"Datos t\u00e9cnicos del motor ys 2\" width=\"900\" height=\"113\" title=\"\" srcset=\"https:\/\/fmp-components.com\/wp-content\/uploads\/2025\/01\/ys-motor-technical-data-21.webp 900w, https:\/\/fmp-components.com\/wp-content\/uploads\/2025\/01\/ys-motor-technical-data-21-480x60.webp 480w\" sizes=\"(min-width: 0px) and (max-width: 480px) 480px, (min-width: 481px) 900px, 100vw\" \/><\/p>\n<p style=\"text-align: center;\">Llama sin patas y escudo con brida (con orificios roscados) - IMB14<\/p>\n<p style=\"text-align: center;\"><img loading=\"lazy\" decoding=\"async\" class=\"alignnone size-full wp-image-3428\" src=\"https:\/\/fmp-components.com\/wp-content\/uploads\/2025\/01\/ys-series-motor-21.webp\" alt=\"motor de la serie ys\" width=\"988\" height=\"236\" title=\"\" srcset=\"https:\/\/fmp-components.com\/wp-content\/uploads\/2025\/01\/ys-series-motor-21.webp 988w, https:\/\/fmp-components.com\/wp-content\/uploads\/2025\/01\/ys-series-motor-21-980x234.webp 980w, https:\/\/fmp-components.com\/wp-content\/uploads\/2025\/01\/ys-series-motor-21-480x115.webp 480w\" sizes=\"(min-width: 0px) and (max-width: 480px) 480px, (min-width: 481px) and (max-width: 980px) 980px, (min-width: 981px) 988px, 100vw\" \/> <img loading=\"lazy\" decoding=\"async\" class=\"alignnone size-full wp-image-3426\" src=\"https:\/\/fmp-components.com\/wp-content\/uploads\/2025\/01\/ys-motor-technical-data-31.webp\" alt=\"Datos t\u00e9cnicos del motor ys\" width=\"900\" height=\"143\" title=\"\" srcset=\"https:\/\/fmp-components.com\/wp-content\/uploads\/2025\/01\/ys-motor-technical-data-31.webp 900w, https:\/\/fmp-components.com\/wp-content\/uploads\/2025\/01\/ys-motor-technical-data-31-480x76.webp 480w\" sizes=\"(min-width: 0px) and (max-width: 480px) 480px, (min-width: 481px) 900px, 100vw\" \/><\/p>\n<h2>Acerca de FMP<\/h2>\n<p>FMP es una empresa nacional de alta tecnolog\u00eda especializada en el dise\u00f1o, desarrollo y producci\u00f3n de motores avanzados y soluciones electromec\u00e1nicas. Nos centramos en la producci\u00f3n de motores de las series YE2, YE3 y YE4, junto con una gama de productos derivados. Nuestra oferta de productos tambi\u00e9n incluye motores trif\u00e1sicos y monof\u00e1sicos para bombas hidr\u00e1ulicas, motores con carcasa de aluminio, motores no est\u00e1ndar para bombas hidr\u00e1ulicas, reductores de engranajes para turbinas con integraci\u00f3n electromec\u00e1nica y otros motores especializados.<\/p>\n<p>Los productos de FMP se utilizan ampliamente en la automatizaci\u00f3n industrial, prestando servicio a sectores clave como tornos CNC, maquinaria para la fabricaci\u00f3n de calzado, maquinaria para la carpinter\u00eda, maquinaria para la metalurgia, maquinaria para el pl\u00e1stico y maquinaria para la construcci\u00f3n. Con un firme compromiso con la innovaci\u00f3n y la calidad, FMP garantiza que todos sus productos cumplan con los m\u00e1s altos est\u00e1ndares de rendimiento.<\/p>\n<p>Adem\u00e1s de nuestra amplia gama de productos, nos enorgullece ofrecer soluciones personalizadas adaptadas a las necesidades espec\u00edficas de nuestros clientes. Ya sea que necesite motores especializados, productos no est\u00e1ndar o sistemas integrados, FMP colabora estrechamente con ellos para ofrecer soluciones a medida de alta calidad. Nuestro enfoque en la ingenier\u00eda de precisi\u00f3n y la satisfacci\u00f3n del cliente impulsan nuestro \u00e9xito continuo en los mercados globales.<\/p>\n<p>En FMP, nos dedicamos a construir asociaciones a largo plazo y mutuamente beneficiosas, apoyando el \u00e9xito de nuestros clientes con cada proyecto.<\/p>\n<table style=\"border-collapse: collapse; width: 100.882%; height: 23px;\" border=\"0\" width=\"128\" cellspacing=\"0\" cellpadding=\"0\">\n<tbody>\n<tr style=\"height: 13.8pt;\">\n<td style=\"height: 10px; width: 50.3922%;\" align=\"right\" width=\"64\" height=\"18\"><img loading=\"lazy\" decoding=\"async\" class=\"alignnone size-full wp-image-3398\" src=\"https:\/\/fmp-components.com\/wp-content\/uploads\/2025\/01\/Three-Phase-Motor-Factory.webp\" alt=\"F\u00e1brica de motores trif\u00e1sicos\" width=\"900\" height=\"600\" title=\"\" srcset=\"https:\/\/fmp-components.com\/wp-content\/uploads\/2025\/01\/Three-Phase-Motor-Factory.webp 900w, https:\/\/fmp-components.com\/wp-content\/uploads\/2025\/01\/Three-Phase-Motor-Factory-480x320.webp 480w\" sizes=\"(min-width: 0px) and (max-width: 480px) 480px, (min-width: 481px) 900px, 100vw\" \/><\/td>\n<td style=\"width: 604.224%; height: 10px;\" align=\"right\" width=\"64\"><img loading=\"lazy\" decoding=\"async\" class=\"alignnone size-full wp-image-3399\" src=\"https:\/\/fmp-components.com\/wp-content\/uploads\/2025\/01\/Three-Phase-Motor-Factory-2.webp\" alt=\"F\u00e1brica de motores trif\u00e1sicos 2\" width=\"900\" height=\"600\" title=\"\" srcset=\"https:\/\/fmp-components.com\/wp-content\/uploads\/2025\/01\/Three-Phase-Motor-Factory-2.webp 900w, https:\/\/fmp-components.com\/wp-content\/uploads\/2025\/01\/Three-Phase-Motor-Factory-2-480x320.webp 480w\" sizes=\"(min-width: 0px) and (max-width: 480px) 480px, (min-width: 481px) 900px, 100vw\" \/><\/td>\n<\/tr>\n<tr style=\"height: 13.8pt;\">\n<td style=\"height: 13px; width: 50.3922%;\" align=\"right\" height=\"18\"><img loading=\"lazy\" decoding=\"async\" class=\"alignnone size-full wp-image-3400\" src=\"https:\/\/fmp-components.com\/wp-content\/uploads\/2025\/01\/China-Three-Phase-Motor-Factory-1.webp\" alt=\"F\u00e1brica de motores trif\u00e1sicos 1\" width=\"900\" height=\"600\" title=\"\" srcset=\"https:\/\/fmp-components.com\/wp-content\/uploads\/2025\/01\/China-Three-Phase-Motor-Factory-1.webp 900w, https:\/\/fmp-components.com\/wp-content\/uploads\/2025\/01\/China-Three-Phase-Motor-Factory-1-480x320.webp 480w\" sizes=\"(min-width: 0px) and (max-width: 480px) 480px, (min-width: 481px) 900px, 100vw\" \/><\/td>\n<td style=\"width: 604.224%; height: 13px;\" align=\"right\"><img loading=\"lazy\" decoding=\"async\" class=\"alignnone size-full wp-image-3401\" src=\"https:\/\/fmp-components.com\/wp-content\/uploads\/2025\/01\/Three-Phase-Motor-Factory-3.webp\" alt=\"F\u00e1brica de motores trif\u00e1sicos 3\" width=\"900\" height=\"600\" title=\"\" srcset=\"https:\/\/fmp-components.com\/wp-content\/uploads\/2025\/01\/Three-Phase-Motor-Factory-3.webp 900w, https:\/\/fmp-components.com\/wp-content\/uploads\/2025\/01\/Three-Phase-Motor-Factory-3-480x320.webp 480w\" sizes=\"(min-width: 0px) and (max-width: 480px) 480px, (min-width: 481px) 900px, 100vw\" \/><\/td>\n<\/tr>\n<\/tbody>\n<\/table>\n<p>Autor: CX<\/p>","protected":false},"excerpt":{"rendered":"<p>YS Series Three-phase Asynchronous Motor&#8217;s Application Conditions Ambient Temperature -15\u2103 &#8211; 40\u2103 Relative Humidity Not higher than 90% Elevation Be lower than 1000 meters Frequency 50 Hz Rated Voltage 220\/380V Operating Mode S1 Cooling Method IC0141 YS Series Electric Motors Technical Date Flame Without Feet and End-shield with Flange (with Plain Holes)-IMB5 Flame Without Feet [&hellip;]<\/p>","protected":false},"featured_media":3429,"comment_status":"open","ping_status":"closed","template":"","meta":{"_et_pb_use_builder":"","_et_pb_old_content":"","_et_gb_content_width":""},"product_brand":[],"product_cat":[86],"product_tag":[],"class_list":{"0":"post-3419","1":"product","2":"type-product","3":"status-publish","4":"has-post-thumbnail","6":"product_cat-ac-motors","8":"first","9":"instock","10":"shipping-taxable","11":"product-type-simple"},"_links":{"self":[{"href":"https:\/\/fmp-components.com\/es\/wp-json\/wp\/v2\/product\/3419","targetHints":{"allow":["GET"]}}],"collection":[{"href":"https:\/\/fmp-components.com\/es\/wp-json\/wp\/v2\/product"}],"about":[{"href":"https:\/\/fmp-components.com\/es\/wp-json\/wp\/v2\/types\/product"}],"replies":[{"embeddable":true,"href":"https:\/\/fmp-components.com\/es\/wp-json\/wp\/v2\/comments?post=3419"}],"wp:featuredmedia":[{"embeddable":true,"href":"https:\/\/fmp-components.com\/es\/wp-json\/wp\/v2\/media\/3429"}],"wp:attachment":[{"href":"https:\/\/fmp-components.com\/es\/wp-json\/wp\/v2\/media?parent=3419"}],"wp:term":[{"taxonomy":"product_brand","embeddable":true,"href":"https:\/\/fmp-components.com\/es\/wp-json\/wp\/v2\/product_brand?post=3419"},{"taxonomy":"product_cat","embeddable":true,"href":"https:\/\/fmp-components.com\/es\/wp-json\/wp\/v2\/product_cat?post=3419"},{"taxonomy":"product_tag","embeddable":true,"href":"https:\/\/fmp-components.com\/es\/wp-json\/wp\/v2\/product_tag?post=3419"}],"curies":[{"name":"gracias","href":"https:\/\/api.w.org\/{rel}","templated":true}]}}