{"id":3348,"date":"2025-01-07T01:30:15","date_gmt":"2025-01-07T01:30:15","guid":{"rendered":"https:\/\/fmp-components.com\/?page_id=8"},"modified":"2025-01-07T01:30:15","modified_gmt":"2025-01-07T01:30:15","slug":"low-noise-basic-dc-toy-motor-for-toy-car-tgp02s-a130","status":"publish","type":"product","link":"https:\/\/fmp-components.com\/es\/product\/low-noise-basic-dc-toy-motor-for-toy-car-tgp02s-a130\/","title":{"rendered":"Motor de CC b\u00e1sico de bajo ruido para coche de juguete TGP02S-A130"},"content":{"rendered":"<h2>Personajes del motor de juguete de CC b\u00e1sico<\/h2>\n<p>1. Eje \u00fanico. Tama\u00f1o peque\u00f1o: 42,2 mm x 45,5 mm x 23 mm.<br \/>\n2. Motorreductor de pl\u00e1stico de CC con baja velocidad y gran par.<br \/>\n3. Adecuado para aplicaciones de di\u00e1metro peque\u00f1o, bajo ruido y gran torque.<br \/>\n4. Relaci\u00f3n de reducci\u00f3n: 48, 120, 180, 220, 288<\/p>\n<p><img loading=\"lazy\" decoding=\"async\" class=\"alignnone  wp-image-3352\" src=\"https:\/\/fmp-components.com\/wp-content\/uploads\/2025\/01\/fmp_4.TGP010-A130-2.webp\" alt=\"fmp_4.TGP010-A130-2\" width=\"918\" height=\"421\" title=\"\" srcset=\"https:\/\/fmp-components.com\/wp-content\/uploads\/2025\/01\/fmp_4.TGP010-A130-2.webp 918w, https:\/\/fmp-components.com\/wp-content\/uploads\/2025\/01\/fmp_4.TGP010-A130-2-480x220.webp 480w\" sizes=\"(min-width: 0px) and (max-width: 480px) 480px, (min-width: 481px) 918px, 100vw\" \/><\/p>\n<h2>Datos t\u00e9cnicos del mini motor de CC<\/h2>\n<table style=\"width: 98.042%; height: 144px;\" border=\"1\">\n<tbody>\n<tr>\n<td style=\"width: 21.3647%;\">Modelo de motor n.\u00b0<\/td>\n<td style=\"width: 15.8837%;\">Tensi\u00f3n nominal<br \/>\nVCC<\/td>\n<td style=\"width: 16.6667%;\">Velocidad sin carga<br \/>\nr\/min<\/td>\n<td style=\"width: 17.6734%;\">Corriente sin carga<br \/>\nmam\u00e1<\/td>\n<td style=\"width: 13.0872%;\">Par de p\u00e9rdida<br \/>\ng.cm<\/td>\n<td style=\"width: 15.3244%;\">Corriente de p\u00e9rdida<br \/>\nA<\/td>\n<\/tr>\n<tr>\n<td style=\"width: 21.3647%;\">TFE-130RA-12215<\/td>\n<td style=\"width: 15.8837%;\">6.0<\/td>\n<td style=\"width: 16.6667%;\">11500<\/td>\n<td style=\"width: 17.6734%;\">120<\/td>\n<td style=\"width: 13.0872%;\">20<\/td>\n<td style=\"width: 15.3244%;\">0.85<\/td>\n<\/tr>\n<tr>\n<td style=\"width: 21.3647%;\">TFE-130RA-14175<\/td>\n<td style=\"width: 15.8837%;\">3.0<\/td>\n<td style=\"width: 16.6667%;\">8000<\/td>\n<td style=\"width: 17.6734%;\">120<\/td>\n<td style=\"width: 13.0872%;\">13<\/td>\n<td style=\"width: 15.3244%;\">0.70<\/td>\n<\/tr>\n<tr>\n<td style=\"width: 21.3647%;\">TFE-130RA-18100<\/td>\n<td style=\"width: 15.8837%;\">3.0<\/td>\n<td style=\"width: 16.6667%;\">11500<\/td>\n<td style=\"width: 17.6734%;\">250<\/td>\n<td style=\"width: 13.0872%;\">20<\/td>\n<td style=\"width: 15.3244%;\">1.80<\/td>\n<\/tr>\n<\/tbody>\n<\/table>\n<h2>Datos t\u00e9cnicos del motorreductor<\/h2>\n<table style=\"width: 98.042%; height: 120px;\" border=\"1\">\n<tbody>\n<tr style=\"height: 30px;\">\n<th style=\"height: 30px; width: 32.774%; text-align: left;\">Modelo de caja de cambios<\/th>\n<td style=\"height: 30px; width: 68.0089%;\">TGP01D-A130-12215-XXX<\/td>\n<\/tr>\n<tr style=\"height: 30px;\">\n<th style=\"height: 30px; width: 32.774%; text-align: left;\">Relaciones de reducci\u00f3n<\/th>\n<td style=\"height: 30px; width: 68.0089%;\">48, 120, 180, 220, 288<\/td>\n<\/tr>\n<tr style=\"height: 30px;\">\n<th style=\"height: 30px; width: 32.774%; text-align: left;\">Velocidades sin carga (rpm)<\/th>\n<td style=\"height: 30px; width: 68.0089%;\">230, 90, 60, 50, 38<\/td>\n<\/tr>\n<tr style=\"height: 30px;\">\n<th style=\"height: 30px; width: 32.774%; text-align: left;\">Par de tolerancia moment\u00e1neo m\u00e1ximo (kg.cm)<\/th>\n<td style=\"height: 30px; width: 68.0089%;\">0.7, 1.4, 2.0, 2.2, 2.8<\/td>\n<\/tr>\n<\/tbody>\n<\/table>\n<h2>Caja de cambios con motor<\/h2>\n<table style=\"width: 98.7983%; height: 96px;\" border=\"1\">\n<tbody>\n<tr style=\"height: 24px;\">\n<th style=\"height: 24px; text-align: left; width: 38.4787%;\">Modelo de caja de cambios<\/th>\n<td style=\"height: 24px; width: 63.0872%;\">TGP01D-A130-14175-XXX<\/td>\n<\/tr>\n<tr style=\"height: 24px;\">\n<th style=\"height: 24px; text-align: left; width: 38.4787%;\">Relaciones de reducci\u00f3n<\/th>\n<td style=\"height: 24px; width: 63.0872%;\">48, 120, 180, 220, 288<\/td>\n<\/tr>\n<tr style=\"height: 24px;\">\n<th style=\"height: 24px; text-align: left; width: 38.4787%;\">Velocidades sin carga (rpm)<\/th>\n<td style=\"height: 24px; width: 63.0872%;\">150, 60, 40, 33, 25<\/td>\n<\/tr>\n<tr style=\"height: 24px;\">\n<th style=\"height: 24px; text-align: left; width: 38.4787%;\">Par de tolerancia moment\u00e1neo m\u00e1ximo (kg.cm)<\/th>\n<td style=\"height: 24px; width: 63.0872%;\">0.5, 0.9, 1.2, 1.4, 1.8<\/td>\n<\/tr>\n<\/tbody>\n<\/table>\n<table style=\"color: #666666; font-size: 14px; width: 98.9666%; height: 142px;\" border=\"1\">\n<tbody>\n<tr style=\"height: 24px;\">\n<th style=\"text-align: left; width: 38.5906%; height: 24px;\">Modelo de caja de cambios<\/th>\n<td style=\"width: 61.8421%; height: 24px;\">TGP01D-A130-18100-XXX<\/td>\n<\/tr>\n<tr style=\"height: 24px;\">\n<th style=\"text-align: left; width: 38.5906%; height: 24px;\">Relaciones de reducci\u00f3n<\/th>\n<td style=\"width: 61.8421%; height: 24px;\">48, 120, 180, 220, 288<\/td>\n<\/tr>\n<tr style=\"height: 24px;\">\n<th style=\"text-align: left; width: 38.5906%; height: 24px;\">Velocidades sin carga (rpm)<\/th>\n<td style=\"width: 61.8421%; height: 24px;\">230, 90, 60, 50, 38<\/td>\n<\/tr>\n<tr style=\"height: 24px;\">\n<th style=\"text-align: left; width: 38.5906%; height: 24px;\">Par de tolerancia moment\u00e1neo m\u00e1ximo (kg.cm)<\/th>\n<td style=\"width: 61.8421%; height: 24px;\">0.7, 1.4, 2.0, 2.2, 2.8<\/td>\n<\/tr>\n<\/tbody>\n<\/table>\n<h2>Otra caja de cambios de pl\u00e1stico m\u00e1s motor A130 DC<\/h2>\n<table style=\"width: 100%; height: 71px;\" border=\"1\" width=\"100%\" cellspacing=\"0\" cellpadding=\"0\">\n<tbody>\n<tr style=\"height: 13.8pt;\">\n<td style=\"height: 13px; width: 49.892%;\" align=\"right\" width=\"64\" height=\"18\"><img loading=\"lazy\" decoding=\"async\" class=\"alignnone size-full wp-image-3344\" src=\"https:\/\/fmp-components.com\/wp-content\/uploads\/2025\/01\/fmp_1.TGP010-A130-1-1.webp\" alt=\"fmp_1.TGP010-A130-1-1\" width=\"600\" height=\"600\" title=\"\" srcset=\"https:\/\/fmp-components.com\/wp-content\/uploads\/2025\/01\/fmp_1.TGP010-A130-1-1.webp 600w, https:\/\/fmp-components.com\/wp-content\/uploads\/2025\/01\/fmp_1.TGP010-A130-1-1-480x480.webp 480w\" sizes=\"(min-width: 0px) and (max-width: 480px) 480px, (min-width: 481px) 600px, 100vw\" \/><\/td>\n<td style=\"width: 49.892%; height: 13px;\" align=\"right\" width=\"64\"><img loading=\"lazy\" decoding=\"async\" class=\"alignnone size-full wp-image-3345\" src=\"https:\/\/fmp-components.com\/wp-content\/uploads\/2025\/01\/fmp_2.TGP010-A130-1-1.webp\" alt=\"fmp_2.TGP010-A130-1-1\" width=\"600\" height=\"600\" title=\"\" srcset=\"https:\/\/fmp-components.com\/wp-content\/uploads\/2025\/01\/fmp_2.TGP010-A130-1-1.webp 600w, https:\/\/fmp-components.com\/wp-content\/uploads\/2025\/01\/fmp_2.TGP010-A130-1-1-480x480.webp 480w\" sizes=\"(min-width: 0px) and (max-width: 480px) 480px, (min-width: 481px) 600px, 100vw\" \/><\/td>\n<\/tr>\n<tr style=\"height: 22px;\">\n<td style=\"height: 22px; text-align: center;\"><strong>TGP01D-A130<\/strong><\/td>\n<td style=\"height: 22px; text-align: center;\"><strong>TGP01S-A130<\/strong><\/td>\n<\/tr>\n<tr style=\"height: 13.8pt;\">\n<td style=\"height: 13px; width: 49.892%;\" align=\"right\" height=\"18\"><img loading=\"lazy\" decoding=\"async\" class=\"alignnone size-full wp-image-3346\" src=\"https:\/\/fmp-components.com\/wp-content\/uploads\/2025\/01\/fmp_3.TGP010-A130-1.webp\" alt=\"fmp_3.TGP010-A130-1\" width=\"600\" height=\"600\" title=\"\" srcset=\"https:\/\/fmp-components.com\/wp-content\/uploads\/2025\/01\/fmp_3.TGP010-A130-1.webp 600w, https:\/\/fmp-components.com\/wp-content\/uploads\/2025\/01\/fmp_3.TGP010-A130-1-480x480.webp 480w\" sizes=\"(min-width: 0px) and (max-width: 480px) 480px, (min-width: 481px) 600px, 100vw\" \/><\/td>\n<td style=\"width: 49.892%; height: 13px;\" align=\"right\"><img loading=\"lazy\" decoding=\"async\" class=\"alignnone size-full wp-image-3347\" src=\"https:\/\/fmp-components.com\/wp-content\/uploads\/2025\/01\/fmp_4.TGP010-A130-1.webp\" alt=\"fmp_4.TGP010-A130-1\" width=\"600\" height=\"600\" title=\"\" srcset=\"https:\/\/fmp-components.com\/wp-content\/uploads\/2025\/01\/fmp_4.TGP010-A130-1.webp 600w, https:\/\/fmp-components.com\/wp-content\/uploads\/2025\/01\/fmp_4.TGP010-A130-1-480x480.webp 480w\" sizes=\"(min-width: 0px) and (max-width: 480px) 480px, (min-width: 481px) 600px, 100vw\" \/><\/td>\n<\/tr>\n<tr style=\"height: 23px;\">\n<td style=\"height: 23px; text-align: center;\"><strong>TGP02D-A130<\/strong><\/td>\n<td style=\"height: 23px; text-align: center;\"><strong>TGP02S-A130<\/strong><\/td>\n<\/tr>\n<\/tbody>\n<\/table>\n<h2 data-pm-slice=\"0 0 []\">Caracter\u00edsticas del motor de juguete de CC b\u00e1sico de bajo ruido<\/h2>\n<p>El motor de CC b\u00e1sico de bajo ruido para juguetes est\u00e1 dise\u00f1ado para ofrecer un rendimiento fiable con un ruido de funcionamiento m\u00ednimo, lo que lo hace ideal para diversas aplicaciones de juguetes y dispositivos de bajo consumo. A continuaci\u00f3n, se presentan las caracter\u00edsticas principales de este motor:<\/p>\n<p>1. <strong>Operaci\u00f3n de bajo ruido<\/strong><\/p>\n<ul>\n<li>El motor est\u00e1 dise\u00f1ado espec\u00edficamente para funcionar silenciosamente, minimizando el ruido durante su funcionamiento. Esta caracter\u00edstica es especialmente beneficiosa para juguetes y dispositivos que buscan un funcionamiento silencioso.<\/li>\n<\/ul>\n<p>2. <strong>Dise\u00f1o compacto<\/strong><\/p>\n<ul>\n<li>Dise\u00f1ado teniendo en cuenta el ahorro de espacio, el motor presenta un formato peque\u00f1o y liviano que es f\u00e1cil de integrar en varios dise\u00f1os de juguetes sin agregar volumen innecesario.<\/li>\n<\/ul>\n<p>3. <strong>Eficiencia energ\u00e9tica<\/strong><\/p>\n<ul>\n<li>El motor proporciona un consumo de energ\u00eda eficiente en relaci\u00f3n con su tama\u00f1o y potencia, lo que lo convierte en una opci\u00f3n ideal para juguetes que funcionan con bater\u00edas u otros dispositivos peque\u00f1os que requieren un bajo consumo de energ\u00eda.<\/li>\n<\/ul>\n<p>4. <strong>Durabilidad<\/strong><\/p>\n<ul>\n<li>Construido para durar, el motor est\u00e1 construido con materiales de alta calidad, lo que garantiza confiabilidad a largo plazo y un rendimiento constante en condiciones de funcionamiento t\u00edpicas.<\/li>\n<\/ul>\n<p><strong>5. Bajo consumo de energ\u00eda<\/strong><\/p>\n<ul>\n<li>Dise\u00f1ado para funcionar eficazmente con fuentes de alimentaci\u00f3n peque\u00f1as (como bater\u00edas AA o peque\u00f1as fuentes de CC), el motor consume poca energ\u00eda, lo que ayuda a prolongar la vida \u00fatil de la bater\u00eda en juguetes u otras aplicaciones.<\/li>\n<\/ul>\n<p>Este motor es ideal para usar en autos de juguete, robots peque\u00f1os, kits educativos y otros dispositivos que requieren un motor silencioso, confiable y de bajo consumo energ\u00e9tico para aplicaciones a peque\u00f1a escala.<\/p>\n<h2>Acerca de FMP<\/h2>\n<p>FMP es un fabricante l\u00edder especializado en el dise\u00f1o, desarrollo y producci\u00f3n de cajas de engranajes de alta precisi\u00f3n, cilindros hidr\u00e1ulicos, motores, cardanes, micromotores y una amplia gama de otros componentes cr\u00edticos. Gracias a la dedicaci\u00f3n y el esfuerzo de nuestro equipo cualificado, nos hemos posicionado como l\u00edderes del sector. Nuestros productos se distribuyen ampliamente en Europa, Norteam\u00e9rica, el Sudeste Asi\u00e1tico y otros mercados clave, lo que nos ha granjeado una s\u00f3lida reputaci\u00f3n de calidad y excelencia. Nuestros clientes elogian constantemente el rendimiento y la fiabilidad de nuestros productos.<\/p>\n<p>En FMP, contamos con instalaciones de producci\u00f3n de vanguardia, que incluyen amplios talleres de fabricaci\u00f3n, oficinas y alojamiento para empleados. Tambi\u00e9n contamos con equipos de I+D, producci\u00f3n y pruebas de vanguardia. Nuestros departamentos de ingenier\u00eda, fabricaci\u00f3n de moldes y ensamblaje est\u00e1n bien equipados para ofrecer soluciones totalmente personalizadas que satisfacen las necesidades \u00fanicas de cada cliente. Con una s\u00f3lida base t\u00e9cnica, procesos de producci\u00f3n optimizados y un sistema de gesti\u00f3n eficiente, FMP garantiza que todos los productos cumplan con los m\u00e1s altos est\u00e1ndares de la industria.<\/p>\n<p>La calidad es la base de nuestras operaciones. Desde la selecci\u00f3n de materiales y el dise\u00f1o hasta la producci\u00f3n, la entrega y la retroalimentaci\u00f3n de los clientes, prestamos especial atenci\u00f3n a cada detalle. La satisfacci\u00f3n del cliente es nuestra m\u00e1xima prioridad y nos comprometemos a ofrecer un servicio excepcional en cada etapa del proceso. En FMP, no nos centramos en obtener ganancias excesivas, sino en construir relaciones a largo plazo y mutuamente beneficiosas con nuestros clientes, garantizando as\u00ed un crecimiento y un \u00e9xito sostenidos.<\/p>\n<p>Agradecemos las oportunidades de colaboraci\u00f3n y esperamos construir un futuro mejor con nuestros socios. Nuestras soluciones personalizadas est\u00e1n dise\u00f1adas para satisfacer las cambiantes demandas de nuestros clientes, garantizando que cada proyecto reciba toda la atenci\u00f3n y la experiencia que merece. Ya sea que busque productos est\u00e1ndar o soluciones a medida, en FMP nos dedicamos a apoyar su \u00e9xito en cada paso del camino.<\/p>\n<p><img loading=\"lazy\" decoding=\"async\" class=\"alignnone size-full wp-image-3335\" src=\"https:\/\/fmp-components.com\/wp-content\/uploads\/2025\/01\/DC-motor-tgp01d-a130-product-1.webp\" alt=\"Motor de corriente continua tgp01d-a130\" width=\"883\" height=\"574\" title=\"\" srcset=\"https:\/\/fmp-components.com\/wp-content\/uploads\/2025\/01\/DC-motor-tgp01d-a130-product-1.webp 883w, https:\/\/fmp-components.com\/wp-content\/uploads\/2025\/01\/DC-motor-tgp01d-a130-product-1-480x312.webp 480w\" sizes=\"(min-width: 0px) and (max-width: 480px) 480px, (min-width: 481px) 883px, 100vw\" \/><\/p>\n<p>Autor: CX<\/p>","protected":false},"excerpt":{"rendered":"<p>Characters Of Basic DC Toy Motor 1. Single shaft.Small size 42.2mm*45.5mm*23mm 2. DC plastic gear motor with low speed and big torque 3. Suitable for small diameter, low noise, and big toque application 4. Reduction Ratio: 48\u3001120\u3001180\u3001220\u3001288 Mini DC Motor Technical Data Motor model No Rated voltage VDC No-load speed r\/min No-load current mA Stall [&hellip;]<\/p>","protected":false},"featured_media":3353,"comment_status":"open","ping_status":"closed","template":"","meta":{"_et_pb_use_builder":"","_et_pb_old_content":"","_et_gb_content_width":""},"product_brand":[],"product_cat":[85],"product_tag":[],"class_list":{"0":"post-3348","1":"product","2":"type-product","3":"status-publish","4":"has-post-thumbnail","6":"product_cat-dc-motors","8":"first","9":"instock","10":"shipping-taxable","11":"product-type-simple"},"_links":{"self":[{"href":"https:\/\/fmp-components.com\/es\/wp-json\/wp\/v2\/product\/3348","targetHints":{"allow":["GET"]}}],"collection":[{"href":"https:\/\/fmp-components.com\/es\/wp-json\/wp\/v2\/product"}],"about":[{"href":"https:\/\/fmp-components.com\/es\/wp-json\/wp\/v2\/types\/product"}],"replies":[{"embeddable":true,"href":"https:\/\/fmp-components.com\/es\/wp-json\/wp\/v2\/comments?post=3348"}],"wp:featuredmedia":[{"embeddable":true,"href":"https:\/\/fmp-components.com\/es\/wp-json\/wp\/v2\/media\/3353"}],"wp:attachment":[{"href":"https:\/\/fmp-components.com\/es\/wp-json\/wp\/v2\/media?parent=3348"}],"wp:term":[{"taxonomy":"product_brand","embeddable":true,"href":"https:\/\/fmp-components.com\/es\/wp-json\/wp\/v2\/product_brand?post=3348"},{"taxonomy":"product_cat","embeddable":true,"href":"https:\/\/fmp-components.com\/es\/wp-json\/wp\/v2\/product_cat?post=3348"},{"taxonomy":"product_tag","embeddable":true,"href":"https:\/\/fmp-components.com\/es\/wp-json\/wp\/v2\/product_tag?post=3348"}],"curies":[{"name":"gracias","href":"https:\/\/api.w.org\/{rel}","templated":true}]}}