{"id":3341,"date":"2025-01-07T01:06:38","date_gmt":"2025-01-07T01:06:38","guid":{"rendered":"https:\/\/fmp-components.com\/?page_id=8"},"modified":"2025-01-07T01:16:32","modified_gmt":"2025-01-07T01:16:32","slug":"plastic-gearbox-motor-tgp02d-a130-for-toy-robot-remote-control-toy-cars","status":"publish","type":"product","link":"https:\/\/fmp-components.com\/es\/product\/plastic-gearbox-motor-tgp02d-a130-for-toy-robot-remote-control-toy-cars\/","title":{"rendered":"Motorreductor de pl\u00e1stico TGP02D-A130 para coches de juguete con control remoto."},"content":{"rendered":"<h2>Personajes:<\/h2>\n<p>1. Eje doble. Tama\u00f1o peque\u00f1o: 42,2 mm x 45,5 mm x 23 mm.<br \/>\n2. Motorreductor de pl\u00e1stico de CC con baja velocidad y gran par.<br \/>\n3. Adecuado para aplicaciones de di\u00e1metro peque\u00f1o, bajo ruido y gran torque.<br \/>\n4. Relaci\u00f3n de reducci\u00f3n: 48, 120, 180, 220, 288<\/p>\n<p><img loading=\"lazy\" decoding=\"async\" class=\"alignnone wp-image-3349\" src=\"https:\/\/fmp-components.com\/wp-content\/uploads\/2025\/01\/fmp_3.TGP010-A130-2.webp\" alt=\"fmp_3.TGP010-A130-2\" width=\"909\" height=\"423\" title=\"\" srcset=\"https:\/\/fmp-components.com\/wp-content\/uploads\/2025\/01\/fmp_3.TGP010-A130-2.webp 909w, https:\/\/fmp-components.com\/wp-content\/uploads\/2025\/01\/fmp_3.TGP010-A130-2-480x223.webp 480w\" sizes=\"(min-width: 0px) and (max-width: 480px) 480px, (min-width: 481px) 909px, 100vw\" \/><\/p>\n<h2>Datos t\u00e9cnicos del mini motor de CC<\/h2>\n<table style=\"width: 98.042%; height: 144px;\" border=\"1\">\n<tbody>\n<tr>\n<td style=\"width: 21.3647%;\">Modelo de motor n.\u00b0<\/td>\n<td style=\"width: 15.8837%;\">Tensi\u00f3n nominal<br \/>\nVCC<\/td>\n<td style=\"width: 16.6667%;\">Velocidad sin carga<br \/>\nr\/min<\/td>\n<td style=\"width: 17.6734%;\">Corriente sin carga<br \/>\nmam\u00e1<\/td>\n<td style=\"width: 13.0872%;\">Par de p\u00e9rdida<br \/>\ng.cm<\/td>\n<td style=\"width: 15.3244%;\">Corriente de p\u00e9rdida<br \/>\nA<\/td>\n<\/tr>\n<tr>\n<td style=\"width: 21.3647%;\">TFE-130RA-12215<\/td>\n<td style=\"width: 15.8837%;\">6.0<\/td>\n<td style=\"width: 16.6667%;\">11500<\/td>\n<td style=\"width: 17.6734%;\">120<\/td>\n<td style=\"width: 13.0872%;\">20<\/td>\n<td style=\"width: 15.3244%;\">0.85<\/td>\n<\/tr>\n<tr>\n<td style=\"width: 21.3647%;\">TFE-130RA-14175<\/td>\n<td style=\"width: 15.8837%;\">3.0<\/td>\n<td style=\"width: 16.6667%;\">8000<\/td>\n<td style=\"width: 17.6734%;\">120<\/td>\n<td style=\"width: 13.0872%;\">13<\/td>\n<td style=\"width: 15.3244%;\">0.70<\/td>\n<\/tr>\n<tr>\n<td style=\"width: 21.3647%;\">TFE-130RA-18100<\/td>\n<td style=\"width: 15.8837%;\">3.0<\/td>\n<td style=\"width: 16.6667%;\">11500<\/td>\n<td style=\"width: 17.6734%;\">250<\/td>\n<td style=\"width: 13.0872%;\">20<\/td>\n<td style=\"width: 15.3244%;\">1.80<\/td>\n<\/tr>\n<\/tbody>\n<\/table>\n<h2>Datos t\u00e9cnicos del motorreductor<\/h2>\n<table style=\"width: 98.042%; height: 120px;\" border=\"1\">\n<tbody>\n<tr style=\"height: 30px;\">\n<th style=\"height: 30px; width: 32.774%; text-align: left;\">Modelo de caja de cambios<\/th>\n<td style=\"height: 30px; width: 68.0089%;\">TGP01D-A130-12215-XXX<\/td>\n<\/tr>\n<tr style=\"height: 30px;\">\n<th style=\"height: 30px; width: 32.774%; text-align: left;\">Relaciones de reducci\u00f3n<\/th>\n<td style=\"height: 30px; width: 68.0089%;\">48, 120, 180, 220, 288<\/td>\n<\/tr>\n<tr style=\"height: 30px;\">\n<th style=\"height: 30px; width: 32.774%; text-align: left;\">Velocidades sin carga (rpm)<\/th>\n<td style=\"height: 30px; width: 68.0089%;\">230, 90, 60, 50, 38<\/td>\n<\/tr>\n<tr style=\"height: 30px;\">\n<th style=\"height: 30px; width: 32.774%; text-align: left;\">Par de tolerancia moment\u00e1neo m\u00e1ximo (kg.cm)<\/th>\n<td style=\"height: 30px; width: 68.0089%;\">0.7, 1.4, 2.0, 2.2, 2.8<\/td>\n<\/tr>\n<\/tbody>\n<\/table>\n<h2>Caja de cambios con motor<\/h2>\n<table style=\"width: 98.7983%; height: 96px;\" border=\"1\">\n<tbody>\n<tr style=\"height: 24px;\">\n<th style=\"height: 24px; text-align: left; width: 38.4787%;\">Modelo de caja de cambios<\/th>\n<td style=\"height: 24px; width: 63.0872%;\">TGP01D-A130-14175-XXX<\/td>\n<\/tr>\n<tr style=\"height: 24px;\">\n<th style=\"height: 24px; text-align: left; width: 38.4787%;\">Relaciones de reducci\u00f3n<\/th>\n<td style=\"height: 24px; width: 63.0872%;\">48, 120, 180, 220, 288<\/td>\n<\/tr>\n<tr style=\"height: 24px;\">\n<th style=\"height: 24px; text-align: left; width: 38.4787%;\">Velocidades sin carga (rpm)<\/th>\n<td style=\"height: 24px; width: 63.0872%;\">150, 60, 40, 33, 25<\/td>\n<\/tr>\n<tr style=\"height: 24px;\">\n<th style=\"height: 24px; text-align: left; width: 38.4787%;\">Par de tolerancia moment\u00e1neo m\u00e1ximo (kg.cm)<\/th>\n<td style=\"height: 24px; width: 63.0872%;\">0.5, 0.9, 1.2, 1.4, 1.8<\/td>\n<\/tr>\n<\/tbody>\n<\/table>\n<table style=\"color: #666666; font-size: 14px; width: 98.9666%; height: 142px;\" border=\"1\">\n<tbody>\n<tr style=\"height: 24px;\">\n<th style=\"text-align: left; width: 38.5906%; height: 24px;\">Modelo de caja de cambios<\/th>\n<td style=\"width: 61.8421%; height: 24px;\">TGP01D-A130-18100-XXX<\/td>\n<\/tr>\n<tr style=\"height: 24px;\">\n<th style=\"text-align: left; width: 38.5906%; height: 24px;\">Relaciones de reducci\u00f3n<\/th>\n<td style=\"width: 61.8421%; height: 24px;\">48, 120, 180, 220, 288<\/td>\n<\/tr>\n<tr style=\"height: 24px;\">\n<th style=\"text-align: left; width: 38.5906%; height: 24px;\">Velocidades sin carga (rpm)<\/th>\n<td style=\"width: 61.8421%; height: 24px;\">230, 90, 60, 50, 38<\/td>\n<\/tr>\n<tr style=\"height: 24px;\">\n<th style=\"text-align: left; width: 38.5906%; height: 24px;\">Par de tolerancia moment\u00e1neo m\u00e1ximo (kg.cm)<\/th>\n<td style=\"width: 61.8421%; height: 24px;\">0.7, 1.4, 2.0, 2.2, 2.8<\/td>\n<\/tr>\n<\/tbody>\n<\/table>\n<p>&nbsp;<\/p>\n<table border=\"1\" width=\"100%\" cellspacing=\"0\" cellpadding=\"0\">\n<tbody>\n<tr>\n<td colspan=\"2\" rowspan=\"3\" width=\"131\" height=\"65\" data-spm-anchor-id=\"a2700.details.0.i21.659d3e61kGVPBR\">MODELO<\/td>\n<td rowspan=\"3\" width=\"75\">RELACI\u00d3N DE REDUCCI\u00d3N<\/td>\n<td colspan=\"2\" width=\"133\">VOLTAJE<\/td>\n<td colspan=\"2\" width=\"117\">SIN CARGA<\/td>\n<td colspan=\"4\" width=\"228\">CON M\u00c1XIMA EFICIENCIA<\/td>\n<td colspan=\"2\" width=\"118\">PARAR<\/td>\n<\/tr>\n<tr>\n<td rowspan=\"2\" width=\"75\">RANGO DE OPERACI\u00d3N<\/td>\n<td width=\"58\">NOMINAL<\/td>\n<td width=\"55\">VELOCIDAD<\/td>\n<td width=\"62\">ACTUAL<\/td>\n<td width=\"55\">VELOCIDAD<\/td>\n<td width=\"62\">ACTUAL<\/td>\n<td width=\"56\">ESFUERZO DE TORSI\u00d3N<\/td>\n<td width=\"55\">PRODUCCI\u00d3N<\/td>\n<td width=\"56\">ESFUERZO DE TORSI\u00d3N<\/td>\n<td width=\"62\">ACTUAL<\/td>\n<\/tr>\n<tr>\n<td width=\"58\">V<\/td>\n<td width=\"55\">rpm<\/td>\n<td width=\"62\">A<\/td>\n<td width=\"55\">rpm<\/td>\n<td width=\"62\">A<\/td>\n<td width=\"56\">kg.cm<\/td>\n<td width=\"55\">O<\/td>\n<td width=\"56\">kg.cm<\/td>\n<td width=\"62\">A<\/td>\n<\/tr>\n<tr>\n<td colspan=\"2\" width=\"131\" height=\"24\">T130-02-06500<\/td>\n<td width=\"75\">48\/1<\/td>\n<td width=\"75\">3.0~7.0<\/td>\n<td width=\"58\">6.0<\/td>\n<td width=\"55\">500<\/td>\n<td width=\"62\">0.21<\/td>\n<td width=\"55\">416<\/td>\n<td width=\"62\">1.04<\/td>\n<td width=\"56\">0.4<\/td>\n<td width=\"55\">1.71<\/td>\n<td width=\"56\">2.4<\/td>\n<td width=\"62\">5.2<\/td>\n<\/tr>\n<tr>\n<td colspan=\"2\" width=\"131\" height=\"24\">T130-02-06200<\/td>\n<td width=\"75\">120\/1<\/td>\n<td width=\"75\">3.0~7.0<\/td>\n<td width=\"58\">6.0<\/td>\n<td width=\"55\">200<\/td>\n<td width=\"62\">0.21<\/td>\n<td width=\"55\">415<\/td>\n<td width=\"62\">1.06<\/td>\n<td width=\"56\">1.0<\/td>\n<td width=\"55\">4.26<\/td>\n<td width=\"56\">5.9<\/td>\n<td width=\"62\">5.2<\/td>\n<\/tr>\n<tr>\n<td colspan=\"2\" width=\"131\" height=\"24\">T130-02-09175<\/td>\n<td width=\"75\">48\/1<\/td>\n<td width=\"75\">3.0~10.0<\/td>\n<td width=\"58\">9.0<\/td>\n<td width=\"55\">175<\/td>\n<td width=\"62\">0.09<\/td>\n<td width=\"55\">133<\/td>\n<td width=\"62\">0.17<\/td>\n<td width=\"56\">0.3<\/td>\n<td width=\"55\">0.41<\/td>\n<td width=\"56\">1.3<\/td>\n<td width=\"62\">0.55<\/td>\n<\/tr>\n<tr>\n<td colspan=\"2\" width=\"131\" height=\"24\">T130-02-0938<\/td>\n<td width=\"75\">220\/1<\/td>\n<td width=\"75\">3.0~10.0<\/td>\n<td width=\"58\">9.0<\/td>\n<td width=\"55\">38<\/td>\n<td width=\"62\">0.09<\/td>\n<td width=\"55\">31<\/td>\n<td width=\"62\">0.14<\/td>\n<td width=\"56\">1.0<\/td>\n<td width=\"55\">0.32<\/td>\n<td width=\"56\">5.8<\/td>\n<td width=\"62\">0.55<\/td>\n<\/tr>\n<tr>\n<td colspan=\"2\" width=\"131\" height=\"24\">T130-02-1260<\/td>\n<td width=\"75\">220\/1<\/td>\n<td width=\"75\">3.0~13.0<\/td>\n<td width=\"58\">12.0<\/td>\n<td width=\"55\">60<\/td>\n<td width=\"62\">0.05<\/td>\n<td width=\"55\">48<\/td>\n<td width=\"62\">0.2<\/td>\n<td width=\"56\">1.5<\/td>\n<td width=\"55\">0.74<\/td>\n<td width=\"56\">5.8<\/td>\n<td width=\"62\">0.85<\/td>\n<\/tr>\n<\/tbody>\n<\/table>\n<h2>Otra caja de cambios de pl\u00e1stico m\u00e1s motor A130 DC<\/h2>\n<table style=\"width: 100%; height: 71px;\" border=\"1\" width=\"100%\" cellspacing=\"0\" cellpadding=\"0\">\n<tbody>\n<tr style=\"height: 13.8pt;\">\n<td style=\"height: 13px; width: 49.892%;\" align=\"right\" width=\"64\" height=\"18\"><img loading=\"lazy\" decoding=\"async\" class=\"alignnone size-full wp-image-3344\" src=\"https:\/\/fmp-components.com\/wp-content\/uploads\/2025\/01\/fmp_1.TGP010-A130-1-1.webp\" alt=\"fmp_1.TGP010-A130-1-1\" width=\"600\" height=\"600\" title=\"\" srcset=\"https:\/\/fmp-components.com\/wp-content\/uploads\/2025\/01\/fmp_1.TGP010-A130-1-1.webp 600w, https:\/\/fmp-components.com\/wp-content\/uploads\/2025\/01\/fmp_1.TGP010-A130-1-1-480x480.webp 480w\" sizes=\"(min-width: 0px) and (max-width: 480px) 480px, (min-width: 481px) 600px, 100vw\" \/><\/td>\n<td style=\"width: 49.892%; height: 13px;\" align=\"right\" width=\"64\"><img loading=\"lazy\" decoding=\"async\" class=\"alignnone size-full wp-image-3345\" src=\"https:\/\/fmp-components.com\/wp-content\/uploads\/2025\/01\/fmp_2.TGP010-A130-1-1.webp\" alt=\"fmp_2.TGP010-A130-1-1\" width=\"600\" height=\"600\" title=\"\" srcset=\"https:\/\/fmp-components.com\/wp-content\/uploads\/2025\/01\/fmp_2.TGP010-A130-1-1.webp 600w, https:\/\/fmp-components.com\/wp-content\/uploads\/2025\/01\/fmp_2.TGP010-A130-1-1-480x480.webp 480w\" sizes=\"(min-width: 0px) and (max-width: 480px) 480px, (min-width: 481px) 600px, 100vw\" \/><\/td>\n<\/tr>\n<tr style=\"height: 22px;\">\n<td style=\"height: 22px; text-align: center;\"><strong>TGP01D-A130<\/strong><\/td>\n<td style=\"height: 22px; text-align: center;\"><strong>TGP01S-A130<\/strong><\/td>\n<\/tr>\n<tr style=\"height: 13.8pt;\">\n<td style=\"height: 13px; width: 49.892%;\" align=\"right\" height=\"18\"><img loading=\"lazy\" decoding=\"async\" class=\"alignnone size-full wp-image-3346\" src=\"https:\/\/fmp-components.com\/wp-content\/uploads\/2025\/01\/fmp_3.TGP010-A130-1.webp\" alt=\"fmp_3.TGP010-A130-1\" width=\"600\" height=\"600\" title=\"\" srcset=\"https:\/\/fmp-components.com\/wp-content\/uploads\/2025\/01\/fmp_3.TGP010-A130-1.webp 600w, https:\/\/fmp-components.com\/wp-content\/uploads\/2025\/01\/fmp_3.TGP010-A130-1-480x480.webp 480w\" sizes=\"(min-width: 0px) and (max-width: 480px) 480px, (min-width: 481px) 600px, 100vw\" \/><\/td>\n<td style=\"width: 49.892%; height: 13px;\" align=\"right\"><img loading=\"lazy\" decoding=\"async\" class=\"alignnone size-full wp-image-3347\" src=\"https:\/\/fmp-components.com\/wp-content\/uploads\/2025\/01\/fmp_4.TGP010-A130-1.webp\" alt=\"fmp_4.TGP010-A130-1\" width=\"600\" height=\"600\" title=\"\" srcset=\"https:\/\/fmp-components.com\/wp-content\/uploads\/2025\/01\/fmp_4.TGP010-A130-1.webp 600w, https:\/\/fmp-components.com\/wp-content\/uploads\/2025\/01\/fmp_4.TGP010-A130-1-480x480.webp 480w\" sizes=\"(min-width: 0px) and (max-width: 480px) 480px, (min-width: 481px) 600px, 100vw\" \/><\/td>\n<\/tr>\n<tr style=\"height: 23px;\">\n<td style=\"height: 23px; text-align: center;\"><strong>TGP02D-A130<\/strong><\/td>\n<td style=\"height: 23px; text-align: center;\"><strong>TGP02S-A130<\/strong><\/td>\n<\/tr>\n<\/tbody>\n<\/table>\n<h2>Solicitud:<\/h2>\n<table style=\"width: 100%;\" border=\"1\" width=\"100%\" cellspacing=\"0\" cellpadding=\"0\">\n<tbody>\n<tr>\n<th>\u00c1reas de aplicaci\u00f3n<\/th>\n<td><strong>M\u00e1quinas de negocios:<\/strong> Cajeros autom\u00e1ticos, fotocopiadoras y esc\u00e1neres, manejo de divisas, puntos de venta, impresoras, m\u00e1quinas expendedoras.<br \/>\n<strong>Alimentos y bebidas:<\/strong> Dispensadores de bebidas, batidoras de mano, licuadoras, batidoras, cafeteras, procesadores de alimentos, exprimidores, freidoras, m\u00e1quinas de hielo, m\u00e1quinas para preparar leche de soja.<br \/>\n<strong>C\u00e1mara y \u00f3ptica:<\/strong> V\u00eddeo, C\u00e1maras, Proyectores.<br \/>\n<strong>Herramientas el\u00e9ctricas:<\/strong> Taladros y destornilladores, lijadoras, amoladoras, pulidoras, sierras.<br \/>\n<strong>C\u00e9sped y jard\u00edn:<\/strong> Cortadoras de c\u00e9sped, quitanieves, recortadoras, sopladores de hojas.<\/td>\n<\/tr>\n<\/tbody>\n<\/table>\n<h2 data-pm-slice=\"0 0 []\">Caracter\u00edsticas del motorreductor de pl\u00e1stico TGP02D-A130<\/h2>\n<p>El TGP02D-A130 es un motorreductor de pl\u00e1stico de alto rendimiento que ofrece una soluci\u00f3n vers\u00e1til y fiable para una amplia gama de aplicaciones. Este motor combina una resistente caja de engranajes de pl\u00e1stico con un eficiente motor de CC, lo que lo hace ideal para diversos requisitos de par bajo a medio. A continuaci\u00f3n, se presentan las caracter\u00edsticas principales del TGP02D-A130:<\/p>\n<ol>\n<li><strong>Dise\u00f1o compacto<\/strong>El motor con caja de engranajes de pl\u00e1stico presenta un tama\u00f1o compacto, lo que permite una f\u00e1cil integraci\u00f3n en aplicaciones con limitaciones de espacio sin comprometer la potencia de salida.<\/li>\n<li><strong>Rendimiento eficiente<\/strong>Equipado con un potente motor de CC, el TGP02D-A130 ofrece un rendimiento suave y eficiente, proporcionando un torque y una velocidad constantes adecuados para una variedad de usos.<\/li>\n<li><strong>Caja de cambios de pl\u00e1stico duradera<\/strong>:El motor est\u00e1 acoplado a una caja de engranajes de pl\u00e1stico duradera, lo que garantiza un rendimiento duradero y reduce el peso general del conjunto, lo que es especialmente beneficioso para aplicaciones livianas.<\/li>\n<li><strong>Operaci\u00f3n de bajo ruido<\/strong>Dise\u00f1ado para funcionar silenciosamente, el TGP02D-A130 es ideal para aplicaciones donde la reducci\u00f3n de ruido es fundamental, como en electrodom\u00e9sticos y juguetes.<\/li>\n<li><strong>Versatilidad<\/strong>:Este motor es muy vers\u00e1til y se puede utilizar en una amplia gama de dispositivos, incluidos sistemas rob\u00f3ticos, modelos, m\u00e1quinas peque\u00f1as y otros equipos que requieren un control de movimiento preciso.<\/li>\n<\/ol>\n<p>En resumen, el motorreductor de pl\u00e1stico TGP02D-A130 es una soluci\u00f3n fiable, rentable y eficiente para diversas aplicaciones de potencia baja a media. Combina la resistencia de un reductor de pl\u00e1stico con la precisi\u00f3n de un motor de CC, ofreciendo un alto rendimiento en un dise\u00f1o compacto y vers\u00e1til.<\/p>\n<h2>Acerca de FMP<\/h2>\n<p>FMP es un fabricante l\u00edder reconocido por su experiencia en el dise\u00f1o, desarrollo y producci\u00f3n de cajas de engranajes de alta precisi\u00f3n, cilindros hidr\u00e1ulicos, motores, cardanes, micromotores y una amplia gama de otros componentes esenciales. Gracias a la dedicaci\u00f3n y la experiencia de nuestro equipo cualificado, nos hemos consolidado como un actor destacado en la industria. Nuestros productos se distribuyen en Europa, Norteam\u00e9rica, el Sudeste Asi\u00e1tico y otros mercados globales clave, donde se han ganado una excelente reputaci\u00f3n por su calidad, fiabilidad y rendimiento.<\/p>\n<p>En FMP, contamos con instalaciones de producci\u00f3n avanzadas, que incluyen amplios talleres de fabricaci\u00f3n, modernas oficinas y alojamiento para empleados. Nuestros equipos de I+D, producci\u00f3n y pruebas de \u00faltima generaci\u00f3n nos permiten ofrecer soluciones altamente especializadas y personalizadas a nuestros clientes. Gracias a nuestras s\u00f3lidas capacidades t\u00e9cnicas, procesos de producci\u00f3n eficientes y un s\u00f3lido sistema de gesti\u00f3n, garantizamos que cada producto cumpla o supere los m\u00e1s altos est\u00e1ndares de la industria.<\/p>\n<p>La calidad es fundamental en todo lo que hacemos. Desde la selecci\u00f3n de materiales y el dise\u00f1o hasta la producci\u00f3n, la entrega y la retroalimentaci\u00f3n de los clientes, mantenemos una meticulosa atenci\u00f3n al detalle. La satisfacci\u00f3n del cliente es nuestro principal objetivo y nos dedicamos a ofrecer un servicio excepcional durante todo el proceso. FMP prioriza las relaciones a largo plazo y mutuamente beneficiosas con nuestros clientes, priorizando el crecimiento y el \u00e9xito sobre las ganancias a corto plazo.<\/p>\n<p>Siempre estamos abiertos a la colaboraci\u00f3n y esperamos construir un futuro mejor junto a nuestros socios. Nuestras soluciones a medida est\u00e1n dise\u00f1adas para adaptarse a las necesidades cambiantes de nuestros clientes, garantizando que cada proyecto reciba toda la atenci\u00f3n y la experiencia que merece. Ya sea que necesite productos est\u00e1ndar o soluciones a medida, en FMP nos comprometemos a apoyar su \u00e9xito en cada etapa del proceso.<\/p>\n<p><img loading=\"lazy\" decoding=\"async\" class=\"alignnone size-full wp-image-3335\" src=\"https:\/\/fmp-components.com\/wp-content\/uploads\/2025\/01\/DC-motor-tgp01d-a130-product-1.webp\" alt=\"Motor de corriente continua tgp01d-a130\" width=\"883\" height=\"574\" title=\"\" srcset=\"https:\/\/fmp-components.com\/wp-content\/uploads\/2025\/01\/DC-motor-tgp01d-a130-product-1.webp 883w, https:\/\/fmp-components.com\/wp-content\/uploads\/2025\/01\/DC-motor-tgp01d-a130-product-1-480x312.webp 480w\" sizes=\"(min-width: 0px) and (max-width: 480px) 480px, (min-width: 481px) 883px, 100vw\" \/><\/p>\n<p>Autor: CX<\/p>","protected":false},"excerpt":{"rendered":"<p>Characters: 1. Double shaft.Small size 42.2mm*45.5mm*23mm 2. DC plastic gear motor with low speed and big torque 3. Suitable for small diameter, low noise, and big toque application 4. Reduction Ratio: 48\u3001120\u3001180\u3001220\u3001288 Mini DC Motor Technical Data Motor model No Rated voltage VDC No-load speed r\/min No-load current mA Stall torque g.cm Stall current A [&hellip;]<\/p>","protected":false},"featured_media":3351,"comment_status":"open","ping_status":"closed","template":"","meta":{"_et_pb_use_builder":"","_et_pb_old_content":"","_et_gb_content_width":""},"product_brand":[],"product_cat":[85],"product_tag":[],"class_list":{"0":"post-3341","1":"product","2":"type-product","3":"status-publish","4":"has-post-thumbnail","6":"product_cat-dc-motors","8":"first","9":"instock","10":"shipping-taxable","11":"product-type-simple"},"_links":{"self":[{"href":"https:\/\/fmp-components.com\/es\/wp-json\/wp\/v2\/product\/3341","targetHints":{"allow":["GET"]}}],"collection":[{"href":"https:\/\/fmp-components.com\/es\/wp-json\/wp\/v2\/product"}],"about":[{"href":"https:\/\/fmp-components.com\/es\/wp-json\/wp\/v2\/types\/product"}],"replies":[{"embeddable":true,"href":"https:\/\/fmp-components.com\/es\/wp-json\/wp\/v2\/comments?post=3341"}],"wp:featuredmedia":[{"embeddable":true,"href":"https:\/\/fmp-components.com\/es\/wp-json\/wp\/v2\/media\/3351"}],"wp:attachment":[{"href":"https:\/\/fmp-components.com\/es\/wp-json\/wp\/v2\/media?parent=3341"}],"wp:term":[{"taxonomy":"product_brand","embeddable":true,"href":"https:\/\/fmp-components.com\/es\/wp-json\/wp\/v2\/product_brand?post=3341"},{"taxonomy":"product_cat","embeddable":true,"href":"https:\/\/fmp-components.com\/es\/wp-json\/wp\/v2\/product_cat?post=3341"},{"taxonomy":"product_tag","embeddable":true,"href":"https:\/\/fmp-components.com\/es\/wp-json\/wp\/v2\/product_tag?post=3341"}],"curies":[{"name":"gracias","href":"https:\/\/api.w.org\/{rel}","templated":true}]}}