{"id":3339,"date":"2025-01-06T08:44:00","date_gmt":"2025-01-06T08:44:00","guid":{"rendered":"https:\/\/fmp-components.com\/?page_id=8"},"modified":"2025-01-07T01:03:57","modified_gmt":"2025-01-07T01:03:57","slug":"plastic-gearbox-mini-geared-motor-tgp01s-a130","status":"publish","type":"product","link":"https:\/\/fmp-components.com\/es\/product\/plastic-gearbox-mini-geared-motor-tgp01s-a130\/","title":{"rendered":"Minimotorreductor con caja de engranajes de pl\u00e1stico TGP01S-A130"},"content":{"rendered":"<h2>Minimotorreductor con caja de engranajes de pl\u00e1stico TGP01S-A130<\/h2>\n<ul class=\"a-unordered-list a-vertical a-spacing-mini\">\n<li><span class=\"a-list-item\">Caja de engranajes de pl\u00e1stico TGP con motor de CC de im\u00e1n permanente A130<\/span><\/li>\n<li><span class=\"a-list-item\">Motorreductor de CC de tama\u00f1o peque\u00f1o con baja velocidad y gran par.<\/span><\/li>\n<li><span class=\"a-list-item\">Adecuado para aplicaciones de di\u00e1metro peque\u00f1o, bajo nivel de ruido y gran torque.<\/span><\/li>\n<li><span class=\"a-list-item\">relaci\u00f3n de reducci\u00f3n: 48,120,180,220,288<\/span><\/li>\n<\/ul>\n<h2 align=\"left\" data-spm-anchor-id=\"a2700.details.0.i21.36dd6237ZBajCj\">Caracteres del mini motorreductor<\/h2>\n<ul>\n<li>Motorreductor de CC de tama\u00f1o peque\u00f1o con baja velocidad y gran par.<\/li>\n<li>Adecuado para di\u00e1metros peque\u00f1os. Bajo nivel de ruido y alto par.<\/li>\n<li>Relaci\u00f3n de reducci\u00f3n: 48, 120, 180, 220, 288<\/li>\n<li>Eje simple. Tama\u00f1o peque\u00f1o: 18,7 x 22,3 x 64,5 mm.<\/li>\n<li>Motorreductor de pl\u00e1stico de CC con baja velocidad y gran par.<\/li>\n<\/ul>\n<p><img loading=\"lazy\" decoding=\"async\" class=\"alignnone size-full wp-image-3342\" src=\"https:\/\/fmp-components.com\/wp-content\/uploads\/2025\/01\/fmp_2.TGP010-A130-2.webp\" alt=\"fmp_2.TGP010-A130-2\" width=\"837\" height=\"522\" title=\"\" srcset=\"https:\/\/fmp-components.com\/wp-content\/uploads\/2025\/01\/fmp_2.TGP010-A130-2.webp 837w, https:\/\/fmp-components.com\/wp-content\/uploads\/2025\/01\/fmp_2.TGP010-A130-2-480x299.webp 480w\" sizes=\"(min-width: 0px) and (max-width: 480px) 480px, (min-width: 481px) 837px, 100vw\" \/><\/p>\n<h2>Datos t\u00e9cnicos del mini motor de CC<\/h2>\n<table style=\"width: 96.6375%; height: 144px;\" border=\"1\">\n<tbody>\n<tr>\n<td>Modelo de motor n.\u00b0<\/td>\n<td>Tensi\u00f3n nominal<br \/>\nVCC<\/td>\n<td>Velocidad sin carga<br \/>\nr\/min<\/td>\n<td>Corriente sin carga<br \/>\nmam\u00e1<\/td>\n<td>Par de p\u00e9rdida<br \/>\ng.cm<\/td>\n<td>Corriente de p\u00e9rdida<br \/>\nA<\/td>\n<\/tr>\n<tr>\n<td>TFE-130RA-12215<\/td>\n<td>6.0<\/td>\n<td>11500<\/td>\n<td>120<\/td>\n<td>20<\/td>\n<td>0.85<\/td>\n<\/tr>\n<tr>\n<td>TFE-130RA-14175<\/td>\n<td>3.0<\/td>\n<td>8000<\/td>\n<td>120<\/td>\n<td>13<\/td>\n<td>0.70<\/td>\n<\/tr>\n<tr>\n<td>TFE-130RA-18100<\/td>\n<td>3.0<\/td>\n<td>11500<\/td>\n<td>250<\/td>\n<td>20<\/td>\n<td>1.80<\/td>\n<\/tr>\n<\/tbody>\n<\/table>\n<h2>Datos t\u00e9cnicos del motorreductor<\/h2>\n<table style=\"width: 96.6375%; height: 120px;\" border=\"1\">\n<tbody>\n<tr style=\"height: 30px;\">\n<th style=\"height: 30px; width: 32.774%; text-align: left;\">Modelo de caja de cambios<\/th>\n<td style=\"height: 30px; width: 66.5548%;\">TGP01D-A130-12215-XXX<\/td>\n<\/tr>\n<tr style=\"height: 30px;\">\n<th style=\"height: 30px; width: 32.774%; text-align: left;\">Relaciones de reducci\u00f3n<\/th>\n<td style=\"height: 30px; width: 66.5548%;\">48, 120, 180, 220, 288<\/td>\n<\/tr>\n<tr style=\"height: 30px;\">\n<th style=\"height: 30px; width: 32.774%; text-align: left;\">Velocidades sin carga (rpm)<\/th>\n<td style=\"height: 30px; width: 66.5548%;\">230, 90, 60, 50, 38<\/td>\n<\/tr>\n<tr style=\"height: 30px;\">\n<th style=\"height: 30px; width: 32.774%; text-align: left;\">Par de tolerancia moment\u00e1neo m\u00e1ximo (kg.cm)<\/th>\n<td style=\"height: 30px; width: 66.5548%;\">0.7, 1.4, 2.0, 2.2, 2.8<\/td>\n<\/tr>\n<\/tbody>\n<\/table>\n<h2>Caja de cambios con motor<\/h2>\n<table style=\"width: 96.6375%; height: 96px;\" border=\"1\">\n<tbody>\n<tr style=\"height: 24px;\">\n<th style=\"height: 24px; text-align: left; width: 38.4787%;\">Modelo de caja de cambios<\/th>\n<td style=\"height: 24px; width: 60.8501%;\">TGP01D-A130-14175-XXX<\/td>\n<\/tr>\n<tr style=\"height: 24px;\">\n<th style=\"height: 24px; text-align: left; width: 38.4787%;\">Relaciones de reducci\u00f3n<\/th>\n<td style=\"height: 24px; width: 60.8501%;\">48, 120, 180, 220, 288<\/td>\n<\/tr>\n<tr style=\"height: 24px;\">\n<th style=\"height: 24px; text-align: left; width: 38.4787%;\">Velocidades sin carga (rpm)<\/th>\n<td style=\"height: 24px; width: 60.8501%;\">150, 60, 40, 33, 25<\/td>\n<\/tr>\n<tr style=\"height: 24px;\">\n<th style=\"height: 24px; text-align: left; width: 38.4787%;\">Par de tolerancia moment\u00e1neo m\u00e1ximo (kg.cm)<\/th>\n<td style=\"height: 24px; width: 60.8501%;\">0.5, 0.9, 1.2, 1.4, 1.8<\/td>\n<\/tr>\n<\/tbody>\n<\/table>\n<table style=\"width: 96.6375%; height: 120px;\" border=\"1\">\n<tbody>\n<tr>\n<th style=\"text-align: left; width: 38.5906%;\">Modelo de caja de cambios<\/th>\n<td style=\"width: 60.7383%;\">TGP01D-A130-18100-XXX<\/td>\n<\/tr>\n<tr>\n<th style=\"text-align: left; width: 38.5906%;\">Relaciones de reducci\u00f3n<\/th>\n<td style=\"width: 60.7383%;\">48, 120, 180, 220, 288<\/td>\n<\/tr>\n<tr>\n<th style=\"text-align: left; width: 38.5906%;\">Velocidades sin carga (rpm)<\/th>\n<td style=\"width: 60.7383%;\">230, 90, 60, 50, 38<\/td>\n<\/tr>\n<tr>\n<th style=\"text-align: left; width: 38.5906%;\">Par de tolerancia moment\u00e1neo m\u00e1ximo (kg.cm)<\/th>\n<td style=\"width: 60.7383%;\">0.7, 1.4, 2.0, 2.2, 2.8<\/td>\n<\/tr>\n<\/tbody>\n<\/table>\n<h2>Otra caja de cambios de pl\u00e1stico m\u00e1s motor A130 DC<\/h2>\n<table style=\"width: 100%; height: 71px;\" border=\"1\" width=\"100%\" cellspacing=\"0\" cellpadding=\"0\">\n<tbody>\n<tr style=\"height: 13.8pt;\">\n<td style=\"height: 13px; width: 49.892%;\" align=\"right\" width=\"64\" height=\"18\"><img loading=\"lazy\" decoding=\"async\" class=\"alignnone size-full wp-image-3344\" src=\"https:\/\/fmp-components.com\/wp-content\/uploads\/2025\/01\/fmp_1.TGP010-A130-1-1.webp\" alt=\"fmp_1.TGP010-A130-1-1\" width=\"600\" height=\"600\" title=\"\" srcset=\"https:\/\/fmp-components.com\/wp-content\/uploads\/2025\/01\/fmp_1.TGP010-A130-1-1.webp 600w, https:\/\/fmp-components.com\/wp-content\/uploads\/2025\/01\/fmp_1.TGP010-A130-1-1-480x480.webp 480w\" sizes=\"(min-width: 0px) and (max-width: 480px) 480px, (min-width: 481px) 600px, 100vw\" \/><\/td>\n<td style=\"width: 49.892%; height: 13px;\" align=\"right\" width=\"64\"><img loading=\"lazy\" decoding=\"async\" class=\"alignnone size-full wp-image-3345\" src=\"https:\/\/fmp-components.com\/wp-content\/uploads\/2025\/01\/fmp_2.TGP010-A130-1-1.webp\" alt=\"fmp_2.TGP010-A130-1-1\" width=\"600\" height=\"600\" title=\"\" srcset=\"https:\/\/fmp-components.com\/wp-content\/uploads\/2025\/01\/fmp_2.TGP010-A130-1-1.webp 600w, https:\/\/fmp-components.com\/wp-content\/uploads\/2025\/01\/fmp_2.TGP010-A130-1-1-480x480.webp 480w\" sizes=\"(min-width: 0px) and (max-width: 480px) 480px, (min-width: 481px) 600px, 100vw\" \/><\/td>\n<\/tr>\n<tr style=\"height: 22px;\">\n<td style=\"height: 22px; text-align: center;\"><strong>TGP01D-A130<\/strong><\/td>\n<td style=\"height: 22px; text-align: center;\"><strong>TGP01S-A130<\/strong><\/td>\n<\/tr>\n<tr style=\"height: 13.8pt;\">\n<td style=\"height: 13px; width: 49.892%;\" align=\"right\" height=\"18\"><img loading=\"lazy\" decoding=\"async\" class=\"alignnone size-full wp-image-3346\" src=\"https:\/\/fmp-components.com\/wp-content\/uploads\/2025\/01\/fmp_3.TGP010-A130-1.webp\" alt=\"fmp_3.TGP010-A130-1\" width=\"600\" height=\"600\" title=\"\" srcset=\"https:\/\/fmp-components.com\/wp-content\/uploads\/2025\/01\/fmp_3.TGP010-A130-1.webp 600w, https:\/\/fmp-components.com\/wp-content\/uploads\/2025\/01\/fmp_3.TGP010-A130-1-480x480.webp 480w\" sizes=\"(min-width: 0px) and (max-width: 480px) 480px, (min-width: 481px) 600px, 100vw\" \/><\/td>\n<td style=\"width: 49.892%; height: 13px;\" align=\"right\"><img loading=\"lazy\" decoding=\"async\" class=\"alignnone size-full wp-image-3347\" src=\"https:\/\/fmp-components.com\/wp-content\/uploads\/2025\/01\/fmp_4.TGP010-A130-1.webp\" alt=\"fmp_4.TGP010-A130-1\" width=\"600\" height=\"600\" title=\"\" srcset=\"https:\/\/fmp-components.com\/wp-content\/uploads\/2025\/01\/fmp_4.TGP010-A130-1.webp 600w, https:\/\/fmp-components.com\/wp-content\/uploads\/2025\/01\/fmp_4.TGP010-A130-1-480x480.webp 480w\" sizes=\"(min-width: 0px) and (max-width: 480px) 480px, (min-width: 481px) 600px, 100vw\" \/><\/td>\n<\/tr>\n<tr style=\"height: 23px;\">\n<td style=\"height: 23px; text-align: center;\"><strong>TGP02D-A130<\/strong><\/td>\n<td style=\"height: 23px; text-align: center;\"><strong>TGP02S-A130<\/strong><\/td>\n<\/tr>\n<\/tbody>\n<\/table>\n<h2 data-pm-slice=\"0 0 []\">Caracter\u00edsticas del minimotorreductor con caja de engranajes de pl\u00e1stico TGP01S-A130<\/h2>\n<p>El minimotorreductor con caja de engranajes de pl\u00e1stico TGP01S-A130 es un motor compacto, ligero y eficiente, dise\u00f1ado para aplicaciones a peque\u00f1a escala donde el espacio y el peso son cruciales. Este motor integra una caja de engranajes de pl\u00e1stico con un minimotor de CC, lo que ofrece versatilidad y fiabilidad en diversas aplicaciones. Estas son las caracter\u00edsticas principales del modelo TGP01S-A130:<\/p>\n<ol>\n<li><strong>Dise\u00f1o compacto y ligero<\/strong>:\n<ul>\n<li>El TGP01S-A130 tiene una estructura compacta, ideal para aplicaciones con espacio limitado. Su caja de engranajes de pl\u00e1stico ligero reduce el peso total del motor, lo que facilita su integraci\u00f3n en dispositivos y sistemas peque\u00f1os.<\/li>\n<\/ul>\n<\/li>\n<li><strong>Construcci\u00f3n de caja de cambios de pl\u00e1stico<\/strong>:\n<ul>\n<li>El uso de pl\u00e1stico duradero en la caja de engranajes garantiza una estructura ligera pero resistente, lo que proporciona un funcionamiento suave y a la vez mantiene la rentabilidad del motor. El pl\u00e1stico tambi\u00e9n ayuda a reducir el ruido durante el funcionamiento.<\/li>\n<\/ul>\n<\/li>\n<li><strong>Alto par de salida<\/strong>:\n<ul>\n<li>A pesar de su peque\u00f1o tama\u00f1o, el TGP01S-A130 ofrece un buen equilibrio entre torque y velocidad, lo que lo hace adecuado para tareas que requieren un torque moderado, como accionar ruedas peque\u00f1as, actuadores u otra maquinaria liviana.<\/li>\n<\/ul>\n<\/li>\n<li><strong>Transmisi\u00f3n de potencia eficiente<\/strong>:\n<ul>\n<li>El motorreductor est\u00e1 dise\u00f1ado para una transmisi\u00f3n de potencia eficiente, optimizando el uso de la energ\u00eda el\u00e9ctrica y minimizando las p\u00e9rdidas. Esto lo convierte en el motor ideal para dispositivos alimentados por bater\u00eda y aplicaciones que requieren alta eficiencia.<\/li>\n<\/ul>\n<\/li>\n<li><strong>Funcionamiento suave y silencioso<\/strong>:\n<ul>\n<li>Con su caja de engranajes de pl\u00e1stico dise\u00f1ada con precisi\u00f3n, el motor funciona de manera silenciosa y suave, lo que lo convierte en una excelente opci\u00f3n para aplicaciones donde la reducci\u00f3n de ruido es importante, como en juguetes, dispositivos m\u00e9dicos o electrodom\u00e9sticos.<\/li>\n<\/ul>\n<\/li>\n<\/ol>\n<p>El minimotorreductor con caja de engranajes de pl\u00e1stico TGP01S-A130 combina tama\u00f1o compacto, bajo consumo de energ\u00eda, alto par y funcionamiento silencioso en un paquete vers\u00e1til y econ\u00f3mico. Su durabilidad, eficiencia y amplio rango de voltaje lo hacen ideal para una amplia gama de aplicaciones, desde rob\u00f3tica hasta productos de consumo.<\/p>\n<h2>Acerca de FMP<\/h2>\n<p>FMP es un fabricante l\u00edder especializado en el dise\u00f1o, desarrollo y producci\u00f3n de cajas de engranajes de alta precisi\u00f3n, cilindros hidr\u00e1ulicos, motores, cardanes, micromotores y una amplia gama de otros componentes cr\u00edticos. Gracias a la dedicaci\u00f3n y el esfuerzo de nuestro equipo cualificado, nos hemos posicionado como l\u00edderes del sector. Nuestros productos se distribuyen ampliamente en Europa, Norteam\u00e9rica, el Sudeste Asi\u00e1tico y otros mercados clave, lo que nos ha granjeado una s\u00f3lida reputaci\u00f3n de calidad y excelencia. Nuestros clientes elogian constantemente el rendimiento y la fiabilidad de nuestros productos.<\/p>\n<p>En FMP, contamos con instalaciones de producci\u00f3n de vanguardia, que incluyen amplios talleres de fabricaci\u00f3n, oficinas y alojamiento para empleados. Tambi\u00e9n contamos con equipos de I+D, producci\u00f3n y pruebas de vanguardia. Nuestros departamentos de ingenier\u00eda, fabricaci\u00f3n de moldes y ensamblaje est\u00e1n bien equipados para ofrecer soluciones totalmente personalizadas que satisfacen las necesidades \u00fanicas de cada cliente. Con una s\u00f3lida base t\u00e9cnica, procesos de producci\u00f3n optimizados y un sistema de gesti\u00f3n eficiente, FMP garantiza que todos los productos cumplan con los m\u00e1s altos est\u00e1ndares de la industria.<\/p>\n<p>La calidad es la base de nuestras operaciones. Desde la selecci\u00f3n de materiales y el dise\u00f1o hasta la producci\u00f3n, la entrega y la retroalimentaci\u00f3n de los clientes, prestamos especial atenci\u00f3n a cada detalle. La satisfacci\u00f3n del cliente es nuestra m\u00e1xima prioridad y nos comprometemos a ofrecer un servicio excepcional en cada etapa del proceso. En FMP, no nos centramos en obtener ganancias excesivas, sino en construir relaciones a largo plazo y mutuamente beneficiosas con nuestros clientes, garantizando as\u00ed un crecimiento y un \u00e9xito sostenidos.<\/p>\n<p>Agradecemos las oportunidades de colaboraci\u00f3n y esperamos construir un futuro mejor con nuestros socios. Nuestras soluciones personalizadas est\u00e1n dise\u00f1adas para satisfacer las cambiantes demandas de nuestros clientes, garantizando que cada proyecto reciba toda la atenci\u00f3n y la experiencia que merece. Ya sea que busque productos est\u00e1ndar o soluciones a medida, en FMP nos dedicamos a apoyar su \u00e9xito en cada paso del camino.<\/p>\n<p><img loading=\"lazy\" decoding=\"async\" class=\"alignnone size-full wp-image-3335\" src=\"https:\/\/fmp-components.com\/wp-content\/uploads\/2025\/01\/DC-motor-tgp01d-a130-product-1.webp\" alt=\"Motor de corriente continua tgp01d-a130\" width=\"883\" height=\"574\" title=\"\" srcset=\"https:\/\/fmp-components.com\/wp-content\/uploads\/2025\/01\/DC-motor-tgp01d-a130-product-1.webp 883w, https:\/\/fmp-components.com\/wp-content\/uploads\/2025\/01\/DC-motor-tgp01d-a130-product-1-480x312.webp 480w\" sizes=\"(min-width: 0px) and (max-width: 480px) 480px, (min-width: 481px) 883px, 100vw\" \/><\/p>\n<p>Autor: CX<\/p>","protected":false},"excerpt":{"rendered":"<p>Plastic Gearbox Mini Geared Motor TGP01S-A130 TGP plastic gears gearbox plus A130 permanent magnet DC motor small size dc gear motor with low speed and big torque suitable to small diameter, low noise, and big torque application reduction ratio: 48,120,180,220,288 Characters of Mini Geared Motor Small size dc gear motor with low speed and big [&hellip;]<\/p>","protected":false},"featured_media":3340,"comment_status":"open","ping_status":"closed","template":"","meta":{"_et_pb_use_builder":"","_et_pb_old_content":"","_et_gb_content_width":""},"product_brand":[],"product_cat":[85],"product_tag":[],"class_list":{"0":"post-3339","1":"product","2":"type-product","3":"status-publish","4":"has-post-thumbnail","6":"product_cat-dc-motors","8":"first","9":"instock","10":"shipping-taxable","11":"product-type-simple"},"_links":{"self":[{"href":"https:\/\/fmp-components.com\/es\/wp-json\/wp\/v2\/product\/3339","targetHints":{"allow":["GET"]}}],"collection":[{"href":"https:\/\/fmp-components.com\/es\/wp-json\/wp\/v2\/product"}],"about":[{"href":"https:\/\/fmp-components.com\/es\/wp-json\/wp\/v2\/types\/product"}],"replies":[{"embeddable":true,"href":"https:\/\/fmp-components.com\/es\/wp-json\/wp\/v2\/comments?post=3339"}],"wp:featuredmedia":[{"embeddable":true,"href":"https:\/\/fmp-components.com\/es\/wp-json\/wp\/v2\/media\/3340"}],"wp:attachment":[{"href":"https:\/\/fmp-components.com\/es\/wp-json\/wp\/v2\/media?parent=3339"}],"wp:term":[{"taxonomy":"product_brand","embeddable":true,"href":"https:\/\/fmp-components.com\/es\/wp-json\/wp\/v2\/product_brand?post=3339"},{"taxonomy":"product_cat","embeddable":true,"href":"https:\/\/fmp-components.com\/es\/wp-json\/wp\/v2\/product_cat?post=3339"},{"taxonomy":"product_tag","embeddable":true,"href":"https:\/\/fmp-components.com\/es\/wp-json\/wp\/v2\/product_tag?post=3339"}],"curies":[{"name":"gracias","href":"https:\/\/api.w.org\/{rel}","templated":true}]}}