{"id":3331,"date":"2025-01-06T08:18:18","date_gmt":"2025-01-06T08:18:18","guid":{"rendered":"https:\/\/fmp-components.com\/?page_id=8"},"modified":"2025-01-06T08:34:45","modified_gmt":"2025-01-06T08:34:45","slug":"italy-supplier-mini-dc-motor-tgp01d-a130-plastic-gearbox-plus-a130","status":"publish","type":"product","link":"https:\/\/fmp-components.com\/es\/product\/italy-supplier-mini-dc-motor-tgp01d-a130-plastic-gearbox-plus-a130\/","title":{"rendered":"Proveedor italiano: Mini motor de CC TGP01D-A130, caja de engranajes de pl\u00e1stico Plus A130"},"content":{"rendered":"<p><img loading=\"lazy\" decoding=\"async\" class=\"wp-image-3334 aligncenter\" src=\"https:\/\/fmp-components.com\/wp-content\/uploads\/2025\/01\/DC-motor-tgp01d-a130-1.webp\" alt=\"Motor de corriente continua tgp01d-a130\" width=\"524\" height=\"539\" title=\"\" srcset=\"https:\/\/fmp-components.com\/wp-content\/uploads\/2025\/01\/DC-motor-tgp01d-a130-1.webp 524w, https:\/\/fmp-components.com\/wp-content\/uploads\/2025\/01\/DC-motor-tgp01d-a130-1-480x494.webp 480w\" sizes=\"(min-width: 0px) and (max-width: 480px) 480px, (min-width: 481px) 524px, 100vw\" \/><\/p>\n<h2>Especificaci\u00f3n<\/h2>\n<table style=\"width: 100%;\" border=\"1\" width=\"100%\" cellspacing=\"0\" cellpadding=\"0\">\n<tbody>\n<tr>\n<th>Tipo de motor<\/th>\n<td>Motorreductor de CC de tama\u00f1o peque\u00f1o<\/td>\n<\/tr>\n<tr>\n<th>Caracter\u00edsticas<\/th>\n<td>Baja velocidad, gran par, bajo ruido<\/td>\n<\/tr>\n<tr>\n<th>Relaciones de reducci\u00f3n<\/th>\n<td>48, 120, 180, 220, 288<\/td>\n<\/tr>\n<tr>\n<th>Aplicaciones<\/th>\n<td>Juguete motorizado, juguete para montar, robot<\/td>\n<\/tr>\n<\/tbody>\n<\/table>\n<h2>Dimensiones del motorreductor (mm)<\/h2>\n<p><img loading=\"lazy\" decoding=\"async\" class=\"alignnone size-full wp-image-3332\" src=\"https:\/\/fmp-components.com\/wp-content\/uploads\/2025\/01\/fmp_1.TGP010-A130-2.webp\" alt=\"fmp_1.TGP010-A130-2\" width=\"922\" height=\"512\" title=\"\" srcset=\"https:\/\/fmp-components.com\/wp-content\/uploads\/2025\/01\/fmp_1.TGP010-A130-2.webp 922w, https:\/\/fmp-components.com\/wp-content\/uploads\/2025\/01\/fmp_1.TGP010-A130-2-480x267.webp 480w\" sizes=\"(min-width: 0px) and (max-width: 480px) 480px, (min-width: 481px) 922px, 100vw\" \/><\/p>\n<h2>Datos t\u00e9cnicos del mini motor de CC<\/h2>\n<table style=\"width: 96.6375%; height: 144px;\" border=\"1\">\n<tbody>\n<tr>\n<td>Modelo de motor n.\u00b0<\/td>\n<td>Tensi\u00f3n nominal<br \/>\nVCC<\/td>\n<td>Velocidad sin carga<br \/>\nr\/min<\/td>\n<td>Corriente sin carga<br \/>\nmam\u00e1<\/td>\n<td>Par de p\u00e9rdida<br \/>\ng.cm<\/td>\n<td>Corriente de p\u00e9rdida<br \/>\nA<\/td>\n<\/tr>\n<tr>\n<td>TFE-130RA-12215<\/td>\n<td>6.0<\/td>\n<td>11500<\/td>\n<td>120<\/td>\n<td>20<\/td>\n<td>0.85<\/td>\n<\/tr>\n<tr>\n<td>TFE-130RA-14175<\/td>\n<td>3.0<\/td>\n<td>8000<\/td>\n<td>120<\/td>\n<td>13<\/td>\n<td>0.70<\/td>\n<\/tr>\n<tr>\n<td>TFE-130RA-18100<\/td>\n<td>3.0<\/td>\n<td>11500<\/td>\n<td>250<\/td>\n<td>20<\/td>\n<td>1.80<\/td>\n<\/tr>\n<\/tbody>\n<\/table>\n<h2>Datos t\u00e9cnicos del motorreductor<\/h2>\n<table style=\"width: 96.6375%; height: 120px;\" border=\"1\">\n<tbody>\n<tr style=\"height: 30px;\">\n<th style=\"height: 30px; width: 32.774%; text-align: left;\">Modelo de caja de cambios<\/th>\n<td style=\"height: 30px; width: 66.5548%;\">TGP01D-A130-12215-XXX<\/td>\n<\/tr>\n<tr style=\"height: 30px;\">\n<th style=\"height: 30px; width: 32.774%; text-align: left;\">Relaciones de reducci\u00f3n<\/th>\n<td style=\"height: 30px; width: 66.5548%;\">48, 120, 180, 220, 288<\/td>\n<\/tr>\n<tr style=\"height: 30px;\">\n<th style=\"height: 30px; width: 32.774%; text-align: left;\">Velocidades sin carga (rpm)<\/th>\n<td style=\"height: 30px; width: 66.5548%;\">230, 90, 60, 50, 38<\/td>\n<\/tr>\n<tr style=\"height: 30px;\">\n<th style=\"height: 30px; width: 32.774%; text-align: left;\">Par de tolerancia moment\u00e1neo m\u00e1ximo (kg.cm)<\/th>\n<td style=\"height: 30px; width: 66.5548%;\">0.7, 1.4, 2.0, 2.2, 2.8<\/td>\n<\/tr>\n<\/tbody>\n<\/table>\n<h2>Caja de cambios con motor<\/h2>\n<table style=\"width: 96.6375%; height: 96px;\" border=\"1\">\n<tbody>\n<tr style=\"height: 24px;\">\n<th style=\"height: 24px; text-align: left; width: 38.4787%;\">Modelo de caja de cambios<\/th>\n<td style=\"height: 24px; width: 60.8501%;\">TGP01D-A130-14175-XXX<\/td>\n<\/tr>\n<tr style=\"height: 24px;\">\n<th style=\"height: 24px; text-align: left; width: 38.4787%;\">Relaciones de reducci\u00f3n<\/th>\n<td style=\"height: 24px; width: 60.8501%;\">48, 120, 180, 220, 288<\/td>\n<\/tr>\n<tr style=\"height: 24px;\">\n<th style=\"height: 24px; text-align: left; width: 38.4787%;\">Velocidades sin carga (rpm)<\/th>\n<td style=\"height: 24px; width: 60.8501%;\">150, 60, 40, 33, 25<\/td>\n<\/tr>\n<tr style=\"height: 24px;\">\n<th style=\"height: 24px; text-align: left; width: 38.4787%;\">Par de tolerancia moment\u00e1neo m\u00e1ximo (kg.cm)<\/th>\n<td style=\"height: 24px; width: 60.8501%;\">0.5, 0.9, 1.2, 1.4, 1.8<\/td>\n<\/tr>\n<\/tbody>\n<\/table>\n<table style=\"width: 96.6375%; height: 120px;\" border=\"1\">\n<tbody>\n<tr>\n<th style=\"text-align: left; width: 38.5906%;\">Modelo de caja de cambios<\/th>\n<td style=\"width: 60.7383%;\">TGP01D-A130-18100-XXX<\/td>\n<\/tr>\n<tr>\n<th style=\"text-align: left; width: 38.5906%;\">Relaciones de reducci\u00f3n<\/th>\n<td style=\"width: 60.7383%;\">48, 120, 180, 220, 288<\/td>\n<\/tr>\n<tr>\n<th style=\"text-align: left; width: 38.5906%;\">Velocidades sin carga (rpm)<\/th>\n<td style=\"width: 60.7383%;\">230, 90, 60, 50, 38<\/td>\n<\/tr>\n<tr>\n<th style=\"text-align: left; width: 38.5906%;\">Par de tolerancia moment\u00e1neo m\u00e1ximo (kg.cm)<\/th>\n<td style=\"width: 60.7383%;\">0.7, 1.4, 2.0, 2.2, 2.8<\/td>\n<\/tr>\n<\/tbody>\n<\/table>\n<h2 data-pm-slice=\"0 0 []\">Caracter\u00edsticas del minimotor de CC TGP01D-A130<\/h2>\n<p>El minimotor de CC TGP01D-A130 es un motor compacto y eficiente, dise\u00f1ado para diversas aplicaciones donde las limitaciones de espacio y el rendimiento son factores clave. A continuaci\u00f3n, se presentan sus caracter\u00edsticas m\u00e1s destacadas:<\/p>\n<ol>\n<li><strong>Tama\u00f1o compacto<\/strong>:\n<ul>\n<li>Dise\u00f1ado para adaptarse a espacios peque\u00f1os, lo que lo hace ideal para aplicaciones donde el tama\u00f1o es un factor cr\u00edtico, como dispositivos port\u00e1tiles o maquinaria en miniatura.<\/li>\n<\/ul>\n<\/li>\n<li><strong>Alta eficiencia<\/strong>:\n<ul>\n<li>Dise\u00f1ado para un rendimiento eficiente, garantizando un consumo \u00f3ptimo de energ\u00eda y minimizando la generaci\u00f3n de calor durante el funcionamiento.<\/li>\n<\/ul>\n<\/li>\n<li><strong>Durabilidad<\/strong>:\n<ul>\n<li>Fabricado con materiales de alta calidad, el TGP01D-A130 ofrece durabilidad y confiabilidad duraderas, lo que garantiza una vida \u00fatil prolongada incluso con un uso moderado a intenso.<\/li>\n<\/ul>\n<\/li>\n<li><strong>Bajo consumo de energ\u00eda<\/strong>:\n<ul>\n<li>El motor funciona con requisitos m\u00ednimos de energ\u00eda, lo que lo hace muy eficiente energ\u00e9ticamente y adecuado para dispositivos alimentados por bater\u00eda.<\/li>\n<\/ul>\n<\/li>\n<li><strong>Funcionamiento suave y silencioso<\/strong>:\n<ul>\n<li>Dise\u00f1ado para funcionar de manera suave y silenciosa, lo que lo hace ideal para aplicaciones que requieren bajos niveles de ruido, como en dispositivos m\u00e9dicos, juguetes y productos electr\u00f3nicos peque\u00f1os.<\/li>\n<\/ul>\n<\/li>\n<\/ol>\n<p>En resumen, el mini motor de CC TGP01D-A130 es una soluci\u00f3n vers\u00e1til, duradera y eficiente para aplicaciones donde el tama\u00f1o, la eficiencia energ\u00e9tica y la confiabilidad son esenciales.<\/p>\n<p><img loading=\"lazy\" decoding=\"async\" class=\"alignnone size-full wp-image-3336\" src=\"https:\/\/fmp-components.com\/wp-content\/uploads\/2025\/01\/DC-motor-tgp01d-a130-product.webp\" alt=\"Motor de corriente continua tgp01d-a130\" width=\"1071\" height=\"742\" title=\"\" srcset=\"https:\/\/fmp-components.com\/wp-content\/uploads\/2025\/01\/DC-motor-tgp01d-a130-product.webp 1071w, https:\/\/fmp-components.com\/wp-content\/uploads\/2025\/01\/DC-motor-tgp01d-a130-product-980x679.webp 980w, https:\/\/fmp-components.com\/wp-content\/uploads\/2025\/01\/DC-motor-tgp01d-a130-product-480x333.webp 480w\" sizes=\"(min-width: 0px) and (max-width: 480px) 480px, (min-width: 481px) and (max-width: 980px) 980px, (min-width: 981px) 1071px, 100vw\" \/><\/p>\n<h2>Acerca de FMP<\/h2>\n<p>FMP es un fabricante l\u00edder especializado en el dise\u00f1o, desarrollo y producci\u00f3n de cajas de engranajes de alta precisi\u00f3n, cilindros hidr\u00e1ulicos, motores, ejes de toma de fuerza, micromotores y una amplia variedad de otros componentes esenciales. Gracias a la dedicaci\u00f3n continua y el trabajo duro de todo nuestro equipo, nos hemos posicionado como uno de los l\u00edderes de la industria. Nuestros productos se exportan a nivel mundial, con una s\u00f3lida presencia en Europa, Norteam\u00e9rica, el Sudeste Asi\u00e1tico y otras regiones. Nos hemos ganado una reputaci\u00f3n por nuestra excepcional calidad y nuestros productos son altamente elogiados por clientes de todo el mundo.<\/p>\n<p>En FMP, contamos con talleres de producci\u00f3n a gran escala, edificios de oficinas y residencias para empleados. Tambi\u00e9n contamos con equipos avanzados de I+D, producci\u00f3n y pruebas. Nuestro departamento profesional de ingenier\u00eda de productos, fabricaci\u00f3n de moldes y centro de ensamblaje nos permiten ofrecer soluciones totalmente personalizadas, adaptadas a las necesidades espec\u00edficas de nuestros clientes. Con una s\u00f3lida base t\u00e9cnica, procesos de producci\u00f3n eficientes y un s\u00f3lido sistema de gesti\u00f3n, FMP se distingue por ofrecer productos que cumplen con los m\u00e1s altos est\u00e1ndares.<\/p>\n<p>Nuestro compromiso con la calidad se refleja en cada detalle de nuestras operaciones, desde la selecci\u00f3n de materiales, el dise\u00f1o y la producci\u00f3n, hasta la entrega y la retroalimentaci\u00f3n de los clientes. Priorizamos la satisfacci\u00f3n del cliente y nos esforzamos por brindar un servicio excelente en cada etapa del proceso. FMP no busca ganancias excesivas, sino que se centra en establecer y mantener relaciones a largo plazo y mutuamente beneficiosas con nuestros clientes.<\/p>\n<p>Siempre estamos abiertos a la colaboraci\u00f3n y esperamos construir un futuro prometedor junto con nuestros socios. Nuestras soluciones personalizadas est\u00e1n dise\u00f1adas para satisfacer las necesidades cambiantes de nuestros clientes, garantizando que cada proyecto reciba la m\u00e1xima atenci\u00f3n y experiencia. Ya sea que necesite productos est\u00e1ndar o soluciones a medida, en FMP nos comprometemos a apoyar su \u00e9xito.<\/p>\n<p><img loading=\"lazy\" decoding=\"async\" class=\"alignnone size-full wp-image-3335\" src=\"https:\/\/fmp-components.com\/wp-content\/uploads\/2025\/01\/DC-motor-tgp01d-a130-product-1.webp\" alt=\"Motor de corriente continua tgp01d-a130\" width=\"883\" height=\"574\" title=\"\" srcset=\"https:\/\/fmp-components.com\/wp-content\/uploads\/2025\/01\/DC-motor-tgp01d-a130-product-1.webp 883w, https:\/\/fmp-components.com\/wp-content\/uploads\/2025\/01\/DC-motor-tgp01d-a130-product-1-480x312.webp 480w\" sizes=\"(min-width: 0px) and (max-width: 480px) 480px, (min-width: 481px) 883px, 100vw\" \/><\/p>\n<p>Autor: CX<\/p>","protected":false},"excerpt":{"rendered":"<p>Specification Motor Type Small Size DC Gear Motor Characteristics Low Speed, Big Torque, Low Noise Reduction Ratios 48, 120, 180, 220, 288 Applications Motorized Toy, Ride-on Toy, Robot Gear motor dimension (mm) Mini DC Motor Technical Data Motor model No Rated voltage VDC No-load speed r\/min No-load current mA Stall torque g.cm Stall current A [&hellip;]<\/p>","protected":false},"featured_media":3337,"comment_status":"open","ping_status":"closed","template":"","meta":{"_et_pb_use_builder":"","_et_pb_old_content":"","_et_gb_content_width":""},"product_brand":[],"product_cat":[85],"product_tag":[],"class_list":{"0":"post-3331","1":"product","2":"type-product","3":"status-publish","4":"has-post-thumbnail","6":"product_cat-dc-motors","8":"first","9":"instock","10":"shipping-taxable","11":"product-type-simple"},"_links":{"self":[{"href":"https:\/\/fmp-components.com\/es\/wp-json\/wp\/v2\/product\/3331","targetHints":{"allow":["GET"]}}],"collection":[{"href":"https:\/\/fmp-components.com\/es\/wp-json\/wp\/v2\/product"}],"about":[{"href":"https:\/\/fmp-components.com\/es\/wp-json\/wp\/v2\/types\/product"}],"replies":[{"embeddable":true,"href":"https:\/\/fmp-components.com\/es\/wp-json\/wp\/v2\/comments?post=3331"}],"wp:featuredmedia":[{"embeddable":true,"href":"https:\/\/fmp-components.com\/es\/wp-json\/wp\/v2\/media\/3337"}],"wp:attachment":[{"href":"https:\/\/fmp-components.com\/es\/wp-json\/wp\/v2\/media?parent=3331"}],"wp:term":[{"taxonomy":"product_brand","embeddable":true,"href":"https:\/\/fmp-components.com\/es\/wp-json\/wp\/v2\/product_brand?post=3331"},{"taxonomy":"product_cat","embeddable":true,"href":"https:\/\/fmp-components.com\/es\/wp-json\/wp\/v2\/product_cat?post=3331"},{"taxonomy":"product_tag","embeddable":true,"href":"https:\/\/fmp-components.com\/es\/wp-json\/wp\/v2\/product_tag?post=3331"}],"curies":[{"name":"gracias","href":"https:\/\/api.w.org\/{rel}","templated":true}]}}